{"id":972,"date":"2023-12-31T15:10:49","date_gmt":"2023-12-31T15:10:49","guid":{"rendered":"https:\/\/uk-gb.net\/?page_id=972"},"modified":"2026-03-02T14:07:47","modified_gmt":"2026-03-02T14:07:47","slug":"visa-angleterre-depuis-la-france","status":"publish","type":"page","link":"https:\/\/uk-gb.net\/fr\/visa-angleterre-depuis-la-france\/","title":{"rendered":"Visa pour l\u2019Angleterre depuis la France"},"content":{"rendered":"\n<h1 class=\"wp-block-heading\">Formalit\u00e9s pour voyager en Angleterre depuis la France<\/h1>\n\n\n\n<h2 class=\"wp-block-heading\">Est ce qu\u2019un citoyen fran\u00e7ais a besoin d\u2019un visa pour voyager en Angleterre ?<\/h2>\n\n\n\n<p><strong>Un citoyen fran\u00e7ais n\u2019a pas besoin de visa pour l\u2019Angleterre pour un s\u00e9jour de moins de 6 mois<\/strong>\u00a0gr\u00e2ce au programme d\u2019exemption de visa britannique. Il lui suffit d\u2019effectuer une demande d\u2019autorisation de voyage \u00e9lectronique en compl\u00e9tant le\u00a0<a href=\"https:\/\/uk-gb.net\/fr\/formulaire-en-ligne-eta-visa-angleterre\/\">formulaire eTA UK en ligne<\/a>.<\/p>\n\n\n\n<div style=\"height:20px\" aria-hidden=\"true\" class=\"wp-block-spacer\"><\/div>\n\n\n\n<h2 class=\"wp-block-heading\">Est-ce qu\u2019un \u00e9tranger r\u00e9sidant en France a besoin d\u2019un visa pour l\u2019Angleterre ?<\/h2>\n\n\n\n<p>Les formalit\u00e9s n\u00e9cessaires pour pouvoir entrer au Royaume Uni d\u00e9pendent de la nationalit\u00e9 du voyageur :<\/p>\n\n\n\n<ul class=\"wp-block-list\">\n<li>Si le r\u00e9sidant \u00e9tranger en France est citoyen d\u2019un&nbsp;<a href=\"https:\/\/uk-gb.net\/fr\/pays-qui-peuvent-demander-eta-royaume-uni\/\">pays b\u00e9n\u00e9ficiant du programme d\u2019exemption de visa<\/a>, il peut demander un <a href=\"https:\/\/uk-gb.net\/fr\/eta-angleterre-royaume-uni\/\">ETA Royaume Uni<\/a>&nbsp;pour un s\u00e9jour de moins de 6 mois.<\/li>\n\n\n\n<li>Sinon, il devra obtenir un <a href=\"https:\/\/uk-gb.net\/fr\/differents-types-visas-britanniques\/\">visa pour voyager en Angleterre<\/a>.<\/li>\n<\/ul>\n\n\n\n<p>Un \u00e9tranger r\u00e9sidant en France peut donc obtenir un ETA si son pays d\u2019origine b\u00e9n\u00e9ficie de l\u2019exemption de visa britannique.<\/p>\n\n\n\n<h2 class=\"wp-block-heading\">Comment faire une demande de visa pour l\u2019Angleterre depuis la France ?<\/h2>\n\n\n\n<p>Pour obtenir un visa pour le Royaume Uni, vous devez compl\u00e9ter le&nbsp;formulaire en ligne sur le site web de l\u2019agence britannique des fronti\u00e8res. Le processus s\u2019effectue en plusieurs \u00e9tapes et se d\u00e9roule enti\u00e8rement en ligne.<\/p>\n\n\n\n<p>Le processus d\u2019obtention et les&nbsp;<a href=\"https:\/\/uk-gb.net\/fr\/combien-coute-visa-angleterre\/\">frais \u00e0 payer pour le visa<\/a>&nbsp;d\u00e9pendent du motif de votre s\u00e9jour au Royaume Uni.<\/p>\n\n\n\n<h3 class=\"wp-block-heading\">Comment faire une demande de visa touristique pour l\u2019Angleterre en France ?<\/h3>\n\n\n\n<p>Si votre s\u00e9jour touristique dure plus de 6 mois au Royaume Uni, vous devez effectuer un demande de&nbsp;<a href=\"https:\/\/uk-gb.net\/fr\/visa-touristique-angleterre-royaume-uni\/\">visa touristique britannique<\/a>. Votre demande sera trait\u00e9e par les services de l\u2019<a href=\"https:\/\/uk-gb.net\/fr\/ambassade-angleterre-royaume-uni-en-france\/\">ambassade britannique<\/a>.<\/p>\n\n\n\n<h3 class=\"wp-block-heading\">Comment obtenir un visa de travail pour l\u2019Angleterre pour un fran\u00e7ais ?<\/h3>\n\n\n\n<p>Pour obtenir un&nbsp;visa de travail pour le Royaume Uni, vous devez au pr\u00e9alable obtenir une offre d\u2019emploi d\u2019une entreprise britannique. Cette entreprise devra ensuite obtenir une certification de votre mission et parrainer votre visa pour le Royaume Uni.<\/p>\n\n\n\n<h3 class=\"wp-block-heading\">Comment obtenir un rendez-vous pour un visa britannique ?<\/h3>\n\n\n\n<p>Si votre dossier n\u00e9cessite un processus diff\u00e9rent, vous pouvez dans certain cas obtenir un&nbsp;<a href=\"https:\/\/uk-gb.net\/fr\/rendez-vous-visa-ambassade-angleterre\/\">rendez-vous \u00e0 l\u2019ambassade d\u2019Angleterre<\/a>.<\/p>\n\n\n\n<p><\/p>\n","protected":false},"excerpt":{"rendered":"<p>Formalit\u00e9s pour voyager en Angleterre depuis la France Est ce qu\u2019un citoyen fran\u00e7ais a besoin d\u2019un visa pour voyager en Angleterre ? Un citoyen fran\u00e7ais n\u2019a pas besoin de visa pour l\u2019Angleterre pour un s\u00e9jour de moins de 6 mois\u00a0gr\u00e2ce au programme d\u2019exemption de visa britannique. Il lui suffit d\u2019effectuer une demande d\u2019autorisation de voyage [&hellip;]<\/p>\n","protected":false},"author":1,"featured_media":0,"parent":0,"menu_order":0,"comment_status":"closed","ping_status":"closed","template":"","meta":{"footnotes":""},"class_list":["post-972","page","type-page","status-publish","hentry"],"yoast_head":"<!-- This site is optimized with the Yoast SEO plugin v27.4 - https:\/\/yoast.com\/product\/yoast-seo-wordpress\/ -->\n<title>Visa pour l\u2019Angleterre depuis la France - UK GB<\/title>\n<meta name=\"description\" content=\"Comment obtenir en ligne un visa pour voyager au Royaume Uni depuis la France en quelques minutes avec son passeport\" \/>\n<meta name=\"robots\" content=\"index, follow, max-snippet:-1, max-image-preview:large, max-video-preview:-1\" \/>\n<link rel=\"canonical\" href=\"https:\/\/uk-gb.net\/fr\/visa-angleterre-depuis-la-france\/\" \/>\n<meta property=\"og:locale\" content=\"fr_FR\" \/>\n<meta property=\"og:type\" content=\"article\" \/>\n<meta property=\"og:title\" content=\"Visa pour l\u2019Angleterre depuis la France - UK GB\" \/>\n<meta property=\"og:description\" content=\"Comment obtenir en ligne un visa pour voyager au Royaume Uni depuis la France en quelques minutes avec son passeport\" \/>\n<meta property=\"og:url\" content=\"https:\/\/uk-gb.net\/fr\/visa-angleterre-depuis-la-france\/\" \/>\n<meta property=\"og:site_name\" content=\"UK GB\" \/>\n<meta property=\"article:modified_time\" content=\"2026-03-02T14:07:47+00:00\" \/>\n<meta name=\"twitter:card\" content=\"summary_large_image\" \/>\n<meta name=\"twitter:label1\" content=\"Dur\u00e9e de lecture estim\u00e9e\" \/>\n\t<meta name=\"twitter:data1\" content=\"2 minutes\" \/>\n<script type=\"application\/ld+json\" class=\"yoast-schema-graph\">{\"@context\":\"https:\\\/\\\/schema.org\",\"@graph\":[{\"@type\":\"WebPage\",\"@id\":\"https:\\\/\\\/uk-gb.net\\\/fr\\\/visa-angleterre-depuis-la-france\\\/\",\"url\":\"https:\\\/\\\/uk-gb.net\\\/fr\\\/visa-angleterre-depuis-la-france\\\/\",\"name\":\"Visa pour l\u2019Angleterre depuis la France - UK GB\",\"isPartOf\":{\"@id\":\"https:\\\/\\\/uk-gb.net\\\/fr\\\/#website\"},\"datePublished\":\"2023-12-31T15:10:49+00:00\",\"dateModified\":\"2026-03-02T14:07:47+00:00\",\"description\":\"Comment obtenir en ligne un visa pour voyager au Royaume Uni depuis la France en quelques minutes avec son passeport\",\"inLanguage\":\"fr-FR\",\"potentialAction\":[{\"@type\":\"ReadAction\",\"target\":[\"https:\\\/\\\/uk-gb.net\\\/fr\\\/visa-angleterre-depuis-la-france\\\/\"]}]},{\"@type\":\"WebSite\",\"@id\":\"https:\\\/\\\/uk-gb.net\\\/fr\\\/#website\",\"url\":\"https:\\\/\\\/uk-gb.net\\\/fr\\\/\",\"name\":\"UK GB\",\"description\":\"Travel to the UK\",\"potentialAction\":[{\"@type\":\"SearchAction\",\"target\":{\"@type\":\"EntryPoint\",\"urlTemplate\":\"https:\\\/\\\/uk-gb.net\\\/fr\\\/?s={search_term_string}\"},\"query-input\":{\"@type\":\"PropertyValueSpecification\",\"valueRequired\":true,\"valueName\":\"search_term_string\"}}],\"inLanguage\":\"fr-FR\"}]}<\/script>\n<!-- \/ Yoast SEO plugin. -->","yoast_head_json":{"title":"Visa pour l\u2019Angleterre depuis la France - UK GB","description":"Comment obtenir en ligne un visa pour voyager au Royaume Uni depuis la France en quelques minutes avec son passeport","robots":{"index":"index","follow":"follow","max-snippet":"max-snippet:-1","max-image-preview":"max-image-preview:large","max-video-preview":"max-video-preview:-1"},"canonical":"https:\/\/uk-gb.net\/fr\/visa-angleterre-depuis-la-france\/","og_locale":"fr_FR","og_type":"article","og_title":"Visa pour l\u2019Angleterre depuis la France - UK GB","og_description":"Comment obtenir en ligne un visa pour voyager au Royaume Uni depuis la France en quelques minutes avec son passeport","og_url":"https:\/\/uk-gb.net\/fr\/visa-angleterre-depuis-la-france\/","og_site_name":"UK GB","article_modified_time":"2026-03-02T14:07:47+00:00","twitter_card":"summary_large_image","twitter_misc":{"Dur\u00e9e de lecture estim\u00e9e":"2 minutes"},"schema":{"@context":"https:\/\/schema.org","@graph":[{"@type":"WebPage","@id":"https:\/\/uk-gb.net\/fr\/visa-angleterre-depuis-la-france\/","url":"https:\/\/uk-gb.net\/fr\/visa-angleterre-depuis-la-france\/","name":"Visa pour l\u2019Angleterre depuis la France - UK GB","isPartOf":{"@id":"https:\/\/uk-gb.net\/fr\/#website"},"datePublished":"2023-12-31T15:10:49+00:00","dateModified":"2026-03-02T14:07:47+00:00","description":"Comment obtenir en ligne un visa pour voyager au Royaume Uni depuis la France en quelques minutes avec son passeport","inLanguage":"fr-FR","potentialAction":[{"@type":"ReadAction","target":["https:\/\/uk-gb.net\/fr\/visa-angleterre-depuis-la-france\/"]}]},{"@type":"WebSite","@id":"https:\/\/uk-gb.net\/fr\/#website","url":"https:\/\/uk-gb.net\/fr\/","name":"UK GB","description":"Travel to the UK","potentialAction":[{"@type":"SearchAction","target":{"@type":"EntryPoint","urlTemplate":"https:\/\/uk-gb.net\/fr\/?s={search_term_string}"},"query-input":{"@type":"PropertyValueSpecification","valueRequired":true,"valueName":"search_term_string"}}],"inLanguage":"fr-FR"}]}},"_links":{"self":[{"href":"https:\/\/uk-gb.net\/fr\/wp-json\/wp\/v2\/pages\/972","targetHints":{"allow":["GET"]}}],"collection":[{"href":"https:\/\/uk-gb.net\/fr\/wp-json\/wp\/v2\/pages"}],"about":[{"href":"https:\/\/uk-gb.net\/fr\/wp-json\/wp\/v2\/types\/page"}],"author":[{"embeddable":true,"href":"https:\/\/uk-gb.net\/fr\/wp-json\/wp\/v2\/users\/1"}],"replies":[{"embeddable":true,"href":"https:\/\/uk-gb.net\/fr\/wp-json\/wp\/v2\/comments?post=972"}],"version-history":[{"count":0,"href":"https:\/\/uk-gb.net\/fr\/wp-json\/wp\/v2\/pages\/972\/revisions"}],"wp:attachment":[{"href":"https:\/\/uk-gb.net\/fr\/wp-json\/wp\/v2\/media?parent=972"}],"curies":[{"name":"wp","href":"https:\/\/api.w.org\/{rel}","templated":true}]}}