{"id":771,"date":"2023-12-19T19:58:55","date_gmt":"2023-12-19T19:58:55","guid":{"rendered":"https:\/\/uk-gb.net\/?page_id=771"},"modified":"2025-06-05T16:23:24","modified_gmt":"2025-06-05T15:23:24","slug":"pays-qui-peuvent-demander-eta-royaume-uni","status":"publish","type":"page","link":"https:\/\/uk-gb.net\/fr\/pays-qui-peuvent-demander-eta-royaume-uni\/","title":{"rendered":"Pays \u00e9ligibles \u00e0 l&rsquo;ETA pour le Royaume Uni"},"content":{"rendered":"\n<h1 class=\"wp-block-heading\">Quels sont les pays dont les ressortissants peuvent obtenir une ETA Royaume Uni<\/h1>\n\n\n\n<p>Voici la liste des pays dont les ressortissants sont \u00e9ligibles \u00e0 l&rsquo;ETA pour se rendre au Royaume-Uni, accompagn\u00e9e des dates cl\u00e9s de mise en \u0153uvre du programme :<\/p>\n\n\n\n<figure class=\"wp-block-table\"><table><tbody><tr><td><strong>Pays \u00e9ligibles \u00e0 l&rsquo;ETA et dates d&rsquo;application<\/strong><\/td><td><strong>Date de d\u00e9but de l&rsquo;obligation de poss\u00e9der une ETA pour voyager<\/strong><\/td><\/tr><tr><td>Qatar<\/td><td>15 Novembre 2023<\/td><\/tr><tr><td>Arabie Saoudite, Bahre\u00efn, Emirats Arabes Unis, Kowe\u00eft, Oman<\/td><td>22 F\u00e9vrier 2024<\/td><\/tr><tr><td>Antigua-et-Barbuda, Argentine, Australie, Bahamas, Barbade, Belize, Botswana, Br\u00e9sil, Brunei, Canada, Chili, Costa Rica, Grenade, Guatemala, Guyana, Hong Kong, Isra\u00ebl, Japon, Kiribati, Macao, Malaisie, Maldives, \u00celes Marshall, Maurice, Mexique, \u00c9tats f\u00e9d\u00e9r\u00e9s de Micron\u00e9sie, Nauru, Nouvelle-Z\u00e9lande, Nicaragua, Palaos, Panama, Papouasie-Nouvelle-Guin\u00e9e, Paraguay, P\u00e9rou, Samoa, Seychelles, Singapour, \u00celes Salomon, Cor\u00e9e du Sud, Saint-Kitts-et-Nevis, Sainte-Lucie, Saint-Vincent-et-les Grenadines, Ta\u00efwan, Tonga, Trinit\u00e9-et-Tobago, Tuvalu, \u00c9tats-Unis, Uruguay.<\/td><td>8 janvier 2025<\/td><\/tr><tr><td><strong>Pays europ\u00e9ens<\/strong> : Andorre, Autriche, Belgique, Bulgarie, Croatie, Chypre, Tch\u00e9quie, Danemark, Estonie, Finlande, France, Allemagne, Gr\u00e8ce, Hongrie, Islande, Italie, Lettonie, Liechtenstein, Lituanie, Luxembourg, Malte, Monaco, Pays-Bas, Norv\u00e8ge, Pologne, Portugal, Roumanie, Saint-Marin, Slovaquie, Slov\u00e9nie, Espagne, Su\u00e8de, Suisse, Vatican.<\/td><td>2 avril 2025<\/td><\/tr><\/tbody><\/table><figcaption class=\"wp-element-caption\">Liste des pays autoris\u00e9s \u00e0 demander une ETA pour le Royaume Uni<\/figcaption><\/figure>\n\n\n\n<p>Les ressortissants europ\u00e9ens doivent donc voyager avec une ETA Britannique depuis le 2 avril 2025. Ils doivent faire la <a href=\"https:\/\/uk-gb.net\/fr\/formulaire-en-ligne-eta-visa-angleterre\/\">demande d&rsquo;une ETA britannique en ligne<\/a>.<\/p>\n\n\n\n<h2 class=\"wp-block-heading\">Exemptions \u00e0 l&rsquo;ETA<\/h2>\n\n\n\n<p>Les personnes suivantes n&rsquo;ont pas besoin de demander une ETA :<\/p>\n\n\n\n<ul class=\"wp-block-list\">\n<li>Citoyens britanniques ou irlandais<\/li>\n\n\n\n<li>Titulaire d&rsquo;un visa britannique valide<\/li>\n\n\n\n<li>R\u00e9sidents permanents ou temporaires au Royaume-Uni (statut \u00ab\u00a0settled\u00a0\u00bb ou \u00ab\u00a0pre-settled\u00a0\u00bb)<\/li>\n\n\n\n<li>R\u00e9sidents l\u00e9gaux en Irlande voyageant depuis l&rsquo;Irlande ou les \u00eeles anglo-normandes<\/li>\n\n\n\n<li>Enfants de moins de 18 ans participant \u00e0 un voyage scolaire organis\u00e9 (sous certaines conditions)<\/li>\n<\/ul>\n","protected":false},"excerpt":{"rendered":"<p>Quels sont les pays dont les ressortissants peuvent obtenir une ETA Royaume Uni Voici la liste des pays dont les ressortissants sont \u00e9ligibles \u00e0 l&rsquo;ETA pour se rendre au Royaume-Uni, accompagn\u00e9e des dates cl\u00e9s de mise en \u0153uvre du programme : Les ressortissants europ\u00e9ens doivent donc voyager avec une ETA Britannique depuis le 2 avril [&hellip;]<\/p>\n","protected":false},"author":1,"featured_media":0,"parent":0,"menu_order":0,"comment_status":"closed","ping_status":"closed","template":"","meta":{"footnotes":""},"class_list":["post-771","page","type-page","status-publish","hentry"],"yoast_head":"<!-- This site is optimized with the Yoast SEO plugin v27.4 - https:\/\/yoast.com\/product\/yoast-seo-wordpress\/ -->\n<title>Pays \u00e9ligibles \u00e0 l&#039;ETA pour le Royaume Uni - UK GB<\/title>\n<meta name=\"description\" content=\"Voici la liste des pays dont les ressortissants peuvent demander un ETA pour voyager au Royaume Uni sans n\u00e9cessiter un visa\" \/>\n<meta name=\"robots\" content=\"index, follow, max-snippet:-1, max-image-preview:large, max-video-preview:-1\" \/>\n<link rel=\"canonical\" href=\"https:\/\/uk-gb.net\/fr\/pays-qui-peuvent-demander-eta-royaume-uni\/\" \/>\n<meta property=\"og:locale\" content=\"fr_FR\" \/>\n<meta property=\"og:type\" content=\"article\" \/>\n<meta property=\"og:title\" content=\"Pays \u00e9ligibles \u00e0 l&#039;ETA pour le Royaume Uni - UK GB\" \/>\n<meta property=\"og:description\" content=\"Voici la liste des pays dont les ressortissants peuvent demander un ETA pour voyager au Royaume Uni sans n\u00e9cessiter un visa\" \/>\n<meta property=\"og:url\" content=\"https:\/\/uk-gb.net\/fr\/pays-qui-peuvent-demander-eta-royaume-uni\/\" \/>\n<meta property=\"og:site_name\" content=\"UK GB\" \/>\n<meta property=\"article:modified_time\" content=\"2025-06-05T15:23:24+00:00\" \/>\n<meta name=\"twitter:card\" content=\"summary_large_image\" \/>\n<meta name=\"twitter:label1\" content=\"Dur\u00e9e de lecture estim\u00e9e\" \/>\n\t<meta name=\"twitter:data1\" content=\"1 minute\" \/>\n<script type=\"application\/ld+json\" class=\"yoast-schema-graph\">{\"@context\":\"https:\\\/\\\/schema.org\",\"@graph\":[{\"@type\":\"WebPage\",\"@id\":\"https:\\\/\\\/uk-gb.net\\\/fr\\\/pays-qui-peuvent-demander-eta-royaume-uni\\\/\",\"url\":\"https:\\\/\\\/uk-gb.net\\\/fr\\\/pays-qui-peuvent-demander-eta-royaume-uni\\\/\",\"name\":\"Pays \u00e9ligibles \u00e0 l'ETA pour le Royaume Uni - UK GB\",\"isPartOf\":{\"@id\":\"https:\\\/\\\/uk-gb.net\\\/fr\\\/#website\"},\"datePublished\":\"2023-12-19T19:58:55+00:00\",\"dateModified\":\"2025-06-05T15:23:24+00:00\",\"description\":\"Voici la liste des pays dont les ressortissants peuvent demander un ETA pour voyager au Royaume Uni sans n\u00e9cessiter un visa\",\"inLanguage\":\"fr-FR\",\"potentialAction\":[{\"@type\":\"ReadAction\",\"target\":[\"https:\\\/\\\/uk-gb.net\\\/fr\\\/pays-qui-peuvent-demander-eta-royaume-uni\\\/\"]}]},{\"@type\":\"WebSite\",\"@id\":\"https:\\\/\\\/uk-gb.net\\\/fr\\\/#website\",\"url\":\"https:\\\/\\\/uk-gb.net\\\/fr\\\/\",\"name\":\"UK GB\",\"description\":\"Travel to the UK\",\"potentialAction\":[{\"@type\":\"SearchAction\",\"target\":{\"@type\":\"EntryPoint\",\"urlTemplate\":\"https:\\\/\\\/uk-gb.net\\\/fr\\\/?s={search_term_string}\"},\"query-input\":{\"@type\":\"PropertyValueSpecification\",\"valueRequired\":true,\"valueName\":\"search_term_string\"}}],\"inLanguage\":\"fr-FR\"}]}<\/script>\n<!-- \/ Yoast SEO plugin. -->","yoast_head_json":{"title":"Pays \u00e9ligibles \u00e0 l'ETA pour le Royaume Uni - UK GB","description":"Voici la liste des pays dont les ressortissants peuvent demander un ETA pour voyager au Royaume Uni sans n\u00e9cessiter un visa","robots":{"index":"index","follow":"follow","max-snippet":"max-snippet:-1","max-image-preview":"max-image-preview:large","max-video-preview":"max-video-preview:-1"},"canonical":"https:\/\/uk-gb.net\/fr\/pays-qui-peuvent-demander-eta-royaume-uni\/","og_locale":"fr_FR","og_type":"article","og_title":"Pays \u00e9ligibles \u00e0 l'ETA pour le Royaume Uni - UK GB","og_description":"Voici la liste des pays dont les ressortissants peuvent demander un ETA pour voyager au Royaume Uni sans n\u00e9cessiter un visa","og_url":"https:\/\/uk-gb.net\/fr\/pays-qui-peuvent-demander-eta-royaume-uni\/","og_site_name":"UK GB","article_modified_time":"2025-06-05T15:23:24+00:00","twitter_card":"summary_large_image","twitter_misc":{"Dur\u00e9e de lecture estim\u00e9e":"1 minute"},"schema":{"@context":"https:\/\/schema.org","@graph":[{"@type":"WebPage","@id":"https:\/\/uk-gb.net\/fr\/pays-qui-peuvent-demander-eta-royaume-uni\/","url":"https:\/\/uk-gb.net\/fr\/pays-qui-peuvent-demander-eta-royaume-uni\/","name":"Pays \u00e9ligibles \u00e0 l'ETA pour le Royaume Uni - UK GB","isPartOf":{"@id":"https:\/\/uk-gb.net\/fr\/#website"},"datePublished":"2023-12-19T19:58:55+00:00","dateModified":"2025-06-05T15:23:24+00:00","description":"Voici la liste des pays dont les ressortissants peuvent demander un ETA pour voyager au Royaume Uni sans n\u00e9cessiter un visa","inLanguage":"fr-FR","potentialAction":[{"@type":"ReadAction","target":["https:\/\/uk-gb.net\/fr\/pays-qui-peuvent-demander-eta-royaume-uni\/"]}]},{"@type":"WebSite","@id":"https:\/\/uk-gb.net\/fr\/#website","url":"https:\/\/uk-gb.net\/fr\/","name":"UK GB","description":"Travel to the UK","potentialAction":[{"@type":"SearchAction","target":{"@type":"EntryPoint","urlTemplate":"https:\/\/uk-gb.net\/fr\/?s={search_term_string}"},"query-input":{"@type":"PropertyValueSpecification","valueRequired":true,"valueName":"search_term_string"}}],"inLanguage":"fr-FR"}]}},"_links":{"self":[{"href":"https:\/\/uk-gb.net\/fr\/wp-json\/wp\/v2\/pages\/771","targetHints":{"allow":["GET"]}}],"collection":[{"href":"https:\/\/uk-gb.net\/fr\/wp-json\/wp\/v2\/pages"}],"about":[{"href":"https:\/\/uk-gb.net\/fr\/wp-json\/wp\/v2\/types\/page"}],"author":[{"embeddable":true,"href":"https:\/\/uk-gb.net\/fr\/wp-json\/wp\/v2\/users\/1"}],"replies":[{"embeddable":true,"href":"https:\/\/uk-gb.net\/fr\/wp-json\/wp\/v2\/comments?post=771"}],"version-history":[{"count":0,"href":"https:\/\/uk-gb.net\/fr\/wp-json\/wp\/v2\/pages\/771\/revisions"}],"wp:attachment":[{"href":"https:\/\/uk-gb.net\/fr\/wp-json\/wp\/v2\/media?parent=771"}],"curies":[{"name":"wp","href":"https:\/\/api.w.org\/{rel}","templated":true}]}}