{"id":720,"date":"2023-12-19T16:07:33","date_gmt":"2023-12-19T16:07:33","guid":{"rendered":"https:\/\/uk-gb.net\/?page_id=720"},"modified":"2025-11-13T15:20:11","modified_gmt":"2025-11-13T15:20:11","slug":"application-iphone-visa-eta-angleterre","status":"publish","type":"page","link":"https:\/\/uk-gb.net\/fr\/application-iphone-visa-eta-angleterre\/","title":{"rendered":"Application officielle UK ETA"},"content":{"rendered":"\n<h1 class=\"wp-block-heading\">Application ETA Royaume Uni<\/h1>\n\n\n\n<p>Le Royaume Uni a mis en ligne une application mobile d\u00e9di\u00e9e \u00e0 la gestion des demandes <a href=\"https:\/\/uk-gb.net\/fr\/eta-angleterre-royaume-uni\/\">eTA pour le Royaume Uni<\/a>. Cette application digitale offre une solution pratique et efficace aux voyageurs des <a href=\"https:\/\/uk-gb.net\/fr\/pays-qui-peuvent-demander-eta-royaume-uni\/\">pays \u00e9ligibles \u00e0 une eTA pour le Royaume-Uni<\/a>.<\/p>\n\n\n\n<p><strong>Pour obtenir cette autorisation de voyage en quelques minutes<\/strong>, il faut compl\u00e9ter le <a href=\"https:\/\/uk-gb.net\/fr\/formulaire-en-ligne-eta-visa-angleterre\/\">formulaire ETA en ligne<\/a>.<\/p>\n\n\n\n<h2 class=\"wp-block-heading\">Qu\u2019est-ce que l\u2019application UK ETA ?<\/h2>\n\n\n\n<p>L\u2019application a \u00e9t\u00e9 mise en place par le gouvernement britannique pour faciliter la demande d\u2019une ETA pour entrer au Royaume-Uni. Elle s\u2019adresse aux <a href=\"https:\/\/uk-gb.net\/fr\/pays-qui-peuvent-demander-eta-royaume-uni\/\">voyageurs \u00e9ligibles \u00e0 l\u2019exemption de visa<\/a> et souhaitant effectuer un s\u00e9jour de courte dur\u00e9e sur le territoire britannique. Simple d\u2019utilisation et 100 % mobile, cette application a \u00e9t\u00e9 mise en service d\u00e8s 2024.<\/p>\n\n\n\n<h2 class=\"wp-block-heading\">Comment fonctionne l\u2019application UK ETA ?<\/h2>\n\n\n\n<p>L&rsquo;application est t\u00e9l\u00e9chargeable gratuitement sur les stores Android et iOS. Elle permet de soumettre une demande d\u2019autorisation de voyage en quelques minutes. Le voyageur doit :<\/p>\n\n\n\n<ul class=\"wp-block-list\">\n<li>Renseigner ses donn\u00e9es personnelles et ses informations de passeport<\/li>\n\n\n\n<li>R\u00e9pondre \u00e0 un court questionnaire de s\u00e9curit\u00e9<\/li>\n\n\n\n<li>Proc\u00e9der au paiement s\u00e9curis\u00e9 des frais ETA<\/li>\n<\/ul>\n\n\n\n<div style=\"height:10px\" aria-hidden=\"true\" class=\"wp-block-spacer\"><\/div>\n\n\n\n<p>Une fois la demande valid\u00e9e, l\u2019ETA est g\u00e9n\u00e9ralement <strong>d\u00e9livr\u00e9e sous trois jours ouvrables<\/strong> et rattach\u00e9e \u00e9lectroniquement au passeport du voyageur. Aucun document papier n\u2019est requis.<\/p>\n\n\n\n<h2 class=\"wp-block-heading\">Quels sont les avantages de l\u2019application UK ETA ?<\/h2>\n\n\n\n<p>L\u2019application UK ETA offre une d\u00e9marche rapide, intuitive et enti\u00e8rement d\u00e9mat\u00e9rialis\u00e9e. Elle \u00e9vite les longues proc\u00e9dures du <a href=\"https:\/\/uk-gb.net\/fr\/visa-touristique-angleterre-royaume-uni\/\">visa anglais pour les s\u00e9jours touristiques<\/a>. <\/p>\n\n\n\n<p>Les voyageurs peuvent suivre le statut de leur demande en temps r\u00e9el, recevoir des notifications, et conserver une trace num\u00e9rique de leur autorisation de voyage. Elle r\u00e9duit consid\u00e9rablement les d\u00e9lais d\u2019attente et simplifie les <a href=\"https:\/\/uk-gb.net\/fr\/visa-royaume-uni\/\">formalit\u00e9s d\u2019entr\u00e9e au Royaume-Uni<\/a>.<\/p>\n\n\n\n<h2 class=\"wp-block-heading\">Y a-t-il un support client en ligne ?<\/h2>\n\n\n\n<p>L&rsquo;application propose une assistance en ligne pour aider les utilisateurs \u00e0 chaque \u00e9tape du processus. Une FAQ int\u00e9gr\u00e9e r\u00e9pond aux questions les plus fr\u00e9quentes et un chatbot est disponible pour fournir des r\u00e9ponses instantan\u00e9es en temps r\u00e9el.<\/p>\n\n\n\n<p>Ces fonctionnalit\u00e9s font de l&rsquo;application eTA un outil essentiel pour les voyageurs, simplifiant le processus de demande et offrant une exp\u00e9rience utilisateur s\u00e9curis\u00e9e et efficace. Cette d\u00e9marche est beaucoup plus simple qu&rsquo;une <a href=\"https:\/\/uk-gb.net\/fr\/procedure-demande-visa-royaume-uni\/\">proc\u00e9dure de demande de visa pour le Royaume Uni<\/a>.<\/p>\n\n\n\n<h2 class=\"wp-block-heading\">UK eTA App dans l&rsquo;App Store Apple<\/h2>\n\n\n\n<p>Voici l&rsquo;application officielle de l&rsquo;administration britannique pour permettre aux voyageurs d&rsquo;effectuer une demande eTA sur leur mobile.<\/p>\n\n\n\n<figure class=\"wp-block-image size-full\"><img fetchpriority=\"high\" decoding=\"async\" width=\"486\" height=\"822\" src=\"https:\/\/uk-gb.net\/wp-content\/uploads\/2024\/05\/uk-esta-app.jpg\" alt=\"Application Iphone eTA UK\" class=\"wp-image-2351\" srcset=\"https:\/\/uk-gb.net\/wp-content\/uploads\/2024\/05\/uk-esta-app.jpg 486w, https:\/\/uk-gb.net\/wp-content\/uploads\/2024\/05\/uk-esta-app-177x300.jpg 177w\" sizes=\"(max-width: 486px) 100vw, 486px\" \/><figcaption class=\"wp-element-caption\">Image de l&rsquo;application IPhone dans l&rsquo;App Store pour faire une demande eTA UK<\/figcaption><\/figure>\n\n\n\n<p><\/p>\n","protected":false},"excerpt":{"rendered":"<p>Application ETA Royaume Uni Le Royaume Uni a mis en ligne une application mobile d\u00e9di\u00e9e \u00e0 la gestion des demandes eTA pour le Royaume Uni. Cette application digitale offre une solution pratique et efficace aux voyageurs des pays \u00e9ligibles \u00e0 une eTA pour le Royaume-Uni. Pour obtenir cette autorisation de voyage en quelques minutes, il [&hellip;]<\/p>\n","protected":false},"author":1,"featured_media":0,"parent":0,"menu_order":0,"comment_status":"closed","ping_status":"closed","template":"","meta":{"footnotes":""},"class_list":["post-720","page","type-page","status-publish","hentry"],"yoast_head":"<!-- This site is optimized with the Yoast SEO plugin v27.3 - https:\/\/yoast.com\/product\/yoast-seo-wordpress\/ -->\n<title>Application officielle UK ETA - UK GB<\/title>\n<meta name=\"description\" content=\"D\u00e9couvrez l&#039;application IPhone qui permet de g\u00e9rer votre demande eTA pour voyager en Angleterre au Royaume Uni\" \/>\n<meta name=\"robots\" content=\"index, follow, max-snippet:-1, max-image-preview:large, max-video-preview:-1\" \/>\n<link rel=\"canonical\" href=\"https:\/\/uk-gb.net\/fr\/application-iphone-visa-eta-angleterre\/\" \/>\n<meta property=\"og:locale\" content=\"fr_FR\" \/>\n<meta property=\"og:type\" content=\"article\" \/>\n<meta property=\"og:title\" content=\"Application officielle UK ETA - UK GB\" \/>\n<meta property=\"og:description\" content=\"D\u00e9couvrez l&#039;application IPhone qui permet de g\u00e9rer votre demande eTA pour voyager en Angleterre au Royaume Uni\" \/>\n<meta property=\"og:url\" content=\"https:\/\/uk-gb.net\/fr\/application-iphone-visa-eta-angleterre\/\" \/>\n<meta property=\"og:site_name\" content=\"UK GB\" \/>\n<meta property=\"article:modified_time\" content=\"2025-11-13T15:20:11+00:00\" \/>\n<meta property=\"og:image\" content=\"https:\/\/uk-gb.net\/wp-content\/uploads\/2024\/05\/uk-esta-app.jpg\" \/>\n\t<meta property=\"og:image:width\" content=\"486\" \/>\n\t<meta property=\"og:image:height\" content=\"822\" \/>\n\t<meta property=\"og:image:type\" content=\"image\/jpeg\" \/>\n<meta name=\"twitter:card\" content=\"summary_large_image\" \/>\n<meta name=\"twitter:label1\" content=\"Dur\u00e9e de lecture estim\u00e9e\" \/>\n\t<meta name=\"twitter:data1\" content=\"3 minutes\" \/>\n<script type=\"application\/ld+json\" class=\"yoast-schema-graph\">{\"@context\":\"https:\\\/\\\/schema.org\",\"@graph\":[{\"@type\":\"WebPage\",\"@id\":\"https:\\\/\\\/uk-gb.net\\\/fr\\\/application-iphone-visa-eta-angleterre\\\/\",\"url\":\"https:\\\/\\\/uk-gb.net\\\/fr\\\/application-iphone-visa-eta-angleterre\\\/\",\"name\":\"Application officielle UK ETA - UK GB\",\"isPartOf\":{\"@id\":\"https:\\\/\\\/uk-gb.net\\\/fr\\\/#website\"},\"primaryImageOfPage\":{\"@id\":\"https:\\\/\\\/uk-gb.net\\\/fr\\\/application-iphone-visa-eta-angleterre\\\/#primaryimage\"},\"image\":{\"@id\":\"https:\\\/\\\/uk-gb.net\\\/fr\\\/application-iphone-visa-eta-angleterre\\\/#primaryimage\"},\"thumbnailUrl\":\"https:\\\/\\\/uk-gb.net\\\/wp-content\\\/uploads\\\/2024\\\/05\\\/uk-esta-app.jpg\",\"datePublished\":\"2023-12-19T16:07:33+00:00\",\"dateModified\":\"2025-11-13T15:20:11+00:00\",\"description\":\"D\u00e9couvrez l'application IPhone qui permet de g\u00e9rer votre demande eTA pour voyager en Angleterre au Royaume Uni\",\"inLanguage\":\"fr-FR\",\"potentialAction\":[{\"@type\":\"ReadAction\",\"target\":[\"https:\\\/\\\/uk-gb.net\\\/fr\\\/application-iphone-visa-eta-angleterre\\\/\"]}]},{\"@type\":\"ImageObject\",\"inLanguage\":\"fr-FR\",\"@id\":\"https:\\\/\\\/uk-gb.net\\\/fr\\\/application-iphone-visa-eta-angleterre\\\/#primaryimage\",\"url\":\"https:\\\/\\\/uk-gb.net\\\/wp-content\\\/uploads\\\/2024\\\/05\\\/uk-esta-app.jpg\",\"contentUrl\":\"https:\\\/\\\/uk-gb.net\\\/wp-content\\\/uploads\\\/2024\\\/05\\\/uk-esta-app.jpg\"},{\"@type\":\"WebSite\",\"@id\":\"https:\\\/\\\/uk-gb.net\\\/fr\\\/#website\",\"url\":\"https:\\\/\\\/uk-gb.net\\\/fr\\\/\",\"name\":\"UK GB\",\"description\":\"Travel to the UK\",\"potentialAction\":[{\"@type\":\"SearchAction\",\"target\":{\"@type\":\"EntryPoint\",\"urlTemplate\":\"https:\\\/\\\/uk-gb.net\\\/fr\\\/?s={search_term_string}\"},\"query-input\":{\"@type\":\"PropertyValueSpecification\",\"valueRequired\":true,\"valueName\":\"search_term_string\"}}],\"inLanguage\":\"fr-FR\"}]}<\/script>\n<!-- \/ Yoast SEO plugin. -->","yoast_head_json":{"title":"Application officielle UK ETA - UK GB","description":"D\u00e9couvrez l'application IPhone qui permet de g\u00e9rer votre demande eTA pour voyager en Angleterre au Royaume Uni","robots":{"index":"index","follow":"follow","max-snippet":"max-snippet:-1","max-image-preview":"max-image-preview:large","max-video-preview":"max-video-preview:-1"},"canonical":"https:\/\/uk-gb.net\/fr\/application-iphone-visa-eta-angleterre\/","og_locale":"fr_FR","og_type":"article","og_title":"Application officielle UK ETA - UK GB","og_description":"D\u00e9couvrez l'application IPhone qui permet de g\u00e9rer votre demande eTA pour voyager en Angleterre au Royaume Uni","og_url":"https:\/\/uk-gb.net\/fr\/application-iphone-visa-eta-angleterre\/","og_site_name":"UK GB","article_modified_time":"2025-11-13T15:20:11+00:00","og_image":[{"width":486,"height":822,"url":"https:\/\/uk-gb.net\/wp-content\/uploads\/2024\/05\/uk-esta-app.jpg","type":"image\/jpeg"}],"twitter_card":"summary_large_image","twitter_misc":{"Dur\u00e9e de lecture estim\u00e9e":"3 minutes"},"schema":{"@context":"https:\/\/schema.org","@graph":[{"@type":"WebPage","@id":"https:\/\/uk-gb.net\/fr\/application-iphone-visa-eta-angleterre\/","url":"https:\/\/uk-gb.net\/fr\/application-iphone-visa-eta-angleterre\/","name":"Application officielle UK ETA - UK GB","isPartOf":{"@id":"https:\/\/uk-gb.net\/fr\/#website"},"primaryImageOfPage":{"@id":"https:\/\/uk-gb.net\/fr\/application-iphone-visa-eta-angleterre\/#primaryimage"},"image":{"@id":"https:\/\/uk-gb.net\/fr\/application-iphone-visa-eta-angleterre\/#primaryimage"},"thumbnailUrl":"https:\/\/uk-gb.net\/wp-content\/uploads\/2024\/05\/uk-esta-app.jpg","datePublished":"2023-12-19T16:07:33+00:00","dateModified":"2025-11-13T15:20:11+00:00","description":"D\u00e9couvrez l'application IPhone qui permet de g\u00e9rer votre demande eTA pour voyager en Angleterre au Royaume Uni","inLanguage":"fr-FR","potentialAction":[{"@type":"ReadAction","target":["https:\/\/uk-gb.net\/fr\/application-iphone-visa-eta-angleterre\/"]}]},{"@type":"ImageObject","inLanguage":"fr-FR","@id":"https:\/\/uk-gb.net\/fr\/application-iphone-visa-eta-angleterre\/#primaryimage","url":"https:\/\/uk-gb.net\/wp-content\/uploads\/2024\/05\/uk-esta-app.jpg","contentUrl":"https:\/\/uk-gb.net\/wp-content\/uploads\/2024\/05\/uk-esta-app.jpg"},{"@type":"WebSite","@id":"https:\/\/uk-gb.net\/fr\/#website","url":"https:\/\/uk-gb.net\/fr\/","name":"UK GB","description":"Travel to the UK","potentialAction":[{"@type":"SearchAction","target":{"@type":"EntryPoint","urlTemplate":"https:\/\/uk-gb.net\/fr\/?s={search_term_string}"},"query-input":{"@type":"PropertyValueSpecification","valueRequired":true,"valueName":"search_term_string"}}],"inLanguage":"fr-FR"}]}},"_links":{"self":[{"href":"https:\/\/uk-gb.net\/fr\/wp-json\/wp\/v2\/pages\/720","targetHints":{"allow":["GET"]}}],"collection":[{"href":"https:\/\/uk-gb.net\/fr\/wp-json\/wp\/v2\/pages"}],"about":[{"href":"https:\/\/uk-gb.net\/fr\/wp-json\/wp\/v2\/types\/page"}],"author":[{"embeddable":true,"href":"https:\/\/uk-gb.net\/fr\/wp-json\/wp\/v2\/users\/1"}],"replies":[{"embeddable":true,"href":"https:\/\/uk-gb.net\/fr\/wp-json\/wp\/v2\/comments?post=720"}],"version-history":[{"count":0,"href":"https:\/\/uk-gb.net\/fr\/wp-json\/wp\/v2\/pages\/720\/revisions"}],"wp:attachment":[{"href":"https:\/\/uk-gb.net\/fr\/wp-json\/wp\/v2\/media?parent=720"}],"curies":[{"name":"wp","href":"https:\/\/api.w.org\/{rel}","templated":true}]}}