{"id":717,"date":"2023-12-19T16:05:55","date_gmt":"2023-12-19T16:05:55","guid":{"rendered":"https:\/\/uk-gb.net\/?page_id=717"},"modified":"2025-11-13T15:20:34","modified_gmt":"2025-11-13T15:20:34","slug":"visa-angleterre-depart-arabie-saoudite","status":"publish","type":"page","link":"https:\/\/uk-gb.net\/fr\/visa-angleterre-depart-arabie-saoudite\/","title":{"rendered":"Visa pour le Royaume Uni depuis l&rsquo;Arabie Saoudite"},"content":{"rendered":"\n<h1 class=\"wp-block-heading\">Visa de voyage pour le Royaume Uni pour les ressortissants de l&rsquo;Arabie Saoudite<\/h1>\n\n\n\n<p>Vous \u00eates citoyen ou r\u00e9sident d\u2019Arabie Saoudite et souhaitez voyager au Royaume-Uni ? D\u00e9couvrez les formalit\u00e9s \u00e0 respecter, le syst\u00e8me ETA, les types de visa disponibles et les \u00e9tapes pour soumettre votre demande.<\/p>\n\n\n\n<h2 class=\"wp-block-heading\">Faut-il un visa pour voyager de l\u2019Arabie Saoudite vers le Royaume-Uni ?<\/h2>\n\n\n\n<p>Depuis le <strong>22 f\u00e9vrier 2024<\/strong>, les ressortissants saoudiens n\u2019ont plus besoin de <a href=\"https:\/\/uk-gb.net\/fr\/visa-touristique-angleterre-royaume-uni\/\">visa touristique britannique<\/a> pour voyager au Royaume-Uni. Les citoyens saoudiens peuvent obtenir une autorisation de voyage \u00e9lectronique qui permet de s\u00e9journer au Royaume-Uni  pour une dur\u00e9e maximale de <strong>6 mois<\/strong>.<\/p>\n\n\n\n<p><strong>Pour obtenir cette autorisation de voyage en quelques minutes<\/strong>, il faut compl\u00e9ter le <a href=\"https:\/\/uk-gb.net\/fr\/formulaire-en-ligne-eta-visa-angleterre\/\">formulaire ETA en ligne<\/a>.<\/p>\n\n\n\n<div style=\"height:10px\" aria-hidden=\"true\" class=\"wp-block-spacer\"><\/div>\n\n\n\n<p>Cette autorisation de voyage \u00e9lectronique permet de s\u00e9journer au Royaume-Uni dans le cadre :<\/p>\n\n\n\n<ul class=\"wp-block-list\">\n<li>d\u2019un s\u00e9jour touristique,<\/li>\n\n\n\n<li>d\u2019un voyage d\u2019affaires,<\/li>\n\n\n\n<li>d\u2019une visite familiale,<\/li>\n\n\n\n<li>d\u2019un court s\u00e9jour d\u2019\u00e9tudes,<\/li>\n\n\n\n<li>ou d\u2019un transit a\u00e9roportuaire.<\/li>\n<\/ul>\n\n\n\n<div style=\"height:10px\" aria-hidden=\"true\" class=\"wp-block-spacer\"><\/div>\n\n\n\n<h2 class=\"wp-block-heading\">Comment effectuer la demande d&rsquo;une ETA pour le Royaume-Uni depuis l\u2019Arabie Saoudite ?<\/h2>\n\n\n\n<p>La demande d\u2019une <a href=\"https:\/\/uk-gb.net\/fr\/eta-angleterre-royaume-uni\/\">ETA Royaume-Uni<\/a> est simple et 100 % en ligne :<\/p>\n\n\n\n<ol class=\"wp-block-list\">\n<li><strong>Acc\u00e9dez au portail officiel<\/strong> : <a>gov.uk\/eta<\/a><\/li>\n\n\n\n<li><strong>Remplir le formulaire<\/strong> avec les informations personnelles du voyageur.<\/li>\n\n\n\n<li><strong>T\u00e9l\u00e9versez une photo<\/strong> (type selfie) directement via le formulaire ou l&rsquo;application mobile.<\/li>\n\n\n\n<li><strong>Payez les frais<\/strong> d\u2019environ <strong>16 \u00a3 (19 \u20ac)<\/strong> par carte bancaire.<\/li>\n\n\n\n<li><strong>Recevez l&rsquo;ETA par e-mail<\/strong> dans un d\u00e9lai de quelques minutes \u00e0 3 jours maximum.<\/li>\n<\/ol>\n\n\n\n<p>L\u2019ETA est <strong>valide pendant 2 ans<\/strong> ou jusqu\u2019\u00e0 expiration du passeport. Il permet <strong>plusieurs entr\u00e9es<\/strong> sur le territoire britannique pendant cette p\u00e9riode.<\/p>\n\n\n\n<h2 class=\"wp-block-heading\">Qui peut demander une ETA depuis l\u2019Arabie Saoudite ?<\/h2>\n\n\n\n<p>L\u2019ETA est accessible uniquement aux <strong>citoyens saoudiens<\/strong> titulaires d\u2019un <strong>passeport biom\u00e9trique<\/strong>. Les r\u00e9sidents \u00e9trangers en Arabie Saoudite qui ne sont pas citoyens d\u2019un pays \u00e9ligible doivent quant \u00e0 eux effectuer une <a href=\"https:\/\/uk-gb.net\/fr\/procedure-demande-visa-royaume-uni\/\">demande de visa britannique<\/a> aupr\u00e8s du <a href=\"https:\/\/uk-gb.net\/fr\/ambassade-angleterre-royaume-uni-en-france\/\">consulat britannique<\/a>.<\/p>\n\n\n\n<h2 class=\"wp-block-heading\">Faut-il un visa si vous ne remplissez pas les conditions de l\u2019ETA ?<\/h2>\n\n\n\n<p>Oui. Si vous \u00eates :<\/p>\n\n\n\n<ul class=\"wp-block-list\">\n<li>Pas ressortissant d\u2019un <a href=\"https:\/\/uk-gb.net\/fr\/pays-qui-peuvent-demander-eta-royaume-uni\/\">pays \u00e9ligible \u00e0 l\u2019ETA<\/a>,<\/li>\n\n\n\n<li>Ou si vous souhaitez rester <strong>plus de 6 mois<\/strong> au Royaume-Uni,<\/li>\n\n\n\n<li>Ou si vous venez pour <strong>travailler, vous marier, ou \u00e9tudier longtemps<\/strong>,<\/li>\n<\/ul>\n\n\n\n<p>vous devez faire une <strong>demande de visa britannique classique<\/strong>.<\/p>\n\n\n\n<h2 class=\"wp-block-heading\">O\u00f9 faire sa demande de visa britannique depuis l\u2019Arabie Saoudite ?<\/h2>\n\n\n\n<p>Les demandes de visa s\u2019effectuent sur le site officiel <a class=\"\" href=\"https:\/\/www.gov.uk\">www.gov.uk<\/a>. Apr\u00e8s soumission du formulaire et paiement, vous devrez <strong>prendre rendez-vous dans un centre TLScontact<\/strong> ou <strong>VFS Global<\/strong> \u00e0 :<\/p>\n\n\n\n<ul class=\"wp-block-list\">\n<li>Riyad<\/li>\n\n\n\n<li>Djeddah<\/li>\n\n\n\n<li>ou Al Khobar<\/li>\n<\/ul>\n\n\n\n<p>Vous devrez vous y pr\u00e9senter avec les justificatifs originaux et effectuer la prise des <strong>empreintes biom\u00e9triques<\/strong>.<\/p>\n\n\n\n<h2 class=\"wp-block-heading\">Quels sont les types de visa disponibles ?<\/h2>\n\n\n\n<p>Si vous ne pouvez pas obtenir d\u2019ETA, vous pouvez demander un des visas suivants :<\/p>\n\n\n\n<ul class=\"wp-block-list\">\n<li><a href=\"https:\/\/uk-gb.net\/fr\/visa-touristique-angleterre-royaume-uni\/\">Visa touristique<\/a><\/li>\n\n\n\n<li><a href=\"https:\/\/uk-gb.net\/fr\/visa-etudiant-angleterre-royaume-uni\/\">Visa \u00e9tudiant<\/a><\/li>\n\n\n\n<li><a href=\"https:\/\/uk-gb.net\/fr\/visa-affaires-pour-angleterre-royaume-uni\/\">Visa d\u2019affaires<\/a><\/li>\n\n\n\n<li><strong>Visa famille<\/strong><\/li>\n\n\n\n<li><strong>Visa de travail<\/strong><\/li>\n\n\n\n<li><a href=\"https:\/\/uk-gb.net\/fr\/visa-transit-escale-angleterre-royaume-uni\/\">Visa de transit<\/a><\/li>\n<\/ul>\n\n\n\n<div style=\"height:10px\" aria-hidden=\"true\" class=\"wp-block-spacer\"><\/div>\n\n\n\n<h2 class=\"wp-block-heading\">Peut-on transiter au Royaume-Uni depuis l\u2019Arabie Saoudite sans visa ?<\/h2>\n\n\n\n<p>Non, m\u00eame pour un simple <strong>transit a\u00e9roportuaire sans sortie<\/strong>, les citoyens saoudiens doivent obtenir une <strong>autorisation ETA<\/strong> avant leur d\u00e9part vers une destination via le Royaume-Uni.<\/p>\n\n\n\n<p>Il existe deux solutions pour faire escale au Royaume Uni pour un ressortissant d&rsquo;Arabie Saoudite :<\/p>\n\n\n\n<ul class=\"wp-block-list\">\n<li>Le voyageur saoudien peut faire une demande de <a href=\"https:\/\/uk-gb.net\/fr\/visa-transit-escale-angleterre-royaume-uni\/\">visa de transit<\/a> pour faire une escale ;<\/li>\n\n\n\n<li>Le voyageur saoudien peut dor\u00e9navant voyager avec une autorisation <a href=\"https:\/\/uk-gb.net\/fr\/eta-angleterre-royaume-uni\/\">ETA Royaume Uni<\/a> pour faire escale en Angleterre sans visa.<\/li>\n<\/ul>\n","protected":false},"excerpt":{"rendered":"<p>Visa de voyage pour le Royaume Uni pour les ressortissants de l&rsquo;Arabie Saoudite Vous \u00eates citoyen ou r\u00e9sident d\u2019Arabie Saoudite et souhaitez voyager au Royaume-Uni ? D\u00e9couvrez les formalit\u00e9s \u00e0 respecter, le syst\u00e8me ETA, les types de visa disponibles et les \u00e9tapes pour soumettre votre demande. Faut-il un visa pour voyager de l\u2019Arabie Saoudite vers [&hellip;]<\/p>\n","protected":false},"author":1,"featured_media":0,"parent":0,"menu_order":0,"comment_status":"closed","ping_status":"closed","template":"","meta":{"footnotes":""},"class_list":["post-717","page","type-page","status-publish","hentry"],"yoast_head":"<!-- This site is optimized with the Yoast SEO plugin v27.3 - https:\/\/yoast.com\/product\/yoast-seo-wordpress\/ -->\n<title>Visa pour le Royaume Uni depuis l&#039;Arabie Saoudite - UK GB<\/title>\n<meta name=\"description\" content=\"Quelles sont les formalit\u00e9s administratives pour un citoyen d\u2019Arabie Saoudite qui souhaite voyager au Royaume-Uni\" \/>\n<meta name=\"robots\" content=\"index, follow, max-snippet:-1, max-image-preview:large, max-video-preview:-1\" \/>\n<link rel=\"canonical\" href=\"https:\/\/uk-gb.net\/fr\/visa-angleterre-depart-arabie-saoudite\/\" \/>\n<meta property=\"og:locale\" content=\"fr_FR\" \/>\n<meta property=\"og:type\" content=\"article\" \/>\n<meta property=\"og:title\" content=\"Visa pour le Royaume Uni depuis l&#039;Arabie Saoudite - UK GB\" \/>\n<meta property=\"og:description\" content=\"Quelles sont les formalit\u00e9s administratives pour un citoyen d\u2019Arabie Saoudite qui souhaite voyager au Royaume-Uni\" \/>\n<meta property=\"og:url\" content=\"https:\/\/uk-gb.net\/fr\/visa-angleterre-depart-arabie-saoudite\/\" \/>\n<meta property=\"og:site_name\" content=\"UK GB\" \/>\n<meta property=\"article:modified_time\" content=\"2025-11-13T15:20:34+00:00\" \/>\n<meta name=\"twitter:card\" content=\"summary_large_image\" \/>\n<meta name=\"twitter:label1\" content=\"Dur\u00e9e de lecture estim\u00e9e\" \/>\n\t<meta name=\"twitter:data1\" content=\"3 minutes\" \/>\n<script type=\"application\/ld+json\" class=\"yoast-schema-graph\">{\"@context\":\"https:\\\/\\\/schema.org\",\"@graph\":[{\"@type\":\"WebPage\",\"@id\":\"https:\\\/\\\/uk-gb.net\\\/fr\\\/visa-angleterre-depart-arabie-saoudite\\\/\",\"url\":\"https:\\\/\\\/uk-gb.net\\\/fr\\\/visa-angleterre-depart-arabie-saoudite\\\/\",\"name\":\"Visa pour le Royaume Uni depuis l'Arabie Saoudite - UK GB\",\"isPartOf\":{\"@id\":\"https:\\\/\\\/uk-gb.net\\\/fr\\\/#website\"},\"datePublished\":\"2023-12-19T16:05:55+00:00\",\"dateModified\":\"2025-11-13T15:20:34+00:00\",\"description\":\"Quelles sont les formalit\u00e9s administratives pour un citoyen d\u2019Arabie Saoudite qui souhaite voyager au Royaume-Uni\",\"inLanguage\":\"fr-FR\",\"potentialAction\":[{\"@type\":\"ReadAction\",\"target\":[\"https:\\\/\\\/uk-gb.net\\\/fr\\\/visa-angleterre-depart-arabie-saoudite\\\/\"]}]},{\"@type\":\"WebSite\",\"@id\":\"https:\\\/\\\/uk-gb.net\\\/fr\\\/#website\",\"url\":\"https:\\\/\\\/uk-gb.net\\\/fr\\\/\",\"name\":\"UK GB\",\"description\":\"Travel to the UK\",\"potentialAction\":[{\"@type\":\"SearchAction\",\"target\":{\"@type\":\"EntryPoint\",\"urlTemplate\":\"https:\\\/\\\/uk-gb.net\\\/fr\\\/?s={search_term_string}\"},\"query-input\":{\"@type\":\"PropertyValueSpecification\",\"valueRequired\":true,\"valueName\":\"search_term_string\"}}],\"inLanguage\":\"fr-FR\"}]}<\/script>\n<!-- \/ Yoast SEO plugin. -->","yoast_head_json":{"title":"Visa pour le Royaume Uni depuis l'Arabie Saoudite - UK GB","description":"Quelles sont les formalit\u00e9s administratives pour un citoyen d\u2019Arabie Saoudite qui souhaite voyager au Royaume-Uni","robots":{"index":"index","follow":"follow","max-snippet":"max-snippet:-1","max-image-preview":"max-image-preview:large","max-video-preview":"max-video-preview:-1"},"canonical":"https:\/\/uk-gb.net\/fr\/visa-angleterre-depart-arabie-saoudite\/","og_locale":"fr_FR","og_type":"article","og_title":"Visa pour le Royaume Uni depuis l'Arabie Saoudite - UK GB","og_description":"Quelles sont les formalit\u00e9s administratives pour un citoyen d\u2019Arabie Saoudite qui souhaite voyager au Royaume-Uni","og_url":"https:\/\/uk-gb.net\/fr\/visa-angleterre-depart-arabie-saoudite\/","og_site_name":"UK GB","article_modified_time":"2025-11-13T15:20:34+00:00","twitter_card":"summary_large_image","twitter_misc":{"Dur\u00e9e de lecture estim\u00e9e":"3 minutes"},"schema":{"@context":"https:\/\/schema.org","@graph":[{"@type":"WebPage","@id":"https:\/\/uk-gb.net\/fr\/visa-angleterre-depart-arabie-saoudite\/","url":"https:\/\/uk-gb.net\/fr\/visa-angleterre-depart-arabie-saoudite\/","name":"Visa pour le Royaume Uni depuis l'Arabie Saoudite - UK GB","isPartOf":{"@id":"https:\/\/uk-gb.net\/fr\/#website"},"datePublished":"2023-12-19T16:05:55+00:00","dateModified":"2025-11-13T15:20:34+00:00","description":"Quelles sont les formalit\u00e9s administratives pour un citoyen d\u2019Arabie Saoudite qui souhaite voyager au Royaume-Uni","inLanguage":"fr-FR","potentialAction":[{"@type":"ReadAction","target":["https:\/\/uk-gb.net\/fr\/visa-angleterre-depart-arabie-saoudite\/"]}]},{"@type":"WebSite","@id":"https:\/\/uk-gb.net\/fr\/#website","url":"https:\/\/uk-gb.net\/fr\/","name":"UK GB","description":"Travel to the UK","potentialAction":[{"@type":"SearchAction","target":{"@type":"EntryPoint","urlTemplate":"https:\/\/uk-gb.net\/fr\/?s={search_term_string}"},"query-input":{"@type":"PropertyValueSpecification","valueRequired":true,"valueName":"search_term_string"}}],"inLanguage":"fr-FR"}]}},"_links":{"self":[{"href":"https:\/\/uk-gb.net\/fr\/wp-json\/wp\/v2\/pages\/717","targetHints":{"allow":["GET"]}}],"collection":[{"href":"https:\/\/uk-gb.net\/fr\/wp-json\/wp\/v2\/pages"}],"about":[{"href":"https:\/\/uk-gb.net\/fr\/wp-json\/wp\/v2\/types\/page"}],"author":[{"embeddable":true,"href":"https:\/\/uk-gb.net\/fr\/wp-json\/wp\/v2\/users\/1"}],"replies":[{"embeddable":true,"href":"https:\/\/uk-gb.net\/fr\/wp-json\/wp\/v2\/comments?post=717"}],"version-history":[{"count":0,"href":"https:\/\/uk-gb.net\/fr\/wp-json\/wp\/v2\/pages\/717\/revisions"}],"wp:attachment":[{"href":"https:\/\/uk-gb.net\/fr\/wp-json\/wp\/v2\/media?parent=717"}],"curies":[{"name":"wp","href":"https:\/\/api.w.org\/{rel}","templated":true}]}}