{"id":703,"date":"2023-12-19T15:47:45","date_gmt":"2023-12-19T15:47:45","guid":{"rendered":"https:\/\/uk-gb.net\/?page_id=703"},"modified":"2025-12-28T10:49:51","modified_gmt":"2025-12-28T10:49:51","slug":"visa-pour-cardiff","status":"publish","type":"page","link":"https:\/\/uk-gb.net\/fr\/visa-pour-cardiff\/","title":{"rendered":"Visa pour voyager \u00e0 Cardiff au pays de Galles"},"content":{"rendered":"\n<p><a href=\"https:\/\/uk-gb.net\/fr\/cardiff\/\">Cardiff<\/a> est une ville situ\u00e9e dans le sud du pays de Galles, sur les rives de l&rsquo;estuaire de la Severn. Capitale galloise depuis 1955, elle est connue pour son patrimoine culturel, son riche pass\u00e9 maritime et son r\u00f4le central dans l&rsquo;histoire politique et \u00e9conomique du pays de Galles.<\/p>\n\n\n\n<h1 class=\"wp-block-heading\">Visa pour voyager jusqu&rsquo;\u00e0 Cardiff<\/h1>\n\n\n\n<p><br>Les ressortissants \u00e9trangers d\u00e9sirant voyager \u00e0 Cardiff doivent \u00eatre en possession d\u2019une autorisation de voyage accord\u00e9e par le Royaume Uni. Il existe plusieurs types d\u2019autorisation de voyage possibles pour voyager \u00e0 Cardiff.<\/p>\n\n\n\n<h2 class=\"wp-block-heading\">Faut-il un visa pour Cardiff ?<\/h2>\n\n\n\n<p><a href=\"https:\/\/uk-gb.net\/fr\/cardiff\/\">Cardiff<\/a> est la capitale du Pays de Galles, donc tous les ressortissants \u00e9trangers d\u00e9sirant entrer au Royaume Uni par Cardiff doivent \u00eatre en possession d\u2019une autorisation valable de voyage. Selon le motif du s\u00e9jour \u00e0 Cardiff, le visiteur peut faire une demande de <a href=\"https:\/\/uk-gb.net\/fr\/visa-touristique-angleterre-royaume-uni\/\">visa touristique<\/a>.<\/p>\n\n\n\n<p><strong>Dans le cadre d\u2019un s\u00e9jour de moins de 6 mois<\/strong> : Il n\u2019est pas n\u00e9cessaire d\u2019obtenir un visa pour Cardiff, la plupart des pays europ\u00e9ens sont dispens\u00e9s pour leurs ressortissants d&rsquo;obtenir un visa. Depuis peu de temps, certains pays du Moyen Orient peuvent \u00e9galement obtenir simplement une <a href=\"https:\/\/uk-gb.net\/fr\/formulaire-en-ligne-eta-visa-angleterre\/\">autorisation de voyage ETA en ligne<\/a>.<\/p>\n\n\n\n<div style=\"height:10px\" aria-hidden=\"true\" class=\"wp-block-spacer\"><\/div>\n\n\n\n<h2 class=\"wp-block-heading\">Faut-il un visa pour faire escale \u00e0 Cardiff ?<\/h2>\n\n\n\n<p>Il existe deux solutions pour faire escale \u00e0 Cardiff :<\/p>\n\n\n\n<ul class=\"wp-block-list\">\n<li>Le voyageur peut faire une demande de <a href=\"https:\/\/uk-gb.net\/fr\/visa-transit-escale-angleterre-royaume-uni\/\">visa de transit<\/a> pour faire une escale \u00e0 Cardiff ;<\/li>\n\n\n\n<li>Si le voyageur est ressortissant d&rsquo;un <a href=\"https:\/\/uk-gb.net\/fr\/pays-qui-peuvent-demander-eta-royaume-uni\/\">pays membres du programme d&rsquo;exemption de visa britannique<\/a>, il peut faire la <a href=\"https:\/\/uk-gb.net\/fr\/formulaire-en-ligne-eta-visa-angleterre\/\">demande d&rsquo;une ETA Royaume Uni<\/a> pour faire escale \u00e0 Cardiff sans visa.<\/li>\n<\/ul>\n\n\n\n<div style=\"height:10px\" aria-hidden=\"true\" class=\"wp-block-spacer\"><\/div>\n\n\n\n<h2 class=\"wp-block-heading\">Quel est le prix du visa pour Cardiff ?<\/h2>\n\n\n\n<p>Le prix d\u2019un visa pour Cardiff d\u00e9pend du type de visa n\u00e9cessaire pour voyager au Royaume Uni. Le montant des frais administratifs pour un visa visiteur touristique de maximum 6 mois est de 115\u00a3. Dans le cadre d&rsquo;un s\u00e9jour plus long, les <a href=\"https:\/\/uk-gb.net\/fr\/combien-coute-visa-angleterre\/\">frais administratifs du visa<\/a> sont plus \u00e9lev\u00e9s. Si le voyageur est \u00e9ligible \u00e0 l&rsquo;obtention d&rsquo;une autorisation <a href=\"https:\/\/uk-gb.net\/fr\/eta-angleterre-royaume-uni\/\">ETA pour le Royaume Uni<\/a>, alors le prix sera moins important : Le <a href=\"https:\/\/uk-gb.net\/fr\/prix-eta-royaume-uni\/\">prix d&rsquo;une ETA<\/a> est au minimum de 10\u00a3.<\/p>\n\n\n\n<h2 class=\"wp-block-heading\">Comment obtenir un visa pour Cardiff ?<\/h2>\n\n\n\n<p>Pour obtenir un visa pour Cardiff, les ressortissants \u00e9trangers doivent suivre une <a href=\"https:\/\/uk-gb.net\/fr\/procedure-demande-visa-royaume-uni\/\">proc\u00e9dure de demande de visa en ligne<\/a>. Ce processus comprend plusieurs \u00e9tapes que sont :<\/p>\n\n\n\n<ul class=\"wp-block-list\">\n<li>Choisir le type de visa en fonction du motif du voyage ;<\/li>\n\n\n\n<li>Rassemblez les documents justificatifs n\u00e9cessaires ;<\/li>\n\n\n\n<li>Remplir le formulaire de demande de visa en ligne ;<\/li>\n\n\n\n<li>Payez les <a href=\"https:\/\/uk-gb.net\/fr\/combien-coute-visa-angleterre\/\">frais de visa<\/a> ;<\/li>\n\n\n\n<li>Prendre rendez vous aupr\u00e8s d&rsquo;une <a href=\"https:\/\/uk-gb.net\/fr\/ambassade-angleterre-royaume-uni-en-france\/\">ambassade britannique<\/a> ;<\/li>\n\n\n\n<li>Soumettre les documents pour finaliser la demande de visa ;<\/li>\n\n\n\n<li>Participer \u00e0 une <a href=\"https:\/\/uk-gb.net\/fr\/rendez-vous-visa-ambassade-angleterre\/\">interview pour le visa<\/a> si votre dossier le n\u00e9cessite.<\/li>\n<\/ul>\n\n\n\n<div style=\"height:10px\" aria-hidden=\"true\" class=\"wp-block-spacer\"><\/div>\n\n\n\n<h2 class=\"wp-block-heading\">Faut-il une autorisation ETA pour Cardiff ?<\/h2>\n\n\n\n<p>Un ressortissant \u00e9tranger \u00e9ligible peut faire une demande ETA pour voyager \u00e0 Cardiff. Les d\u00e9lais d\u2019obtention sont tr\u00e8s rapides. L&rsquo;autorisation ETA pour Cardiff est valable 2 ans pour des s\u00e9jours d\u2019une dur\u00e9e maximum de 6 mois d&rsquo;affil\u00e9s sur place au Royaume Uni.<\/p>\n\n\n\n<h2 class=\"wp-block-heading\">Image d\u2019un visa pour Cardiff au Pays de Galles<\/h2>\n\n\n\n<p>Voici une photo d\u2019un visa pour le Pays de Galles. Il s\u2019agit d\u2019un visa permettant d&rsquo;entrer au Royaume Uni par la ville de <a href=\"https:\/\/uk-gb.net\/fr\/cardiff\/\">Cardiff<\/a>.<\/p>\n","protected":false},"excerpt":{"rendered":"<p>Cardiff est une ville situ\u00e9e dans le sud du pays de Galles, sur les rives de l&rsquo;estuaire de la Severn. Capitale galloise depuis 1955, elle est connue pour son patrimoine culturel, son riche pass\u00e9 maritime et son r\u00f4le central dans l&rsquo;histoire politique et \u00e9conomique du pays de Galles. Visa pour voyager jusqu&rsquo;\u00e0 Cardiff Les ressortissants [&hellip;]<\/p>\n","protected":false},"author":1,"featured_media":0,"parent":0,"menu_order":0,"comment_status":"closed","ping_status":"closed","template":"","meta":{"footnotes":""},"class_list":["post-703","page","type-page","status-publish","hentry"],"yoast_head":"<!-- This site is optimized with the Yoast SEO plugin v27.3 - https:\/\/yoast.com\/product\/yoast-seo-wordpress\/ -->\n<title>Visa pour voyager \u00e0 Cardiff au pays de Galles - UK GB<\/title>\n<meta name=\"description\" content=\"Obtenir un visa ou une attestation de voyage pour Cardiff. Une autorisation est n\u00e9cessaire pour atterrir \u00e0 Cardiff au pays de Galles\" \/>\n<meta name=\"robots\" content=\"index, follow, max-snippet:-1, max-image-preview:large, max-video-preview:-1\" \/>\n<link rel=\"canonical\" href=\"https:\/\/uk-gb.net\/fr\/visa-pour-cardiff\/\" \/>\n<meta property=\"og:locale\" content=\"fr_FR\" \/>\n<meta property=\"og:type\" content=\"article\" \/>\n<meta property=\"og:title\" content=\"Visa pour voyager \u00e0 Cardiff au pays de Galles - UK GB\" \/>\n<meta property=\"og:description\" content=\"Obtenir un visa ou une attestation de voyage pour Cardiff. Une autorisation est n\u00e9cessaire pour atterrir \u00e0 Cardiff au pays de Galles\" \/>\n<meta property=\"og:url\" content=\"https:\/\/uk-gb.net\/fr\/visa-pour-cardiff\/\" \/>\n<meta property=\"og:site_name\" content=\"UK GB\" \/>\n<meta property=\"article:modified_time\" content=\"2025-12-28T10:49:51+00:00\" \/>\n<meta name=\"twitter:card\" content=\"summary_large_image\" \/>\n<meta name=\"twitter:label1\" content=\"Dur\u00e9e de lecture estim\u00e9e\" \/>\n\t<meta name=\"twitter:data1\" content=\"3 minutes\" \/>\n<script type=\"application\/ld+json\" class=\"yoast-schema-graph\">{\"@context\":\"https:\\\/\\\/schema.org\",\"@graph\":[{\"@type\":\"WebPage\",\"@id\":\"https:\\\/\\\/uk-gb.net\\\/fr\\\/visa-pour-cardiff\\\/\",\"url\":\"https:\\\/\\\/uk-gb.net\\\/fr\\\/visa-pour-cardiff\\\/\",\"name\":\"Visa pour voyager \u00e0 Cardiff au pays de Galles - UK GB\",\"isPartOf\":{\"@id\":\"https:\\\/\\\/uk-gb.net\\\/fr\\\/#website\"},\"datePublished\":\"2023-12-19T15:47:45+00:00\",\"dateModified\":\"2025-12-28T10:49:51+00:00\",\"description\":\"Obtenir un visa ou une attestation de voyage pour Cardiff. Une autorisation est n\u00e9cessaire pour atterrir \u00e0 Cardiff au pays de Galles\",\"inLanguage\":\"fr-FR\",\"potentialAction\":[{\"@type\":\"ReadAction\",\"target\":[\"https:\\\/\\\/uk-gb.net\\\/fr\\\/visa-pour-cardiff\\\/\"]}]},{\"@type\":\"WebSite\",\"@id\":\"https:\\\/\\\/uk-gb.net\\\/fr\\\/#website\",\"url\":\"https:\\\/\\\/uk-gb.net\\\/fr\\\/\",\"name\":\"UK GB\",\"description\":\"Travel to the UK\",\"potentialAction\":[{\"@type\":\"SearchAction\",\"target\":{\"@type\":\"EntryPoint\",\"urlTemplate\":\"https:\\\/\\\/uk-gb.net\\\/fr\\\/?s={search_term_string}\"},\"query-input\":{\"@type\":\"PropertyValueSpecification\",\"valueRequired\":true,\"valueName\":\"search_term_string\"}}],\"inLanguage\":\"fr-FR\"}]}<\/script>\n<!-- \/ Yoast SEO plugin. -->","yoast_head_json":{"title":"Visa pour voyager \u00e0 Cardiff au pays de Galles - UK GB","description":"Obtenir un visa ou une attestation de voyage pour Cardiff. Une autorisation est n\u00e9cessaire pour atterrir \u00e0 Cardiff au pays de Galles","robots":{"index":"index","follow":"follow","max-snippet":"max-snippet:-1","max-image-preview":"max-image-preview:large","max-video-preview":"max-video-preview:-1"},"canonical":"https:\/\/uk-gb.net\/fr\/visa-pour-cardiff\/","og_locale":"fr_FR","og_type":"article","og_title":"Visa pour voyager \u00e0 Cardiff au pays de Galles - UK GB","og_description":"Obtenir un visa ou une attestation de voyage pour Cardiff. Une autorisation est n\u00e9cessaire pour atterrir \u00e0 Cardiff au pays de Galles","og_url":"https:\/\/uk-gb.net\/fr\/visa-pour-cardiff\/","og_site_name":"UK GB","article_modified_time":"2025-12-28T10:49:51+00:00","twitter_card":"summary_large_image","twitter_misc":{"Dur\u00e9e de lecture estim\u00e9e":"3 minutes"},"schema":{"@context":"https:\/\/schema.org","@graph":[{"@type":"WebPage","@id":"https:\/\/uk-gb.net\/fr\/visa-pour-cardiff\/","url":"https:\/\/uk-gb.net\/fr\/visa-pour-cardiff\/","name":"Visa pour voyager \u00e0 Cardiff au pays de Galles - UK GB","isPartOf":{"@id":"https:\/\/uk-gb.net\/fr\/#website"},"datePublished":"2023-12-19T15:47:45+00:00","dateModified":"2025-12-28T10:49:51+00:00","description":"Obtenir un visa ou une attestation de voyage pour Cardiff. Une autorisation est n\u00e9cessaire pour atterrir \u00e0 Cardiff au pays de Galles","inLanguage":"fr-FR","potentialAction":[{"@type":"ReadAction","target":["https:\/\/uk-gb.net\/fr\/visa-pour-cardiff\/"]}]},{"@type":"WebSite","@id":"https:\/\/uk-gb.net\/fr\/#website","url":"https:\/\/uk-gb.net\/fr\/","name":"UK GB","description":"Travel to the UK","potentialAction":[{"@type":"SearchAction","target":{"@type":"EntryPoint","urlTemplate":"https:\/\/uk-gb.net\/fr\/?s={search_term_string}"},"query-input":{"@type":"PropertyValueSpecification","valueRequired":true,"valueName":"search_term_string"}}],"inLanguage":"fr-FR"}]}},"_links":{"self":[{"href":"https:\/\/uk-gb.net\/fr\/wp-json\/wp\/v2\/pages\/703","targetHints":{"allow":["GET"]}}],"collection":[{"href":"https:\/\/uk-gb.net\/fr\/wp-json\/wp\/v2\/pages"}],"about":[{"href":"https:\/\/uk-gb.net\/fr\/wp-json\/wp\/v2\/types\/page"}],"author":[{"embeddable":true,"href":"https:\/\/uk-gb.net\/fr\/wp-json\/wp\/v2\/users\/1"}],"replies":[{"embeddable":true,"href":"https:\/\/uk-gb.net\/fr\/wp-json\/wp\/v2\/comments?post=703"}],"version-history":[{"count":0,"href":"https:\/\/uk-gb.net\/fr\/wp-json\/wp\/v2\/pages\/703\/revisions"}],"wp:attachment":[{"href":"https:\/\/uk-gb.net\/fr\/wp-json\/wp\/v2\/media?parent=703"}],"curies":[{"name":"wp","href":"https:\/\/api.w.org\/{rel}","templated":true}]}}