{"id":694,"date":"2023-12-07T17:06:53","date_gmt":"2023-12-07T17:06:53","guid":{"rendered":"https:\/\/uk-gb.net\/?page_id=694"},"modified":"2025-06-12T09:02:09","modified_gmt":"2025-06-12T08:02:09","slug":"visa-pour-liverpool","status":"publish","type":"page","link":"https:\/\/uk-gb.net\/fr\/visa-pour-liverpool\/","title":{"rendered":"Visa pour voyager \u00e0 Liverpool"},"content":{"rendered":"\n<h1 class=\"wp-block-heading\">Visa pour voyager ou faire escale \u00e0 Liverpool<\/h1>\n\n\n\n<p><a href=\"https:\/\/uk-gb.net\/fr\/liverpool\/\">Liverpool<\/a>, c\u00e9l\u00e8bre pour son histoire maritime, ses monuments culturels et son h\u00e9ritage musical, attire chaque ann\u00e9e de nombreux visiteurs internationaux. Que vous veniez d\u00e9couvrir la ville des Beatles, assister \u00e0 un \u00e9v\u00e9nement sportif ou fassiez simplement escale \u00e0 l\u2019a\u00e9roport de Liverpool, il est essentiel de bien conna\u00eetre les formalit\u00e9s d\u2019entr\u00e9e. Selon votre nationalit\u00e9 et le but de votre s\u00e9jour, vous aurez besoin d\u2019un <a href=\"https:\/\/uk-gb.net\/fr\/visa-touristique-angleterre-royaume-uni\/\">visa britannique<\/a> ou d\u2019une <a href=\"https:\/\/uk-gb.net\/fr\/eta-angleterre-royaume-uni\/\">autorisation de voyage \u00e9lectronique (ETA)<\/a>.<\/p>\n\n\n\n<p><strong>Dans le cadre d\u2019un s\u00e9jour de moins de 6 mois<\/strong> : Il n\u2019est pas n\u00e9cessaire d\u2019obtenir un visa touristique pour Liverpool. Les ressortissants des pays europ\u00e9ens dispens\u00e9s de visas doivent simplement obtenir une autorisation de voyage en compl\u00e9tant le <a href=\"https:\/\/uk-gb.net\/fr\/formulaire-en-ligne-eta-visa-angleterre\/\">formulaire ETA en ligne<\/a>.<\/p>\n\n\n\n<h2 class=\"wp-block-heading\">Faut-il un visa pour voyager \u00e0 Liverpool ?<\/h2>\n\n\n\n<h3 class=\"wp-block-heading\">Vous n\u2019avez pas besoin de visa si :<\/h3>\n\n\n\n<ul class=\"wp-block-list\">\n<li>Vous \u00eates <strong>citoyen irlandais<\/strong> ;<\/li>\n\n\n\n<li>Vous \u00eates ressortissant d\u2019un <strong>pays exempt\u00e9 de visa<\/strong> pour un court s\u00e9jour (tourisme, affaires, visite familiale ou \u00e9tudes courtes de moins de 6 mois).<br>Depuis 2025, ces voyageurs doivent obtenir une <a href=\"https:\/\/uk-gb.net\/fr\/eta-angleterre-royaume-uni\/\">autorisation ETA<\/a> avant leur d\u00e9part.<\/li>\n<\/ul>\n\n\n\n<h3 class=\"wp-block-heading\">Vous avez besoin d\u2019un visa si :<\/h3>\n\n\n\n<ul class=\"wp-block-list\">\n<li>Vous \u00eates ressortissant d\u2019un pays soumis \u00e0 visa, comme par exemple : Inde, Chine, Alg\u00e9rie, Nigeria, Pakistan\u2026 ;<\/li>\n\n\n\n<li>Vous souhaitez <strong>travailler<\/strong>, <strong>\u00e9tudier longuement<\/strong> ou <strong>vous installer<\/strong> \u00e0 Liverpool ;<\/li>\n\n\n\n<li>Vous venez rejoindre un membre de votre famille au Royaume-Uni pour une installation durable.<\/li>\n<\/ul>\n\n\n\n<div style=\"height:10px\" aria-hidden=\"true\" class=\"wp-block-spacer\"><\/div>\n\n\n\n<h2 class=\"wp-block-heading\">L&rsquo;ETA : l\u2019autorisation simplifi\u00e9e pour voyager \u00e0 Liverpool<\/h2>\n\n\n\n<p><a href=\"https:\/\/uk-gb.net\/fr\/eta-angleterre-royaume-uni\/\">L\u2019ETA<\/a>\u00a0est une autorisation de voyage obligatoire pour les ressortissants de certains <a href=\"https:\/\/uk-gb.net\/fr\/pays-qui-peuvent-demander-eta-royaume-uni\/\">pays exempt\u00e9s de visa pour le Royaume-Uni<\/a>.<\/p>\n\n\n\n<ul class=\"wp-block-list\">\n<li><a href=\"https:\/\/uk-gb.net\/fr\/prix-eta-royaume-uni\/\">Prix de l\u2019ETA<\/a>\u00a0: 16 \u00a3 (environ 19 \u20ac)<\/li>\n\n\n\n<li>Validit\u00e9 : 2 ans ou jusqu\u2019\u00e0 l\u2019expiration du passeport<\/li>\n\n\n\n<li>Dur\u00e9e maximale de s\u00e9jour : 6 mois<\/li>\n\n\n\n<li>Utilisation : tourisme, affaires, \u00e9tudes courtes ou transit<\/li>\n<\/ul>\n\n\n\n<p>Depuis avril 2025, les citoyens europ\u00e9ens doivent obligatoirement obtenir une\u00a0<strong>ETA pour Liverpool avant d&#8217;embarquer<\/strong>.<\/p>\n\n\n\n<h2 class=\"wp-block-heading\">Faut-il un visa pour faire escale \u00e0 Liverpool ?<\/h2>\n\n\n\n<p><a href=\"https:\/\/uk-gb.net\/fr\/liverpool\/\">Liverpool<\/a> dispose d\u2019un a\u00e9roport international (Liverpool John Lennon Airport), mais certains passagers utilisent \u00e9galement Manchester Airport situ\u00e9 \u00e0 proximit\u00e9.<\/p>\n\n\n\n<h3 class=\"wp-block-heading\">Transit sans franchir la fronti\u00e8re britannique :<\/h3>\n\n\n\n<ul class=\"wp-block-list\">\n<li>Si vous restez en zone de transit international et ne passez pas par le contr\u00f4le des fronti\u00e8res, vous pouvez \u00eatre exempt\u00e9 de visa dans certains cas.<\/li>\n\n\n\n<li>Toutefois, la plupart du temps une <strong>ETA est requise<\/strong> m\u00eame pour un simple transit.<\/li>\n<\/ul>\n\n\n\n<h3 class=\"wp-block-heading\">Transit avec passage de la fronti\u00e8re (changement d\u2019a\u00e9roport ou escale prolong\u00e9e) :<\/h3>\n\n\n\n<ul class=\"wp-block-list\">\n<li>Un <a href=\"https:\/\/uk-gb.net\/fr\/visa-transit-escale-angleterre-royaume-uni\/\">visa de transit britannique<\/a> ou une <strong>ETA<\/strong> sera n\u00e9cessaire selon votre nationalit\u00e9 et votre itin\u00e9raire. Les r\u00e8gles sont strictes m\u00eame pour de courts transits. Toujours v\u00e9rifier votre situation avant le d\u00e9part.<\/li>\n<\/ul>\n\n\n\n<div style=\"height:10px\" aria-hidden=\"true\" class=\"wp-block-spacer\"><\/div>\n\n\n\n<h2 class=\"wp-block-heading\">Prix des diff\u00e9rents visas pour Liverpool ?<\/h2>\n\n\n\n<p>Le prix d\u2019un visa pour Liverpool d\u00e9pend du type de visa n\u00e9cessaire pour voyager au Royaume Uni. Dans le cadre d&rsquo;un s\u00e9jour plus long, les <a href=\"https:\/\/uk-gb.net\/fr\/combien-coute-visa-angleterre\/\">frais administratifs du visa<\/a> sont plus \u00e9lev\u00e9s. Si le voyageur est \u00e9ligible \u00e0 l&rsquo;obtention d&rsquo;une autorisation <a href=\"https:\/\/uk-gb.net\/fr\/eta-angleterre-royaume-uni\/\">ETA pour le Royaume Uni<\/a>, alors le prix sera moins important : Le <a href=\"https:\/\/uk-gb.net\/fr\/prix-eta-royaume-uni\/\">prix d&rsquo;une ETA<\/a> est de 16\u00a3.<\/p>\n\n\n\n<figure class=\"wp-block-table\"><table><thead><tr><th class=\"has-text-align-center\" data-align=\"center\">Type de document<\/th><th class=\"has-text-align-center\" data-align=\"center\">Tarif<\/th><\/tr><\/thead><tbody><tr><td class=\"has-text-align-center\" data-align=\"center\">ETA<\/td><td class=\"has-text-align-center\" data-align=\"center\">16 \u00a3<\/td><\/tr><tr><td class=\"has-text-align-center\" data-align=\"center\">Visa touristique (6 mois)<\/td><td class=\"has-text-align-center\" data-align=\"center\">115 \u00a3<\/td><\/tr><tr><td class=\"has-text-align-center\" data-align=\"center\">Visa de transit<\/td><td class=\"has-text-align-center\" data-align=\"center\">64 \u00a3<\/td><\/tr><tr><td class=\"has-text-align-center\" data-align=\"center\">Visa \u00e9tudiant<\/td><td class=\"has-text-align-center\" data-align=\"center\">\u00e0 partir de 490 \u00a3<\/td><\/tr><tr><td class=\"has-text-align-center\" data-align=\"center\">Visa travail ou famille<\/td><td class=\"has-text-align-center\" data-align=\"center\">\u00e0 partir de 1 846 \u00a3<\/td><\/tr><\/tbody><\/table><\/figure>\n\n\n\n<h2 class=\"wp-block-heading\">Comment faire une demande de visa pour Liverpool ?<\/h2>\n\n\n\n<p>Pour obtenir un visa pour <a href=\"https:\/\/uk-gb.net\/fr\/liverpool\/\">Liverpool<\/a>, les ressortissants \u00e9trangers doivent suivre une <a href=\"https:\/\/uk-gb.net\/fr\/procedure-demande-visa-royaume-uni\/\">proc\u00e9dure de demande de visa en ligne<\/a>. Ce processus comprend plusieurs \u00e9tapes que sont :<\/p>\n\n\n\n<ul class=\"wp-block-list\">\n<li>Choisir le type de visa en fonction du motif du voyage ;<\/li>\n\n\n\n<li>Rassemblez les documents justificatifs n\u00e9cessaires ;<\/li>\n\n\n\n<li>Remplir le formulaire de demande de visa en ligne sur <a href=\"https:\/\/www.gov.uk\/standard-visitor\/apply-standard-visitor-visa\">gov.uk<\/a> ;<\/li>\n\n\n\n<li>Payez les <a href=\"https:\/\/uk-gb.net\/fr\/combien-coute-visa-angleterre\/\">frais de visa<\/a> ;<\/li>\n\n\n\n<li>Prendre rendez vous aupr\u00e8s d&rsquo;une <a href=\"https:\/\/uk-gb.net\/fr\/ambassade-angleterre-royaume-uni-en-france\/\">ambassade britannique<\/a> ;<\/li>\n\n\n\n<li>Soumettre les documents pour finaliser la demande de visa ;<\/li>\n\n\n\n<li>Participer \u00e0 une <a href=\"https:\/\/uk-gb.net\/fr\/rendez-vous-visa-ambassade-angleterre\/\">interview pour le visa<\/a> si votre dossier le n\u00e9cessite.<\/li>\n<\/ul>\n\n\n\n<div style=\"height:10px\" aria-hidden=\"true\" class=\"wp-block-spacer\"><\/div>\n\n\n\n<h2 class=\"wp-block-heading\">R\u00e9capitulatif<\/h2>\n\n\n\n<p>Depuis la r\u00e9forme des formalit\u00e9s d\u2019entr\u00e9e, il est indispensable de bien pr\u00e9parer votre dossier avant de voyager \u00e0 Liverpool. L\u2019<strong>ETA est d\u00e9sormais obligatoire<\/strong> pour la majorit\u00e9 des ressortissants exempt\u00e9s de visa. Si vous ne remplissez pas les conditions pour une ETA, un visa classique sera n\u00e9cessaire.<\/p>\n\n\n\n<p>Avant tout d\u00e9part vers Liverpool, v\u00e9rifiez votre situation officielle sur le site du gouvernement britannique : <a href=\"https:\/\/www.gov.uk\/check-uk-visa\">gov.uk\/check-uk-visa<\/a>.<\/p>\n\n\n\n<p><\/p>\n","protected":false},"excerpt":{"rendered":"<p>Visa pour voyager ou faire escale \u00e0 Liverpool Liverpool, c\u00e9l\u00e8bre pour son histoire maritime, ses monuments culturels et son h\u00e9ritage musical, attire chaque ann\u00e9e de nombreux visiteurs internationaux. Que vous veniez d\u00e9couvrir la ville des Beatles, assister \u00e0 un \u00e9v\u00e9nement sportif ou fassiez simplement escale \u00e0 l\u2019a\u00e9roport de Liverpool, il est essentiel de bien conna\u00eetre [&hellip;]<\/p>\n","protected":false},"author":1,"featured_media":0,"parent":0,"menu_order":0,"comment_status":"closed","ping_status":"closed","template":"","meta":{"footnotes":""},"class_list":["post-694","page","type-page","status-publish","hentry"],"yoast_head":"<!-- This site is optimized with the Yoast SEO plugin v27.3 - https:\/\/yoast.com\/product\/yoast-seo-wordpress\/ -->\n<title>Visa pour voyager \u00e0 Liverpool - UK GB<\/title>\n<meta name=\"description\" content=\"Faut-il obtenir un visa ou une attestation de voyage pour voyager \u00e0 Liverpool. On fait le point sur les formalit\u00e9s n\u00e9cessaires\" \/>\n<meta name=\"robots\" content=\"index, follow, max-snippet:-1, max-image-preview:large, max-video-preview:-1\" \/>\n<link rel=\"canonical\" href=\"https:\/\/uk-gb.net\/fr\/visa-pour-liverpool\/\" \/>\n<meta property=\"og:locale\" content=\"fr_FR\" \/>\n<meta property=\"og:type\" content=\"article\" \/>\n<meta property=\"og:title\" content=\"Visa pour voyager \u00e0 Liverpool - UK GB\" \/>\n<meta property=\"og:description\" content=\"Faut-il obtenir un visa ou une attestation de voyage pour voyager \u00e0 Liverpool. On fait le point sur les formalit\u00e9s n\u00e9cessaires\" \/>\n<meta property=\"og:url\" content=\"https:\/\/uk-gb.net\/fr\/visa-pour-liverpool\/\" \/>\n<meta property=\"og:site_name\" content=\"UK GB\" \/>\n<meta property=\"article:modified_time\" content=\"2025-06-12T08:02:09+00:00\" \/>\n<meta name=\"twitter:card\" content=\"summary_large_image\" \/>\n<meta name=\"twitter:label1\" content=\"Dur\u00e9e de lecture estim\u00e9e\" \/>\n\t<meta name=\"twitter:data1\" content=\"4 minutes\" \/>\n<script type=\"application\/ld+json\" class=\"yoast-schema-graph\">{\"@context\":\"https:\\\/\\\/schema.org\",\"@graph\":[{\"@type\":\"WebPage\",\"@id\":\"https:\\\/\\\/uk-gb.net\\\/fr\\\/visa-pour-liverpool\\\/\",\"url\":\"https:\\\/\\\/uk-gb.net\\\/fr\\\/visa-pour-liverpool\\\/\",\"name\":\"Visa pour voyager \u00e0 Liverpool - UK GB\",\"isPartOf\":{\"@id\":\"https:\\\/\\\/uk-gb.net\\\/fr\\\/#website\"},\"datePublished\":\"2023-12-07T17:06:53+00:00\",\"dateModified\":\"2025-06-12T08:02:09+00:00\",\"description\":\"Faut-il obtenir un visa ou une attestation de voyage pour voyager \u00e0 Liverpool. On fait le point sur les formalit\u00e9s n\u00e9cessaires\",\"inLanguage\":\"fr-FR\",\"potentialAction\":[{\"@type\":\"ReadAction\",\"target\":[\"https:\\\/\\\/uk-gb.net\\\/fr\\\/visa-pour-liverpool\\\/\"]}]},{\"@type\":\"WebSite\",\"@id\":\"https:\\\/\\\/uk-gb.net\\\/fr\\\/#website\",\"url\":\"https:\\\/\\\/uk-gb.net\\\/fr\\\/\",\"name\":\"UK GB\",\"description\":\"Travel to the UK\",\"potentialAction\":[{\"@type\":\"SearchAction\",\"target\":{\"@type\":\"EntryPoint\",\"urlTemplate\":\"https:\\\/\\\/uk-gb.net\\\/fr\\\/?s={search_term_string}\"},\"query-input\":{\"@type\":\"PropertyValueSpecification\",\"valueRequired\":true,\"valueName\":\"search_term_string\"}}],\"inLanguage\":\"fr-FR\"}]}<\/script>\n<!-- \/ Yoast SEO plugin. -->","yoast_head_json":{"title":"Visa pour voyager \u00e0 Liverpool - UK GB","description":"Faut-il obtenir un visa ou une attestation de voyage pour voyager \u00e0 Liverpool. On fait le point sur les formalit\u00e9s n\u00e9cessaires","robots":{"index":"index","follow":"follow","max-snippet":"max-snippet:-1","max-image-preview":"max-image-preview:large","max-video-preview":"max-video-preview:-1"},"canonical":"https:\/\/uk-gb.net\/fr\/visa-pour-liverpool\/","og_locale":"fr_FR","og_type":"article","og_title":"Visa pour voyager \u00e0 Liverpool - UK GB","og_description":"Faut-il obtenir un visa ou une attestation de voyage pour voyager \u00e0 Liverpool. On fait le point sur les formalit\u00e9s n\u00e9cessaires","og_url":"https:\/\/uk-gb.net\/fr\/visa-pour-liverpool\/","og_site_name":"UK GB","article_modified_time":"2025-06-12T08:02:09+00:00","twitter_card":"summary_large_image","twitter_misc":{"Dur\u00e9e de lecture estim\u00e9e":"4 minutes"},"schema":{"@context":"https:\/\/schema.org","@graph":[{"@type":"WebPage","@id":"https:\/\/uk-gb.net\/fr\/visa-pour-liverpool\/","url":"https:\/\/uk-gb.net\/fr\/visa-pour-liverpool\/","name":"Visa pour voyager \u00e0 Liverpool - UK GB","isPartOf":{"@id":"https:\/\/uk-gb.net\/fr\/#website"},"datePublished":"2023-12-07T17:06:53+00:00","dateModified":"2025-06-12T08:02:09+00:00","description":"Faut-il obtenir un visa ou une attestation de voyage pour voyager \u00e0 Liverpool. On fait le point sur les formalit\u00e9s n\u00e9cessaires","inLanguage":"fr-FR","potentialAction":[{"@type":"ReadAction","target":["https:\/\/uk-gb.net\/fr\/visa-pour-liverpool\/"]}]},{"@type":"WebSite","@id":"https:\/\/uk-gb.net\/fr\/#website","url":"https:\/\/uk-gb.net\/fr\/","name":"UK GB","description":"Travel to the UK","potentialAction":[{"@type":"SearchAction","target":{"@type":"EntryPoint","urlTemplate":"https:\/\/uk-gb.net\/fr\/?s={search_term_string}"},"query-input":{"@type":"PropertyValueSpecification","valueRequired":true,"valueName":"search_term_string"}}],"inLanguage":"fr-FR"}]}},"_links":{"self":[{"href":"https:\/\/uk-gb.net\/fr\/wp-json\/wp\/v2\/pages\/694","targetHints":{"allow":["GET"]}}],"collection":[{"href":"https:\/\/uk-gb.net\/fr\/wp-json\/wp\/v2\/pages"}],"about":[{"href":"https:\/\/uk-gb.net\/fr\/wp-json\/wp\/v2\/types\/page"}],"author":[{"embeddable":true,"href":"https:\/\/uk-gb.net\/fr\/wp-json\/wp\/v2\/users\/1"}],"replies":[{"embeddable":true,"href":"https:\/\/uk-gb.net\/fr\/wp-json\/wp\/v2\/comments?post=694"}],"version-history":[{"count":0,"href":"https:\/\/uk-gb.net\/fr\/wp-json\/wp\/v2\/pages\/694\/revisions"}],"wp:attachment":[{"href":"https:\/\/uk-gb.net\/fr\/wp-json\/wp\/v2\/media?parent=694"}],"curies":[{"name":"wp","href":"https:\/\/api.w.org\/{rel}","templated":true}]}}