{"id":683,"date":"2023-12-07T16:56:29","date_gmt":"2023-12-07T16:56:29","guid":{"rendered":"https:\/\/uk-gb.net\/?page_id=683"},"modified":"2026-04-02T09:20:27","modified_gmt":"2026-04-02T08:20:27","slug":"visa-pour-edimbourg","status":"publish","type":"page","link":"https:\/\/uk-gb.net\/fr\/visa-pour-edimbourg\/","title":{"rendered":"Visa pour voyager \u00e0 Edimbourg"},"content":{"rendered":"\n<p><a href=\"https:\/\/uk-gb.net\/fr\/edimbourg\/\" type=\"page\" id=\"4933\">\u00c9dimbourg<\/a> est une ville situ\u00e9e dans le sud-est de l&rsquo;\u00c9cosse, sur les rives du Firth of Forth. Capitale \u00e9cossaise depuis le XVe si\u00e8cle, elle est connue pour son patrimoine historique, son architecture remarquable et son r\u00f4le culturel, notamment \u00e0 travers des festivals renomm\u00e9s comme le Festival international d&rsquo;\u00c9dimbourg et le Fringe.<\/p>\n\n\n\n<h1 class=\"wp-block-heading\">Visa pour voyager jusqu&rsquo;\u00e0 Edimbourg<\/h1>\n\n\n\n<p><br>Les ressortissants \u00e9trangers d\u00e9sirant voyager \u00e0 Edimbourg doivent \u00eatre en possession d\u2019une autorisation de voyage accord\u00e9e par le Royaume Uni. Il existe plusieurs types d\u2019autorisation de voyage possibles pour voyager \u00e0 Edimbourg.<\/p>\n\n\n\n<h2 class=\"wp-block-heading\">Faut-il un visa pour Edimbourg ?<\/h2>\n\n\n\n<p><a href=\"https:\/\/uk-gb.net\/fr\/edimbourg\/\" type=\"page\" id=\"4933\">Edimbourg<\/a> est la capitale de l&rsquo;Ecosse, donc tous les ressortissants \u00e9trangers d\u00e9sirant entrer au Royaume Uni par Edimbourg doivent \u00eatre en possession d\u2019une autorisation valable de voyage. Selon le motif du s\u00e9jour \u00e0 Edimbourg, le visiteur peut faire une demande de <a href=\"https:\/\/uk-gb.net\/fr\/visa-touristique-angleterre-royaume-uni\/\">visa touristique<\/a>.<\/p>\n\n\n\n<p><strong>Dans le cadre d\u2019un s\u00e9jour de moins de 6 mois<\/strong> : Il n\u2019est pas n\u00e9cessaire d\u2019obtenir un visa pour Edimbourg, la plupart des pays europ\u00e9ens sont dispens\u00e9s pour leurs ressortissants d&rsquo;obtenir un visa. Depuis peu de temps, certains pays du Moyen Orient peuvent \u00e9galement obtenir simplement une <a href=\"https:\/\/uk-gb.net\/fr\/formulaire-en-ligne-eta-visa-angleterre\/\">autorisation de voyage ETA en ligne<\/a>.<\/p>\n\n\n\n<div style=\"height:10px\" aria-hidden=\"true\" class=\"wp-block-spacer\"><\/div>\n\n\n\n<h2 class=\"wp-block-heading\">Faut-il un visa pour faire escale \u00e0 Edimbourg ?<\/h2>\n\n\n\n<p>Il existe deux solutions pour faire escale \u00e0 Edimbourg :<\/p>\n\n\n\n<ul class=\"wp-block-list\">\n<li>Le voyageur peut faire une demande de <a href=\"https:\/\/uk-gb.net\/fr\/visa-transit-escale-angleterre-royaume-uni\/\">visa de transit<\/a> pour faire une escale \u00e0 Edimbourg ;<\/li>\n\n\n\n<li>Si le voyageur est ressortissant d&rsquo;un <a href=\"https:\/\/uk-gb.net\/fr\/pays-qui-peuvent-demander-eta-royaume-uni\/\">pays membres du programme d&rsquo;exemption de visa britannique<\/a>, il peut faire la <a href=\"https:\/\/uk-gb.net\/fr\/formulaire-en-ligne-eta-visa-angleterre\/\">demande d&rsquo;une ETA Royaume Uni<\/a> pour faire escale \u00e0 Edimbourg sans visa.<\/li>\n<\/ul>\n\n\n\n<div style=\"height:10px\" aria-hidden=\"true\" class=\"wp-block-spacer\"><\/div>\n\n\n\n<h2 class=\"wp-block-heading\">Quel est le prix du visa pour Edimbourg ?<\/h2>\n\n\n\n<p>Le prix d\u2019un visa pour Edimbourg d\u00e9pend du type de visa n\u00e9cessaire pour voyager au Royaume Uni. Le montant des frais administratifs pour un visa visiteur touristique de maximum 6 mois est de 115\u00a3. Dans le cadre d&rsquo;un s\u00e9jour plus long, les <a href=\"https:\/\/uk-gb.net\/fr\/combien-coute-visa-angleterre\/\">frais administratifs du visa<\/a> sont plus \u00e9lev\u00e9s. Si le voyageur est \u00e9ligible \u00e0 l&rsquo;obtention d&rsquo;une autorisation <a href=\"https:\/\/uk-gb.net\/fr\/eta-angleterre-royaume-uni\/\">ETA pour le Royaume Uni<\/a>, alors le prix sera moins important : Le <a href=\"https:\/\/uk-gb.net\/fr\/prix-eta-royaume-uni\/\">prix d&rsquo;une ETA<\/a> est dor\u00e9navant de 20\u00a3.<\/p>\n\n\n\n<h2 class=\"wp-block-heading\">Comment obtenir un visa pour Edimbourg ?<\/h2>\n\n\n\n<p>Pour obtenir un visa pour Edimbourg, les ressortissants \u00e9trangers doivent suivre une <a href=\"https:\/\/uk-gb.net\/fr\/procedure-demande-visa-royaume-uni\/\">proc\u00e9dure de demande de visa en ligne<\/a>. Ce processus comprend plusieurs \u00e9tapes que sont :<\/p>\n\n\n\n<ul class=\"wp-block-list\">\n<li>Choisir le type de visa en fonction du motif du voyage ;<\/li>\n\n\n\n<li>Rassemblez les documents justificatifs n\u00e9cessaires ;<\/li>\n\n\n\n<li>Remplir le formulaire de demande de visa en ligne ;<\/li>\n\n\n\n<li>Payez les <a href=\"https:\/\/uk-gb.net\/fr\/combien-coute-visa-angleterre\/\">frais de visa<\/a> ;<\/li>\n\n\n\n<li>Prendre rendez vous aupr\u00e8s d&rsquo;une <a href=\"https:\/\/uk-gb.net\/fr\/ambassade-angleterre-royaume-uni-en-france\/\">ambassade britannique<\/a> ;<\/li>\n\n\n\n<li>Soumettre les documents pour finaliser la demande de visa ;<\/li>\n\n\n\n<li>Participer \u00e0 une <a href=\"https:\/\/uk-gb.net\/fr\/rendez-vous-visa-ambassade-angleterre\/\">interview pour le visa<\/a> si votre dossier le n\u00e9cessite.<\/li>\n<\/ul>\n\n\n\n<div style=\"height:10px\" aria-hidden=\"true\" class=\"wp-block-spacer\"><\/div>\n\n\n\n<h2 class=\"wp-block-heading\">Faut-il une autorisation ETA pour Edimbourg ?<\/h2>\n\n\n\n<p>Un ressortissant \u00e9tranger \u00e9ligible peut faire une demande ETA pour voyager \u00e0 Edimbourg. Les d\u00e9lais d\u2019obtention sont tr\u00e8s rapides. L&rsquo;autorisation ETA pour Edimbourg est valable 2 ans pour des s\u00e9jours d\u2019une dur\u00e9e maximum de 6 mois d&rsquo;affil\u00e9s sur place au Royaume Uni.<\/p>\n","protected":false},"excerpt":{"rendered":"<p>\u00c9dimbourg est une ville situ\u00e9e dans le sud-est de l&rsquo;\u00c9cosse, sur les rives du Firth of Forth. Capitale \u00e9cossaise depuis le XVe si\u00e8cle, elle est connue pour son patrimoine historique, son architecture remarquable et son r\u00f4le culturel, notamment \u00e0 travers des festivals renomm\u00e9s comme le Festival international d&rsquo;\u00c9dimbourg et le Fringe. Visa pour voyager jusqu&rsquo;\u00e0 [&hellip;]<\/p>\n","protected":false},"author":1,"featured_media":0,"parent":0,"menu_order":0,"comment_status":"closed","ping_status":"closed","template":"","meta":{"footnotes":""},"class_list":["post-683","page","type-page","status-publish","hentry"],"yoast_head":"<!-- This site is optimized with the Yoast SEO plugin v27.3 - https:\/\/yoast.com\/product\/yoast-seo-wordpress\/ -->\n<title>Visa pour voyager \u00e0 Edimbourg - UK GB<\/title>\n<meta name=\"description\" content=\"Obtenir un visa ou une attestation de voyage pour Edimbourg. Une autorisation est n\u00e9cessaire pour voyager ou faire escale \u00e0 Edimbourg\" \/>\n<meta name=\"robots\" content=\"index, follow, max-snippet:-1, max-image-preview:large, max-video-preview:-1\" \/>\n<link rel=\"canonical\" href=\"https:\/\/uk-gb.net\/fr\/visa-pour-edimbourg\/\" \/>\n<meta property=\"og:locale\" content=\"fr_FR\" \/>\n<meta property=\"og:type\" content=\"article\" \/>\n<meta property=\"og:title\" content=\"Visa pour voyager \u00e0 Edimbourg - UK GB\" \/>\n<meta property=\"og:description\" content=\"Obtenir un visa ou une attestation de voyage pour Edimbourg. Une autorisation est n\u00e9cessaire pour voyager ou faire escale \u00e0 Edimbourg\" \/>\n<meta property=\"og:url\" content=\"https:\/\/uk-gb.net\/fr\/visa-pour-edimbourg\/\" \/>\n<meta property=\"og:site_name\" content=\"UK GB\" \/>\n<meta property=\"article:modified_time\" content=\"2026-04-02T08:20:27+00:00\" \/>\n<meta name=\"twitter:card\" content=\"summary_large_image\" \/>\n<meta name=\"twitter:label1\" content=\"Dur\u00e9e de lecture estim\u00e9e\" \/>\n\t<meta name=\"twitter:data1\" content=\"3 minutes\" \/>\n<script type=\"application\/ld+json\" class=\"yoast-schema-graph\">{\"@context\":\"https:\\\/\\\/schema.org\",\"@graph\":[{\"@type\":\"WebPage\",\"@id\":\"https:\\\/\\\/uk-gb.net\\\/fr\\\/visa-pour-edimbourg\\\/\",\"url\":\"https:\\\/\\\/uk-gb.net\\\/fr\\\/visa-pour-edimbourg\\\/\",\"name\":\"Visa pour voyager \u00e0 Edimbourg - UK GB\",\"isPartOf\":{\"@id\":\"https:\\\/\\\/uk-gb.net\\\/fr\\\/#website\"},\"datePublished\":\"2023-12-07T16:56:29+00:00\",\"dateModified\":\"2026-04-02T08:20:27+00:00\",\"description\":\"Obtenir un visa ou une attestation de voyage pour Edimbourg. Une autorisation est n\u00e9cessaire pour voyager ou faire escale \u00e0 Edimbourg\",\"inLanguage\":\"fr-FR\",\"potentialAction\":[{\"@type\":\"ReadAction\",\"target\":[\"https:\\\/\\\/uk-gb.net\\\/fr\\\/visa-pour-edimbourg\\\/\"]}]},{\"@type\":\"WebSite\",\"@id\":\"https:\\\/\\\/uk-gb.net\\\/fr\\\/#website\",\"url\":\"https:\\\/\\\/uk-gb.net\\\/fr\\\/\",\"name\":\"UK GB\",\"description\":\"Travel to the UK\",\"potentialAction\":[{\"@type\":\"SearchAction\",\"target\":{\"@type\":\"EntryPoint\",\"urlTemplate\":\"https:\\\/\\\/uk-gb.net\\\/fr\\\/?s={search_term_string}\"},\"query-input\":{\"@type\":\"PropertyValueSpecification\",\"valueRequired\":true,\"valueName\":\"search_term_string\"}}],\"inLanguage\":\"fr-FR\"}]}<\/script>\n<!-- \/ Yoast SEO plugin. -->","yoast_head_json":{"title":"Visa pour voyager \u00e0 Edimbourg - UK GB","description":"Obtenir un visa ou une attestation de voyage pour Edimbourg. Une autorisation est n\u00e9cessaire pour voyager ou faire escale \u00e0 Edimbourg","robots":{"index":"index","follow":"follow","max-snippet":"max-snippet:-1","max-image-preview":"max-image-preview:large","max-video-preview":"max-video-preview:-1"},"canonical":"https:\/\/uk-gb.net\/fr\/visa-pour-edimbourg\/","og_locale":"fr_FR","og_type":"article","og_title":"Visa pour voyager \u00e0 Edimbourg - UK GB","og_description":"Obtenir un visa ou une attestation de voyage pour Edimbourg. Une autorisation est n\u00e9cessaire pour voyager ou faire escale \u00e0 Edimbourg","og_url":"https:\/\/uk-gb.net\/fr\/visa-pour-edimbourg\/","og_site_name":"UK GB","article_modified_time":"2026-04-02T08:20:27+00:00","twitter_card":"summary_large_image","twitter_misc":{"Dur\u00e9e de lecture estim\u00e9e":"3 minutes"},"schema":{"@context":"https:\/\/schema.org","@graph":[{"@type":"WebPage","@id":"https:\/\/uk-gb.net\/fr\/visa-pour-edimbourg\/","url":"https:\/\/uk-gb.net\/fr\/visa-pour-edimbourg\/","name":"Visa pour voyager \u00e0 Edimbourg - UK GB","isPartOf":{"@id":"https:\/\/uk-gb.net\/fr\/#website"},"datePublished":"2023-12-07T16:56:29+00:00","dateModified":"2026-04-02T08:20:27+00:00","description":"Obtenir un visa ou une attestation de voyage pour Edimbourg. Une autorisation est n\u00e9cessaire pour voyager ou faire escale \u00e0 Edimbourg","inLanguage":"fr-FR","potentialAction":[{"@type":"ReadAction","target":["https:\/\/uk-gb.net\/fr\/visa-pour-edimbourg\/"]}]},{"@type":"WebSite","@id":"https:\/\/uk-gb.net\/fr\/#website","url":"https:\/\/uk-gb.net\/fr\/","name":"UK GB","description":"Travel to the UK","potentialAction":[{"@type":"SearchAction","target":{"@type":"EntryPoint","urlTemplate":"https:\/\/uk-gb.net\/fr\/?s={search_term_string}"},"query-input":{"@type":"PropertyValueSpecification","valueRequired":true,"valueName":"search_term_string"}}],"inLanguage":"fr-FR"}]}},"_links":{"self":[{"href":"https:\/\/uk-gb.net\/fr\/wp-json\/wp\/v2\/pages\/683","targetHints":{"allow":["GET"]}}],"collection":[{"href":"https:\/\/uk-gb.net\/fr\/wp-json\/wp\/v2\/pages"}],"about":[{"href":"https:\/\/uk-gb.net\/fr\/wp-json\/wp\/v2\/types\/page"}],"author":[{"embeddable":true,"href":"https:\/\/uk-gb.net\/fr\/wp-json\/wp\/v2\/users\/1"}],"replies":[{"embeddable":true,"href":"https:\/\/uk-gb.net\/fr\/wp-json\/wp\/v2\/comments?post=683"}],"version-history":[{"count":0,"href":"https:\/\/uk-gb.net\/fr\/wp-json\/wp\/v2\/pages\/683\/revisions"}],"wp:attachment":[{"href":"https:\/\/uk-gb.net\/fr\/wp-json\/wp\/v2\/media?parent=683"}],"curies":[{"name":"wp","href":"https:\/\/api.w.org\/{rel}","templated":true}]}}