{"id":679,"date":"2023-12-07T16:52:56","date_gmt":"2023-12-07T16:52:56","guid":{"rendered":"https:\/\/uk-gb.net\/?page_id=679"},"modified":"2025-06-09T09:21:47","modified_gmt":"2025-06-09T08:21:47","slug":"visa-pour-londres","status":"publish","type":"page","link":"https:\/\/uk-gb.net\/fr\/visa-pour-londres\/","title":{"rendered":"Visa pour voyager \u00e0 Londres ou faire escale"},"content":{"rendered":"\n<h1 class=\"wp-block-heading\">Visa pour voyager ou faire escale \u00e0 Londres<\/h1>\n\n\n\n<p><a href=\"https:\/\/uk-gb.net\/fr\/londres\/\">Londres<\/a> est la principale porte d\u2019entr\u00e9e au Royaume-Uni pour les touristes, les \u00e9tudiants, les professionnels ou les voyageurs en transit. Depuis la sortie du Royaume-Uni de l\u2019Union europ\u00e9enne, les <a href=\"https:\/\/uk-gb.net\/fr\/visa-royaume-uni\/\">formalit\u00e9s d\u2019entr\u00e9e au Royaume Uni<\/a> ont \u00e9volu\u00e9. Selon votre nationalit\u00e9, votre dur\u00e9e de s\u00e9jour ou la raison de votre voyage, un visa ou une autorisation ETA peut \u00eatre n\u00e9cessaire. Voici tout ce que vous devez savoir pour voyager ou faire escale \u00e0 Londres en toute l\u00e9galit\u00e9.<\/p>\n\n\n\n<h2 class=\"wp-block-heading\">Faut-il un visa pour Londres ?<\/h2>\n\n\n\n<p>La n\u00e9cessit\u00e9 d\u2019un visa pour se rendre \u00e0 Londres d\u00e9pend de votre nationalit\u00e9 et du motif du s\u00e9jour.<\/p>\n\n\n\n<p><strong>Vous n\u2019avez pas besoin de visa si<\/strong> :<\/p>\n\n\n\n<ul class=\"wp-block-list\">\n<li>Vous \u00eates citoyen irlandais.<\/li>\n\n\n\n<li>Vous \u00eates citoyen d\u2019un pays exempt\u00e9 de visa et votre s\u00e9jour est court (moins de 6 mois) pour du tourisme, une visite familiale, une courte mission d&rsquo;affaires ou des \u00e9tudes de courte dur\u00e9e. <\/li>\n<\/ul>\n\n\n\n<p>Depuis 2025, ces voyageurs doivent obtenir une autorisation de voyage \u00e9lectronique en compl\u00e9tant le <a href=\"https:\/\/uk-gb.net\/fr\/formulaire-en-ligne-eta-visa-angleterre\/\">formulaire ETA en ligne<\/a>.<\/p>\n\n\n\n<p><strong>Vous avez besoin d\u2019un visa si<\/strong> :<\/p>\n\n\n\n<ul class=\"wp-block-list\">\n<li>Vous \u00eates ressortissant d\u2019un pays non exempt\u00e9 de visa, y compris pour un court s\u00e9jour.<\/li>\n\n\n\n<li>Vous souhaitez travailler, \u00e9tudier \u00e0 long terme, vous installer ou vous marier au Royaume-Uni.<\/li>\n\n\n\n<li>Vous souhaitez rejoindre un membre de votre famille \u00e0 Londres de mani\u00e8re prolong\u00e9e.<\/li>\n<\/ul>\n\n\n\n<p>Les touristes souhaitant effectuer un s\u00e9jour de plus de 6 mois au Royaume Uni doivent obtenir un <a href=\"https:\/\/uk-gb.net\/fr\/visa-touristique-angleterre-royaume-uni\/\">visa touristique anglais<\/a>.<\/p>\n\n\n\n<div style=\"height:10px\" aria-hidden=\"true\" class=\"wp-block-spacer\"><\/div>\n\n\n\n<h2 class=\"wp-block-heading\">L\u2019ETA : une alternative au visa pour visiter Londres<\/h2>\n\n\n\n<p><a href=\"https:\/\/uk-gb.net\/fr\/eta-angleterre-royaume-uni\/\">L\u2019Electronic Travel Authorisation<\/a> (ETA) est une autorisation de voyage obligatoire pour les ressortissants de certains pays exempt\u00e9s de visa, lorsqu\u2019ils visitent le Royaume-Uni.<\/p>\n\n\n\n<ul class=\"wp-block-list\">\n<li><a href=\"https:\/\/uk-gb.net\/fr\/prix-eta-royaume-uni\/\">Prix de l&rsquo;ETA<\/a> : 16 \u00a3 (environ 19 \u20ac)<\/li>\n\n\n\n<li>Validit\u00e9 : 2 ans ou jusqu\u2019\u00e0 l\u2019expiration du passeport<\/li>\n\n\n\n<li>Dur\u00e9e maximale de s\u00e9jour : 6 mois<\/li>\n\n\n\n<li>Utilisation : tourisme, affaires, \u00e9tudes courtes ou transit<\/li>\n<\/ul>\n\n\n\n<p>Depuis avril 2025, les citoyens europ\u00e9ens doivent obligatoirement obtenir une <strong>ETA pour Londres avant leur d\u00e9part<\/strong>.<\/p>\n\n\n\n<h2 class=\"wp-block-heading\">Faut-il un visa pour faire escale \u00e0 Londres ?<\/h2>\n\n\n\n<p>Si vous faites escale \u00e0 l\u2019a\u00e9roport de Londres (Heathrow, Gatwick, Stansted, Luton), les formalit\u00e9s varient selon que vous passiez ou non le contr\u00f4le des fronti\u00e8res britanniques.<\/p>\n\n\n\n<h3 class=\"wp-block-heading\">Cas 1 : transit sans sortie d\u2019a\u00e9roport<\/h3>\n\n\n\n<p>Si vous restez en zone internationale et ne changez pas d\u2019a\u00e9roport : Si vous \u00eates ressortissant d&rsquo;un <a href=\"https:\/\/uk-gb.net\/fr\/pays-qui-peuvent-demander-eta-royaume-uni\/\">pays membres du programme d&rsquo;exemption de visa britannique<\/a>, vous pouvez faire une demande d&rsquo;ETA Royaume Uni pour faire escale \u00e0 Londres sans visa.<\/p>\n\n\n\n<h3 class=\"wp-block-heading\">Cas 2 : transit avec passage de la fronti\u00e8re<\/h3>\n\n\n\n<p>Si vous devez changer d\u2019a\u00e9roport ou passer la douane (par exemple pour une escale longue) : vous aurez besoin d\u2019un <a href=\"https:\/\/uk-gb.net\/fr\/visa-transit-escale-angleterre-royaume-uni\/\">visa de transit<\/a> ou d\u2019une ETA, selon votre nationalit\u00e9.<\/p>\n\n\n\n<p>Bon \u00e0 savoir : m\u00eame pour un simple transit, certains ressortissants doivent obtenir un visa de transit britannique (Visitor in Transit Visa).<\/p>\n\n\n\n<div style=\"height:10px\" aria-hidden=\"true\" class=\"wp-block-spacer\"><\/div>\n\n\n\n<h2 class=\"wp-block-heading\">Comment obtenir un visa ou une ETA pour Londres ?<\/h2>\n\n\n\n<p>Voici un r\u00e9capitulatif simplifi\u00e9 de la proc\u00e9dure en fonction de votre situation de voyageur.<\/p>\n\n\n\n<figure class=\"wp-block-table\"><table class=\"has-fixed-layout\"><thead><tr><th>Situation<\/th><th class=\"has-text-align-center\" data-align=\"center\">Type de document requis<\/th><th class=\"has-text-align-left\" data-align=\"left\">Proc\u00e9dure<\/th><\/tr><\/thead><tbody><tr><td>Court s\u00e9jour touristique, affaire ou \u00e9tude courte<\/td><td class=\"has-text-align-center\" data-align=\"center\">ETA<\/td><td class=\"has-text-align-left\" data-align=\"left\">Demande en ligne sur <a href=\"https:\/\/www.gov.uk\/eta\">gov.uk<\/a>, paiement CB<\/td><\/tr><tr><td>S\u00e9jour de plus de 6 mois, travail, regroupement familial<\/td><td class=\"has-text-align-center\" data-align=\"center\">Visa britannique<\/td><td class=\"has-text-align-left\" data-align=\"left\">Demande en ligne + rendez-vous \u00e0 l\u2019ambassade<\/td><\/tr><tr><td>Transit avec sortie de zone internationale<\/td><td class=\"has-text-align-center\" data-align=\"center\">ETA ou visa de transit<\/td><td class=\"has-text-align-left\" data-align=\"left\">Selon nationalit\u00e9 et a\u00e9roport concern\u00e9<\/td><\/tr><\/tbody><\/table><\/figure>\n\n\n\n<p>Pour obtenir un visa pour Londres, les ressortissants \u00e9trangers doivent suivre une <a href=\"https:\/\/uk-gb.net\/fr\/procedure-demande-visa-royaume-uni\/\">proc\u00e9dure de demande de visa en ligne<\/a>. Ce processus comprend plusieurs \u00e9tapes que sont :<\/p>\n\n\n\n<ul class=\"wp-block-list\">\n<li>Choisir le type de visa en fonction du motif du voyage ;<\/li>\n\n\n\n<li>Rassemblez les documents justificatifs n\u00e9cessaires ;<\/li>\n\n\n\n<li>Remplir le formulaire de demande de visa en ligne ;<\/li>\n\n\n\n<li>Payez les <a href=\"https:\/\/uk-gb.net\/fr\/combien-coute-visa-angleterre\/\">frais de visa<\/a> ;<\/li>\n\n\n\n<li>Prendre rendez vous aupr\u00e8s d&rsquo;une <a href=\"https:\/\/uk-gb.net\/fr\/ambassade-angleterre-royaume-uni-en-france\/\">ambassade britannique<\/a> ;<\/li>\n\n\n\n<li>Soumettre les documents pour finaliser la demande de visa ;<\/li>\n\n\n\n<li>Participer \u00e0 une <a href=\"https:\/\/uk-gb.net\/fr\/rendez-vous-visa-ambassade-angleterre\/\">interview pour le visa<\/a> si votre dossier le n\u00e9cessite.<\/li>\n<\/ul>\n\n\n\n<div style=\"height:10px\" aria-hidden=\"true\" class=\"wp-block-spacer\"><\/div>\n\n\n\n<h2 class=\"wp-block-heading\">Quels sont les documents n\u00e9cessaires pour voyager \u00e0 Londres ?<\/h2>\n\n\n\n<p>Voici les pi\u00e8ces les plus souvent requises \u00e0 l\u2019arriv\u00e9e au Royaume-Uni :<\/p>\n\n\n\n<ul class=\"wp-block-list\">\n<li>Un <strong>passeport valide<\/strong> redevenu obligatoire depuis le Brexit ;<\/li>\n\n\n\n<li>Une <strong>autorisation ETA ou un visa<\/strong> valide ;<\/li>\n\n\n\n<li>Une <strong>preuve de fonds suffisants<\/strong> pour votre s\u00e9jour ;<\/li>\n\n\n\n<li>Une <strong>preuve d\u2019h\u00e9bergement<\/strong> telle qu&rsquo;une r\u00e9servation d\u2019h\u00f4tel ou invitation ;<\/li>\n\n\n\n<li>Un <strong>billet retour ou de continuation<\/strong> dans le cas d\u2019un transit.<\/li>\n<\/ul>\n\n\n\n<div style=\"height:10px\" aria-hidden=\"true\" class=\"wp-block-spacer\"><\/div>\n\n\n\n<h2 class=\"wp-block-heading\">Conclusion<\/h2>\n\n\n\n<p>Voyager ou transiter par Londres n\u00e9cessite aujourd\u2019hui de bien v\u00e9rifier votre situation personnelle. L\u2019<strong>ETA est d\u00e9sormais obligatoire<\/strong> pour de nombreux voyageurs, m\u00eame europ\u00e9ens, tandis que d&rsquo;autres devront passer par la voie classique du <a href=\"https:\/\/uk-gb.net\/fr\/differents-types-visas-britanniques\/\">visa britannique<\/a>. En cas de doute, il est pr\u00e9f\u00e9rable de faire une simulation sur le <a href=\"https:\/\/www.gov.uk\/check-uk-visa\">site officiel du gouvernement britannique<\/a>.<\/p>\n","protected":false},"excerpt":{"rendered":"<p>Visa pour voyager ou faire escale \u00e0 Londres Londres est la principale porte d\u2019entr\u00e9e au Royaume-Uni pour les touristes, les \u00e9tudiants, les professionnels ou les voyageurs en transit. Depuis la sortie du Royaume-Uni de l\u2019Union europ\u00e9enne, les formalit\u00e9s d\u2019entr\u00e9e au Royaume Uni ont \u00e9volu\u00e9. Selon votre nationalit\u00e9, votre dur\u00e9e de s\u00e9jour ou la raison de [&hellip;]<\/p>\n","protected":false},"author":1,"featured_media":0,"parent":0,"menu_order":0,"comment_status":"closed","ping_status":"closed","template":"","meta":{"footnotes":""},"class_list":["post-679","page","type-page","status-publish","hentry"],"yoast_head":"<!-- This site is optimized with the Yoast SEO plugin v27.4 - https:\/\/yoast.com\/product\/yoast-seo-wordpress\/ -->\n<title>Visa pour voyager \u00e0 Londres ou faire escale - UK GB<\/title>\n<meta name=\"description\" content=\"Pour voyager au Royaume Uni en atterrissant \u00e0 Londres, il est n\u00e9cessaire d&#039;obtenir un visa ou une attestation de voyage pour Londres\" \/>\n<meta name=\"robots\" content=\"index, follow, max-snippet:-1, max-image-preview:large, max-video-preview:-1\" \/>\n<link rel=\"canonical\" href=\"https:\/\/uk-gb.net\/fr\/visa-pour-londres\/\" \/>\n<meta property=\"og:locale\" content=\"fr_FR\" \/>\n<meta property=\"og:type\" content=\"article\" \/>\n<meta property=\"og:title\" content=\"Visa pour voyager \u00e0 Londres ou faire escale - UK GB\" \/>\n<meta property=\"og:description\" content=\"Pour voyager au Royaume Uni en atterrissant \u00e0 Londres, il est n\u00e9cessaire d&#039;obtenir un visa ou une attestation de voyage pour Londres\" \/>\n<meta property=\"og:url\" content=\"https:\/\/uk-gb.net\/fr\/visa-pour-londres\/\" \/>\n<meta property=\"og:site_name\" content=\"UK GB\" \/>\n<meta property=\"article:modified_time\" content=\"2025-06-09T08:21:47+00:00\" \/>\n<meta name=\"twitter:card\" content=\"summary_large_image\" \/>\n<meta name=\"twitter:label1\" content=\"Dur\u00e9e de lecture estim\u00e9e\" \/>\n\t<meta name=\"twitter:data1\" content=\"4 minutes\" \/>\n<script type=\"application\/ld+json\" class=\"yoast-schema-graph\">{\"@context\":\"https:\\\/\\\/schema.org\",\"@graph\":[{\"@type\":\"WebPage\",\"@id\":\"https:\\\/\\\/uk-gb.net\\\/fr\\\/visa-pour-londres\\\/\",\"url\":\"https:\\\/\\\/uk-gb.net\\\/fr\\\/visa-pour-londres\\\/\",\"name\":\"Visa pour voyager \u00e0 Londres ou faire escale - UK GB\",\"isPartOf\":{\"@id\":\"https:\\\/\\\/uk-gb.net\\\/fr\\\/#website\"},\"datePublished\":\"2023-12-07T16:52:56+00:00\",\"dateModified\":\"2025-06-09T08:21:47+00:00\",\"description\":\"Pour voyager au Royaume Uni en atterrissant \u00e0 Londres, il est n\u00e9cessaire d'obtenir un visa ou une attestation de voyage pour Londres\",\"inLanguage\":\"fr-FR\",\"potentialAction\":[{\"@type\":\"ReadAction\",\"target\":[\"https:\\\/\\\/uk-gb.net\\\/fr\\\/visa-pour-londres\\\/\"]}]},{\"@type\":\"WebSite\",\"@id\":\"https:\\\/\\\/uk-gb.net\\\/fr\\\/#website\",\"url\":\"https:\\\/\\\/uk-gb.net\\\/fr\\\/\",\"name\":\"UK GB\",\"description\":\"Travel to the UK\",\"potentialAction\":[{\"@type\":\"SearchAction\",\"target\":{\"@type\":\"EntryPoint\",\"urlTemplate\":\"https:\\\/\\\/uk-gb.net\\\/fr\\\/?s={search_term_string}\"},\"query-input\":{\"@type\":\"PropertyValueSpecification\",\"valueRequired\":true,\"valueName\":\"search_term_string\"}}],\"inLanguage\":\"fr-FR\"}]}<\/script>\n<!-- \/ Yoast SEO plugin. -->","yoast_head_json":{"title":"Visa pour voyager \u00e0 Londres ou faire escale - UK GB","description":"Pour voyager au Royaume Uni en atterrissant \u00e0 Londres, il est n\u00e9cessaire d'obtenir un visa ou une attestation de voyage pour Londres","robots":{"index":"index","follow":"follow","max-snippet":"max-snippet:-1","max-image-preview":"max-image-preview:large","max-video-preview":"max-video-preview:-1"},"canonical":"https:\/\/uk-gb.net\/fr\/visa-pour-londres\/","og_locale":"fr_FR","og_type":"article","og_title":"Visa pour voyager \u00e0 Londres ou faire escale - UK GB","og_description":"Pour voyager au Royaume Uni en atterrissant \u00e0 Londres, il est n\u00e9cessaire d'obtenir un visa ou une attestation de voyage pour Londres","og_url":"https:\/\/uk-gb.net\/fr\/visa-pour-londres\/","og_site_name":"UK GB","article_modified_time":"2025-06-09T08:21:47+00:00","twitter_card":"summary_large_image","twitter_misc":{"Dur\u00e9e de lecture estim\u00e9e":"4 minutes"},"schema":{"@context":"https:\/\/schema.org","@graph":[{"@type":"WebPage","@id":"https:\/\/uk-gb.net\/fr\/visa-pour-londres\/","url":"https:\/\/uk-gb.net\/fr\/visa-pour-londres\/","name":"Visa pour voyager \u00e0 Londres ou faire escale - UK GB","isPartOf":{"@id":"https:\/\/uk-gb.net\/fr\/#website"},"datePublished":"2023-12-07T16:52:56+00:00","dateModified":"2025-06-09T08:21:47+00:00","description":"Pour voyager au Royaume Uni en atterrissant \u00e0 Londres, il est n\u00e9cessaire d'obtenir un visa ou une attestation de voyage pour Londres","inLanguage":"fr-FR","potentialAction":[{"@type":"ReadAction","target":["https:\/\/uk-gb.net\/fr\/visa-pour-londres\/"]}]},{"@type":"WebSite","@id":"https:\/\/uk-gb.net\/fr\/#website","url":"https:\/\/uk-gb.net\/fr\/","name":"UK GB","description":"Travel to the UK","potentialAction":[{"@type":"SearchAction","target":{"@type":"EntryPoint","urlTemplate":"https:\/\/uk-gb.net\/fr\/?s={search_term_string}"},"query-input":{"@type":"PropertyValueSpecification","valueRequired":true,"valueName":"search_term_string"}}],"inLanguage":"fr-FR"}]}},"_links":{"self":[{"href":"https:\/\/uk-gb.net\/fr\/wp-json\/wp\/v2\/pages\/679","targetHints":{"allow":["GET"]}}],"collection":[{"href":"https:\/\/uk-gb.net\/fr\/wp-json\/wp\/v2\/pages"}],"about":[{"href":"https:\/\/uk-gb.net\/fr\/wp-json\/wp\/v2\/types\/page"}],"author":[{"embeddable":true,"href":"https:\/\/uk-gb.net\/fr\/wp-json\/wp\/v2\/users\/1"}],"replies":[{"embeddable":true,"href":"https:\/\/uk-gb.net\/fr\/wp-json\/wp\/v2\/comments?post=679"}],"version-history":[{"count":0,"href":"https:\/\/uk-gb.net\/fr\/wp-json\/wp\/v2\/pages\/679\/revisions"}],"wp:attachment":[{"href":"https:\/\/uk-gb.net\/fr\/wp-json\/wp\/v2\/media?parent=679"}],"curies":[{"name":"wp","href":"https:\/\/api.w.org\/{rel}","templated":true}]}}