{"id":671,"date":"2023-12-07T16:45:33","date_gmt":"2023-12-07T16:45:33","guid":{"rendered":"https:\/\/uk-gb.net\/?page_id=671"},"modified":"2025-05-27T08:53:58","modified_gmt":"2025-05-27T07:53:58","slug":"ambassade-angleterre-royaume-uni-en-france","status":"publish","type":"page","link":"https:\/\/uk-gb.net\/fr\/ambassade-angleterre-royaume-uni-en-france\/","title":{"rendered":"Ambassade du Royaume Uni en France"},"content":{"rendered":"\n<h1 class=\"wp-block-heading\">Qu\u2019est ce que l&rsquo;ambassade du Royaume Uni ?<\/h1>\n\n\n\n<p>Les ambassades du Royaume-Uni, pr\u00e9sentes dans la majorit\u00e9 des pays, assurent la repr\u00e9sentation officielle des int\u00e9r\u00eats britanniques \u00e0 l\u2019\u00e9tranger. Leur mission principale est de prot\u00e9ger les ressortissants britanniques hors du territoire national, tout en d\u00e9fendant les priorit\u00e9s diplomatiques, \u00e9conomiques et culturelles du Royaume-Uni. Elles apportent \u00e9galement un appui consulaire aux citoyens en voyage ou en r\u00e9sidence \u00e0 l\u2019\u00e9tranger.<\/p>\n\n\n\n<p>En mati\u00e8re de mobilit\u00e9, ces repr\u00e9sentations jouent un r\u00f4le central dans le traitement des <a href=\"https:\/\/uk-gb.net\/fr\/procedure-demande-visa-royaume-uni\/\">demandes de visa<\/a> pour les personnes souhaitant se rendre au Royaume-Uni. Toutefois, depuis 2024, les ressortissants de certains <a href=\"https:\/\/uk-gb.net\/fr\/pays-qui-peuvent-demander-eta-royaume-uni\/\">pays \u00e9ligibles au programme d\u2019exemption de visa<\/a> n\u2019ont plus besoin de solliciter un <a href=\"https:\/\/uk-gb.net\/fr\/visa-touristique-angleterre-royaume-uni\/\">visa touristique<\/a> pour les s\u00e9jours de courte dur\u00e9e.<\/p>\n\n\n\n<p><strong>Il est possible d&rsquo;obtenir en ligne<\/strong> une <a href=\"https:\/\/uk-gb.net\/fr\/eta-angleterre-royaume-uni\/\">eTA pour le Royaume Uni<\/a> pour un s\u00e9jour touristique de moins de 6 mois.<\/p>\n\n\n\n<div style=\"height:10px\" aria-hidden=\"true\" class=\"wp-block-spacer\"><\/div>\n\n\n\n<h2 class=\"wp-block-heading\">O\u00f9 se trouve l&rsquo;ambassade du Royaume Uni ?<\/h2>\n\n\n\n<p>Pour localiser l\u2019ambassade ou le consulat britannique le plus proche, vous pouvez consulter <a href=\"https:\/\/www.gov.uk\/world\/embassies\">cette page d\u00e9di\u00e9e<\/a> qui r\u00e9pertorie l\u2019ensemble des repr\u00e9sentations diplomatiques du Royaume-Uni \u00e0 travers le monde.<\/p>\n\n\n\n<p><strong>L&rsquo;ambassade du Royaume Uni en France se situe au 35 rue du Faubourg Saint Honor\u00e9, 75008 Paris. <\/strong><\/p>\n\n\n\n<h2 class=\"wp-block-heading\">Comment prendre rendez-vous dans une ambassade britannique ?<\/h2>\n\n\n\n<p>Dans le cadre d\u2019une demande de visa pour le Royaume-Uni, le demandeur doit g\u00e9n\u00e9ralement passer un entretien aupr\u00e8s des services consulaires. Pour r\u00e9server ce rendez-vous, il doit se rendre sur le site officiel du gouvernement britannique (gov.uk) et s\u00e9lectionner une <a href=\"https:\/\/uk-gb.net\/fr\/rendez-vous-visa-ambassade-angleterre\/\">date d\u2019entretien aupr\u00e8s de l\u2019ambassade<\/a> ou du centre de demande de visa concern\u00e9.<\/p>\n\n\n\n<p>Une fois le rendez-vous confirm\u00e9, une convocation officielle peut \u00eatre t\u00e9l\u00e9charg\u00e9e. Ce document devra \u00eatre imprim\u00e9 et pr\u00e9sent\u00e9 avec l\u2019ensemble des pi\u00e8ces justificatives exig\u00e9es lors de l\u2019entretien.<\/p>\n","protected":false},"excerpt":{"rendered":"<p>Qu\u2019est ce que l&rsquo;ambassade du Royaume Uni ? Les ambassades du Royaume-Uni, pr\u00e9sentes dans la majorit\u00e9 des pays, assurent la repr\u00e9sentation officielle des int\u00e9r\u00eats britanniques \u00e0 l\u2019\u00e9tranger. Leur mission principale est de prot\u00e9ger les ressortissants britanniques hors du territoire national, tout en d\u00e9fendant les priorit\u00e9s diplomatiques, \u00e9conomiques et culturelles du Royaume-Uni. Elles apportent \u00e9galement un [&hellip;]<\/p>\n","protected":false},"author":1,"featured_media":0,"parent":0,"menu_order":0,"comment_status":"closed","ping_status":"closed","template":"","meta":{"footnotes":""},"class_list":["post-671","page","type-page","status-publish","hentry"],"yoast_head":"<!-- This site is optimized with the Yoast SEO plugin v27.3 - https:\/\/yoast.com\/product\/yoast-seo-wordpress\/ -->\n<title>Ambassade du Royaume Uni en France - UK GB<\/title>\n<meta name=\"description\" content=\"Contactez l&#039;Ambassade du Royaume Uni ou le consulat anglais repr\u00e9sentatif qui se trouve dans votre pays de r\u00e9sidence\" \/>\n<meta name=\"robots\" content=\"index, follow, max-snippet:-1, max-image-preview:large, max-video-preview:-1\" \/>\n<link rel=\"canonical\" href=\"https:\/\/uk-gb.net\/fr\/ambassade-angleterre-royaume-uni-en-france\/\" \/>\n<meta property=\"og:locale\" content=\"fr_FR\" \/>\n<meta property=\"og:type\" content=\"article\" \/>\n<meta property=\"og:title\" content=\"Ambassade du Royaume Uni en France - UK GB\" \/>\n<meta property=\"og:description\" content=\"Contactez l&#039;Ambassade du Royaume Uni ou le consulat anglais repr\u00e9sentatif qui se trouve dans votre pays de r\u00e9sidence\" \/>\n<meta property=\"og:url\" content=\"https:\/\/uk-gb.net\/fr\/ambassade-angleterre-royaume-uni-en-france\/\" \/>\n<meta property=\"og:site_name\" content=\"UK GB\" \/>\n<meta property=\"article:modified_time\" content=\"2025-05-27T07:53:58+00:00\" \/>\n<meta name=\"twitter:card\" content=\"summary_large_image\" \/>\n<meta name=\"twitter:label1\" content=\"Dur\u00e9e de lecture estim\u00e9e\" \/>\n\t<meta name=\"twitter:data1\" content=\"2 minutes\" \/>\n<script type=\"application\/ld+json\" class=\"yoast-schema-graph\">{\"@context\":\"https:\\\/\\\/schema.org\",\"@graph\":[{\"@type\":\"WebPage\",\"@id\":\"https:\\\/\\\/uk-gb.net\\\/fr\\\/ambassade-angleterre-royaume-uni-en-france\\\/\",\"url\":\"https:\\\/\\\/uk-gb.net\\\/fr\\\/ambassade-angleterre-royaume-uni-en-france\\\/\",\"name\":\"Ambassade du Royaume Uni en France - UK GB\",\"isPartOf\":{\"@id\":\"https:\\\/\\\/uk-gb.net\\\/fr\\\/#website\"},\"datePublished\":\"2023-12-07T16:45:33+00:00\",\"dateModified\":\"2025-05-27T07:53:58+00:00\",\"description\":\"Contactez l'Ambassade du Royaume Uni ou le consulat anglais repr\u00e9sentatif qui se trouve dans votre pays de r\u00e9sidence\",\"inLanguage\":\"fr-FR\",\"potentialAction\":[{\"@type\":\"ReadAction\",\"target\":[\"https:\\\/\\\/uk-gb.net\\\/fr\\\/ambassade-angleterre-royaume-uni-en-france\\\/\"]}]},{\"@type\":\"WebSite\",\"@id\":\"https:\\\/\\\/uk-gb.net\\\/fr\\\/#website\",\"url\":\"https:\\\/\\\/uk-gb.net\\\/fr\\\/\",\"name\":\"UK GB\",\"description\":\"Travel to the UK\",\"potentialAction\":[{\"@type\":\"SearchAction\",\"target\":{\"@type\":\"EntryPoint\",\"urlTemplate\":\"https:\\\/\\\/uk-gb.net\\\/fr\\\/?s={search_term_string}\"},\"query-input\":{\"@type\":\"PropertyValueSpecification\",\"valueRequired\":true,\"valueName\":\"search_term_string\"}}],\"inLanguage\":\"fr-FR\"}]}<\/script>\n<!-- \/ Yoast SEO plugin. -->","yoast_head_json":{"title":"Ambassade du Royaume Uni en France - UK GB","description":"Contactez l'Ambassade du Royaume Uni ou le consulat anglais repr\u00e9sentatif qui se trouve dans votre pays de r\u00e9sidence","robots":{"index":"index","follow":"follow","max-snippet":"max-snippet:-1","max-image-preview":"max-image-preview:large","max-video-preview":"max-video-preview:-1"},"canonical":"https:\/\/uk-gb.net\/fr\/ambassade-angleterre-royaume-uni-en-france\/","og_locale":"fr_FR","og_type":"article","og_title":"Ambassade du Royaume Uni en France - UK GB","og_description":"Contactez l'Ambassade du Royaume Uni ou le consulat anglais repr\u00e9sentatif qui se trouve dans votre pays de r\u00e9sidence","og_url":"https:\/\/uk-gb.net\/fr\/ambassade-angleterre-royaume-uni-en-france\/","og_site_name":"UK GB","article_modified_time":"2025-05-27T07:53:58+00:00","twitter_card":"summary_large_image","twitter_misc":{"Dur\u00e9e de lecture estim\u00e9e":"2 minutes"},"schema":{"@context":"https:\/\/schema.org","@graph":[{"@type":"WebPage","@id":"https:\/\/uk-gb.net\/fr\/ambassade-angleterre-royaume-uni-en-france\/","url":"https:\/\/uk-gb.net\/fr\/ambassade-angleterre-royaume-uni-en-france\/","name":"Ambassade du Royaume Uni en France - UK GB","isPartOf":{"@id":"https:\/\/uk-gb.net\/fr\/#website"},"datePublished":"2023-12-07T16:45:33+00:00","dateModified":"2025-05-27T07:53:58+00:00","description":"Contactez l'Ambassade du Royaume Uni ou le consulat anglais repr\u00e9sentatif qui se trouve dans votre pays de r\u00e9sidence","inLanguage":"fr-FR","potentialAction":[{"@type":"ReadAction","target":["https:\/\/uk-gb.net\/fr\/ambassade-angleterre-royaume-uni-en-france\/"]}]},{"@type":"WebSite","@id":"https:\/\/uk-gb.net\/fr\/#website","url":"https:\/\/uk-gb.net\/fr\/","name":"UK GB","description":"Travel to the UK","potentialAction":[{"@type":"SearchAction","target":{"@type":"EntryPoint","urlTemplate":"https:\/\/uk-gb.net\/fr\/?s={search_term_string}"},"query-input":{"@type":"PropertyValueSpecification","valueRequired":true,"valueName":"search_term_string"}}],"inLanguage":"fr-FR"}]}},"_links":{"self":[{"href":"https:\/\/uk-gb.net\/fr\/wp-json\/wp\/v2\/pages\/671","targetHints":{"allow":["GET"]}}],"collection":[{"href":"https:\/\/uk-gb.net\/fr\/wp-json\/wp\/v2\/pages"}],"about":[{"href":"https:\/\/uk-gb.net\/fr\/wp-json\/wp\/v2\/types\/page"}],"author":[{"embeddable":true,"href":"https:\/\/uk-gb.net\/fr\/wp-json\/wp\/v2\/users\/1"}],"replies":[{"embeddable":true,"href":"https:\/\/uk-gb.net\/fr\/wp-json\/wp\/v2\/comments?post=671"}],"version-history":[{"count":0,"href":"https:\/\/uk-gb.net\/fr\/wp-json\/wp\/v2\/pages\/671\/revisions"}],"wp:attachment":[{"href":"https:\/\/uk-gb.net\/fr\/wp-json\/wp\/v2\/media?parent=671"}],"curies":[{"name":"wp","href":"https:\/\/api.w.org\/{rel}","templated":true}]}}