{"id":666,"date":"2023-12-07T16:41:44","date_gmt":"2023-12-07T16:41:44","guid":{"rendered":"https:\/\/uk-gb.net\/?page_id=666"},"modified":"2025-11-13T15:16:56","modified_gmt":"2025-11-13T15:16:56","slug":"combien-coute-visa-angleterre","status":"publish","type":"page","link":"https:\/\/uk-gb.net\/fr\/combien-coute-visa-angleterre\/","title":{"rendered":"Prix \u00e0 payer pour obtenir un visa pour voyager en Angleterre"},"content":{"rendered":"\n<h1 class=\"wp-block-heading\">Combien coute un visa pour voyager au Royaume Uni ?<\/h1>\n\n\n\n<p>Toute demande de visa pour le Royaume-Uni est soumise \u00e0 des frais obligatoires. Ces frais servent \u00e0 couvrir les co\u00fbts administratifs li\u00e9s \u00e0 l\u2019examen et au traitement des demandes. Le tarif varie selon le <strong>type de visa demand\u00e9<\/strong>, la <strong>dur\u00e9e du s\u00e9jour<\/strong> et <strong>le pays de r\u00e9sidence du demandeur<\/strong>.<\/p>\n\n\n\n<p><strong>Pour un s\u00e9jour touristique <\/strong>: Il n&rsquo;est pas utile d&rsquo;obtenir un visa, il suffit de compl\u00e9ter le <a href=\"https:\/\/uk-gb.net\/fr\/formulaire-en-ligne-eta-visa-angleterre\/\">formulaire ETA en ligne<\/a>.<\/p>\n\n\n\n<div style=\"height:10px\" aria-hidden=\"true\" class=\"wp-block-spacer\"><\/div>\n\n\n\n<p>Pour l\u2019ann\u00e9e <strong>2025<\/strong>, voici quelques exemples indicatifs :<\/p>\n\n\n\n<figure class=\"wp-block-table\"><table><tbody><tr><td><strong>Visa visiteur<\/strong><\/td><td class=\"has-text-align-center\" data-align=\"center\"><strong>Frais de visa<\/strong><\/td><\/tr><tr><td><a href=\"https:\/\/uk-gb.net\/fr\/visa-touristique-angleterre-royaume-uni\/\">Visa touristique<\/a>&nbsp;court s\u00e9jour jusqu\u2019\u00e0 6 mois<\/td><td class=\"has-text-align-center\" data-align=\"center\">\u00a3 115<\/td><\/tr><tr><td>Visa de visite longue dur\u00e9e (2 ans)<\/td><td class=\"has-text-align-center\" data-align=\"center\">\u00a3 400<\/td><\/tr><tr><td>Visa de visite longue dur\u00e9e (5 ans)<\/td><td class=\"has-text-align-center\" data-align=\"center\">\u00a3 771<\/td><\/tr><tr><td>Visa de visite longue dur\u00e9e (10 ans)<\/td><td class=\"has-text-align-center\" data-align=\"center\">\u00a3 963<\/td><\/tr><\/tbody><\/table><figcaption class=\"wp-element-caption\">Tableau des frais de visa pour les visas visiteur<\/figcaption><\/figure>\n\n\n\n<figure class=\"wp-block-table\"><table><tbody><tr><td><strong>Visa de transit<\/strong><\/td><td class=\"has-text-align-center\" data-align=\"center\"><strong><strong>Frais de visa<\/strong><\/strong><\/td><\/tr><tr><td>Direct Airside Transit Visa (DATV) pour les passagers qui restent en zone internationale<\/td><td class=\"has-text-align-center\" data-align=\"center\">\u00a3 39<\/td><\/tr><tr><td>Visitor in Transit Visa : pour les passagers qui doivent passer le contr\u00f4le des fronti\u00e8res<\/td><td class=\"has-text-align-center\" data-align=\"center\">\u00a3 64<\/td><\/tr><\/tbody><\/table><figcaption class=\"wp-element-caption\">Ces visas permettent un s\u00e9jour maximum de 48 heures sur le territoire britannique.<\/figcaption><\/figure>\n\n\n\n<div style=\"height:10px\" aria-hidden=\"true\" class=\"wp-block-spacer\"><\/div>\n\n\n\n<h2 class=\"wp-block-heading\">Frais de visa \u00e9tudiant pour le Royaume Uni<\/h2>\n\n\n\n<p>Les \u00e9tudiants internationaux souhaitant suivre un programme d&rsquo;\u00e9tudes au Royaume-Uni doivent obtenir un <a href=\"https:\/\/uk-gb.net\/fr\/visa-etudiant-angleterre-royaume-uni\/\">visa \u00e9tudiant<\/a>.<\/p>\n\n\n\n<figure class=\"wp-block-table\"><table><tbody><tr><td><strong>Visa \u00e9tudiant court terme<\/strong><\/td><td class=\"has-text-align-center\" data-align=\"center\"><strong><strong>Frais de visa<\/strong><\/strong><\/td><\/tr><tr><td>Frais de demande de visa<\/td><td class=\"has-text-align-center\" data-align=\"center\">\u00a3 524<\/td><\/tr><tr><td>Surcharge pour l&rsquo;acc\u00e8s au syst\u00e8me de sant\u00e9 par an (Immigration Health Surcharge)<\/td><td class=\"has-text-align-center\" data-align=\"center\">\u00a3 776<\/td><\/tr><\/tbody><\/table><figcaption class=\"wp-element-caption\">Le paiement de l&rsquo;IHS est obligatoire et permet l&rsquo;acc\u00e8s au National Health Service pendant la dur\u00e9e du s\u00e9jour.<\/figcaption><\/figure>\n\n\n\n<div style=\"height:10px\" aria-hidden=\"true\" class=\"wp-block-spacer\"><\/div>\n\n\n\n<h2 class=\"wp-block-heading\">Peut-on payer les frais de visa britannique dans une devise locale<\/h2>\n\n\n\n<p>Les frais de visa sont fix\u00e9s en <strong>livres sterling (\u00a3)<\/strong>. Toutefois, le paiement peut g\u00e9n\u00e9ralement s\u2019effectuer dans la <strong>monnaie locale<\/strong> du pays de r\u00e9sidence, sur la base du taux de change appliqu\u00e9 par le gouvernement britannique. Ce taux est mis \u00e0 jour r\u00e9guli\u00e8rement et s\u2019applique automatiquement lors du paiement en ligne.<\/p>\n","protected":false},"excerpt":{"rendered":"<p>Combien coute un visa pour voyager au Royaume Uni ? Toute demande de visa pour le Royaume-Uni est soumise \u00e0 des frais obligatoires. Ces frais servent \u00e0 couvrir les co\u00fbts administratifs li\u00e9s \u00e0 l\u2019examen et au traitement des demandes. Le tarif varie selon le type de visa demand\u00e9, la dur\u00e9e du s\u00e9jour et le pays [&hellip;]<\/p>\n","protected":false},"author":1,"featured_media":0,"parent":0,"menu_order":0,"comment_status":"closed","ping_status":"closed","template":"","meta":{"footnotes":""},"class_list":["post-666","page","type-page","status-publish","hentry"],"yoast_head":"<!-- This site is optimized with the Yoast SEO plugin v27.4 - https:\/\/yoast.com\/product\/yoast-seo-wordpress\/ -->\n<title>Prix \u00e0 payer pour obtenir un visa pour voyager en Angleterre - UK GB<\/title>\n<meta name=\"description\" content=\"Quels sont les frais administratifs \u00e0 payer pour effectuer une demande de visa pour voyager au sein du Royaume Uni\" \/>\n<meta name=\"robots\" content=\"index, follow, max-snippet:-1, max-image-preview:large, max-video-preview:-1\" \/>\n<link rel=\"canonical\" href=\"https:\/\/uk-gb.net\/fr\/combien-coute-visa-angleterre\/\" \/>\n<meta property=\"og:locale\" content=\"fr_FR\" \/>\n<meta property=\"og:type\" content=\"article\" \/>\n<meta property=\"og:title\" content=\"Prix \u00e0 payer pour obtenir un visa pour voyager en Angleterre - UK GB\" \/>\n<meta property=\"og:description\" content=\"Quels sont les frais administratifs \u00e0 payer pour effectuer une demande de visa pour voyager au sein du Royaume Uni\" \/>\n<meta property=\"og:url\" content=\"https:\/\/uk-gb.net\/fr\/combien-coute-visa-angleterre\/\" \/>\n<meta property=\"og:site_name\" content=\"UK GB\" \/>\n<meta property=\"article:modified_time\" content=\"2025-11-13T15:16:56+00:00\" \/>\n<meta name=\"twitter:card\" content=\"summary_large_image\" \/>\n<meta name=\"twitter:label1\" content=\"Dur\u00e9e de lecture estim\u00e9e\" \/>\n\t<meta name=\"twitter:data1\" content=\"2 minutes\" \/>\n<script type=\"application\/ld+json\" class=\"yoast-schema-graph\">{\"@context\":\"https:\\\/\\\/schema.org\",\"@graph\":[{\"@type\":\"WebPage\",\"@id\":\"https:\\\/\\\/uk-gb.net\\\/fr\\\/combien-coute-visa-angleterre\\\/\",\"url\":\"https:\\\/\\\/uk-gb.net\\\/fr\\\/combien-coute-visa-angleterre\\\/\",\"name\":\"Prix \u00e0 payer pour obtenir un visa pour voyager en Angleterre - UK GB\",\"isPartOf\":{\"@id\":\"https:\\\/\\\/uk-gb.net\\\/fr\\\/#website\"},\"datePublished\":\"2023-12-07T16:41:44+00:00\",\"dateModified\":\"2025-11-13T15:16:56+00:00\",\"description\":\"Quels sont les frais administratifs \u00e0 payer pour effectuer une demande de visa pour voyager au sein du Royaume Uni\",\"inLanguage\":\"fr-FR\",\"potentialAction\":[{\"@type\":\"ReadAction\",\"target\":[\"https:\\\/\\\/uk-gb.net\\\/fr\\\/combien-coute-visa-angleterre\\\/\"]}]},{\"@type\":\"WebSite\",\"@id\":\"https:\\\/\\\/uk-gb.net\\\/fr\\\/#website\",\"url\":\"https:\\\/\\\/uk-gb.net\\\/fr\\\/\",\"name\":\"UK GB\",\"description\":\"Travel to the UK\",\"potentialAction\":[{\"@type\":\"SearchAction\",\"target\":{\"@type\":\"EntryPoint\",\"urlTemplate\":\"https:\\\/\\\/uk-gb.net\\\/fr\\\/?s={search_term_string}\"},\"query-input\":{\"@type\":\"PropertyValueSpecification\",\"valueRequired\":true,\"valueName\":\"search_term_string\"}}],\"inLanguage\":\"fr-FR\"}]}<\/script>\n<!-- \/ Yoast SEO plugin. -->","yoast_head_json":{"title":"Prix \u00e0 payer pour obtenir un visa pour voyager en Angleterre - UK GB","description":"Quels sont les frais administratifs \u00e0 payer pour effectuer une demande de visa pour voyager au sein du Royaume Uni","robots":{"index":"index","follow":"follow","max-snippet":"max-snippet:-1","max-image-preview":"max-image-preview:large","max-video-preview":"max-video-preview:-1"},"canonical":"https:\/\/uk-gb.net\/fr\/combien-coute-visa-angleterre\/","og_locale":"fr_FR","og_type":"article","og_title":"Prix \u00e0 payer pour obtenir un visa pour voyager en Angleterre - UK GB","og_description":"Quels sont les frais administratifs \u00e0 payer pour effectuer une demande de visa pour voyager au sein du Royaume Uni","og_url":"https:\/\/uk-gb.net\/fr\/combien-coute-visa-angleterre\/","og_site_name":"UK GB","article_modified_time":"2025-11-13T15:16:56+00:00","twitter_card":"summary_large_image","twitter_misc":{"Dur\u00e9e de lecture estim\u00e9e":"2 minutes"},"schema":{"@context":"https:\/\/schema.org","@graph":[{"@type":"WebPage","@id":"https:\/\/uk-gb.net\/fr\/combien-coute-visa-angleterre\/","url":"https:\/\/uk-gb.net\/fr\/combien-coute-visa-angleterre\/","name":"Prix \u00e0 payer pour obtenir un visa pour voyager en Angleterre - UK GB","isPartOf":{"@id":"https:\/\/uk-gb.net\/fr\/#website"},"datePublished":"2023-12-07T16:41:44+00:00","dateModified":"2025-11-13T15:16:56+00:00","description":"Quels sont les frais administratifs \u00e0 payer pour effectuer une demande de visa pour voyager au sein du Royaume Uni","inLanguage":"fr-FR","potentialAction":[{"@type":"ReadAction","target":["https:\/\/uk-gb.net\/fr\/combien-coute-visa-angleterre\/"]}]},{"@type":"WebSite","@id":"https:\/\/uk-gb.net\/fr\/#website","url":"https:\/\/uk-gb.net\/fr\/","name":"UK GB","description":"Travel to the UK","potentialAction":[{"@type":"SearchAction","target":{"@type":"EntryPoint","urlTemplate":"https:\/\/uk-gb.net\/fr\/?s={search_term_string}"},"query-input":{"@type":"PropertyValueSpecification","valueRequired":true,"valueName":"search_term_string"}}],"inLanguage":"fr-FR"}]}},"_links":{"self":[{"href":"https:\/\/uk-gb.net\/fr\/wp-json\/wp\/v2\/pages\/666","targetHints":{"allow":["GET"]}}],"collection":[{"href":"https:\/\/uk-gb.net\/fr\/wp-json\/wp\/v2\/pages"}],"about":[{"href":"https:\/\/uk-gb.net\/fr\/wp-json\/wp\/v2\/types\/page"}],"author":[{"embeddable":true,"href":"https:\/\/uk-gb.net\/fr\/wp-json\/wp\/v2\/users\/1"}],"replies":[{"embeddable":true,"href":"https:\/\/uk-gb.net\/fr\/wp-json\/wp\/v2\/comments?post=666"}],"version-history":[{"count":0,"href":"https:\/\/uk-gb.net\/fr\/wp-json\/wp\/v2\/pages\/666\/revisions"}],"wp:attachment":[{"href":"https:\/\/uk-gb.net\/fr\/wp-json\/wp\/v2\/media?parent=666"}],"curies":[{"name":"wp","href":"https:\/\/api.w.org\/{rel}","templated":true}]}}