{"id":658,"date":"2023-12-07T16:36:32","date_gmt":"2023-12-07T16:36:32","guid":{"rendered":"https:\/\/uk-gb.net\/?page_id=658"},"modified":"2026-01-05T14:16:53","modified_gmt":"2026-01-05T14:16:53","slug":"visa-enfant-angleterre-royaume-uni","status":"publish","type":"page","link":"https:\/\/uk-gb.net\/fr\/visa-enfant-angleterre-royaume-uni\/","title":{"rendered":"Visa pour enfant pour voyager en Angleterre et au Royaume Uni"},"content":{"rendered":"\n<p>Les enfants, tout comme les adultes, ont besoin d&rsquo;un visa pour entrer en Angleterre s&rsquo;ils ne sont pas citoyens d&rsquo;un pays exempt\u00e9 de visa. Les exigences peuvent varier en fonction de la nationalit\u00e9 de l&rsquo;enfant et de la dur\u00e9e du s\u00e9jour pr\u00e9vu.<\/p>\n\n\n\n<p><strong>Pour un s\u00e9jour de courte dur\u00e9e au Royaume Uni<\/strong>: il n&rsquo;est pas n\u00e9cessaire d&rsquo;obtenir un visa enfant si vous \u00eates ressortissants des <a href=\"https:\/\/uk-gb.net\/fr\/pays-qui-peuvent-demander-eta-royaume-uni\/\">pays \u00e9ligibles \u00e0 l&rsquo;ETA UK<\/a>, il vous suffit de compl\u00e9ter le <a href=\"https:\/\/uk-gb.net\/fr\/formulaire-en-ligne-eta-visa-angleterre\/\">formulaire eTA en ligne<\/a> pour le compte de votre enfant.<\/p>\n\n\n\n<div style=\"height:10px\" aria-hidden=\"true\" class=\"wp-block-spacer\"><\/div>\n\n\n\n<h2 class=\"wp-block-heading\">Quels sont les types de visa britannique pour enfant<\/h2>\n\n\n\n<h3 class=\"wp-block-heading\">Le visa touristique pour enfant<\/h3>\n\n\n\n<p>Le <a href=\"https:\/\/uk-gb.net\/fr\/visa-touristique-angleterre-royaume-uni\/\">visa touristique britannique<\/a> est le type de visa le plus courant pour les enfants qui voyagent en Angleterre pour des vacances ou pour rendre visite \u00e0 des amis et \u00e0 la famille. Ce visa permet un s\u00e9jour de six mois.<\/p>\n\n\n\n<h3 class=\"wp-block-heading\">Le visa \u00e9tudiant pour un enfant<\/h3>\n\n\n\n<p>Si votre enfant pr\u00e9voit de suivre des cours en Angleterre, il aura besoin d&rsquo;un <a href=\"https:\/\/uk-gb.net\/fr\/visa-etudiant-angleterre-royaume-uni\/\">visa \u00e9tudiant britannique<\/a>. Il existe diff\u00e9rents types de visas \u00e9tudiants en fonction de l&rsquo;\u00e2ge de l&rsquo;enfant et de la dur\u00e9e de son programme d&rsquo;\u00e9tudes.<\/p>\n\n\n\n<h3 class=\"wp-block-heading\">Le visa familial pour permettre \u00e0 un enfant de voyager au Royaume Uni<\/h3>\n\n\n\n<p>Pour les enfants rejoignant leurs parents ou tuteurs r\u00e9sidant en Angleterre, un <a href=\"https:\/\/uk-gb.net\/fr\/visa-familial-angleterre-royaume-uni\/\">visa familial anglais<\/a> peut \u00eatre requis. Ce type de visa est g\u00e9n\u00e9ralement utilis\u00e9 pour les s\u00e9jours de longue dur\u00e9e.<\/p>\n\n\n\n<h2 class=\"wp-block-heading\">Proc\u00e9dure de demande de visa pour un enfant mineur<\/h2>\n\n\n\n<h3 class=\"wp-block-heading\">Documents Requis pour demander un visa pour enfant<\/h3>\n\n\n\n<p>Voici la liste des documents \u00e0 fournir dans le cadre d&rsquo;une demande de visa pour un enfant mineur :<\/p>\n\n\n\n<ul class=\"wp-block-list\">\n<li>Un passeport valide de l&rsquo;enfant.<\/li>\n\n\n\n<li>Une photo d&rsquo;identit\u00e9 r\u00e9cente.<\/li>\n\n\n\n<li>Le formulaire de demande de visa d\u00fbment rempli.<\/li>\n\n\n\n<li>Une preuve de ressources financi\u00e8res suffisantes.<\/li>\n\n\n\n<li>Une lettre d&rsquo;invitation (si applicable).<\/li>\n\n\n\n<li>Les preuves d&rsquo;inscription scolaire (pour les visas \u00e9tudiants).<\/li>\n<\/ul>\n\n\n\n<div style=\"height:10px\" aria-hidden=\"true\" class=\"wp-block-spacer\"><\/div>\n\n\n\n<h3 class=\"wp-block-heading\">\u00c9tapes de la demande de visa pour un enfant<\/h3>\n\n\n\n<ul class=\"wp-block-list\">\n<li>Remplir le formulaire de demande de visa en ligne sur le site du gouvernement britannique.<\/li>\n\n\n\n<li>Prendre un <a href=\"https:\/\/uk-gb.net\/fr\/rendez-vous-visa-ambassade-angleterre\/\">rendez-vous de demande de visa<\/a> dans un centre visa pour soumettre les documents requis et fournir les donn\u00e9es biom\u00e9triques de l&rsquo;enfant.<\/li>\n\n\n\n<li>Payer les <a href=\"https:\/\/uk-gb.net\/fr\/combien-coute-visa-angleterre\/\">frais de visa<\/a> en fonction du type de visa et de la dur\u00e9e du s\u00e9jour.<\/li>\n\n\n\n<li>Attendre le traitement des demandes de visa pendant quelques semaines pour obtenir la d\u00e9cision finale.<\/li>\n<\/ul>\n\n\n\n<div style=\"height:10px\" aria-hidden=\"true\" class=\"wp-block-spacer\"><\/div>\n\n\n\n<div style=\"height:10px\" aria-hidden=\"true\" class=\"wp-block-spacer\"><\/div>\n","protected":false},"excerpt":{"rendered":"<p>Les enfants, tout comme les adultes, ont besoin d&rsquo;un visa pour entrer en Angleterre s&rsquo;ils ne sont pas citoyens d&rsquo;un pays exempt\u00e9 de visa. Les exigences peuvent varier en fonction de la nationalit\u00e9 de l&rsquo;enfant et de la dur\u00e9e du s\u00e9jour pr\u00e9vu. Pour un s\u00e9jour de courte dur\u00e9e au Royaume Uni: il n&rsquo;est pas n\u00e9cessaire [&hellip;]<\/p>\n","protected":false},"author":1,"featured_media":0,"parent":0,"menu_order":0,"comment_status":"closed","ping_status":"closed","template":"","meta":{"footnotes":""},"class_list":["post-658","page","type-page","status-publish","hentry"],"yoast_head":"<!-- This site is optimized with the Yoast SEO plugin v27.3 - https:\/\/yoast.com\/product\/yoast-seo-wordpress\/ -->\n<title>Visa pour enfant pour voyager en Angleterre et au Royaume Uni - UK GB<\/title>\n<meta name=\"description\" content=\"Obtenir un visa de voyage pour enfant pour l&#039;Angleterre permet de voyager pendant une dur\u00e9e d\u00e9termin\u00e9e au Royaume Uni\" \/>\n<meta name=\"robots\" content=\"index, follow, max-snippet:-1, max-image-preview:large, max-video-preview:-1\" \/>\n<link rel=\"canonical\" href=\"https:\/\/uk-gb.net\/fr\/visa-enfant-angleterre-royaume-uni\/\" \/>\n<meta property=\"og:locale\" content=\"fr_FR\" \/>\n<meta property=\"og:type\" content=\"article\" \/>\n<meta property=\"og:title\" content=\"Visa pour enfant pour voyager en Angleterre et au Royaume Uni - UK GB\" \/>\n<meta property=\"og:description\" content=\"Obtenir un visa de voyage pour enfant pour l&#039;Angleterre permet de voyager pendant une dur\u00e9e d\u00e9termin\u00e9e au Royaume Uni\" \/>\n<meta property=\"og:url\" content=\"https:\/\/uk-gb.net\/fr\/visa-enfant-angleterre-royaume-uni\/\" \/>\n<meta property=\"og:site_name\" content=\"UK GB\" \/>\n<meta property=\"article:modified_time\" content=\"2026-01-05T14:16:53+00:00\" \/>\n<meta name=\"twitter:card\" content=\"summary_large_image\" \/>\n<meta name=\"twitter:label1\" content=\"Dur\u00e9e de lecture estim\u00e9e\" \/>\n\t<meta name=\"twitter:data1\" content=\"2 minutes\" \/>\n<script type=\"application\/ld+json\" class=\"yoast-schema-graph\">{\"@context\":\"https:\\\/\\\/schema.org\",\"@graph\":[{\"@type\":\"WebPage\",\"@id\":\"https:\\\/\\\/uk-gb.net\\\/fr\\\/visa-enfant-angleterre-royaume-uni\\\/\",\"url\":\"https:\\\/\\\/uk-gb.net\\\/fr\\\/visa-enfant-angleterre-royaume-uni\\\/\",\"name\":\"Visa pour enfant pour voyager en Angleterre et au Royaume Uni - UK GB\",\"isPartOf\":{\"@id\":\"https:\\\/\\\/uk-gb.net\\\/fr\\\/#website\"},\"datePublished\":\"2023-12-07T16:36:32+00:00\",\"dateModified\":\"2026-01-05T14:16:53+00:00\",\"description\":\"Obtenir un visa de voyage pour enfant pour l'Angleterre permet de voyager pendant une dur\u00e9e d\u00e9termin\u00e9e au Royaume Uni\",\"inLanguage\":\"fr-FR\",\"potentialAction\":[{\"@type\":\"ReadAction\",\"target\":[\"https:\\\/\\\/uk-gb.net\\\/fr\\\/visa-enfant-angleterre-royaume-uni\\\/\"]}]},{\"@type\":\"WebSite\",\"@id\":\"https:\\\/\\\/uk-gb.net\\\/fr\\\/#website\",\"url\":\"https:\\\/\\\/uk-gb.net\\\/fr\\\/\",\"name\":\"UK GB\",\"description\":\"Travel to the UK\",\"potentialAction\":[{\"@type\":\"SearchAction\",\"target\":{\"@type\":\"EntryPoint\",\"urlTemplate\":\"https:\\\/\\\/uk-gb.net\\\/fr\\\/?s={search_term_string}\"},\"query-input\":{\"@type\":\"PropertyValueSpecification\",\"valueRequired\":true,\"valueName\":\"search_term_string\"}}],\"inLanguage\":\"fr-FR\"}]}<\/script>\n<!-- \/ Yoast SEO plugin. -->","yoast_head_json":{"title":"Visa pour enfant pour voyager en Angleterre et au Royaume Uni - UK GB","description":"Obtenir un visa de voyage pour enfant pour l'Angleterre permet de voyager pendant une dur\u00e9e d\u00e9termin\u00e9e au Royaume Uni","robots":{"index":"index","follow":"follow","max-snippet":"max-snippet:-1","max-image-preview":"max-image-preview:large","max-video-preview":"max-video-preview:-1"},"canonical":"https:\/\/uk-gb.net\/fr\/visa-enfant-angleterre-royaume-uni\/","og_locale":"fr_FR","og_type":"article","og_title":"Visa pour enfant pour voyager en Angleterre et au Royaume Uni - UK GB","og_description":"Obtenir un visa de voyage pour enfant pour l'Angleterre permet de voyager pendant une dur\u00e9e d\u00e9termin\u00e9e au Royaume Uni","og_url":"https:\/\/uk-gb.net\/fr\/visa-enfant-angleterre-royaume-uni\/","og_site_name":"UK GB","article_modified_time":"2026-01-05T14:16:53+00:00","twitter_card":"summary_large_image","twitter_misc":{"Dur\u00e9e de lecture estim\u00e9e":"2 minutes"},"schema":{"@context":"https:\/\/schema.org","@graph":[{"@type":"WebPage","@id":"https:\/\/uk-gb.net\/fr\/visa-enfant-angleterre-royaume-uni\/","url":"https:\/\/uk-gb.net\/fr\/visa-enfant-angleterre-royaume-uni\/","name":"Visa pour enfant pour voyager en Angleterre et au Royaume Uni - UK GB","isPartOf":{"@id":"https:\/\/uk-gb.net\/fr\/#website"},"datePublished":"2023-12-07T16:36:32+00:00","dateModified":"2026-01-05T14:16:53+00:00","description":"Obtenir un visa de voyage pour enfant pour l'Angleterre permet de voyager pendant une dur\u00e9e d\u00e9termin\u00e9e au Royaume Uni","inLanguage":"fr-FR","potentialAction":[{"@type":"ReadAction","target":["https:\/\/uk-gb.net\/fr\/visa-enfant-angleterre-royaume-uni\/"]}]},{"@type":"WebSite","@id":"https:\/\/uk-gb.net\/fr\/#website","url":"https:\/\/uk-gb.net\/fr\/","name":"UK GB","description":"Travel to the UK","potentialAction":[{"@type":"SearchAction","target":{"@type":"EntryPoint","urlTemplate":"https:\/\/uk-gb.net\/fr\/?s={search_term_string}"},"query-input":{"@type":"PropertyValueSpecification","valueRequired":true,"valueName":"search_term_string"}}],"inLanguage":"fr-FR"}]}},"_links":{"self":[{"href":"https:\/\/uk-gb.net\/fr\/wp-json\/wp\/v2\/pages\/658","targetHints":{"allow":["GET"]}}],"collection":[{"href":"https:\/\/uk-gb.net\/fr\/wp-json\/wp\/v2\/pages"}],"about":[{"href":"https:\/\/uk-gb.net\/fr\/wp-json\/wp\/v2\/types\/page"}],"author":[{"embeddable":true,"href":"https:\/\/uk-gb.net\/fr\/wp-json\/wp\/v2\/users\/1"}],"replies":[{"embeddable":true,"href":"https:\/\/uk-gb.net\/fr\/wp-json\/wp\/v2\/comments?post=658"}],"version-history":[{"count":0,"href":"https:\/\/uk-gb.net\/fr\/wp-json\/wp\/v2\/pages\/658\/revisions"}],"wp:attachment":[{"href":"https:\/\/uk-gb.net\/fr\/wp-json\/wp\/v2\/media?parent=658"}],"curies":[{"name":"wp","href":"https:\/\/api.w.org\/{rel}","templated":true}]}}