{"id":654,"date":"2023-12-07T15:10:50","date_gmt":"2023-12-07T15:10:50","guid":{"rendered":"https:\/\/uk-gb.net\/?page_id=654"},"modified":"2026-01-06T13:14:06","modified_gmt":"2026-01-06T13:14:06","slug":"visa-familial-angleterre-royaume-uni","status":"publish","type":"page","link":"https:\/\/uk-gb.net\/fr\/visa-familial-angleterre-royaume-uni\/","title":{"rendered":"Visa familial pour le Royaume uni"},"content":{"rendered":"\n<h1 class=\"wp-block-heading\">Le visa familial pour voyager au Royaume Uni<\/h1>\n\n\n\n<p>Le visa familial britannique permet \u00e0 un ressortissant \u00e9tranger de rejoindre un membre de sa famille vivant l\u00e9galement au Royaume-Uni. Ce visa concerne aussi bien les conjoints, les enfants, les parents que d\u2019autres membres de la famille proche. Voici un guide complet sur les conditions, la proc\u00e9dure et les types de visas familiaux disponibles pour venir au Royaume-Uni.<\/p>\n\n\n\n<p><strong>Pour un court s\u00e9jour <\/strong>: Il n\u2019est pas utile d\u2019obtenir un visa, il suffit de compl\u00e9ter le <a href=\"https:\/\/uk-gb.net\/fr\/formulaire-en-ligne-eta-visa-angleterre\/\">formulaire ETA en ligne<\/a>.<\/p>\n\n\n\n<div style=\"height:10px\" aria-hidden=\"true\" class=\"wp-block-spacer\"><\/div>\n\n\n\n<h2 class=\"wp-block-heading\">Qui peut demander un visa familial pour le Royaume-Uni ?<\/h2>\n\n\n\n<p>Le visa famille concerne plusieurs situations. Vous pouvez en faire la demande si vous souhaitez :<\/p>\n\n\n\n<ul class=\"wp-block-list\">\n<li>Rejoindre votre \u00e9poux(se) ou partenaire civil(e) vivant au Royaume-Uni ;<\/li>\n\n\n\n<li>Vivre avec un parent ou enfant britannique ou r\u00e9sidant l\u00e9galement au Royaume-Uni ;<\/li>\n\n\n\n<li>Rejoindre un partenaire non mari\u00e9 si vous \u00eates en relation stable depuis au moins 2 ans ;<\/li>\n\n\n\n<li>Accompagner un membre de votre famille qui a un statut de r\u00e9fugi\u00e9 ou une protection humanitaire au Royaume-Uni.<\/li>\n<\/ul>\n\n\n\n<p>Le membre de la famille que vous rejoignez doit g\u00e9n\u00e9ralement \u00eatre citoyen britannique, avoir le statut de r\u00e9sident permanent (ILR), ou \u00eatre titulaire du statut de r\u00e9fugi\u00e9.<\/p>\n\n\n\n<div style=\"height:10px\" aria-hidden=\"true\" class=\"wp-block-spacer\"><\/div>\n\n\n\n<p>Depuis 2024, le Royaume Uni a mis en place le syst\u00e8me <a href=\"https:\/\/uk-gb.net\/fr\/eta-angleterre-royaume-uni\/\">ETA du Royaume-Uni<\/a>. Les voyageurs \u00e9trangers \u00e9ligibles peuvent dor\u00e9navant voyager sans obtenir de <a href=\"https:\/\/uk-gb.net\/fr\/differents-types-visas-britanniques\/\">visa pour le Royaume Uni<\/a>.<\/p>\n\n\n\n<p><strong>Pour faire une demande ETA ligne<\/strong> , il suffit de compl\u00e9ter le <a href=\"https:\/\/uk-gb.net\/fr\/formulaire-en-ligne-eta-visa-angleterre\/\">formulaire ETA en ligne<\/a>.<\/p>\n\n\n\n<div style=\"height:10px\" aria-hidden=\"true\" class=\"wp-block-spacer\"><\/div>\n\n\n\n<h2 class=\"wp-block-heading\">Les crit\u00e8res d&rsquo;\u00e9ligibilit\u00e9 du visa familial<\/h2>\n\n\n\n<p>Pour \u00eatre \u00e9ligible \u00e0 l&rsquo;obtention d&rsquo;un <a href=\"https:\/\/www.gov.uk\/uk-family-visa\">visa familial britannique<\/a>, il est n\u00e9cessaire au minimum de remplir les conditions suivantes :<\/p>\n\n\n\n<ul class=\"wp-block-list\">\n<li>\u00catre en relation authentique et reconnue avec un citoyen britannique ou un r\u00e9sident permanent.<\/li>\n\n\n\n<li>Prouver que vous disposez de ressources financi\u00e8res suffisantes pour subvenir \u00e0 vos besoins sans recourir aux fonds publics.<\/li>\n\n\n\n<li>Avoir une connaissance suffisante de l&rsquo;anglais.<\/li>\n\n\n\n<li>Fournir une preuve d&rsquo;h\u00e9bergement en Angleterre.<\/li>\n<\/ul>\n\n\n\n<div style=\"height:10px\" aria-hidden=\"true\" class=\"wp-block-spacer\"><\/div>\n\n\n\n<h2 class=\"wp-block-heading\">Les \u00e9tapes d&rsquo;une demande de visa familial<\/h2>\n\n\n\n<ol class=\"wp-block-list\">\n<li>Remplir le <a href=\"https:\/\/uk-gb.net\/fr\/procedure-demande-visa-royaume-uni\/\">formulaire de demande de visa en ligne<\/a> sur le site du gouvernement britannique.<\/li>\n\n\n\n<li>Pr\u00e9parez tous les documents n\u00e9cessaires, y compris les preuves de relation, les preuves financi\u00e8res et les r\u00e9sultats de tests linguistiques.<\/li>\n\n\n\n<li>Soumettre la demande en ligne et payez les <a href=\"https:\/\/uk-gb.net\/fr\/combien-coute-visa-angleterre\/\">frais de visa<\/a> applicables.<\/li>\n\n\n\n<li>Prendre rendez-vous dans un centre de demande de visa pour fournir vos empreintes digitales et une photo.<\/li>\n<\/ol>\n\n\n\n<div style=\"height:10px\" aria-hidden=\"true\" class=\"wp-block-spacer\"><\/div>\n\n\n\n<p>Le traitement de la demande de visa et la prise de d\u00e9cision peuvent prendre plusieurs semaines pour aboutir.<\/p>\n\n\n\n<h2 class=\"wp-block-heading\">Les documents \u00e0 fournir dans le cadre de la demande de visa<\/h2>\n\n\n\n<p>Les documents n\u00e9cessaires au minimum dans le cadre d&rsquo;une demande de visa familial sont :<\/p>\n\n\n\n<ul class=\"wp-block-list\">\n<li>Un passeport valide.<\/li>\n\n\n\n<li>Preuves de la relation (certificat de mariage, certificat de naissance, etc.).<\/li>\n\n\n\n<li>Preuves de ressources financi\u00e8res (relev\u00e9s bancaires, lettres d&#8217;employeur).<\/li>\n\n\n\n<li>Test de langue anglaise (le cas \u00e9ch\u00e9ant).<\/li>\n\n\n\n<li>Preuves d&rsquo;h\u00e9bergement en Angleterre.<\/li>\n<\/ul>\n","protected":false},"excerpt":{"rendered":"<p>Le visa familial pour voyager au Royaume Uni Le visa familial britannique permet \u00e0 un ressortissant \u00e9tranger de rejoindre un membre de sa famille vivant l\u00e9galement au Royaume-Uni. Ce visa concerne aussi bien les conjoints, les enfants, les parents que d\u2019autres membres de la famille proche. Voici un guide complet sur les conditions, la proc\u00e9dure [&hellip;]<\/p>\n","protected":false},"author":1,"featured_media":0,"parent":0,"menu_order":0,"comment_status":"closed","ping_status":"closed","template":"","meta":{"footnotes":""},"class_list":["post-654","page","type-page","status-publish","hentry"],"yoast_head":"<!-- This site is optimized with the Yoast SEO plugin v27.3 - https:\/\/yoast.com\/product\/yoast-seo-wordpress\/ -->\n<title>Visa familial pour le Royaume uni - UK GB<\/title>\n<meta name=\"description\" content=\"Obtenir un visa familial pour pouvoir s\u00e9journer en Angleterre et au Royaume Uni pendant la dur\u00e9e du visa obtenu\" \/>\n<meta name=\"robots\" content=\"index, follow, max-snippet:-1, max-image-preview:large, max-video-preview:-1\" \/>\n<link rel=\"canonical\" href=\"https:\/\/uk-gb.net\/fr\/visa-familial-angleterre-royaume-uni\/\" \/>\n<meta property=\"og:locale\" content=\"fr_FR\" \/>\n<meta property=\"og:type\" content=\"article\" \/>\n<meta property=\"og:title\" content=\"Visa familial pour le Royaume uni - UK GB\" \/>\n<meta property=\"og:description\" content=\"Obtenir un visa familial pour pouvoir s\u00e9journer en Angleterre et au Royaume Uni pendant la dur\u00e9e du visa obtenu\" \/>\n<meta property=\"og:url\" content=\"https:\/\/uk-gb.net\/fr\/visa-familial-angleterre-royaume-uni\/\" \/>\n<meta property=\"og:site_name\" content=\"UK GB\" \/>\n<meta property=\"article:modified_time\" content=\"2026-01-06T13:14:06+00:00\" \/>\n<meta name=\"twitter:card\" content=\"summary_large_image\" \/>\n<meta name=\"twitter:label1\" content=\"Dur\u00e9e de lecture estim\u00e9e\" \/>\n\t<meta name=\"twitter:data1\" content=\"3 minutes\" \/>\n<script type=\"application\/ld+json\" class=\"yoast-schema-graph\">{\"@context\":\"https:\\\/\\\/schema.org\",\"@graph\":[{\"@type\":\"WebPage\",\"@id\":\"https:\\\/\\\/uk-gb.net\\\/fr\\\/visa-familial-angleterre-royaume-uni\\\/\",\"url\":\"https:\\\/\\\/uk-gb.net\\\/fr\\\/visa-familial-angleterre-royaume-uni\\\/\",\"name\":\"Visa familial pour le Royaume uni - UK GB\",\"isPartOf\":{\"@id\":\"https:\\\/\\\/uk-gb.net\\\/fr\\\/#website\"},\"datePublished\":\"2023-12-07T15:10:50+00:00\",\"dateModified\":\"2026-01-06T13:14:06+00:00\",\"description\":\"Obtenir un visa familial pour pouvoir s\u00e9journer en Angleterre et au Royaume Uni pendant la dur\u00e9e du visa obtenu\",\"inLanguage\":\"fr-FR\",\"potentialAction\":[{\"@type\":\"ReadAction\",\"target\":[\"https:\\\/\\\/uk-gb.net\\\/fr\\\/visa-familial-angleterre-royaume-uni\\\/\"]}]},{\"@type\":\"WebSite\",\"@id\":\"https:\\\/\\\/uk-gb.net\\\/fr\\\/#website\",\"url\":\"https:\\\/\\\/uk-gb.net\\\/fr\\\/\",\"name\":\"UK GB\",\"description\":\"Travel to the UK\",\"potentialAction\":[{\"@type\":\"SearchAction\",\"target\":{\"@type\":\"EntryPoint\",\"urlTemplate\":\"https:\\\/\\\/uk-gb.net\\\/fr\\\/?s={search_term_string}\"},\"query-input\":{\"@type\":\"PropertyValueSpecification\",\"valueRequired\":true,\"valueName\":\"search_term_string\"}}],\"inLanguage\":\"fr-FR\"}]}<\/script>\n<!-- \/ Yoast SEO plugin. -->","yoast_head_json":{"title":"Visa familial pour le Royaume uni - UK GB","description":"Obtenir un visa familial pour pouvoir s\u00e9journer en Angleterre et au Royaume Uni pendant la dur\u00e9e du visa obtenu","robots":{"index":"index","follow":"follow","max-snippet":"max-snippet:-1","max-image-preview":"max-image-preview:large","max-video-preview":"max-video-preview:-1"},"canonical":"https:\/\/uk-gb.net\/fr\/visa-familial-angleterre-royaume-uni\/","og_locale":"fr_FR","og_type":"article","og_title":"Visa familial pour le Royaume uni - UK GB","og_description":"Obtenir un visa familial pour pouvoir s\u00e9journer en Angleterre et au Royaume Uni pendant la dur\u00e9e du visa obtenu","og_url":"https:\/\/uk-gb.net\/fr\/visa-familial-angleterre-royaume-uni\/","og_site_name":"UK GB","article_modified_time":"2026-01-06T13:14:06+00:00","twitter_card":"summary_large_image","twitter_misc":{"Dur\u00e9e de lecture estim\u00e9e":"3 minutes"},"schema":{"@context":"https:\/\/schema.org","@graph":[{"@type":"WebPage","@id":"https:\/\/uk-gb.net\/fr\/visa-familial-angleterre-royaume-uni\/","url":"https:\/\/uk-gb.net\/fr\/visa-familial-angleterre-royaume-uni\/","name":"Visa familial pour le Royaume uni - UK GB","isPartOf":{"@id":"https:\/\/uk-gb.net\/fr\/#website"},"datePublished":"2023-12-07T15:10:50+00:00","dateModified":"2026-01-06T13:14:06+00:00","description":"Obtenir un visa familial pour pouvoir s\u00e9journer en Angleterre et au Royaume Uni pendant la dur\u00e9e du visa obtenu","inLanguage":"fr-FR","potentialAction":[{"@type":"ReadAction","target":["https:\/\/uk-gb.net\/fr\/visa-familial-angleterre-royaume-uni\/"]}]},{"@type":"WebSite","@id":"https:\/\/uk-gb.net\/fr\/#website","url":"https:\/\/uk-gb.net\/fr\/","name":"UK GB","description":"Travel to the UK","potentialAction":[{"@type":"SearchAction","target":{"@type":"EntryPoint","urlTemplate":"https:\/\/uk-gb.net\/fr\/?s={search_term_string}"},"query-input":{"@type":"PropertyValueSpecification","valueRequired":true,"valueName":"search_term_string"}}],"inLanguage":"fr-FR"}]}},"_links":{"self":[{"href":"https:\/\/uk-gb.net\/fr\/wp-json\/wp\/v2\/pages\/654","targetHints":{"allow":["GET"]}}],"collection":[{"href":"https:\/\/uk-gb.net\/fr\/wp-json\/wp\/v2\/pages"}],"about":[{"href":"https:\/\/uk-gb.net\/fr\/wp-json\/wp\/v2\/types\/page"}],"author":[{"embeddable":true,"href":"https:\/\/uk-gb.net\/fr\/wp-json\/wp\/v2\/users\/1"}],"replies":[{"embeddable":true,"href":"https:\/\/uk-gb.net\/fr\/wp-json\/wp\/v2\/comments?post=654"}],"version-history":[{"count":0,"href":"https:\/\/uk-gb.net\/fr\/wp-json\/wp\/v2\/pages\/654\/revisions"}],"wp:attachment":[{"href":"https:\/\/uk-gb.net\/fr\/wp-json\/wp\/v2\/media?parent=654"}],"curies":[{"name":"wp","href":"https:\/\/api.w.org\/{rel}","templated":true}]}}