{"id":650,"date":"2023-12-07T15:07:43","date_gmt":"2023-12-07T15:07:43","guid":{"rendered":"https:\/\/uk-gb.net\/?page_id=650"},"modified":"2025-06-05T10:52:41","modified_gmt":"2025-06-05T09:52:41","slug":"visa-etudiant-angleterre-royaume-uni","status":"publish","type":"page","link":"https:\/\/uk-gb.net\/fr\/visa-etudiant-angleterre-royaume-uni\/","title":{"rendered":"Visa \u00e9tudiant pour le Royaume Uni"},"content":{"rendered":"\n<h1 class=\"wp-block-heading\">Visa pour \u00e9tudier au Royaume Uni<\/h1>\n\n\n\n<p>Le <strong>visa \u00e9tudiant britannique<\/strong>, appel\u00e9 officiellement <strong>Student visa<\/strong>, est obligatoire pour tout \u00e9tudiant international souhaitant suivre un programme d&rsquo;\u00e9tudes au Royaume-Uni pour une dur\u00e9e sup\u00e9rieure \u00e0 6 mois. \u00c9tudier en Angleterre, en \u00c9cosse, au Pays de Galles ou en Irlande du Nord offre l&rsquo;opportunit\u00e9 d\u2019int\u00e9grer des universit\u00e9s mondialement reconnues comme Oxford, Cambridge, Edinburgh ou UCL.<\/p>\n\n\n\n<p><strong>Pour un s\u00e9jour scolaire inf\u00e9rieur \u00e0 6 mois<\/strong> : Il n\u2019est pas n\u00e9cessaire d\u2019obtenir un visa \u00e9tudiant britannique, il suffit de demander une autorisation de voyage en compl\u00e9tant le <a href=\"https:\/\/uk-gb.net\/fr\/formulaire-en-ligne-eta-visa-angleterre\/\">formulaire ETA en ligne<\/a>.<\/p>\n\n\n\n<div style=\"height:10px\" aria-hidden=\"true\" class=\"wp-block-spacer\"><\/div>\n\n\n\n<h2 class=\"wp-block-heading\">Qui a besoin d\u2019un visa \u00e9tudiant pour le Royaume-Uni ?<\/h2>\n\n\n\n<p>Vous devez demander un visa \u00e9tudiant si vous :<\/p>\n\n\n\n<ul class=\"wp-block-list\">\n<li>Avez 16 ans ou plus<\/li>\n\n\n\n<li>Avez \u00e9t\u00e9 accept\u00e9 dans un \u00e9tablissement d\u2019enseignement agr\u00e9\u00e9 au Royaume-Uni<\/li>\n\n\n\n<li>Souhaitez suivre un <strong>programme d\u2019\u00e9tudes de plus de 6 mois<\/strong><\/li>\n\n\n\n<li>N\u2019\u00eates <strong>pas citoyen britannique ou irlandais<\/strong><\/li>\n\n\n\n<li>N\u2019\u00eates pas \u00e9ligible \u00e0 une <a href=\"https:\/\/uk-gb.net\/fr\/eta-angleterre-royaume-uni\/\">ETA du Royaume Uni<\/a><\/li>\n<\/ul>\n\n\n\n<blockquote class=\"wp-block-quote is-layout-flow wp-block-quote-is-layout-flow\">\n<p>Les citoyens europ\u00e9ens doivent eux aussi faire une demande de visa \u00e9tudiant depuis la sortie du Royaume-Uni de l\u2019UE.<\/p>\n<\/blockquote>\n\n\n\n<h2 class=\"wp-block-heading\">Conditions \u00e0 remplir pour obtenir un visa \u00e9tudiant UK<\/h2>\n\n\n\n<p>Pour que votre demande soit accept\u00e9e, vous devez :<\/p>\n\n\n\n<p>\u2705 Recevoir une <strong>Confirmation of Acceptance for Studies (CAS)<\/strong>, \u00e9mise par votre universit\u00e9 ou \u00e9tablissement<br>\u2705 Justifier d\u2019un <strong>niveau suffisant en anglais<\/strong> (g\u00e9n\u00e9ralement niveau B2 pour l\u2019enseignement sup\u00e9rieur)<br>\u2705 Prouver que vous disposez de <strong>ressources financi\u00e8res<\/strong> suffisantes pour couvrir les frais de scolarit\u00e9, de logement et de vie courante sur place<br>\u2705 Payer la <strong>surcharge sant\u00e9 (Immigration Health Surcharge)<\/strong> pour b\u00e9n\u00e9ficier du NHS pendant vos \u00e9tudes<\/p>\n\n\n\n<div style=\"height:10px\" aria-hidden=\"true\" class=\"wp-block-spacer\"><\/div>\n\n\n\n<h2 class=\"wp-block-heading\">Dur\u00e9e de validit\u00e9 du visa \u00e9tudiant<\/h2>\n\n\n\n<p>La dur\u00e9e du visa d\u00e9pend de la longueur du programme scolaire :<\/p>\n\n\n\n<ul class=\"wp-block-list\">\n<li><strong>Pour les enseignements de 6 \u00e0 11 mois<\/strong> : visa de dur\u00e9e \u00e9quivalente<\/li>\n\n\n\n<li><strong>Licence, master ou doctorat<\/strong> : dur\u00e9e du programme + 1 \u00e0 2 mois suppl\u00e9mentaires<\/li>\n\n\n\n<li>Possibilit\u00e9 de prolonger ou renouveler le visa en cas de poursuite d\u2019\u00e9tudes ou de changement d\u2019\u00e9tablissement<\/li>\n<\/ul>\n\n\n\n<p>Les dipl\u00f4m\u00e9s peuvent ensuite demander un <strong>Graduate Visa<\/strong>, pour rester jusqu\u2019\u00e0 2 ans apr\u00e8s la fin de leurs \u00e9tudes (3 ans pour un doctorat).<\/p>\n\n\n\n<h2 class=\"wp-block-heading\">Combien co\u00fbte un visa \u00e9tudiant pour le Royaume-Uni ?<\/h2>\n\n\n\n<figure class=\"wp-block-table\"><table><tbody><tr><td>Visa \u00e9tudiant (standard)<\/td><td>490 \u00a3<\/td><\/tr><tr><td>Immigration Health Surcharge (IHS)<\/td><td>776 \u00a3 par an (ou 388 \u00a3 pour 6 mois)<\/td><\/tr><\/tbody><\/table><\/figure>\n\n\n\n<p>Le paiement des <a href=\"https:\/\/uk-gb.net\/fr\/combien-coute-visa-angleterre\/\">frais de visa<\/a> se fait en ligne au moment de la demande. Ces frais ne sont <strong>pas remboursables<\/strong>, m\u00eame en cas de refus.<\/p>\n\n\n\n<h2 class=\"wp-block-heading\">D\u00e9marches pour faire une demande de visa \u00e9tudiant<\/h2>\n\n\n\n<ol class=\"wp-block-list\">\n<li><strong>Recevoir une CAS<\/strong> de l\u2019\u00e9tablissement choisi<\/li>\n\n\n\n<li><strong>Cr\u00e9er un compte sur gov.uk<\/strong> et remplir le formulaire de demande<\/li>\n\n\n\n<li><strong>Payer les frais de visa + IHS<\/strong><\/li>\n\n\n\n<li><strong>Prendre rendez-vous dans un centre de demande de visa<\/strong> pour les donn\u00e9es biom\u00e9triques<\/li>\n\n\n\n<li><strong>Soumettre les documents<\/strong> justificatifs<\/li>\n\n\n\n<li>Attendre la d\u00e9cision<\/li>\n<\/ol>\n\n\n\n<blockquote class=\"wp-block-quote is-layout-flow wp-block-quote-is-layout-flow\">\n<p>Une fois approuv\u00e9, votre visa vous permettra de <strong>travailler jusqu\u2019\u00e0 20 heures par semaine<\/strong> pendant les p\u00e9riodes de cours, et \u00e0 temps plein durant les vacances.<\/p>\n<\/blockquote>\n\n\n\n<h2 class=\"wp-block-heading\">Peut-on \u00e9tudier au Royaume Uni avec une ETA et sans visa ?<\/h2>\n\n\n\n<p>Oui, <strong>dans certains cas<\/strong>, un s\u00e9jour scolaire de quelques mois au Royaume-Uni peut \u00eatre effectu\u00e9 avec une <a href=\"https:\/\/uk-gb.net\/fr\/eta-angleterre-royaume-uni\/\">ETA pour le Royaume Uni<\/a>, mais cela d\u00e9pend de la nature exacte du s\u00e9jour. Voici les d\u00e9tails :<\/p>\n\n\n\n<ul class=\"wp-block-list\">\n<li>Le s\u00e9jour dure <strong>moins de 6 mois<\/strong><\/li>\n\n\n\n<li>Il s\u2019agit d\u2019un <strong>\u00e9change scolaire<\/strong> ou d\u2019un programme <strong>non r\u00e9mun\u00e9r\u00e9<\/strong><\/li>\n\n\n\n<li>L\u2019\u00e9tablissement d\u2019accueil est <strong>accr\u00e9dit\u00e9<\/strong> au Royaume-Uni<\/li>\n\n\n\n<li>L\u2019\u00e9l\u00e8ve est ressortissant d\u2019un <a href=\"https:\/\/uk-gb.net\/fr\/pays-qui-peuvent-demander-eta-royaume-uni\/\">pays \u00e9ligible \u00e0 l\u2019ETA<\/a> (UE, Canada, Japon, etc.)<\/li>\n\n\n\n<li>Le programme n\u2019inclut <strong>pas de travail, de stage r\u00e9mun\u00e9r\u00e9, ni de scolarit\u00e9 formelle de longue dur\u00e9e<\/strong><\/li>\n<\/ul>\n\n\n\n<blockquote class=\"wp-block-quote is-layout-flow wp-block-quote-is-layout-flow\">\n<p>Exemple : un \u00e9l\u00e8ve europ\u00e9en part dans un lyc\u00e9e britannique pour un trimestre dans le cadre d\u2019un programme d\u2019\u00e9change \u2192 une ETA suffit.<\/p>\n<\/blockquote>\n","protected":false},"excerpt":{"rendered":"<p>Visa pour \u00e9tudier au Royaume Uni Le visa \u00e9tudiant britannique, appel\u00e9 officiellement Student visa, est obligatoire pour tout \u00e9tudiant international souhaitant suivre un programme d&rsquo;\u00e9tudes au Royaume-Uni pour une dur\u00e9e sup\u00e9rieure \u00e0 6 mois. \u00c9tudier en Angleterre, en \u00c9cosse, au Pays de Galles ou en Irlande du Nord offre l&rsquo;opportunit\u00e9 d\u2019int\u00e9grer des universit\u00e9s mondialement reconnues [&hellip;]<\/p>\n","protected":false},"author":1,"featured_media":0,"parent":0,"menu_order":0,"comment_status":"closed","ping_status":"closed","template":"","meta":{"footnotes":""},"class_list":["post-650","page","type-page","status-publish","hentry"],"yoast_head":"<!-- This site is optimized with the Yoast SEO plugin v27.4 - https:\/\/yoast.com\/product\/yoast-seo-wordpress\/ -->\n<title>Visa \u00e9tudiant pour le Royaume Uni - UK GB<\/title>\n<meta name=\"description\" content=\"Voici les principales informations \u00e0 propos du visa \u00e9tudiant pour \u00e9tudier et s\u00e9journer au Royaume Uni dans le cadre de ses \u00e9tudes\" \/>\n<meta name=\"robots\" content=\"index, follow, max-snippet:-1, max-image-preview:large, max-video-preview:-1\" \/>\n<link rel=\"canonical\" href=\"https:\/\/uk-gb.net\/fr\/visa-etudiant-angleterre-royaume-uni\/\" \/>\n<meta property=\"og:locale\" content=\"fr_FR\" \/>\n<meta property=\"og:type\" content=\"article\" \/>\n<meta property=\"og:title\" content=\"Visa \u00e9tudiant pour le Royaume Uni - UK GB\" \/>\n<meta property=\"og:description\" content=\"Voici les principales informations \u00e0 propos du visa \u00e9tudiant pour \u00e9tudier et s\u00e9journer au Royaume Uni dans le cadre de ses \u00e9tudes\" \/>\n<meta property=\"og:url\" content=\"https:\/\/uk-gb.net\/fr\/visa-etudiant-angleterre-royaume-uni\/\" \/>\n<meta property=\"og:site_name\" content=\"UK GB\" \/>\n<meta property=\"article:modified_time\" content=\"2025-06-05T09:52:41+00:00\" \/>\n<meta name=\"twitter:card\" content=\"summary_large_image\" \/>\n<meta name=\"twitter:label1\" content=\"Dur\u00e9e de lecture estim\u00e9e\" \/>\n\t<meta name=\"twitter:data1\" content=\"3 minutes\" \/>\n<script type=\"application\/ld+json\" class=\"yoast-schema-graph\">{\"@context\":\"https:\\\/\\\/schema.org\",\"@graph\":[{\"@type\":\"WebPage\",\"@id\":\"https:\\\/\\\/uk-gb.net\\\/fr\\\/visa-etudiant-angleterre-royaume-uni\\\/\",\"url\":\"https:\\\/\\\/uk-gb.net\\\/fr\\\/visa-etudiant-angleterre-royaume-uni\\\/\",\"name\":\"Visa \u00e9tudiant pour le Royaume Uni - UK GB\",\"isPartOf\":{\"@id\":\"https:\\\/\\\/uk-gb.net\\\/fr\\\/#website\"},\"datePublished\":\"2023-12-07T15:07:43+00:00\",\"dateModified\":\"2025-06-05T09:52:41+00:00\",\"description\":\"Voici les principales informations \u00e0 propos du visa \u00e9tudiant pour \u00e9tudier et s\u00e9journer au Royaume Uni dans le cadre de ses \u00e9tudes\",\"inLanguage\":\"fr-FR\",\"potentialAction\":[{\"@type\":\"ReadAction\",\"target\":[\"https:\\\/\\\/uk-gb.net\\\/fr\\\/visa-etudiant-angleterre-royaume-uni\\\/\"]}]},{\"@type\":\"WebSite\",\"@id\":\"https:\\\/\\\/uk-gb.net\\\/fr\\\/#website\",\"url\":\"https:\\\/\\\/uk-gb.net\\\/fr\\\/\",\"name\":\"UK GB\",\"description\":\"Travel to the UK\",\"potentialAction\":[{\"@type\":\"SearchAction\",\"target\":{\"@type\":\"EntryPoint\",\"urlTemplate\":\"https:\\\/\\\/uk-gb.net\\\/fr\\\/?s={search_term_string}\"},\"query-input\":{\"@type\":\"PropertyValueSpecification\",\"valueRequired\":true,\"valueName\":\"search_term_string\"}}],\"inLanguage\":\"fr-FR\"}]}<\/script>\n<!-- \/ Yoast SEO plugin. -->","yoast_head_json":{"title":"Visa \u00e9tudiant pour le Royaume Uni - UK GB","description":"Voici les principales informations \u00e0 propos du visa \u00e9tudiant pour \u00e9tudier et s\u00e9journer au Royaume Uni dans le cadre de ses \u00e9tudes","robots":{"index":"index","follow":"follow","max-snippet":"max-snippet:-1","max-image-preview":"max-image-preview:large","max-video-preview":"max-video-preview:-1"},"canonical":"https:\/\/uk-gb.net\/fr\/visa-etudiant-angleterre-royaume-uni\/","og_locale":"fr_FR","og_type":"article","og_title":"Visa \u00e9tudiant pour le Royaume Uni - UK GB","og_description":"Voici les principales informations \u00e0 propos du visa \u00e9tudiant pour \u00e9tudier et s\u00e9journer au Royaume Uni dans le cadre de ses \u00e9tudes","og_url":"https:\/\/uk-gb.net\/fr\/visa-etudiant-angleterre-royaume-uni\/","og_site_name":"UK GB","article_modified_time":"2025-06-05T09:52:41+00:00","twitter_card":"summary_large_image","twitter_misc":{"Dur\u00e9e de lecture estim\u00e9e":"3 minutes"},"schema":{"@context":"https:\/\/schema.org","@graph":[{"@type":"WebPage","@id":"https:\/\/uk-gb.net\/fr\/visa-etudiant-angleterre-royaume-uni\/","url":"https:\/\/uk-gb.net\/fr\/visa-etudiant-angleterre-royaume-uni\/","name":"Visa \u00e9tudiant pour le Royaume Uni - UK GB","isPartOf":{"@id":"https:\/\/uk-gb.net\/fr\/#website"},"datePublished":"2023-12-07T15:07:43+00:00","dateModified":"2025-06-05T09:52:41+00:00","description":"Voici les principales informations \u00e0 propos du visa \u00e9tudiant pour \u00e9tudier et s\u00e9journer au Royaume Uni dans le cadre de ses \u00e9tudes","inLanguage":"fr-FR","potentialAction":[{"@type":"ReadAction","target":["https:\/\/uk-gb.net\/fr\/visa-etudiant-angleterre-royaume-uni\/"]}]},{"@type":"WebSite","@id":"https:\/\/uk-gb.net\/fr\/#website","url":"https:\/\/uk-gb.net\/fr\/","name":"UK GB","description":"Travel to the UK","potentialAction":[{"@type":"SearchAction","target":{"@type":"EntryPoint","urlTemplate":"https:\/\/uk-gb.net\/fr\/?s={search_term_string}"},"query-input":{"@type":"PropertyValueSpecification","valueRequired":true,"valueName":"search_term_string"}}],"inLanguage":"fr-FR"}]}},"_links":{"self":[{"href":"https:\/\/uk-gb.net\/fr\/wp-json\/wp\/v2\/pages\/650","targetHints":{"allow":["GET"]}}],"collection":[{"href":"https:\/\/uk-gb.net\/fr\/wp-json\/wp\/v2\/pages"}],"about":[{"href":"https:\/\/uk-gb.net\/fr\/wp-json\/wp\/v2\/types\/page"}],"author":[{"embeddable":true,"href":"https:\/\/uk-gb.net\/fr\/wp-json\/wp\/v2\/users\/1"}],"replies":[{"embeddable":true,"href":"https:\/\/uk-gb.net\/fr\/wp-json\/wp\/v2\/comments?post=650"}],"version-history":[{"count":0,"href":"https:\/\/uk-gb.net\/fr\/wp-json\/wp\/v2\/pages\/650\/revisions"}],"wp:attachment":[{"href":"https:\/\/uk-gb.net\/fr\/wp-json\/wp\/v2\/media?parent=650"}],"curies":[{"name":"wp","href":"https:\/\/api.w.org\/{rel}","templated":true}]}}