{"id":644,"date":"2023-12-07T14:57:24","date_gmt":"2023-12-07T14:57:24","guid":{"rendered":"https:\/\/uk-gb.net\/?page_id=644"},"modified":"2025-06-11T12:59:09","modified_gmt":"2025-06-11T11:59:09","slug":"visa-affaires-pour-angleterre-royaume-uni","status":"publish","type":"page","link":"https:\/\/uk-gb.net\/fr\/visa-affaires-pour-angleterre-royaume-uni\/","title":{"rendered":"Visa d&rsquo;affaires britannique pour s\u00e9journer au Royaume Uni"},"content":{"rendered":"\n<h1 class=\"wp-block-heading\">Visa d&rsquo;affaires pour le Royaume Uni<\/h1>\n\n\n\n<p>Le <strong>visa d\u2019affaires britannique<\/strong> (Standard Visitor Visa \u2013 Business category) permet aux professionnels \u00e9trangers de s\u00e9journer temporairement au Royaume-Uni dans le cadre d\u2019activit\u00e9s commerciales, acad\u00e9miques ou de coop\u00e9ration. Il ne permet pas de travailler pour une entreprise britannique, mais autorise certaines missions bien d\u00e9finies.<\/p>\n\n\n\n<p><strong>Pour un s\u00e9jour inf\u00e9rieur \u00e0 6 mois<\/strong> : Il n\u2019est pas n\u00e9cessaire d\u2019obtenir un visa d&rsquo;affaires, il suffit de demander une autorisation de voyage \u00e9lectronique ETA en remplissant le <a href=\"https:\/\/uk-gb.net\/fr\/formulaire-en-ligne-eta-visa-angleterre\/\">formulaire ETA en ligne<\/a>.<\/p>\n\n\n\n<div style=\"height:10px\" aria-hidden=\"true\" class=\"wp-block-spacer\"><\/div>\n\n\n\n<h2 class=\"wp-block-heading\">\u00c0 quoi sert le visa d\u2019affaires britannique ?<\/h2>\n\n\n\n<p>Le visa d\u2019affaires est con\u00e7u pour les visiteurs qui souhaitent se rendre au Royaume-Uni <strong>\u00e0 titre professionnel<\/strong>, sans y exercer un emploi r\u00e9mun\u00e9r\u00e9 localement. Il est destin\u00e9 aux chefs d\u2019entreprise, repr\u00e9sentants, chercheurs, conf\u00e9renciers, investisseurs, ou membres d\u2019une entreprise \u00e9trang\u00e8re en lien avec des entit\u00e9s britanniques.<\/p>\n\n\n\n<p>Il permet notamment de :<\/p>\n\n\n\n<ul class=\"wp-block-list\">\n<li>Assister \u00e0 des <strong>r\u00e9unions<\/strong>, <strong>conf\u00e9rences<\/strong> ou <strong>salons professionnels<\/strong><\/li>\n\n\n\n<li>Signer des <strong>contrats commerciaux<\/strong><\/li>\n\n\n\n<li>R\u00e9aliser des <strong>audits<\/strong>, <strong>inspections<\/strong>, <strong>n\u00e9gociations<\/strong><\/li>\n\n\n\n<li>Donner une <strong>conf\u00e9rence<\/strong> ou participer \u00e0 un s\u00e9minaire<\/li>\n\n\n\n<li>Suivre une <strong>formation courte<\/strong> (non r\u00e9mun\u00e9r\u00e9e par un employeur britannique)<\/li>\n\n\n\n<li>R\u00e9aliser certaines <strong>missions scientifiques ou acad\u00e9miques<\/strong> pour des universit\u00e9s ou des instituts reconnus<\/li>\n<\/ul>\n\n\n\n<div style=\"height:10px\" aria-hidden=\"true\" class=\"wp-block-spacer\"><\/div>\n\n\n\n<h2 class=\"wp-block-heading\">Qui peut demander un visa d\u2019affaires pour le Royaume-Uni ?<\/h2>\n\n\n\n<p>Le visa d\u2019affaires est ouvert \u00e0 tout ressortissant \u00e9tranger qui n\u2019est pas \u00e9ligible \u00e0 une <a href=\"https:\/\/uk-gb.net\/fr\/eta-angleterre-royaume-uni\/\">ETA autorisation \u00e9lectronique<\/a> de voyage, ou qui souhaite s\u00e9curiser un cadre l\u00e9gal pour des activit\u00e9s professionnelles sp\u00e9cifiques.<\/p>\n\n\n\n<p>Les ressortissants de l\u2019Union europ\u00e9enne, des \u00c9tats-Unis, du Canada et d\u2019autres pays exempt\u00e9s de visa peuvent, dans certains cas, entrer sans visa pour des activit\u00e9s d\u2019affaires limit\u00e9es, mais un <strong>visa est recommand\u00e9<\/strong> pour des missions r\u00e9p\u00e9t\u00e9es, longues ou sensibles.<\/p>\n\n\n\n<h2 class=\"wp-block-heading\">Comment faire une demande ?<\/h2>\n\n\n\n<p>La <a href=\"https:\/\/uk-gb.net\/fr\/procedure-demande-visa-royaume-uni\/\">proc\u00e9dure de visa britannique<\/a> pr\u00e9voit principalement les \u00e9tapes suivantes :<\/p>\n\n\n\n<ol class=\"wp-block-list\">\n<li>Rendez-vous sur le site officiel <a href=\"https:\/\/www.gov.uk\/uk-expansion-worker-visa\">gov.uk<\/a><\/li>\n\n\n\n<li>Remplissez le <strong>formulaire en ligne<\/strong><\/li>\n\n\n\n<li><a href=\"https:\/\/uk-gb.net\/fr\/combien-coute-visa-angleterre\/\">Payer les frais de visa<\/a> en ligne<\/li>\n\n\n\n<li>Prenez <strong>rendez-vous dans un centre de demande de visa<\/strong> pour l\u2019enregistrement biom\u00e9trique<\/li>\n\n\n\n<li>Fournissez vos <strong>documents justificatifs<\/strong><\/li>\n\n\n\n<li>Suivez votre demande jusqu\u2019\u00e0 la d\u00e9cision finale<\/li>\n<\/ol>\n\n\n\n<div style=\"height:10px\" aria-hidden=\"true\" class=\"wp-block-spacer\"><\/div>\n\n\n\n<h2 class=\"wp-block-heading\">Co\u00fbt du visa d\u2019affaires pour le Royaume-Uni<\/h2>\n\n\n\n<figure class=\"wp-block-table\"><table><tbody><tr><td><strong>Visa visiteur standard<\/strong><\/td><td class=\"has-text-align-center\" data-align=\"center\"><strong>Frais de visa<\/strong><\/td><\/tr><tr><td>Visa pour un s\u00e9jour de 6 mois maximum<\/td><td class=\"has-text-align-center\" data-align=\"center\">115 \u00a3<\/td><\/tr><tr><td>Visa de 2 ans<\/td><td class=\"has-text-align-center\" data-align=\"center\">400 \u00a3<\/td><\/tr><tr><td>Visa de 5 ans<\/td><td class=\"has-text-align-center\" data-align=\"center\">771 \u00a3<\/td><\/tr><tr><td>Visa de 10 ans<\/td><td class=\"has-text-align-center\" data-align=\"center\">963 \u00a3<\/td><\/tr><\/tbody><\/table><figcaption class=\"wp-element-caption\">Tableau des frais des visas d&rsquo;affaires<\/figcaption><\/figure>\n\n\n\n<p>Pour plus d&rsquo;information, consultez notre page qui pr\u00e9sente la liste compl\u00e8te des <a href=\"https:\/\/uk-gb.net\/fr\/combien-coute-visa-angleterre\/\">frais de visas britanniques<\/a>.<\/p>\n\n\n\n<h2 class=\"wp-block-heading\">Peut-on travailler au Royaume-Uni avec un visa d\u2019affaires ?<\/h2>\n\n\n\n<p>Non. Le visa d\u2019affaires <strong>n\u2019autorise pas l\u2019exercice d\u2019une activit\u00e9 r\u00e9mun\u00e9r\u00e9e<\/strong> aupr\u00e8s d\u2019une entreprise britannique. Il ne permet pas non plus de chercher un emploi ou de s\u2019\u00e9tablir durablement au Royaume-Uni.<\/p>\n\n\n\n<p>Toute activit\u00e9 professionnelle r\u00e9guli\u00e8re, r\u00e9mun\u00e9r\u00e9e ou prolong\u00e9e doit faire l\u2019objet d\u2019un <strong>visa de travail<\/strong> sp\u00e9cifique (ex. : Skilled Worker visa).<\/p>\n\n\n\n<h2 class=\"wp-block-heading\">Qu\u2019est ce que le syst\u00e8me PBS bas\u00e9 sur des points pour le visa ?<\/h2>\n\n\n\n<p>Le <a href=\"https:\/\/uk-gb.net\/fr\/pbs-systeme-points-obtention-visa-angleterre\/\">syst\u00e8me de points<\/a> (PBS) britannique s\u2019adresse avant tout aux <strong>travailleurs qualifi\u00e9s<\/strong>, <strong>\u00e9tudiants internationaux<\/strong> et <strong>profils innovants<\/strong> capables de r\u00e9pondre aux besoins \u00e9conomiques du Royaume-Uni. Il ne permet pas de venir pour des emplois non qualifi\u00e9s ou des s\u00e9jours prolong\u00e9s sans offre d\u2019emploi valid\u00e9e.<\/p>\n\n\n\n<p>Avant de d\u00e9poser une demande, il est essentiel de :<\/p>\n\n\n\n<ul class=\"wp-block-list\">\n<li>Anticiper les d\u00e9lais et les co\u00fbts li\u00e9s \u00e0 la demande de visa<\/li>\n\n\n\n<li>V\u00e9rifier que vous atteignez le minimum de 70 points<\/li>\n\n\n\n<li>Consulter un conseiller en immigration si votre situation est complexe<\/li>\n<\/ul>\n\n\n\n<div style=\"height:10px\" aria-hidden=\"true\" class=\"wp-block-spacer\"><\/div>\n\n\n\n<p><\/p>\n","protected":false},"excerpt":{"rendered":"<p>Visa d&rsquo;affaires pour le Royaume Uni Le visa d\u2019affaires britannique (Standard Visitor Visa \u2013 Business category) permet aux professionnels \u00e9trangers de s\u00e9journer temporairement au Royaume-Uni dans le cadre d\u2019activit\u00e9s commerciales, acad\u00e9miques ou de coop\u00e9ration. Il ne permet pas de travailler pour une entreprise britannique, mais autorise certaines missions bien d\u00e9finies. Pour un s\u00e9jour inf\u00e9rieur \u00e0 [&hellip;]<\/p>\n","protected":false},"author":1,"featured_media":0,"parent":0,"menu_order":0,"comment_status":"closed","ping_status":"closed","template":"","meta":{"footnotes":""},"class_list":["post-644","page","type-page","status-publish","hentry"],"yoast_head":"<!-- This site is optimized with the Yoast SEO plugin v27.4 - https:\/\/yoast.com\/product\/yoast-seo-wordpress\/ -->\n<title>Visa d&#039;affaires britannique pour s\u00e9journer au Royaume Uni - UK GB<\/title>\n<meta name=\"description\" content=\"Quelles sont les conditions pour obtenir un visa d&#039;affaires pour se rendre au Royaume Uni dans le cadre d\u2019activit\u00e9s commerciales\" \/>\n<meta name=\"robots\" content=\"index, follow, max-snippet:-1, max-image-preview:large, max-video-preview:-1\" \/>\n<link rel=\"canonical\" href=\"https:\/\/uk-gb.net\/fr\/visa-affaires-pour-angleterre-royaume-uni\/\" \/>\n<meta property=\"og:locale\" content=\"fr_FR\" \/>\n<meta property=\"og:type\" content=\"article\" \/>\n<meta property=\"og:title\" content=\"Visa d&#039;affaires britannique pour s\u00e9journer au Royaume Uni - UK GB\" \/>\n<meta property=\"og:description\" content=\"Quelles sont les conditions pour obtenir un visa d&#039;affaires pour se rendre au Royaume Uni dans le cadre d\u2019activit\u00e9s commerciales\" \/>\n<meta property=\"og:url\" content=\"https:\/\/uk-gb.net\/fr\/visa-affaires-pour-angleterre-royaume-uni\/\" \/>\n<meta property=\"og:site_name\" content=\"UK GB\" \/>\n<meta property=\"article:modified_time\" content=\"2025-06-11T11:59:09+00:00\" \/>\n<meta name=\"twitter:card\" content=\"summary_large_image\" \/>\n<meta name=\"twitter:label1\" content=\"Dur\u00e9e de lecture estim\u00e9e\" \/>\n\t<meta name=\"twitter:data1\" content=\"3 minutes\" \/>\n<script type=\"application\/ld+json\" class=\"yoast-schema-graph\">{\"@context\":\"https:\\\/\\\/schema.org\",\"@graph\":[{\"@type\":\"WebPage\",\"@id\":\"https:\\\/\\\/uk-gb.net\\\/fr\\\/visa-affaires-pour-angleterre-royaume-uni\\\/\",\"url\":\"https:\\\/\\\/uk-gb.net\\\/fr\\\/visa-affaires-pour-angleterre-royaume-uni\\\/\",\"name\":\"Visa d'affaires britannique pour s\u00e9journer au Royaume Uni - UK GB\",\"isPartOf\":{\"@id\":\"https:\\\/\\\/uk-gb.net\\\/fr\\\/#website\"},\"datePublished\":\"2023-12-07T14:57:24+00:00\",\"dateModified\":\"2025-06-11T11:59:09+00:00\",\"description\":\"Quelles sont les conditions pour obtenir un visa d'affaires pour se rendre au Royaume Uni dans le cadre d\u2019activit\u00e9s commerciales\",\"inLanguage\":\"fr-FR\",\"potentialAction\":[{\"@type\":\"ReadAction\",\"target\":[\"https:\\\/\\\/uk-gb.net\\\/fr\\\/visa-affaires-pour-angleterre-royaume-uni\\\/\"]}]},{\"@type\":\"WebSite\",\"@id\":\"https:\\\/\\\/uk-gb.net\\\/fr\\\/#website\",\"url\":\"https:\\\/\\\/uk-gb.net\\\/fr\\\/\",\"name\":\"UK GB\",\"description\":\"Travel to the UK\",\"potentialAction\":[{\"@type\":\"SearchAction\",\"target\":{\"@type\":\"EntryPoint\",\"urlTemplate\":\"https:\\\/\\\/uk-gb.net\\\/fr\\\/?s={search_term_string}\"},\"query-input\":{\"@type\":\"PropertyValueSpecification\",\"valueRequired\":true,\"valueName\":\"search_term_string\"}}],\"inLanguage\":\"fr-FR\"}]}<\/script>\n<!-- \/ Yoast SEO plugin. -->","yoast_head_json":{"title":"Visa d'affaires britannique pour s\u00e9journer au Royaume Uni - UK GB","description":"Quelles sont les conditions pour obtenir un visa d'affaires pour se rendre au Royaume Uni dans le cadre d\u2019activit\u00e9s commerciales","robots":{"index":"index","follow":"follow","max-snippet":"max-snippet:-1","max-image-preview":"max-image-preview:large","max-video-preview":"max-video-preview:-1"},"canonical":"https:\/\/uk-gb.net\/fr\/visa-affaires-pour-angleterre-royaume-uni\/","og_locale":"fr_FR","og_type":"article","og_title":"Visa d'affaires britannique pour s\u00e9journer au Royaume Uni - UK GB","og_description":"Quelles sont les conditions pour obtenir un visa d'affaires pour se rendre au Royaume Uni dans le cadre d\u2019activit\u00e9s commerciales","og_url":"https:\/\/uk-gb.net\/fr\/visa-affaires-pour-angleterre-royaume-uni\/","og_site_name":"UK GB","article_modified_time":"2025-06-11T11:59:09+00:00","twitter_card":"summary_large_image","twitter_misc":{"Dur\u00e9e de lecture estim\u00e9e":"3 minutes"},"schema":{"@context":"https:\/\/schema.org","@graph":[{"@type":"WebPage","@id":"https:\/\/uk-gb.net\/fr\/visa-affaires-pour-angleterre-royaume-uni\/","url":"https:\/\/uk-gb.net\/fr\/visa-affaires-pour-angleterre-royaume-uni\/","name":"Visa d'affaires britannique pour s\u00e9journer au Royaume Uni - UK GB","isPartOf":{"@id":"https:\/\/uk-gb.net\/fr\/#website"},"datePublished":"2023-12-07T14:57:24+00:00","dateModified":"2025-06-11T11:59:09+00:00","description":"Quelles sont les conditions pour obtenir un visa d'affaires pour se rendre au Royaume Uni dans le cadre d\u2019activit\u00e9s commerciales","inLanguage":"fr-FR","potentialAction":[{"@type":"ReadAction","target":["https:\/\/uk-gb.net\/fr\/visa-affaires-pour-angleterre-royaume-uni\/"]}]},{"@type":"WebSite","@id":"https:\/\/uk-gb.net\/fr\/#website","url":"https:\/\/uk-gb.net\/fr\/","name":"UK GB","description":"Travel to the UK","potentialAction":[{"@type":"SearchAction","target":{"@type":"EntryPoint","urlTemplate":"https:\/\/uk-gb.net\/fr\/?s={search_term_string}"},"query-input":{"@type":"PropertyValueSpecification","valueRequired":true,"valueName":"search_term_string"}}],"inLanguage":"fr-FR"}]}},"_links":{"self":[{"href":"https:\/\/uk-gb.net\/fr\/wp-json\/wp\/v2\/pages\/644","targetHints":{"allow":["GET"]}}],"collection":[{"href":"https:\/\/uk-gb.net\/fr\/wp-json\/wp\/v2\/pages"}],"about":[{"href":"https:\/\/uk-gb.net\/fr\/wp-json\/wp\/v2\/types\/page"}],"author":[{"embeddable":true,"href":"https:\/\/uk-gb.net\/fr\/wp-json\/wp\/v2\/users\/1"}],"replies":[{"embeddable":true,"href":"https:\/\/uk-gb.net\/fr\/wp-json\/wp\/v2\/comments?post=644"}],"version-history":[{"count":0,"href":"https:\/\/uk-gb.net\/fr\/wp-json\/wp\/v2\/pages\/644\/revisions"}],"wp:attachment":[{"href":"https:\/\/uk-gb.net\/fr\/wp-json\/wp\/v2\/media?parent=644"}],"curies":[{"name":"wp","href":"https:\/\/api.w.org\/{rel}","templated":true}]}}