{"id":516,"date":"2023-11-21T14:15:17","date_gmt":"2023-11-21T14:15:17","guid":{"rendered":"https:\/\/uk-gb.net\/?page_id=516"},"modified":"2026-04-02T09:24:48","modified_gmt":"2026-04-02T08:24:48","slug":"eta-angleterre-royaume-uni","status":"publish","type":"page","link":"https:\/\/uk-gb.net\/fr\/eta-angleterre-royaume-uni\/","title":{"rendered":"ETA Angleterre pour voyager au Royaume Uni"},"content":{"rendered":"\n<h1 class=\"wp-block-heading\">ETA Autorisation de voyage Electronique britannique<\/h1>\n\n\n\n<p>L\u2019Autorisation de Voyage \u00c9lectronique (ETA) est un dispositif mis en place par le Royaume-Uni pour permettre \u00e0 certains ressortissants \u00e9trangers de s\u00e9journer sur le territoire sans avoir besoin d\u2019un visa classique. Destin\u00e9e aux s\u00e9jours de courte dur\u00e9e, l\u2019ETA s\u2019adresse aux voyageurs issus de pays b\u00e9n\u00e9ficiant d\u2019une exemption de visa.<\/p>\n\n\n\n<p><strong>Pour obtenir cette autorisation de voyage en quelques minutes<\/strong>, il faut compl\u00e9ter le <a href=\"https:\/\/uk-gb.net\/fr\/formulaire-en-ligne-eta-visa-angleterre\/\">formulaire ETA en ligne<\/a>.<\/p>\n\n\n\n<div style=\"height:10px\" aria-hidden=\"true\" class=\"wp-block-spacer\"><\/div>\n\n\n\n<h2 class=\"wp-block-heading\">En quoi consiste l\u2019ETA pour le Royaume-Uni ?<\/h2>\n\n\n\n<p>L\u2019ETA est une autorisation num\u00e9rique obligatoire pour les ressortissants de certains pays qui souhaitent se rendre au Royaume-Uni pour le tourisme, les affaires ou pour une escale. Valable pour des s\u00e9jours de courte dur\u00e9e, cette autorisation remplace partiellement les proc\u00e9dures de visa traditionnelles. La demande se fait en ligne via un portail s\u00e9curis\u00e9 et permet d\u2019obtenir une r\u00e9ponse rapide, simplifiant ainsi les formalit\u00e9s d\u2019entr\u00e9e sur le territoire britannique.<\/p>\n\n\n\n<h2 class=\"wp-block-heading\">Qui peut obtenir une ETA pour le Royaume-Uni ?<\/h2>\n\n\n\n<p>L\u2019ETA s\u2019adresse aux ressortissants de pays b\u00e9n\u00e9ficiant d\u2019une exemption de visa pour entrer au Royaume-Uni. La <a href=\"https:\/\/uk-gb.net\/fr\/pays-qui-peuvent-demander-eta-royaume-uni\/\">liste des pays \u00e9ligibles<\/a> est r\u00e9guli\u00e8rement mise \u00e0 jour par les autorit\u00e9s britanniques. Il est donc essentiel de v\u00e9rifier si votre nationalit\u00e9 vous permet de faire une demande d\u2019ETA avant de planifier votre s\u00e9jour.<\/p>\n\n\n\n<p>Chaque voyageur doit faire une demande individuelle, y compris les enfants mineurs et les b\u00e9b\u00e9s. Aucun passager n\u2019est autoris\u00e9 \u00e0 entrer sans autorisation pr\u00e9alable.<\/p>\n\n\n\n<h2 class=\"wp-block-heading\">Comment faire une demande d\u2019ETA britannique ?<\/h2>\n\n\n\n<p>La demande d\u2019ETA s\u2019effectue en ligne via le <a href=\"https:\/\/www.gov.uk\/guidance\/apply-for-an-electronic-travel-authorisation-eta\">site officielle du gouvernement britannique<\/a>. Le formulaire doit \u00eatre compl\u00e9t\u00e9 avec soin et comporte les informations suivantes :<\/p>\n\n\n\n<ul class=\"wp-block-list\">\n<li>Donn\u00e9es personnelles (nom, date de naissance, etc.)<\/li>\n\n\n\n<li>D\u00e9tails du passeport utilis\u00e9 pour voyager<\/li>\n\n\n\n<li>Informations sur le s\u00e9jour (motif, dur\u00e9e, etc.)<\/li>\n<\/ul>\n\n\n\n<p>Une fois le <a href=\"https:\/\/uk-gb.net\/fr\/formulaire-en-ligne-eta-visa-angleterre\/\">formulaire en ligne<\/a> soumis, le paiement des frais est n\u00e9cessaire pour valider la demande.<\/p>\n\n\n\n<h2 class=\"wp-block-heading\">T\u00e9l\u00e9charger l\u2019application ETA pour iPhone ?<\/h2>\n\n\n\n<p>Pour faciliter la proc\u00e9dure, le gouvernement britannique a lanc\u00e9 une <a href=\"https:\/\/uk-gb.net\/fr\/application-iphone-visa-eta-angleterre\/\">application mobile d\u00e9di\u00e9e \u00e0 l\u2019ETA<\/a>, disponible sur l\u2019<strong>App Store (iOS)<\/strong> dans les pays \u00e9ligibles au programme d\u2019exemption de visa. <\/p>\n\n\n\n<p>L\u2019application permet de remplir, soumettre et suivre sa demande directement depuis son t\u00e9l\u00e9phone, en toute s\u00e9curit\u00e9. Il suffit de rechercher \u201cUK ETA\u201d dans l\u2019App Store et de l\u2019installer gratuitement pour d\u00e9marrer la proc\u00e9dure depuis votre iPhone.<\/p>\n\n\n\n<h2 class=\"wp-block-heading\">Quand faut-il faire sa demande en ligne ?<\/h2>\n\n\n\n<p>Il est imp\u00e9ratif de soumettre sa demande d\u2019ETA <strong>avant le d\u00e9part<\/strong> pour le Royaume-Uni. Bien que la majorit\u00e9 des demandes soient trait\u00e9es en quelques heures, les autorit\u00e9s conseillent de d\u00e9poser le dossier <strong>au moins 3 jours avant le voyage<\/strong>. Ce d\u00e9lai permet d\u2019absorber d\u2019\u00e9ventuels retards de traitement.<\/p>\n\n\n\n<p>Il est th\u00e9oriquement possible de voyager pendant que la demande est en cours, \u00e0 condition qu\u2019elle ait \u00e9t\u00e9 validement soumise avant l\u2019embarquement. Toutefois, cela comporte un risque si l\u2019autorisation tarde ou est refus\u00e9e.<\/p>\n\n\n\n<h2 class=\"wp-block-heading\">Quel est le tarif de l\u2019ETA britannique ?<\/h2>\n\n\n\n<p>Le co\u00fbt d\u2019une ETA pour le Royaume-Uni est fixe quel que soit l\u2019\u00e2ge du voyageur. Le montant couvre les frais de traitement administratif et doit \u00eatre pay\u00e9 directement sur le site officiel au moment de la demande.<\/p>\n\n\n\n<p>Le prix \u00e0 payer \u00e9volue r\u00e9guli\u00e8rement, consultez le dernier <a href=\"https:\/\/uk-gb.net\/fr\/prix-eta-royaume-uni\/\">prix ETA UK \u00e0 jour<\/a>.<\/p>\n\n\n\n<p>Ce tarif est nettement inf\u00e9rieur \u00e0 celui d\u2019un <a href=\"https:\/\/uk-gb.net\/fr\/combien-coute-visa-angleterre\/\">visa britannique<\/a>, ce qui rend l\u2019ETA plus accessible pour les s\u00e9jours touristiques ou professionnels de courte dur\u00e9e.<\/p>\n\n\n\n<h2 class=\"wp-block-heading\">Quel est le d\u00e9lai d\u2019obtention d\u2019une ETA ?<\/h2>\n\n\n\n<p>Le traitement d\u2019une demande d\u2019ETA est g\u00e9n\u00e9ralement rapide. Dans la majorit\u00e9 des cas, une r\u00e9ponse est envoy\u00e9e dans les heures suivant la soumission du <a href=\"https:\/\/uk-gb.net\/fr\/formulaire-en-ligne-eta-visa-angleterre\/\">formulaire ETA en ligne<\/a>. Toutefois, certaines demandes peuvent n\u00e9cessiter un examen compl\u00e9mentaire. Il est donc conseill\u00e9 de d\u00e9poser sa demande <strong>au moins 72 heures avant le d\u00e9part<\/strong>, afin de limiter les risques de retard ou de refus de derni\u00e8re minute.<\/p>\n\n\n\n<h2 class=\"wp-block-heading\">Que faire en cas de refus d\u2019ETA ?<\/h2>\n\n\n\n<p>Si votre demande ETA est refus\u00e9e, cela peut r\u00e9sulter d\u2019une erreur dans les informations fournies. Dans ce cas, vous pouvez soumettre une <strong>nouvelle demande corrig\u00e9e<\/strong>.<\/p>\n\n\n\n<p>En revanche, si vous n\u2019\u00eates <strong>pas \u00e9ligible<\/strong> au programme ETA, vous devrez faire une demande de <a href=\"https:\/\/uk-gb.net\/fr\/visa-touristique-angleterre-royaume-uni\/\">visa pour le Royaume-Uni<\/a>. Cette proc\u00e9dure est plus longue et inclut notamment un <a href=\"https:\/\/uk-gb.net\/fr\/rendez-vous-visa-ambassade-angleterre\/\">entretien consulaire obligatoire<\/a> dans l\u2019ambassade ou le centre de demande de visa britannique le plus proche.<\/p>\n","protected":false},"excerpt":{"rendered":"<p>ETA Autorisation de voyage Electronique britannique L\u2019Autorisation de Voyage \u00c9lectronique (ETA) est un dispositif mis en place par le Royaume-Uni pour permettre \u00e0 certains ressortissants \u00e9trangers de s\u00e9journer sur le territoire sans avoir besoin d\u2019un visa classique. Destin\u00e9e aux s\u00e9jours de courte dur\u00e9e, l\u2019ETA s\u2019adresse aux voyageurs issus de pays b\u00e9n\u00e9ficiant d\u2019une exemption de visa. [&hellip;]<\/p>\n","protected":false},"author":1,"featured_media":0,"parent":0,"menu_order":0,"comment_status":"closed","ping_status":"closed","template":"","meta":{"footnotes":""},"class_list":["post-516","page","type-page","status-publish","hentry"],"yoast_head":"<!-- This site is optimized with the Yoast SEO plugin v27.4 - https:\/\/yoast.com\/product\/yoast-seo-wordpress\/ -->\n<title>ETA Angleterre pour voyager au Royaume Uni<\/title>\n<meta name=\"description\" content=\"Effectuez votre demande ETA en ligne pour obtenir votre autorisation de voyage vers le Royaume Uni rapidement\" \/>\n<meta name=\"robots\" content=\"index, follow, max-snippet:-1, max-image-preview:large, max-video-preview:-1\" \/>\n<link rel=\"canonical\" href=\"https:\/\/uk-gb.net\/fr\/eta-angleterre-royaume-uni\/\" \/>\n<meta property=\"og:locale\" content=\"fr_FR\" \/>\n<meta property=\"og:type\" content=\"article\" \/>\n<meta property=\"og:title\" content=\"ETA Angleterre pour voyager au Royaume Uni\" \/>\n<meta property=\"og:description\" content=\"Effectuez votre demande ETA en ligne pour obtenir votre autorisation de voyage vers le Royaume Uni rapidement\" \/>\n<meta property=\"og:url\" content=\"https:\/\/uk-gb.net\/fr\/eta-angleterre-royaume-uni\/\" \/>\n<meta property=\"og:site_name\" content=\"UK GB\" \/>\n<meta property=\"article:modified_time\" content=\"2026-04-02T08:24:48+00:00\" \/>\n<meta name=\"twitter:card\" content=\"summary_large_image\" \/>\n<meta name=\"twitter:label1\" content=\"Dur\u00e9e de lecture estim\u00e9e\" \/>\n\t<meta name=\"twitter:data1\" content=\"4 minutes\" \/>\n<script type=\"application\/ld+json\" class=\"yoast-schema-graph\">{\"@context\":\"https:\\\/\\\/schema.org\",\"@graph\":[{\"@type\":\"WebPage\",\"@id\":\"https:\\\/\\\/uk-gb.net\\\/fr\\\/eta-angleterre-royaume-uni\\\/\",\"url\":\"https:\\\/\\\/uk-gb.net\\\/fr\\\/eta-angleterre-royaume-uni\\\/\",\"name\":\"ETA Angleterre pour voyager au Royaume Uni\",\"isPartOf\":{\"@id\":\"https:\\\/\\\/uk-gb.net\\\/fr\\\/#website\"},\"datePublished\":\"2023-11-21T14:15:17+00:00\",\"dateModified\":\"2026-04-02T08:24:48+00:00\",\"description\":\"Effectuez votre demande ETA en ligne pour obtenir votre autorisation de voyage vers le Royaume Uni rapidement\",\"inLanguage\":\"fr-FR\",\"potentialAction\":[{\"@type\":\"ReadAction\",\"target\":[\"https:\\\/\\\/uk-gb.net\\\/fr\\\/eta-angleterre-royaume-uni\\\/\"]}]},{\"@type\":\"WebSite\",\"@id\":\"https:\\\/\\\/uk-gb.net\\\/fr\\\/#website\",\"url\":\"https:\\\/\\\/uk-gb.net\\\/fr\\\/\",\"name\":\"UK GB\",\"description\":\"Travel to the UK\",\"potentialAction\":[{\"@type\":\"SearchAction\",\"target\":{\"@type\":\"EntryPoint\",\"urlTemplate\":\"https:\\\/\\\/uk-gb.net\\\/fr\\\/?s={search_term_string}\"},\"query-input\":{\"@type\":\"PropertyValueSpecification\",\"valueRequired\":true,\"valueName\":\"search_term_string\"}}],\"inLanguage\":\"fr-FR\"}]}<\/script>\n<!-- \/ Yoast SEO plugin. -->","yoast_head_json":{"title":"ETA Angleterre pour voyager au Royaume Uni","description":"Effectuez votre demande ETA en ligne pour obtenir votre autorisation de voyage vers le Royaume Uni rapidement","robots":{"index":"index","follow":"follow","max-snippet":"max-snippet:-1","max-image-preview":"max-image-preview:large","max-video-preview":"max-video-preview:-1"},"canonical":"https:\/\/uk-gb.net\/fr\/eta-angleterre-royaume-uni\/","og_locale":"fr_FR","og_type":"article","og_title":"ETA Angleterre pour voyager au Royaume Uni","og_description":"Effectuez votre demande ETA en ligne pour obtenir votre autorisation de voyage vers le Royaume Uni rapidement","og_url":"https:\/\/uk-gb.net\/fr\/eta-angleterre-royaume-uni\/","og_site_name":"UK GB","article_modified_time":"2026-04-02T08:24:48+00:00","twitter_card":"summary_large_image","twitter_misc":{"Dur\u00e9e de lecture estim\u00e9e":"4 minutes"},"schema":{"@context":"https:\/\/schema.org","@graph":[{"@type":"WebPage","@id":"https:\/\/uk-gb.net\/fr\/eta-angleterre-royaume-uni\/","url":"https:\/\/uk-gb.net\/fr\/eta-angleterre-royaume-uni\/","name":"ETA Angleterre pour voyager au Royaume Uni","isPartOf":{"@id":"https:\/\/uk-gb.net\/fr\/#website"},"datePublished":"2023-11-21T14:15:17+00:00","dateModified":"2026-04-02T08:24:48+00:00","description":"Effectuez votre demande ETA en ligne pour obtenir votre autorisation de voyage vers le Royaume Uni rapidement","inLanguage":"fr-FR","potentialAction":[{"@type":"ReadAction","target":["https:\/\/uk-gb.net\/fr\/eta-angleterre-royaume-uni\/"]}]},{"@type":"WebSite","@id":"https:\/\/uk-gb.net\/fr\/#website","url":"https:\/\/uk-gb.net\/fr\/","name":"UK GB","description":"Travel to the UK","potentialAction":[{"@type":"SearchAction","target":{"@type":"EntryPoint","urlTemplate":"https:\/\/uk-gb.net\/fr\/?s={search_term_string}"},"query-input":{"@type":"PropertyValueSpecification","valueRequired":true,"valueName":"search_term_string"}}],"inLanguage":"fr-FR"}]}},"_links":{"self":[{"href":"https:\/\/uk-gb.net\/fr\/wp-json\/wp\/v2\/pages\/516","targetHints":{"allow":["GET"]}}],"collection":[{"href":"https:\/\/uk-gb.net\/fr\/wp-json\/wp\/v2\/pages"}],"about":[{"href":"https:\/\/uk-gb.net\/fr\/wp-json\/wp\/v2\/types\/page"}],"author":[{"embeddable":true,"href":"https:\/\/uk-gb.net\/fr\/wp-json\/wp\/v2\/users\/1"}],"replies":[{"embeddable":true,"href":"https:\/\/uk-gb.net\/fr\/wp-json\/wp\/v2\/comments?post=516"}],"version-history":[{"count":0,"href":"https:\/\/uk-gb.net\/fr\/wp-json\/wp\/v2\/pages\/516\/revisions"}],"wp:attachment":[{"href":"https:\/\/uk-gb.net\/fr\/wp-json\/wp\/v2\/media?parent=516"}],"curies":[{"name":"wp","href":"https:\/\/api.w.org\/{rel}","templated":true}]}}