{"id":511,"date":"2023-11-21T12:31:09","date_gmt":"2023-11-21T12:31:09","guid":{"rendered":"https:\/\/uk-gb.net\/?page_id=511"},"modified":"2025-06-04T15:44:23","modified_gmt":"2025-06-04T14:44:23","slug":"visa-touristique-angleterre-royaume-uni","status":"publish","type":"page","link":"https:\/\/uk-gb.net\/fr\/visa-touristique-angleterre-royaume-uni\/","title":{"rendered":"Visa touristique pour le Royaume Uni"},"content":{"rendered":"\n<h1 class=\"wp-block-heading\">Visa touriste pour voyager en Angleterre<\/h1>\n\n\n\n<p>Si vous souhaitez visiter <a href=\"https:\/\/uk-gb.net\/fr\/londres\/\">Londres<\/a>, <a href=\"https:\/\/uk-gb.net\/fr\/manchester\/\">Manchester<\/a>, <a href=\"https:\/\/uk-gb.net\/fr\/glasgow\/\">Glasgow<\/a> ou explorer les paysages du Pays de Galles, il se peut que vous ayez besoin d\u2019un <strong>visa touristique pour le Royaume-Uni<\/strong>. Ce visa permet aux voyageurs de s\u00e9journer temporairement au Royaume-Uni pour des vacances, des visites \u00e0 des proches ou des s\u00e9jours culturels ou m\u00e9dicaux.<\/p>\n\n\n\n<p><strong>Pour un s\u00e9jour touristique inf\u00e9rieur \u00e0 6 mois<\/strong> : Il n\u2019est pas n\u00e9cessaire d\u2019obtenir un visa touristique britannique, il suffit de demander une autorisation de voyage \u00e9lectronique ETA en compl\u00e9tant le <a href=\"https:\/\/uk-gb.net\/fr\/formulaire-en-ligne-eta-visa-angleterre\/\">formulaire ETA en ligne<\/a>.<\/p>\n\n\n\n<div style=\"height:10px\" aria-hidden=\"true\" class=\"wp-block-spacer\"><\/div>\n\n\n\n<h2 class=\"wp-block-heading\">Qu\u2019est-ce que le visa touristique britannique ?<\/h2>\n\n\n\n<p>Le visa touristique, officiellement appel\u00e9 <strong>Standard Visitor Visa<\/strong>, est destin\u00e9 aux personnes souhaitant entrer au Royaume-Uni pour :<\/p>\n\n\n\n<ul class=\"wp-block-list\">\n<li>des <strong>vacances<\/strong> ou du <strong>tourisme<\/strong><\/li>\n\n\n\n<li>rendre <strong>visite \u00e0 des proches ou amis<\/strong><\/li>\n\n\n\n<li>assister \u00e0 un <strong>\u00e9v\u00e9nement culturel, musical ou sportif<\/strong><\/li>\n\n\n\n<li>recevoir des <strong>soins m\u00e9dicaux<\/strong> non urgents<\/li>\n\n\n\n<li>suivre un <strong>cours de courte dur\u00e9e<\/strong> (30 jours maximum)<\/li>\n<\/ul>\n\n\n\n<div style=\"height:10px\" aria-hidden=\"true\" class=\"wp-block-spacer\"><\/div>\n\n\n\n<p>Ce visa n&rsquo;autorise <strong>ni le travail<\/strong> ni les \u00e9tudes longues, ni la r\u00e9sidence permanente au Royaume Uni.<\/p>\n\n\n\n<h2 class=\"wp-block-heading\">\u00cates-vous concern\u00e9 par le visa touristique ?<\/h2>\n\n\n\n<p>La n\u00e9cessit\u00e9 d&rsquo;obtenir ou pas un visa touristique pour le Royaume Uni d\u00e9pend de la <strong>nationalit\u00e9 du voyageur<\/strong> :<\/p>\n\n\n\n<p><strong>Vous n\u2019avez pas besoin de visa touristique<\/strong> : Si vous \u00eates ressortissant d\u2019un <a href=\"https:\/\/uk-gb.net\/fr\/pays-qui-peuvent-demander-eta-royaume-uni\/\">pays \u00e9ligible \u00e0 l&rsquo;ETA<\/a> Autorisation de Voyage Electronique, par exemple : Canada, \u00c9tats-Unis, Japon, Australie, et les pays de l&rsquo;UE.<\/p>\n\n\n\n<p><strong>Vous avez besoin d\u2019un visa touristique<\/strong> si :<\/p>\n\n\n\n<ul class=\"wp-block-list\">\n<li>Vous \u00eates ressortissant d\u2019un pays soumis \u00e0 visa (ex. : Inde, Maroc, Alg\u00e9rie, Tunisie, Chine, Pakistan\u2026)<\/li>\n\n\n\n<li>Vous ne remplissez pas les conditions d\u2019exemption<\/li>\n\n\n\n<li>Vous ne pouvez pas demander une ETA ou avez d\u00e9j\u00e0 \u00e9t\u00e9 refus\u00e9<\/li>\n<\/ul>\n\n\n\n<blockquote class=\"wp-block-quote is-layout-flow wp-block-quote-is-layout-flow\">\n<p>Pour v\u00e9rifier si vous avez besoin d\u2019un visa ou d\u2019une ETA, rendez-vous sur le site officiel <a href=\"https:\/\/www.gov.uk\/check-uk-visa\">gov.uk\/check-uk-visa<\/a><\/p>\n<\/blockquote>\n\n\n\n<h2 class=\"wp-block-heading\">Comment faire une demande de visa britannique ?<\/h2>\n\n\n\n<p>La <a href=\"https:\/\/uk-gb.net\/fr\/procedure-demande-visa-royaume-uni\/\">processus de demande d&rsquo;un visa<\/a> s\u2019effectue en ligne sur le site web de l\u2019agence britannique des fronti\u00e8res. Voici les \u00e9tapes d\u2019une demande en ligne de visa britannique :<\/p>\n\n\n\n<ol class=\"wp-block-list\">\n<li>Rendez-vous sur le site officiel <a href=\"http:\/\/www.gov.uk\">www.gov.uk<\/a><\/li>\n\n\n\n<li>Choisissez votre type de visa<\/li>\n\n\n\n<li>Cr\u00e9ez un compte et remplissez le formulaire en ligne<\/li>\n\n\n\n<li>Payez les <a href=\"https:\/\/uk-gb.net\/fr\/combien-coute-visa-angleterre\/\">frais de visa<\/a><\/li>\n\n\n\n<li>Prenez rendez-vous dans un centre agr\u00e9\u00e9 pour fournir vos donn\u00e9es biom\u00e9triques<\/li>\n\n\n\n<li>D\u00e9posez vos justificatifs et attendez la d\u00e9cision<\/li>\n<\/ol>\n\n\n\n<div style=\"height:10px\" aria-hidden=\"true\" class=\"wp-block-spacer\"><\/div>\n\n\n\n<h2 class=\"wp-block-heading\">Quel est le prix d\u2019un visa touriste pour le Royaume Uni ?<\/h2>\n\n\n\n<p>Le montant des frais administratifs pour l&rsquo;obtention d&rsquo;un visa britannique est :<\/p>\n\n\n\n<figure class=\"wp-block-table\"><table><tbody><tr><td><strong>Type de visa britannique<\/strong><\/td><td class=\"has-text-align-center\" data-align=\"center\"><strong>Frais \u00e0 payer<\/strong><\/td><\/tr><tr><td>Visa standard jusqu&rsquo;\u00e0 6 mois<\/td><td class=\"has-text-align-center\" data-align=\"center\">\u00a3 115<\/td><\/tr><tr><td>Visa multiples entr\u00e9es (2 ans) mais 6 mois maximum par s\u00e9jour<\/td><td class=\"has-text-align-center\" data-align=\"center\">\u00a3 400<\/td><\/tr><tr><td>Visa multiples entr\u00e9es (5 ans) mais 6 mois maximum par s\u00e9jour<\/td><td class=\"has-text-align-center\" data-align=\"center\">\u00a3 771<\/td><\/tr><tr><td>Visa multiples entr\u00e9es (10 ans) mais 6 mois maximum par s\u00e9jour<\/td><td class=\"has-text-align-center\" data-align=\"center\">\u00a3 963<\/td><\/tr><\/tbody><\/table><figcaption class=\"wp-element-caption\">Montant des frais \u00e0 payer pour les visas touristiques<\/figcaption><\/figure>\n\n\n\n<h2 class=\"wp-block-heading\">ETA ou visa touristique : quelle diff\u00e9rence ?<\/h2>\n\n\n\n<figure class=\"wp-block-table\"><table class=\"has-fixed-layout\"><thead><tr><th class=\"has-text-align-center\" data-align=\"center\">Crit\u00e8re<\/th><th class=\"has-text-align-center\" data-align=\"center\">ETA<\/th><th class=\"has-text-align-center\" data-align=\"center\">Visa touristique<\/th><\/tr><\/thead><tbody><tr><td class=\"has-text-align-center\" data-align=\"center\">Co\u00fbt<\/td><td class=\"has-text-align-center\" data-align=\"center\">16 \u00a3<\/td><td class=\"has-text-align-center\" data-align=\"center\">\u00c0 partir de 115 \u00a3<\/td><\/tr><tr><td class=\"has-text-align-center\" data-align=\"center\">D\u00e9lai<\/td><td class=\"has-text-align-center\" data-align=\"center\">R\u00e9ponse sous 72h<\/td><td class=\"has-text-align-center\" data-align=\"center\">Environ 3 semaines<\/td><\/tr><tr><td class=\"has-text-align-center\" data-align=\"center\">Dur\u00e9e de validit\u00e9<\/td><td class=\"has-text-align-center\" data-align=\"center\">2 ans<\/td><td class=\"has-text-align-center\" data-align=\"center\">Jusqu\u2019\u00e0 10 ans (multi-entr\u00e9es)<\/td><\/tr><tr><td class=\"has-text-align-center\" data-align=\"center\">Proc\u00e9dure<\/td><td class=\"has-text-align-center\" data-align=\"center\">100% en ligne<\/td><td class=\"has-text-align-center\" data-align=\"center\">En ligne + rendez-vous consulaire<\/td><\/tr><tr><td class=\"has-text-align-center\" data-align=\"center\">Nationalit\u00e9s concern\u00e9es<\/td><td class=\"has-text-align-center\" data-align=\"center\">Pays exempt\u00e9s de visa<\/td><td class=\"has-text-align-center\" data-align=\"center\">Pays soumis \u00e0 visa<\/td><\/tr><\/tbody><\/table><\/figure>\n\n\n\n<h2 class=\"wp-block-heading\">Quel est la dur\u00e9e d&rsquo;une demande de visa britannique ?<\/h2>\n\n\n\n<ul class=\"wp-block-list\">\n<li>Le d\u00e9lai moyen de traitement est de <strong>3 semaines<\/strong> \u00e0 partir du rendez-vous biom\u00e9trique.<\/li>\n\n\n\n<li>Un <strong>service acc\u00e9l\u00e9r\u00e9<\/strong> (Priority Visa) est disponible dans certains pays pour obtenir une r\u00e9ponse sous 5 jours ou moins (avec frais suppl\u00e9mentaires).<\/li>\n<\/ul>\n\n\n\n<div style=\"height:10px\" aria-hidden=\"true\" class=\"wp-block-spacer\"><\/div>\n\n\n\n<h2 class=\"wp-block-heading\">Image d&rsquo;un visa touriste pour le Royaume Uni<\/h2>\n\n\n\n<p>Le visa touristique pour le Royaume Uni se pr\u00e9sente comme une page de passeport avec une photo de son d\u00e9tenteur qui respecte des dimensions particuli\u00e8res. La photo d&rsquo;identit\u00e9 doit dater de moins de 6 mois lorsqu\u2019elle est fournie pour \u00e9tablir le visa.<\/p>\n\n\n\n<figure class=\"wp-block-image size-full is-resized\" id=\"image-visa-uk-c\"><img fetchpriority=\"high\" decoding=\"async\" width=\"564\" height=\"338\" src=\"https:\/\/uk-gb.net\/wp-content\/uploads\/2024\/03\/UK-visa-C.jpg\" alt=\"Photo visa Royaume Uni\" class=\"wp-image-1890\" style=\"width:800px;height:auto\" title=\"Image visa UK\" srcset=\"https:\/\/uk-gb.net\/wp-content\/uploads\/2024\/03\/UK-visa-C.jpg 564w, https:\/\/uk-gb.net\/wp-content\/uploads\/2024\/03\/UK-visa-C-300x180.jpg 300w\" sizes=\"(max-width: 564px) 100vw, 564px\" \/><\/figure>\n","protected":false},"excerpt":{"rendered":"<p>Visa touriste pour voyager en Angleterre Si vous souhaitez visiter Londres, Manchester, Glasgow ou explorer les paysages du Pays de Galles, il se peut que vous ayez besoin d\u2019un visa touristique pour le Royaume-Uni. Ce visa permet aux voyageurs de s\u00e9journer temporairement au Royaume-Uni pour des vacances, des visites \u00e0 des proches ou des s\u00e9jours [&hellip;]<\/p>\n","protected":false},"author":1,"featured_media":0,"parent":0,"menu_order":0,"comment_status":"closed","ping_status":"closed","template":"","meta":{"footnotes":""},"class_list":["post-511","page","type-page","status-publish","hentry"],"yoast_head":"<!-- This site is optimized with the Yoast SEO plugin v27.4 - https:\/\/yoast.com\/product\/yoast-seo-wordpress\/ -->\n<title>Visa touristique pour le Royaume Uni<\/title>\n<meta name=\"description\" content=\"D\u00e9couvrez l&#039;ensembles des r\u00e8gles concernant l&#039;obtention d&#039;un visa de voyage touristique pour le Royaume Uni\" \/>\n<meta name=\"robots\" content=\"index, follow, max-snippet:-1, max-image-preview:large, max-video-preview:-1\" \/>\n<link rel=\"canonical\" href=\"https:\/\/uk-gb.net\/fr\/visa-touristique-angleterre-royaume-uni\/\" \/>\n<meta property=\"og:locale\" content=\"fr_FR\" \/>\n<meta property=\"og:type\" content=\"article\" \/>\n<meta property=\"og:title\" content=\"Visa touristique pour le Royaume Uni\" \/>\n<meta property=\"og:description\" content=\"D\u00e9couvrez l&#039;ensembles des r\u00e8gles concernant l&#039;obtention d&#039;un visa de voyage touristique pour le Royaume Uni\" \/>\n<meta property=\"og:url\" content=\"https:\/\/uk-gb.net\/fr\/visa-touristique-angleterre-royaume-uni\/\" \/>\n<meta property=\"og:site_name\" content=\"UK GB\" \/>\n<meta property=\"article:modified_time\" content=\"2025-06-04T14:44:23+00:00\" \/>\n<meta property=\"og:image\" content=\"https:\/\/uk-gb.net\/wp-content\/uploads\/2024\/03\/UK-visa-C.jpg\" \/>\n\t<meta property=\"og:image:width\" content=\"564\" \/>\n\t<meta property=\"og:image:height\" content=\"338\" \/>\n\t<meta property=\"og:image:type\" content=\"image\/jpeg\" \/>\n<meta name=\"twitter:card\" content=\"summary_large_image\" \/>\n<meta name=\"twitter:label1\" content=\"Dur\u00e9e de lecture estim\u00e9e\" \/>\n\t<meta name=\"twitter:data1\" content=\"4 minutes\" \/>\n<script type=\"application\/ld+json\" class=\"yoast-schema-graph\">{\"@context\":\"https:\\\/\\\/schema.org\",\"@graph\":[{\"@type\":\"WebPage\",\"@id\":\"https:\\\/\\\/uk-gb.net\\\/fr\\\/visa-touristique-angleterre-royaume-uni\\\/\",\"url\":\"https:\\\/\\\/uk-gb.net\\\/fr\\\/visa-touristique-angleterre-royaume-uni\\\/\",\"name\":\"Visa touristique pour le Royaume Uni\",\"isPartOf\":{\"@id\":\"https:\\\/\\\/uk-gb.net\\\/fr\\\/#website\"},\"primaryImageOfPage\":{\"@id\":\"https:\\\/\\\/uk-gb.net\\\/fr\\\/visa-touristique-angleterre-royaume-uni\\\/#primaryimage\"},\"image\":{\"@id\":\"https:\\\/\\\/uk-gb.net\\\/fr\\\/visa-touristique-angleterre-royaume-uni\\\/#primaryimage\"},\"thumbnailUrl\":\"https:\\\/\\\/uk-gb.net\\\/wp-content\\\/uploads\\\/2024\\\/03\\\/UK-visa-C.jpg\",\"datePublished\":\"2023-11-21T12:31:09+00:00\",\"dateModified\":\"2025-06-04T14:44:23+00:00\",\"description\":\"D\u00e9couvrez l'ensembles des r\u00e8gles concernant l'obtention d'un visa de voyage touristique pour le Royaume Uni\",\"inLanguage\":\"fr-FR\",\"potentialAction\":[{\"@type\":\"ReadAction\",\"target\":[\"https:\\\/\\\/uk-gb.net\\\/fr\\\/visa-touristique-angleterre-royaume-uni\\\/\"]}]},{\"@type\":\"ImageObject\",\"inLanguage\":\"fr-FR\",\"@id\":\"https:\\\/\\\/uk-gb.net\\\/fr\\\/visa-touristique-angleterre-royaume-uni\\\/#primaryimage\",\"url\":\"https:\\\/\\\/uk-gb.net\\\/wp-content\\\/uploads\\\/2024\\\/03\\\/UK-visa-C.jpg\",\"contentUrl\":\"https:\\\/\\\/uk-gb.net\\\/wp-content\\\/uploads\\\/2024\\\/03\\\/UK-visa-C.jpg\"},{\"@type\":\"WebSite\",\"@id\":\"https:\\\/\\\/uk-gb.net\\\/fr\\\/#website\",\"url\":\"https:\\\/\\\/uk-gb.net\\\/fr\\\/\",\"name\":\"UK GB\",\"description\":\"Travel to the UK\",\"potentialAction\":[{\"@type\":\"SearchAction\",\"target\":{\"@type\":\"EntryPoint\",\"urlTemplate\":\"https:\\\/\\\/uk-gb.net\\\/fr\\\/?s={search_term_string}\"},\"query-input\":{\"@type\":\"PropertyValueSpecification\",\"valueRequired\":true,\"valueName\":\"search_term_string\"}}],\"inLanguage\":\"fr-FR\"}]}<\/script>\n<!-- \/ Yoast SEO plugin. -->","yoast_head_json":{"title":"Visa touristique pour le Royaume Uni","description":"D\u00e9couvrez l'ensembles des r\u00e8gles concernant l'obtention d'un visa de voyage touristique pour le Royaume Uni","robots":{"index":"index","follow":"follow","max-snippet":"max-snippet:-1","max-image-preview":"max-image-preview:large","max-video-preview":"max-video-preview:-1"},"canonical":"https:\/\/uk-gb.net\/fr\/visa-touristique-angleterre-royaume-uni\/","og_locale":"fr_FR","og_type":"article","og_title":"Visa touristique pour le Royaume Uni","og_description":"D\u00e9couvrez l'ensembles des r\u00e8gles concernant l'obtention d'un visa de voyage touristique pour le Royaume Uni","og_url":"https:\/\/uk-gb.net\/fr\/visa-touristique-angleterre-royaume-uni\/","og_site_name":"UK GB","article_modified_time":"2025-06-04T14:44:23+00:00","og_image":[{"width":564,"height":338,"url":"https:\/\/uk-gb.net\/wp-content\/uploads\/2024\/03\/UK-visa-C.jpg","type":"image\/jpeg"}],"twitter_card":"summary_large_image","twitter_misc":{"Dur\u00e9e de lecture estim\u00e9e":"4 minutes"},"schema":{"@context":"https:\/\/schema.org","@graph":[{"@type":"WebPage","@id":"https:\/\/uk-gb.net\/fr\/visa-touristique-angleterre-royaume-uni\/","url":"https:\/\/uk-gb.net\/fr\/visa-touristique-angleterre-royaume-uni\/","name":"Visa touristique pour le Royaume Uni","isPartOf":{"@id":"https:\/\/uk-gb.net\/fr\/#website"},"primaryImageOfPage":{"@id":"https:\/\/uk-gb.net\/fr\/visa-touristique-angleterre-royaume-uni\/#primaryimage"},"image":{"@id":"https:\/\/uk-gb.net\/fr\/visa-touristique-angleterre-royaume-uni\/#primaryimage"},"thumbnailUrl":"https:\/\/uk-gb.net\/wp-content\/uploads\/2024\/03\/UK-visa-C.jpg","datePublished":"2023-11-21T12:31:09+00:00","dateModified":"2025-06-04T14:44:23+00:00","description":"D\u00e9couvrez l'ensembles des r\u00e8gles concernant l'obtention d'un visa de voyage touristique pour le Royaume Uni","inLanguage":"fr-FR","potentialAction":[{"@type":"ReadAction","target":["https:\/\/uk-gb.net\/fr\/visa-touristique-angleterre-royaume-uni\/"]}]},{"@type":"ImageObject","inLanguage":"fr-FR","@id":"https:\/\/uk-gb.net\/fr\/visa-touristique-angleterre-royaume-uni\/#primaryimage","url":"https:\/\/uk-gb.net\/wp-content\/uploads\/2024\/03\/UK-visa-C.jpg","contentUrl":"https:\/\/uk-gb.net\/wp-content\/uploads\/2024\/03\/UK-visa-C.jpg"},{"@type":"WebSite","@id":"https:\/\/uk-gb.net\/fr\/#website","url":"https:\/\/uk-gb.net\/fr\/","name":"UK GB","description":"Travel to the UK","potentialAction":[{"@type":"SearchAction","target":{"@type":"EntryPoint","urlTemplate":"https:\/\/uk-gb.net\/fr\/?s={search_term_string}"},"query-input":{"@type":"PropertyValueSpecification","valueRequired":true,"valueName":"search_term_string"}}],"inLanguage":"fr-FR"}]}},"_links":{"self":[{"href":"https:\/\/uk-gb.net\/fr\/wp-json\/wp\/v2\/pages\/511","targetHints":{"allow":["GET"]}}],"collection":[{"href":"https:\/\/uk-gb.net\/fr\/wp-json\/wp\/v2\/pages"}],"about":[{"href":"https:\/\/uk-gb.net\/fr\/wp-json\/wp\/v2\/types\/page"}],"author":[{"embeddable":true,"href":"https:\/\/uk-gb.net\/fr\/wp-json\/wp\/v2\/users\/1"}],"replies":[{"embeddable":true,"href":"https:\/\/uk-gb.net\/fr\/wp-json\/wp\/v2\/comments?post=511"}],"version-history":[{"count":0,"href":"https:\/\/uk-gb.net\/fr\/wp-json\/wp\/v2\/pages\/511\/revisions"}],"wp:attachment":[{"href":"https:\/\/uk-gb.net\/fr\/wp-json\/wp\/v2\/media?parent=511"}],"curies":[{"name":"wp","href":"https:\/\/api.w.org\/{rel}","templated":true}]}}