{"id":406,"date":"2023-11-13T17:36:02","date_gmt":"2023-11-13T17:36:02","guid":{"rendered":"https:\/\/uk-gb.net\/?page_id=406"},"modified":"2025-07-17T14:45:31","modified_gmt":"2025-07-17T13:45:31","slug":"mentions-legales","status":"publish","type":"page","link":"https:\/\/uk-gb.net\/fr\/mentions-legales\/","title":{"rendered":"Mentions l\u00e9gales"},"content":{"rendered":"\n<h1 class=\"wp-block-heading\">Mentions L\u00e9gales<\/h1>\n\n\n\n<p>Nous \u00e9ditons un site web d\u2019information sur les s\u00e9jours touristiques au Royaume Uni. Le site web et la soci\u00e9t\u00e9 d\u2019exploitation sont ind\u00e9pendants de toute administration publique. Ils n\u2019ont aucun lien avec l\u2019administration britannique.<\/p>\n\n\n\n<h2 class=\"wp-block-heading\">Editeur du site<\/h2>\n\n\n\n<p>Le site est \u00e9dit\u00e9 par une soci\u00e9t\u00e9 de consulting immatricul\u00e9e \u00e0 Malte au sein de la communaut\u00e9 europ\u00e9enne. Notre responsable de publication est M. Manuel Borg. Pour nous contacter vous devez utiliser le\u00a0<a href=\"https:\/\/uk-gb.net\/fr\/contact\/\">formulaire de contact<\/a>.<\/p>\n\n\n\n<p>Nous sommes un site priv\u00e9 ayant pour but d\u2019informer. Le site web ne propose aucun service commercial en ligne.<\/p>\n\n\n\n<p>Le site contient des liens hypertextes publicitaires pouvant diriger les internautes vers des sites web tiers ext\u00e9rieurs : Nous ne sommes pas responsables de leurs politiques de confidentialit\u00e9 ni de leurs pratiques commerciales.<\/p>\n\n\n\n<h2 class=\"wp-block-heading\">Traitement des donn\u00e9es personnelles<\/h2>\n\n\n\n<p>Nous ne collectons aucune donn\u00e9e personnelle au travers de formulaires en ligne. Le seul formulaire sur notre site est un simple formulaire de contact. Les informations saisies pour nous contacter sont r\u00e9guli\u00e8rement effac\u00e9es. Le visiteur dispose d\u2019un droit d\u2019acc\u00e8s, de modification, de rectification et de suppression de ces donn\u00e9es. Pour l\u2019exercer, il peut nous contacter au travers du&nbsp;<a href=\"https:\/\/uk-gb.net\/fr\/contact\/\">formulaire de contact<\/a>.<\/p>\n","protected":false},"excerpt":{"rendered":"<p>Mentions L\u00e9gales Nous \u00e9ditons un site web d\u2019information sur les s\u00e9jours touristiques au Royaume Uni. Le site web et la soci\u00e9t\u00e9 d\u2019exploitation sont ind\u00e9pendants de toute administration publique. Ils n\u2019ont aucun lien avec l\u2019administration britannique. Editeur du site Le site est \u00e9dit\u00e9 par une soci\u00e9t\u00e9 de consulting immatricul\u00e9e \u00e0 Malte au sein de la communaut\u00e9 [&hellip;]<\/p>\n","protected":false},"author":1,"featured_media":0,"parent":0,"menu_order":0,"comment_status":"closed","ping_status":"closed","template":"","meta":{"footnotes":""},"class_list":["post-406","page","type-page","status-publish","hentry"],"yoast_head":"<!-- This site is optimized with the Yoast SEO plugin v27.4 - https:\/\/yoast.com\/product\/yoast-seo-wordpress\/ -->\n<title>Mentions l\u00e9gales - UK GB<\/title>\n<meta name=\"description\" content=\"Mentions l\u00e9gales du site uk-gb.net\" \/>\n<meta name=\"robots\" content=\"noindex, nofollow\" \/>\n<meta property=\"og:locale\" content=\"fr_FR\" \/>\n<meta property=\"og:type\" content=\"article\" \/>\n<meta property=\"og:title\" content=\"Mentions l\u00e9gales - UK GB\" \/>\n<meta property=\"og:description\" content=\"Mentions l\u00e9gales du site uk-gb.net\" \/>\n<meta property=\"og:url\" content=\"https:\/\/uk-gb.net\/fr\/mentions-legales\/\" \/>\n<meta property=\"og:site_name\" content=\"UK GB\" \/>\n<meta property=\"article:modified_time\" content=\"2025-07-17T13:45:31+00:00\" \/>\n<meta name=\"twitter:card\" content=\"summary_large_image\" \/>\n<meta name=\"twitter:label1\" content=\"Dur\u00e9e de lecture estim\u00e9e\" \/>\n\t<meta name=\"twitter:data1\" content=\"1 minute\" \/>\n<script type=\"application\/ld+json\" class=\"yoast-schema-graph\">{\"@context\":\"https:\\\/\\\/schema.org\",\"@graph\":[{\"@type\":\"WebPage\",\"@id\":\"https:\\\/\\\/uk-gb.net\\\/fr\\\/mentions-legales\\\/\",\"url\":\"https:\\\/\\\/uk-gb.net\\\/fr\\\/mentions-legales\\\/\",\"name\":\"Mentions l\u00e9gales - UK GB\",\"isPartOf\":{\"@id\":\"https:\\\/\\\/uk-gb.net\\\/fr\\\/#website\"},\"datePublished\":\"2023-11-13T17:36:02+00:00\",\"dateModified\":\"2025-07-17T13:45:31+00:00\",\"description\":\"Mentions l\u00e9gales du site uk-gb.net\",\"inLanguage\":\"fr-FR\",\"potentialAction\":[{\"@type\":\"ReadAction\",\"target\":[\"https:\\\/\\\/uk-gb.net\\\/fr\\\/mentions-legales\\\/\"]}]},{\"@type\":\"WebSite\",\"@id\":\"https:\\\/\\\/uk-gb.net\\\/fr\\\/#website\",\"url\":\"https:\\\/\\\/uk-gb.net\\\/fr\\\/\",\"name\":\"UK GB\",\"description\":\"Travel to the UK\",\"potentialAction\":[{\"@type\":\"SearchAction\",\"target\":{\"@type\":\"EntryPoint\",\"urlTemplate\":\"https:\\\/\\\/uk-gb.net\\\/fr\\\/?s={search_term_string}\"},\"query-input\":{\"@type\":\"PropertyValueSpecification\",\"valueRequired\":true,\"valueName\":\"search_term_string\"}}],\"inLanguage\":\"fr-FR\"}]}<\/script>\n<!-- \/ Yoast SEO plugin. -->","yoast_head_json":{"title":"Mentions l\u00e9gales - UK GB","description":"Mentions l\u00e9gales du site uk-gb.net","robots":{"index":"noindex","follow":"nofollow"},"og_locale":"fr_FR","og_type":"article","og_title":"Mentions l\u00e9gales - UK GB","og_description":"Mentions l\u00e9gales du site uk-gb.net","og_url":"https:\/\/uk-gb.net\/fr\/mentions-legales\/","og_site_name":"UK GB","article_modified_time":"2025-07-17T13:45:31+00:00","twitter_card":"summary_large_image","twitter_misc":{"Dur\u00e9e de lecture estim\u00e9e":"1 minute"},"schema":{"@context":"https:\/\/schema.org","@graph":[{"@type":"WebPage","@id":"https:\/\/uk-gb.net\/fr\/mentions-legales\/","url":"https:\/\/uk-gb.net\/fr\/mentions-legales\/","name":"Mentions l\u00e9gales - UK GB","isPartOf":{"@id":"https:\/\/uk-gb.net\/fr\/#website"},"datePublished":"2023-11-13T17:36:02+00:00","dateModified":"2025-07-17T13:45:31+00:00","description":"Mentions l\u00e9gales du site uk-gb.net","inLanguage":"fr-FR","potentialAction":[{"@type":"ReadAction","target":["https:\/\/uk-gb.net\/fr\/mentions-legales\/"]}]},{"@type":"WebSite","@id":"https:\/\/uk-gb.net\/fr\/#website","url":"https:\/\/uk-gb.net\/fr\/","name":"UK GB","description":"Travel to the UK","potentialAction":[{"@type":"SearchAction","target":{"@type":"EntryPoint","urlTemplate":"https:\/\/uk-gb.net\/fr\/?s={search_term_string}"},"query-input":{"@type":"PropertyValueSpecification","valueRequired":true,"valueName":"search_term_string"}}],"inLanguage":"fr-FR"}]}},"_links":{"self":[{"href":"https:\/\/uk-gb.net\/fr\/wp-json\/wp\/v2\/pages\/406","targetHints":{"allow":["GET"]}}],"collection":[{"href":"https:\/\/uk-gb.net\/fr\/wp-json\/wp\/v2\/pages"}],"about":[{"href":"https:\/\/uk-gb.net\/fr\/wp-json\/wp\/v2\/types\/page"}],"author":[{"embeddable":true,"href":"https:\/\/uk-gb.net\/fr\/wp-json\/wp\/v2\/users\/1"}],"replies":[{"embeddable":true,"href":"https:\/\/uk-gb.net\/fr\/wp-json\/wp\/v2\/comments?post=406"}],"version-history":[{"count":0,"href":"https:\/\/uk-gb.net\/fr\/wp-json\/wp\/v2\/pages\/406\/revisions"}],"wp:attachment":[{"href":"https:\/\/uk-gb.net\/fr\/wp-json\/wp\/v2\/media?parent=406"}],"curies":[{"name":"wp","href":"https:\/\/api.w.org\/{rel}","templated":true}]}}