{"id":373,"date":"2023-11-13T16:38:13","date_gmt":"2023-11-13T15:38:13","guid":{"rendered":"https:\/\/uk-gb.net\/?page_id=373"},"modified":"2026-03-03T08:16:00","modified_gmt":"2026-03-03T08:16:00","slug":"visa-royaume-uni","status":"publish","type":"page","link":"https:\/\/uk-gb.net\/fr\/visa-royaume-uni\/","title":{"rendered":"Formalit\u00e9s de voyage pour le Royaume-Uni"},"content":{"rendered":"\n<h1 class=\"wp-block-heading\">Formalit\u00e9s d&rsquo;entr\u00e9e au Royaume-Uni pour les voyageurs internationaux<\/h1>\n\n\n\n<p>Le Royaume-Uni a mis en place un syst\u00e8me d\u2019<strong>autorisation \u00e9lectronique de voyage (ETA)<\/strong> destin\u00e9 aux ressortissants de certains pays exempt\u00e9s de visa. Cette d\u00e9marche simplifi\u00e9e permet d\u2019entrer sur le territoire britannique pour un court s\u00e9jour sans visa traditionnel. L\u2019ETA est requise dans les cas suivants : S\u00e9jours touristiques, visites \u00e0 des proches, voyages d\u2019affaires, \u00e9tudes de courte dur\u00e9e ou escale au Royaume-Uni.<\/p>\n\n\n\n<p><strong>Pour faire une demande <strong>en quelques minutes<\/strong><\/strong>, il suffit de compl\u00e9ter le <a href=\"https:\/\/uk-gb.net\/fr\/formulaire-en-ligne-eta-visa-angleterre\/\">formulaire ETA en ligne<\/a>.<\/p>\n\n\n\n<div style=\"height:10px\" aria-hidden=\"true\" class=\"wp-block-spacer\"><\/div>\n\n\n\n<h2 class=\"wp-block-heading\">Qui est concern\u00e9 par l&rsquo;ETA du Royaume Uni ?<\/h2>\n\n\n\n<p>Le nombre de <a href=\"https:\/\/uk-gb.net\/fr\/pays-qui-peuvent-demander-eta-royaume-uni\/\">pays \u00e9ligibles \u00e0 l&rsquo;ETA du Royaume-Uni<\/a> s\u2019\u00e9largit progressivement.<\/p>\n\n\n\n<p>Le programme a d\u2019abord \u00e9t\u00e9 d\u00e9ploy\u00e9 au Moyen-Orient, avec les premi\u00e8res \u00e9tapes suivantes :<\/p>\n\n\n\n<ul class=\"wp-block-list\">\n<li>Depuis 2023, L&rsquo;ETA permet aux ressortissants du Qatar d&rsquo;\u00e9viter la demande de visa pour l\u2019Angleterre depuis le Qatar<\/li>\n\n\n\n<li>Depuis f\u00e9vrier 2024 : Les <a href=\"https:\/\/uk-gb.net\/fr\/visa-angleterre-depart-arabie-saoudite\/\">ressortissants saoudiens peuvent obtenir une ETA<\/a> au lieu d&rsquo;un visa pour le Royaume Uni.<\/li>\n<\/ul>\n\n\n\n<div style=\"height:10px\" aria-hidden=\"true\" class=\"wp-block-spacer\"><\/div>\n\n\n\n<p>L\u2019ensemble des pays europ\u00e9ens ont \u00e9t\u00e9 ajout\u00e9 aux pays membres du syst\u00e8me ETA du Royaume-Uni. Les ressortissants europ\u00e9ens peuvent dor\u00e9navant faire une <a href=\"https:\/\/uk-gb.net\/fr\/formulaire-en-ligne-eta-visa-angleterre\/\">demande ETA en ligne<\/a> avant d&#8217;embarquer pour le Royaume Uni.<\/p>\n\n\n\n<h2 class=\"wp-block-heading\">Quels visas et autorisations pour voyager au Royaume-Uni ?<\/h2>\n\n\n\n<p>Le Royaume-Uni propose <a href=\"https:\/\/uk-gb.net\/fr\/differents-types-visas-britanniques\/\">plusieurs types de visas<\/a> ou d\u2019autorisations selon le profil du voyageur, le motif du s\u00e9jour, et sa dur\u00e9e. Pour un court s\u00e9jour, certains ressortissants peuvent \u00e9viter la proc\u00e9dure de visa classique gr\u00e2ce \u00e0 l\u2019autorisation \u00e9lectronique ETA. Voici un guide clair pour comprendre les options disponibles.<\/p>\n\n\n\n<h3 class=\"wp-block-heading\">Faut-il un visa pour voyager au Royaume-Uni ?<\/h3>\n\n\n\n<p>Tout d\u00e9pend de votre nationalit\u00e9 et du but de votre voyage. Voici les principaux cas de figure :<\/p>\n\n\n\n<ul class=\"wp-block-list\">\n<li><strong>Vous \u00eates citoyen irlandais<\/strong> : Aucun visa ni autorisation ETA n\u2019est requis.<\/li>\n\n\n\n<li><strong>Vous \u00eates citoyen d\u2019un pays qui \u00e9tait exempt\u00e9 de visa<\/strong> : C\u2019est le cas des citoyens europ\u00e9ens, am\u00e9ricains, et d&rsquo;autres pays partenaires. Depuis 2025, une <a href=\"https:\/\/uk-gb.net\/fr\/eta-angleterre-royaume-uni\/\">ETA du Royaume-Uni<\/a> est n\u00e9cessaire pour entrer sur le territoire. <\/li>\n\n\n\n<li><strong>Vous venez d\u2019un pays d\u00e9j\u00e0 int\u00e9gr\u00e9 au syst\u00e8me ETA (Qatar, Arabie Saoudite&#8230;)<\/strong> : Vous devez effectuer une <a href=\"https:\/\/uk-gb.net\/fr\/formulaire-en-ligne-eta-visa-angleterre\/\">demande d\u2019ETA en ligne<\/a>.<\/li>\n\n\n\n<li><strong>Vous \u00eates ressortissant d\u2019un pays soumis \u00e0 visa<\/strong> : Une demande de <a href=\"https:\/\/uk-gb.net\/fr\/visa-touristique-angleterre-royaume-uni\/\">visa touristique<\/a> est obligatoire, \u00e0 r\u00e9aliser en ligne puis finalis\u00e9e lors d\u2019un <a href=\"https:\/\/uk-gb.net\/fr\/rendez-vous-visa-ambassade-angleterre\/\">rendez vous \u00e0 l\u2019ambassade britannique<\/a>.<\/li>\n\n\n\n<li><strong>Exemple<\/strong> : <a href=\"https:\/\/uk-gb.net\/fr\/visa-angleterre-depuis-la-france\/\" type=\"page\" id=\"972\">eTA depuis la France<\/a>.<\/li>\n<\/ul>\n\n\n\n<div style=\"height:10px\" aria-hidden=\"true\" class=\"wp-block-spacer\"><\/div>\n\n\n\n<h3 class=\"wp-block-heading\">Quels sont les types de visas pour le Royaume-Uni ?<\/h3>\n\n\n\n<p>Le type de visa d\u00e9pend du motif du s\u00e9jour :<\/p>\n\n\n\n<figure class=\"wp-block-table\"><table><thead><tr><th>Type de visa<\/th><th>Utilisation principale<\/th><\/tr><\/thead><tbody><tr><td><a href=\"https:\/\/uk-gb.net\/fr\/visa-touristique-angleterre-royaume-uni\/\">Visa touristique<\/a><\/td><td>Voyages de loisir ou visites \u00e0 des proches<\/td><\/tr><tr><td><a href=\"https:\/\/uk-gb.net\/fr\/visa-affaires-pour-angleterre-royaume-uni\/\">Visa d\u2019affaires<\/a><\/td><td>R\u00e9unions, conf\u00e9rences, missions professionnelles<\/td><\/tr><tr><td><a href=\"https:\/\/uk-gb.net\/fr\/visa-etudiant-angleterre-royaume-uni\/\">Visa \u00e9tudiant<\/a><\/td><td>\u00c9tudes longues ou formations sp\u00e9cifiques<\/td><\/tr><tr><td><a href=\"https:\/\/uk-gb.net\/fr\/visa-transit-escale-angleterre-royaume-uni\/\">Visa de transit<\/a><\/td><td>Passage temporaire par un a\u00e9roport britannique<\/td><\/tr><tr><td><a href=\"https:\/\/uk-gb.net\/fr\/visa-familial-angleterre-royaume-uni\/\">Visa famille<\/a><\/td><td>Voyager en famille au Royaume Uni<\/td><\/tr><\/tbody><\/table><\/figure>\n\n\n\n<h3 class=\"wp-block-heading\">Transit au Royaume-Uni : ETA ou visa ?<\/h3>\n\n\n\n<p>M\u00eame en cas de <strong>simple escale en a\u00e9roport<\/strong>, une <strong>autorisation de voyage est obligatoire<\/strong>. Selon votre nationalit\u00e9, cela peut \u00eatre une <a href=\"https:\/\/uk-gb.net\/fr\/eta-angleterre-royaume-uni\/\">ETA Royaume Uni<\/a> ou un <a href=\"https:\/\/uk-gb.net\/fr\/visa-transit-escale-angleterre-royaume-uni\/\">visa de transit<\/a>. Cette obligation s\u2019applique m\u00eame si vous ne franchissez pas le contr\u00f4le des fronti\u00e8res.<\/p>\n\n\n\n<h3 class=\"wp-block-heading\">Peut-on voyager avec une ETA plut\u00f4t qu\u2019un visa ?<\/h3>\n\n\n\n<p>L\u2019<strong>autorisation \u00e9lectronique ETA<\/strong> est suffisante si votre s\u00e9jour remplit ces conditions :<\/p>\n\n\n\n<p>\u2705 S\u00e9jour touristique, visite familiale, \u00e9tudes courtes, voyage d\u2019affaires<br>\u2705 Dur\u00e9e maximale de 6 mois<br>\u2705 Transit par le Royaume-Uni<br>\u2705 Mission artistique r\u00e9mun\u00e9r\u00e9e de moins de 3 mois (dans certains cas sp\u00e9cifiques)<\/p>\n\n\n\n<h3 class=\"wp-block-heading\">Les limites de l\u2019autorisation ETA<\/h3>\n\n\n\n<p>\u274c L\u2019ETA ne permet pas :<\/p>\n\n\n\n<ul class=\"wp-block-list\">\n<li>De rester plus de 6 mois<\/li>\n\n\n\n<li>De travailler pour une entreprise britannique<\/li>\n\n\n\n<li>De cr\u00e9er une entreprise ou exercer en ind\u00e9pendant<\/li>\n\n\n\n<li>De toucher des aides publiques<\/li>\n\n\n\n<li>De se marier ou enregistrer une union civile<\/li>\n\n\n\n<li>De s\u2019installer de fa\u00e7on permanente<\/li>\n<\/ul>\n\n\n\n<p>Dans tous ces cas, un <a href=\"https:\/\/uk-gb.net\/fr\/differents-types-visas-britanniques\/\">visa britannique<\/a> est requis.<\/p>\n\n\n\n<h3 class=\"wp-block-heading\">Quelles sont les destinations les plus vis\u00e9es par les demandes de visa ?<\/h3>\n\n\n\n<p>Londres reste la premi\u00e8re porte d\u2019entr\u00e9e du pays, mais d&rsquo;autres villes attirent aussi de nombreux visiteurs. Les voyageurs font une demande de <a href=\"https:\/\/uk-gb.net\/fr\/visa-pour-londres\/\">visa pour Londres<\/a> pour atterrir en Angleterre. Les touristes \u00e9trangers visitent \u00e9galement les principales autres villes anglaises en effectuant une demande de <a href=\"https:\/\/uk-gb.net\/fr\/visa-pour-liverpool\/\">visa pour Liverpool<\/a>. Les demandes de <a href=\"https:\/\/uk-gb.net\/fr\/visa-pour-manchester\/\">visa pour Manchester<\/a> sont \u00e9galement tr\u00e8s nombreuses.<\/p>\n\n\n\n<p>Les grandes villes anglaises universitaires accueillent \u00e9galement de nombreux touristes pour des s\u00e9jours acad\u00e9miques qui demande un <a href=\"https:\/\/uk-gb.net\/fr\/visa-pour-oxford\/\">visa pour Oxford<\/a>, ou bien plus au Nord de Londres avec un visa pour Cambridge.<\/p>\n\n\n\n<p>Au nord du Royaume Uni, les voyageurs font des demandes de visa pour Birmingham. Certains voyagent encore plus au Nord en Ecosse, avec un visa pour Edimbourg ou un <a href=\"https:\/\/uk-gb.net\/fr\/visa-pour-glasgow\/\">visa pour Glasgow<\/a>.<\/p>\n\n\n\n<p>Le Pays de Galles est \u00e9galement une destination pris\u00e9e des voyageurs \u00e9trangers. Les touristes demandent un visa pour Cardiff.<\/p>\n","protected":false},"excerpt":{"rendered":"<p>Formalit\u00e9s d&rsquo;entr\u00e9e au Royaume-Uni pour les voyageurs internationaux Le Royaume-Uni a mis en place un syst\u00e8me d\u2019autorisation \u00e9lectronique de voyage (ETA) destin\u00e9 aux ressortissants de certains pays exempt\u00e9s de visa. Cette d\u00e9marche simplifi\u00e9e permet d\u2019entrer sur le territoire britannique pour un court s\u00e9jour sans visa traditionnel. L\u2019ETA est requise dans les cas suivants : S\u00e9jours [&hellip;]<\/p>\n","protected":false},"author":1,"featured_media":0,"parent":0,"menu_order":0,"comment_status":"closed","ping_status":"closed","template":"","meta":{"footnotes":""},"class_list":["post-373","page","type-page","status-publish","hentry"],"yoast_head":"<!-- This site is optimized with the Yoast SEO plugin v27.3 - https:\/\/yoast.com\/product\/yoast-seo-wordpress\/ -->\n<title>Formalit\u00e9s de voyage pour le Royaume-Uni<\/title>\n<meta name=\"description\" content=\"Les r\u00e8gles d&#039;entr\u00e9e sur le territoire du Royaume-Uni pour les voyageurs \u00e9trangers ont chang\u00e9 avec la mise en place d&#039;une eTA UK\" \/>\n<meta name=\"robots\" content=\"index, follow, max-snippet:-1, max-image-preview:large, max-video-preview:-1\" \/>\n<link rel=\"canonical\" href=\"https:\/\/uk-gb.net\/fr\/visa-royaume-uni\/\" \/>\n<meta property=\"og:locale\" content=\"fr_FR\" \/>\n<meta property=\"og:type\" content=\"article\" \/>\n<meta property=\"og:title\" content=\"Formalit\u00e9s de voyage pour le Royaume-Uni\" \/>\n<meta property=\"og:description\" content=\"Les r\u00e8gles d&#039;entr\u00e9e sur le territoire du Royaume-Uni pour les voyageurs \u00e9trangers ont chang\u00e9 avec la mise en place d&#039;une eTA UK\" \/>\n<meta property=\"og:url\" content=\"https:\/\/uk-gb.net\/fr\/visa-royaume-uni\/\" \/>\n<meta property=\"og:site_name\" content=\"UK GB\" \/>\n<meta property=\"article:modified_time\" content=\"2026-03-03T08:16:00+00:00\" \/>\n<meta name=\"twitter:card\" content=\"summary_large_image\" \/>\n<meta name=\"twitter:label1\" content=\"Dur\u00e9e de lecture estim\u00e9e\" \/>\n\t<meta name=\"twitter:data1\" content=\"4 minutes\" \/>\n<script type=\"application\/ld+json\" class=\"yoast-schema-graph\">{\"@context\":\"https:\\\/\\\/schema.org\",\"@graph\":[{\"@type\":\"WebPage\",\"@id\":\"https:\\\/\\\/uk-gb.net\\\/fr\\\/visa-royaume-uni\\\/\",\"url\":\"https:\\\/\\\/uk-gb.net\\\/fr\\\/visa-royaume-uni\\\/\",\"name\":\"Formalit\u00e9s de voyage pour le Royaume-Uni\",\"isPartOf\":{\"@id\":\"https:\\\/\\\/uk-gb.net\\\/fr\\\/#website\"},\"datePublished\":\"2023-11-13T15:38:13+00:00\",\"dateModified\":\"2026-03-03T08:16:00+00:00\",\"description\":\"Les r\u00e8gles d'entr\u00e9e sur le territoire du Royaume-Uni pour les voyageurs \u00e9trangers ont chang\u00e9 avec la mise en place d'une eTA UK\",\"inLanguage\":\"fr-FR\",\"potentialAction\":[{\"@type\":\"ReadAction\",\"target\":[\"https:\\\/\\\/uk-gb.net\\\/fr\\\/visa-royaume-uni\\\/\"]}]},{\"@type\":\"WebSite\",\"@id\":\"https:\\\/\\\/uk-gb.net\\\/fr\\\/#website\",\"url\":\"https:\\\/\\\/uk-gb.net\\\/fr\\\/\",\"name\":\"UK GB\",\"description\":\"Travel to the UK\",\"potentialAction\":[{\"@type\":\"SearchAction\",\"target\":{\"@type\":\"EntryPoint\",\"urlTemplate\":\"https:\\\/\\\/uk-gb.net\\\/fr\\\/?s={search_term_string}\"},\"query-input\":{\"@type\":\"PropertyValueSpecification\",\"valueRequired\":true,\"valueName\":\"search_term_string\"}}],\"inLanguage\":\"fr-FR\"}]}<\/script>\n<!-- \/ Yoast SEO plugin. -->","yoast_head_json":{"title":"Formalit\u00e9s de voyage pour le Royaume-Uni","description":"Les r\u00e8gles d'entr\u00e9e sur le territoire du Royaume-Uni pour les voyageurs \u00e9trangers ont chang\u00e9 avec la mise en place d'une eTA UK","robots":{"index":"index","follow":"follow","max-snippet":"max-snippet:-1","max-image-preview":"max-image-preview:large","max-video-preview":"max-video-preview:-1"},"canonical":"https:\/\/uk-gb.net\/fr\/visa-royaume-uni\/","og_locale":"fr_FR","og_type":"article","og_title":"Formalit\u00e9s de voyage pour le Royaume-Uni","og_description":"Les r\u00e8gles d'entr\u00e9e sur le territoire du Royaume-Uni pour les voyageurs \u00e9trangers ont chang\u00e9 avec la mise en place d'une eTA UK","og_url":"https:\/\/uk-gb.net\/fr\/visa-royaume-uni\/","og_site_name":"UK GB","article_modified_time":"2026-03-03T08:16:00+00:00","twitter_card":"summary_large_image","twitter_misc":{"Dur\u00e9e de lecture estim\u00e9e":"4 minutes"},"schema":{"@context":"https:\/\/schema.org","@graph":[{"@type":"WebPage","@id":"https:\/\/uk-gb.net\/fr\/visa-royaume-uni\/","url":"https:\/\/uk-gb.net\/fr\/visa-royaume-uni\/","name":"Formalit\u00e9s de voyage pour le Royaume-Uni","isPartOf":{"@id":"https:\/\/uk-gb.net\/fr\/#website"},"datePublished":"2023-11-13T15:38:13+00:00","dateModified":"2026-03-03T08:16:00+00:00","description":"Les r\u00e8gles d'entr\u00e9e sur le territoire du Royaume-Uni pour les voyageurs \u00e9trangers ont chang\u00e9 avec la mise en place d'une eTA UK","inLanguage":"fr-FR","potentialAction":[{"@type":"ReadAction","target":["https:\/\/uk-gb.net\/fr\/visa-royaume-uni\/"]}]},{"@type":"WebSite","@id":"https:\/\/uk-gb.net\/fr\/#website","url":"https:\/\/uk-gb.net\/fr\/","name":"UK GB","description":"Travel to the UK","potentialAction":[{"@type":"SearchAction","target":{"@type":"EntryPoint","urlTemplate":"https:\/\/uk-gb.net\/fr\/?s={search_term_string}"},"query-input":{"@type":"PropertyValueSpecification","valueRequired":true,"valueName":"search_term_string"}}],"inLanguage":"fr-FR"}]}},"_links":{"self":[{"href":"https:\/\/uk-gb.net\/fr\/wp-json\/wp\/v2\/pages\/373","targetHints":{"allow":["GET"]}}],"collection":[{"href":"https:\/\/uk-gb.net\/fr\/wp-json\/wp\/v2\/pages"}],"about":[{"href":"https:\/\/uk-gb.net\/fr\/wp-json\/wp\/v2\/types\/page"}],"author":[{"embeddable":true,"href":"https:\/\/uk-gb.net\/fr\/wp-json\/wp\/v2\/users\/1"}],"replies":[{"embeddable":true,"href":"https:\/\/uk-gb.net\/fr\/wp-json\/wp\/v2\/comments?post=373"}],"version-history":[{"count":0,"href":"https:\/\/uk-gb.net\/fr\/wp-json\/wp\/v2\/pages\/373\/revisions"}],"wp:attachment":[{"href":"https:\/\/uk-gb.net\/fr\/wp-json\/wp\/v2\/media?parent=373"}],"curies":[{"name":"wp","href":"https:\/\/api.w.org\/{rel}","templated":true}]}}