{"id":1491,"date":"2024-02-25T15:25:14","date_gmt":"2024-02-25T15:25:14","guid":{"rendered":"https:\/\/uk-gb.net\/?page_id=1491"},"modified":"2025-05-16T12:46:27","modified_gmt":"2025-05-16T11:46:27","slug":"contact","status":"publish","type":"page","link":"https:\/\/uk-gb.net\/fr\/contact\/","title":{"rendered":"Contact"},"content":{"rendered":"\n<h1 class=\"wp-block-heading\">Formulaire de contact<\/h1>\n\n\n\n<p>Nous sommes un site d\u2019information en ligne priv\u00e9 sur les s\u00e9jours touristiques au Royaume Uni. <\/p>\n\n\n\n<p>Nous ne sommes en aucunement li\u00e9s \u00e0 l\u2019administration britannique, ni \u00e0 aucune autre administration. Nous ne sommes pas en mesure d\u2019apporter un support \u00e0 une d\u00e9marche effectu\u00e9e sur un site officiel ou un site priv\u00e9 d\u2019assistance aux formalit\u00e9s administratives.<\/p>\n\n\n\n<p>Notre site web contient diff\u00e9rents liens hypertextes publicitaires vers des sites web tiers. Nous n\u2019avons aucun lien et aucun contr\u00f4le sur ces sites, et ne sommes pas responsables de leurs politiques de confidentialit\u00e9 ni de leurs pratiques commerciales.<\/p>\n\n\n<div class=\"wpforms-container wpforms-container-full wpforms-block wpforms-block-97737c9a-6459-48bb-9e26-bc200d497ab8 wpforms-render-modern\" id=\"wpforms-1497\"><form id=\"wpforms-form-1497\" class=\"wpforms-validate wpforms-form wpforms-ajax-form\" data-formid=\"1497\" method=\"post\" enctype=\"multipart\/form-data\" action=\"\/fr\/wp-json\/wp\/v2\/pages\/1491\" data-token=\"094b1d5e87531b23206cb0f4085ab595\" data-token-time=\"1776096219\"><noscript class=\"wpforms-error-noscript\">Veuillez activer JavaScript dans votre navigateur pour remplir ce formulaire.<\/noscript><div id=\"wpforms-error-noscript\" style=\"display: none;\">Veuillez activer JavaScript dans votre navigateur pour remplir ce formulaire.<\/div><div class=\"wpforms-field-container\"><div id=\"wpforms-1497-field_0-container\" class=\"wpforms-field wpforms-field-name\" data-field-id=\"0\"><label class=\"wpforms-field-label\" for=\"wpforms-1497-field_0\">Name <span class=\"wpforms-required-label\" aria-hidden=\"true\">*<\/span><\/label><input type=\"text\" id=\"wpforms-1497-field_0\" class=\"wpforms-field-medium wpforms-field-required\" name=\"wpforms[fields][0]\" aria-errormessage=\"wpforms-1497-field_0-error\" required><\/div><div id=\"wpforms-1497-field_1-container\" class=\"wpforms-field wpforms-field-email\" data-field-id=\"1\"><label class=\"wpforms-field-label\" for=\"wpforms-1497-field_1\">E-mail <span class=\"wpforms-required-label\" aria-hidden=\"true\">*<\/span><\/label><input type=\"email\" id=\"wpforms-1497-field_1\" class=\"wpforms-field-medium wpforms-field-required\" name=\"wpforms[fields][1]\" spellcheck=\"false\" aria-errormessage=\"wpforms-1497-field_1-error\" required><\/div><div id=\"wpforms-1497-field_2-container\" class=\"wpforms-field wpforms-field-textarea\" data-field-id=\"2\"><label class=\"wpforms-field-label\" for=\"wpforms-1497-field_2\">Message<\/label><textarea id=\"wpforms-1497-field_2\" class=\"wpforms-field-medium\" name=\"wpforms[fields][2]\" aria-errormessage=\"wpforms-1497-field_2-error\" ><\/textarea><\/div><\/div><!-- .wpforms-field-container --><div class=\"wpforms-submit-container\" ><input type=\"hidden\" name=\"wpforms[id]\" value=\"1497\"><input type=\"hidden\" name=\"page_title\" value=\"\"><input type=\"hidden\" name=\"page_url\" value=\"https:\/\/uk-gb.net\/fr\/wp-json\/wp\/v2\/pages\/1491\"><input type=\"hidden\" name=\"url_referer\" value=\"\"><button type=\"submit\" name=\"wpforms[submit]\" id=\"wpforms-submit-1497\" class=\"wpforms-submit\" data-alt-text=\"in progress\" data-submit-text=\"OK\" aria-live=\"assertive\" value=\"wpforms-submit\">OK<\/button><img decoding=\"async\" src=\"https:\/\/uk-gb.net\/wp-content\/plugins\/wpforms-lite\/assets\/images\/submit-spin.svg\" class=\"wpforms-submit-spinner\" style=\"display: none;\" width=\"26\" height=\"26\" alt=\"Chargement en cours\"><\/div><\/form><\/div>  <!-- .wpforms-container -->","protected":false},"excerpt":{"rendered":"<p>Formulaire de contact Nous sommes un site d\u2019information en ligne priv\u00e9 sur les s\u00e9jours touristiques au Royaume Uni. Nous ne sommes en aucunement li\u00e9s \u00e0 l\u2019administration britannique, ni \u00e0 aucune autre administration. Nous ne sommes pas en mesure d\u2019apporter un support \u00e0 une d\u00e9marche effectu\u00e9e sur un site officiel ou un site priv\u00e9 d\u2019assistance aux [&hellip;]<\/p>\n","protected":false},"author":1,"featured_media":0,"parent":0,"menu_order":0,"comment_status":"closed","ping_status":"closed","template":"","meta":{"footnotes":""},"class_list":["post-1491","page","type-page","status-publish","hentry"],"yoast_head":"<!-- This site is optimized with the Yoast SEO plugin v27.3 - https:\/\/yoast.com\/product\/yoast-seo-wordpress\/ -->\n<title>Contact - UK GB<\/title>\n<meta name=\"description\" content=\"Formulaire de contact du site web uk-gb.net\" \/>\n<meta name=\"robots\" content=\"noindex, nofollow\" \/>\n<meta property=\"og:locale\" content=\"fr_FR\" \/>\n<meta property=\"og:type\" content=\"article\" \/>\n<meta property=\"og:title\" content=\"Contact - UK GB\" \/>\n<meta property=\"og:description\" content=\"Formulaire de contact du site web uk-gb.net\" \/>\n<meta property=\"og:url\" content=\"https:\/\/uk-gb.net\/fr\/contact\/\" \/>\n<meta property=\"og:site_name\" content=\"UK GB\" \/>\n<meta property=\"article:modified_time\" content=\"2025-05-16T11:46:27+00:00\" \/>\n<meta name=\"twitter:card\" content=\"summary_large_image\" \/>\n<meta name=\"twitter:label1\" content=\"Dur\u00e9e de lecture estim\u00e9e\" \/>\n\t<meta name=\"twitter:data1\" content=\"1 minute\" \/>\n<script type=\"application\/ld+json\" class=\"yoast-schema-graph\">{\"@context\":\"https:\\\/\\\/schema.org\",\"@graph\":[{\"@type\":\"WebPage\",\"@id\":\"https:\\\/\\\/uk-gb.net\\\/fr\\\/contact\\\/\",\"url\":\"https:\\\/\\\/uk-gb.net\\\/fr\\\/contact\\\/\",\"name\":\"Contact - UK GB\",\"isPartOf\":{\"@id\":\"https:\\\/\\\/uk-gb.net\\\/fr\\\/#website\"},\"datePublished\":\"2024-02-25T15:25:14+00:00\",\"dateModified\":\"2025-05-16T11:46:27+00:00\",\"description\":\"Formulaire de contact du site web uk-gb.net\",\"inLanguage\":\"fr-FR\",\"potentialAction\":[{\"@type\":\"ReadAction\",\"target\":[\"https:\\\/\\\/uk-gb.net\\\/fr\\\/contact\\\/\"]}]},{\"@type\":\"WebSite\",\"@id\":\"https:\\\/\\\/uk-gb.net\\\/fr\\\/#website\",\"url\":\"https:\\\/\\\/uk-gb.net\\\/fr\\\/\",\"name\":\"UK GB\",\"description\":\"Travel to the UK\",\"potentialAction\":[{\"@type\":\"SearchAction\",\"target\":{\"@type\":\"EntryPoint\",\"urlTemplate\":\"https:\\\/\\\/uk-gb.net\\\/fr\\\/?s={search_term_string}\"},\"query-input\":{\"@type\":\"PropertyValueSpecification\",\"valueRequired\":true,\"valueName\":\"search_term_string\"}}],\"inLanguage\":\"fr-FR\"}]}<\/script>\n<!-- \/ Yoast SEO plugin. -->","yoast_head_json":{"title":"Contact - UK GB","description":"Formulaire de contact du site web uk-gb.net","robots":{"index":"noindex","follow":"nofollow"},"og_locale":"fr_FR","og_type":"article","og_title":"Contact - UK GB","og_description":"Formulaire de contact du site web uk-gb.net","og_url":"https:\/\/uk-gb.net\/fr\/contact\/","og_site_name":"UK GB","article_modified_time":"2025-05-16T11:46:27+00:00","twitter_card":"summary_large_image","twitter_misc":{"Dur\u00e9e de lecture estim\u00e9e":"1 minute"},"schema":{"@context":"https:\/\/schema.org","@graph":[{"@type":"WebPage","@id":"https:\/\/uk-gb.net\/fr\/contact\/","url":"https:\/\/uk-gb.net\/fr\/contact\/","name":"Contact - UK GB","isPartOf":{"@id":"https:\/\/uk-gb.net\/fr\/#website"},"datePublished":"2024-02-25T15:25:14+00:00","dateModified":"2025-05-16T11:46:27+00:00","description":"Formulaire de contact du site web uk-gb.net","inLanguage":"fr-FR","potentialAction":[{"@type":"ReadAction","target":["https:\/\/uk-gb.net\/fr\/contact\/"]}]},{"@type":"WebSite","@id":"https:\/\/uk-gb.net\/fr\/#website","url":"https:\/\/uk-gb.net\/fr\/","name":"UK GB","description":"Travel to the UK","potentialAction":[{"@type":"SearchAction","target":{"@type":"EntryPoint","urlTemplate":"https:\/\/uk-gb.net\/fr\/?s={search_term_string}"},"query-input":{"@type":"PropertyValueSpecification","valueRequired":true,"valueName":"search_term_string"}}],"inLanguage":"fr-FR"}]}},"_links":{"self":[{"href":"https:\/\/uk-gb.net\/fr\/wp-json\/wp\/v2\/pages\/1491","targetHints":{"allow":["GET"]}}],"collection":[{"href":"https:\/\/uk-gb.net\/fr\/wp-json\/wp\/v2\/pages"}],"about":[{"href":"https:\/\/uk-gb.net\/fr\/wp-json\/wp\/v2\/types\/page"}],"author":[{"embeddable":true,"href":"https:\/\/uk-gb.net\/fr\/wp-json\/wp\/v2\/users\/1"}],"replies":[{"embeddable":true,"href":"https:\/\/uk-gb.net\/fr\/wp-json\/wp\/v2\/comments?post=1491"}],"version-history":[{"count":0,"href":"https:\/\/uk-gb.net\/fr\/wp-json\/wp\/v2\/pages\/1491\/revisions"}],"wp:attachment":[{"href":"https:\/\/uk-gb.net\/fr\/wp-json\/wp\/v2\/media?parent=1491"}],"curies":[{"name":"wp","href":"https:\/\/api.w.org\/{rel}","templated":true}]}}