{"id":9866,"date":"2026-02-25T16:17:50","date_gmt":"2026-02-25T16:17:50","guid":{"rendered":"https:\/\/uk-gb.net\/causeway-coastal-route-fi\/"},"modified":"2026-03-02T15:02:57","modified_gmt":"2026-03-02T15:02:57","slug":"causeway-coastal-route-fi","status":"publish","type":"page","link":"https:\/\/uk-gb.net\/fi\/causeway-coastal-route-fi\/","title":{"rendered":"Causewayn rannikkoreitti: koko reitti Pohjois-Irlannissa, kartta ja neuvoja"},"content":{"rendered":"\n<h1 class=\"wp-block-heading\">Tutustu Causewayn rannikkoreittiin Pohjois-Irlannissa<\/h1>\n\n<p>Causeway Coastal Route on yksi Euroopan kauneimmista automatkoista. T\u00e4m\u00e4 noin 200 kilometrin pituinen reitti yhdist\u00e4\u00e4 Belfastin ja <a href=\"https:\/\/uk-gb.net\/fi\/belfast\/\" type=\"page\" id=\"5344\">Derryn (Londonderry<\/a> ) v\u00e4lille noin 200 kilometrin matkan upeiden kallioiden, raunioituneiden linnojen, villien rantojen ja vieh\u00e4tt\u00e4vien kylien v\u00e4liss\u00e4. <\/p>\n\n<p>Se on ehdoton valinta, jos haluat tutustua <strong>Pohjois-Irlantiin<\/strong> syv\u00e4llisesti <strong>.<\/strong> <\/p>\n\n<figure class=\"wp-block-image size-large\"><img fetchpriority=\"high\" decoding=\"async\" width=\"1024\" height=\"458\" src=\"https:\/\/uk-gb.net\/wp-content\/uploads\/2026\/02\/causeway-carrick-a-rede-rope-bridge-1024x458.jpg\" alt=\"\" class=\"wp-image-9843\" srcset=\"https:\/\/uk-gb.net\/wp-content\/uploads\/2026\/02\/causeway-carrick-a-rede-rope-bridge-1024x458.jpg 1024w, https:\/\/uk-gb.net\/wp-content\/uploads\/2026\/02\/causeway-carrick-a-rede-rope-bridge-300x134.jpg 300w, https:\/\/uk-gb.net\/wp-content\/uploads\/2026\/02\/causeway-carrick-a-rede-rope-bridge-768x344.jpg 768w, https:\/\/uk-gb.net\/wp-content\/uploads\/2026\/02\/causeway-carrick-a-rede-rope-bridge.jpg 1050w\" sizes=\"(max-width: 1024px) 100vw, 1024px\" \/><\/figure>\n\n<h2 class=\"wp-block-heading\">Causewayn rannikkoreitin reitti<\/h2>\n\n<p>Reitti kulkee Pohjois-Irlannin pohjoisrannikkoa pitkin, ja sen voi kulkea 1-3 p\u00e4iv\u00e4ss\u00e4 vauhdista riippuen.<\/p>\n\n<p>\ud83d\udccd T\u00e4rkeimm\u00e4t vaiheet:<\/p>\n\n<ol class=\"wp-block-list\">\n<li>Belfast &#8211; l\u00e4ht\u00f6piste<\/li>\n\n\n\n<li>Carrickfergusin linna<\/li>\n\n\n\n<li>Carnlough &#8211; aito kyl\u00e4<\/li>\n\n\n\n<li>Carrick-a-Rede k\u00f6ysisilta<\/li>\n\n\n\n<li>Giant&#8217;s Causeway (Unesco-kohde)<\/li>\n\n\n\n<li>Dunlucen linna<\/li>\n\n\n\n<li>Portrush &amp; Portstewart<\/li>\n\n\n\n<li>Mussendenin temppeli<\/li>\n\n\n\n<li>Derry \/ Londonderry<\/li>\n<\/ol>\n\n<div style=\"height:10px\" aria-hidden=\"true\" class=\"wp-block-spacer\"><\/div>\n\n<h2 class=\"wp-block-heading\">Pakolliset n\u00e4ht\u00e4vyydet<\/h2>\n\n<p><strong>Giant&#8217;s Causeway: T\u00e4m\u00e4 Unescon<\/strong> maailmanperint\u00f6kohde on kuuluisa kuusikulmaisista basalttipylv\u00e4ist\u00e4\u00e4n, jotka ovat muodostuneet tulivuorenpurkauksen seurauksena. Kyseess\u00e4 on maailmassa ainutlaatuinen luontokohde, joka koostuu 40 000 basalttipylv\u00e4\u00e4st\u00e4, jotka ovat muodostuneet muinaisen tulivuoritoiminnan seurauksena. Tutustu vaellusreitteihin, ihaile kalliomuodostelmia ja k\u00e4y vierailijakeskuksessa oppimassa lis\u00e4\u00e4 paikkaa ymp\u00e4r\u00f6iv\u00e4st\u00e4 legendasta.  <\/p>\n\n<figure class=\"wp-block-gallery has-nested-images columns-default is-cropped wp-block-gallery-1 is-layout-flex wp-block-gallery-is-layout-flex\">\n<figure class=\"wp-block-image size-large\"><img decoding=\"async\" width=\"1024\" height=\"566\" data-id=\"9845\" src=\"https:\/\/uk-gb.net\/wp-content\/uploads\/2026\/02\/giant-causeway-1-1024x566.jpg\" alt=\"\" class=\"wp-image-9845\" srcset=\"https:\/\/uk-gb.net\/wp-content\/uploads\/2026\/02\/giant-causeway-1-1024x566.jpg 1024w, https:\/\/uk-gb.net\/wp-content\/uploads\/2026\/02\/giant-causeway-1-300x166.jpg 300w, https:\/\/uk-gb.net\/wp-content\/uploads\/2026\/02\/giant-causeway-1-768x424.jpg 768w, https:\/\/uk-gb.net\/wp-content\/uploads\/2026\/02\/giant-causeway-1-1536x849.jpg 1536w, https:\/\/uk-gb.net\/wp-content\/uploads\/2026\/02\/giant-causeway-1.jpg 1549w\" sizes=\"(max-width: 1024px) 100vw, 1024px\" \/><figcaption class=\"wp-element-caption\"><strong>Giant&#8217;s Causeway<\/strong><\/figcaption><\/figure>\n<\/figure>\n\n<p><strong>Carrick-a-Rede Rope Bridge:<\/strong> T\u00e4st\u00e4 riippusillasta on upeat n\u00e4kym\u00e4t merelle ja ymp\u00e4r\u00f6iville kallioille. Ylit\u00e4 silta adrenaliinihumalassa ja nauti ymp\u00e4r\u00f6iv\u00e4n alueen luonnonkauneudesta. <\/p>\n\n<figure class=\"wp-block-image size-full\"><img decoding=\"async\" width=\"964\" height=\"522\" src=\"https:\/\/uk-gb.net\/wp-content\/uploads\/2026\/03\/carrick-a-rede-rope-bridge.jpg\" alt=\"\" class=\"wp-image-9849\" srcset=\"https:\/\/uk-gb.net\/wp-content\/uploads\/2026\/03\/carrick-a-rede-rope-bridge.jpg 964w, https:\/\/uk-gb.net\/wp-content\/uploads\/2026\/03\/carrick-a-rede-rope-bridge-300x162.jpg 300w, https:\/\/uk-gb.net\/wp-content\/uploads\/2026\/03\/carrick-a-rede-rope-bridge-768x416.jpg 768w\" sizes=\"(max-width: 964px) 100vw, 964px\" \/><figcaption class=\"wp-element-caption\"><strong>Carrick-a-Rede k\u00f6ysisilta<\/strong><\/figcaption><\/figure>\n\n<p><strong>Dunlucen linna:<\/strong> T\u00e4m\u00e4 keskiaikainen linna sijaitsee kallioilla ja tarjoaa henke\u00e4salpaavat n\u00e4kym\u00e4t Atlantin valtamerelle. Vieraile raunioilla, tutustu sen kiehtovaan historiaan ja nauti ymp\u00e4r\u00f6iv\u00e4st\u00e4 maaseudusta. <\/p>\n\n<figure class=\"wp-block-image size-large\"><img loading=\"lazy\" decoding=\"async\" width=\"1024\" height=\"509\" src=\"https:\/\/uk-gb.net\/wp-content\/uploads\/2026\/03\/Dunluce-castle-1024x509.jpg\" alt=\"\" class=\"wp-image-9848\" srcset=\"https:\/\/uk-gb.net\/wp-content\/uploads\/2026\/03\/Dunluce-castle-1024x509.jpg 1024w, https:\/\/uk-gb.net\/wp-content\/uploads\/2026\/03\/Dunluce-castle-300x149.jpg 300w, https:\/\/uk-gb.net\/wp-content\/uploads\/2026\/03\/Dunluce-castle-768x382.jpg 768w, https:\/\/uk-gb.net\/wp-content\/uploads\/2026\/03\/Dunluce-castle.jpg 1142w\" sizes=\"(max-width: 1024px) 100vw, 1024px\" \/><figcaption class=\"wp-element-caption\"><strong>Dunlucen linna<\/strong><\/figcaption><\/figure>\n\n<p>K\u00e4yt\u00e4nn\u00f6n neuvoja automatkalle<\/p>\n\n<ul class=\"wp-block-list\">\n<li><strong>Paras aika vierailla :<\/strong> Toukokuusta syyskuuhun on leudompi ilmasto ja pidemm\u00e4t p\u00e4iv\u00e4t.<\/li>\n\n\n\n<li><strong>Autonvuokraus:<\/strong> Valitse mukava auto, jotta voit ottaa kaiken irti maisemista. Muista varata etuk\u00e4teen, erityisesti sesonkiaikana. <\/li>\n\n\n\n<li><strong>Majoitus:<\/strong> Valitse aito kokemus reitin varrella sijaitsevista B&amp;B-hotelleista, hotelleista tai leirint\u00e4alueista.<\/li>\n\n\n\n<li><strong>Kunnioita ymp\u00e4rist\u00f6\u00e4:<\/strong> Pid\u00e4 huolta vierailukohteista, ota roskat mukaan ja kunnioita paikallista luontoa.<\/li>\n\n\n\n<li><strong>Matkustusmuodollisuudet:<\/strong> Muista ennakoida <a href=\"https:\/\/uk-gb.net\/fi\/viisumi-uk\/\" type=\"page\" id=\"373\">Yhdistyneeseen kuningaskuntaan liittyv\u00e4t muodollisuudet.<\/a><\/li>\n<\/ul>\n\n<div style=\"height:10px\" aria-hidden=\"true\" class=\"wp-block-spacer\"><\/div>\n\n<h2 class=\"wp-block-heading\">Miksi Causewayn rannikkoreitti?<\/h2>\n\n<p>Matka Causeway Coastal Route -reitti\u00e4 pitkin on unohtumaton kokemus, jossa yhdistyv\u00e4t luonnonkauneus, historia ja seikkailu. Halusitpa sitten tutustua ikonisiin n\u00e4ht\u00e4vyyksiin tai vain nauttia maisemista, t\u00e4m\u00e4 reitti on pakollinen Pohjois-Irlannissa vieraillessasi.   <\/p>\n\n<p>Suunnittele matkasuunnitelmasi, ota kamerasi mukaan ja l\u00e4hde l\u00f6yt\u00e4m\u00e4\u00e4n t\u00e4m\u00e4 piilotettu aarre.<\/p>\n","protected":false},"excerpt":{"rendered":"<p>Tutustu Causewayn rannikkoreittiin Pohjois-Irlannissa Causeway Coastal Route on yksi Euroopan kauneimmista automatkoista. T\u00e4m\u00e4 noin 200 kilometrin pituinen reitti yhdist\u00e4\u00e4 Belfastin ja Derryn (Londonderry ) v\u00e4lille noin 200 kilometrin matkan upeiden kallioiden, raunioituneiden linnojen, villien rantojen ja vieh\u00e4tt\u00e4vien kylien v\u00e4liss\u00e4. Se on ehdoton valinta, jos haluat tutustua Pohjois-Irlantiin syv\u00e4llisesti . Causewayn rannikkoreitin reitti Reitti kulkee Pohjois-Irlannin [&hellip;]<\/p>\n","protected":false},"author":1,"featured_media":0,"parent":0,"menu_order":0,"comment_status":"closed","ping_status":"closed","template":"","meta":{"footnotes":""},"class_list":["post-9866","page","type-page","status-publish","hentry"],"yoast_head":"<!-- This site is optimized with the Yoast SEO plugin v27.4 - https:\/\/yoast.com\/product\/yoast-seo-wordpress\/ -->\n<title>Causewayn rannikkoreitti: koko reitti Pohjois-Irlannissa, kartta ja neuvoja - UK GB<\/title>\n<meta name=\"description\" content=\"Causewayn rannikkoreitti Pohjois-Irlannissa: yksityiskohtainen reittisuunnitelma, kartta, keskeiset vaiheet ja n\u00e4ht\u00e4vyydet Belfastin ja Derryn v\u00e4lill\u00e4.\" \/>\n<meta name=\"robots\" content=\"index, follow, max-snippet:-1, max-image-preview:large, max-video-preview:-1\" \/>\n<link rel=\"canonical\" href=\"https:\/\/uk-gb.net\/fi\/causeway-coastal-route-fi\/\" \/>\n<meta property=\"og:locale\" content=\"fi_FI\" \/>\n<meta property=\"og:type\" content=\"article\" \/>\n<meta property=\"og:title\" content=\"Causewayn rannikkoreitti: koko reitti Pohjois-Irlannissa, kartta ja neuvoja - UK GB\" \/>\n<meta property=\"og:description\" content=\"Causewayn rannikkoreitti Pohjois-Irlannissa: yksityiskohtainen reittisuunnitelma, kartta, keskeiset vaiheet ja n\u00e4ht\u00e4vyydet Belfastin ja Derryn v\u00e4lill\u00e4.\" \/>\n<meta property=\"og:url\" content=\"https:\/\/uk-gb.net\/fi\/causeway-coastal-route-fi\/\" \/>\n<meta property=\"og:site_name\" content=\"UK GB\" \/>\n<meta property=\"article:modified_time\" content=\"2026-03-02T15:02:57+00:00\" \/>\n<meta property=\"og:image\" content=\"https:\/\/uk-gb.net\/wp-content\/uploads\/2026\/02\/causeway-carrick-a-rede-rope-bridge.jpg\" \/>\n\t<meta property=\"og:image:width\" content=\"1050\" \/>\n\t<meta property=\"og:image:height\" content=\"470\" \/>\n\t<meta property=\"og:image:type\" content=\"image\/jpeg\" \/>\n<meta name=\"twitter:card\" content=\"summary_large_image\" \/>\n<meta name=\"twitter:label1\" content=\"Arvioitu lukuaika\" \/>\n\t<meta name=\"twitter:data1\" content=\"2 minuuttia\" \/>\n<script type=\"application\/ld+json\" class=\"yoast-schema-graph\">{\"@context\":\"https:\\\/\\\/schema.org\",\"@graph\":[{\"@type\":\"WebPage\",\"@id\":\"https:\\\/\\\/uk-gb.net\\\/fi\\\/causeway-coastal-route-fi\\\/\",\"url\":\"https:\\\/\\\/uk-gb.net\\\/fi\\\/causeway-coastal-route-fi\\\/\",\"name\":\"Causewayn rannikkoreitti: koko reitti Pohjois-Irlannissa, kartta ja neuvoja - UK GB\",\"isPartOf\":{\"@id\":\"https:\\\/\\\/uk-gb.net\\\/fi\\\/#website\"},\"primaryImageOfPage\":{\"@id\":\"https:\\\/\\\/uk-gb.net\\\/fi\\\/causeway-coastal-route-fi\\\/#primaryimage\"},\"image\":{\"@id\":\"https:\\\/\\\/uk-gb.net\\\/fi\\\/causeway-coastal-route-fi\\\/#primaryimage\"},\"thumbnailUrl\":\"https:\\\/\\\/uk-gb.net\\\/wp-content\\\/uploads\\\/2026\\\/02\\\/causeway-carrick-a-rede-rope-bridge-1024x458.jpg\",\"datePublished\":\"2026-02-25T16:17:50+00:00\",\"dateModified\":\"2026-03-02T15:02:57+00:00\",\"description\":\"Causewayn rannikkoreitti Pohjois-Irlannissa: yksityiskohtainen reittisuunnitelma, kartta, keskeiset vaiheet ja n\u00e4ht\u00e4vyydet Belfastin ja Derryn v\u00e4lill\u00e4.\",\"inLanguage\":\"fi\",\"potentialAction\":[{\"@type\":\"ReadAction\",\"target\":[\"https:\\\/\\\/uk-gb.net\\\/fi\\\/causeway-coastal-route-fi\\\/\"]}]},{\"@type\":\"ImageObject\",\"inLanguage\":\"fi\",\"@id\":\"https:\\\/\\\/uk-gb.net\\\/fi\\\/causeway-coastal-route-fi\\\/#primaryimage\",\"url\":\"https:\\\/\\\/uk-gb.net\\\/wp-content\\\/uploads\\\/2026\\\/02\\\/causeway-carrick-a-rede-rope-bridge-1024x458.jpg\",\"contentUrl\":\"https:\\\/\\\/uk-gb.net\\\/wp-content\\\/uploads\\\/2026\\\/02\\\/causeway-carrick-a-rede-rope-bridge-1024x458.jpg\"},{\"@type\":\"WebSite\",\"@id\":\"https:\\\/\\\/uk-gb.net\\\/fi\\\/#website\",\"url\":\"https:\\\/\\\/uk-gb.net\\\/fi\\\/\",\"name\":\"UK GB\",\"description\":\"Travel to the UK\",\"potentialAction\":[{\"@type\":\"SearchAction\",\"target\":{\"@type\":\"EntryPoint\",\"urlTemplate\":\"https:\\\/\\\/uk-gb.net\\\/fi\\\/?s={search_term_string}\"},\"query-input\":{\"@type\":\"PropertyValueSpecification\",\"valueRequired\":true,\"valueName\":\"search_term_string\"}}],\"inLanguage\":\"fi\"}]}<\/script>\n<!-- \/ Yoast SEO plugin. -->","yoast_head_json":{"title":"Causewayn rannikkoreitti: koko reitti Pohjois-Irlannissa, kartta ja neuvoja - UK GB","description":"Causewayn rannikkoreitti Pohjois-Irlannissa: yksityiskohtainen reittisuunnitelma, kartta, keskeiset vaiheet ja n\u00e4ht\u00e4vyydet Belfastin ja Derryn v\u00e4lill\u00e4.","robots":{"index":"index","follow":"follow","max-snippet":"max-snippet:-1","max-image-preview":"max-image-preview:large","max-video-preview":"max-video-preview:-1"},"canonical":"https:\/\/uk-gb.net\/fi\/causeway-coastal-route-fi\/","og_locale":"fi_FI","og_type":"article","og_title":"Causewayn rannikkoreitti: koko reitti Pohjois-Irlannissa, kartta ja neuvoja - UK GB","og_description":"Causewayn rannikkoreitti Pohjois-Irlannissa: yksityiskohtainen reittisuunnitelma, kartta, keskeiset vaiheet ja n\u00e4ht\u00e4vyydet Belfastin ja Derryn v\u00e4lill\u00e4.","og_url":"https:\/\/uk-gb.net\/fi\/causeway-coastal-route-fi\/","og_site_name":"UK GB","article_modified_time":"2026-03-02T15:02:57+00:00","og_image":[{"width":1050,"height":470,"url":"https:\/\/uk-gb.net\/wp-content\/uploads\/2026\/02\/causeway-carrick-a-rede-rope-bridge.jpg","type":"image\/jpeg"}],"twitter_card":"summary_large_image","twitter_misc":{"Arvioitu lukuaika":"2 minuuttia"},"schema":{"@context":"https:\/\/schema.org","@graph":[{"@type":"WebPage","@id":"https:\/\/uk-gb.net\/fi\/causeway-coastal-route-fi\/","url":"https:\/\/uk-gb.net\/fi\/causeway-coastal-route-fi\/","name":"Causewayn rannikkoreitti: koko reitti Pohjois-Irlannissa, kartta ja neuvoja - UK GB","isPartOf":{"@id":"https:\/\/uk-gb.net\/fi\/#website"},"primaryImageOfPage":{"@id":"https:\/\/uk-gb.net\/fi\/causeway-coastal-route-fi\/#primaryimage"},"image":{"@id":"https:\/\/uk-gb.net\/fi\/causeway-coastal-route-fi\/#primaryimage"},"thumbnailUrl":"https:\/\/uk-gb.net\/wp-content\/uploads\/2026\/02\/causeway-carrick-a-rede-rope-bridge-1024x458.jpg","datePublished":"2026-02-25T16:17:50+00:00","dateModified":"2026-03-02T15:02:57+00:00","description":"Causewayn rannikkoreitti Pohjois-Irlannissa: yksityiskohtainen reittisuunnitelma, kartta, keskeiset vaiheet ja n\u00e4ht\u00e4vyydet Belfastin ja Derryn v\u00e4lill\u00e4.","inLanguage":"fi","potentialAction":[{"@type":"ReadAction","target":["https:\/\/uk-gb.net\/fi\/causeway-coastal-route-fi\/"]}]},{"@type":"ImageObject","inLanguage":"fi","@id":"https:\/\/uk-gb.net\/fi\/causeway-coastal-route-fi\/#primaryimage","url":"https:\/\/uk-gb.net\/wp-content\/uploads\/2026\/02\/causeway-carrick-a-rede-rope-bridge-1024x458.jpg","contentUrl":"https:\/\/uk-gb.net\/wp-content\/uploads\/2026\/02\/causeway-carrick-a-rede-rope-bridge-1024x458.jpg"},{"@type":"WebSite","@id":"https:\/\/uk-gb.net\/fi\/#website","url":"https:\/\/uk-gb.net\/fi\/","name":"UK GB","description":"Travel to the UK","potentialAction":[{"@type":"SearchAction","target":{"@type":"EntryPoint","urlTemplate":"https:\/\/uk-gb.net\/fi\/?s={search_term_string}"},"query-input":{"@type":"PropertyValueSpecification","valueRequired":true,"valueName":"search_term_string"}}],"inLanguage":"fi"}]}},"_links":{"self":[{"href":"https:\/\/uk-gb.net\/fi\/wp-json\/wp\/v2\/pages\/9866","targetHints":{"allow":["GET"]}}],"collection":[{"href":"https:\/\/uk-gb.net\/fi\/wp-json\/wp\/v2\/pages"}],"about":[{"href":"https:\/\/uk-gb.net\/fi\/wp-json\/wp\/v2\/types\/page"}],"author":[{"embeddable":true,"href":"https:\/\/uk-gb.net\/fi\/wp-json\/wp\/v2\/users\/1"}],"replies":[{"embeddable":true,"href":"https:\/\/uk-gb.net\/fi\/wp-json\/wp\/v2\/comments?post=9866"}],"version-history":[{"count":0,"href":"https:\/\/uk-gb.net\/fi\/wp-json\/wp\/v2\/pages\/9866\/revisions"}],"wp:attachment":[{"href":"https:\/\/uk-gb.net\/fi\/wp-json\/wp\/v2\/media?parent=9866"}],"curies":[{"name":"wp","href":"https:\/\/api.w.org\/{rel}","templated":true}]}}