{"id":8545,"date":"2025-09-05T14:11:50","date_gmt":"2025-09-05T13:11:50","guid":{"rendered":"https:\/\/uk-gb.net\/road-trip-cotswolds-road\/"},"modified":"2025-09-06T13:15:03","modified_gmt":"2025-09-06T12:15:03","slug":"road-trip-cotswolds-road","status":"publish","type":"page","link":"https:\/\/uk-gb.net\/fi\/road-trip-cotswolds-road\/","title":{"rendered":"Cotswoldsin road trip Oxfordista: kyl\u00e4t ja reittiohjelma"},"content":{"rendered":"\n<h1 class=\"wp-block-heading\">Cotswolds Road trip Oxfordista<\/h1>\n\n<p>Vain kahden tunnin matkan p\u00e4\u00e4ss\u00e4 <a href=\"https:\/\/uk-gb.net\/fi\/lontoo\/\">Lontoosta<\/a> sijaitseva <a href=\"https:\/\/uk-gb.net\/fi\/oxford\/\">Oxford<\/a> on ihanteellinen tukikohta, josta k\u00e4sin voit tutustua Cotswoldsiin, joka on nimetty luonnonkauniiksi alueeksi. Cotswoldsin reitti on yksi Yhdistyneen kuningaskunnan hienoimmista automatkoista, ja sen vieh\u00e4tt\u00e4v\u00e4t hunajakivikyl\u00e4t, vehre\u00e4t kukkulat ja mutkittelevat tiet tekev\u00e4t siit\u00e4 yhden Yhdistyneen kuningaskunnan hienoimmista automatkoista. T\u00e4m\u00e4 reitti sopii t\u00e4ydellisesti pitk\u00e4ksi viikonlopuksi tai usean p\u00e4iv\u00e4n matkaksi Englannin maaseudulla.  <\/p>\n\n<h2 class=\"wp-block-heading\">Miksi valita Cotswolds road tripiksi?<\/h2>\n\n<p>Alue kiehtoo ajattomalla ilmapiirill\u00e4\u00e4n ja rikkaalla perinn\u00f6llisyydell\u00e4\u00e4n. Matkustaminen Cotswoldsiin tarkoittaa nauttimista : <\/p>\n\n<ul class=\"wp-block-list\">\n<li>ikoniset kyl\u00e4t, kuten Bibury, <a href=\"https:\/\/bourtoninfo.com\/\">Bourton-on-the-Water<\/a> ja Stow-on-the-Wold.<\/li>\n\n\n\n<li>historiallisia kartanoita, linnoja ja keskiaikaisia luostareita.<\/li>\n\n\n\n<li>kumpuileva maaseutu ihanteellinen patikointiin ja valokuvaus taukoihin<\/li>\n\n\n\n<li>tyypillinen englantilainen el\u00e4m\u00e4ntapa, jossa on perinteisi\u00e4 pubeja, teehuoneita ja paikallisia markkinoita.<\/li>\n<\/ul>\n\n<p>Se on t\u00e4ydellinen kohde luonnon, historian ja brittil\u00e4isen charmin yst\u00e4ville.<\/p>\n\n<figure class=\"wp-block-image size-large\"><img decoding=\"async\" src=\"https:\/\/uk-gb.net\/wp-content\/uploads\/2025\/06\/cotswolds-road-1024x695.jpg\" alt=\"Kuva Cotswoldsin road tripist&#xE4;\" class=\"wp-image-7731\"\/><figcaption class=\"wp-element-caption\">Road trip kuva Cotswoldsin tiest\u00e4<\/figcaption><\/figure>\n\n<h2 class=\"wp-block-heading\">Reittiohjelma Oxfordista<\/h2>\n\n<p>Oxfordista on useita reittej\u00e4 Cotswoldsin l\u00e4pi. Klassinen 3-5 p\u00e4iv\u00e4n matkareitti sis\u00e4lt\u00e4\u00e4: <\/p>\n\n<ol class=\"wp-block-list\">\n<li>Oxford \u2192 Burford: ensimm\u00e4inen pys\u00e4hdys kyl\u00e4ss\u00e4, joka on saanut lempinimen &#8221;portti Cotswoldsiin&#8221; kivitalojensa ja antiikkikauppojensa ansiosta.<\/li>\n\n\n\n<li>Bibury: sit\u00e4 pidet\u00e4\u00e4n Englannin kauneimpana kyl\u00e4n\u00e4 yhdess\u00e4 Arlington Row&#8217;n kanssa.<\/li>\n\n\n\n<li><a href=\"https:\/\/bourtoninfo.com\/\">Bourton-on-the-Water<\/a>: lempinimelt\u00e4\u00e4n &#8221;Cotswoldsin Venetsia&#8221;, jonka ylitt\u00e4v\u00e4t vieh\u00e4tt\u00e4v\u00e4t pienet sillat.<\/li>\n\n\n\n<li>Stow-on-the-Wold: entinen keskiaikainen markkinakaupunki, joka on kuuluisa kirkostaan ja antiikkiesineist\u00e4\u00e4n.<\/li>\n\n\n\n<li>Broadway ja Chipping Campden: historiallisia kyli\u00e4, joissa on tyypillisi\u00e4 m\u00f6kkej\u00e4, ja l\u00e4ht\u00f6kohta Broadway Towerin tutkimiseen.<\/li>\n\n\n\n<li>Takaisin Oxfordiin kulkien v\u00e4hemm\u00e4n tunnettujen mutta yht\u00e4 vieh\u00e4tt\u00e4vien kylien kautta.<\/li>\n<\/ol>\n\n<div style=\"height:10px\" aria-hidden=\"true\" class=\"wp-block-spacer\"><\/div>\n\n<h2 class=\"wp-block-heading\">Milloin menn\u00e4 Cotswoldsiin?<\/h2>\n\n<ul class=\"wp-block-list\">\n<li><strong>Kev\u00e4t<\/strong>: ihanteellinen ajankohta kukkivien puutarhojen ja rapsikenttien ihailuun sek\u00e4 leudosta ilmastosta nauttimiseen.<\/li>\n\n\n\n<li><strong>Kes\u00e4<\/strong>: vilkkain vuodenaika, t\u00e4ydellinen festivaaleille ja markkinoille, mutta kyl\u00e4t voivat olla hyvin turistisia.<\/li>\n\n\n\n<li><strong>Syksy<\/strong>: upea vuodenaika, jolloin puiden v\u00e4riloisto ja rauhallisempi ilmapiiri ovat loistavia.<\/li>\n\n\n\n<li><strong>Talvi<\/strong>: romanttinen ilmapiiri, ihanteellinen pubit takkatulen \u00e4\u00e4rell\u00e4, mutta jotkin n\u00e4ht\u00e4vyydet ovat suljettuina.<\/li>\n<\/ul>\n\n<div style=\"height:10px\" aria-hidden=\"true\" class=\"wp-block-spacer\"><\/div>\n\n<h2 class=\"wp-block-heading\">K\u00e4yt\u00e4nn\u00f6n neuvoja onnistuneeseen road tripiin<\/h2>\n\n<p>Cotswoldsin automatkan onnistuminen riippuu yht\u00e4 paljon reitin valinnasta kuin valmistautumisesta. Kuljetuksen osalta on suositeltavaa valita pieni auto, jotta Englannin maaseudun kapeilla ja mutkaisilla teill\u00e4 p\u00e4\u00e4see liikkumaan helposti. Cotswoldsissa ajaminen on helppoa ja v\u00e4hemm\u00e4n vaativaa kuin joillakin villimmill\u00e4 reiteill\u00e4, kuten <a href=\"https:\/\/uk-gb.net\/fi\/north-coast-500-road-trip\/\">North Coast 500 -reitill\u00e4 Skotlannissa<\/a>, joten se on ihanteellinen reitti ensimm\u00e4iselle road tripille Yhdistyneess\u00e4 kuningaskunnassa.  <\/p>\n\n<p>My\u00f6s majoituksella on keskeinen rooli kokemuksessa. Kyliss\u00e4 on suuri m\u00e4\u00e4r\u00e4 majataloja, tyypillisi\u00e4 m\u00f6kkej\u00e4 ja vieh\u00e4tt\u00e4vi\u00e4 hotelleja. Sesonkiaikana matkailijam\u00e4\u00e4r\u00e4t ovat suuria, joten kannattaa varata majoitus etuk\u00e4teen, jotta voi taata parhaat osoitteet ja v\u00e4ltt\u00e4\u00e4 ik\u00e4v\u00e4t yll\u00e4tykset. Suunnittelemalla muutamia strategisia pys\u00e4hdyksi\u00e4 voit tasapainottaa kulttuurivierailut, luontotauot ja rentoutumishetket perinteisiss\u00e4 pubeissa, jotka ovat brittil\u00e4isen el\u00e4m\u00e4ntavan ytimess\u00e4.   <\/p>\n\n<p>Hyv\u00e4 valmistautuminen takaa stressitt\u00f6m\u00e4n matkan. Cotswoldsiin voi tutustua my\u00f6s k\u00e4vellen, joten on hyv\u00e4 pakata mukavat keng\u00e4t kyliin tutustumista ja k\u00e4velyretki\u00e4 varten. S\u00e4\u00e4 voi olla ailahteleva, joten mukaan kannattaa pakata vaatteita, jotka sopivat kaikkiin vuodenaikoihin, my\u00f6s kes\u00e4\u00e4n. Koska verkon kuuluvuus ei ole aina luotettava joillakin maaseutualueilla, on suositeltavaa ottaa mukaan GPS tai ladata offline-kartta. Jotta l\u00e4ht\u00f6 sujuisi huolettomasti, \u00e4l\u00e4 unohda tarkistaa etuk\u00e4teen <a href=\"https:\/\/uk-gb.net\/fi\/viisumi-uk\/\">Yhdistyneeseen kuningaskuntaan sovellettavat viisumimuodollisuudet<\/a>, jotka ovat pakollisia tietyille matkustajille heid\u00e4n kansalaisuudestaan riippuen.    <\/p>\n\n<h2 class=\"wp-block-heading\">Cotswoldsin reitin pakolliset n\u00e4ht\u00e4vyydet<\/h2>\n\n<ul class=\"wp-block-list\">\n<li><a href=\"https:\/\/www.bibury.com\/arlington-row\/\">Arlington Row Biburyssa<\/a>, Cotswoldsin tunnuskuvana.<\/li>\n\n\n\n<li><a href=\"https:\/\/bourtoninfo.com\/\">Bourton-on-the-Waterin<\/a> vieh\u00e4tt\u00e4v\u00e4 kyl\u00e4ss\u00e4<\/li>\n\n\n\n<li><a href=\"https:\/\/broadwaytower.co.uk\/\">Broadway Tower<\/a>, joka sijaitsee kukkulan huipulla ja tarjoaa panoraaman\u00e4kym\u00e4t.<\/li>\n\n\n\n<li><a href=\"https:\/\/en.wikipedia.org\/wiki\/Chipping_Campden\">Chipping Campdenin<\/a> katetut markkinat<\/li>\n\n\n\n<li>Vaellusreitit, kuten <a href=\"https:\/\/www.nationaltrail.co.uk\/en_GB\/trails\/cotswold-way\/\">Cotswold Wayn kaltaiset reitit .<\/a><\/li>\n<\/ul>\n\n<div style=\"height:10px\" aria-hidden=\"true\" class=\"wp-block-spacer\"><\/div>\n\n<h2 class=\"wp-block-heading\">P\u00e4hkin\u00e4nkuoressa<\/h2>\n\n<p>Oxfordista Cotswoldsiin suuntautuva automatka on kuin uppoutuminen postikorttienglantiin. T\u00e4m\u00e4 reitti tarjoaa vieh\u00e4tt\u00e4vi\u00e4 kyli\u00e4, kumpuilevaa maaseutua ja historiallista perint\u00f6\u00e4, ja se tarjoaa aidon pakopaikan, joka on t\u00e4ynn\u00e4 charmia. Olitpa sitten muutaman p\u00e4iv\u00e4n tai viikon matkalla, t\u00e4m\u00e4 on unohtumaton matka yhdell\u00e4 Yhdistyneen kuningaskunnan kauneimmista alueista.  <\/p>\n","protected":false},"excerpt":{"rendered":"<p>Cotswolds Road trip Oxfordista Vain kahden tunnin matkan p\u00e4\u00e4ss\u00e4 Lontoosta sijaitseva Oxford on ihanteellinen tukikohta, josta k\u00e4sin voit tutustua Cotswoldsiin, joka on nimetty luonnonkauniiksi alueeksi. Cotswoldsin reitti on yksi Yhdistyneen kuningaskunnan hienoimmista automatkoista, ja sen vieh\u00e4tt\u00e4v\u00e4t hunajakivikyl\u00e4t, vehre\u00e4t kukkulat ja mutkittelevat tiet tekev\u00e4t siit\u00e4 yhden Yhdistyneen kuningaskunnan hienoimmista automatkoista. T\u00e4m\u00e4 reitti sopii t\u00e4ydellisesti pitk\u00e4ksi viikonlopuksi [&hellip;]<\/p>\n","protected":false},"author":1,"featured_media":0,"parent":0,"menu_order":0,"comment_status":"closed","ping_status":"closed","template":"","meta":{"footnotes":""},"class_list":["post-8545","page","type-page","status-publish","hentry"],"yoast_head":"<!-- This site is optimized with the Yoast SEO plugin v27.4 - https:\/\/yoast.com\/product\/yoast-seo-wordpress\/ -->\n<title>Cotswoldsin road trip Oxfordista: kyl\u00e4t ja reittiohjelma - UK GB<\/title>\n<meta name=\"description\" content=\"L\u00e4hde Oxfordista road tripille Cotswoldsin l\u00e4pi. Tutustu Biburyyn, Bourton-on-the-Wateriin, Stow-on-the-Woldiin ja kauneimpiin kyliin.\" \/>\n<meta name=\"robots\" content=\"index, follow, max-snippet:-1, max-image-preview:large, max-video-preview:-1\" \/>\n<link rel=\"canonical\" href=\"https:\/\/uk-gb.net\/fi\/road-trip-cotswolds-road\/\" \/>\n<meta property=\"og:locale\" content=\"fi_FI\" \/>\n<meta property=\"og:type\" content=\"article\" \/>\n<meta property=\"og:title\" content=\"Cotswoldsin road trip Oxfordista: kyl\u00e4t ja reittiohjelma - UK GB\" \/>\n<meta property=\"og:description\" content=\"L\u00e4hde Oxfordista road tripille Cotswoldsin l\u00e4pi. Tutustu Biburyyn, Bourton-on-the-Wateriin, Stow-on-the-Woldiin ja kauneimpiin kyliin.\" \/>\n<meta property=\"og:url\" content=\"https:\/\/uk-gb.net\/fi\/road-trip-cotswolds-road\/\" \/>\n<meta property=\"og:site_name\" content=\"UK GB\" \/>\n<meta property=\"article:modified_time\" content=\"2025-09-06T12:15:03+00:00\" \/>\n<meta property=\"og:image\" content=\"https:\/\/uk-gb.net\/wp-content\/uploads\/2025\/06\/cotswolds-road-e1750836905787.jpg\" \/>\n\t<meta property=\"og:image:width\" content=\"1200\" \/>\n\t<meta property=\"og:image:height\" content=\"698\" \/>\n\t<meta property=\"og:image:type\" content=\"image\/jpeg\" \/>\n<meta name=\"twitter:card\" content=\"summary_large_image\" \/>\n<meta name=\"twitter:label1\" content=\"Arvioitu lukuaika\" \/>\n\t<meta name=\"twitter:data1\" content=\"3 minuuttia\" \/>\n<script type=\"application\/ld+json\" class=\"yoast-schema-graph\">{\"@context\":\"https:\\\/\\\/schema.org\",\"@graph\":[{\"@type\":\"WebPage\",\"@id\":\"https:\\\/\\\/uk-gb.net\\\/fi\\\/road-trip-cotswolds-road\\\/\",\"url\":\"https:\\\/\\\/uk-gb.net\\\/fi\\\/road-trip-cotswolds-road\\\/\",\"name\":\"Cotswoldsin road trip Oxfordista: kyl\u00e4t ja reittiohjelma - UK GB\",\"isPartOf\":{\"@id\":\"https:\\\/\\\/uk-gb.net\\\/fi\\\/#website\"},\"primaryImageOfPage\":{\"@id\":\"https:\\\/\\\/uk-gb.net\\\/fi\\\/road-trip-cotswolds-road\\\/#primaryimage\"},\"image\":{\"@id\":\"https:\\\/\\\/uk-gb.net\\\/fi\\\/road-trip-cotswolds-road\\\/#primaryimage\"},\"thumbnailUrl\":\"https:\\\/\\\/uk-gb.net\\\/wp-content\\\/uploads\\\/2025\\\/06\\\/cotswolds-road-1024x695.jpg\",\"datePublished\":\"2025-09-05T13:11:50+00:00\",\"dateModified\":\"2025-09-06T12:15:03+00:00\",\"description\":\"L\u00e4hde Oxfordista road tripille Cotswoldsin l\u00e4pi. Tutustu Biburyyn, Bourton-on-the-Wateriin, Stow-on-the-Woldiin ja kauneimpiin kyliin.\",\"inLanguage\":\"fi\",\"potentialAction\":[{\"@type\":\"ReadAction\",\"target\":[\"https:\\\/\\\/uk-gb.net\\\/fi\\\/road-trip-cotswolds-road\\\/\"]}]},{\"@type\":\"ImageObject\",\"inLanguage\":\"fi\",\"@id\":\"https:\\\/\\\/uk-gb.net\\\/fi\\\/road-trip-cotswolds-road\\\/#primaryimage\",\"url\":\"https:\\\/\\\/uk-gb.net\\\/wp-content\\\/uploads\\\/2025\\\/06\\\/cotswolds-road-1024x695.jpg\",\"contentUrl\":\"https:\\\/\\\/uk-gb.net\\\/wp-content\\\/uploads\\\/2025\\\/06\\\/cotswolds-road-1024x695.jpg\"},{\"@type\":\"WebSite\",\"@id\":\"https:\\\/\\\/uk-gb.net\\\/fi\\\/#website\",\"url\":\"https:\\\/\\\/uk-gb.net\\\/fi\\\/\",\"name\":\"UK GB\",\"description\":\"Travel to the UK\",\"potentialAction\":[{\"@type\":\"SearchAction\",\"target\":{\"@type\":\"EntryPoint\",\"urlTemplate\":\"https:\\\/\\\/uk-gb.net\\\/fi\\\/?s={search_term_string}\"},\"query-input\":{\"@type\":\"PropertyValueSpecification\",\"valueRequired\":true,\"valueName\":\"search_term_string\"}}],\"inLanguage\":\"fi\"}]}<\/script>\n<!-- \/ Yoast SEO plugin. -->","yoast_head_json":{"title":"Cotswoldsin road trip Oxfordista: kyl\u00e4t ja reittiohjelma - UK GB","description":"L\u00e4hde Oxfordista road tripille Cotswoldsin l\u00e4pi. Tutustu Biburyyn, Bourton-on-the-Wateriin, Stow-on-the-Woldiin ja kauneimpiin kyliin.","robots":{"index":"index","follow":"follow","max-snippet":"max-snippet:-1","max-image-preview":"max-image-preview:large","max-video-preview":"max-video-preview:-1"},"canonical":"https:\/\/uk-gb.net\/fi\/road-trip-cotswolds-road\/","og_locale":"fi_FI","og_type":"article","og_title":"Cotswoldsin road trip Oxfordista: kyl\u00e4t ja reittiohjelma - UK GB","og_description":"L\u00e4hde Oxfordista road tripille Cotswoldsin l\u00e4pi. Tutustu Biburyyn, Bourton-on-the-Wateriin, Stow-on-the-Woldiin ja kauneimpiin kyliin.","og_url":"https:\/\/uk-gb.net\/fi\/road-trip-cotswolds-road\/","og_site_name":"UK GB","article_modified_time":"2025-09-06T12:15:03+00:00","og_image":[{"width":1200,"height":698,"url":"https:\/\/uk-gb.net\/wp-content\/uploads\/2025\/06\/cotswolds-road-e1750836905787.jpg","type":"image\/jpeg"}],"twitter_card":"summary_large_image","twitter_misc":{"Arvioitu lukuaika":"3 minuuttia"},"schema":{"@context":"https:\/\/schema.org","@graph":[{"@type":"WebPage","@id":"https:\/\/uk-gb.net\/fi\/road-trip-cotswolds-road\/","url":"https:\/\/uk-gb.net\/fi\/road-trip-cotswolds-road\/","name":"Cotswoldsin road trip Oxfordista: kyl\u00e4t ja reittiohjelma - UK GB","isPartOf":{"@id":"https:\/\/uk-gb.net\/fi\/#website"},"primaryImageOfPage":{"@id":"https:\/\/uk-gb.net\/fi\/road-trip-cotswolds-road\/#primaryimage"},"image":{"@id":"https:\/\/uk-gb.net\/fi\/road-trip-cotswolds-road\/#primaryimage"},"thumbnailUrl":"https:\/\/uk-gb.net\/wp-content\/uploads\/2025\/06\/cotswolds-road-1024x695.jpg","datePublished":"2025-09-05T13:11:50+00:00","dateModified":"2025-09-06T12:15:03+00:00","description":"L\u00e4hde Oxfordista road tripille Cotswoldsin l\u00e4pi. Tutustu Biburyyn, Bourton-on-the-Wateriin, Stow-on-the-Woldiin ja kauneimpiin kyliin.","inLanguage":"fi","potentialAction":[{"@type":"ReadAction","target":["https:\/\/uk-gb.net\/fi\/road-trip-cotswolds-road\/"]}]},{"@type":"ImageObject","inLanguage":"fi","@id":"https:\/\/uk-gb.net\/fi\/road-trip-cotswolds-road\/#primaryimage","url":"https:\/\/uk-gb.net\/wp-content\/uploads\/2025\/06\/cotswolds-road-1024x695.jpg","contentUrl":"https:\/\/uk-gb.net\/wp-content\/uploads\/2025\/06\/cotswolds-road-1024x695.jpg"},{"@type":"WebSite","@id":"https:\/\/uk-gb.net\/fi\/#website","url":"https:\/\/uk-gb.net\/fi\/","name":"UK GB","description":"Travel to the UK","potentialAction":[{"@type":"SearchAction","target":{"@type":"EntryPoint","urlTemplate":"https:\/\/uk-gb.net\/fi\/?s={search_term_string}"},"query-input":{"@type":"PropertyValueSpecification","valueRequired":true,"valueName":"search_term_string"}}],"inLanguage":"fi"}]}},"_links":{"self":[{"href":"https:\/\/uk-gb.net\/fi\/wp-json\/wp\/v2\/pages\/8545","targetHints":{"allow":["GET"]}}],"collection":[{"href":"https:\/\/uk-gb.net\/fi\/wp-json\/wp\/v2\/pages"}],"about":[{"href":"https:\/\/uk-gb.net\/fi\/wp-json\/wp\/v2\/types\/page"}],"author":[{"embeddable":true,"href":"https:\/\/uk-gb.net\/fi\/wp-json\/wp\/v2\/users\/1"}],"replies":[{"embeddable":true,"href":"https:\/\/uk-gb.net\/fi\/wp-json\/wp\/v2\/comments?post=8545"}],"version-history":[{"count":0,"href":"https:\/\/uk-gb.net\/fi\/wp-json\/wp\/v2\/pages\/8545\/revisions"}],"wp:attachment":[{"href":"https:\/\/uk-gb.net\/fi\/wp-json\/wp\/v2\/media?parent=8545"}],"curies":[{"name":"wp","href":"https:\/\/api.w.org\/{rel}","templated":true}]}}