{"id":8285,"date":"2025-08-27T10:56:06","date_gmt":"2025-08-27T09:56:06","guid":{"rendered":"https:\/\/uk-gb.net\/north-coast-500-road-trip\/"},"modified":"2025-08-27T11:52:54","modified_gmt":"2025-08-27T10:52:54","slug":"north-coast-500-road-trip","status":"publish","type":"page","link":"https:\/\/uk-gb.net\/fi\/north-coast-500-road-trip\/","title":{"rendered":"North Coast 500: t\u00e4ydellinen matkaopas Skotlantiin"},"content":{"rendered":"\n<h1 class=\"wp-block-heading\">North Coast 500 Britannian road trip<\/h1>\n\n<p>North Coast 500, jota kutsutaan usein &#8221;Skotlannin Route 66:ksi&#8221;, on yksi Euroopan kauneimmista road trip -reiteist\u00e4. T\u00e4m\u00e4 830 kilometrin pituinen reitti kiert\u00e4\u00e4 Pohjois-Skotlannin Yl\u00e4maat, alkaa <a href=\"https:\/\/uk-gb.net\/fi\/vieraile-inverness-skotlannissa\/\">Invernessist\u00e4<\/a> ja seuraa villi\u00e4 rannikkoa, salaper\u00e4isi\u00e4 j\u00e4rvi\u00e4 ja historiallisia linnoja. Seikkailua, upeita maisemia ja skotlantilaista autenttisuutta etsiville matkailijoille NC500-reitist\u00e4 on tullut pakollinen reitti.  <\/p>\n\n<h2 class=\"wp-block-heading\">Miksi valita North Coast 500?<\/h2>\n\n<p>T\u00e4m\u00e4 road trip on ainutlaatuinen siin\u00e4 mieless\u00e4, ett\u00e4 siin\u00e4 yhdistyy useita kokemuksia yhdeksi matkaksi:<\/p>\n\n<ul class=\"wp-block-list\">\n<li>upeat n\u00e4k\u00f6alat kallioille, valkoisille hiekkarannoille ja majesteettisille vuorille.<\/li>\n\n\n\n<li>mutkaisia teit\u00e4, jotka ovat ihanteellisia autoilun harrastajille<\/li>\n\n\n\n<li>kulttuuripys\u00e4hdyksi\u00e4 linnojen, viskitislaamojen ja kalastajakylien luona.<\/li>\n\n\n\n<li>mahdollisuus tarkkailla harvinaisia villiel\u00e4imi\u00e4: peuroja, delfiinej\u00e4, hylkeit\u00e4 ja joskus jopa maakotkia.<\/li>\n<\/ul>\n\n<p>T\u00e4m\u00e4 reitti on yht\u00e4 lailla luontoharrastajien kuin paikallisen historian ja perinteiden yst\u00e4vienkin mieleen.<\/p>\n\n<figure class=\"wp-block-image size-large\"><img decoding=\"async\" src=\"https:\/\/uk-gb.net\/wp-content\/uploads\/2025\/06\/north-coast-500-road-trip-1024x576.jpeg\" alt=\"North Coast 500 road trip\" class=\"wp-image-7715\"\/><figcaption class=\"wp-element-caption\">North Coast 500 road trip kuva<\/figcaption><\/figure>\n\n<h2 class=\"wp-block-heading\">Matkareitti yksityiskohtaisesti<\/h2>\n\n<p>L\u00e4ht\u00f6paikka on yleens\u00e4 <a href=\"https:\/\/uk-gb.net\/fi\/vieraile-inverness-skotlannissa\/\">Inverness<\/a>, Highlandsin p\u00e4\u00e4kaupunki. Sielt\u00e4 matka jatkuu kiertomatkan muodossa: <\/p>\n\n<ul class=\"wp-block-list\">\n<li><strong>It\u00e4rannikko<\/strong>: <a href=\"https:\/\/www.dunrobincastle.co.uk\/\">Dunrobinin linnoja<\/a>, jyrkki\u00e4 kallioita ja kalastajakyli\u00e4.<\/li>\n\n\n\n<li><strong>Pohjoisrannikko<\/strong>: villi\u00e4 maisemaa, syrj\u00e4isi\u00e4 rantoja ja v\u00e4h\u00e4liikenteisi\u00e4 teit\u00e4.<\/li>\n\n\n\n<li><strong>L\u00e4nsirannikko<\/strong>: vuoria, j\u00e4rvi\u00e4, kapeita teit\u00e4 ja upeita n\u00e4kymi\u00e4.<\/li>\n\n\n\n<li><strong>Paluu Invernessiin<\/strong>: <a href=\"https:\/\/www.akissfromuk.com\/visiter-torridon-wester-ross-ecosse\">Torridonin alueen<\/a> ja sen vaikuttavien maisemien kautta.<\/li>\n<\/ul>\n\n<p>North Coast 500 -reitist\u00e4 nauttimiseen kannattaa varata keskim\u00e4\u00e4rin <strong>7-10 p\u00e4iv\u00e4\u00e4<\/strong>, vaikka jotkut matkailijat p\u00e4\u00e4tt\u00e4v\u00e4tkin tutustua siihen kahdessa viikossa tehd\u00e4kseen mahdollisimman monta pys\u00e4hdyst\u00e4.<\/p>\n\n<h2 class=\"wp-block-heading\">Milloin NC500 kannattaa ottaa mukaan automatkalle?<\/h2>\n\n<p>Ihanteellinen ajanjakso riippuu siit\u00e4, millaista kokemusta etsit:<\/p>\n\n<ul class=\"wp-block-list\">\n<li><strong>Kes\u00e4<\/strong>: T\u00e4m\u00e4 on matkailun huippusesonki, jolloin p\u00e4iv\u00e4t ovat pitki\u00e4 (kes\u00e4kuussa jopa 18 tuntia p\u00e4iv\u00e4nvaloa) ja l\u00e4mp\u00f6tila on miellytt\u00e4v\u00e4. Se on ihanteellista aikaa patikointiin, vesiurheiluun ja maaseudusta nauttimiseen. Toisaalta tiet ja majoituspaikat ovat vilkkaampia.  <\/li>\n\n\n\n<li><strong>Huhti- ja lokakuu<\/strong>: n\u00e4m\u00e4 sesongin puoliv\u00e4liss\u00e4 olevat kuukaudet tarjoavat loistavan vaihtoehdon, jossa on v\u00e4hemm\u00e4n ihmisi\u00e4 ja villimpi tunnelma. Lokakuun syysv\u00e4rit tuovat Highlandsiin erityist\u00e4 vieh\u00e4tyst\u00e4. Ilmasto voi kuitenkin olla ep\u00e4vakaa, ja silloin sataa ja tuulee enemm\u00e4n.  <\/li>\n\n\n\n<li><strong>Talvi<\/strong>: P\u00e4iv\u00e4t ovat lyhyit\u00e4 ja jotkut tiet voivat olla vaikeita, mutta kokemus on ainutlaatuinen niille, jotka rakastavat yksin\u00e4isyytt\u00e4 ja lumipeitteisi\u00e4 maisemia. Se on my\u00f6s loistava aika n\u00e4hd\u00e4 revontulet Skotlannin pohjoisosassa, jos olet valmistautunut hyvin. <\/li>\n<\/ul>\n\n<h2 class=\"wp-block-heading\">North Coast 500 -tapahtuma, joka on pakko n\u00e4hd\u00e4<\/h2>\n\n<p>Monista mahdollisista vaiheista joitakin ei miss\u00e4\u00e4n nimess\u00e4 kannata j\u00e4tt\u00e4\u00e4 v\u00e4liin:<\/p>\n\n<ul class=\"wp-block-list\">\n<li><a href=\"https:\/\/www.dunrobincastle.co.uk\/\">Dunrobinin linna<\/a> ja sen Versaillesin inspiroimat puutarhat<\/li>\n\n\n\n<li><a href=\"https:\/\/scotland.nordicvisitor.com\/travel-guide\/attractions\/northern-highlands\/durness-beach\/\">Durnessin valkoiset hiekkarannat<\/a><\/li>\n\n\n\n<li><a href=\"https:\/\/www.ullapool.com\/\">Ullapoolin<\/a> vieh\u00e4tt\u00e4v\u00e4 kyl\u00e4<\/li>\n\n\n\n<li><a href=\"https:\/\/en.wikipedia.org\/wiki\/Bealach_na_B%C3%A0\">Bealach na B\u00e0n<\/a> (Applecross Pass) upeat tiet.<\/li>\n\n\n\n<li>Skotlantilaisen viskin tislaamot it\u00e4rannikolla<\/li>\n<\/ul>\n\n<div style=\"height:10px\" aria-hidden=\"true\" class=\"wp-block-spacer\"><\/div>\n\n<h2 class=\"wp-block-heading\">K\u00e4yt\u00e4nn\u00f6n neuvoja onnistuneeseen road tripiin<\/h2>\n\n<p>North Coast 500 -matkalla teht\u00e4v\u00e4 road trip vaatii v\u00e4himm\u00e4ism\u00e4\u00e4r\u00e4 organisointia, jotta siit\u00e4 saisi kaiken irti. T\u00e4ss\u00e4 on muutamia hy\u00f6dyllisi\u00e4 suosituksia: <\/p>\n\n<ol class=\"wp-block-list\">\n<li><strong>Oikean ajoneuvon valinta<\/strong>: tavallinen henkil\u00f6auto riitt\u00e4\u00e4, mutta pakettiauto tai matkailuauto antaa sinulle enemm\u00e4n vapautta. Muista, ett\u00e4 jotkut tiet ovat hyvin kapeita ja mutkaisia. <\/li>\n\n\n\n<li><strong>Varaa<\/strong> majoitus (hotellit, B&amp;B-hotellit ja hostellit) <strong>etuk\u00e4teen sesonkiaikana<\/strong>: kes\u00e4ll\u00e4 majoituspaikat myyd\u00e4\u00e4n nopeasti loppuun. Leirint\u00e4alueet ja matkailuautoparkit ovat hyv\u00e4 vaihtoehto, jos haluat olla joustavampi. <\/li>\n\n\n\n<li><strong>Varmista, ett\u00e4 sinulla on verkkoyhteys<\/strong>: joillakin Highlandsin alueilla ei ole verkkopeittoa. Lataa GPS-kartat etuk\u00e4teen tai ota mukaan paperikartta. <\/li>\n\n\n\n<li><strong>Ota mukaan sopiva vaatetus<\/strong>: Skotlannin ilmasto on arvaamaton. Ei ole harvinaista kokea kaikki nelj\u00e4 vuodenaikaa yhden p\u00e4iv\u00e4n aikana. Sadevaatteet, villavaatteet ja vaelluskeng\u00e4t ovat v\u00e4ltt\u00e4m\u00e4tt\u00f6mi\u00e4.  <\/li>\n\n\n\n<li><strong>Ota aikaa<\/strong>: jotkut tiet ovat yksikaistaisia, ja niill\u00e4 on v\u00e4ist\u00e4mispaikkoja muille ajoneuvoille. On parasta ajaa hitaasti ja nauttia maisemista. <\/li>\n\n\n\n<li><strong>Kunnioita luontoa ja paikallisia asukkaita<\/strong>: NC500 kulkee herkkien alueiden ja paikallisyhteis\u00f6jen l\u00e4pi. Ker\u00e4\u00e4 roskasi, v\u00e4lt\u00e4 luvatonta leiriytymist\u00e4 ja ole kunnioittava pieniss\u00e4 kyliss\u00e4. <\/li>\n\n\n\n<li><strong>Matkustusmuodollisuudet<\/strong>: Matkustajien on esitett\u00e4v\u00e4 viisumi tai hankittava <a href=\"https:\/\/uk-gb.net\/fi\/eta-englanti-iso-britannia\/\">ETA-viisumi Yhdistyneeseen kuningaskuntaan<\/a> ennen koneeseen nousua.<\/li>\n<\/ol>\n\n<p><\/p>\n","protected":false},"excerpt":{"rendered":"<p>North Coast 500 Britannian road trip North Coast 500, jota kutsutaan usein &#8221;Skotlannin Route 66:ksi&#8221;, on yksi Euroopan kauneimmista road trip -reiteist\u00e4. T\u00e4m\u00e4 830 kilometrin pituinen reitti kiert\u00e4\u00e4 Pohjois-Skotlannin Yl\u00e4maat, alkaa Invernessist\u00e4 ja seuraa villi\u00e4 rannikkoa, salaper\u00e4isi\u00e4 j\u00e4rvi\u00e4 ja historiallisia linnoja. Seikkailua, upeita maisemia ja skotlantilaista autenttisuutta etsiville matkailijoille NC500-reitist\u00e4 on tullut pakollinen reitti. Miksi [&hellip;]<\/p>\n","protected":false},"author":1,"featured_media":0,"parent":0,"menu_order":0,"comment_status":"closed","ping_status":"closed","template":"","meta":{"footnotes":""},"class_list":["post-8285","page","type-page","status-publish","hentry"],"yoast_head":"<!-- This site is optimized with the Yoast SEO plugin v27.3 - https:\/\/yoast.com\/product\/yoast-seo-wordpress\/ -->\n<title>North Coast 500: t\u00e4ydellinen matkaopas Skotlantiin - UK GB<\/title>\n<meta name=\"description\" content=\"Tutustu North Coast 500 -reittiin, joka on legendaarinen tiematka Skotlannin yl\u00e4ng\u00f6ill\u00e4. Reittiohjelma ja k\u00e4yt\u00e4nn\u00f6n neuvoja onnistuneeseen matkaan.\" \/>\n<meta name=\"robots\" content=\"index, follow, max-snippet:-1, max-image-preview:large, max-video-preview:-1\" \/>\n<link rel=\"canonical\" href=\"https:\/\/uk-gb.net\/fi\/north-coast-500-road-trip\/\" \/>\n<meta property=\"og:locale\" content=\"fi_FI\" \/>\n<meta property=\"og:type\" content=\"article\" \/>\n<meta property=\"og:title\" content=\"North Coast 500: t\u00e4ydellinen matkaopas Skotlantiin - UK GB\" \/>\n<meta property=\"og:description\" content=\"Tutustu North Coast 500 -reittiin, joka on legendaarinen tiematka Skotlannin yl\u00e4ng\u00f6ill\u00e4. Reittiohjelma ja k\u00e4yt\u00e4nn\u00f6n neuvoja onnistuneeseen matkaan.\" \/>\n<meta property=\"og:url\" content=\"https:\/\/uk-gb.net\/fi\/north-coast-500-road-trip\/\" \/>\n<meta property=\"og:site_name\" content=\"UK GB\" \/>\n<meta property=\"article:modified_time\" content=\"2025-08-27T10:52:54+00:00\" \/>\n<meta property=\"og:image\" content=\"https:\/\/uk-gb.net\/wp-content\/uploads\/2025\/06\/north-coast-500-road-trip-e1750836403638.jpeg\" \/>\n\t<meta property=\"og:image:width\" content=\"1103\" \/>\n\t<meta property=\"og:image:height\" content=\"553\" \/>\n\t<meta property=\"og:image:type\" content=\"image\/jpeg\" \/>\n<meta name=\"twitter:card\" content=\"summary_large_image\" \/>\n<meta name=\"twitter:label1\" content=\"Arvioitu lukuaika\" \/>\n\t<meta name=\"twitter:data1\" content=\"3 minuuttia\" \/>\n<script type=\"application\/ld+json\" class=\"yoast-schema-graph\">{\"@context\":\"https:\\\/\\\/schema.org\",\"@graph\":[{\"@type\":\"WebPage\",\"@id\":\"https:\\\/\\\/uk-gb.net\\\/fi\\\/north-coast-500-road-trip\\\/\",\"url\":\"https:\\\/\\\/uk-gb.net\\\/fi\\\/north-coast-500-road-trip\\\/\",\"name\":\"North Coast 500: t\u00e4ydellinen matkaopas Skotlantiin - UK GB\",\"isPartOf\":{\"@id\":\"https:\\\/\\\/uk-gb.net\\\/fi\\\/#website\"},\"primaryImageOfPage\":{\"@id\":\"https:\\\/\\\/uk-gb.net\\\/fi\\\/north-coast-500-road-trip\\\/#primaryimage\"},\"image\":{\"@id\":\"https:\\\/\\\/uk-gb.net\\\/fi\\\/north-coast-500-road-trip\\\/#primaryimage\"},\"thumbnailUrl\":\"https:\\\/\\\/uk-gb.net\\\/wp-content\\\/uploads\\\/2025\\\/06\\\/north-coast-500-road-trip-1024x576.jpeg\",\"datePublished\":\"2025-08-27T09:56:06+00:00\",\"dateModified\":\"2025-08-27T10:52:54+00:00\",\"description\":\"Tutustu North Coast 500 -reittiin, joka on legendaarinen tiematka Skotlannin yl\u00e4ng\u00f6ill\u00e4. Reittiohjelma ja k\u00e4yt\u00e4nn\u00f6n neuvoja onnistuneeseen matkaan.\",\"inLanguage\":\"fi\",\"potentialAction\":[{\"@type\":\"ReadAction\",\"target\":[\"https:\\\/\\\/uk-gb.net\\\/fi\\\/north-coast-500-road-trip\\\/\"]}]},{\"@type\":\"ImageObject\",\"inLanguage\":\"fi\",\"@id\":\"https:\\\/\\\/uk-gb.net\\\/fi\\\/north-coast-500-road-trip\\\/#primaryimage\",\"url\":\"https:\\\/\\\/uk-gb.net\\\/wp-content\\\/uploads\\\/2025\\\/06\\\/north-coast-500-road-trip-1024x576.jpeg\",\"contentUrl\":\"https:\\\/\\\/uk-gb.net\\\/wp-content\\\/uploads\\\/2025\\\/06\\\/north-coast-500-road-trip-1024x576.jpeg\"},{\"@type\":\"WebSite\",\"@id\":\"https:\\\/\\\/uk-gb.net\\\/fi\\\/#website\",\"url\":\"https:\\\/\\\/uk-gb.net\\\/fi\\\/\",\"name\":\"UK GB\",\"description\":\"Travel to the UK\",\"potentialAction\":[{\"@type\":\"SearchAction\",\"target\":{\"@type\":\"EntryPoint\",\"urlTemplate\":\"https:\\\/\\\/uk-gb.net\\\/fi\\\/?s={search_term_string}\"},\"query-input\":{\"@type\":\"PropertyValueSpecification\",\"valueRequired\":true,\"valueName\":\"search_term_string\"}}],\"inLanguage\":\"fi\"}]}<\/script>\n<!-- \/ Yoast SEO plugin. -->","yoast_head_json":{"title":"North Coast 500: t\u00e4ydellinen matkaopas Skotlantiin - UK GB","description":"Tutustu North Coast 500 -reittiin, joka on legendaarinen tiematka Skotlannin yl\u00e4ng\u00f6ill\u00e4. Reittiohjelma ja k\u00e4yt\u00e4nn\u00f6n neuvoja onnistuneeseen matkaan.","robots":{"index":"index","follow":"follow","max-snippet":"max-snippet:-1","max-image-preview":"max-image-preview:large","max-video-preview":"max-video-preview:-1"},"canonical":"https:\/\/uk-gb.net\/fi\/north-coast-500-road-trip\/","og_locale":"fi_FI","og_type":"article","og_title":"North Coast 500: t\u00e4ydellinen matkaopas Skotlantiin - UK GB","og_description":"Tutustu North Coast 500 -reittiin, joka on legendaarinen tiematka Skotlannin yl\u00e4ng\u00f6ill\u00e4. Reittiohjelma ja k\u00e4yt\u00e4nn\u00f6n neuvoja onnistuneeseen matkaan.","og_url":"https:\/\/uk-gb.net\/fi\/north-coast-500-road-trip\/","og_site_name":"UK GB","article_modified_time":"2025-08-27T10:52:54+00:00","og_image":[{"width":1103,"height":553,"url":"https:\/\/uk-gb.net\/wp-content\/uploads\/2025\/06\/north-coast-500-road-trip-e1750836403638.jpeg","type":"image\/jpeg"}],"twitter_card":"summary_large_image","twitter_misc":{"Arvioitu lukuaika":"3 minuuttia"},"schema":{"@context":"https:\/\/schema.org","@graph":[{"@type":"WebPage","@id":"https:\/\/uk-gb.net\/fi\/north-coast-500-road-trip\/","url":"https:\/\/uk-gb.net\/fi\/north-coast-500-road-trip\/","name":"North Coast 500: t\u00e4ydellinen matkaopas Skotlantiin - UK GB","isPartOf":{"@id":"https:\/\/uk-gb.net\/fi\/#website"},"primaryImageOfPage":{"@id":"https:\/\/uk-gb.net\/fi\/north-coast-500-road-trip\/#primaryimage"},"image":{"@id":"https:\/\/uk-gb.net\/fi\/north-coast-500-road-trip\/#primaryimage"},"thumbnailUrl":"https:\/\/uk-gb.net\/wp-content\/uploads\/2025\/06\/north-coast-500-road-trip-1024x576.jpeg","datePublished":"2025-08-27T09:56:06+00:00","dateModified":"2025-08-27T10:52:54+00:00","description":"Tutustu North Coast 500 -reittiin, joka on legendaarinen tiematka Skotlannin yl\u00e4ng\u00f6ill\u00e4. Reittiohjelma ja k\u00e4yt\u00e4nn\u00f6n neuvoja onnistuneeseen matkaan.","inLanguage":"fi","potentialAction":[{"@type":"ReadAction","target":["https:\/\/uk-gb.net\/fi\/north-coast-500-road-trip\/"]}]},{"@type":"ImageObject","inLanguage":"fi","@id":"https:\/\/uk-gb.net\/fi\/north-coast-500-road-trip\/#primaryimage","url":"https:\/\/uk-gb.net\/wp-content\/uploads\/2025\/06\/north-coast-500-road-trip-1024x576.jpeg","contentUrl":"https:\/\/uk-gb.net\/wp-content\/uploads\/2025\/06\/north-coast-500-road-trip-1024x576.jpeg"},{"@type":"WebSite","@id":"https:\/\/uk-gb.net\/fi\/#website","url":"https:\/\/uk-gb.net\/fi\/","name":"UK GB","description":"Travel to the UK","potentialAction":[{"@type":"SearchAction","target":{"@type":"EntryPoint","urlTemplate":"https:\/\/uk-gb.net\/fi\/?s={search_term_string}"},"query-input":{"@type":"PropertyValueSpecification","valueRequired":true,"valueName":"search_term_string"}}],"inLanguage":"fi"}]}},"_links":{"self":[{"href":"https:\/\/uk-gb.net\/fi\/wp-json\/wp\/v2\/pages\/8285","targetHints":{"allow":["GET"]}}],"collection":[{"href":"https:\/\/uk-gb.net\/fi\/wp-json\/wp\/v2\/pages"}],"about":[{"href":"https:\/\/uk-gb.net\/fi\/wp-json\/wp\/v2\/types\/page"}],"author":[{"embeddable":true,"href":"https:\/\/uk-gb.net\/fi\/wp-json\/wp\/v2\/users\/1"}],"replies":[{"embeddable":true,"href":"https:\/\/uk-gb.net\/fi\/wp-json\/wp\/v2\/comments?post=8285"}],"version-history":[{"count":0,"href":"https:\/\/uk-gb.net\/fi\/wp-json\/wp\/v2\/pages\/8285\/revisions"}],"wp:attachment":[{"href":"https:\/\/uk-gb.net\/fi\/wp-json\/wp\/v2\/media?parent=8285"}],"curies":[{"name":"wp","href":"https:\/\/api.w.org\/{rel}","templated":true}]}}