{"id":6221,"date":"2025-05-22T08:36:16","date_gmt":"2025-05-22T07:36:16","guid":{"rendered":"https:\/\/uk-gb.net\/vieraile-stirling\/"},"modified":"2025-07-17T16:40:37","modified_gmt":"2025-07-17T15:40:37","slug":"vieraile-stirling","status":"publish","type":"page","link":"https:\/\/uk-gb.net\/fi\/vieraile-stirling\/","title":{"rendered":"Vieraile skotlantilaisessa Stirlingin kaupungissa"},"content":{"rendered":"\n<h1 class=\"wp-block-heading\">Stirlingin kaupungin matkaopas<\/h1>\n\n<p>Skotlannin syd\u00e4mess\u00e4 sijaitseva Stirling on historiallinen kaupunki, jolla on rikas perint\u00f6, ja sit\u00e4 kutsutaan usein \u201dportiksi Yl\u00e4maahan\u201d. Se oli aikoinaan Skotlannin kuningaskunnan p\u00e4\u00e4kaupunki, ja se tunnetaan keskeisest\u00e4 roolistaan Skotlannin itsen\u00e4isyyssodissa sek\u00e4 vaikuttavasta linnastaan, joka hallitsee kaupunkia kallioiselta niemekkeelt\u00e4. Historiaa, luontoa ja kulttuuria yhdistelev\u00e4 Stirling on Skotlannin menneisyyden yst\u00e4ville ehdoton vierailukohde.  <\/p>\n\n<figure class=\"wp-block-image size-large\"><img fetchpriority=\"high\" decoding=\"async\" width=\"1024\" height=\"631\" src=\"https:\/\/uk-gb.net\/wp-content\/uploads\/2025\/05\/stirling-1024x631.jpg\" alt=\"Stirlingin kaupunki\" class=\"wp-image-5953\" srcset=\"https:\/\/uk-gb.net\/wp-content\/uploads\/2025\/05\/stirling-1024x631.jpg 1024w, https:\/\/uk-gb.net\/wp-content\/uploads\/2025\/05\/stirling-300x185.jpg 300w, https:\/\/uk-gb.net\/wp-content\/uploads\/2025\/05\/stirling-768x473.jpg 768w, https:\/\/uk-gb.net\/wp-content\/uploads\/2025\/05\/stirling.jpg 1131w\" sizes=\"(max-width: 1024px) 100vw, 1024px\" \/><figcaption class=\"wp-element-caption\">Stirlingin kaupunki Skotlannissa<\/figcaption><\/figure>\n\n<h2 class=\"wp-block-heading\">Miksi vierailla Stirlingiss\u00e4?<\/h2>\n\n<p>Stirling on inhimillisen mittakaavan kaupunki, jossa on harvinaisen paljon merkitt\u00e4vi\u00e4 historiallisia kohteita. Sen linna on yksi Skotlannin t\u00e4rkeimmist\u00e4, ja l\u00e4heisell\u00e4 kukkulalla sijaitseva Wallacen muistomerkki on kunnianosoitus yhdelle Skotlannin kansallissankareista. Historiallisen kiinnostavuutensa lis\u00e4ksi Stirling tarjoaa upean luonnon, jonka v\u00e4litt\u00f6m\u00e4ss\u00e4 l\u00e4heisyydess\u00e4 on kukkuloita, jokia ja k\u00e4velyreittej\u00e4. Se on my\u00f6s erinomainen tukikohta sek\u00e4 Lowlandsin ett\u00e4 Highlandsin tutkimiseen.   <\/p>\n\n<h2 class=\"wp-block-heading\">V\u00e4ltt\u00e4m\u00e4tt\u00f6m\u00e4t tavarat<\/h2>\n\n<ul class=\"wp-block-list\">\n<li><a href=\"https:\/\/en.wikipedia.org\/wiki\/Stirling_Castle\">Stirlingin linna<\/a>: Yksi maan ikonisimmista linnoista, joka on kalustettu runsaasti ja t\u00e4ynn\u00e4 historiaa.<\/li>\n\n\n\n<li><a href=\"https:\/\/www.nationalwallacemonument.com\/\">Wallacen muistomerkki<\/a>: William Wallacelle omistettu uusgoottilainen torni, josta on henke\u00e4salpaavat n\u00e4kym\u00e4t alueelle.<\/li>\n\n\n\n<li><a href=\"https:\/\/www.churchoftheholyrude.co.uk\/legends-at-cowanes\/\">Vanhakaupunki<\/a>: Kaupungin keskiaikainen keskusta mukulakivikatuineen ja muinaisine rakennuksineen.<\/li>\n\n\n\n<li><a href=\"https:\/\/www.nts.org.uk\/visit\/places\/bannockburn\">Bannockburn Heritage Centre<\/a>: Vuorovaikutteinen museo, joka on omistettu kuuluisalle Bannockburnin taistelulle.<\/li>\n\n\n\n<li><a href=\"https:\/\/www.smithartgalleryandmuseum.co.uk\/\">Stirling Smithin taidegalleria ja -museo<\/a>: Paikallishistoriaa esittelev\u00e4 kokoelma esineit\u00e4 ja taideteoksia.<\/li>\n\n\n\n<li><a href=\"https:\/\/www.churchoftheholyrude.co.uk\/\">Church of the Holy Rude<\/a>: Historiallinen kirkko, jossa Skotlannin Jaakko VI kruunattiin.<\/li>\n<\/ul>\n\n<h2 class=\"wp-block-heading\">Tutkittavia kaupunginosia<\/h2>\n\n<ul class=\"wp-block-list\">\n<li><strong>Vanhakaupunki<\/strong>: Historiallinen kaupunginosa, jossa on keskiaikaista charmia, panoraaman\u00e4kym\u00e4t ja aito tunnelma.<\/li>\n\n\n\n<li><strong>Riverside<\/strong>: Forth-joen varrella, t\u00e4ydellinen rauhalliselle k\u00e4velylle.<\/li>\n\n\n\n<li><strong>Bridge of Allan<\/strong>: Pieni naapurikaupunki, joka on tunnettu tyylikk\u00e4\u00e4st\u00e4 ilmapiirist\u00e4\u00e4n, kahviloistaan ja mets\u00e4isist\u00e4 poluistaan.<\/li>\n\n\n\n<li><strong>Kings Park<\/strong>: vehre\u00e4 asuinalue, joka on ihanteellinen rentoutumiseen.<\/li>\n<\/ul>\n\n<h2 class=\"wp-block-heading\">K\u00e4yt\u00e4nn\u00f6n neuvoja<\/h2>\n\n<figure class=\"wp-block-table\"><table><tbody><tr><th>Aspect<\/th><th>Yksityiskohdat<\/th><\/tr><tr><td><strong>Liikenne<\/strong><\/td><td>Kaupungin keskustaan p\u00e4\u00e4see junalla tai autolla Edinburghista tai Glasgow&#8217;sta, ja sinne p\u00e4\u00e4see helposti k\u00e4vellen.<\/td><\/tr><tr><td><strong>Hosting<\/strong><\/td><td>Hotellit, B&amp;B ja majatalot kaupungissa ja sen ymp\u00e4rist\u00f6ss\u00e4.<\/td><\/tr><tr><td><strong>Valuutta<\/strong><\/td><td>Englannin punta (\u00a3). Luottokortit hyv\u00e4ksyt\u00e4\u00e4n kaikkialla. <\/td><\/tr><tr><td><strong>Kieli<\/strong><\/td><td>Englanti ja vahva skotlantilainen aksentti mahdollinen.<\/td><\/tr><tr><td><strong>S\u00e4\u00e4<\/strong><\/td><td>Vaihteleva: k\u00e4yt\u00e4 vedenpit\u00e4vi\u00e4 vaatteita vuodenajasta riippumatta.<\/td><\/tr><\/tbody><\/table><\/figure>\n\n<h2 class=\"wp-block-heading\">Miss\u00e4 sy\u00f6d\u00e4?<\/h2>\n\n<ul class=\"wp-block-list\">\n<li><a href=\"https:\/\/www.thebirdsandthebees-stirling.com\/\">The Birds and the Bees<\/a>: Paikallinen pubiravintola, joka on tunnettu perinteisest\u00e4 skotlantilaisesta keitti\u00f6st\u00e4\u00e4n.<\/li>\n\n\n\n<li><a href=\"https:\/\/www.theportcullishotel.com\/\">The Portcullis<\/a>: Hotelli sijaitsee linnan l\u00e4hell\u00e4, ja se on t\u00e4ydellinen paikka aterioida viihtyis\u00e4ss\u00e4 ilmapiiriss\u00e4.<\/li>\n\n\n\n<li><a href=\"https:\/\/www.brea-stirling.co.uk\/\">Brea<\/a>: Moderni skotlantilainen keitti\u00f6, jossa on tarjolla alueellisia tuotteita.<\/li>\n\n\n\n<li><a href=\"https:\/\/cafeaina.com\/\">Caf\u00e9 Aina<\/a>: Viihtyis\u00e4 kahvila, jossa tarjoillaan hyv\u00e4\u00e4 aamiaista ja kotitekoisia leivonnaisia.<\/li>\n\n\n\n<li><a href=\"https:\/\/www.allanwatercafe.com\/\">The Allanwater Caf\u00e9<\/a>: kuuluisa kalasta ja ranskalaisista perunoista l\u00e4heisess\u00e4 Bridge of Allanissa.<\/li>\n<\/ul>\n\n<h2 class=\"wp-block-heading\">Milloin sinun pit\u00e4isi l\u00e4hte\u00e4?<\/h2>\n\n<p>Stirlingiss\u00e4 voi vierailla ymp\u00e4ri vuoden. Kev\u00e4t ja kes\u00e4 ovat ihanteellisia ulkoilmakohteisiin tutustumiseen ja linnasta tai Wallacen muistomerkilt\u00e4 avautuvista n\u00e4kymist\u00e4 nauttimiseen. Syksy paljastaa ymp\u00e4r\u00f6ivien metsien upeat v\u00e4rit, ja hiljaisempi talvi antaa kaupungille rauhallisen ilmapiirin, jossa sen historiaan voi tutustua.  <\/p>\n\n<h2 class=\"wp-block-heading\">P\u00e4\u00e4telm\u00e4<\/h2>\n\n<p>Stirling on Skotlannin helmi, jossa kansallinen historia kohtaa upeat maisemat. Se on v\u00e4hemm\u00e4n turistikohteita kuin Edinburghin tai <a href=\"https:\/\/uk-gb.net\/fi\/vieraile-inverness-skotlannissa\/\">Invernessin<\/a> kaltaiset kaupungit ja tarjoaa aidon uppoutumisen Skotlannin menneisyyteen ilman tungosta. Historian yst\u00e4ville se on ehdoton vierailukohde, joka on sek\u00e4 majesteettinen ett\u00e4 helposti l\u00e4hestytt\u00e4v\u00e4. Stirling on my\u00f6s t\u00e4ydellinen linkki etel\u00e4n suurkaupunkien ja pohjoisen villien alueiden v\u00e4lill\u00e4.   <\/p>\n\n<p><\/p>\n","protected":false},"excerpt":{"rendered":"<p>Stirlingin kaupungin matkaopas Skotlannin syd\u00e4mess\u00e4 sijaitseva Stirling on historiallinen kaupunki, jolla on rikas perint\u00f6, ja sit\u00e4 kutsutaan usein \u201dportiksi Yl\u00e4maahan\u201d. Se oli aikoinaan Skotlannin kuningaskunnan p\u00e4\u00e4kaupunki, ja se tunnetaan keskeisest\u00e4 roolistaan Skotlannin itsen\u00e4isyyssodissa sek\u00e4 vaikuttavasta linnastaan, joka hallitsee kaupunkia kallioiselta niemekkeelt\u00e4. Historiaa, luontoa ja kulttuuria yhdistelev\u00e4 Stirling on Skotlannin menneisyyden yst\u00e4ville ehdoton vierailukohde. Miksi vierailla [&hellip;]<\/p>\n","protected":false},"author":1,"featured_media":0,"parent":0,"menu_order":0,"comment_status":"closed","ping_status":"closed","template":"","meta":{"footnotes":""},"class_list":["post-6221","page","type-page","status-publish","hentry"],"yoast_head":"<!-- This site is optimized with the Yoast SEO plugin v27.4 - https:\/\/yoast.com\/product\/yoast-seo-wordpress\/ -->\n<title>Vieraile skotlantilaisessa Stirlingin kaupungissa - UK GB<\/title>\n<meta name=\"description\" content=\"Stirling on upea historiallinen skotlantilainen kaupunki, jonka lempinimi on \u201dportti Yl\u00e4maahan\u201d. Se on Skotlannin kuningaskunnan entinen p\u00e4\u00e4kaupunki.\" \/>\n<meta name=\"robots\" content=\"index, follow, max-snippet:-1, max-image-preview:large, max-video-preview:-1\" \/>\n<link rel=\"canonical\" href=\"https:\/\/uk-gb.net\/fi\/vieraile-stirling\/\" \/>\n<meta property=\"og:locale\" content=\"fi_FI\" \/>\n<meta property=\"og:type\" content=\"article\" \/>\n<meta property=\"og:title\" content=\"Vieraile skotlantilaisessa Stirlingin kaupungissa - UK GB\" \/>\n<meta property=\"og:description\" content=\"Stirling on upea historiallinen skotlantilainen kaupunki, jonka lempinimi on \u201dportti Yl\u00e4maahan\u201d. Se on Skotlannin kuningaskunnan entinen p\u00e4\u00e4kaupunki.\" \/>\n<meta property=\"og:url\" content=\"https:\/\/uk-gb.net\/fi\/vieraile-stirling\/\" \/>\n<meta property=\"og:site_name\" content=\"UK GB\" \/>\n<meta property=\"article:modified_time\" content=\"2025-07-17T15:40:37+00:00\" \/>\n<meta property=\"og:image\" content=\"https:\/\/uk-gb.net\/wp-content\/uploads\/2025\/05\/stirling.jpg\" \/>\n\t<meta property=\"og:image:width\" content=\"1131\" \/>\n\t<meta property=\"og:image:height\" content=\"697\" \/>\n\t<meta property=\"og:image:type\" content=\"image\/jpeg\" \/>\n<meta name=\"twitter:card\" content=\"summary_large_image\" \/>\n<meta name=\"twitter:label1\" content=\"Arvioitu lukuaika\" \/>\n\t<meta name=\"twitter:data1\" content=\"2 minuuttia\" \/>\n<script type=\"application\/ld+json\" class=\"yoast-schema-graph\">{\"@context\":\"https:\\\/\\\/schema.org\",\"@graph\":[{\"@type\":\"WebPage\",\"@id\":\"https:\\\/\\\/uk-gb.net\\\/fi\\\/vieraile-stirling\\\/\",\"url\":\"https:\\\/\\\/uk-gb.net\\\/fi\\\/vieraile-stirling\\\/\",\"name\":\"Vieraile skotlantilaisessa Stirlingin kaupungissa - UK GB\",\"isPartOf\":{\"@id\":\"https:\\\/\\\/uk-gb.net\\\/fi\\\/#website\"},\"primaryImageOfPage\":{\"@id\":\"https:\\\/\\\/uk-gb.net\\\/fi\\\/vieraile-stirling\\\/#primaryimage\"},\"image\":{\"@id\":\"https:\\\/\\\/uk-gb.net\\\/fi\\\/vieraile-stirling\\\/#primaryimage\"},\"thumbnailUrl\":\"https:\\\/\\\/uk-gb.net\\\/wp-content\\\/uploads\\\/2025\\\/05\\\/stirling-1024x631.jpg\",\"datePublished\":\"2025-05-22T07:36:16+00:00\",\"dateModified\":\"2025-07-17T15:40:37+00:00\",\"description\":\"Stirling on upea historiallinen skotlantilainen kaupunki, jonka lempinimi on \u201dportti Yl\u00e4maahan\u201d. Se on Skotlannin kuningaskunnan entinen p\u00e4\u00e4kaupunki.\",\"inLanguage\":\"fi\",\"potentialAction\":[{\"@type\":\"ReadAction\",\"target\":[\"https:\\\/\\\/uk-gb.net\\\/fi\\\/vieraile-stirling\\\/\"]}]},{\"@type\":\"ImageObject\",\"inLanguage\":\"fi\",\"@id\":\"https:\\\/\\\/uk-gb.net\\\/fi\\\/vieraile-stirling\\\/#primaryimage\",\"url\":\"https:\\\/\\\/uk-gb.net\\\/wp-content\\\/uploads\\\/2025\\\/05\\\/stirling-1024x631.jpg\",\"contentUrl\":\"https:\\\/\\\/uk-gb.net\\\/wp-content\\\/uploads\\\/2025\\\/05\\\/stirling-1024x631.jpg\"},{\"@type\":\"WebSite\",\"@id\":\"https:\\\/\\\/uk-gb.net\\\/fi\\\/#website\",\"url\":\"https:\\\/\\\/uk-gb.net\\\/fi\\\/\",\"name\":\"UK GB\",\"description\":\"Travel to the UK\",\"potentialAction\":[{\"@type\":\"SearchAction\",\"target\":{\"@type\":\"EntryPoint\",\"urlTemplate\":\"https:\\\/\\\/uk-gb.net\\\/fi\\\/?s={search_term_string}\"},\"query-input\":{\"@type\":\"PropertyValueSpecification\",\"valueRequired\":true,\"valueName\":\"search_term_string\"}}],\"inLanguage\":\"fi\"}]}<\/script>\n<!-- \/ Yoast SEO plugin. -->","yoast_head_json":{"title":"Vieraile skotlantilaisessa Stirlingin kaupungissa - UK GB","description":"Stirling on upea historiallinen skotlantilainen kaupunki, jonka lempinimi on \u201dportti Yl\u00e4maahan\u201d. Se on Skotlannin kuningaskunnan entinen p\u00e4\u00e4kaupunki.","robots":{"index":"index","follow":"follow","max-snippet":"max-snippet:-1","max-image-preview":"max-image-preview:large","max-video-preview":"max-video-preview:-1"},"canonical":"https:\/\/uk-gb.net\/fi\/vieraile-stirling\/","og_locale":"fi_FI","og_type":"article","og_title":"Vieraile skotlantilaisessa Stirlingin kaupungissa - UK GB","og_description":"Stirling on upea historiallinen skotlantilainen kaupunki, jonka lempinimi on \u201dportti Yl\u00e4maahan\u201d. Se on Skotlannin kuningaskunnan entinen p\u00e4\u00e4kaupunki.","og_url":"https:\/\/uk-gb.net\/fi\/vieraile-stirling\/","og_site_name":"UK GB","article_modified_time":"2025-07-17T15:40:37+00:00","og_image":[{"width":1131,"height":697,"url":"https:\/\/uk-gb.net\/wp-content\/uploads\/2025\/05\/stirling.jpg","type":"image\/jpeg"}],"twitter_card":"summary_large_image","twitter_misc":{"Arvioitu lukuaika":"2 minuuttia"},"schema":{"@context":"https:\/\/schema.org","@graph":[{"@type":"WebPage","@id":"https:\/\/uk-gb.net\/fi\/vieraile-stirling\/","url":"https:\/\/uk-gb.net\/fi\/vieraile-stirling\/","name":"Vieraile skotlantilaisessa Stirlingin kaupungissa - UK GB","isPartOf":{"@id":"https:\/\/uk-gb.net\/fi\/#website"},"primaryImageOfPage":{"@id":"https:\/\/uk-gb.net\/fi\/vieraile-stirling\/#primaryimage"},"image":{"@id":"https:\/\/uk-gb.net\/fi\/vieraile-stirling\/#primaryimage"},"thumbnailUrl":"https:\/\/uk-gb.net\/wp-content\/uploads\/2025\/05\/stirling-1024x631.jpg","datePublished":"2025-05-22T07:36:16+00:00","dateModified":"2025-07-17T15:40:37+00:00","description":"Stirling on upea historiallinen skotlantilainen kaupunki, jonka lempinimi on \u201dportti Yl\u00e4maahan\u201d. Se on Skotlannin kuningaskunnan entinen p\u00e4\u00e4kaupunki.","inLanguage":"fi","potentialAction":[{"@type":"ReadAction","target":["https:\/\/uk-gb.net\/fi\/vieraile-stirling\/"]}]},{"@type":"ImageObject","inLanguage":"fi","@id":"https:\/\/uk-gb.net\/fi\/vieraile-stirling\/#primaryimage","url":"https:\/\/uk-gb.net\/wp-content\/uploads\/2025\/05\/stirling-1024x631.jpg","contentUrl":"https:\/\/uk-gb.net\/wp-content\/uploads\/2025\/05\/stirling-1024x631.jpg"},{"@type":"WebSite","@id":"https:\/\/uk-gb.net\/fi\/#website","url":"https:\/\/uk-gb.net\/fi\/","name":"UK GB","description":"Travel to the UK","potentialAction":[{"@type":"SearchAction","target":{"@type":"EntryPoint","urlTemplate":"https:\/\/uk-gb.net\/fi\/?s={search_term_string}"},"query-input":{"@type":"PropertyValueSpecification","valueRequired":true,"valueName":"search_term_string"}}],"inLanguage":"fi"}]}},"_links":{"self":[{"href":"https:\/\/uk-gb.net\/fi\/wp-json\/wp\/v2\/pages\/6221","targetHints":{"allow":["GET"]}}],"collection":[{"href":"https:\/\/uk-gb.net\/fi\/wp-json\/wp\/v2\/pages"}],"about":[{"href":"https:\/\/uk-gb.net\/fi\/wp-json\/wp\/v2\/types\/page"}],"author":[{"embeddable":true,"href":"https:\/\/uk-gb.net\/fi\/wp-json\/wp\/v2\/users\/1"}],"replies":[{"embeddable":true,"href":"https:\/\/uk-gb.net\/fi\/wp-json\/wp\/v2\/comments?post=6221"}],"version-history":[{"count":0,"href":"https:\/\/uk-gb.net\/fi\/wp-json\/wp\/v2\/pages\/6221\/revisions"}],"wp:attachment":[{"href":"https:\/\/uk-gb.net\/fi\/wp-json\/wp\/v2\/media?parent=6221"}],"curies":[{"name":"wp","href":"https:\/\/api.w.org\/{rel}","templated":true}]}}