{"id":6187,"date":"2025-05-21T14:52:45","date_gmt":"2025-05-21T13:52:45","guid":{"rendered":"https:\/\/uk-gb.net\/vieraile-inverness-skotlannissa\/"},"modified":"2025-05-22T11:39:18","modified_gmt":"2025-05-22T10:39:18","slug":"vieraile-inverness-skotlannissa","status":"publish","type":"page","link":"https:\/\/uk-gb.net\/fi\/vieraile-inverness-skotlannissa\/","title":{"rendered":"Vieraile Invernessiss\u00e4 Skotlannissa"},"content":{"rendered":"\n<h1 class=\"wp-block-heading\">Invernessin matkaopas<\/h1>\n\n<p>Inverness, lempinimelt\u00e4\u00e4n \u201dHighlandsin p\u00e4\u00e4kaupunki\u201d, on vieh\u00e4tt\u00e4v\u00e4 skotlantilainen kaupunki maan pohjoisosassa. Se on upeiden maisemien, salaper\u00e4isten linnojen ja legendaaristen j\u00e4rvien ymp\u00e4r\u00f6im\u00e4 ihanteellinen tukikohta, josta k\u00e4sin voit tutustua yhteen Yhdistyneen kuningaskunnan villeimmist\u00e4 ja aidoimmista alueista. <\/p>\n\n<h2 class=\"wp-block-heading\">Miksi kannattaa vierailla Invernessiss\u00e4?<\/h2>\n\n<p>Inverness vetoaa luontoa, historiaa ja rauhaa etsiviin matkailijoihin. Kaupungin viihtyis\u00e4 keskusta, Ness-joen yli kohoava linna ja myyttisen Loch Nessin l\u00e4heisyys tarjoavat hienon tasapainon skotlantilaisen kulttuurin, historiallisen perinn\u00f6n ja henke\u00e4salpaavien panoraamojen v\u00e4lill\u00e4. Inverness on my\u00f6s erinomainen tukikohta, josta k\u00e4sin voi tutustua Highlandsiin, North Coast 500 -reitin kaltaisiin maisemareitteihin ja moniin ymp\u00e4r\u00f6iviin vaellusreitteihin.  <\/p>\n\n<figure class=\"wp-block-image size-large\"><img fetchpriority=\"high\" decoding=\"async\" width=\"1024\" height=\"521\" src=\"https:\/\/uk-gb.net\/wp-content\/uploads\/2025\/05\/Inverness-1024x521.jpg\" alt=\"Invernessin kaupunki\" class=\"wp-image-5938\" srcset=\"https:\/\/uk-gb.net\/wp-content\/uploads\/2025\/05\/Inverness-1024x521.jpg 1024w, https:\/\/uk-gb.net\/wp-content\/uploads\/2025\/05\/Inverness-300x153.jpg 300w, https:\/\/uk-gb.net\/wp-content\/uploads\/2025\/05\/Inverness-768x390.jpg 768w, https:\/\/uk-gb.net\/wp-content\/uploads\/2025\/05\/Inverness.jpg 1072w\" sizes=\"(max-width: 1024px) 100vw, 1024px\" \/><figcaption class=\"wp-element-caption\">Invernessin kaupunki Skotlannissa<\/figcaption><\/figure>\n\n<h2 class=\"wp-block-heading\">V\u00e4ltt\u00e4m\u00e4tt\u00f6m\u00e4t tavarat<\/h2>\n\n<ul class=\"wp-block-list\">\n<li><a href=\"https:\/\/invernesscastle.scot\/\">Invernessin linna<\/a>: ikoninen rakennus, josta on henke\u00e4salpaavat n\u00e4kym\u00e4t Ness-joelle.<\/li>\n\n\n\n<li><a href=\"https:\/\/www.visitinvernesslochness.com\/\">Loch Ness<\/a>: Vain muutaman kilometrin p\u00e4\u00e4ss\u00e4 voit l\u00e4hte\u00e4 etsim\u00e4\u00e4n Nessiet\u00e4 ja tutkia Urquhartin linnaa.<\/li>\n\n\n\n<li><a href=\"https:\/\/www.highlifehighland.com\/inverness-museum-and-art-gallery\/\">Invernessin museo ja taidegalleria<\/a>: Tutustu Highlandsin historiaan, kulttuuriin ja perinteisiin.<\/li>\n\n\n\n<li><a href=\"https:\/\/www.visitinvernesslochness.com\/listings\/ness-islands\">Ness-saaret<\/a>: Pienet mets\u00e4iset saaret, joita yhdist\u00e4v\u00e4t sillat ja jotka sopivat erinomaisesti rauhalliseen k\u00e4velyyn.<\/li>\n\n\n\n<li><a href=\"https:\/\/invernesscathedral.org\/\">Cath\u00e9drale Saint-Andr\u00e9<\/a>: Upea goottilainen katedraali joen rannalla.<\/li>\n\n\n\n<li><a href=\"https:\/\/eden-court.co.uk\/\">Eden Court Theatre<\/a>: Dynaaminen kulttuurikeskus, joka tarjoaa esityksi\u00e4, elokuvia ja konsertteja.<\/li>\n<\/ul>\n\n<div style=\"height:10px\" aria-hidden=\"true\" class=\"wp-block-spacer\"><\/div>\n\n<h2 class=\"wp-block-heading\">Tutkittavia kaupunginosia<\/h2>\n\n<ul class=\"wp-block-list\">\n<li><strong>Kaupungin keskusta<\/strong>: Vilkas kaupunginosa, jossa on kauppoja, perinteisi\u00e4 pubeja ja ravintoloita.<\/li>\n\n\n\n<li><strong>Merkinch<\/strong>: Caledonian kanavan rannalla sijaitseva kaupunginosa, joka sopii erinomaisesti k\u00e4velyyn.<\/li>\n\n\n\n<li><strong>Kruunu<\/strong>: Rauhallinen, vehre\u00e4 asuinalue kivenheiton p\u00e4\u00e4ss\u00e4 keskustasta.<\/li>\n\n\n\n<li><strong>Southside<\/strong>: Rauhallinen alue jokirantak\u00e4velyille.<\/li>\n<\/ul>\n\n<div style=\"height:10px\" aria-hidden=\"true\" class=\"wp-block-spacer\"><\/div>\n\n<h2 class=\"wp-block-heading\">K\u00e4yt\u00e4nn\u00f6n neuvoja<\/h2>\n\n<figure class=\"wp-block-table\"><table><tbody><tr><th>Aspect<\/th><th>Yksityiskohdat<\/th><\/tr><tr><td><strong>Liikenne<\/strong><\/td><td>Helposti saavutettavissa junalla tai lentokoneella; bussit ja taksit tarjoavat paikallisliikenteen.<\/td><\/tr><tr><td><strong>Hosting<\/strong><\/td><td>Perheomisteisista B&amp;B-hotelleista nelj\u00e4n t\u00e4hden hotelleihin ja vieh\u00e4tt\u00e4viin m\u00f6kkeihin.<\/td><\/tr><tr><td><strong>Valuutta<\/strong><\/td><td>Englannin punta (\u00a3). Korttimaksut hyv\u00e4ksyt\u00e4\u00e4n laajalti. <\/td><\/tr><tr><td><strong>Kieli<\/strong><\/td><td>Englantilaiset, joilla on vahva skotlantilainen kulttuuri-identiteetti.<\/td><\/tr><tr><td><strong>S\u00e4\u00e4<\/strong><\/td><td>Ota mukaan vedenpit\u00e4v\u00e4t vaatteet, sill\u00e4 ilmasto on vaihteleva.<\/td><\/tr><\/tbody><\/table><\/figure>\n\n<h2 class=\"wp-block-heading\">Miss\u00e4 sy\u00f6d\u00e4?<\/h2>\n\n<ul class=\"wp-block-list\">\n<li><a href=\"https:\/\/www.rocpoolrestaurant.com\/\">Rocpool Restaurant<\/a>: Moderni, hienostunut keitti\u00f6 Ness-joelle p\u00e4in.<\/li>\n\n\n\n<li><a href=\"https:\/\/www.mustardseedrestaurant.co.uk\/\">The Mustard Seed<\/a>: T\u00e4m\u00e4 entisess\u00e4 kirkossa sijaitseva ravintola tarjoaa kekseli\u00e4st\u00e4 skotlantilaista ruokaa.<\/li>\n\n\n\n<li><a href=\"https:\/\/www.kitchenrestaurant.co.uk\/\">The Kitchen<\/a>: Tyylik\u00e4s ymp\u00e4rist\u00f6, jossa voit nauttia paikallisia kausiruokia.<\/li>\n\n\n\n<li><a href=\"https:\/\/www.macgregorsbars.com\/\">MacGregor&#8217;s Bar<\/a>: Nauti skotlantilaisia erikoisuuksia yst\u00e4v\u00e4llisess\u00e4 ilmapiiriss\u00e4.<\/li>\n<\/ul>\n\n<div style=\"height:10px\" aria-hidden=\"true\" class=\"wp-block-spacer\"><\/div>\n\n<h2 class=\"wp-block-heading\">Milloin sinun pit\u00e4isi l\u00e4hte\u00e4?<\/h2>\n\n<p>Invernessiss\u00e4 voi vierailla ymp\u00e4ri vuoden, mutta toukokuusta syyskuuhun on paras aika nauttia ulkoilma-aktiviteeteista t\u00e4ysill\u00e4. Kes\u00e4ll\u00e4 Yl\u00e4maahan voi tutustua poikkeuksellisen valoisissa maisemissa, kun taas syksyll\u00e4 on tarjolla n\u00e4ytt\u00e4vi\u00e4 maisemia. Talvella kaupunki muuttuu rauhallisemmaksi, mik\u00e4 sopii rauhan ja er\u00e4maisuuden yst\u00e4ville.  <\/p>\n\n<h2 class=\"wp-block-heading\">Muistettavaa Invernessiin matkustaessa<\/h2>\n\n<p>Inverness on paljon muutakin kuin vain portti Loch Nessiin: se on oma matkakohteensa, jossa yhdistyv\u00e4t luonto, historia ja kulttuuri. Edinburghiin ja Glasgow&#8217;hun verrattuna Inverness tarjoaa rauhallisemman tahdin, joka on ihanteellinen pakopaikaksi. Se on v\u00e4hemm\u00e4n urbaani kuin Lontoo tai Manchester, ja sen aitous ja ymp\u00e4rist\u00f6n raakamainen kauneus tekev\u00e4t siit\u00e4 upean vierailukohteen. Tutustu Yl\u00e4maahan Invernessist\u00e4 k\u00e4sin ja anna Pohjois-Skotlannin taikuuden lumota itsesi.   <\/p>\n","protected":false},"excerpt":{"rendered":"<p>Invernessin matkaopas Inverness, lempinimelt\u00e4\u00e4n \u201dHighlandsin p\u00e4\u00e4kaupunki\u201d, on vieh\u00e4tt\u00e4v\u00e4 skotlantilainen kaupunki maan pohjoisosassa. Se on upeiden maisemien, salaper\u00e4isten linnojen ja legendaaristen j\u00e4rvien ymp\u00e4r\u00f6im\u00e4 ihanteellinen tukikohta, josta k\u00e4sin voit tutustua yhteen Yhdistyneen kuningaskunnan villeimmist\u00e4 ja aidoimmista alueista. Miksi kannattaa vierailla Invernessiss\u00e4? Inverness vetoaa luontoa, historiaa ja rauhaa etsiviin matkailijoihin. Kaupungin viihtyis\u00e4 keskusta, Ness-joen yli kohoava linna ja [&hellip;]<\/p>\n","protected":false},"author":1,"featured_media":0,"parent":0,"menu_order":0,"comment_status":"closed","ping_status":"closed","template":"","meta":{"footnotes":""},"class_list":["post-6187","page","type-page","status-publish","hentry"],"yoast_head":"<!-- This site is optimized with the Yoast SEO plugin v27.4 - https:\/\/yoast.com\/product\/yoast-seo-wordpress\/ -->\n<title>Vieraile Invernessiss\u00e4 Skotlannissa - UK GB<\/title>\n<meta name=\"description\" content=\"Vieraile vieh\u00e4tt\u00e4v\u00e4ss\u00e4 Invernessin kaupungissa. Inverness on Highlandsin p\u00e4\u00e4kaupunki, Skotlannin kaupunki maan pohjoisosassa.\" \/>\n<meta name=\"robots\" content=\"index, follow, max-snippet:-1, max-image-preview:large, max-video-preview:-1\" \/>\n<link rel=\"canonical\" href=\"https:\/\/uk-gb.net\/fi\/vieraile-inverness-skotlannissa\/\" \/>\n<meta property=\"og:locale\" content=\"fi_FI\" \/>\n<meta property=\"og:type\" content=\"article\" \/>\n<meta property=\"og:title\" content=\"Vieraile Invernessiss\u00e4 Skotlannissa - UK GB\" \/>\n<meta property=\"og:description\" content=\"Vieraile vieh\u00e4tt\u00e4v\u00e4ss\u00e4 Invernessin kaupungissa. Inverness on Highlandsin p\u00e4\u00e4kaupunki, Skotlannin kaupunki maan pohjoisosassa.\" \/>\n<meta property=\"og:url\" content=\"https:\/\/uk-gb.net\/fi\/vieraile-inverness-skotlannissa\/\" \/>\n<meta property=\"og:site_name\" content=\"UK GB\" \/>\n<meta property=\"article:modified_time\" content=\"2025-05-22T10:39:18+00:00\" \/>\n<meta property=\"og:image\" content=\"https:\/\/uk-gb.net\/wp-content\/uploads\/2025\/05\/Inverness.jpg\" \/>\n\t<meta property=\"og:image:width\" content=\"1072\" \/>\n\t<meta property=\"og:image:height\" content=\"545\" \/>\n\t<meta property=\"og:image:type\" content=\"image\/jpeg\" \/>\n<meta name=\"twitter:card\" content=\"summary_large_image\" \/>\n<meta name=\"twitter:label1\" content=\"Arvioitu lukuaika\" \/>\n\t<meta name=\"twitter:data1\" content=\"2 minuuttia\" \/>\n<script type=\"application\/ld+json\" class=\"yoast-schema-graph\">{\"@context\":\"https:\\\/\\\/schema.org\",\"@graph\":[{\"@type\":\"WebPage\",\"@id\":\"https:\\\/\\\/uk-gb.net\\\/fi\\\/vieraile-inverness-skotlannissa\\\/\",\"url\":\"https:\\\/\\\/uk-gb.net\\\/fi\\\/vieraile-inverness-skotlannissa\\\/\",\"name\":\"Vieraile Invernessiss\u00e4 Skotlannissa - UK GB\",\"isPartOf\":{\"@id\":\"https:\\\/\\\/uk-gb.net\\\/fi\\\/#website\"},\"primaryImageOfPage\":{\"@id\":\"https:\\\/\\\/uk-gb.net\\\/fi\\\/vieraile-inverness-skotlannissa\\\/#primaryimage\"},\"image\":{\"@id\":\"https:\\\/\\\/uk-gb.net\\\/fi\\\/vieraile-inverness-skotlannissa\\\/#primaryimage\"},\"thumbnailUrl\":\"https:\\\/\\\/uk-gb.net\\\/wp-content\\\/uploads\\\/2025\\\/05\\\/Inverness-1024x521.jpg\",\"datePublished\":\"2025-05-21T13:52:45+00:00\",\"dateModified\":\"2025-05-22T10:39:18+00:00\",\"description\":\"Vieraile vieh\u00e4tt\u00e4v\u00e4ss\u00e4 Invernessin kaupungissa. Inverness on Highlandsin p\u00e4\u00e4kaupunki, Skotlannin kaupunki maan pohjoisosassa.\",\"inLanguage\":\"fi\",\"potentialAction\":[{\"@type\":\"ReadAction\",\"target\":[\"https:\\\/\\\/uk-gb.net\\\/fi\\\/vieraile-inverness-skotlannissa\\\/\"]}]},{\"@type\":\"ImageObject\",\"inLanguage\":\"fi\",\"@id\":\"https:\\\/\\\/uk-gb.net\\\/fi\\\/vieraile-inverness-skotlannissa\\\/#primaryimage\",\"url\":\"https:\\\/\\\/uk-gb.net\\\/wp-content\\\/uploads\\\/2025\\\/05\\\/Inverness-1024x521.jpg\",\"contentUrl\":\"https:\\\/\\\/uk-gb.net\\\/wp-content\\\/uploads\\\/2025\\\/05\\\/Inverness-1024x521.jpg\"},{\"@type\":\"WebSite\",\"@id\":\"https:\\\/\\\/uk-gb.net\\\/fi\\\/#website\",\"url\":\"https:\\\/\\\/uk-gb.net\\\/fi\\\/\",\"name\":\"UK GB\",\"description\":\"Travel to the UK\",\"potentialAction\":[{\"@type\":\"SearchAction\",\"target\":{\"@type\":\"EntryPoint\",\"urlTemplate\":\"https:\\\/\\\/uk-gb.net\\\/fi\\\/?s={search_term_string}\"},\"query-input\":{\"@type\":\"PropertyValueSpecification\",\"valueRequired\":true,\"valueName\":\"search_term_string\"}}],\"inLanguage\":\"fi\"}]}<\/script>\n<!-- \/ Yoast SEO plugin. -->","yoast_head_json":{"title":"Vieraile Invernessiss\u00e4 Skotlannissa - UK GB","description":"Vieraile vieh\u00e4tt\u00e4v\u00e4ss\u00e4 Invernessin kaupungissa. Inverness on Highlandsin p\u00e4\u00e4kaupunki, Skotlannin kaupunki maan pohjoisosassa.","robots":{"index":"index","follow":"follow","max-snippet":"max-snippet:-1","max-image-preview":"max-image-preview:large","max-video-preview":"max-video-preview:-1"},"canonical":"https:\/\/uk-gb.net\/fi\/vieraile-inverness-skotlannissa\/","og_locale":"fi_FI","og_type":"article","og_title":"Vieraile Invernessiss\u00e4 Skotlannissa - UK GB","og_description":"Vieraile vieh\u00e4tt\u00e4v\u00e4ss\u00e4 Invernessin kaupungissa. Inverness on Highlandsin p\u00e4\u00e4kaupunki, Skotlannin kaupunki maan pohjoisosassa.","og_url":"https:\/\/uk-gb.net\/fi\/vieraile-inverness-skotlannissa\/","og_site_name":"UK GB","article_modified_time":"2025-05-22T10:39:18+00:00","og_image":[{"width":1072,"height":545,"url":"https:\/\/uk-gb.net\/wp-content\/uploads\/2025\/05\/Inverness.jpg","type":"image\/jpeg"}],"twitter_card":"summary_large_image","twitter_misc":{"Arvioitu lukuaika":"2 minuuttia"},"schema":{"@context":"https:\/\/schema.org","@graph":[{"@type":"WebPage","@id":"https:\/\/uk-gb.net\/fi\/vieraile-inverness-skotlannissa\/","url":"https:\/\/uk-gb.net\/fi\/vieraile-inverness-skotlannissa\/","name":"Vieraile Invernessiss\u00e4 Skotlannissa - UK GB","isPartOf":{"@id":"https:\/\/uk-gb.net\/fi\/#website"},"primaryImageOfPage":{"@id":"https:\/\/uk-gb.net\/fi\/vieraile-inverness-skotlannissa\/#primaryimage"},"image":{"@id":"https:\/\/uk-gb.net\/fi\/vieraile-inverness-skotlannissa\/#primaryimage"},"thumbnailUrl":"https:\/\/uk-gb.net\/wp-content\/uploads\/2025\/05\/Inverness-1024x521.jpg","datePublished":"2025-05-21T13:52:45+00:00","dateModified":"2025-05-22T10:39:18+00:00","description":"Vieraile vieh\u00e4tt\u00e4v\u00e4ss\u00e4 Invernessin kaupungissa. Inverness on Highlandsin p\u00e4\u00e4kaupunki, Skotlannin kaupunki maan pohjoisosassa.","inLanguage":"fi","potentialAction":[{"@type":"ReadAction","target":["https:\/\/uk-gb.net\/fi\/vieraile-inverness-skotlannissa\/"]}]},{"@type":"ImageObject","inLanguage":"fi","@id":"https:\/\/uk-gb.net\/fi\/vieraile-inverness-skotlannissa\/#primaryimage","url":"https:\/\/uk-gb.net\/wp-content\/uploads\/2025\/05\/Inverness-1024x521.jpg","contentUrl":"https:\/\/uk-gb.net\/wp-content\/uploads\/2025\/05\/Inverness-1024x521.jpg"},{"@type":"WebSite","@id":"https:\/\/uk-gb.net\/fi\/#website","url":"https:\/\/uk-gb.net\/fi\/","name":"UK GB","description":"Travel to the UK","potentialAction":[{"@type":"SearchAction","target":{"@type":"EntryPoint","urlTemplate":"https:\/\/uk-gb.net\/fi\/?s={search_term_string}"},"query-input":{"@type":"PropertyValueSpecification","valueRequired":true,"valueName":"search_term_string"}}],"inLanguage":"fi"}]}},"_links":{"self":[{"href":"https:\/\/uk-gb.net\/fi\/wp-json\/wp\/v2\/pages\/6187","targetHints":{"allow":["GET"]}}],"collection":[{"href":"https:\/\/uk-gb.net\/fi\/wp-json\/wp\/v2\/pages"}],"about":[{"href":"https:\/\/uk-gb.net\/fi\/wp-json\/wp\/v2\/types\/page"}],"author":[{"embeddable":true,"href":"https:\/\/uk-gb.net\/fi\/wp-json\/wp\/v2\/users\/1"}],"replies":[{"embeddable":true,"href":"https:\/\/uk-gb.net\/fi\/wp-json\/wp\/v2\/comments?post=6187"}],"version-history":[{"count":0,"href":"https:\/\/uk-gb.net\/fi\/wp-json\/wp\/v2\/pages\/6187\/revisions"}],"wp:attachment":[{"href":"https:\/\/uk-gb.net\/fi\/wp-json\/wp\/v2\/media?parent=6187"}],"curies":[{"name":"wp","href":"https:\/\/api.w.org\/{rel}","templated":true}]}}