{"id":5376,"date":"2025-03-11T07:41:33","date_gmt":"2025-03-11T07:41:33","guid":{"rendered":"https:\/\/uk-gb.net\/belfast\/"},"modified":"2025-07-17T15:59:08","modified_gmt":"2025-07-17T14:59:08","slug":"belfast","status":"publish","type":"page","link":"https:\/\/uk-gb.net\/fi\/belfast\/","title":{"rendered":"Belfastin kaupunki Pohjois-Irlannissa"},"content":{"rendered":"\n<h1 class=\"wp-block-heading\">Vieraile Pohjois-Irlannin p\u00e4\u00e4kaupungissa Belfastissa<\/h1>\n\n<p>Belfast, Pohjois-Irlannin elinvoimainen p\u00e4\u00e4kaupunki, on keskell\u00e4 muutosta oleva kaupunki, jossa yhdistyv\u00e4t teollinen perint\u00f6, nykykulttuuri ja merimaisemat. Pitk\u00e4\u00e4n menneisyyden konfliktien leimaama kaupunki on nyky\u00e4\u00e4n vakiinnuttanut asemansa dynaamisena matkailukohteena, jolla on runsaasti historiaa, taidetta ja vieraanvaraisuutta. <\/p>\n\n<figure class=\"wp-block-image size-large\"><img fetchpriority=\"high\" decoding=\"async\" width=\"1044\" height=\"410\" src=\"https:\/\/uk-gb.net\/wp-content\/uploads\/2025\/03\/Belfast-e1748001959444.jpg\" alt=\"\" class=\"wp-image-5393\" srcset=\"https:\/\/uk-gb.net\/wp-content\/uploads\/2025\/03\/Belfast-e1748001959444.jpg 1044w, https:\/\/uk-gb.net\/wp-content\/uploads\/2025\/03\/Belfast-e1748001959444-300x118.jpg 300w, https:\/\/uk-gb.net\/wp-content\/uploads\/2025\/03\/Belfast-e1748001959444-1024x402.jpg 1024w, https:\/\/uk-gb.net\/wp-content\/uploads\/2025\/03\/Belfast-e1748001959444-768x302.jpg 768w\" sizes=\"(max-width: 1044px) 100vw, 1044px\" \/><figcaption class=\"wp-element-caption\">Kuva Belfastin satamasta<\/figcaption><\/figure>\n\n<h2 class=\"wp-block-heading\">Miksi Belfastissa kannattaa vierailla?<\/h2>\n\n<p>Belfastissa on ainutlaatuinen sekoitus historiaa, luovaa energiaa ja inhimillist\u00e4 l\u00e4mp\u00f6\u00e4. Kaupunki, jonka entiset telakat on muutettu kulttuurikohteiksi, jonka sein\u00e4maalaukset ovat t\u00e4ynn\u00e4 muistoja ja jonka ilmapiiri on yst\u00e4v\u00e4llinen, tarjoaa kiehtovan matkan Pohjois-Irlannin syd\u00e4meen. Saavutettavissa ja inhimillisess\u00e4 mittakaavassa, se on my\u00f6s ihanteellinen l\u00e4ht\u00f6kohta Giant&#8217;s Causewayn tai Antrimin rannikon tutkimiseen.  <\/p>\n\n<h2 class=\"wp-block-heading\">V\u00e4ltt\u00e4m\u00e4tt\u00f6m\u00e4t tavarat<\/h2>\n\n<ul class=\"wp-block-list\">\n<li><a href=\"https:\/\/www.titanicbelfast.com\/\">Titanic Belfast<\/a>: Interaktiivinen keskus, joka kertoo Belfastissa rakennetun kuuluisan valtamerialuksen tarinan.<\/li>\n\n\n\n<li><a href=\"https:\/\/www.belfastcity.gov.uk\/Things-to-Do\/City-Hall\">Kaupungintalo<\/a>: Belfastin syd\u00e4mess\u00e4 sijaitseva mahtava kaupungintalo, jossa on upeaa viktoriaanista arkkitehtuuria.<\/li>\n\n\n\n<li><a href=\"https:\/\/www.crumlinroadgaol.com\/\">Crumlin Road Gaol<\/a>: entinen vankila, josta on tullut museo ja 1900-luvun poliittisten mullistusten todistaja.<\/li>\n\n\n\n<li><a href=\"https:\/\/www.ireland.com\/en-us\/things-to-do\/attractions\/st-georges-market\/\">Pyh\u00e4n Yrj\u00f6n markkinat <\/a>  Historialliset katetut markkinat, ihanteellinen paikka maistella paikallisia erikoisuuksia ja tutustua k\u00e4sit\u00f6ihin.<\/li>\n\n\n\n<li><a href=\"https:\/\/www.ulstermuseum.org\/\">Kasvitieteellinen puutarha ja Ulsterin museo<\/a>: t\u00e4ydellinen yhdistelm\u00e4 luontok\u00e4velyyn ja Pohjois-Irlannin historiaan tutustumiseen.<\/li>\n\n\n\n<li><a href=\"https:\/\/www.irlanda.net\/fr\/destinations\/nord\/belfast\/que-faire-belfast\/peintures-murales-belfast\/\">Rauhan muurit ja sein\u00e4maalaukset<\/a>: kaupungin poliittista historiaa kuvaavat vertauskuvalliset sein\u00e4maalaukset.<\/li>\n<\/ul>\n\n<div style=\"height:20px\" aria-hidden=\"true\" class=\"wp-block-spacer\"><\/div>\n\n<h2 class=\"wp-block-heading\">Tutkittavia kaupunginosia<\/h2>\n\n<ul class=\"wp-block-list\">\n<li><strong>Katedraalikortteli<\/strong>: Trendik\u00e4s kulttuurikortteli, joka on tunnettu katutaiteestaan, pubeistaan ja festivaaleistaan.<\/li>\n\n\n\n<li><strong>Titanic Quarter<\/strong>: Merivoimien historian ymp\u00e4rille kehitetty alue, jossa on museoita ja jokirantak\u00e4velyj\u00e4.<\/li>\n\n\n\n<li><strong>Queen \u201ds Quarter<\/strong>: vilkas opiskelijakortteli Queen\u201d s Universityn ymp\u00e4rill\u00e4, jossa on kahviloita ja viheralueita.<\/li>\n\n\n\n<li><strong>Lisburn Road<\/strong>: Ihanteellinen paikka ostoksille, brunssille ja tyylikk\u00e4\u00e4seen asuinymp\u00e4rist\u00f6\u00f6n.<\/li>\n<\/ul>\n\n<div style=\"height:20px\" aria-hidden=\"true\" class=\"wp-block-spacer\"><\/div>\n\n<h2 class=\"wp-block-heading\">K\u00e4yt\u00e4nn\u00f6n neuvoja<\/h2>\n\n<figure class=\"wp-block-table\"><table><tbody><tr><td><strong>Liikenne<\/strong><\/td><td>Belfastissa on hyv\u00e4t bussiyhteydet ja useita taksitolppia.<\/td><\/tr><tr><td><strong>Hosting<\/strong><\/td><td>Lukuisia hotelleja ja B&amp;B-hotelleja keskustasta rauhallisempiin kaupunginosiin.<\/td><\/tr><tr><td><strong>Valuutta<\/strong><\/td><td>Englannin punta (\u00a3), Pohjois-Irlannin setelit hyv\u00e4ksyt\u00e4\u00e4n.<\/td><\/tr><tr><td><strong>Kieli<\/strong><\/td><td>Englanti, joissakin kylteiss\u00e4 irlantia.<\/td><\/tr><tr><td><strong>S\u00e4\u00e4<\/strong><\/td><td>Viile\u00e4 valtameri-ilmasto; k\u00e4yt\u00e4 tuulitakkeja ymp\u00e4ri vuoden.<\/td><\/tr><tr><td><strong>Muodollisuudet<\/strong><\/td><td><a href=\"https:\/\/uk-gb.net\/fi\/viisumi-uk\/\">Yhdistyneen kuningaskunnan maahantulomuodollisuudet<\/a> ovat muuttuneet, joten tarkista asia etuk\u00e4teen.<\/td><\/tr><\/tbody><\/table><\/figure>\n\n<h2 class=\"wp-block-heading\">Miss\u00e4 sy\u00f6d\u00e4?<\/h2>\n\n<ul class=\"wp-block-list\">\n<li><a href=\"https:\/\/oxbelfast.com\/\">Ox<\/a>: Michelin-t\u00e4hdell\u00e4 palkittu ravintola, joka tarjoaa modernia ja paikallista ruokaa.<\/li>\n\n\n\n<li><a href=\"https:\/\/www.mourneseafood.com\/restaurants\/belfast\/\">Mourne Seafood Bar<\/a>: Tunnettu tuoreista merenel\u00e4vist\u00e4 ja runsaista annoksistaan.<\/li>\n\n\n\n<li><a href=\"https:\/\/www.nicholsonspubs.co.uk\/restaurants\/scotlandandnorthernireland\/thecrownliquorsaloonbelfast\">The Crown Liquor Saloon<\/a>: Perim\u00e4luetteloon merkitty pubi, jonka viktoriaaninen vieh\u00e4tysvoima on erehtym\u00e4t\u00f6n.<\/li>\n\n\n\n<li><a href=\"https:\/\/established.coffee\/\">Established Coffee<\/a>: Suosittu osoite k\u00e4sity\u00f6kahviensa ja gourmet-brunssiensa vuoksi.<\/li>\n<\/ul>\n\n<div style=\"height:10px\" aria-hidden=\"true\" class=\"wp-block-spacer\"><\/div>\n\n<h2 class=\"wp-block-heading\">Milloin sinun pit\u00e4isi l\u00e4hte\u00e4?<\/h2>\n\n<p>Belfastissa voi vierailla ymp\u00e4ri vuoden, mutta huhtikuusta syyskuuhun on paras s\u00e4\u00e4 tutustua kaupunkiin k\u00e4vellen tai py\u00f6r\u00e4ll\u00e4. Kes\u00e4 on ulkoilmafestivaalien ja -tapahtumien aikaa, kun taas syksyll\u00e4 julkiset puutarhat paljastavat kauniita s\u00e4vyj\u00e4. Talvella kaupunki on koristeltu valoilla ja juhlallisilla markkinoilla.  <\/p>\n\n<h2 class=\"wp-block-heading\">Mit\u00e4 muodollisuuksia Belfastissa vierailuun liittyy?<\/h2>\n\n<p>Euroopan unionin, Yhdysvaltojen, Kanadan ja monien muiden maiden kansalaisten on nyt hankittava <a href=\"https:\/\/uk-gb.net\/fi\/eta-englanti-iso-britannia\/\">ETA-viisumi<\/a>, jos heill\u00e4 ei ole viisumia Englantiin.<\/p>\n\n<p>ETA-hakemusta voi hakea verkossa tai <a href=\"https:\/\/uk-gb.net\/fi\/iphone-hakemus-eta-viisumi-englantiin\/\">Yhdistyneen kuningaskunnan virallisen ETA-hakemuksen<\/a> kautta. ETA on voimassa lyhytaikaista matkailijan oleskelua varten, ja sit\u00e4 voi hakea vain verkossa <a href=\"https:\/\/www.gov.uk\/\">gov.uk-sivuston<\/a> kautta. T\u00e4m\u00e4 ei koske Irlannin kansalaisia, Yhdistyneess\u00e4 kuningaskunnassa asuvia henkil\u00f6it\u00e4 eik\u00e4 voimassa olevan viisumin haltijoita.  <\/p>\n\n<h2 class=\"wp-block-heading\">P\u00e4\u00e4telm\u00e4<\/h2>\n\n<p><a href=\"https:\/\/visitbelfast.com\/\">Belfastissa<\/a> yhdistyv\u00e4t historiallinen perint\u00f6, kulttuurinen dynamiikka ja l\u00e4mmin vieraanvaraisuus. Verrattuna muihin brittil\u00e4isiin suurkaupunkeihin, kuten kosmopoliittisen vilkkaaseen <a href=\"https:\/\/uk-gb.net\/fi\/lontoo\/\">Lontooseen<\/a> tai kansainv\u00e4lisist\u00e4 festivaaleistaan tunnettuun Edinburghiin, Belfast erottuu edukseen autenttisuudellaan ja ainutlaatuisella merellisell\u00e4 perinn\u00f6llisyydell\u00e4\u00e4n. <\/p>\n\n<p>Toisin kuin <a href=\"https:\/\/uk-gb.net\/fi\/manchester\/\">Manchester<\/a> ja <a href=\"https:\/\/uk-gb.net\/fi\/liverpool\/\">Liverpool<\/a>, jotka ovat kuuluisia musiikki- ja jalkapallokohtauksistaan, Belfastin vieh\u00e4tysvoima on sen rannikkomaisemissa ja intiimiss\u00e4 ilmapiiriss\u00e4. Kun vierailet Belfastissa, voit tutustua kaupunkiin, joka on keskell\u00e4 renessanssia ja tarjoaa unohtumattoman kokemuksen, jossa yhdistyv\u00e4t perinteet ja nykyaikaisuus. <\/p>\n","protected":false},"excerpt":{"rendered":"<p>Vieraile Pohjois-Irlannin p\u00e4\u00e4kaupungissa Belfastissa Belfast, Pohjois-Irlannin elinvoimainen p\u00e4\u00e4kaupunki, on keskell\u00e4 muutosta oleva kaupunki, jossa yhdistyv\u00e4t teollinen perint\u00f6, nykykulttuuri ja merimaisemat. Pitk\u00e4\u00e4n menneisyyden konfliktien leimaama kaupunki on nyky\u00e4\u00e4n vakiinnuttanut asemansa dynaamisena matkailukohteena, jolla on runsaasti historiaa, taidetta ja vieraanvaraisuutta. Miksi Belfastissa kannattaa vierailla? Belfastissa on ainutlaatuinen sekoitus historiaa, luovaa energiaa ja inhimillist\u00e4 l\u00e4mp\u00f6\u00e4. Kaupunki, jonka entiset [&hellip;]<\/p>\n","protected":false},"author":1,"featured_media":0,"parent":0,"menu_order":0,"comment_status":"closed","ping_status":"closed","template":"","meta":{"footnotes":""},"class_list":["post-5376","page","type-page","status-publish","hentry"],"yoast_head":"<!-- This site is optimized with the Yoast SEO plugin v27.4 - https:\/\/yoast.com\/product\/yoast-seo-wordpress\/ -->\n<title>Belfastin kaupunki Pohjois-Irlannissa - UK GB<\/title>\n<meta name=\"description\" content=\"Tutustu Belfastiin, Pohjois-Irlannin p\u00e4\u00e4kaupunkiin, kaupunkiin, jossa yhdistyv\u00e4t teollinen perint\u00f6, nykykulttuuri ja merimaisemat.\" \/>\n<meta name=\"robots\" content=\"index, follow, max-snippet:-1, max-image-preview:large, max-video-preview:-1\" \/>\n<link rel=\"canonical\" href=\"https:\/\/uk-gb.net\/fi\/belfast\/\" \/>\n<meta property=\"og:locale\" content=\"fi_FI\" \/>\n<meta property=\"og:type\" content=\"article\" \/>\n<meta property=\"og:title\" content=\"Belfastin kaupunki Pohjois-Irlannissa - UK GB\" \/>\n<meta property=\"og:description\" content=\"Tutustu Belfastiin, Pohjois-Irlannin p\u00e4\u00e4kaupunkiin, kaupunkiin, jossa yhdistyv\u00e4t teollinen perint\u00f6, nykykulttuuri ja merimaisemat.\" \/>\n<meta property=\"og:url\" content=\"https:\/\/uk-gb.net\/fi\/belfast\/\" \/>\n<meta property=\"og:site_name\" content=\"UK GB\" \/>\n<meta property=\"article:modified_time\" content=\"2025-07-17T14:59:08+00:00\" \/>\n<meta property=\"og:image\" content=\"https:\/\/uk-gb.net\/wp-content\/uploads\/2025\/03\/Belfast-e1748001959444.jpg\" \/>\n\t<meta property=\"og:image:width\" content=\"1044\" \/>\n\t<meta property=\"og:image:height\" content=\"410\" \/>\n\t<meta property=\"og:image:type\" content=\"image\/jpeg\" \/>\n<meta name=\"twitter:card\" content=\"summary_large_image\" \/>\n<meta name=\"twitter:label1\" content=\"Arvioitu lukuaika\" \/>\n\t<meta name=\"twitter:data1\" content=\"3 minuuttia\" \/>\n<script type=\"application\/ld+json\" class=\"yoast-schema-graph\">{\"@context\":\"https:\\\/\\\/schema.org\",\"@graph\":[{\"@type\":\"WebPage\",\"@id\":\"https:\\\/\\\/uk-gb.net\\\/fi\\\/belfast\\\/\",\"url\":\"https:\\\/\\\/uk-gb.net\\\/fi\\\/belfast\\\/\",\"name\":\"Belfastin kaupunki Pohjois-Irlannissa - UK GB\",\"isPartOf\":{\"@id\":\"https:\\\/\\\/uk-gb.net\\\/fi\\\/#website\"},\"primaryImageOfPage\":{\"@id\":\"https:\\\/\\\/uk-gb.net\\\/fi\\\/belfast\\\/#primaryimage\"},\"image\":{\"@id\":\"https:\\\/\\\/uk-gb.net\\\/fi\\\/belfast\\\/#primaryimage\"},\"thumbnailUrl\":\"https:\\\/\\\/uk-gb.net\\\/wp-content\\\/uploads\\\/2025\\\/03\\\/Belfast-e1748001959444.jpg\",\"datePublished\":\"2025-03-11T07:41:33+00:00\",\"dateModified\":\"2025-07-17T14:59:08+00:00\",\"description\":\"Tutustu Belfastiin, Pohjois-Irlannin p\u00e4\u00e4kaupunkiin, kaupunkiin, jossa yhdistyv\u00e4t teollinen perint\u00f6, nykykulttuuri ja merimaisemat.\",\"inLanguage\":\"fi\",\"potentialAction\":[{\"@type\":\"ReadAction\",\"target\":[\"https:\\\/\\\/uk-gb.net\\\/fi\\\/belfast\\\/\"]}]},{\"@type\":\"ImageObject\",\"inLanguage\":\"fi\",\"@id\":\"https:\\\/\\\/uk-gb.net\\\/fi\\\/belfast\\\/#primaryimage\",\"url\":\"https:\\\/\\\/uk-gb.net\\\/wp-content\\\/uploads\\\/2025\\\/03\\\/Belfast-e1748001959444.jpg\",\"contentUrl\":\"https:\\\/\\\/uk-gb.net\\\/wp-content\\\/uploads\\\/2025\\\/03\\\/Belfast-e1748001959444.jpg\"},{\"@type\":\"WebSite\",\"@id\":\"https:\\\/\\\/uk-gb.net\\\/fi\\\/#website\",\"url\":\"https:\\\/\\\/uk-gb.net\\\/fi\\\/\",\"name\":\"UK GB\",\"description\":\"Travel to the UK\",\"potentialAction\":[{\"@type\":\"SearchAction\",\"target\":{\"@type\":\"EntryPoint\",\"urlTemplate\":\"https:\\\/\\\/uk-gb.net\\\/fi\\\/?s={search_term_string}\"},\"query-input\":{\"@type\":\"PropertyValueSpecification\",\"valueRequired\":true,\"valueName\":\"search_term_string\"}}],\"inLanguage\":\"fi\"}]}<\/script>\n<!-- \/ Yoast SEO plugin. -->","yoast_head_json":{"title":"Belfastin kaupunki Pohjois-Irlannissa - UK GB","description":"Tutustu Belfastiin, Pohjois-Irlannin p\u00e4\u00e4kaupunkiin, kaupunkiin, jossa yhdistyv\u00e4t teollinen perint\u00f6, nykykulttuuri ja merimaisemat.","robots":{"index":"index","follow":"follow","max-snippet":"max-snippet:-1","max-image-preview":"max-image-preview:large","max-video-preview":"max-video-preview:-1"},"canonical":"https:\/\/uk-gb.net\/fi\/belfast\/","og_locale":"fi_FI","og_type":"article","og_title":"Belfastin kaupunki Pohjois-Irlannissa - UK GB","og_description":"Tutustu Belfastiin, Pohjois-Irlannin p\u00e4\u00e4kaupunkiin, kaupunkiin, jossa yhdistyv\u00e4t teollinen perint\u00f6, nykykulttuuri ja merimaisemat.","og_url":"https:\/\/uk-gb.net\/fi\/belfast\/","og_site_name":"UK GB","article_modified_time":"2025-07-17T14:59:08+00:00","og_image":[{"width":1044,"height":410,"url":"https:\/\/uk-gb.net\/wp-content\/uploads\/2025\/03\/Belfast-e1748001959444.jpg","type":"image\/jpeg"}],"twitter_card":"summary_large_image","twitter_misc":{"Arvioitu lukuaika":"3 minuuttia"},"schema":{"@context":"https:\/\/schema.org","@graph":[{"@type":"WebPage","@id":"https:\/\/uk-gb.net\/fi\/belfast\/","url":"https:\/\/uk-gb.net\/fi\/belfast\/","name":"Belfastin kaupunki Pohjois-Irlannissa - UK GB","isPartOf":{"@id":"https:\/\/uk-gb.net\/fi\/#website"},"primaryImageOfPage":{"@id":"https:\/\/uk-gb.net\/fi\/belfast\/#primaryimage"},"image":{"@id":"https:\/\/uk-gb.net\/fi\/belfast\/#primaryimage"},"thumbnailUrl":"https:\/\/uk-gb.net\/wp-content\/uploads\/2025\/03\/Belfast-e1748001959444.jpg","datePublished":"2025-03-11T07:41:33+00:00","dateModified":"2025-07-17T14:59:08+00:00","description":"Tutustu Belfastiin, Pohjois-Irlannin p\u00e4\u00e4kaupunkiin, kaupunkiin, jossa yhdistyv\u00e4t teollinen perint\u00f6, nykykulttuuri ja merimaisemat.","inLanguage":"fi","potentialAction":[{"@type":"ReadAction","target":["https:\/\/uk-gb.net\/fi\/belfast\/"]}]},{"@type":"ImageObject","inLanguage":"fi","@id":"https:\/\/uk-gb.net\/fi\/belfast\/#primaryimage","url":"https:\/\/uk-gb.net\/wp-content\/uploads\/2025\/03\/Belfast-e1748001959444.jpg","contentUrl":"https:\/\/uk-gb.net\/wp-content\/uploads\/2025\/03\/Belfast-e1748001959444.jpg"},{"@type":"WebSite","@id":"https:\/\/uk-gb.net\/fi\/#website","url":"https:\/\/uk-gb.net\/fi\/","name":"UK GB","description":"Travel to the UK","potentialAction":[{"@type":"SearchAction","target":{"@type":"EntryPoint","urlTemplate":"https:\/\/uk-gb.net\/fi\/?s={search_term_string}"},"query-input":{"@type":"PropertyValueSpecification","valueRequired":true,"valueName":"search_term_string"}}],"inLanguage":"fi"}]}},"_links":{"self":[{"href":"https:\/\/uk-gb.net\/fi\/wp-json\/wp\/v2\/pages\/5376","targetHints":{"allow":["GET"]}}],"collection":[{"href":"https:\/\/uk-gb.net\/fi\/wp-json\/wp\/v2\/pages"}],"about":[{"href":"https:\/\/uk-gb.net\/fi\/wp-json\/wp\/v2\/types\/page"}],"author":[{"embeddable":true,"href":"https:\/\/uk-gb.net\/fi\/wp-json\/wp\/v2\/users\/1"}],"replies":[{"embeddable":true,"href":"https:\/\/uk-gb.net\/fi\/wp-json\/wp\/v2\/comments?post=5376"}],"version-history":[{"count":0,"href":"https:\/\/uk-gb.net\/fi\/wp-json\/wp\/v2\/pages\/5376\/revisions"}],"wp:attachment":[{"href":"https:\/\/uk-gb.net\/fi\/wp-json\/wp\/v2\/media?parent=5376"}],"curies":[{"name":"wp","href":"https:\/\/api.w.org\/{rel}","templated":true}]}}