{"id":5165,"date":"2025-01-29T16:47:28","date_gmt":"2025-01-29T16:47:28","guid":{"rendered":"https:\/\/uk-gb.net\/cardiff\/"},"modified":"2025-12-28T13:14:47","modified_gmt":"2025-12-28T13:14:47","slug":"cardiff","status":"publish","type":"page","link":"https:\/\/uk-gb.net\/fi\/cardiff\/","title":{"rendered":"Cardiffin kaupungin matkaopas"},"content":{"rendered":"\n<h1 class=\"wp-block-heading\">Vieraile Cardiffissa Walesissa<\/h1>\n\n<p>Walesin p\u00e4\u00e4kaupunki Cardiff on dynaaminen ja viihtyis\u00e4 kaupunki, jossa yhdistyv\u00e4t historia, kulttuuri ja nykyaikaisuus. Se sijaitsee maan etel\u00e4rannikolla ja on kuuluisa keskiaikaisesta linnastaan, vilkkaasta rantakadustaan ja lukuisista kulttuuritapahtumista. Cardiff on ihanteellinen kohde l\u00f6yt\u00f6rikkaalle kaupunkilomalle.  <\/p>\n\n<h2 class=\"wp-block-heading\">Miksi Cardiffissa kannattaa vierailla?<\/h2>\n\n<p>Cardiff tarjoaa kiehtovan sekoituksen historiallista perint\u00f6\u00e4 ja nykyajan dynaamisuutta. Kiehtovien museoidensa, vehreiden puistojensa ja vilkkaan musiikkiel\u00e4m\u00e4ns\u00e4 ansiosta kaupunki vetoaa niin historian yst\u00e4viin kuin urheilun ja ruoan yst\u00e4viinkin. Yst\u00e4v\u00e4llinen ilmapiiri tekee kaupungista miellytt\u00e4v\u00e4n matkakohteen kaikkina vuodenaikoina.  <\/p>\n\n<figure class=\"wp-block-image size-large\"><img fetchpriority=\"high\" decoding=\"async\" width=\"1158\" height=\"367\" src=\"https:\/\/uk-gb.net\/wp-content\/uploads\/2025\/01\/cardiff-e1748002153120.jpg\" alt=\"\" class=\"wp-image-5141\" srcset=\"https:\/\/uk-gb.net\/wp-content\/uploads\/2025\/01\/cardiff-e1748002153120.jpg 1158w, https:\/\/uk-gb.net\/wp-content\/uploads\/2025\/01\/cardiff-e1748002153120-300x95.jpg 300w, https:\/\/uk-gb.net\/wp-content\/uploads\/2025\/01\/cardiff-e1748002153120-1024x325.jpg 1024w, https:\/\/uk-gb.net\/wp-content\/uploads\/2025\/01\/cardiff-e1748002153120-768x243.jpg 768w\" sizes=\"(max-width: 1158px) 100vw, 1158px\" \/><figcaption class=\"wp-element-caption\">Kuva Cardiff Bayst\u00e4<\/figcaption><\/figure>\n\n<div style=\"height:10px\" aria-hidden=\"true\" class=\"wp-block-spacer\"><\/div>\n\n<h2 class=\"wp-block-heading\">V\u00e4ltt\u00e4m\u00e4tt\u00f6m\u00e4t tavarat<\/h2>\n\n<ul class=\"wp-block-list\">\n<li><a href=\"https:\/\/www.cardiffcastle.com\/\">Cardiffin linna<\/a>: Vaikuttava keskiaikainen linnoitus kaupungin syd\u00e4mess\u00e4.<\/li>\n\n\n\n<li><a href=\"https:\/\/www.principalitystadium.wales\/\">Principality Stadium<\/a>: ikoninen rugby-otteluiden ja konserttien pitopaikka.<\/li>\n\n\n\n<li><a href=\"https:\/\/www.cardiffbay.co.uk\/\">Cardiff Bay<\/a>: Ranta-alue, jossa on ravintoloita, museoita ja moderneja n\u00e4ht\u00e4vyyksi\u00e4.<\/li>\n\n\n\n<li><a href=\"https:\/\/museum.wales\/cardiff\/\">Cardiffin kansallismuseo<\/a>: Kiehtova museo, jossa yhdistyv\u00e4t taide, arkeologia ja luonnonhistoria.<\/li>\n\n\n\n<li><a href=\"https:\/\/bute-park.com\/\">Bute Park<\/a>: Laaja viheralue, joka sopii erinomaisesti k\u00e4velyyn tai piknikille.<\/li>\n\n\n\n<li><a href=\"https:\/\/museum.wales\/stfagans\/\">St. Fagansin kansallinen historiallinen museo <\/a>  Walesin historiaa esittelev\u00e4 ulkoilmamuseo.<\/li>\n<\/ul>\n\n<div style=\"height:10px\" aria-hidden=\"true\" class=\"wp-block-spacer\"><\/div>\n\n<h2 class=\"wp-block-heading\">Tutkittavia kaupunginosia<\/h2>\n\n<ul class=\"wp-block-list\">\n<li><strong>Kaupungin keskusta<\/strong>: Keskusta: Kaupungin vilkas syd\u00e4n, ihanteellinen ostos- ja ruokailumahdollisuus.<\/li>\n\n\n\n<li><strong>Cardiff Bay<\/strong>: Moderni kaupunginosa, jossa on kulttuurin\u00e4ht\u00e4vyyksi\u00e4 ja rantak\u00e4velyj\u00e4.<\/li>\n\n\n\n<li><strong>Pontcanna<\/strong>: Tyylik\u00e4s asuinalue, jossa on rento tunnelma ja viihtyisi\u00e4 kahviloita.<\/li>\n\n\n\n<li><strong>Roath<\/strong>: tunnettu suuresta puistostaan ja boheemista ilmapiirist\u00e4\u00e4n.<\/li>\n<\/ul>\n\n<div style=\"height:10px\" aria-hidden=\"true\" class=\"wp-block-spacer\"><\/div>\n\n<h2 class=\"wp-block-heading\">K\u00e4yt\u00e4nn\u00f6n neuvoja<\/h2>\n\n<figure class=\"wp-block-table\"><table><tbody><tr><th>Aspect<\/th><th>Yksityiskohdat<\/th><\/tr><tr><td><strong>Liikenne<\/strong><\/td><td>Cardiffiin on hyv\u00e4t juna- ja bussiyhteydet, ja kaupungin keskusta on helpon k\u00e4velymatkan p\u00e4\u00e4ss\u00e4.<\/td><\/tr><tr><td><strong>Hosting<\/strong><\/td><td>Vaihtoehdot vaihtelevat luksushotelleista edullisiin hostelleihin.<\/td><\/tr><tr><td><strong>Valuutta<\/strong><\/td><td>Englannin punta (\u00a3). Koskettamattomat maksut hyv\u00e4ksyt\u00e4\u00e4n laajalti. <\/td><\/tr><tr><td><strong>Kieli<\/strong><\/td><td>Englanti ja walesin kieli.<\/td><\/tr><tr><td><strong>S\u00e4\u00e4<\/strong><\/td><td>Meri-ilmasto, joten ota sateenvarjo mukaan, jos sataa usein.<\/td><\/tr><tr><td><strong>Muodollisuudet<\/strong><\/td><td>Saatat tarvita <a href=\"https:\/\/uk-gb.net\/fi\/viisumi-cardiffiin\/\">Cardiffin viisumin<\/a> matkustaaksesi Walesiin.<\/td><\/tr><\/tbody><\/table><\/figure>\n\n<div style=\"height:10px\" aria-hidden=\"true\" class=\"wp-block-spacer\"><\/div>\n\n<h2 class=\"wp-block-heading\">Miss\u00e4 sy\u00f6d\u00e4?<\/h2>\n\n<ul class=\"wp-block-list\">\n<li><a href=\"https:\/\/www.thepottedpig.com\/\">The Potted Pig<\/a>: Tyylik\u00e4s ravintola, jossa tarjoillaan walesilaista ruokaa.<\/li>\n\n\n\n<li><a href=\"https:\/\/www.chapel1877.com\/\">Chapel 1877<\/a>: Ainutlaatuinen paikka entisess\u00e4 kappelissa, joka on muutettu hienostuneeksi ravintolaksi.<\/li>\n\n\n\n<li><a href=\"https:\/\/www.barkerteahouse.com\/\">Barker Tea House<\/a>: T\u00e4ydellinen paikka tyypillisen brittil\u00e4isen iltap\u00e4iv\u00e4teen nauttimiseen.<\/li>\n\n\n\n<li><a href=\"https:\/\/www.walesonline.co.uk\/whats-on\/whats-on-news\/hmp-cardiffs-clink-restaurant-shut-24948267\">The Clink<\/a>: Sosiaalisesti vastuullinen ravintola, jossa tarjoillaan maukkaita ruokia, jotka kuntoutuksessa olevat vangit ovat valmistaneet.<\/li>\n\n\n\n<li><a href=\"https:\/\/www.instagram.com\/milgicardiff\/?hl=en\">Milgi<\/a>: Erinomainen valinta kasvisruoan ja luomuruoan yst\u00e4ville.<\/li>\n<\/ul>\n\n<div style=\"height:10px\" aria-hidden=\"true\" class=\"wp-block-spacer\"><\/div>\n\n<h2 class=\"wp-block-heading\">Milloin sinun pit\u00e4isi l\u00e4hte\u00e4?<\/h2>\n\n<p>Cardiffissa on miellytt\u00e4v\u00e4\u00e4 ymp\u00e4ri vuoden, mutta kev\u00e4t ja kes\u00e4 ovat parhaita aikoja tutustua kaupunkiin leudommassa ilmastossa. Syksy sopii ihanteellisesti luonnon v\u00e4reist\u00e4 nauttimiseen puistoissa, kun taas talvi on t\u00e4ydellinen joulumarkkinoille ja sis\u00e4tiloissa j\u00e4rjestett\u00e4viin kulttuuritapahtumiin. <\/p>\n\n<h2 class=\"wp-block-heading\">P\u00e4\u00e4telm\u00e4<\/h2>\n\n<p>Cardiff on elinvoimainen kaupunki, jossa perinteet ja nykyaikaisuus yhdistyv\u00e4t harmonisesti. Olitpa sitten historian harrastaja, rugbyfani tai vain l\u00e4mminhenkist\u00e4 ja vieraanvaraista kaupunkia etsiv\u00e4, Cardiff voittaa sinut puolelleen. Suunnittele matkasi ja anna Walesin p\u00e4\u00e4kaupungin hurmata itsesi.  <\/p>\n\n<p>Verrattuna muihin <a href=\"https:\/\/uk-gb.net\/fi\/\">Yhdistyneen kuningaskunnan suurkaupunkeihin<\/a> Cardiff erottuu edukseen rennommalla ilmapiirill\u00e4\u00e4n ja luonnonl\u00e4heisyydell\u00e4\u00e4n. Toisin kuin <a href=\"https:\/\/uk-gb.net\/fi\/lontoo\/\">Lontoossa<\/a>, joka houkuttelee k\u00e4vij\u00f6it\u00e4 vilkkaudellaan ja kulttuurisella monimuotoisuudellaan, Cardiff tarjoaa intiimimm\u00e4n ja helpommin l\u00e4hestytt\u00e4v\u00e4n ilmapiirin. <a href=\"https:\/\/uk-gb.net\/fi\/oxford\/\">Oxford<\/a> ja <a href=\"https:\/\/uk-gb.net\/fi\/cambridge\/\">Cambridge<\/a>loistavat akateemisella perinn\u00f6llisyydell\u00e4\u00e4n, mutta Cardiff esittelee ainutlaatuista walesilaista perint\u00f6\u00e4\u00e4n. Musiikki- ja urheilukulttuuristaan tunnetut <a href=\"https:\/\/uk-gb.net\/fi\/liverpool\/\">Liverpool<\/a> ja <a href=\"https:\/\/uk-gb.net\/fi\/manchester\/\">Manchester<\/a> ovat teollisempia ja vilkkaampia, kun taas <a href=\"https:\/\/uk-gb.net\/fi\/edinburgh\/\">Edinburgh<\/a> vieh\u00e4tt\u00e4\u00e4 historiallisella arkkitehtuurillaan ja kansainv\u00e4lisill\u00e4 festivaaleillaan. Jokaisella kaupungilla on oma luonteensa, ja Cardiffissa vierailu on loistava tapa tutustua Yhdistyneen kuningaskunnan erilaiseen, aitoon puoleen.   <\/p>\n","protected":false},"excerpt":{"rendered":"<p>Vieraile Cardiffissa Walesissa Walesin p\u00e4\u00e4kaupunki Cardiff on dynaaminen ja viihtyis\u00e4 kaupunki, jossa yhdistyv\u00e4t historia, kulttuuri ja nykyaikaisuus. Se sijaitsee maan etel\u00e4rannikolla ja on kuuluisa keskiaikaisesta linnastaan, vilkkaasta rantakadustaan ja lukuisista kulttuuritapahtumista. Cardiff on ihanteellinen kohde l\u00f6yt\u00f6rikkaalle kaupunkilomalle. Miksi Cardiffissa kannattaa vierailla? Cardiff tarjoaa kiehtovan sekoituksen historiallista perint\u00f6\u00e4 ja nykyajan dynaamisuutta. Kiehtovien museoidensa, vehreiden puistojensa ja [&hellip;]<\/p>\n","protected":false},"author":1,"featured_media":0,"parent":0,"menu_order":0,"comment_status":"closed","ping_status":"closed","template":"","meta":{"footnotes":""},"class_list":["post-5165","page","type-page","status-publish","hentry"],"yoast_head":"<!-- This site is optimized with the Yoast SEO plugin v27.3 - https:\/\/yoast.com\/product\/yoast-seo-wordpress\/ -->\n<title>Cardiffin kaupungin matkaopas - UK GB<\/title>\n<meta name=\"robots\" content=\"index, follow, max-snippet:-1, max-image-preview:large, max-video-preview:-1\" \/>\n<link rel=\"canonical\" href=\"https:\/\/uk-gb.net\/fi\/cardiff\/\" \/>\n<meta property=\"og:locale\" content=\"fi_FI\" \/>\n<meta property=\"og:type\" content=\"article\" \/>\n<meta property=\"og:title\" content=\"Cardiffin kaupungin matkaopas - UK GB\" \/>\n<meta property=\"og:description\" content=\"Vieraile Cardiffissa Walesissa Walesin p\u00e4\u00e4kaupunki Cardiff on dynaaminen ja viihtyis\u00e4 kaupunki, jossa yhdistyv\u00e4t historia, kulttuuri ja nykyaikaisuus. Se sijaitsee maan etel\u00e4rannikolla ja on kuuluisa keskiaikaisesta linnastaan, vilkkaasta rantakadustaan ja lukuisista kulttuuritapahtumista. Cardiff on ihanteellinen kohde l\u00f6yt\u00f6rikkaalle kaupunkilomalle. Miksi Cardiffissa kannattaa vierailla? Cardiff tarjoaa kiehtovan sekoituksen historiallista perint\u00f6\u00e4 ja nykyajan dynaamisuutta. Kiehtovien museoidensa, vehreiden puistojensa ja [&hellip;]\" \/>\n<meta property=\"og:url\" content=\"https:\/\/uk-gb.net\/fi\/cardiff\/\" \/>\n<meta property=\"og:site_name\" content=\"UK GB\" \/>\n<meta property=\"article:modified_time\" content=\"2025-12-28T13:14:47+00:00\" \/>\n<meta property=\"og:image\" content=\"https:\/\/uk-gb.net\/wp-content\/uploads\/2025\/01\/cardiff-e1748002153120.jpg\" \/>\n\t<meta property=\"og:image:width\" content=\"1158\" \/>\n\t<meta property=\"og:image:height\" content=\"367\" \/>\n\t<meta property=\"og:image:type\" content=\"image\/jpeg\" \/>\n<meta name=\"twitter:card\" content=\"summary_large_image\" \/>\n<meta name=\"twitter:label1\" content=\"Arvioitu lukuaika\" \/>\n\t<meta name=\"twitter:data1\" content=\"2 minuuttia\" \/>\n<script type=\"application\/ld+json\" class=\"yoast-schema-graph\">{\"@context\":\"https:\\\/\\\/schema.org\",\"@graph\":[{\"@type\":\"WebPage\",\"@id\":\"https:\\\/\\\/uk-gb.net\\\/fi\\\/cardiff\\\/\",\"url\":\"https:\\\/\\\/uk-gb.net\\\/fi\\\/cardiff\\\/\",\"name\":\"Cardiffin kaupungin matkaopas - UK GB\",\"isPartOf\":{\"@id\":\"https:\\\/\\\/uk-gb.net\\\/fi\\\/#website\"},\"primaryImageOfPage\":{\"@id\":\"https:\\\/\\\/uk-gb.net\\\/fi\\\/cardiff\\\/#primaryimage\"},\"image\":{\"@id\":\"https:\\\/\\\/uk-gb.net\\\/fi\\\/cardiff\\\/#primaryimage\"},\"thumbnailUrl\":\"https:\\\/\\\/uk-gb.net\\\/wp-content\\\/uploads\\\/2025\\\/01\\\/cardiff-e1748002153120.jpg\",\"datePublished\":\"2025-01-29T16:47:28+00:00\",\"dateModified\":\"2025-12-28T13:14:47+00:00\",\"inLanguage\":\"fi\",\"potentialAction\":[{\"@type\":\"ReadAction\",\"target\":[\"https:\\\/\\\/uk-gb.net\\\/fi\\\/cardiff\\\/\"]}]},{\"@type\":\"ImageObject\",\"inLanguage\":\"fi\",\"@id\":\"https:\\\/\\\/uk-gb.net\\\/fi\\\/cardiff\\\/#primaryimage\",\"url\":\"https:\\\/\\\/uk-gb.net\\\/wp-content\\\/uploads\\\/2025\\\/01\\\/cardiff-e1748002153120.jpg\",\"contentUrl\":\"https:\\\/\\\/uk-gb.net\\\/wp-content\\\/uploads\\\/2025\\\/01\\\/cardiff-e1748002153120.jpg\"},{\"@type\":\"WebSite\",\"@id\":\"https:\\\/\\\/uk-gb.net\\\/fi\\\/#website\",\"url\":\"https:\\\/\\\/uk-gb.net\\\/fi\\\/\",\"name\":\"UK GB\",\"description\":\"Travel to the UK\",\"potentialAction\":[{\"@type\":\"SearchAction\",\"target\":{\"@type\":\"EntryPoint\",\"urlTemplate\":\"https:\\\/\\\/uk-gb.net\\\/fi\\\/?s={search_term_string}\"},\"query-input\":{\"@type\":\"PropertyValueSpecification\",\"valueRequired\":true,\"valueName\":\"search_term_string\"}}],\"inLanguage\":\"fi\"}]}<\/script>\n<!-- \/ Yoast SEO plugin. -->","yoast_head_json":{"title":"Cardiffin kaupungin matkaopas - UK GB","robots":{"index":"index","follow":"follow","max-snippet":"max-snippet:-1","max-image-preview":"max-image-preview:large","max-video-preview":"max-video-preview:-1"},"canonical":"https:\/\/uk-gb.net\/fi\/cardiff\/","og_locale":"fi_FI","og_type":"article","og_title":"Cardiffin kaupungin matkaopas - UK GB","og_description":"Vieraile Cardiffissa Walesissa Walesin p\u00e4\u00e4kaupunki Cardiff on dynaaminen ja viihtyis\u00e4 kaupunki, jossa yhdistyv\u00e4t historia, kulttuuri ja nykyaikaisuus. Se sijaitsee maan etel\u00e4rannikolla ja on kuuluisa keskiaikaisesta linnastaan, vilkkaasta rantakadustaan ja lukuisista kulttuuritapahtumista. Cardiff on ihanteellinen kohde l\u00f6yt\u00f6rikkaalle kaupunkilomalle. Miksi Cardiffissa kannattaa vierailla? Cardiff tarjoaa kiehtovan sekoituksen historiallista perint\u00f6\u00e4 ja nykyajan dynaamisuutta. Kiehtovien museoidensa, vehreiden puistojensa ja [&hellip;]","og_url":"https:\/\/uk-gb.net\/fi\/cardiff\/","og_site_name":"UK GB","article_modified_time":"2025-12-28T13:14:47+00:00","og_image":[{"width":1158,"height":367,"url":"https:\/\/uk-gb.net\/wp-content\/uploads\/2025\/01\/cardiff-e1748002153120.jpg","type":"image\/jpeg"}],"twitter_card":"summary_large_image","twitter_misc":{"Arvioitu lukuaika":"2 minuuttia"},"schema":{"@context":"https:\/\/schema.org","@graph":[{"@type":"WebPage","@id":"https:\/\/uk-gb.net\/fi\/cardiff\/","url":"https:\/\/uk-gb.net\/fi\/cardiff\/","name":"Cardiffin kaupungin matkaopas - UK GB","isPartOf":{"@id":"https:\/\/uk-gb.net\/fi\/#website"},"primaryImageOfPage":{"@id":"https:\/\/uk-gb.net\/fi\/cardiff\/#primaryimage"},"image":{"@id":"https:\/\/uk-gb.net\/fi\/cardiff\/#primaryimage"},"thumbnailUrl":"https:\/\/uk-gb.net\/wp-content\/uploads\/2025\/01\/cardiff-e1748002153120.jpg","datePublished":"2025-01-29T16:47:28+00:00","dateModified":"2025-12-28T13:14:47+00:00","inLanguage":"fi","potentialAction":[{"@type":"ReadAction","target":["https:\/\/uk-gb.net\/fi\/cardiff\/"]}]},{"@type":"ImageObject","inLanguage":"fi","@id":"https:\/\/uk-gb.net\/fi\/cardiff\/#primaryimage","url":"https:\/\/uk-gb.net\/wp-content\/uploads\/2025\/01\/cardiff-e1748002153120.jpg","contentUrl":"https:\/\/uk-gb.net\/wp-content\/uploads\/2025\/01\/cardiff-e1748002153120.jpg"},{"@type":"WebSite","@id":"https:\/\/uk-gb.net\/fi\/#website","url":"https:\/\/uk-gb.net\/fi\/","name":"UK GB","description":"Travel to the UK","potentialAction":[{"@type":"SearchAction","target":{"@type":"EntryPoint","urlTemplate":"https:\/\/uk-gb.net\/fi\/?s={search_term_string}"},"query-input":{"@type":"PropertyValueSpecification","valueRequired":true,"valueName":"search_term_string"}}],"inLanguage":"fi"}]}},"_links":{"self":[{"href":"https:\/\/uk-gb.net\/fi\/wp-json\/wp\/v2\/pages\/5165","targetHints":{"allow":["GET"]}}],"collection":[{"href":"https:\/\/uk-gb.net\/fi\/wp-json\/wp\/v2\/pages"}],"about":[{"href":"https:\/\/uk-gb.net\/fi\/wp-json\/wp\/v2\/types\/page"}],"author":[{"embeddable":true,"href":"https:\/\/uk-gb.net\/fi\/wp-json\/wp\/v2\/users\/1"}],"replies":[{"embeddable":true,"href":"https:\/\/uk-gb.net\/fi\/wp-json\/wp\/v2\/comments?post=5165"}],"version-history":[{"count":0,"href":"https:\/\/uk-gb.net\/fi\/wp-json\/wp\/v2\/pages\/5165\/revisions"}],"wp:attachment":[{"href":"https:\/\/uk-gb.net\/fi\/wp-json\/wp\/v2\/media?parent=5165"}],"curies":[{"name":"wp","href":"https:\/\/api.w.org\/{rel}","templated":true}]}}