{"id":5040,"date":"2025-01-23T11:10:46","date_gmt":"2025-01-23T11:10:46","guid":{"rendered":"https:\/\/uk-gb.net\/glasgow\/"},"modified":"2025-08-27T17:22:19","modified_gmt":"2025-08-27T16:22:19","slug":"glasgow","status":"publish","type":"page","link":"https:\/\/uk-gb.net\/fi\/glasgow\/","title":{"rendered":"Vieraile Glasgow&#8217;ssa Skotlannissa"},"content":{"rendered":"\n<h1 class=\"wp-block-heading\">Tutustu Glasgow&#8217;n kaupunkiin<\/h1>\n\n<p>Glasgow hurmaa luovalla energiallaan, majesteettisella viktoriaanisella arkkitehtuurillaan ja l\u00e4mpim\u00e4ll\u00e4 ilmapiirill\u00e4\u00e4n. Kaupunki on merkitt\u00e4v\u00e4n teollisen ja taiteellisen perinn\u00f6n synnyinpaikka, ja nyky\u00e4\u00e4n se on kulttuurin, musiikin ja muotoilun tyyssija. Se on t\u00e4rke\u00e4 pys\u00e4hdyspaikka, kun haluat tutustua moderniin, elinvoimaiseen ja syv\u00e4sti aitoon Skotlantiin.  <\/p>\n\n<figure class=\"wp-block-image size-large\"><img fetchpriority=\"high\" decoding=\"async\" width=\"1024\" height=\"535\" src=\"https:\/\/uk-gb.net\/wp-content\/uploads\/2025\/01\/Glasgow-1024x535.jpg\" alt=\"\" class=\"wp-image-5016\" srcset=\"https:\/\/uk-gb.net\/wp-content\/uploads\/2025\/01\/Glasgow-1024x535.jpg 1024w, https:\/\/uk-gb.net\/wp-content\/uploads\/2025\/01\/Glasgow-300x157.jpg 300w, https:\/\/uk-gb.net\/wp-content\/uploads\/2025\/01\/Glasgow-768x401.jpg 768w, https:\/\/uk-gb.net\/wp-content\/uploads\/2025\/01\/Glasgow.jpg 1339w\" sizes=\"(max-width: 1024px) 100vw, 1024px\" \/><figcaption class=\"wp-element-caption\">Glasgow, Skotlanti<\/figcaption><\/figure>\n\n<h2 class=\"wp-block-heading\">Miksi k\u00e4yd\u00e4 Glasgow&#8217;ssa?<\/h2>\n\n<p><a href=\"https:\/\/en.wikipedia.org\/wiki\/Glasgow\">Glasgow<\/a> on kuuluisa maailmankuuluista museoistaan, viktoriaanisista rakennuksistaan ja taide-el\u00e4m\u00e4st\u00e4\u00e4n. Olitpa sitten historian yst\u00e4v\u00e4, musiikin yst\u00e4v\u00e4 tai shoppailun harrastaja, Glasgow&#8217;ssa on paljon j\u00e4nnitt\u00e4v\u00e4\u00e4 tekemist\u00e4. Jokainen kaupunginosa paljastaa kaupungin ainutlaatuisen puolen, jota korostaa aina sen asukkaiden l\u00e4mp\u00f6 ja aitous.  <\/p>\n\n<h2 class=\"wp-block-heading\">Pakolliset n\u00e4ht\u00e4vyydet Glasgow&#8217;ssa<\/h2>\n\n<ul class=\"wp-block-list\">\n<li><a href=\"https:\/\/www.historicenvironment.scot\/visit-a-place\/places\/glasgow-cathedral\/\">Glasgow&#8217;n katedraali<\/a>: Upea 12. vuosisadan keskiaikainen katedraali, harvinainen esimerkki skotlantilaisesta goottilaisesta arkkitehtuurista, joka on yh\u00e4 ehj\u00e4.<\/li>\n\n\n\n<li><a href=\"https:\/\/www.glasgowsciencecentre.org\/\">Glasgow Science Centre<\/a>: interaktiivinen tiedekeskus, jossa on hauskoja n\u00e4yttelyit\u00e4, planetaario ja IMAX-elokuvateatteri. Ihanteellinen koko perheen retki. <\/li>\n\n\n\n<li><a href=\"https:\/\/www.visitscotland.com\/info\/towns-villages\/george-square-p1976921\">George Square<\/a>: kaupungin keskusaukio, jota reunustavat majesteettiset rakennukset ja joka on t\u00e4ynn\u00e4 tapahtumia ymp\u00e4ri vuoden.<\/li>\n\n\n\n<li><a href=\"https:\/\/www.glasgowlife.org.uk\/museums\/venues\/kelvingrove-art-gallery-and-museum\">Kelvingroven taidegalleria ja museo<\/a>: t\u00e4m\u00e4 ikoninen museo kokoaa taideteoksia, historiallisia esineit\u00e4 ja kuriositeetteja merkitt\u00e4v\u00e4\u00e4n arkkitehtoniseen ymp\u00e4rist\u00f6\u00f6n.<\/li>\n\n\n\n<li><a href=\"https:\/\/www.glasgowlife.org.uk\/museums\/venues\/riverside-museum\">Riverside Museum<\/a>: palkittu museo, joka on omistettu liikenteelle ja teknologiselle kekseli\u00e4isyydelle ja joka sopii niin nuorille kuin vanhoillekin.<\/li>\n\n\n\n<li><a href=\"https:\/\/glasgowshops.com\/buchanan-street\/\">Buchanan Street<\/a>: Glasgow&#8217;n vilkkain ostoskatu, jossa on sekoitus designputiikkeja, high street -nimi\u00e4 ja katutaiteilijoita.<\/li>\n<\/ul>\n\n<div style=\"height:10px\" aria-hidden=\"true\" class=\"wp-block-spacer\"><\/div>\n\n<h2 class=\"wp-block-heading\">Naapurustot, joita ei kannata j\u00e4tt\u00e4\u00e4 v\u00e4liin<\/h2>\n\n<ul class=\"wp-block-list\">\n<li><strong>Merchant City<\/strong>: Trendik\u00e4s, tyylik\u00e4s ja vilkas alue, jossa on taidegallerioita, moderneja ravintoloita ja designbaareja.<\/li>\n\n\n\n<li><strong>West End<\/strong>: vehre\u00e4, boheemi kaupunginosa, joka on tunnettu puistoistaan, kirjakaupoistaan, kahviloistaan ja Glasgow&#8217;n yliopistosta.<\/li>\n\n\n\n<li><strong>Glasgow Green<\/strong>: Yksi kaupungin vanhimmista julkisista puistoista, ihanteellinen joenrantak\u00e4velylle tai piknikille.<\/li>\n\n\n\n<li><strong>Finnieston<\/strong>: Glasgow&#8217;n luovan ruoan keskus, jossa on kukoistava taide-el\u00e4m\u00e4.<\/li>\n<\/ul>\n\n<div style=\"height:10px\" aria-hidden=\"true\" class=\"wp-block-spacer\"><\/div>\n\n<h2 class=\"wp-block-heading\">K\u00e4yt\u00e4nn\u00f6n vinkkej\u00e4 Glasgow&#8217;ssa oleskeluun<\/h2>\n\n<figure class=\"wp-block-table\"><table><tbody><tr><td><strong>Liikenne<\/strong><\/td><td>Tehokas bussi- ja metroverkosto. Vierailijoille on saatavilla p\u00e4iv\u00e4lippuja. <\/td><\/tr><tr><td><strong>Hosting<\/strong><\/td><td>Laaja valikoima hotelleja, B&amp;B-hotelleja ja hostelleja kaikille budjeteille.<\/td><\/tr><tr><td><strong>Valuutta<\/strong><\/td><td>Englannin punta (\u00a3). Korttimaksut hyv\u00e4ksyt\u00e4\u00e4n l\u00e4hes kaikkialla. <\/td><\/tr><tr><td><strong>Kieli<\/strong><\/td><td>Englantia, jossa on vahva mutta l\u00e4mmin skotlantilainen aksentti.<\/td><\/tr><tr><td><strong>S\u00e4\u00e4<\/strong><\/td><td>Vaihteleva s\u00e4\u00e4. Tuo mukanasi m\u00e4kk\u00e4ri tai sateenvarjo. <\/td><\/tr><tr><td><strong>Visa<\/strong><\/td><td>Tarkista ennen l\u00e4ht\u00f6\u00e4si, tarvitsetko <a href=\"https:\/\/uk-gb.net\/fi\/viisumi-glasgowiin\/\">viisumin Glasgow&#8217;hun<\/a> tai <a href=\"https:\/\/uk-gb.net\/fi\/eta-englanti-iso-britannia\/\">ETA-luvan<\/a>.<\/td><\/tr><\/tbody><\/table><\/figure>\n\n<div style=\"height:10px\" aria-hidden=\"true\" class=\"wp-block-spacer\"><\/div>\n\n<h2 class=\"wp-block-heading\">Miss\u00e4 sy\u00f6d\u00e4?<\/h2>\n\n<ul class=\"wp-block-list\">\n<li><a href=\"https:\/\/www.willowtearooms.co.uk\/\">The Willow Tea Rooms<\/a>: Charles Rennie Mackintoshin suunnittelema ikoninen teehuone, joka sopii t\u00e4ydellisesti tyypilliseen skotlantilaiseen iltap\u00e4iv\u00e4teehen.<\/li>\n\n\n\n<li><a href=\"https:\/\/www.thegannetgla.com\/\">The Gannet<\/a>: Palkittu gourmet-ravintola, jossa tarjoillaan paikallisia tuotteita tyylikk\u00e4\u00e4ss\u00e4 ilmapiiriss\u00e4.<\/li>\n\n\n\n<li><a href=\"https:\/\/ubiquitouschip.co.uk\/\">Ubiquitous Chip<\/a>: West Endin kulinaarinen instituutio, joka tarjoaa modernia skotlantilaista ruokaa yst\u00e4v\u00e4llisess\u00e4, vehre\u00e4ss\u00e4 ymp\u00e4rist\u00f6ss\u00e4.<\/li>\n\n\n\n<li><a href=\"https:\/\/www.oxandfinch.com\/\">Ox and Finch<\/a>: Kekseli\u00e4it\u00e4 pikkulautasia jaettavaksi nykyaikaisessa ja hienostuneessa ymp\u00e4rist\u00f6ss\u00e4.<\/li>\n\n\n\n<li><a href=\"https:\/\/www.paesanopizza.co.uk\/\">Paesano Pizza<\/a>: Yksi kaupungin parhaista pizzerioista, jota rakastetaan sen edullisten hintojen ja aitojen napolilaisten makujen vuoksi.<\/li>\n<\/ul>\n\n<h2 class=\"wp-block-heading\">Milloin menn\u00e4 Glasgow&#8217;hun<\/h2>\n\n<p><a href=\"https:\/\/www.visitglasgow.com\/\">Glasgow&#8217;ssa<\/a> voi vierailla ymp\u00e4ri vuoden, mutta <strong>toukokuusta syyskuuhun on paras aika<\/strong> nauttia leudoista l\u00e4mp\u00f6tiloista ja hyv\u00e4st\u00e4 s\u00e4\u00e4st\u00e4. Kes\u00e4ll\u00e4 j\u00e4rjestet\u00e4\u00e4n my\u00f6s lukuisia kulttuurifestivaaleja ja ulkoilmakonsertteja. Syksy ja talvi ovat sateisempia, mutta tunnelma pysyy l\u00e4mpim\u00e4n\u00e4, ja joulukuussa on museoita, viihtyisi\u00e4 pubeja ja juhlavalaistuksia. Muista pakata mukaan vedenpit\u00e4v\u00e4t vaatteet vuodenajasta riippumatta.   <\/p>\n\n<h2 class=\"wp-block-heading\">Vihdoinkin<\/h2>\n\n<p>Muihin brittil\u00e4isiin suurkaupunkeihin verrattuna <strong>Glasgow erottuu muista taiteellisella ilmapiirill\u00e4\u00e4n, paikallisella autenttisuudellaan ja legendaarisella musiikkikent\u00e4ll\u00e4\u00e4n<\/strong>. Se ei ole yht\u00e4 turistinen kuin <a href=\"https:\/\/uk-gb.net\/fi\/lontoo\/\">Lontoo<\/a> tai Edinburgh, mutta sen luova energia, yst\u00e4v\u00e4lliset ihmiset ja vaihtuvat asuinalueet saavat sinut vakuuttuneeksi. <\/p>\n\n<p>Jos rakastit Oxfordin historiallista eleganssia, <a href=\"https:\/\/uk-gb.net\/fi\/liverpool\/\">Liverpoolin<\/a> musiikkiperint\u00f6\u00e4 tai <a href=\"https:\/\/uk-gb.net\/fi\/manchester\/\">Manchesterin<\/a> j\u00e4nnityst\u00e4, rakastat varmasti Glasgow&#8217;n vilkasta ja mukaansatempaavaa luonnetta.<\/p>\n\n<p>Muodollisuudet Glasgow&#8217;ssa vierailua varten riippuvat matkustajan kansalaisuudesta ja oleskelun pituudesta. Lyhytaikaista oleskelua varten Euroopan unionin, Yhdysvaltojen, Kanadan ja monien muiden maiden kansalaisten on nyt <a href=\"https:\/\/uk-gb.net\/fi\/online-eta-viisumi-englannista\/\">hankittava ETA-viisumi<\/a>, jos heill\u00e4 ei ole <a href=\"https:\/\/uk-gb.net\/fi\/viisumi-uk\/\">viisumia Englantiin<\/a>. <\/p>\n\n<p>Yhdistyneen kuningaskunnan ETA-lupaa voi hakea <a href=\"https:\/\/uk-gb.net\/fi\/iphone-hakemus-eta-viisumi-englantiin\/\">Yhdistyneen kuningaskunnan virallisen ETA-hakemuksen<\/a> kautta. T\u00e4m\u00e4 ei koske Yhdistyneess\u00e4 kuningaskunnassa asuvia eik\u00e4 Irlannin kansalaisia. <\/p>\n","protected":false},"excerpt":{"rendered":"<p>Tutustu Glasgow&#8217;n kaupunkiin Glasgow hurmaa luovalla energiallaan, majesteettisella viktoriaanisella arkkitehtuurillaan ja l\u00e4mpim\u00e4ll\u00e4 ilmapiirill\u00e4\u00e4n. Kaupunki on merkitt\u00e4v\u00e4n teollisen ja taiteellisen perinn\u00f6n synnyinpaikka, ja nyky\u00e4\u00e4n se on kulttuurin, musiikin ja muotoilun tyyssija. Se on t\u00e4rke\u00e4 pys\u00e4hdyspaikka, kun haluat tutustua moderniin, elinvoimaiseen ja syv\u00e4sti aitoon Skotlantiin. Miksi k\u00e4yd\u00e4 Glasgow&#8217;ssa? Glasgow on kuuluisa maailmankuuluista museoistaan, viktoriaanisista rakennuksistaan ja taide-el\u00e4m\u00e4st\u00e4\u00e4n. [&hellip;]<\/p>\n","protected":false},"author":1,"featured_media":0,"parent":0,"menu_order":0,"comment_status":"closed","ping_status":"closed","template":"","meta":{"footnotes":""},"class_list":["post-5040","page","type-page","status-publish","hentry"],"yoast_head":"<!-- This site is optimized with the Yoast SEO plugin v27.4 - https:\/\/yoast.com\/product\/yoast-seo-wordpress\/ -->\n<title>Vieraile Glasgow&#039;ssa Skotlannissa - UK GB<\/title>\n<meta name=\"description\" content=\"Tutustu Glasgow&#039;hun, yhteen Skotlannin suurimmista kaupungeista, joka on kuuluisa museoistaan ja historiallisista viktoriaanisista rakennuksistaan.\" \/>\n<meta name=\"robots\" content=\"index, follow, max-snippet:-1, max-image-preview:large, max-video-preview:-1\" \/>\n<link rel=\"canonical\" href=\"https:\/\/uk-gb.net\/fi\/glasgow\/\" \/>\n<meta property=\"og:locale\" content=\"fi_FI\" \/>\n<meta property=\"og:type\" content=\"article\" \/>\n<meta property=\"og:title\" content=\"Vieraile Glasgow&#039;ssa Skotlannissa - UK GB\" \/>\n<meta property=\"og:description\" content=\"Tutustu Glasgow&#039;hun, yhteen Skotlannin suurimmista kaupungeista, joka on kuuluisa museoistaan ja historiallisista viktoriaanisista rakennuksistaan.\" \/>\n<meta property=\"og:url\" content=\"https:\/\/uk-gb.net\/fi\/glasgow\/\" \/>\n<meta property=\"og:site_name\" content=\"UK GB\" \/>\n<meta property=\"article:modified_time\" content=\"2025-08-27T16:22:19+00:00\" \/>\n<meta property=\"og:image\" content=\"https:\/\/uk-gb.net\/wp-content\/uploads\/2025\/01\/Glasgow.jpg\" \/>\n\t<meta property=\"og:image:width\" content=\"1339\" \/>\n\t<meta property=\"og:image:height\" content=\"699\" \/>\n\t<meta property=\"og:image:type\" content=\"image\/jpeg\" \/>\n<meta name=\"twitter:card\" content=\"summary_large_image\" \/>\n<meta name=\"twitter:label1\" content=\"Arvioitu lukuaika\" \/>\n\t<meta name=\"twitter:data1\" content=\"3 minuuttia\" \/>\n<script type=\"application\/ld+json\" class=\"yoast-schema-graph\">{\"@context\":\"https:\\\/\\\/schema.org\",\"@graph\":[{\"@type\":\"WebPage\",\"@id\":\"https:\\\/\\\/uk-gb.net\\\/fi\\\/glasgow\\\/\",\"url\":\"https:\\\/\\\/uk-gb.net\\\/fi\\\/glasgow\\\/\",\"name\":\"Vieraile Glasgow'ssa Skotlannissa - UK GB\",\"isPartOf\":{\"@id\":\"https:\\\/\\\/uk-gb.net\\\/fi\\\/#website\"},\"primaryImageOfPage\":{\"@id\":\"https:\\\/\\\/uk-gb.net\\\/fi\\\/glasgow\\\/#primaryimage\"},\"image\":{\"@id\":\"https:\\\/\\\/uk-gb.net\\\/fi\\\/glasgow\\\/#primaryimage\"},\"thumbnailUrl\":\"https:\\\/\\\/uk-gb.net\\\/wp-content\\\/uploads\\\/2025\\\/01\\\/Glasgow-1024x535.jpg\",\"datePublished\":\"2025-01-23T11:10:46+00:00\",\"dateModified\":\"2025-08-27T16:22:19+00:00\",\"description\":\"Tutustu Glasgow'hun, yhteen Skotlannin suurimmista kaupungeista, joka on kuuluisa museoistaan ja historiallisista viktoriaanisista rakennuksistaan.\",\"inLanguage\":\"fi\",\"potentialAction\":[{\"@type\":\"ReadAction\",\"target\":[\"https:\\\/\\\/uk-gb.net\\\/fi\\\/glasgow\\\/\"]}]},{\"@type\":\"ImageObject\",\"inLanguage\":\"fi\",\"@id\":\"https:\\\/\\\/uk-gb.net\\\/fi\\\/glasgow\\\/#primaryimage\",\"url\":\"https:\\\/\\\/uk-gb.net\\\/wp-content\\\/uploads\\\/2025\\\/01\\\/Glasgow-1024x535.jpg\",\"contentUrl\":\"https:\\\/\\\/uk-gb.net\\\/wp-content\\\/uploads\\\/2025\\\/01\\\/Glasgow-1024x535.jpg\"},{\"@type\":\"WebSite\",\"@id\":\"https:\\\/\\\/uk-gb.net\\\/fi\\\/#website\",\"url\":\"https:\\\/\\\/uk-gb.net\\\/fi\\\/\",\"name\":\"UK GB\",\"description\":\"Travel to the UK\",\"potentialAction\":[{\"@type\":\"SearchAction\",\"target\":{\"@type\":\"EntryPoint\",\"urlTemplate\":\"https:\\\/\\\/uk-gb.net\\\/fi\\\/?s={search_term_string}\"},\"query-input\":{\"@type\":\"PropertyValueSpecification\",\"valueRequired\":true,\"valueName\":\"search_term_string\"}}],\"inLanguage\":\"fi\"}]}<\/script>\n<!-- \/ Yoast SEO plugin. -->","yoast_head_json":{"title":"Vieraile Glasgow'ssa Skotlannissa - UK GB","description":"Tutustu Glasgow'hun, yhteen Skotlannin suurimmista kaupungeista, joka on kuuluisa museoistaan ja historiallisista viktoriaanisista rakennuksistaan.","robots":{"index":"index","follow":"follow","max-snippet":"max-snippet:-1","max-image-preview":"max-image-preview:large","max-video-preview":"max-video-preview:-1"},"canonical":"https:\/\/uk-gb.net\/fi\/glasgow\/","og_locale":"fi_FI","og_type":"article","og_title":"Vieraile Glasgow'ssa Skotlannissa - UK GB","og_description":"Tutustu Glasgow'hun, yhteen Skotlannin suurimmista kaupungeista, joka on kuuluisa museoistaan ja historiallisista viktoriaanisista rakennuksistaan.","og_url":"https:\/\/uk-gb.net\/fi\/glasgow\/","og_site_name":"UK GB","article_modified_time":"2025-08-27T16:22:19+00:00","og_image":[{"width":1339,"height":699,"url":"https:\/\/uk-gb.net\/wp-content\/uploads\/2025\/01\/Glasgow.jpg","type":"image\/jpeg"}],"twitter_card":"summary_large_image","twitter_misc":{"Arvioitu lukuaika":"3 minuuttia"},"schema":{"@context":"https:\/\/schema.org","@graph":[{"@type":"WebPage","@id":"https:\/\/uk-gb.net\/fi\/glasgow\/","url":"https:\/\/uk-gb.net\/fi\/glasgow\/","name":"Vieraile Glasgow'ssa Skotlannissa - UK GB","isPartOf":{"@id":"https:\/\/uk-gb.net\/fi\/#website"},"primaryImageOfPage":{"@id":"https:\/\/uk-gb.net\/fi\/glasgow\/#primaryimage"},"image":{"@id":"https:\/\/uk-gb.net\/fi\/glasgow\/#primaryimage"},"thumbnailUrl":"https:\/\/uk-gb.net\/wp-content\/uploads\/2025\/01\/Glasgow-1024x535.jpg","datePublished":"2025-01-23T11:10:46+00:00","dateModified":"2025-08-27T16:22:19+00:00","description":"Tutustu Glasgow'hun, yhteen Skotlannin suurimmista kaupungeista, joka on kuuluisa museoistaan ja historiallisista viktoriaanisista rakennuksistaan.","inLanguage":"fi","potentialAction":[{"@type":"ReadAction","target":["https:\/\/uk-gb.net\/fi\/glasgow\/"]}]},{"@type":"ImageObject","inLanguage":"fi","@id":"https:\/\/uk-gb.net\/fi\/glasgow\/#primaryimage","url":"https:\/\/uk-gb.net\/wp-content\/uploads\/2025\/01\/Glasgow-1024x535.jpg","contentUrl":"https:\/\/uk-gb.net\/wp-content\/uploads\/2025\/01\/Glasgow-1024x535.jpg"},{"@type":"WebSite","@id":"https:\/\/uk-gb.net\/fi\/#website","url":"https:\/\/uk-gb.net\/fi\/","name":"UK GB","description":"Travel to the UK","potentialAction":[{"@type":"SearchAction","target":{"@type":"EntryPoint","urlTemplate":"https:\/\/uk-gb.net\/fi\/?s={search_term_string}"},"query-input":{"@type":"PropertyValueSpecification","valueRequired":true,"valueName":"search_term_string"}}],"inLanguage":"fi"}]}},"_links":{"self":[{"href":"https:\/\/uk-gb.net\/fi\/wp-json\/wp\/v2\/pages\/5040","targetHints":{"allow":["GET"]}}],"collection":[{"href":"https:\/\/uk-gb.net\/fi\/wp-json\/wp\/v2\/pages"}],"about":[{"href":"https:\/\/uk-gb.net\/fi\/wp-json\/wp\/v2\/types\/page"}],"author":[{"embeddable":true,"href":"https:\/\/uk-gb.net\/fi\/wp-json\/wp\/v2\/users\/1"}],"replies":[{"embeddable":true,"href":"https:\/\/uk-gb.net\/fi\/wp-json\/wp\/v2\/comments?post=5040"}],"version-history":[{"count":0,"href":"https:\/\/uk-gb.net\/fi\/wp-json\/wp\/v2\/pages\/5040\/revisions"}],"wp:attachment":[{"href":"https:\/\/uk-gb.net\/fi\/wp-json\/wp\/v2\/media?parent=5040"}],"curies":[{"name":"wp","href":"https:\/\/api.w.org\/{rel}","templated":true}]}}