{"id":4962,"date":"2025-01-20T10:37:01","date_gmt":"2025-01-20T10:37:01","guid":{"rendered":"https:\/\/uk-gb.net\/edinburgh\/"},"modified":"2026-04-02T11:28:41","modified_gmt":"2026-04-02T10:28:41","slug":"edinburgh","status":"publish","type":"page","link":"https:\/\/uk-gb.net\/fi\/edinburgh\/","title":{"rendered":"Vieraile Edinburghissa Skotlannissa"},"content":{"rendered":"\n<h1 class=\"wp-block-heading\">Kiertoajelu Skotlannin p\u00e4\u00e4kaupungissa<\/h1>\n\n<p>Edinburgh, Skotlannin majesteettinen p\u00e4\u00e4kaupunki, kiehtoo ainutlaatuisella historian, kulttuurin ja maiseman yhdistelm\u00e4ll\u00e4\u00e4n. Keskiaikainen linna, maailmankuulut festivaalit ja vehre\u00e4t kukkulat houkuttelevat miljoonia k\u00e4vij\u00f6it\u00e4 joka vuosi. T\u00e4ss\u00e4 oppaassa on kaikki, mit\u00e4 sinun on tiedett\u00e4v\u00e4 Edinburghin vierailun suunnittelusta.  <\/p>\n\n<figure class=\"wp-block-image size-large\"><img fetchpriority=\"high\" decoding=\"async\" width=\"1024\" height=\"377\" src=\"https:\/\/uk-gb.net\/wp-content\/uploads\/2025\/01\/edimbourg-1024x377.jpg\" alt=\"\" class=\"wp-image-4936\"\/><figcaption class=\"wp-element-caption\">Edinburghin linnoitukset<\/figcaption><\/figure>\n\n<div style=\"height:10px\" aria-hidden=\"true\" class=\"wp-block-spacer\"><\/div>\n\n<h2 class=\"wp-block-heading\">Miksi k\u00e4yd\u00e4 Edinburghissa?<\/h2>\n\n<p>Edinburgh on inhimillisess\u00e4 mittakaavassa oleva kaupunki, jossa jokainen katu kertoo tarinan. Se tunnetaan Unescon maailmanperint\u00f6luetteloon kuuluvasta keskustastaan, salaper\u00e4isest\u00e4 ilmapiirist\u00e4\u00e4n ja kulttuurin dynaamisuudesta. Keskiaikaisen Vanhankaupungin ja georgialaisen New Townin v\u00e4lill\u00e4 Edinburgh on uppoutuminen Skotlannin vuosisatojen historiaan.  <\/p>\n\n<p>Kaupungissa j\u00e4rjestet\u00e4\u00e4n my\u00f6s <strong>Edinburghin kansainv\u00e4linen festivaali ja<\/strong> <strong>Fringe-festivaali,<\/strong> jotka ovat Euroopan suurimmat kulttuuritapahtumat. Se on ihanteellinen kohde taiteen, historian ja kirjallisuuden yst\u00e4ville tai yksinkertaisesti niille, jotka etsiv\u00e4t rentouttavaa kaupunkilomaa. <\/p>\n\n<div style=\"height:10px\" aria-hidden=\"true\" class=\"wp-block-spacer\"><\/div>\n\n<h2 class=\"wp-block-heading\">V\u00e4ltt\u00e4m\u00e4tt\u00f6m\u00e4t tavarat<\/h2>\n\n<ul class=\"wp-block-list\">\n<li><a href=\"https:\/\/www.edinburghcastle.scot\/\">Edinburghin linna:<\/a> T\u00e4m\u00e4 ikoninen monumentti sijaitsee tulivuoriper\u00e4isell\u00e4 kalliolla ja tarjoaa henke\u00e4salpaavat n\u00e4kym\u00e4t yli kaupungin.<\/li>\n\n\n\n<li><a href=\"https:\/\/palaceofholyroodhouse.co.uk\/\">Holyroodin palatsi:<\/a> Skotlannin kuninkaan virallinen asuinpaikka, joka on t\u00e4ynn\u00e4 historiaa.<\/li>\n\n\n\n<li><a href=\"https:\/\/edimbourgsite.fr\/old_town_royal_mile.html\">Royal Mile:<\/a> Vanhan kaupungin l\u00e4pi kulkeva mukulakivikatu, jota reunustavat museot, pubit ja pienet kaupat.<\/li>\n\n\n\n<li><a href=\"https:\/\/edinburghtips.nl\/arthurs_seat.html\">Arthur&#8217;s Seat: Entinen tulivuori on muuttunut vihre\u00e4ksi kukkulaksi, ja se<\/a> sopii erinomaisesti k\u00e4velylle n\u00e4k\u00f6alalla.<\/li>\n\n\n\n<li><a href=\"https:\/\/www.nms.ac.uk\/national-museum-of-scotland\">Skotlannin kansallismuseo:<\/a> Ilmainen, kiehtova museo, joka esittelee Skotlannin historiaa.<\/li>\n\n\n\n<li><a href=\"https:\/\/fr.wikipedia.org\/wiki\/Scott_Monument\">Scottin muistomerkki:<\/a> kirjailija Walter Scottille omistettu goottilainen torni, johon voit kiivet\u00e4 ihailemaan kaupunkia.<\/li>\n\n\n\n<li><a href=\"https:\/\/en.wikipedia.org\/wiki\/Princes_Street_Gardens\">Princes Street Gardens:<\/a> Ikoninen viheralue linnan juurella.<\/li>\n<\/ul>\n\n<div style=\"height:10px\" aria-hidden=\"true\" class=\"wp-block-spacer\"><\/div>\n\n<h2 class=\"wp-block-heading\">Tutkittavia kaupunginosia<\/h2>\n\n<ul class=\"wp-block-list\">\n<li><strong>Vanhakaupunki:<\/strong> Historiallinen syd\u00e4n keskiaikaisine katuineen ja legendoineen.<\/li>\n\n\n\n<li><strong>New Town:<\/strong> Elegantti kaupunginosa, jossa on georgialaisia julkisivuja ja joka sopii erinomaisesti ostosmahdollisuuksiin ja museoihin.<\/li>\n\n\n\n<li><strong>Leith:<\/strong> Entisest\u00e4 satamasta on tullut trendik\u00e4s kaupunginosa, jossa on laituriravintoloita.<\/li>\n\n\n\n<li><strong>Stockbridge:<\/strong> Rauhallinen asuinalue, joka on suosittu markkinoidensa ja paikallisen ilmapiirins\u00e4 vuoksi.<\/li>\n\n\n\n<li><strong>Bruntsfield &amp; Morningside:<\/strong> T\u00e4ydellinen paikka l\u00f6yt\u00e4\u00e4 itsen\u00e4isi\u00e4 kahviloita ja putiikkeja kaukana v\u00e4kijoukoista.<\/li>\n<\/ul>\n\n<div style=\"height:10px\" aria-hidden=\"true\" class=\"wp-block-spacer\"><\/div>\n\n<h2 class=\"wp-block-heading\">K\u00e4yt\u00e4nn\u00f6n vinkkej\u00e4 Edinburghissa vierailuun<\/h2>\n\n<figure class=\"wp-block-table\"><table><tbody><tr><td><strong>Liikenne<\/strong><\/td><td>Kaupunkiin p\u00e4\u00e4see hyvin k\u00e4vellen, bussilla ja raitiovaunulla. Lentokentt\u00e4 on 30 minuutin p\u00e4\u00e4ss\u00e4 keskustasta. <\/td><\/tr><tr><td><strong>Visa<\/strong><\/td><td><a href=\"https:\/\/uk-gb.net\/fi\/viisumi-edinburghiin\/\" type=\"page\" id=\"683\">Edinburghiin saatetaan<\/a> tarvita <a href=\"https:\/\/uk-gb.net\/fi\/online-eta-viisumi-englannista\/\" type=\"page\" id=\"520\">Yhdistyneen kuningaskunnan ETA- tai<\/a> viisumi.<\/td><\/tr><tr><td><strong>Hosting<\/strong><\/td><td>Monipuolinen valikoima: nuorisohostelleja, design-hotelleja, kotimajoitusta.<\/td><\/tr><tr><td><strong>Valuutta<\/strong><\/td><td>Englannin punta (\u00a3). Kontaktittomat maksut hyv\u00e4ksyt\u00e4\u00e4n laajalti. <\/td><\/tr><tr><td><strong>Kieli<\/strong><\/td><td>Englantia, skotlantilaisella aksentilla.<\/td><\/tr><tr><td><strong>S\u00e4\u00e4<\/strong><\/td><td>Viile\u00e4 ja vaihteleva, joten varmista, ett\u00e4 sinulla on vedenpit\u00e4v\u00e4 takki ymp\u00e4ri vuoden.<\/td><\/tr><\/tbody><\/table><\/figure>\n\n<div style=\"height:10px\" aria-hidden=\"true\" class=\"wp-block-spacer\"><\/div>\n\n<h2 class=\"wp-block-heading\">Miss\u00e4 sy\u00f6d\u00e4?<\/h2>\n\n<ul class=\"wp-block-list\">\n<li><a href=\"https:\/\/www.dishoom.com\/edinburgh\/\">Dishoom:<\/a> Eritt\u00e4in suosittua indo-persialaista ruokaa siirtomaatyylisess\u00e4 ymp\u00e4rist\u00f6ss\u00e4.<\/li>\n\n\n\n<li><a href=\"https:\/\/scranandscallie.com\/\">The Scran &amp; Scallie:<\/a> Yst\u00e4v\u00e4llinen paikallinen gourmet-pubi.<\/li>\n\n\n\n<li><a href=\"https:\/\/www.thewitchery.com\/\">The Witchery by the Castle:<\/a> hienostunut ravintola, jossa on goottilainen tunnelma.<\/li>\n\n\n\n<li><a href=\"https:\/\/thekitchin.com\/\">The Kitchin:<\/a> Gourmet-ravintola, jossa tarjoillaan kauden tuotteita.<\/li>\n\n\n\n<li><a href=\"https:\/\/elephanthouse.biz\/\">Elephant House:<\/a> kahvila, jossa J.K. Rowling kirjoitti Harry Potterin ensimm\u00e4iset luvut.<\/li>\n<\/ul>\n\n<div style=\"height:10px\" aria-hidden=\"true\" class=\"wp-block-spacer\"><\/div>\n\n<h2 class=\"wp-block-heading\">Milloin menn\u00e4 Edinburghiin<\/h2>\n\n<p>Kes\u00e4 on ihanteellinen vuodenaika nauttia festivaaleista ja leudosta ilmastosta, vaikka v\u00e4kijoukkoja onkin paljon. Kev\u00e4t ja syksy tarjoavat erinomaisen kompromissin miellytt\u00e4v\u00e4n s\u00e4\u00e4n ja rauhallisuuden v\u00e4lill\u00e4. Talvi on hiljaisempi ja paljastaa taianomaisen kaupungin, erityisesti uudenvuoden juhlallisuuksien aikaan, kun vietet\u00e4\u00e4n Hogmanayta, <strong>Skotlannin<\/strong> kuuluisaa festivaalia.  <\/p>\n\n<h2 class=\"wp-block-heading\">P\u00e4\u00e4telm\u00e4<\/h2>\n\n<p>Edinburgh ilment\u00e4\u00e4 Skotlannin sielua: ylpe\u00e4, salaper\u00e4inen ja syv\u00e4sti kulttuurinen. Sen rikas arkkitehtuuri, upeat n\u00e4kym\u00e4t ja ainutlaatuinen tunnelma tekev\u00e4t siit\u00e4 Yhdistyneen kuningaskunnan pakollisen matkakohteen. <\/p>\n\n<p>Jos pid\u00e4t <a href=\"https:\/\/uk-gb.net\/fi\/oxford\/\">Oxfordin yliopistovieh\u00e4tyksest\u00e4 ,<\/a> <a href=\"https:\/\/uk-gb.net\/fi\/glasgow\/\">Glasgow&#8217;n<\/a> urbaanista h\u00e4lin\u00e4st\u00e4 tai Stirlingin viikonlopun runoudesta, <a href=\"https:\/\/uk-gb.net\/fi\/vieraile-stirling\/\">Edinburgh<\/a> tarjoaa sinulle intensiivisen ja ikimuistoisen kokemuksen. \u00c4l\u00e4 ep\u00e4r\u00f6i tutustua muihin Lontoota, <a href=\"https:\/\/uk-gb.net\/fi\/lontoo\/\">Liverpoolia<\/a>, <a href=\"https:\/\/uk-gb.net\/fi\/liverpool\/\">Belfastia tai<\/a> <a href=\"https:\/\/uk-gb.net\/fi\/belfast\/\">Invernessi\u00e4 k\u00e4sitteleviin oppaisiin, jos haluat<\/a> <a href=\"https:\/\/uk-gb.net\/fi\/vieraile-inverness-skotlannissa\/\">j\u00e4rjest\u00e4\u00e4 t\u00e4ydellisen matkan<\/a> Yhdistyneen kuningaskunnan kaupunkeihin. <\/p>\n\n<p>Muodollisuudet Edinburghin vierailua varten riippuvat kansalaisuudestasi. Euroopan unionin ja monien muiden maiden kansalaisten on nyt hankittava <a href=\"https:\/\/uk-gb.net\/fi\/eta-englanti-iso-britannia\/\">Yhdistyneen kuningaskunnan ETA-viisumi, jos<\/a> he eiv\u00e4t tarvitse viisumia. <\/p>\n\n<p>T\u00e4t\u00e4 toimenpidett\u00e4 sovelletaan alle kuuden kuukauden mittaisiin turistilomiin. <a href=\"https:\/\/uk-gb.net\/fi\/online-eta-viisumi-englannista\/\">ETA-lomake t\u00e4ytet\u00e4\u00e4n verkossa tai<\/a> <a href=\"https:\/\/uk-gb.net\/fi\/iphone-hakemus-eta-viisumi-englantiin\/\">Yhdistyneen kuningaskunnan digitaalisen ETA-sovelluksen avulla .<\/a> T\u00e4m\u00e4 ei koske Irlannin kansalaisia eik\u00e4 Yhdistyneess\u00e4 kuningaskunnassa asuvia henkil\u00f6it\u00e4. Varmista, ett\u00e4 tarkistat ehdot ennen l\u00e4ht\u00f6\u00e4si, jotta v\u00e4ltyt ik\u00e4vilt\u00e4 yll\u00e4tyksilt\u00e4.   <\/p>\n\n<p><\/p>\n","protected":false},"excerpt":{"rendered":"<p>Kiertoajelu Skotlannin p\u00e4\u00e4kaupungissa Edinburgh, Skotlannin majesteettinen p\u00e4\u00e4kaupunki, kiehtoo ainutlaatuisella historian, kulttuurin ja maiseman yhdistelm\u00e4ll\u00e4\u00e4n. Keskiaikainen linna, maailmankuulut festivaalit ja vehre\u00e4t kukkulat houkuttelevat miljoonia k\u00e4vij\u00f6it\u00e4 joka vuosi. T\u00e4ss\u00e4 oppaassa on kaikki, mit\u00e4 sinun on tiedett\u00e4v\u00e4 Edinburghin vierailun suunnittelusta. Miksi k\u00e4yd\u00e4 Edinburghissa? Edinburgh on inhimillisess\u00e4 mittakaavassa oleva kaupunki, jossa jokainen katu kertoo tarinan. Se tunnetaan Unescon maailmanperint\u00f6luetteloon [&hellip;]<\/p>\n","protected":false},"author":1,"featured_media":0,"parent":0,"menu_order":0,"comment_status":"closed","ping_status":"closed","template":"","meta":{"footnotes":""},"class_list":["post-4962","page","type-page","status-publish","hentry"],"yoast_head":"<!-- This site is optimized with the Yoast SEO plugin v27.4 - https:\/\/yoast.com\/product\/yoast-seo-wordpress\/ -->\n<title>Vieraile Edinburghissa Skotlannissa - UK GB<\/title>\n<meta name=\"description\" content=\"Tutustu skotlantilaiseen Edinburghiin lomalla Yhdistyneess\u00e4 kuningaskunnassa. Vieraile sen keskiaikaisessa linnassa ja museoissa.\" \/>\n<meta name=\"robots\" content=\"index, follow, max-snippet:-1, max-image-preview:large, max-video-preview:-1\" \/>\n<link rel=\"canonical\" href=\"https:\/\/uk-gb.net\/fi\/edinburgh\/\" \/>\n<meta property=\"og:locale\" content=\"fi_FI\" \/>\n<meta property=\"og:type\" content=\"article\" \/>\n<meta property=\"og:title\" content=\"Vieraile Edinburghissa Skotlannissa - UK GB\" \/>\n<meta property=\"og:description\" content=\"Tutustu skotlantilaiseen Edinburghiin lomalla Yhdistyneess\u00e4 kuningaskunnassa. Vieraile sen keskiaikaisessa linnassa ja museoissa.\" \/>\n<meta property=\"og:url\" content=\"https:\/\/uk-gb.net\/fi\/edinburgh\/\" \/>\n<meta property=\"og:site_name\" content=\"UK GB\" \/>\n<meta property=\"article:modified_time\" content=\"2026-04-02T10:28:41+00:00\" \/>\n<meta property=\"og:image\" content=\"https:\/\/uk-gb.net\/wp-content\/uploads\/2025\/01\/edimbourg-e1748002338562.jpg\" \/>\n\t<meta property=\"og:image:width\" content=\"963\" \/>\n\t<meta property=\"og:image:height\" content=\"398\" \/>\n\t<meta property=\"og:image:type\" content=\"image\/jpeg\" \/>\n<meta name=\"twitter:card\" content=\"summary_large_image\" \/>\n<meta name=\"twitter:label1\" content=\"Arvioitu lukuaika\" \/>\n\t<meta name=\"twitter:data1\" content=\"3 minuuttia\" \/>\n<script type=\"application\/ld+json\" class=\"yoast-schema-graph\">{\"@context\":\"https:\\\/\\\/schema.org\",\"@graph\":[{\"@type\":\"WebPage\",\"@id\":\"https:\\\/\\\/uk-gb.net\\\/fi\\\/edinburgh\\\/\",\"url\":\"https:\\\/\\\/uk-gb.net\\\/fi\\\/edinburgh\\\/\",\"name\":\"Vieraile Edinburghissa Skotlannissa - UK GB\",\"isPartOf\":{\"@id\":\"https:\\\/\\\/uk-gb.net\\\/fi\\\/#website\"},\"primaryImageOfPage\":{\"@id\":\"https:\\\/\\\/uk-gb.net\\\/fi\\\/edinburgh\\\/#primaryimage\"},\"image\":{\"@id\":\"https:\\\/\\\/uk-gb.net\\\/fi\\\/edinburgh\\\/#primaryimage\"},\"thumbnailUrl\":\"https:\\\/\\\/uk-gb.net\\\/wp-content\\\/uploads\\\/2025\\\/01\\\/edimbourg-1024x377.jpg\",\"datePublished\":\"2025-01-20T10:37:01+00:00\",\"dateModified\":\"2026-04-02T10:28:41+00:00\",\"description\":\"Tutustu skotlantilaiseen Edinburghiin lomalla Yhdistyneess\u00e4 kuningaskunnassa. Vieraile sen keskiaikaisessa linnassa ja museoissa.\",\"inLanguage\":\"fi\",\"potentialAction\":[{\"@type\":\"ReadAction\",\"target\":[\"https:\\\/\\\/uk-gb.net\\\/fi\\\/edinburgh\\\/\"]}]},{\"@type\":\"ImageObject\",\"inLanguage\":\"fi\",\"@id\":\"https:\\\/\\\/uk-gb.net\\\/fi\\\/edinburgh\\\/#primaryimage\",\"url\":\"https:\\\/\\\/uk-gb.net\\\/wp-content\\\/uploads\\\/2025\\\/01\\\/edimbourg-1024x377.jpg\",\"contentUrl\":\"https:\\\/\\\/uk-gb.net\\\/wp-content\\\/uploads\\\/2025\\\/01\\\/edimbourg-1024x377.jpg\"},{\"@type\":\"WebSite\",\"@id\":\"https:\\\/\\\/uk-gb.net\\\/fi\\\/#website\",\"url\":\"https:\\\/\\\/uk-gb.net\\\/fi\\\/\",\"name\":\"UK GB\",\"description\":\"Travel to the UK\",\"potentialAction\":[{\"@type\":\"SearchAction\",\"target\":{\"@type\":\"EntryPoint\",\"urlTemplate\":\"https:\\\/\\\/uk-gb.net\\\/fi\\\/?s={search_term_string}\"},\"query-input\":{\"@type\":\"PropertyValueSpecification\",\"valueRequired\":true,\"valueName\":\"search_term_string\"}}],\"inLanguage\":\"fi\"}]}<\/script>\n<!-- \/ Yoast SEO plugin. -->","yoast_head_json":{"title":"Vieraile Edinburghissa Skotlannissa - UK GB","description":"Tutustu skotlantilaiseen Edinburghiin lomalla Yhdistyneess\u00e4 kuningaskunnassa. Vieraile sen keskiaikaisessa linnassa ja museoissa.","robots":{"index":"index","follow":"follow","max-snippet":"max-snippet:-1","max-image-preview":"max-image-preview:large","max-video-preview":"max-video-preview:-1"},"canonical":"https:\/\/uk-gb.net\/fi\/edinburgh\/","og_locale":"fi_FI","og_type":"article","og_title":"Vieraile Edinburghissa Skotlannissa - UK GB","og_description":"Tutustu skotlantilaiseen Edinburghiin lomalla Yhdistyneess\u00e4 kuningaskunnassa. Vieraile sen keskiaikaisessa linnassa ja museoissa.","og_url":"https:\/\/uk-gb.net\/fi\/edinburgh\/","og_site_name":"UK GB","article_modified_time":"2026-04-02T10:28:41+00:00","og_image":[{"width":963,"height":398,"url":"https:\/\/uk-gb.net\/wp-content\/uploads\/2025\/01\/edimbourg-e1748002338562.jpg","type":"image\/jpeg"}],"twitter_card":"summary_large_image","twitter_misc":{"Arvioitu lukuaika":"3 minuuttia"},"schema":{"@context":"https:\/\/schema.org","@graph":[{"@type":"WebPage","@id":"https:\/\/uk-gb.net\/fi\/edinburgh\/","url":"https:\/\/uk-gb.net\/fi\/edinburgh\/","name":"Vieraile Edinburghissa Skotlannissa - UK GB","isPartOf":{"@id":"https:\/\/uk-gb.net\/fi\/#website"},"primaryImageOfPage":{"@id":"https:\/\/uk-gb.net\/fi\/edinburgh\/#primaryimage"},"image":{"@id":"https:\/\/uk-gb.net\/fi\/edinburgh\/#primaryimage"},"thumbnailUrl":"https:\/\/uk-gb.net\/wp-content\/uploads\/2025\/01\/edimbourg-1024x377.jpg","datePublished":"2025-01-20T10:37:01+00:00","dateModified":"2026-04-02T10:28:41+00:00","description":"Tutustu skotlantilaiseen Edinburghiin lomalla Yhdistyneess\u00e4 kuningaskunnassa. Vieraile sen keskiaikaisessa linnassa ja museoissa.","inLanguage":"fi","potentialAction":[{"@type":"ReadAction","target":["https:\/\/uk-gb.net\/fi\/edinburgh\/"]}]},{"@type":"ImageObject","inLanguage":"fi","@id":"https:\/\/uk-gb.net\/fi\/edinburgh\/#primaryimage","url":"https:\/\/uk-gb.net\/wp-content\/uploads\/2025\/01\/edimbourg-1024x377.jpg","contentUrl":"https:\/\/uk-gb.net\/wp-content\/uploads\/2025\/01\/edimbourg-1024x377.jpg"},{"@type":"WebSite","@id":"https:\/\/uk-gb.net\/fi\/#website","url":"https:\/\/uk-gb.net\/fi\/","name":"UK GB","description":"Travel to the UK","potentialAction":[{"@type":"SearchAction","target":{"@type":"EntryPoint","urlTemplate":"https:\/\/uk-gb.net\/fi\/?s={search_term_string}"},"query-input":{"@type":"PropertyValueSpecification","valueRequired":true,"valueName":"search_term_string"}}],"inLanguage":"fi"}]}},"_links":{"self":[{"href":"https:\/\/uk-gb.net\/fi\/wp-json\/wp\/v2\/pages\/4962","targetHints":{"allow":["GET"]}}],"collection":[{"href":"https:\/\/uk-gb.net\/fi\/wp-json\/wp\/v2\/pages"}],"about":[{"href":"https:\/\/uk-gb.net\/fi\/wp-json\/wp\/v2\/types\/page"}],"author":[{"embeddable":true,"href":"https:\/\/uk-gb.net\/fi\/wp-json\/wp\/v2\/users\/1"}],"replies":[{"embeddable":true,"href":"https:\/\/uk-gb.net\/fi\/wp-json\/wp\/v2\/comments?post=4962"}],"version-history":[{"count":0,"href":"https:\/\/uk-gb.net\/fi\/wp-json\/wp\/v2\/pages\/4962\/revisions"}],"wp:attachment":[{"href":"https:\/\/uk-gb.net\/fi\/wp-json\/wp\/v2\/media?parent=4962"}],"curies":[{"name":"wp","href":"https:\/\/api.w.org\/{rel}","templated":true}]}}