{"id":4560,"date":"2025-01-15T13:03:38","date_gmt":"2025-01-15T13:03:38","guid":{"rendered":"https:\/\/uk-gb.net\/cambridge\/"},"modified":"2026-02-05T14:36:26","modified_gmt":"2026-02-05T14:36:26","slug":"cambridge","status":"publish","type":"page","link":"https:\/\/uk-gb.net\/fi\/cambridge\/","title":{"rendered":"Vieraile Cambridgessa ja sen keskiaikaisessa arkkitehtuurissa"},"content":{"rendered":"\n<h1 class=\"wp-block-heading\">Vieraile Cambridgessa It\u00e4-Englannissa<\/h1>\n\n<p>It\u00e4-Englannissa sijaitseva <a href=\"https:\/\/en.wikipedia.org\/wiki\/Cambridge\">Cambridge on kaupunki,<\/a> joka on kuuluisa maailmankuulusta yliopistostaan ja keskiaikaisesta arkkitehtuuristaan. Cambridgen majesteettiset colleget, rauhalliset puutarhat ja monipuolinen kulttuuritarjonta tekev\u00e4t Cambridgesta pakollisen matkakohteen historian, tiedon ja luonnonkauneuden yst\u00e4ville.<\/p>\n\n<figure class=\"wp-block-image size-full\"><img fetchpriority=\"high\" decoding=\"async\" width=\"1025\" height=\"476\" src=\"https:\/\/uk-gb.net\/wp-content\/uploads\/2025\/01\/Cambridge.jpg\" alt=\"\" class=\"wp-image-4533\" srcset=\"https:\/\/uk-gb.net\/wp-content\/uploads\/2025\/01\/Cambridge.jpg 1025w, https:\/\/uk-gb.net\/wp-content\/uploads\/2025\/01\/Cambridge-300x139.jpg 300w, https:\/\/uk-gb.net\/wp-content\/uploads\/2025\/01\/Cambridge-768x357.jpg 768w\" sizes=\"(max-width: 1025px) 100vw, 1025px\" \/><figcaption class=\"wp-element-caption\">Kings College Chapel Cambridge<\/figcaption><\/figure>\n\n<div style=\"height:10px\" aria-hidden=\"true\" class=\"wp-block-spacer\"><\/div>\n\n<h2 class=\"wp-block-heading\">Miksi kannattaa k\u00e4yd\u00e4 Cambridgessa?<\/h2>\n\n<p>Cambridgess\u00e4 on ainutlaatuinen ilmapiiri, jossa yhdistyv\u00e4t akateemiset perinteet ja nykyaikaisuus. Sen arvostetut korkeakoulut, historialliset kirjastot ja vieh\u00e4tt\u00e4v\u00e4t maisemat tekev\u00e4t siit\u00e4 kiehtovan matkakohteen. Haluatpa sitten tutustua kiehtoviin museoihin, meloa Cam-joella tai vaeltaa historian t\u00e4ytt\u00e4mill\u00e4 kapeilla kaduilla, Cambridgessa on jokaiselle jotakin.  <\/p>\n\n<div style=\"height:10px\" aria-hidden=\"true\" class=\"wp-block-spacer\"><\/div>\n\n<h2 class=\"wp-block-heading\">V\u00e4ltt\u00e4m\u00e4tt\u00f6m\u00e4t tavarat<\/h2>\n\n<ul class=\"wp-block-list\">\n<li><a href=\"https:\/\/www.cam.ac.uk\/\">Cambridgen yliopisto<\/a>: Tutustu kuuluisiin collegeihin, kuten King&#8217;s Collegeen, Trinity Collegeen ja St John&#8217;s Collegeen.<\/li>\n\n\n\n<li><a href=\"https:\/\/www.kings.cam.ac.uk\/chapel\">King&#8217;s College Chapel<\/a>: Goottilaisen arkkitehtuurin mestariteos, joka on tunnettu upeista lasimaalauksista.<\/li>\n\n\n\n<li><a href=\"https:\/\/www.fitzmuseum.cam.ac.uk\/\">Fitzwilliam Museum<\/a>: Taide- ja antiikkimuseo, jossa on vaikuttavia kokoelmia.<\/li>\n\n\n\n<li><a href=\"https:\/\/puntcambridge.co.uk\/cambridge-backs\/\">The Backs<\/a>: Nauti upeista n\u00e4kymist\u00e4 kollegioille n\u00e4ist\u00e4 jokirannan puutarhoista.<\/li>\n\n\n\n<li><a href=\"https:\/\/www.botanic.cam.ac.uk\/\">Cambridgen yliopiston kasvitieteellinen puutarha<\/a>: Rauhan tyyssija, jossa on laaja kokoelma kasveja kaikkialta maailmasta.<\/li>\n\n\n\n<li><a href=\"https:\/\/www.visitcambridge.org\/place-categories\/punting\/\">Kanoottiveneily Cam-joella<\/a>: ikoninen aktiviteetti Cambridgen ihailuun vedest\u00e4 k\u00e4sin.<\/li>\n<\/ul>\n\n<div style=\"height:10px\" aria-hidden=\"true\" class=\"wp-block-spacer\"><\/div>\n\n<h2 class=\"wp-block-heading\">Tutkittavia kaupunginosia<\/h2>\n\n<ul class=\"wp-block-list\">\n<li><strong>Kaupungin keskusta<\/strong>: Cambridgen historiallinen syd\u00e4n kauppoineen, kahviloineen ja markkinoineen.<\/li>\n\n\n\n<li><strong>Mill Road<\/strong>: Eklektinen, monikulttuurinen kaupunginosa, joka on ihanteellinen ravintoloille ja itsen\u00e4isille kaupoille.<\/li>\n\n\n\n<li><strong>Newnham<\/strong>: Rauhallinen alue, jossa on joenrantak\u00e4velyj\u00e4 ja viheralueita.<\/li>\n\n\n\n<li><strong>Chesterton<\/strong>: T\u00e4ydellinen paikka aitoon paikallistunnelmaan ja perinteisiin pubeihin tutustumiseen.<\/li>\n<\/ul>\n\n<div style=\"height:10px\" aria-hidden=\"true\" class=\"wp-block-spacer\"><\/div>\n\n<h2 class=\"wp-block-heading\">K\u00e4yt\u00e4nn\u00f6n vinkkej\u00e4 Cambridgessa vierailuun<\/h2>\n\n<figure class=\"wp-block-table\"><table><tbody><tr><th>Aspect<\/th><th>Yksityiskohdat<\/th><\/tr><tr><td><strong>Liikenne<\/strong><\/td><td>Lontoosta p\u00e4\u00e4see junalla, ja kaupunkiin voi tutustua k\u00e4vellen tai py\u00f6r\u00e4ll\u00e4.<\/td><\/tr><tr><td><strong>Hosting<\/strong><\/td><td>Vaihtoehdot vaihtelevat vieh\u00e4tt\u00e4vist\u00e4 aamiaismajoituksista huippuluokan hotelleihin.<\/td><\/tr><tr><td><strong>Valuutta<\/strong><\/td><td>Englannin punta (\u00a3). Kosketuksettomat maksut hyv\u00e4ksyt\u00e4\u00e4n l\u00e4hes kaikkialla. <\/td><\/tr><tr><td><strong>Kieli<\/strong><\/td><td>Englanniksi.<\/td><\/tr><tr><td><strong>S\u00e4\u00e4<\/strong><\/td><td>Ota mukaan sateenvarjo, jos sataa usein.<\/td><\/tr><tr><td><strong>Visa<\/strong><\/td><td>Muista tarkistaa, tarvitsetko <a href=\"https:\/\/uk-gb.net\/fi\/viisumi-cambridgeen\/\" type=\"page\" id=\"710\">matkustamiseen Cambridgen viisumin<\/a>.<\/td><\/tr><\/tbody><\/table><\/figure>\n\n<div style=\"height:10px\" aria-hidden=\"true\" class=\"wp-block-spacer\"><\/div>\n\n<h2 class=\"wp-block-heading\">Miss\u00e4 sy\u00f6d\u00e4?<\/h2>\n\n<ul class=\"wp-block-list\">\n<li><a href=\"https:\/\/midsummerhouse.co.uk\/\">Midsummer House<\/a>: Michelin-t\u00e4hdell\u00e4 palkittu ravintola, joka tarjoaa hienostunutta ruokaa.<\/li>\n\n\n\n<li><a href=\"https:\/\/www.greeneking.co.uk\/pubs\/cambridgeshire\/eagle\">The Eagle<\/a>: Historiallinen pubi, jossa tutkijat Watson ja Crick ilmoittivat DNA:n l\u00f6yt\u00e4misest\u00e4.<\/li>\n\n\n\n<li><a href=\"https:\/\/www.fitzbillies.com\/\">Fitzbillies<\/a>: Kuuluisa herkullisista Chelsean pullista.<\/li>\n\n\n\n<li><a href=\"https:\/\/www.theorchardteagarden.co.uk\/\">The Orchard Tea Garden<\/a>: Vieh\u00e4tt\u00e4v\u00e4 paikka nauttia perinteinen kuppi teet\u00e4.<\/li>\n\n\n\n<li><a href=\"https:\/\/cambridgechophouse.co.uk\/\">St John&#8217;s Chop House<\/a>: T\u00e4ydellinen paikka nauttia klassisia brittil\u00e4isi\u00e4 ruokia viihtyis\u00e4ss\u00e4 ymp\u00e4rist\u00f6ss\u00e4.<\/li>\n<\/ul>\n\n<div style=\"height:10px\" aria-hidden=\"true\" class=\"wp-block-spacer\"><\/div>\n\n<h2 class=\"wp-block-heading\">Milloin sinun pit\u00e4isi l\u00e4hte\u00e4?<\/h2>\n\n<p>Cambridge on miellytt\u00e4v\u00e4 matkakohde ymp\u00e4ri vuoden, mutta kev\u00e4t ja kes\u00e4 ovat erityisen ihanteellisia. Kev\u00e4\u00e4ll\u00e4 puutarhat ovat t\u00e4ydess\u00e4 kukassa, ja kes\u00e4 sopii erinomaisesti ulkoilma-aktiviteetteihin, kuten veneilyyn. Syksy tarjoaa rauhallisen ilmapiirin ja upeat v\u00e4rit, kun taas talvi tuo mukanaan rauhallisen ja juhlavan ilmapiirin, joka sopii erinomaisesti joulumarkkinoihin tutustumiseen.  <\/p>\n\n<div style=\"height:10px\" aria-hidden=\"true\" class=\"wp-block-spacer\"><\/div>\n\n<h2 class=\"wp-block-heading\">P\u00e4\u00e4telm\u00e4<\/h2>\n\n<p><a href=\"https:\/\/en.wikipedia.org\/wiki\/Cambridge\">Cambridge on<\/a> kiehtova kaupunki, jossa yhdistyv\u00e4t historia, kulttuuri ja luonto. Majesteettisten kollegioidensa, vaikuttavien museoidensa ja lumoavien puitteidensa ansiosta se tarjoaa ikimuistoisen pakopaikan kaikille vierailijoille. Valmistaudu tutkimaan t\u00e4t\u00e4 englantilaista jalokive\u00e4 ja l\u00f6yt\u00e4m\u00e4\u00e4n sen ainutlaatuinen vieh\u00e4tysvoima!<\/p>\n\n<p>Jos haluat lis\u00e4\u00e4 neuvoja tai henkil\u00f6kohtaisia suosituksia, \u00e4l\u00e4 ep\u00e4r\u00f6i tutustua muihin Englannin t\u00e4rkeimpi\u00e4 kaupunkeja k\u00e4sitteleviin oppaisiin. Tietolehtemme k\u00e4sittelev\u00e4t <a href=\"https:\/\/uk-gb.net\/fi\/lontoo\/\">Lontoota<\/a>, <a href=\"https:\/\/uk-gb.net\/fi\/oxford\/\">Oxfordia<\/a>, <a href=\"https:\/\/uk-gb.net\/fi\/liverpool\/\">Liverpoolia<\/a> ja <a href=\"https:\/\/uk-gb.net\/fi\/manchester\/\">Manchesteria<\/a>. \u00c4l\u00e4 unohda, ett\u00e4 sinun on valmisteltava <a href=\"https:\/\/uk-gb.net\/fi\/viisumi-uk\/\">Yhdistyneeseen kuningaskuntaan matkustamiseen liittyv\u00e4t muodollisuudet<\/a> ennen kuin l\u00e4hdet Cambridgeen.  <\/p>\n\n<p><\/p>\n","protected":false},"excerpt":{"rendered":"<p>Vieraile Cambridgessa It\u00e4-Englannissa It\u00e4-Englannissa sijaitseva Cambridge on kaupunki, joka on kuuluisa maailmankuulusta yliopistostaan ja keskiaikaisesta arkkitehtuuristaan. Cambridgen majesteettiset colleget, rauhalliset puutarhat ja monipuolinen kulttuuritarjonta tekev\u00e4t Cambridgesta pakollisen matkakohteen historian, tiedon ja luonnonkauneuden yst\u00e4ville. Miksi kannattaa k\u00e4yd\u00e4 Cambridgessa? Cambridgess\u00e4 on ainutlaatuinen ilmapiiri, jossa yhdistyv\u00e4t akateemiset perinteet ja nykyaikaisuus. Sen arvostetut korkeakoulut, historialliset kirjastot ja vieh\u00e4tt\u00e4v\u00e4t maisemat [&hellip;]<\/p>\n","protected":false},"author":1,"featured_media":0,"parent":0,"menu_order":0,"comment_status":"closed","ping_status":"closed","template":"","meta":{"footnotes":""},"class_list":["post-4560","page","type-page","status-publish","hentry"],"yoast_head":"<!-- This site is optimized with the Yoast SEO plugin v27.3 - https:\/\/yoast.com\/product\/yoast-seo-wordpress\/ -->\n<title>Vieraile Cambridgessa ja sen keskiaikaisessa arkkitehtuurissa - UK GB<\/title>\n<meta name=\"description\" content=\"Vieraile It\u00e4-Englannissa sijaitsevassa Cambridgen historiallisessa kaupungissa lomalla Yhdistyneess\u00e4 kuningaskunnassa.\" \/>\n<meta name=\"robots\" content=\"index, follow, max-snippet:-1, max-image-preview:large, max-video-preview:-1\" \/>\n<link rel=\"canonical\" href=\"https:\/\/uk-gb.net\/fi\/cambridge\/\" \/>\n<meta property=\"og:locale\" content=\"fi_FI\" \/>\n<meta property=\"og:type\" content=\"article\" \/>\n<meta property=\"og:title\" content=\"Vieraile Cambridgessa ja sen keskiaikaisessa arkkitehtuurissa - UK GB\" \/>\n<meta property=\"og:description\" content=\"Vieraile It\u00e4-Englannissa sijaitsevassa Cambridgen historiallisessa kaupungissa lomalla Yhdistyneess\u00e4 kuningaskunnassa.\" \/>\n<meta property=\"og:url\" content=\"https:\/\/uk-gb.net\/fi\/cambridge\/\" \/>\n<meta property=\"og:site_name\" content=\"UK GB\" \/>\n<meta property=\"article:modified_time\" content=\"2026-02-05T14:36:26+00:00\" \/>\n<meta property=\"og:image\" content=\"https:\/\/uk-gb.net\/wp-content\/uploads\/2025\/01\/Cambridge.jpg\" \/>\n\t<meta property=\"og:image:width\" content=\"1025\" \/>\n\t<meta property=\"og:image:height\" content=\"476\" \/>\n\t<meta property=\"og:image:type\" content=\"image\/jpeg\" \/>\n<meta name=\"twitter:card\" content=\"summary_large_image\" \/>\n<meta name=\"twitter:label1\" content=\"Arvioitu lukuaika\" \/>\n\t<meta name=\"twitter:data1\" content=\"2 minuuttia\" \/>\n<script type=\"application\/ld+json\" class=\"yoast-schema-graph\">{\"@context\":\"https:\\\/\\\/schema.org\",\"@graph\":[{\"@type\":\"WebPage\",\"@id\":\"https:\\\/\\\/uk-gb.net\\\/fi\\\/cambridge\\\/\",\"url\":\"https:\\\/\\\/uk-gb.net\\\/fi\\\/cambridge\\\/\",\"name\":\"Vieraile Cambridgessa ja sen keskiaikaisessa arkkitehtuurissa - UK GB\",\"isPartOf\":{\"@id\":\"https:\\\/\\\/uk-gb.net\\\/fi\\\/#website\"},\"primaryImageOfPage\":{\"@id\":\"https:\\\/\\\/uk-gb.net\\\/fi\\\/cambridge\\\/#primaryimage\"},\"image\":{\"@id\":\"https:\\\/\\\/uk-gb.net\\\/fi\\\/cambridge\\\/#primaryimage\"},\"thumbnailUrl\":\"https:\\\/\\\/uk-gb.net\\\/wp-content\\\/uploads\\\/2025\\\/01\\\/Cambridge.jpg\",\"datePublished\":\"2025-01-15T13:03:38+00:00\",\"dateModified\":\"2026-02-05T14:36:26+00:00\",\"description\":\"Vieraile It\u00e4-Englannissa sijaitsevassa Cambridgen historiallisessa kaupungissa lomalla Yhdistyneess\u00e4 kuningaskunnassa.\",\"inLanguage\":\"fi\",\"potentialAction\":[{\"@type\":\"ReadAction\",\"target\":[\"https:\\\/\\\/uk-gb.net\\\/fi\\\/cambridge\\\/\"]}]},{\"@type\":\"ImageObject\",\"inLanguage\":\"fi\",\"@id\":\"https:\\\/\\\/uk-gb.net\\\/fi\\\/cambridge\\\/#primaryimage\",\"url\":\"https:\\\/\\\/uk-gb.net\\\/wp-content\\\/uploads\\\/2025\\\/01\\\/Cambridge.jpg\",\"contentUrl\":\"https:\\\/\\\/uk-gb.net\\\/wp-content\\\/uploads\\\/2025\\\/01\\\/Cambridge.jpg\"},{\"@type\":\"WebSite\",\"@id\":\"https:\\\/\\\/uk-gb.net\\\/fi\\\/#website\",\"url\":\"https:\\\/\\\/uk-gb.net\\\/fi\\\/\",\"name\":\"UK GB\",\"description\":\"Travel to the UK\",\"potentialAction\":[{\"@type\":\"SearchAction\",\"target\":{\"@type\":\"EntryPoint\",\"urlTemplate\":\"https:\\\/\\\/uk-gb.net\\\/fi\\\/?s={search_term_string}\"},\"query-input\":{\"@type\":\"PropertyValueSpecification\",\"valueRequired\":true,\"valueName\":\"search_term_string\"}}],\"inLanguage\":\"fi\"}]}<\/script>\n<!-- \/ Yoast SEO plugin. -->","yoast_head_json":{"title":"Vieraile Cambridgessa ja sen keskiaikaisessa arkkitehtuurissa - UK GB","description":"Vieraile It\u00e4-Englannissa sijaitsevassa Cambridgen historiallisessa kaupungissa lomalla Yhdistyneess\u00e4 kuningaskunnassa.","robots":{"index":"index","follow":"follow","max-snippet":"max-snippet:-1","max-image-preview":"max-image-preview:large","max-video-preview":"max-video-preview:-1"},"canonical":"https:\/\/uk-gb.net\/fi\/cambridge\/","og_locale":"fi_FI","og_type":"article","og_title":"Vieraile Cambridgessa ja sen keskiaikaisessa arkkitehtuurissa - UK GB","og_description":"Vieraile It\u00e4-Englannissa sijaitsevassa Cambridgen historiallisessa kaupungissa lomalla Yhdistyneess\u00e4 kuningaskunnassa.","og_url":"https:\/\/uk-gb.net\/fi\/cambridge\/","og_site_name":"UK GB","article_modified_time":"2026-02-05T14:36:26+00:00","og_image":[{"width":1025,"height":476,"url":"https:\/\/uk-gb.net\/wp-content\/uploads\/2025\/01\/Cambridge.jpg","type":"image\/jpeg"}],"twitter_card":"summary_large_image","twitter_misc":{"Arvioitu lukuaika":"2 minuuttia"},"schema":{"@context":"https:\/\/schema.org","@graph":[{"@type":"WebPage","@id":"https:\/\/uk-gb.net\/fi\/cambridge\/","url":"https:\/\/uk-gb.net\/fi\/cambridge\/","name":"Vieraile Cambridgessa ja sen keskiaikaisessa arkkitehtuurissa - UK GB","isPartOf":{"@id":"https:\/\/uk-gb.net\/fi\/#website"},"primaryImageOfPage":{"@id":"https:\/\/uk-gb.net\/fi\/cambridge\/#primaryimage"},"image":{"@id":"https:\/\/uk-gb.net\/fi\/cambridge\/#primaryimage"},"thumbnailUrl":"https:\/\/uk-gb.net\/wp-content\/uploads\/2025\/01\/Cambridge.jpg","datePublished":"2025-01-15T13:03:38+00:00","dateModified":"2026-02-05T14:36:26+00:00","description":"Vieraile It\u00e4-Englannissa sijaitsevassa Cambridgen historiallisessa kaupungissa lomalla Yhdistyneess\u00e4 kuningaskunnassa.","inLanguage":"fi","potentialAction":[{"@type":"ReadAction","target":["https:\/\/uk-gb.net\/fi\/cambridge\/"]}]},{"@type":"ImageObject","inLanguage":"fi","@id":"https:\/\/uk-gb.net\/fi\/cambridge\/#primaryimage","url":"https:\/\/uk-gb.net\/wp-content\/uploads\/2025\/01\/Cambridge.jpg","contentUrl":"https:\/\/uk-gb.net\/wp-content\/uploads\/2025\/01\/Cambridge.jpg"},{"@type":"WebSite","@id":"https:\/\/uk-gb.net\/fi\/#website","url":"https:\/\/uk-gb.net\/fi\/","name":"UK GB","description":"Travel to the UK","potentialAction":[{"@type":"SearchAction","target":{"@type":"EntryPoint","urlTemplate":"https:\/\/uk-gb.net\/fi\/?s={search_term_string}"},"query-input":{"@type":"PropertyValueSpecification","valueRequired":true,"valueName":"search_term_string"}}],"inLanguage":"fi"}]}},"_links":{"self":[{"href":"https:\/\/uk-gb.net\/fi\/wp-json\/wp\/v2\/pages\/4560","targetHints":{"allow":["GET"]}}],"collection":[{"href":"https:\/\/uk-gb.net\/fi\/wp-json\/wp\/v2\/pages"}],"about":[{"href":"https:\/\/uk-gb.net\/fi\/wp-json\/wp\/v2\/types\/page"}],"author":[{"embeddable":true,"href":"https:\/\/uk-gb.net\/fi\/wp-json\/wp\/v2\/users\/1"}],"replies":[{"embeddable":true,"href":"https:\/\/uk-gb.net\/fi\/wp-json\/wp\/v2\/comments?post=4560"}],"version-history":[{"count":0,"href":"https:\/\/uk-gb.net\/fi\/wp-json\/wp\/v2\/pages\/4560\/revisions"}],"wp:attachment":[{"href":"https:\/\/uk-gb.net\/fi\/wp-json\/wp\/v2\/media?parent=4560"}],"curies":[{"name":"wp","href":"https:\/\/api.w.org\/{rel}","templated":true}]}}