{"id":4473,"date":"2025-01-14T10:24:28","date_gmt":"2025-01-14T10:24:28","guid":{"rendered":"https:\/\/uk-gb.net\/oxford\/"},"modified":"2025-08-28T13:57:43","modified_gmt":"2025-08-28T12:57:43","slug":"oxford","status":"publish","type":"page","link":"https:\/\/uk-gb.net\/fi\/oxford\/","title":{"rendered":"Vieraile Oxfordissa"},"content":{"rendered":"\n<h1 class=\"wp-block-heading\">Vieraile Oxfordin yliopistokaupungissa<\/h1>\n\n<p>Englannin syd\u00e4mess\u00e4 sijaitseva Oxford on maailmankuulu arvostetusta yliopistostaan, rikkaasta arkkitehtuuristaan ja \u00e4lyllisest\u00e4 ilmapiirist\u00e4\u00e4n. Ihmisen mittakaavassa oleva kaupunki, jossa yhdistyv\u00e4t historia, kulttuuri ja vehreys, tarjoaa yht\u00e4 lailla rikastuttavan kuin eksoottisenkin pakomatkan alle kahden tunnin matkan p\u00e4\u00e4ss\u00e4 Lontoosta. <\/p>\n\n<h2 class=\"wp-block-heading\">Miksi k\u00e4yd\u00e4 Oxfordissa?<\/h2>\n\n<p>Oxford houkuttelee k\u00e4vij\u00f6it\u00e4 kaikkialta maailmasta 800 vuotta vanhan yliopistoperint\u00f6ns\u00e4 ansiosta. Kaupunki tarjoaa ainutlaatuisen el\u00e4myksen: k\u00e4vele keskiaikaisilla kaduilla, vieraile historiallisissa collegeissa ja tutustu poikkeuksellisiin museoihin rauhallisessa ja tyylikk\u00e4\u00e4ss\u00e4 ilmapiiriss\u00e4. Oxford tarjoaa jokaiselle jotakin, niin kulttuurin yst\u00e4ville kuin historiaa tai vieh\u00e4tt\u00e4vi\u00e4 maisemia etsiville uteliaille.  <\/p>\n\n<h2 class=\"wp-block-heading\">Oxfordin pakolliset n\u00e4ht\u00e4vyydet<\/h2>\n\n<ul class=\"wp-block-list\">\n<li><a href=\"https:\/\/www.ox.ac.uk\/\">Oxfordin yliopisto<\/a>: Yksi maailman vanhimmista yliopistoista, joka koostuu arkkitehtuuriltaan upeista kollegioista.<\/li>\n\n\n\n<li><a href=\"https:\/\/www.bodleian.ox.ac.uk\/home\">Bodleian Library<\/a>: Historiallinen kirjasto, jolla on vertaansa vailla oleva vieh\u00e4tysvoima ja jota k\u00e4ytet\u00e4\u00e4n usein elokuvien kuvauspaikkana.<\/li>\n\n\n\n<li><a href=\"https:\/\/www.bodleian.ox.ac.uk\/libraries\/radcliffe-camera\">Radcliffe-kamera<\/a>: Radcliffe Camera: T\u00e4m\u00e4 py\u00f6re\u00e4 rakennus on kaupungin ikoninen symboli ja arkkitehtoninen mestariteos.<\/li>\n\n\n\n<li><a href=\"https:\/\/www.ashmolean.org\/\">Ashmolean Museum<\/a>: Maailman johtava yliopistomuseo, jonka kokoelmat ulottuvat muinaisesta Egyptist\u00e4 nykytaiteeseen.<\/li>\n\n\n\n<li><a href=\"https:\/\/oxford-coveredmarket.co.uk\/\">Oxfordin katetut markkinat<\/a>: Vilkkaat katetut markkinat, joilla voi maistella paikallisia erikoisuuksia.<\/li>\n\n\n\n<li><a href=\"https:\/\/www.chch.ox.ac.uk\/cathedral\">Christ Churchin katedraali<\/a>: Kuuluisa yhteyksist\u00e4\u00e4n <em>Harry Potteriin<\/em> ja upeista puutarhoistaan.<\/li>\n\n\n\n<li><a href=\"https:\/\/www.magd.ox.ac.uk\/about-magdalen-college\/\">Magdalen College &amp; Deer Park<\/a>: Rauhallinen paikka, jossa luonto, historia ja paikallinen villiel\u00e4imist\u00f6 kohtaavat.<\/li>\n<\/ul>\n\n<div style=\"height:10px\" aria-hidden=\"true\" class=\"wp-block-spacer\"><\/div>\n\n<h2 class=\"wp-block-heading\">Tutkittavia kaupunginosia<\/h2>\n\n<ul class=\"wp-block-list\">\n<li><strong>Kaupungin keskusta<\/strong>: Oxfordin vilkas syd\u00e4n kirjakauppoineen, opiskelijakahviloineen ja historiallisine rakennuksineen.<\/li>\n\n\n\n<li><strong>Jeriko<\/strong>: Boheemi kaupunginosa, jossa on pieni\u00e4 teattereita, viihtyisi\u00e4 pubeja ja trendikk\u00e4it\u00e4 ravintoloita.<\/li>\n\n\n\n<li><strong>Cowley Road<\/strong>: Tunnettu kulttuurisesta monimuotoisuudestaan ja vilkkaasta y\u00f6el\u00e4m\u00e4st\u00e4\u00e4n.<\/li>\n\n\n\n<li><strong>Pohjois-Oxford<\/strong>: Vehre\u00e4 asuinalue, joka on opettajien ja perheiden suosiossa.<\/li>\n<\/ul>\n\n<div style=\"height:10px\" aria-hidden=\"true\" class=\"wp-block-spacer\"><\/div>\n\n<h2 class=\"wp-block-heading\">K\u00e4yt\u00e4nn\u00f6n vinkkej\u00e4 Oxfordissa vierailuun<\/h2>\n\n<figure class=\"wp-block-table\"><table><tbody><tr><td><strong>Liikenne<\/strong><\/td><td>Helposti saavutettavissa <a href=\"https:\/\/www.nationalrail.co.uk\/\">junalla Lontoosta<\/a>; k\u00e4yt\u00e4 busseja ja polkupy\u00f6ri\u00e4 kaupungin kiert\u00e4miseen.<\/td><\/tr><tr><td><strong>Hosting<\/strong><\/td><td>Erilaisia vaihtoehtoja vieh\u00e4tt\u00e4vist\u00e4 aamiaismajoituksista luksushotelleihin.<\/td><\/tr><tr><td><strong>Valuutta<\/strong><\/td><td>Englannin punta (\u00a3). Koskettamattomat maksut hyv\u00e4ksyt\u00e4\u00e4n laajalti. <\/td><\/tr><tr><td><strong>Kieli<\/strong><\/td><td>Englanniksi.<\/td><\/tr><tr><td><strong>S\u00e4\u00e4<\/strong><\/td><td>Ota mukaan sateenvarjo, sill\u00e4 sade on yleist\u00e4 vuodenajasta riippumatta.<\/td><\/tr><tr><td><strong>Muodollisuudet<\/strong><\/td><td>Tarkista, tarvitsetko <a href=\"https:\/\/uk-gb.net\/fi\/viisumi-oxfordiin\/\">Oxford-viisumin<\/a> vai <a href=\"https:\/\/uk-gb.net\/fi\/eta-englanti-iso-britannia\/\">Yhdistyneen kuningaskunnan ETA-viisumin<\/a>.<\/td><\/tr><\/tbody><\/table><\/figure>\n\n<h2 class=\"wp-block-heading\">Miss\u00e4 sy\u00f6d\u00e4 Oxfordissa<\/h2>\n\n<ul class=\"wp-block-list\">\n<li><a href=\"https:\/\/www.handlebaroxford.co.uk\/\">The Handle Bar Caf\u00e9 &amp; Kitchen<\/a>: paikallista ruokaa, luomutuotteita, l\u00e4mmin tunnelma.<\/li>\n\n\n\n<li><a href=\"https:\/\/oldbookbinders.co.uk\/\">The Old Bookbinders<\/a>: Tyypillinen ranskalais-brittil\u00e4inen pubi Jerikon kaupunginosassa.<\/li>\n\n\n\n<li><a href=\"https:\/\/www.thevaultsandgarden.com\/\">Vaults &amp; Garden Caf\u00e9<\/a>: Rauhallinen lounas entisess\u00e4 yliopistorakennuksessa.<\/li>\n\n\n\n<li><a href=\"https:\/\/www.quod.co.uk\/\">Quod Restaurant &amp; Bar<\/a>: Entisess\u00e4 pankissa sijaitseva tyylik\u00e4s ravintola.<\/li>\n\n\n\n<li><a href=\"https:\/\/www.gdcafe.com\/web\/\">G&amp;D&#8217;s Ice Cream Caf\u00e9<\/a>: paikallinen instituutio kotitekoisen j\u00e4\u00e4tel\u00f6n osalta.<\/li>\n<\/ul>\n\n<div style=\"height:10px\" aria-hidden=\"true\" class=\"wp-block-spacer\"><\/div>\n\n<h2 class=\"wp-block-heading\">Milloin sinun pit\u00e4isi vierailla Oxfordissa?<\/h2>\n\n<p>Paras aika vierailla Oxfordissa on toukokuusta syyskuuhun, jolloin l\u00e4mp\u00f6tila on miellytt\u00e4v\u00e4 ja yliopiston puutarhat kukkivat. Kes\u00e4 tarjoaa vilkasta tunnelmaa opiskelijatapahtumien, kulttuurifestivaalien ja ulkoilmakonserttien ansiosta. Kev\u00e4t ja syksy ovat my\u00f6s rauhallisempaa aikaa tutustua, ja turisteja on v\u00e4hemm\u00e4n. Varaudu Englannille tyypilliseen vaihtelevaan s\u00e4\u00e4h\u00e4n, \u00e4l\u00e4k\u00e4 unohda sateenvarjoasi!   <\/p>\n\n<h2 class=\"wp-block-heading\">P\u00e4\u00e4telm\u00e4<\/h2>\n\n<p>Oxford on ihanteellinen kohde niille, jotka haluavat yhdist\u00e4\u00e4 kulttuurin, historian ja hiljaisuuden lumoavassa ymp\u00e4rist\u00f6ss\u00e4. Oxfordissa on v\u00e4hemm\u00e4n v\u00e4ke\u00e4 kuin <a href=\"https:\/\/uk-gb.net\/fi\/lontoo\/\">Lontoossa<\/a>, mutta yht\u00e4 rikas kulttuuriperint\u00f6. Siell\u00e4 on hienovaraista eleganssia, vilkasta yliopistoel\u00e4m\u00e4\u00e4 ja bukolisia k\u00e4velyretki\u00e4. Jos pid\u00e4t Cambridgen \u00e4lyllisest\u00e4 ilmapiirist\u00e4, <a href=\"https:\/\/uk-gb.net\/fi\/manchester\/\">Manchesterin<\/a> vieh\u00e4tyksest\u00e4 tai Edinburghin maaseudusta, Oxford on ehdoton valinta.   <\/p>\n\n<p>Oxfordissa vierailuun liittyv\u00e4t muodollisuudet riippuvat kansalaisuudestasi. Euroopan unionin ja monien muiden maiden kansalaisten on nyt hankittava <a href=\"https:\/\/uk-gb.net\/fi\/eta-englanti-iso-britannia\/\">s\u00e4hk\u00f6inen matkustuslupa<\/a> (ETA), jos heill\u00e4 ei ole <a href=\"https:\/\/uk-gb.net\/fi\/viisumi-uk\/\">viisumia Englantiin<\/a>. <\/p>\n\n<p>ETA-lupaa Yhdistyneeseen kuningaskuntaan on haettava verkossa <a href=\"https:\/\/uk-gb.net\/fi\/iphone-hakemus-eta-viisumi-englantiin\/\">virallisen IPhone-sovelluksen<\/a> kautta. T\u00e4m\u00e4 ei koske Irlannin kansalaisia ja Yhdistyneess\u00e4 kuningaskunnassa asuvia henkil\u00f6it\u00e4. <\/p>\n","protected":false},"excerpt":{"rendered":"<p>Vieraile Oxfordin yliopistokaupungissa Englannin syd\u00e4mess\u00e4 sijaitseva Oxford on maailmankuulu arvostetusta yliopistostaan, rikkaasta arkkitehtuuristaan ja \u00e4lyllisest\u00e4 ilmapiirist\u00e4\u00e4n. Ihmisen mittakaavassa oleva kaupunki, jossa yhdistyv\u00e4t historia, kulttuuri ja vehreys, tarjoaa yht\u00e4 lailla rikastuttavan kuin eksoottisenkin pakomatkan alle kahden tunnin matkan p\u00e4\u00e4ss\u00e4 Lontoosta. Miksi k\u00e4yd\u00e4 Oxfordissa? Oxford houkuttelee k\u00e4vij\u00f6it\u00e4 kaikkialta maailmasta 800 vuotta vanhan yliopistoperint\u00f6ns\u00e4 ansiosta. Kaupunki tarjoaa ainutlaatuisen [&hellip;]<\/p>\n","protected":false},"author":1,"featured_media":0,"parent":0,"menu_order":0,"comment_status":"closed","ping_status":"closed","template":"","meta":{"footnotes":""},"class_list":["post-4473","page","type-page","status-publish","hentry"],"yoast_head":"<!-- This site is optimized with the Yoast SEO plugin v27.4 - https:\/\/yoast.com\/product\/yoast-seo-wordpress\/ -->\n<title>Vieraile Oxfordissa - UK GB<\/title>\n<meta name=\"description\" content=\"Klikkaa t\u00e4st\u00e4, niin saat kaikki parhaat vinkkimme Oxfordin upeaan englantilaiseen kaupunkiin tutustumiseen lomasi aikana.\" \/>\n<meta name=\"robots\" content=\"index, follow, max-snippet:-1, max-image-preview:large, max-video-preview:-1\" \/>\n<link rel=\"canonical\" href=\"https:\/\/uk-gb.net\/fi\/oxford\/\" \/>\n<meta property=\"og:locale\" content=\"fi_FI\" \/>\n<meta property=\"og:type\" content=\"article\" \/>\n<meta property=\"og:title\" content=\"Vieraile Oxfordissa - UK GB\" \/>\n<meta property=\"og:description\" content=\"Klikkaa t\u00e4st\u00e4, niin saat kaikki parhaat vinkkimme Oxfordin upeaan englantilaiseen kaupunkiin tutustumiseen lomasi aikana.\" \/>\n<meta property=\"og:url\" content=\"https:\/\/uk-gb.net\/fi\/oxford\/\" \/>\n<meta property=\"og:site_name\" content=\"UK GB\" \/>\n<meta property=\"article:modified_time\" content=\"2025-08-28T12:57:43+00:00\" \/>\n<meta name=\"twitter:card\" content=\"summary_large_image\" \/>\n<meta name=\"twitter:label1\" content=\"Arvioitu lukuaika\" \/>\n\t<meta name=\"twitter:data1\" content=\"3 minuuttia\" \/>\n<script type=\"application\/ld+json\" class=\"yoast-schema-graph\">{\"@context\":\"https:\\\/\\\/schema.org\",\"@graph\":[{\"@type\":\"WebPage\",\"@id\":\"https:\\\/\\\/uk-gb.net\\\/fi\\\/oxford\\\/\",\"url\":\"https:\\\/\\\/uk-gb.net\\\/fi\\\/oxford\\\/\",\"name\":\"Vieraile Oxfordissa - UK GB\",\"isPartOf\":{\"@id\":\"https:\\\/\\\/uk-gb.net\\\/fi\\\/#website\"},\"datePublished\":\"2025-01-14T10:24:28+00:00\",\"dateModified\":\"2025-08-28T12:57:43+00:00\",\"description\":\"Klikkaa t\u00e4st\u00e4, niin saat kaikki parhaat vinkkimme Oxfordin upeaan englantilaiseen kaupunkiin tutustumiseen lomasi aikana.\",\"inLanguage\":\"fi\",\"potentialAction\":[{\"@type\":\"ReadAction\",\"target\":[\"https:\\\/\\\/uk-gb.net\\\/fi\\\/oxford\\\/\"]}]},{\"@type\":\"WebSite\",\"@id\":\"https:\\\/\\\/uk-gb.net\\\/fi\\\/#website\",\"url\":\"https:\\\/\\\/uk-gb.net\\\/fi\\\/\",\"name\":\"UK GB\",\"description\":\"Travel to the UK\",\"potentialAction\":[{\"@type\":\"SearchAction\",\"target\":{\"@type\":\"EntryPoint\",\"urlTemplate\":\"https:\\\/\\\/uk-gb.net\\\/fi\\\/?s={search_term_string}\"},\"query-input\":{\"@type\":\"PropertyValueSpecification\",\"valueRequired\":true,\"valueName\":\"search_term_string\"}}],\"inLanguage\":\"fi\"}]}<\/script>\n<!-- \/ Yoast SEO plugin. -->","yoast_head_json":{"title":"Vieraile Oxfordissa - UK GB","description":"Klikkaa t\u00e4st\u00e4, niin saat kaikki parhaat vinkkimme Oxfordin upeaan englantilaiseen kaupunkiin tutustumiseen lomasi aikana.","robots":{"index":"index","follow":"follow","max-snippet":"max-snippet:-1","max-image-preview":"max-image-preview:large","max-video-preview":"max-video-preview:-1"},"canonical":"https:\/\/uk-gb.net\/fi\/oxford\/","og_locale":"fi_FI","og_type":"article","og_title":"Vieraile Oxfordissa - UK GB","og_description":"Klikkaa t\u00e4st\u00e4, niin saat kaikki parhaat vinkkimme Oxfordin upeaan englantilaiseen kaupunkiin tutustumiseen lomasi aikana.","og_url":"https:\/\/uk-gb.net\/fi\/oxford\/","og_site_name":"UK GB","article_modified_time":"2025-08-28T12:57:43+00:00","twitter_card":"summary_large_image","twitter_misc":{"Arvioitu lukuaika":"3 minuuttia"},"schema":{"@context":"https:\/\/schema.org","@graph":[{"@type":"WebPage","@id":"https:\/\/uk-gb.net\/fi\/oxford\/","url":"https:\/\/uk-gb.net\/fi\/oxford\/","name":"Vieraile Oxfordissa - UK GB","isPartOf":{"@id":"https:\/\/uk-gb.net\/fi\/#website"},"datePublished":"2025-01-14T10:24:28+00:00","dateModified":"2025-08-28T12:57:43+00:00","description":"Klikkaa t\u00e4st\u00e4, niin saat kaikki parhaat vinkkimme Oxfordin upeaan englantilaiseen kaupunkiin tutustumiseen lomasi aikana.","inLanguage":"fi","potentialAction":[{"@type":"ReadAction","target":["https:\/\/uk-gb.net\/fi\/oxford\/"]}]},{"@type":"WebSite","@id":"https:\/\/uk-gb.net\/fi\/#website","url":"https:\/\/uk-gb.net\/fi\/","name":"UK GB","description":"Travel to the UK","potentialAction":[{"@type":"SearchAction","target":{"@type":"EntryPoint","urlTemplate":"https:\/\/uk-gb.net\/fi\/?s={search_term_string}"},"query-input":{"@type":"PropertyValueSpecification","valueRequired":true,"valueName":"search_term_string"}}],"inLanguage":"fi"}]}},"_links":{"self":[{"href":"https:\/\/uk-gb.net\/fi\/wp-json\/wp\/v2\/pages\/4473","targetHints":{"allow":["GET"]}}],"collection":[{"href":"https:\/\/uk-gb.net\/fi\/wp-json\/wp\/v2\/pages"}],"about":[{"href":"https:\/\/uk-gb.net\/fi\/wp-json\/wp\/v2\/types\/page"}],"author":[{"embeddable":true,"href":"https:\/\/uk-gb.net\/fi\/wp-json\/wp\/v2\/users\/1"}],"replies":[{"embeddable":true,"href":"https:\/\/uk-gb.net\/fi\/wp-json\/wp\/v2\/comments?post=4473"}],"version-history":[{"count":0,"href":"https:\/\/uk-gb.net\/fi\/wp-json\/wp\/v2\/pages\/4473\/revisions"}],"wp:attachment":[{"href":"https:\/\/uk-gb.net\/fi\/wp-json\/wp\/v2\/media?parent=4473"}],"curies":[{"name":"wp","href":"https:\/\/api.w.org\/{rel}","templated":true}]}}