{"id":4169,"date":"2025-01-11T14:38:52","date_gmt":"2025-01-11T14:38:52","guid":{"rendered":"https:\/\/uk-gb.net\/liverpool\/"},"modified":"2025-07-17T14:30:07","modified_gmt":"2025-07-17T13:30:07","slug":"liverpool","status":"publish","type":"page","link":"https:\/\/uk-gb.net\/fi\/liverpool\/","title":{"rendered":"Liverpoolin kaupunginopas"},"content":{"rendered":"\n<h1 class=\"wp-block-heading\">Vieraile Liverpoolissa Luoteis-Englannissa<\/h1>\n\n<p>Liverpool on satamakaupunki Luoteis-Englannissa. Liverpool on merkitt\u00e4v\u00e4 kulttuurikohde, joka tunnetaan kaikkialla maailmassa Beatlesin syntym\u00e4paikkana. Liverpool on t\u00e4ynn\u00e4 historiaa, ylpe\u00e4 merellisest\u00e4 identiteetist\u00e4\u00e4n ja intohimoinen taiteen, musiikin ja jalkapallon yst\u00e4v\u00e4, joten se on vilkas, yst\u00e4v\u00e4llinen ja j\u00e4nnitt\u00e4v\u00e4 kaupunki, johon kannattaa tutustua.  <\/p>\n\n<figure class=\"wp-block-image size-large\"><img fetchpriority=\"high\" decoding=\"async\" width=\"1024\" height=\"386\" src=\"https:\/\/uk-gb.net\/wp-content\/uploads\/2025\/01\/Liverpool-1024x386.jpg\" alt=\"\" class=\"wp-image-4137\" srcset=\"https:\/\/uk-gb.net\/wp-content\/uploads\/2025\/01\/Liverpool-1024x386.jpg 1024w, https:\/\/uk-gb.net\/wp-content\/uploads\/2025\/01\/Liverpool-300x113.jpg 300w, https:\/\/uk-gb.net\/wp-content\/uploads\/2025\/01\/Liverpool-768x289.jpg 768w, https:\/\/uk-gb.net\/wp-content\/uploads\/2025\/01\/Liverpool-1536x578.jpg 1536w, https:\/\/uk-gb.net\/wp-content\/uploads\/2025\/01\/Liverpool.jpg 2013w\" sizes=\"(max-width: 1024px) 100vw, 1024px\" \/><figcaption class=\"wp-element-caption\">Liverpoolin katedraali<\/figcaption><\/figure>\n\n<div style=\"height:10px\" aria-hidden=\"true\" class=\"wp-block-spacer\"><\/div>\n\n<h2 class=\"wp-block-heading\">Miksi vierailla Liverpoolissa?<\/h2>\n\n<p>Liverpool on kaupunki, jossa on ainutlaatuinen tunnelma. Sen vetovoimaa lis\u00e4\u00e4v\u00e4t sen merellinen menneisyys, joka n\u00e4kyy sen kunnostetuissa satamissa, sen kulttuurinen rikkaus monine museoineen ja sen kaduilla vallitseva musiikillinen ilmapiiri. Taidegallerioista ja legendaarisista stadioneista Merseyn risteilyihin Liverpool tarjoaa kaupunkikokemuksen, joka on sek\u00e4 dynaaminen ett\u00e4 syv\u00e4lle Britannian historiaan juurtunut.  <\/p>\n\n<div style=\"height:10px\" aria-hidden=\"true\" class=\"wp-block-spacer\"><\/div>\n\n<h2 class=\"wp-block-heading\">V\u00e4ltt\u00e4m\u00e4tt\u00f6m\u00e4t tavarat<\/h2>\n\n<ul class=\"wp-block-list\">\n<li><a href=\"https:\/\/www.beatlesstory.com\/\">The Beatles Story<\/a>: interaktiivinen museo, jossa seurataan legendaarisen yhtyeen historiaa.<\/li>\n\n\n\n<li><a href=\"https:\/\/albertdock.com\/\">Royal Albert Dock<\/a>: Entinen satama on muuttunut kulttuurialueeksi, jossa on museoita, kauppoja ja ravintoloita.<\/li>\n\n\n\n<li><a href=\"https:\/\/liverpoolcathedral.org.uk\/\">Liverpoolin katedraali<\/a>: Yksi maailman suurimmista katedraaleista, jonka arkkitehtuuri on vaikuttavaa.<\/li>\n\n\n\n<li><a href=\"https:\/\/www.tate.org.uk\/visit\/tate-liverpool\">Tate Liverpool<\/a>: Satamassa sijaitseva nykytaiteen museon sivuliike.<\/li>\n\n\n\n<li><a href=\"https:\/\/www.liverpoolfc.com\/info\/anfield\">Anfield Stadium<\/a>: Liverpool FC:n legendaarinen stadion, jalkapallofanien pyhiinvaelluspaikka.<\/li>\n\n\n\n<li><a href=\"https:\/\/liverbuildingtour.com\/\">Royal Liver Building<\/a>: Edvardiaanisen arkkitehtuurin mestariteos ja kaupungin symboli.<\/li>\n<\/ul>\n\n<div style=\"height:10px\" aria-hidden=\"true\" class=\"wp-block-spacer\"><\/div>\n\n<h2 class=\"wp-block-heading\">Tutkittavia kaupunginosia<\/h2>\n\n<ul class=\"wp-block-list\">\n<li><strong>Georgian Quarter<\/strong>: Historiallinen alue, jossa on tyylikk\u00e4it\u00e4 katuja ja kauniita vanhoja rakennuksia.<\/li>\n\n\n\n<li><strong>Baltian kolmio<\/strong>: Trendik\u00e4s, nopeasti muuttuva alue, joka on suosittu katutaiteesta, baareista ja kulttuuritapahtumista.<\/li>\n\n\n\n<li><strong>Ropewalks<\/strong>: Vilkas alue, jossa on itsen\u00e4isi\u00e4 kahviloita, ravintoloita ja klubeja.<\/li>\n\n\n\n<li><strong><strong>Rantaviiva<\/strong><\/strong> Merseyn varrella on avoin tila, jossa yhdistyv\u00e4t historia ja nykyaikaisuus.<\/li>\n<\/ul>\n\n<div style=\"height:10px\" aria-hidden=\"true\" class=\"wp-block-spacer\"><\/div>\n\n<h2 class=\"wp-block-heading\">K\u00e4yt\u00e4nn\u00f6n neuvoja<\/h2>\n\n<figure class=\"wp-block-table is-style-regular\"><table><tbody><tr><td><strong>Liikenne<\/strong><\/td><td>Kaupunkiin on hyv\u00e4t juna- ja bussiyhteydet, ja keskustaan p\u00e4\u00e4see helposti k\u00e4vellen.<\/td><\/tr><tr><td><strong>Hosting<\/strong><\/td><td>Hotelleja kaikille budjeteille, erityisesti satamien ja historiallisen keskustan ymp\u00e4rist\u00f6ss\u00e4.<\/td><\/tr><tr><td><strong>Valuutta<\/strong><\/td><td>Englannin punta (\u00a3). Koskettamattomat maksut hyv\u00e4ksyt\u00e4\u00e4n laajalti. <\/td><\/tr><tr><td><strong>Kieli<\/strong><\/td><td>Englanti, jossa on selv\u00e4 ja hyvin tunnistettava paikallinen aksentti.<\/td><\/tr><tr><td><strong>Muodollisuudet<\/strong><\/td><td>Sinun on saatava <a href=\"https:\/\/uk-gb.net\/fi\/eta-englanti-iso-britannia\/\">Yhdistyneen kuningaskunnan ETA<\/a>-tai <a href=\"https:\/\/uk-gb.net\/fi\/viisumi-liverpooliin\/\">viisumi Liverpooliin<\/a>.<\/td><\/tr><tr><td><strong>S\u00e4\u00e4<\/strong><\/td><td>Meri-ilmasto, usein vaihteleva; ota mukaan mackintosh.<\/td><\/tr><\/tbody><\/table><\/figure>\n\n<div style=\"height:10px\" aria-hidden=\"true\" class=\"wp-block-spacer\"><\/div>\n\n<h2 class=\"wp-block-heading\">Miss\u00e4 sy\u00f6d\u00e4?<\/h2>\n\n<ul class=\"wp-block-list\">\n<li><a href=\"https:\/\/www.mowglistreetfood.com\/restaurants\/liverpool-water-street\/\">Mowgli Street Food<\/a>: Tarjoaa modernin ja herkullisen intialaisen ruokakokemuksen.<\/li>\n\n\n\n<li><a href=\"https:\/\/www.panoramic34.com\/\">Panoramic 34<\/a>: Panoraamaravintola, josta on n\u00e4k\u00f6ala kaupunkiin ja Merseylle.<\/li>\n\n\n\n<li><a href=\"https:\/\/www.cavernclub.com\/\">The Cavern Club<\/a>: drinkille legendaarisessa musiikkipaikassa.<\/li>\n\n\n\n<li><a href=\"https:\/\/theartschoolrestaurant.co.uk\/\">The Art School<\/a>: hienostunut gastronomia tyylikk\u00e4\u00e4ss\u00e4, intiimiss\u00e4 ymp\u00e4rist\u00f6ss\u00e4.<\/li>\n\n\n\n<li><a href=\"https:\/\/lunya.co.uk\/liverpool\/\">Lunya<\/a>: Tapaksia ja katalonialaisia tuotteita l\u00e4mpim\u00e4ss\u00e4 ilmapiiriss\u00e4.<\/li>\n<\/ul>\n\n<div style=\"height:10px\" aria-hidden=\"true\" class=\"wp-block-spacer\"><\/div>\n\n<h2 class=\"wp-block-heading\">Milloin sinun pit\u00e4isi l\u00e4hte\u00e4?<\/h2>\n\n<p>Liverpool on upea paikka vierailla kev\u00e4\u00e4st\u00e4 syksyyn. Kes\u00e4 on t\u00e4ydellinen festivaaleille ja k\u00e4velyretkille Merseyn varrella. Kev\u00e4t tarjoaa leudon s\u00e4\u00e4n, joka on ihanteellinen kulttuurivierailuille, ja syksy ilahduttaa museoiden ja viihtyis\u00e4n tunnelman yst\u00e4vi\u00e4. Talvella joulumarkkinat ja juhlakoristeet tuovat kaupunkiin maagisen lis\u00e4n.   <\/p>\n\n<div style=\"height:10px\" aria-hidden=\"true\" class=\"wp-block-spacer\"><\/div>\n\n<h2 class=\"wp-block-heading\">Mit\u00e4 muodollisuuksia Liverpooliin matkustaminen edellytt\u00e4\u00e4?<\/h2>\n\n<p>Kuten mihin tahansa Yhdistyneeseen kuningaskuntaan saapumiseen, my\u00f6s Liverpooliin saapumiseen liittyv\u00e4t muodollisuudet riippuvat kansalaisuudestasi. Euroopan unionin, Yhdysvaltojen, Kanadan ja monien muiden maiden kansalaisten on nyt hankittava <a href=\"https:\/\/uk-gb.net\/fi\/eta-englanti-iso-britannia\/\">ETA-lupa<\/a>, jos heill\u00e4 ei ole viisumia. <\/p>\n\n<p>T\u00e4t\u00e4 toimenpidett\u00e4 sovelletaan alle kuuden kuukauden mittaisiin turistilomiin. <a href=\"https:\/\/uk-gb.net\/fi\/online-eta-viisumi-englannista\/\">ETA-lomakkeen voi t\u00e4ytt\u00e4\u00e4 verkossa<\/a> tai <a href=\"https:\/\/uk-gb.net\/fi\/iphone-hakemus-eta-viisumi-englantiin\/\">Yhdistyneen kuningaskunnan digitaalisen ETA-sovelluksen<\/a> avulla. T\u00e4m\u00e4 ei koske Irlannin kansalaisia tai Yhdistyneess\u00e4 kuningaskunnassa asuvia henkil\u00f6it\u00e4. Varmista, ett\u00e4 tarkistat ehdot ennen l\u00e4ht\u00f6\u00e4si, jotta v\u00e4ltyt ik\u00e4vilt\u00e4 yll\u00e4tyksilt\u00e4.   <\/p>\n\n<p>Jos haluat lis\u00e4\u00e4 neuvoja tai henkil\u00f6kohtaisia suosituksia, \u00e4l\u00e4 ep\u00e4r\u00f6i tutustua muihin Englannin t\u00e4rkeimpi\u00e4 kaupunkeja k\u00e4sitteleviin oppaisiin. Oppaamme kattavat <a href=\"https:\/\/uk-gb.net\/fi\/lontoo\/\">Lontoon<\/a>, <a href=\"https:\/\/uk-gb.net\/fi\/oxford\/\">Oxfordin<\/a> ja <a href=\"https:\/\/uk-gb.net\/fi\/manchester\/\">Manchesterin<\/a>. <\/p>\n","protected":false},"excerpt":{"rendered":"<p>Vieraile Liverpoolissa Luoteis-Englannissa Liverpool on satamakaupunki Luoteis-Englannissa. Liverpool on merkitt\u00e4v\u00e4 kulttuurikohde, joka tunnetaan kaikkialla maailmassa Beatlesin syntym\u00e4paikkana. Liverpool on t\u00e4ynn\u00e4 historiaa, ylpe\u00e4 merellisest\u00e4 identiteetist\u00e4\u00e4n ja intohimoinen taiteen, musiikin ja jalkapallon yst\u00e4v\u00e4, joten se on vilkas, yst\u00e4v\u00e4llinen ja j\u00e4nnitt\u00e4v\u00e4 kaupunki, johon kannattaa tutustua. Miksi vierailla Liverpoolissa? Liverpool on kaupunki, jossa on ainutlaatuinen tunnelma. Sen vetovoimaa lis\u00e4\u00e4v\u00e4t [&hellip;]<\/p>\n","protected":false},"author":1,"featured_media":0,"parent":0,"menu_order":0,"comment_status":"closed","ping_status":"closed","template":"","meta":{"footnotes":""},"class_list":["post-4169","page","type-page","status-publish","hentry"],"yoast_head":"<!-- This site is optimized with the Yoast SEO plugin v27.4 - https:\/\/yoast.com\/product\/yoast-seo-wordpress\/ -->\n<title>Liverpoolin kaupunginopas - UK GB<\/title>\n<meta name=\"description\" content=\"Tutustu taianomaiseen englantilaiseen Liverpooliin. Kaikki parhaat paikat lueteltu upeaa oleskelua varten Liverpoolissa.\" \/>\n<meta name=\"robots\" content=\"index, follow, max-snippet:-1, max-image-preview:large, max-video-preview:-1\" \/>\n<link rel=\"canonical\" href=\"https:\/\/uk-gb.net\/fi\/liverpool\/\" \/>\n<meta property=\"og:locale\" content=\"fi_FI\" \/>\n<meta property=\"og:type\" content=\"article\" \/>\n<meta property=\"og:title\" content=\"Liverpoolin kaupunginopas - UK GB\" \/>\n<meta property=\"og:description\" content=\"Tutustu taianomaiseen englantilaiseen Liverpooliin. Kaikki parhaat paikat lueteltu upeaa oleskelua varten Liverpoolissa.\" \/>\n<meta property=\"og:url\" content=\"https:\/\/uk-gb.net\/fi\/liverpool\/\" \/>\n<meta property=\"og:site_name\" content=\"UK GB\" \/>\n<meta property=\"article:modified_time\" content=\"2025-07-17T13:30:07+00:00\" \/>\n<meta property=\"og:image\" content=\"https:\/\/uk-gb.net\/wp-content\/uploads\/2025\/01\/Liverpool.jpg\" \/>\n\t<meta property=\"og:image:width\" content=\"2013\" \/>\n\t<meta property=\"og:image:height\" content=\"758\" \/>\n\t<meta property=\"og:image:type\" content=\"image\/jpeg\" \/>\n<meta name=\"twitter:card\" content=\"summary_large_image\" \/>\n<meta name=\"twitter:label1\" content=\"Arvioitu lukuaika\" \/>\n\t<meta name=\"twitter:data1\" content=\"3 minuuttia\" \/>\n<script type=\"application\/ld+json\" class=\"yoast-schema-graph\">{\"@context\":\"https:\\\/\\\/schema.org\",\"@graph\":[{\"@type\":\"WebPage\",\"@id\":\"https:\\\/\\\/uk-gb.net\\\/fi\\\/liverpool\\\/\",\"url\":\"https:\\\/\\\/uk-gb.net\\\/fi\\\/liverpool\\\/\",\"name\":\"Liverpoolin kaupunginopas - UK GB\",\"isPartOf\":{\"@id\":\"https:\\\/\\\/uk-gb.net\\\/fi\\\/#website\"},\"primaryImageOfPage\":{\"@id\":\"https:\\\/\\\/uk-gb.net\\\/fi\\\/liverpool\\\/#primaryimage\"},\"image\":{\"@id\":\"https:\\\/\\\/uk-gb.net\\\/fi\\\/liverpool\\\/#primaryimage\"},\"thumbnailUrl\":\"https:\\\/\\\/uk-gb.net\\\/wp-content\\\/uploads\\\/2025\\\/01\\\/Liverpool-1024x386.jpg\",\"datePublished\":\"2025-01-11T14:38:52+00:00\",\"dateModified\":\"2025-07-17T13:30:07+00:00\",\"description\":\"Tutustu taianomaiseen englantilaiseen Liverpooliin. Kaikki parhaat paikat lueteltu upeaa oleskelua varten Liverpoolissa.\",\"inLanguage\":\"fi\",\"potentialAction\":[{\"@type\":\"ReadAction\",\"target\":[\"https:\\\/\\\/uk-gb.net\\\/fi\\\/liverpool\\\/\"]}]},{\"@type\":\"ImageObject\",\"inLanguage\":\"fi\",\"@id\":\"https:\\\/\\\/uk-gb.net\\\/fi\\\/liverpool\\\/#primaryimage\",\"url\":\"https:\\\/\\\/uk-gb.net\\\/wp-content\\\/uploads\\\/2025\\\/01\\\/Liverpool-1024x386.jpg\",\"contentUrl\":\"https:\\\/\\\/uk-gb.net\\\/wp-content\\\/uploads\\\/2025\\\/01\\\/Liverpool-1024x386.jpg\"},{\"@type\":\"WebSite\",\"@id\":\"https:\\\/\\\/uk-gb.net\\\/fi\\\/#website\",\"url\":\"https:\\\/\\\/uk-gb.net\\\/fi\\\/\",\"name\":\"UK GB\",\"description\":\"Travel to the UK\",\"potentialAction\":[{\"@type\":\"SearchAction\",\"target\":{\"@type\":\"EntryPoint\",\"urlTemplate\":\"https:\\\/\\\/uk-gb.net\\\/fi\\\/?s={search_term_string}\"},\"query-input\":{\"@type\":\"PropertyValueSpecification\",\"valueRequired\":true,\"valueName\":\"search_term_string\"}}],\"inLanguage\":\"fi\"}]}<\/script>\n<!-- \/ Yoast SEO plugin. -->","yoast_head_json":{"title":"Liverpoolin kaupunginopas - UK GB","description":"Tutustu taianomaiseen englantilaiseen Liverpooliin. Kaikki parhaat paikat lueteltu upeaa oleskelua varten Liverpoolissa.","robots":{"index":"index","follow":"follow","max-snippet":"max-snippet:-1","max-image-preview":"max-image-preview:large","max-video-preview":"max-video-preview:-1"},"canonical":"https:\/\/uk-gb.net\/fi\/liverpool\/","og_locale":"fi_FI","og_type":"article","og_title":"Liverpoolin kaupunginopas - UK GB","og_description":"Tutustu taianomaiseen englantilaiseen Liverpooliin. Kaikki parhaat paikat lueteltu upeaa oleskelua varten Liverpoolissa.","og_url":"https:\/\/uk-gb.net\/fi\/liverpool\/","og_site_name":"UK GB","article_modified_time":"2025-07-17T13:30:07+00:00","og_image":[{"width":2013,"height":758,"url":"https:\/\/uk-gb.net\/wp-content\/uploads\/2025\/01\/Liverpool.jpg","type":"image\/jpeg"}],"twitter_card":"summary_large_image","twitter_misc":{"Arvioitu lukuaika":"3 minuuttia"},"schema":{"@context":"https:\/\/schema.org","@graph":[{"@type":"WebPage","@id":"https:\/\/uk-gb.net\/fi\/liverpool\/","url":"https:\/\/uk-gb.net\/fi\/liverpool\/","name":"Liverpoolin kaupunginopas - UK GB","isPartOf":{"@id":"https:\/\/uk-gb.net\/fi\/#website"},"primaryImageOfPage":{"@id":"https:\/\/uk-gb.net\/fi\/liverpool\/#primaryimage"},"image":{"@id":"https:\/\/uk-gb.net\/fi\/liverpool\/#primaryimage"},"thumbnailUrl":"https:\/\/uk-gb.net\/wp-content\/uploads\/2025\/01\/Liverpool-1024x386.jpg","datePublished":"2025-01-11T14:38:52+00:00","dateModified":"2025-07-17T13:30:07+00:00","description":"Tutustu taianomaiseen englantilaiseen Liverpooliin. Kaikki parhaat paikat lueteltu upeaa oleskelua varten Liverpoolissa.","inLanguage":"fi","potentialAction":[{"@type":"ReadAction","target":["https:\/\/uk-gb.net\/fi\/liverpool\/"]}]},{"@type":"ImageObject","inLanguage":"fi","@id":"https:\/\/uk-gb.net\/fi\/liverpool\/#primaryimage","url":"https:\/\/uk-gb.net\/wp-content\/uploads\/2025\/01\/Liverpool-1024x386.jpg","contentUrl":"https:\/\/uk-gb.net\/wp-content\/uploads\/2025\/01\/Liverpool-1024x386.jpg"},{"@type":"WebSite","@id":"https:\/\/uk-gb.net\/fi\/#website","url":"https:\/\/uk-gb.net\/fi\/","name":"UK GB","description":"Travel to the UK","potentialAction":[{"@type":"SearchAction","target":{"@type":"EntryPoint","urlTemplate":"https:\/\/uk-gb.net\/fi\/?s={search_term_string}"},"query-input":{"@type":"PropertyValueSpecification","valueRequired":true,"valueName":"search_term_string"}}],"inLanguage":"fi"}]}},"_links":{"self":[{"href":"https:\/\/uk-gb.net\/fi\/wp-json\/wp\/v2\/pages\/4169","targetHints":{"allow":["GET"]}}],"collection":[{"href":"https:\/\/uk-gb.net\/fi\/wp-json\/wp\/v2\/pages"}],"about":[{"href":"https:\/\/uk-gb.net\/fi\/wp-json\/wp\/v2\/types\/page"}],"author":[{"embeddable":true,"href":"https:\/\/uk-gb.net\/fi\/wp-json\/wp\/v2\/users\/1"}],"replies":[{"embeddable":true,"href":"https:\/\/uk-gb.net\/fi\/wp-json\/wp\/v2\/comments?post=4169"}],"version-history":[{"count":0,"href":"https:\/\/uk-gb.net\/fi\/wp-json\/wp\/v2\/pages\/4169\/revisions"}],"wp:attachment":[{"href":"https:\/\/uk-gb.net\/fi\/wp-json\/wp\/v2\/media?parent=4169"}],"curies":[{"name":"wp","href":"https:\/\/api.w.org\/{rel}","templated":true}]}}