{"id":4076,"date":"2025-01-11T11:44:15","date_gmt":"2025-01-11T11:44:15","guid":{"rendered":"https:\/\/uk-gb.net\/manchester\/"},"modified":"2025-11-04T09:49:37","modified_gmt":"2025-11-04T09:49:37","slug":"manchester","status":"publish","type":"page","link":"https:\/\/uk-gb.net\/fi\/manchester\/","title":{"rendered":"Vierailu Manchesterissa"},"content":{"rendered":"\n<h1 class=\"wp-block-heading\">Vieraile Pohjois-Englannissa sijaitsevassa Manchesterin kaupungissa.<\/h1>\n\n<p>Manchester, entinen teollisuuskaupunki, josta on tullut merkitt\u00e4v\u00e4 kulttuurikeskus, on nyky\u00e4\u00e4n yksi Englannin dynaamisimmista kaupungeista. Kaupunki on tunnettu ty\u00f6v\u00e4enluokan perinn\u00f6st\u00e4\u00e4n, rakkaudestaan jalkapalloon, legendaarisesta musiikkiel\u00e4m\u00e4st\u00e4\u00e4n ja luovasta energiastaan, ja se houkuttelee matkailijoita, jotka etsiv\u00e4t aitoutta ja nykyaikaista urbaania tunnelmaa. Moderni, nuori ja t\u00e4ynn\u00e4 kontrasteja, Manchester ei j\u00e4t\u00e4 ket\u00e4\u00e4n v\u00e4linpit\u00e4m\u00e4tt\u00f6m\u00e4ksi.  <\/p>\n\n<figure class=\"wp-block-image size-large\"><img decoding=\"async\" src=\"https:\/\/uk-gb.net\/wp-content\/uploads\/2025\/01\/Manchester-1024x405.jpg\" alt=\"North Manchesterin kaupunki\" class=\"wp-image-4058\"\/><figcaption class=\"wp-element-caption\">Manchesterin kaupunki Pohjois-Englannissa  <\/figcaption><\/figure>\n\n<h2 class=\"wp-block-heading\">Miksi vierailla Manchesterissa?<\/h2>\n\n<p>Manchester on luonteikas kaupunki, jossa teollinen menneisyys ja taiteellinen renessanssi yhdistyv\u00e4t rohkeasti. Sen vuorovaikutteiset museot, trendikk\u00e4\u00e4t kaupunginosat, itsen\u00e4iset kahvilat ja rento ilmapiiri ovat kaikki eritt\u00e4in houkuttelevia. Tulitpa sitten tutustumaan brittil\u00e4isen rockin juuriin, vierailemaan legendaarisilla stadioneilla tai tutkimaan gallerioiksi muuttuneita vanhoja varastorakennuksia, Manchester on ehdoton vierailukohde jokaisella <a href=\"https:\/\/uk-gb.net\/fi\/\">Yhdistyneen kuningaskunnan-matkalla<\/a>.  <\/p>\n\n<h2 class=\"wp-block-heading\">Manchesterin pakolliset n\u00e4ht\u00e4vyydet<\/h2>\n\n<ul class=\"wp-block-list\">\n<li><a href=\"https:\/\/www.museum.manchester.ac.uk\/\">Manchester Museum<\/a>: Kattava museo, jossa yhdistyv\u00e4t luonnonhistoria, kulttuuri ja tiede.<\/li>\n\n\n\n<li><a href=\"https:\/\/www.scienceandindustrymuseum.org.uk\/\">Tiede- ja teollisuusmuseo<\/a>: Kiehtova katsaus kaupungin teollisuushistoriaan.<\/li>\n\n\n\n<li><a href=\"https:\/\/www.library.manchester.ac.uk\/rylands\/visit\/\">John Rylandsin kirjasto<\/a>: Upea uusgoottilainen kirjasto, joka on elokuvasarjan arvoinen.<\/li>\n\n\n\n<li><a href=\"https:\/\/www.manutd.com\/en\/visit-old-trafford\">Old Trafford Stadium<\/a>: Manchester Unitedin ikoninen jalkapallostadion.<\/li>\n\n\n\n<li><a href=\"https:\/\/www.mancity.com\/etihad-stadium\">Etihad Stadium<\/a>: Manchester Cityn jalkapalloseuran toisen suuren joukkueen koti.<\/li>\n\n\n\n<li><a href=\"https:\/\/northernquartermanchester.com\/\">Northern Quarter<\/a>: Luova kaupunginosa, joka tunnetaan sein\u00e4maalauksista, s\u00e4\u00e4st\u00f6liikkeist\u00e4 ja levykaupoista.<\/li>\n<\/ul>\n\n<div style=\"height:10px\" aria-hidden=\"true\" class=\"wp-block-spacer\"><\/div>\n\n<h2 class=\"wp-block-heading\">Tutkittavia kaupunginosia<\/h2>\n\n<ul class=\"wp-block-list\">\n<li><strong>Pohjoinen kortteli<\/strong>: Trendik\u00e4s paikka, jossa on vaihtoehtoinen taiteellinen tunnelma.<\/li>\n\n\n\n<li><strong>Ancoats<\/strong>: Kunnostettu kaupunginosa, joka on suosittu ravintoloiden, kahviloiden ja loftiensa ansiosta.<\/li>\n\n\n\n<li><strong>Castlefield <\/strong>: Historiallinen kanavanvarsialue, rauhallinen ja vehre\u00e4.<\/li>\n\n\n\n<li><strong>Spinningfields<\/strong>: Moderni liikealue, jossa on ravintoloita, tyylikk\u00e4it\u00e4 baareja ja putiikkeja.<\/li>\n\n\n\n<li><strong>Chinatown<\/strong>: Yksi Yhdistyneen kuningaskunnan suurimmista ja v\u00e4rikk\u00e4immist\u00e4 kiinalaiskaupungeista.<\/li>\n<\/ul>\n\n<div style=\"height:10px\" aria-hidden=\"true\" class=\"wp-block-spacer\"><\/div>\n\n<h2 class=\"wp-block-heading\">K\u00e4yt\u00e4nn\u00f6n vinkkej\u00e4 Manchesterissa vierailuun<\/h2>\n\n<figure class=\"wp-block-table is-style-regular\"><table><tbody><tr><td><strong>Liikenne<\/strong><\/td><td>Hyvien raitiovaunu-, bussi- ja junayhteyksien p\u00e4\u00e4ss\u00e4; kaupungin keskusta k\u00e4velymatkan p\u00e4\u00e4ss\u00e4.<\/td><\/tr><tr><td><strong>Hosting<\/strong><\/td><td>Laaja valikoima vaihtoehtoja, edullisesta luksukseen, kaikissa keskeisiss\u00e4 kaupunginosissa.<\/td><\/tr><tr><td><strong>Valuutta<\/strong><\/td><td>Englannin punta (\u00a3). Laajalle levinnyt kontaktiton maksaminen. <\/td><\/tr><tr><td><strong>Visa<\/strong><\/td><td><a href=\"https:\/\/uk-gb.net\/fi\/viisumit-manchesteriin\/\">Viisumia Manchesteriin ei tarvita turistivierailua varten .<\/a> <\/td><\/tr><tr><td><strong>S\u00e4\u00e4<\/strong><\/td><td>Kostea ilmasto; ota mukaan mackintosh my\u00f6s kes\u00e4ll\u00e4.<\/td><\/tr><\/tbody><\/table><\/figure>\n\n<div style=\"height:10px\" aria-hidden=\"true\" class=\"wp-block-spacer\"><\/div>\n\n<h2 class=\"wp-block-heading\">Miss\u00e4 sy\u00f6d\u00e4 Manchesterissa?<\/h2>\n\n<ul class=\"wp-block-list\">\n<li><a href=\"https:\/\/www.rudyspizza.co.uk\/\">Rudy&#8217;s Neapolitan Pizza<\/a>: Oikean neapolitan pizzan yst\u00e4vien on pakko k\u00e4yd\u00e4.<\/li>\n\n\n\n<li><a href=\"https:\/\/www.refugemcr.co.uk\/\">The Refuge<\/a>: Luova keitti\u00f6 upeissa art deco -ymp\u00e4rist\u00f6iss\u00e4.<\/li>\n\n\n\n<li><a href=\"https:\/\/www.instagram.com\/mackiemayor\/?hl=en\">Mackie Mayor<\/a>: Nykyaikaiset gourmet-markkinat, joissa on monenlaisia kojuja.<\/li>\n\n\n\n<li><a href=\"https:\/\/tattu.co.uk\/locations\/manchester\/\">Tattu<\/a>: Aasialainen nykykeitti\u00f6 upeissa puitteissa.<\/li>\n\n\n\n<li><a href=\"https:\/\/bundobust.com\/manchester\/\">Bundobust<\/a>: intialaista kasvisruokaa rennossa ilmapiiriss\u00e4.<\/li>\n<\/ul>\n\n<div style=\"height:10px\" aria-hidden=\"true\" class=\"wp-block-spacer\"><\/div>\n\n<h2 class=\"wp-block-heading\">Milloin sinun pit\u00e4isi l\u00e4hte\u00e4?<\/h2>\n\n<p>Manchesterissa voi vierailla ymp\u00e4ri vuoden, mutta kev\u00e4t ja kes\u00e4 ovat ihanteellisia festivaaleista ja ulkoilma-aktiviteeteista nauttimiseen. Syksy sopii t\u00e4ydellisesti museoihin ja vieh\u00e4tt\u00e4viin kaupunginosiin tutustumiseen, kun taas talvi tarjoaa l\u00e4mpim\u00e4n tunnelman erityisesti kaupungin kuuluisilla joulumarkkinoilla. <\/p>\n\n<h2 class=\"wp-block-heading\">Huomaa<\/h2>\n\n<p>Manchesterissa vierailuun liittyv\u00e4t muodollisuudet riippuvat kansalaisuudestasi. Euroopan unionin, Yhdysvaltojen, Kanadan ja monien muiden maiden kansalaisten on nyt hankittava <a href=\"https:\/\/uk-gb.net\/fi\/eta-englanti-iso-britannia\/\">s\u00e4hk\u00f6inen matkustuslupa (ETA)<\/a>, jos heill\u00e4 ei ole <a href=\"https:\/\/uk-gb.net\/fi\/viisumi-uk\/\">viisumia Englantiin<\/a>. <\/p>\n\n<p>Yhdistyneeseen kuningaskuntaan saapumisen ETA-ajan voi pyyt\u00e4\u00e4 verkossa tai <a href=\"https:\/\/uk-gb.net\/fi\/iphone-hakemus-eta-viisumi-englantiin\/\">virallisen IPhone-sovelluksen<\/a> kautta. T\u00e4m\u00e4 ei koske Irlannin kansalaisia eik\u00e4 Yhdistyneess\u00e4 kuningaskunnassa asuvia henkil\u00f6it\u00e4.<\/p>\n\n<p>Jos haluat lis\u00e4\u00e4 neuvoja tai henkil\u00f6kohtaisia suosituksia, \u00e4l\u00e4 ep\u00e4r\u00f6i tutustua muihin Englannin t\u00e4rkeimpi\u00e4 kaupunkeja k\u00e4sitteleviin oppaisiin. Oppaamme kattavat <a href=\"https:\/\/uk-gb.net\/fi\/lontoo\/\">Lontoon<\/a>, <a href=\"https:\/\/uk-gb.net\/fi\/oxford\/\">Oxfordin<\/a> ja <a href=\"https:\/\/uk-gb.net\/fi\/liverpool\/\">Liverpoolin<\/a>. <\/p>\n\n<p><\/p>\n","protected":false},"excerpt":{"rendered":"<p>Vieraile Pohjois-Englannissa sijaitsevassa Manchesterin kaupungissa. Manchester, entinen teollisuuskaupunki, josta on tullut merkitt\u00e4v\u00e4 kulttuurikeskus, on nyky\u00e4\u00e4n yksi Englannin dynaamisimmista kaupungeista. Kaupunki on tunnettu ty\u00f6v\u00e4enluokan perinn\u00f6st\u00e4\u00e4n, rakkaudestaan jalkapalloon, legendaarisesta musiikkiel\u00e4m\u00e4st\u00e4\u00e4n ja luovasta energiastaan, ja se houkuttelee matkailijoita, jotka etsiv\u00e4t aitoutta ja nykyaikaista urbaania tunnelmaa. Moderni, nuori ja t\u00e4ynn\u00e4 kontrasteja, Manchester ei j\u00e4t\u00e4 ket\u00e4\u00e4n v\u00e4linpit\u00e4m\u00e4tt\u00f6m\u00e4ksi. Miksi vierailla Manchesterissa? [&hellip;]<\/p>\n","protected":false},"author":1,"featured_media":0,"parent":0,"menu_order":0,"comment_status":"closed","ping_status":"closed","template":"","meta":{"footnotes":""},"class_list":["post-4076","page","type-page","status-publish","hentry"],"yoast_head":"<!-- This site is optimized with the Yoast SEO plugin v27.4 - https:\/\/yoast.com\/product\/yoast-seo-wordpress\/ -->\n<title>Vierailu Manchesterissa - UK GB<\/title>\n<meta name=\"description\" content=\"Tutustu englantilaiseen Manchesterin kaupunkiin, jossa on sek\u00e4 teollinen menneisyys ett\u00e4 trendik\u00e4s taiteellinen elpyminen.\" \/>\n<meta name=\"robots\" content=\"index, follow, max-snippet:-1, max-image-preview:large, max-video-preview:-1\" \/>\n<link rel=\"canonical\" href=\"https:\/\/uk-gb.net\/fi\/manchester\/\" \/>\n<meta property=\"og:locale\" content=\"fi_FI\" \/>\n<meta property=\"og:type\" content=\"article\" \/>\n<meta property=\"og:title\" content=\"Vierailu Manchesterissa - UK GB\" \/>\n<meta property=\"og:description\" content=\"Tutustu englantilaiseen Manchesterin kaupunkiin, jossa on sek\u00e4 teollinen menneisyys ett\u00e4 trendik\u00e4s taiteellinen elpyminen.\" \/>\n<meta property=\"og:url\" content=\"https:\/\/uk-gb.net\/fi\/manchester\/\" \/>\n<meta property=\"og:site_name\" content=\"UK GB\" \/>\n<meta property=\"article:modified_time\" content=\"2025-11-04T09:49:37+00:00\" \/>\n<meta property=\"og:image\" content=\"https:\/\/uk-gb.net\/wp-content\/uploads\/2025\/01\/Manchester-e1747991434136.jpg\" \/>\n\t<meta property=\"og:image:width\" content=\"1455\" \/>\n\t<meta property=\"og:image:height\" content=\"640\" \/>\n\t<meta property=\"og:image:type\" content=\"image\/jpeg\" \/>\n<meta name=\"twitter:card\" content=\"summary_large_image\" \/>\n<meta name=\"twitter:label1\" content=\"Arvioitu lukuaika\" \/>\n\t<meta name=\"twitter:data1\" content=\"2 minuuttia\" \/>\n<script type=\"application\/ld+json\" class=\"yoast-schema-graph\">{\"@context\":\"https:\\\/\\\/schema.org\",\"@graph\":[{\"@type\":\"WebPage\",\"@id\":\"https:\\\/\\\/uk-gb.net\\\/fi\\\/manchester\\\/\",\"url\":\"https:\\\/\\\/uk-gb.net\\\/fi\\\/manchester\\\/\",\"name\":\"Vierailu Manchesterissa - UK GB\",\"isPartOf\":{\"@id\":\"https:\\\/\\\/uk-gb.net\\\/fi\\\/#website\"},\"primaryImageOfPage\":{\"@id\":\"https:\\\/\\\/uk-gb.net\\\/fi\\\/manchester\\\/#primaryimage\"},\"image\":{\"@id\":\"https:\\\/\\\/uk-gb.net\\\/fi\\\/manchester\\\/#primaryimage\"},\"thumbnailUrl\":\"https:\\\/\\\/uk-gb.net\\\/wp-content\\\/uploads\\\/2025\\\/01\\\/Manchester-1024x405.jpg\",\"datePublished\":\"2025-01-11T11:44:15+00:00\",\"dateModified\":\"2025-11-04T09:49:37+00:00\",\"description\":\"Tutustu englantilaiseen Manchesterin kaupunkiin, jossa on sek\u00e4 teollinen menneisyys ett\u00e4 trendik\u00e4s taiteellinen elpyminen.\",\"inLanguage\":\"fi\",\"potentialAction\":[{\"@type\":\"ReadAction\",\"target\":[\"https:\\\/\\\/uk-gb.net\\\/fi\\\/manchester\\\/\"]}]},{\"@type\":\"ImageObject\",\"inLanguage\":\"fi\",\"@id\":\"https:\\\/\\\/uk-gb.net\\\/fi\\\/manchester\\\/#primaryimage\",\"url\":\"https:\\\/\\\/uk-gb.net\\\/wp-content\\\/uploads\\\/2025\\\/01\\\/Manchester-1024x405.jpg\",\"contentUrl\":\"https:\\\/\\\/uk-gb.net\\\/wp-content\\\/uploads\\\/2025\\\/01\\\/Manchester-1024x405.jpg\"},{\"@type\":\"WebSite\",\"@id\":\"https:\\\/\\\/uk-gb.net\\\/fi\\\/#website\",\"url\":\"https:\\\/\\\/uk-gb.net\\\/fi\\\/\",\"name\":\"UK GB\",\"description\":\"Travel to the UK\",\"potentialAction\":[{\"@type\":\"SearchAction\",\"target\":{\"@type\":\"EntryPoint\",\"urlTemplate\":\"https:\\\/\\\/uk-gb.net\\\/fi\\\/?s={search_term_string}\"},\"query-input\":{\"@type\":\"PropertyValueSpecification\",\"valueRequired\":true,\"valueName\":\"search_term_string\"}}],\"inLanguage\":\"fi\"}]}<\/script>\n<!-- \/ Yoast SEO plugin. -->","yoast_head_json":{"title":"Vierailu Manchesterissa - UK GB","description":"Tutustu englantilaiseen Manchesterin kaupunkiin, jossa on sek\u00e4 teollinen menneisyys ett\u00e4 trendik\u00e4s taiteellinen elpyminen.","robots":{"index":"index","follow":"follow","max-snippet":"max-snippet:-1","max-image-preview":"max-image-preview:large","max-video-preview":"max-video-preview:-1"},"canonical":"https:\/\/uk-gb.net\/fi\/manchester\/","og_locale":"fi_FI","og_type":"article","og_title":"Vierailu Manchesterissa - UK GB","og_description":"Tutustu englantilaiseen Manchesterin kaupunkiin, jossa on sek\u00e4 teollinen menneisyys ett\u00e4 trendik\u00e4s taiteellinen elpyminen.","og_url":"https:\/\/uk-gb.net\/fi\/manchester\/","og_site_name":"UK GB","article_modified_time":"2025-11-04T09:49:37+00:00","og_image":[{"width":1455,"height":640,"url":"https:\/\/uk-gb.net\/wp-content\/uploads\/2025\/01\/Manchester-e1747991434136.jpg","type":"image\/jpeg"}],"twitter_card":"summary_large_image","twitter_misc":{"Arvioitu lukuaika":"2 minuuttia"},"schema":{"@context":"https:\/\/schema.org","@graph":[{"@type":"WebPage","@id":"https:\/\/uk-gb.net\/fi\/manchester\/","url":"https:\/\/uk-gb.net\/fi\/manchester\/","name":"Vierailu Manchesterissa - UK GB","isPartOf":{"@id":"https:\/\/uk-gb.net\/fi\/#website"},"primaryImageOfPage":{"@id":"https:\/\/uk-gb.net\/fi\/manchester\/#primaryimage"},"image":{"@id":"https:\/\/uk-gb.net\/fi\/manchester\/#primaryimage"},"thumbnailUrl":"https:\/\/uk-gb.net\/wp-content\/uploads\/2025\/01\/Manchester-1024x405.jpg","datePublished":"2025-01-11T11:44:15+00:00","dateModified":"2025-11-04T09:49:37+00:00","description":"Tutustu englantilaiseen Manchesterin kaupunkiin, jossa on sek\u00e4 teollinen menneisyys ett\u00e4 trendik\u00e4s taiteellinen elpyminen.","inLanguage":"fi","potentialAction":[{"@type":"ReadAction","target":["https:\/\/uk-gb.net\/fi\/manchester\/"]}]},{"@type":"ImageObject","inLanguage":"fi","@id":"https:\/\/uk-gb.net\/fi\/manchester\/#primaryimage","url":"https:\/\/uk-gb.net\/wp-content\/uploads\/2025\/01\/Manchester-1024x405.jpg","contentUrl":"https:\/\/uk-gb.net\/wp-content\/uploads\/2025\/01\/Manchester-1024x405.jpg"},{"@type":"WebSite","@id":"https:\/\/uk-gb.net\/fi\/#website","url":"https:\/\/uk-gb.net\/fi\/","name":"UK GB","description":"Travel to the UK","potentialAction":[{"@type":"SearchAction","target":{"@type":"EntryPoint","urlTemplate":"https:\/\/uk-gb.net\/fi\/?s={search_term_string}"},"query-input":{"@type":"PropertyValueSpecification","valueRequired":true,"valueName":"search_term_string"}}],"inLanguage":"fi"}]}},"_links":{"self":[{"href":"https:\/\/uk-gb.net\/fi\/wp-json\/wp\/v2\/pages\/4076","targetHints":{"allow":["GET"]}}],"collection":[{"href":"https:\/\/uk-gb.net\/fi\/wp-json\/wp\/v2\/pages"}],"about":[{"href":"https:\/\/uk-gb.net\/fi\/wp-json\/wp\/v2\/types\/page"}],"author":[{"embeddable":true,"href":"https:\/\/uk-gb.net\/fi\/wp-json\/wp\/v2\/users\/1"}],"replies":[{"embeddable":true,"href":"https:\/\/uk-gb.net\/fi\/wp-json\/wp\/v2\/comments?post=4076"}],"version-history":[{"count":0,"href":"https:\/\/uk-gb.net\/fi\/wp-json\/wp\/v2\/pages\/4076\/revisions"}],"wp:attachment":[{"href":"https:\/\/uk-gb.net\/fi\/wp-json\/wp\/v2\/media?parent=4076"}],"curies":[{"name":"wp","href":"https:\/\/api.w.org\/{rel}","templated":true}]}}