{"id":3928,"date":"2025-01-11T11:00:01","date_gmt":"2025-01-11T11:00:01","guid":{"rendered":"https:\/\/uk-gb.net\/londres\/"},"modified":"2025-07-17T14:27:52","modified_gmt":"2025-07-17T13:27:52","slug":"lontoo","status":"publish","type":"page","link":"https:\/\/uk-gb.net\/fi\/lontoo\/","title":{"rendered":"Lontoon matkaopas"},"content":{"rendered":"\n<h1 class=\"wp-block-heading\">Vieraile Lontoon kaupungissa Englannin kuningaskunnassa.<\/h1>\n\n<p>Vilkas ja vaikutusvaltainen p\u00e4\u00e4kaupunki Lontoo on kulttuurinen ja historiallinen risteys. Kaupunki, jossa on monia puolia, yhdist\u00e4\u00e4 rohkeasti kuninkaallisen perinn\u00f6n ja nykyajan luovuuden. Ison-Britannian p\u00e4\u00e4kaupunki kiehtoo niin moninaisuudellaan kuin energisyydell\u00e4\u00e4nkin, sill\u00e4 siell\u00e4 on ikonisia maamerkkej\u00e4, kuten Big Ben ja Tower of London, sek\u00e4 avantgardistisia taidegallerioita ja kosmopoliittisia kaupunginosia. Olitpa sitten historian, museoiden, gastronomian tai viihteen yst\u00e4v\u00e4, Lontoo lupaa rikkaan ja ehtym\u00e4tt\u00f6m\u00e4n kokemuksen.   <\/p>\n\n<figure class=\"wp-block-image size-large\"><img decoding=\"async\" src=\"https:\/\/uk-gb.net\/wp-content\/uploads\/2025\/01\/London-1024x469.jpeg\" alt=\"Lontoon kaupunki\" class=\"wp-image-3893\"\/><figcaption class=\"wp-element-caption\">City of London, Englanti<\/figcaption><\/figure>\n\n<h2 class=\"wp-block-heading\">Miksi k\u00e4yd\u00e4 Lontoossa?<\/h2>\n\n<p>Lontoo on omaa luokkaansa oleva matkakohde, joka tarjoaa monenlaisia el\u00e4myksi\u00e4 joka nurkan takana. Se hurmaa historian yst\u00e4v\u00e4t palatseillaan ja museoillaan, houkuttelee shoppailijoita toreillaan ja tavarataloillaan ja ilahduttaa herkkusuita eritt\u00e4in monipuolisella ruokakulttuurillaan. Olitpa sitten perheellinen, pariskunta tai yksin matkaileva, Lontoo on kaupunki, josta palatessasi tuntuu aina silt\u00e4, ett\u00e4 olet n\u00e4hnyt vain osan sen tarjonnasta.  <\/p>\n\n<h2 class=\"wp-block-heading\">Lontoon pakolliset n\u00e4ht\u00e4vyydet<\/h2>\n\n<ul class=\"wp-block-list\">\n<li><a href=\"https:\/\/www.rct.uk\/visit\/buckingham-palace\">Buckinghamin palatsi<\/a>: Britannian monarkian virallinen asuinpaikka.<\/li>\n\n\n\n<li><a href=\"https:\/\/www.parliament.uk\/about\/living-heritage\/building\/palace\/big-ben\/\">Big Ben<\/a> ja <a href=\"https:\/\/www.parliament.uk\/about\/living-heritage\/building\/palace\/\">Westminsterin palatsi<\/a>: Yksi kaupungin tunnetuimmista symboleista.<\/li>\n\n\n\n<li><a href=\"https:\/\/www.hrp.org.uk\/tower-of-london\/#gs.j42e6u\">Tower of London<\/a>: Tuhat vuotta vanha linnoitus, jossa s\u00e4ilytet\u00e4\u00e4n kruununjalokivi\u00e4.<\/li>\n\n\n\n<li><a href=\"https:\/\/www.westminster-abbey.org\/fr\/visit-us\/\">Westminster Abbey<\/a>: T\u00e4m\u00e4 ikivanha luostari on Britannian historian merkkipaalu.<\/li>\n\n\n\n<li><a href=\"https:\/\/www.londoneye.com\/\">London Eye<\/a>: Ikoninen maailmanpy\u00f6r\u00e4, josta on panoraaman\u00e4kym\u00e4t kaupunkiin.<\/li>\n\n\n\n<li><a href=\"https:\/\/www.britishmuseum.org\/\">British Museum<\/a>: Ilmainen museo, jossa on vaikuttavia kokoelmia eri puolilta maailmaa.<\/li>\n<\/ul>\n\n<div style=\"height:10px\" aria-hidden=\"true\" class=\"wp-block-spacer\"><\/div>\n\n<h2 class=\"wp-block-heading\">Tutkittavia kaupunginosia<\/h2>\n\n<ul class=\"wp-block-list\">\n<li><strong>Notting Hill<\/strong>: V\u00e4rik\u00e4s ja vieh\u00e4tt\u00e4v\u00e4 kaupunginosa, joka on kuuluisa Portobello Roadin markkinoistaan.<\/li>\n\n\n\n<li><strong>Camden<\/strong>: Vaihtoehtoinen kaupunginosa, jossa on trendikk\u00e4it\u00e4 toreja ja underground-musiikkia.<\/li>\n\n\n\n<li><strong>South Bank<\/strong>: Kulttuurinen jokiranta, jossa on Shakespeare&#8217;s Globe, London Eye ja Tate Modern.<\/li>\n\n\n\n<li><strong>Soho<\/strong>: Lontoon y\u00f6el\u00e4m\u00e4n syd\u00e4n teattereineen ja trendikk\u00e4ine baareineen.<\/li>\n\n\n\n<li><strong>Covent Garden<\/strong>: Tunnettu katutaiteilijoista, ainutlaatuisista putiikeista ja vilkkaasta ilmapiirist\u00e4.<\/li>\n<\/ul>\n\n<div style=\"height:10px\" aria-hidden=\"true\" class=\"wp-block-spacer\"><\/div>\n\n<h2 class=\"wp-block-heading\">K\u00e4yt\u00e4nn\u00f6n vinkkej\u00e4 Lontoossa vierailuun<\/h2>\n\n<figure class=\"wp-block-table is-style-regular\"><table><tbody><tr><th>Aspect<\/th><th>Yksityiskohdat<\/th><\/tr><tr><td><strong>Liikenne<\/strong><\/td><td>Metroverkko, punaiset bussit, junat ja itsepalvelupy\u00f6r\u00e4t. <a href=\"https:\/\/oyster.tfl.gov.uk\/oyster\/entry.do\">Oyster Card<\/a> suositellaan.<\/td><\/tr><tr><td><strong>Hosting<\/strong><\/td><td>Laaja valikoima vaihtoehtoja: hostelleja, boutique-hotelleja, luksushotelleja.<\/td><\/tr><tr><td><strong>Valuutta<\/strong><\/td><td>Englannin punta (\u00a3). Kosketuksettomat maksut ovat yleistyneet. <\/td><\/tr><tr><td><strong>Visa<\/strong><\/td><td>Tarkista, tarvitsetko <a href=\"https:\/\/uk-gb.net\/fi\/eta-englanti-iso-britannia\/\">Britannian ETA<\/a> tai <a href=\"https:\/\/uk-gb.net\/fi\/viisumi-lontooseen\/\">viisumin Lontooseen<\/a>.<\/td><\/tr><tr><td><strong>S\u00e4hk\u00f6pistorasiat<\/strong><\/td><td>Tyyppi G (sovitin suositellaan).<\/td><\/tr><tr><td><strong>S\u00e4\u00e4<\/strong><\/td><td>Ota mukaan sateelle sopivat vaatteet, sill\u00e4 sade on yleist\u00e4 ymp\u00e4ri vuoden.<\/td><\/tr><\/tbody><\/table><\/figure>\n\n<div style=\"height:10px\" aria-hidden=\"true\" class=\"wp-block-spacer\"><\/div>\n\n<h2 class=\"wp-block-heading\">Miss\u00e4 sy\u00f6d\u00e4 Lontoossa?<\/h2>\n\n<ul class=\"wp-block-list\">\n<li><a href=\"https:\/\/www.thewolseley.com\/\">The Wolseley<\/a>: Lontoon instituutio aamiaiselle tai iltap\u00e4iv\u00e4teelle.<\/li>\n\n\n\n<li><a href=\"https:\/\/sketch.london\/\">Luonnos<\/a>: Gastronomia ja nykytaide ainutlaatuisessa ymp\u00e4rist\u00f6ss\u00e4.<\/li>\n\n\n\n<li><a href=\"https:\/\/flatironsteak.co.uk\/\">Flat Iron<\/a>: Suosittu paikka, jossa voi nauttia laadukkaasta pihvist\u00e4 kohtuulliseen hintaan.<\/li>\n\n\n\n<li><a href=\"https:\/\/boroughmarket.org.uk\/\">Borough Market<\/a>: katuruoan ja k\u00e4sity\u00f6tuotteiden temppeli.<\/li>\n\n\n\n<li><a href=\"https:\/\/www.dishoom.com\/\">Dishoom<\/a>: Suosittu intialainen ravintola, kunnianosoitus Bombayn kahviloille.<\/li>\n<\/ul>\n\n<div style=\"height:10px\" aria-hidden=\"true\" class=\"wp-block-spacer\"><\/div>\n\n<h2 class=\"wp-block-heading\">Milloin menn\u00e4 Lontooseen?<\/h2>\n\n<p>Lontoossa voi vierailla kaikkina vuodenaikoina. Kev\u00e4t on ihastuttava, kun puistot kukkivat, ja kes\u00e4 tarjoaa festivaaleja, terasseja ja ulkoilmatapahtumia. Syksyll\u00e4 kuninkaalliset puutarhat paljastavat upeat v\u00e4rit. Talvi on maaginen jouluvalojensa, juhlamarkkinoidensa ja tavaratalojensa ikkunoidensa ansiosta.   <\/p>\n\n<h2 class=\"wp-block-heading\">P\u00e4\u00e4telm\u00e4<\/h2>\n\n<p><a href=\"https:\/\/www.london.gov.uk\/\">Lontoo<\/a> on maailmankaupunki, joka on jatkuvasti liikkeess\u00e4 ja tarjoaa rajattoman m\u00e4\u00e4r\u00e4n kulttuurisia, historiallisia ja inhimillisi\u00e4 kokemuksia. Lontoo on suurempi ja monipuolisempi kuin <a href=\"https:\/\/uk-gb.net\/fi\/oxford\/\">Oxfordin<\/a> tai Cambridgen kaltaiset kaupungit ja kansainv\u00e4lisempi kuin <a href=\"https:\/\/uk-gb.net\/fi\/manchester\/\">Manchester<\/a> tai Edinburgh, ja se ilment\u00e4\u00e4 nykyp\u00e4iv\u00e4n Yhdistyneen kuningaskunnan olemusta. Valmistaudu vierailuusi, sill\u00e4 Lontoo ei ole paikka, jossa voi vierailla: se on paikka, joka on koettava.  <\/p>\n\n<p>Lontoossa vierailuun liittyv\u00e4t muodollisuudet riippuvat kansalaisuudestasi. Euroopan unionin ja monien muiden maiden kansalaisten on hankittava <a href=\"https:\/\/uk-gb.net\/fi\/eta-englanti-iso-britannia\/\">s\u00e4hk\u00f6inen matkustuslupa (ETA)<\/a>, jos heill\u00e4 ei ole <a href=\"https:\/\/uk-gb.net\/fi\/viisumi-lontooseen\/\">viisumia Lontooseen<\/a>. <\/p>\n\n<p>ETA-lupaa Yhdistyneeseen kuningaskuntaan on haettava verkossa <a href=\"https:\/\/uk-gb.net\/fi\/iphone-hakemus-eta-viisumi-englantiin\/\">virallisen IPhone-sovelluksen<\/a> kautta. T\u00e4m\u00e4 ei koske Irlannin kansalaisia ja Yhdistyneess\u00e4 kuningaskunnassa asuvia henkil\u00f6it\u00e4. <\/p>\n","protected":false},"excerpt":{"rendered":"<p>Vieraile Lontoon kaupungissa Englannin kuningaskunnassa. Vilkas ja vaikutusvaltainen p\u00e4\u00e4kaupunki Lontoo on kulttuurinen ja historiallinen risteys. Kaupunki, jossa on monia puolia, yhdist\u00e4\u00e4 rohkeasti kuninkaallisen perinn\u00f6n ja nykyajan luovuuden. Ison-Britannian p\u00e4\u00e4kaupunki kiehtoo niin moninaisuudellaan kuin energisyydell\u00e4\u00e4nkin, sill\u00e4 siell\u00e4 on ikonisia maamerkkej\u00e4, kuten Big Ben ja Tower of London, sek\u00e4 avantgardistisia taidegallerioita ja kosmopoliittisia kaupunginosia. Olitpa sitten historian, [&hellip;]<\/p>\n","protected":false},"author":1,"featured_media":0,"parent":0,"menu_order":0,"comment_status":"closed","ping_status":"closed","template":"","meta":{"footnotes":""},"class_list":["post-3928","page","type-page","status-publish","hentry"],"yoast_head":"<!-- This site is optimized with the Yoast SEO plugin v27.4 - https:\/\/yoast.com\/product\/yoast-seo-wordpress\/ -->\n<title>Lontoon matkaopas - UK GB<\/title>\n<meta name=\"description\" content=\"Kaikki tarvittava matkailutieto Lontoosta, jotta saat kaiken irti vierailustasi t\u00e4ss\u00e4 kulttuurisessa ja historiallisessa p\u00e4\u00e4kaupungissa.\" \/>\n<meta name=\"robots\" content=\"index, follow, max-snippet:-1, max-image-preview:large, max-video-preview:-1\" \/>\n<link rel=\"canonical\" href=\"https:\/\/uk-gb.net\/fi\/lontoo\/\" \/>\n<meta property=\"og:locale\" content=\"fi_FI\" \/>\n<meta property=\"og:type\" content=\"article\" \/>\n<meta property=\"og:title\" content=\"Lontoon matkaopas - UK GB\" \/>\n<meta property=\"og:description\" content=\"Kaikki tarvittava matkailutieto Lontoosta, jotta saat kaiken irti vierailustasi t\u00e4ss\u00e4 kulttuurisessa ja historiallisessa p\u00e4\u00e4kaupungissa.\" \/>\n<meta property=\"og:url\" content=\"https:\/\/uk-gb.net\/fi\/lontoo\/\" \/>\n<meta property=\"og:site_name\" content=\"UK GB\" \/>\n<meta property=\"article:modified_time\" content=\"2025-07-17T13:27:52+00:00\" \/>\n<meta property=\"og:image\" content=\"https:\/\/uk-gb.net\/wp-content\/uploads\/2025\/01\/London-scaled-e1747988544474.jpeg\" \/>\n\t<meta property=\"og:image:width\" content=\"2103\" \/>\n\t<meta property=\"og:image:height\" content=\"1028\" \/>\n\t<meta property=\"og:image:type\" content=\"image\/jpeg\" \/>\n<meta name=\"twitter:card\" content=\"summary_large_image\" \/>\n<meta name=\"twitter:label1\" content=\"Arvioitu lukuaika\" \/>\n\t<meta name=\"twitter:data1\" content=\"3 minuuttia\" \/>\n<script type=\"application\/ld+json\" class=\"yoast-schema-graph\">{\"@context\":\"https:\\\/\\\/schema.org\",\"@graph\":[{\"@type\":\"WebPage\",\"@id\":\"https:\\\/\\\/uk-gb.net\\\/fi\\\/lontoo\\\/\",\"url\":\"https:\\\/\\\/uk-gb.net\\\/fi\\\/lontoo\\\/\",\"name\":\"Lontoon matkaopas - UK GB\",\"isPartOf\":{\"@id\":\"https:\\\/\\\/uk-gb.net\\\/fi\\\/#website\"},\"primaryImageOfPage\":{\"@id\":\"https:\\\/\\\/uk-gb.net\\\/fi\\\/lontoo\\\/#primaryimage\"},\"image\":{\"@id\":\"https:\\\/\\\/uk-gb.net\\\/fi\\\/lontoo\\\/#primaryimage\"},\"thumbnailUrl\":\"https:\\\/\\\/uk-gb.net\\\/wp-content\\\/uploads\\\/2025\\\/01\\\/London-1024x469.jpeg\",\"datePublished\":\"2025-01-11T11:00:01+00:00\",\"dateModified\":\"2025-07-17T13:27:52+00:00\",\"description\":\"Kaikki tarvittava matkailutieto Lontoosta, jotta saat kaiken irti vierailustasi t\u00e4ss\u00e4 kulttuurisessa ja historiallisessa p\u00e4\u00e4kaupungissa.\",\"inLanguage\":\"fi\",\"potentialAction\":[{\"@type\":\"ReadAction\",\"target\":[\"https:\\\/\\\/uk-gb.net\\\/fi\\\/lontoo\\\/\"]}]},{\"@type\":\"ImageObject\",\"inLanguage\":\"fi\",\"@id\":\"https:\\\/\\\/uk-gb.net\\\/fi\\\/lontoo\\\/#primaryimage\",\"url\":\"https:\\\/\\\/uk-gb.net\\\/wp-content\\\/uploads\\\/2025\\\/01\\\/London-1024x469.jpeg\",\"contentUrl\":\"https:\\\/\\\/uk-gb.net\\\/wp-content\\\/uploads\\\/2025\\\/01\\\/London-1024x469.jpeg\"},{\"@type\":\"WebSite\",\"@id\":\"https:\\\/\\\/uk-gb.net\\\/fi\\\/#website\",\"url\":\"https:\\\/\\\/uk-gb.net\\\/fi\\\/\",\"name\":\"UK GB\",\"description\":\"Travel to the UK\",\"potentialAction\":[{\"@type\":\"SearchAction\",\"target\":{\"@type\":\"EntryPoint\",\"urlTemplate\":\"https:\\\/\\\/uk-gb.net\\\/fi\\\/?s={search_term_string}\"},\"query-input\":{\"@type\":\"PropertyValueSpecification\",\"valueRequired\":true,\"valueName\":\"search_term_string\"}}],\"inLanguage\":\"fi\"}]}<\/script>\n<!-- \/ Yoast SEO plugin. -->","yoast_head_json":{"title":"Lontoon matkaopas - UK GB","description":"Kaikki tarvittava matkailutieto Lontoosta, jotta saat kaiken irti vierailustasi t\u00e4ss\u00e4 kulttuurisessa ja historiallisessa p\u00e4\u00e4kaupungissa.","robots":{"index":"index","follow":"follow","max-snippet":"max-snippet:-1","max-image-preview":"max-image-preview:large","max-video-preview":"max-video-preview:-1"},"canonical":"https:\/\/uk-gb.net\/fi\/lontoo\/","og_locale":"fi_FI","og_type":"article","og_title":"Lontoon matkaopas - UK GB","og_description":"Kaikki tarvittava matkailutieto Lontoosta, jotta saat kaiken irti vierailustasi t\u00e4ss\u00e4 kulttuurisessa ja historiallisessa p\u00e4\u00e4kaupungissa.","og_url":"https:\/\/uk-gb.net\/fi\/lontoo\/","og_site_name":"UK GB","article_modified_time":"2025-07-17T13:27:52+00:00","og_image":[{"width":2103,"height":1028,"url":"https:\/\/uk-gb.net\/wp-content\/uploads\/2025\/01\/London-scaled-e1747988544474.jpeg","type":"image\/jpeg"}],"twitter_card":"summary_large_image","twitter_misc":{"Arvioitu lukuaika":"3 minuuttia"},"schema":{"@context":"https:\/\/schema.org","@graph":[{"@type":"WebPage","@id":"https:\/\/uk-gb.net\/fi\/lontoo\/","url":"https:\/\/uk-gb.net\/fi\/lontoo\/","name":"Lontoon matkaopas - UK GB","isPartOf":{"@id":"https:\/\/uk-gb.net\/fi\/#website"},"primaryImageOfPage":{"@id":"https:\/\/uk-gb.net\/fi\/lontoo\/#primaryimage"},"image":{"@id":"https:\/\/uk-gb.net\/fi\/lontoo\/#primaryimage"},"thumbnailUrl":"https:\/\/uk-gb.net\/wp-content\/uploads\/2025\/01\/London-1024x469.jpeg","datePublished":"2025-01-11T11:00:01+00:00","dateModified":"2025-07-17T13:27:52+00:00","description":"Kaikki tarvittava matkailutieto Lontoosta, jotta saat kaiken irti vierailustasi t\u00e4ss\u00e4 kulttuurisessa ja historiallisessa p\u00e4\u00e4kaupungissa.","inLanguage":"fi","potentialAction":[{"@type":"ReadAction","target":["https:\/\/uk-gb.net\/fi\/lontoo\/"]}]},{"@type":"ImageObject","inLanguage":"fi","@id":"https:\/\/uk-gb.net\/fi\/lontoo\/#primaryimage","url":"https:\/\/uk-gb.net\/wp-content\/uploads\/2025\/01\/London-1024x469.jpeg","contentUrl":"https:\/\/uk-gb.net\/wp-content\/uploads\/2025\/01\/London-1024x469.jpeg"},{"@type":"WebSite","@id":"https:\/\/uk-gb.net\/fi\/#website","url":"https:\/\/uk-gb.net\/fi\/","name":"UK GB","description":"Travel to the UK","potentialAction":[{"@type":"SearchAction","target":{"@type":"EntryPoint","urlTemplate":"https:\/\/uk-gb.net\/fi\/?s={search_term_string}"},"query-input":{"@type":"PropertyValueSpecification","valueRequired":true,"valueName":"search_term_string"}}],"inLanguage":"fi"}]}},"_links":{"self":[{"href":"https:\/\/uk-gb.net\/fi\/wp-json\/wp\/v2\/pages\/3928","targetHints":{"allow":["GET"]}}],"collection":[{"href":"https:\/\/uk-gb.net\/fi\/wp-json\/wp\/v2\/pages"}],"about":[{"href":"https:\/\/uk-gb.net\/fi\/wp-json\/wp\/v2\/types\/page"}],"author":[{"embeddable":true,"href":"https:\/\/uk-gb.net\/fi\/wp-json\/wp\/v2\/users\/1"}],"replies":[{"embeddable":true,"href":"https:\/\/uk-gb.net\/fi\/wp-json\/wp\/v2\/comments?post=3928"}],"version-history":[{"count":0,"href":"https:\/\/uk-gb.net\/fi\/wp-json\/wp\/v2\/pages\/3928\/revisions"}],"wp:attachment":[{"href":"https:\/\/uk-gb.net\/fi\/wp-json\/wp\/v2\/media?parent=3928"}],"curies":[{"name":"wp","href":"https:\/\/api.w.org\/{rel}","templated":true}]}}