{"id":3438,"date":"2023-11-13T16:38:13","date_gmt":"2023-11-13T16:38:13","guid":{"rendered":"https:\/\/uk-gb.net\/viisumi-uk\/"},"modified":"2026-03-03T09:45:30","modified_gmt":"2026-03-03T09:45:30","slug":"viisumi-uk","status":"publish","type":"page","link":"https:\/\/uk-gb.net\/fi\/viisumi-uk\/","title":{"rendered":"Matkustusmuodollisuudet Yhdistyneeseen kuningaskuntaan"},"content":{"rendered":"\n<h1 class=\"wp-block-heading\">Yhdistyneen kuningaskunnan maahantulomuodollisuudet kansainv\u00e4lisille matkustajille<\/h1>\n\n<p>Yhdistynyt kuningaskunta on ottanut k\u00e4ytt\u00f6\u00f6n <strong>s\u00e4hk\u00f6isen matkustuslupaj\u00e4rjestelm\u00e4n<\/strong> (ETA) tiettyjen viisumivapaiden maiden kansalaisille. T\u00e4m\u00e4n yksinkertaistetun menettelyn ansiosta ihmiset voivat tulla Yhdistyneeseen kuningaskuntaan lyhytaikaista oleskelua varten ilman perinteist\u00e4 viisumia. ETA tarvitaan seuraavissa tapauksissa: Matkailijat, sukulaisvierailut, ty\u00f6matkat, lyhytaikaiset opinnot tai v\u00e4lilasku Yhdistyneess\u00e4 kuningaskunnassa.  <\/p>\n\n<p><strong>Voit hakea hakemusta <strong>muutamassa minuutissa<\/strong><\/strong> t\u00e4ytt\u00e4m\u00e4ll\u00e4 <a href=\"https:\/\/uk-gb.net\/fi\/online-eta-viisumi-englannista\/\">ETA-lomakkeen verkossa<\/a>.<\/p>\n\n<div style=\"height:10px\" aria-hidden=\"true\" class=\"wp-block-spacer\"><\/div>\n\n<h2 class=\"wp-block-heading\">Ket\u00e4 Yhdistyneen kuningaskunnan ETA koskee?<\/h2>\n\n<p>Niiden <a href=\"https:\/\/uk-gb.net\/fi\/maat-jotka-voivat-hakea-eta-uk-ta\/\">maiden m\u00e4\u00e4r\u00e4 , jotka ovat oikeutettuja Yhdistyneen kuningaskunnan ETA-ohjelmaan<\/a>, kasvaa v\u00e4hitellen.<\/p>\n\n<p>Ohjelma otettiin ensimm\u00e4isen\u00e4 k\u00e4ytt\u00f6\u00f6n L\u00e4hi-id\u00e4ss\u00e4, ja sen alkuvaiheet olivat seuraavat:<\/p>\n\n<ul class=\"wp-block-list\">\n<li>Vuodesta 2023 l\u00e4htien ETA:n ansiosta Qatarin kansalaiset ovat voineet v\u00e4ltt\u00e4\u00e4 viisumin hakemisen Qatarista Englantiin.<\/li>\n\n\n\n<li>Helmikuusta 2024 alkaen: <a href=\"https:\/\/uk-gb.net\/fi\/viisumi-englannista-lahto-saudi-arabiaan\/\">Saudi-Arabian kansalaiset voivat viisumin sijasta saada ETA-viisumin<\/a> Yhdistyneeseen kuningaskuntaan.<\/li>\n<\/ul>\n\n<div style=\"height:10px\" aria-hidden=\"true\" class=\"wp-block-spacer\"><\/div>\n\n<p>Kaikki Euroopan maat on lis\u00e4tty Yhdistyneen kuningaskunnan ETA-j\u00e4rjestelm\u00e4\u00e4n. Euroopan kansalaiset voivat nyt <a href=\"https:\/\/uk-gb.net\/fi\/online-eta-viisumi-englannista\/\">hakea ETA-hakemusta verkossa<\/a> ennen Yhdistyneeseen kuningaskuntaan matkustamista. <\/p>\n\n<h2 class=\"wp-block-heading\">Mit\u00e4 viisumeja ja lupia tarvitaan Yhdistyneeseen kuningaskuntaan matkustamiseen?<\/h2>\n\n<p>Yhdistynyt kuningaskunta tarjoaa <a href=\"https:\/\/uk-gb.net\/fi\/erityyppisia-brittilaisia-viisumeja\/\">useita erilaisia viisumi- tai lupatyyppej\u00e4<\/a> matkustajan profiilin, oleskelun syyn ja keston mukaan. Lyhytaikaista oleskelua varten tietyt kansalaiset voivat v\u00e4ltt\u00e4\u00e4 perinteisen viisumimenettelyn k\u00e4ytt\u00e4m\u00e4ll\u00e4 s\u00e4hk\u00f6ist\u00e4 ETA-lupaa. T\u00e4ss\u00e4 on selke\u00e4 opas k\u00e4ytett\u00e4viss\u00e4 olevista vaihtoehdoista.  <\/p>\n\n<h3 class=\"wp-block-heading\">Tarvitsenko viisumin matkustaakseni Yhdistyneeseen kuningaskuntaan?<\/h3>\n\n<p>Kaikki riippuu kansalaisuudestasi ja matkasi tarkoituksesta. T\u00e4ss\u00e4 ovat t\u00e4rkeimm\u00e4t vaihtoehdot: <\/p>\n\n<ul class=\"wp-block-list\">\n<li><strong>Jos olet Irlannin kansalainen<\/strong>: viisumia tai ETA-viisumia ei tarvita.<\/li>\n\n\n\n<li><strong>Olet sellaisen maan kansalainen, joka on vapautettu viisumipakosta:<\/strong> T\u00e4m\u00e4 koskee Euroopan, Yhdysvaltojen ja muiden kumppanimaiden kansalaisia. Vuodesta 2025 l\u00e4htien Yhdistyneeseen kuningaskuntaan <a href=\"https:\/\/uk-gb.net\/fi\/eta-englanti-iso-britannia\/\">on tarvittu ETA-viisumi<\/a>.  <\/li>\n\n\n\n<li><strong>Jos olet kotoisin maasta, joka jo kuuluu ETA-j\u00e4rjestelm\u00e4\u00e4n (Qatar, Saudi-Arabia jne.)<\/strong>: Sinun on <a href=\"https:\/\/uk-gb.net\/fi\/online-eta-viisumi-englannista\/\">haettava ETA-hakemusta verkossa<\/a>.<\/li>\n\n\n\n<li>Jos <strong>olet sellaisen maan kansalainen, joka vaatii viisumin<\/strong>: sinun on haettava <a href=\"https:\/\/uk-gb.net\/fi\/turistiviisumi-englantiin\/\">turistiviisumia<\/a> verkossa ja viimeistelt\u00e4v\u00e4 hakemuksesi <a href=\"https:\/\/uk-gb.net\/fi\/viisumiajanvaraus-englannin-suurlahetysto\/\">Britannian suurl\u00e4hetyst\u00f6ss\u00e4<\/a>.<\/li>\n\n\n\n<li><strong>Esimerkki:<\/strong> eTA <a href=\"https:\/\/uk-gb.net\/fi\/englannin-viisumi-ranskasta\/\" type=\"page\" id=\"972\">Ranskasta.<\/a><\/li>\n<\/ul>\n\n<div style=\"height:10px\" aria-hidden=\"true\" class=\"wp-block-spacer\"><\/div>\n\n<h3 class=\"wp-block-heading\">Millaisia viisumityyppej\u00e4 on saatavilla Yhdistyneeseen kuningaskuntaan?<\/h3>\n\n<p>Viisumin tyyppi riippuu vierailun syyst\u00e4:<\/p>\n\n<figure class=\"wp-block-table\"><table><thead><tr><th>Viisumin tyyppi<\/th><th>P\u00e4\u00e4sovellus<\/th><\/tr><\/thead><tbody><tr><td><a href=\"https:\/\/uk-gb.net\/fi\/turistiviisumi-englantiin\/\">Turistiviisumi<\/a><\/td><td>Vapaa-ajanmatkat tai vierailut sukulaisten luona<\/td><\/tr><tr><td><a href=\"https:\/\/uk-gb.net\/fi\/liikeviisumi-englantiin-yhdistynyt-kuningaskunta\/\">Liikeviisumi<\/a><\/td><td>Kokoukset, konferenssit, ammatilliset virkamatkat<\/td><\/tr><tr><td><a href=\"https:\/\/uk-gb.net\/fi\/opiskelijaviisumi-englanti-iso-britannia\/\">Opiskelijaviisumi<\/a><\/td><td>Pitk\u00e4aikaiset opinnot tai erityiskoulutus<\/td><\/tr><tr><td><a href=\"https:\/\/uk-gb.net\/fi\/viisumi-kauttakulku-valilasku-englanti-iso-britannia\/\">Transit-viisumi<\/a><\/td><td>V\u00e4liaikainen kulku brittil\u00e4isen lentoaseman kautta<\/td><\/tr><tr><td><a href=\"https:\/\/uk-gb.net\/fi\/perheviisumi-englanti-iso-britannia\/\">Perheviisumi<\/a><\/td><td>Perheen matkailu Yhdistyneess\u00e4 kuningaskunnassa<\/td><\/tr><\/tbody><\/table><\/figure>\n\n<h3 class=\"wp-block-heading\">Kauttakulku Yhdistyneess\u00e4 kuningaskunnassa: ETA vai viisumi?<\/h3>\n\n<p><strong>Tarvitset matkustusluvan<\/strong>, vaikka pys\u00e4htyisitkin <strong>vain lentokent\u00e4ll\u00e4<\/strong>. Kansalaisuudestasi riippuen se voi olla <a href=\"https:\/\/uk-gb.net\/fi\/eta-englanti-iso-britannia\/\">Yhdistyneen kuningaskunnan ETA-<\/a> tai <a href=\"https:\/\/uk-gb.net\/fi\/viisumi-kauttakulku-valilasku-englanti-iso-britannia\/\">kauttakulkuviisumi<\/a>. T\u00e4t\u00e4 vaatimusta sovelletaan, vaikka et kulkisi rajatarkastuksen l\u00e4pi.  <\/p>\n\n<h3 class=\"wp-block-heading\">Voinko matkustaa ETA-viisumin sijaan?<\/h3>\n\n<p><strong>S\u00e4hk\u00f6inen ETA-lupa<\/strong> riitt\u00e4\u00e4, jos oleskelusi t\u00e4ytt\u00e4\u00e4 n\u00e4m\u00e4 edellytykset:<\/p>\n\n<p>\u2705 Matkailijan oleskelu, perhevierailu, lyhyt opintomatka, ty\u00f6matka<br\/>\u2705 Enimm\u00e4iskesto 6 kuukautta<br\/>\u2705 Kauttakulku Yhdistyneen kuningaskunnan kautta<br\/>\u2705 Alle 3 kuukauden pituinen palkallinen taiteellinen virkamatka (tietyiss\u00e4 erityistapauksissa).<\/p>\n\n<h3 class=\"wp-block-heading\">ETA-luvan rajat<\/h3>\n\n<p>\u274c ETA ei salli :<\/p>\n\n<ul class=\"wp-block-list\">\n<li>Yli 6 kuukauden oleskelu<\/li>\n\n\n\n<li>Ty\u00f6skentely brittil\u00e4isess\u00e4 yrityksess\u00e4<\/li>\n\n\n\n<li>Yrityksen perustaminen tai itsen\u00e4iseksi ammatinharjoittajaksi ryhtyminen<\/li>\n\n\n\n<li>Julkisen rahoituksen saaminen<\/li>\n\n\n\n<li>Avioliiton solmiminen tai siviiliavioliiton rekister\u00f6inti<\/li>\n\n\n\n<li>Pysyv\u00e4 asentaminen<\/li>\n<\/ul>\n\n<p>Kaikissa n\u00e4iss\u00e4 tapauksissa tarvitaan <a href=\"https:\/\/uk-gb.net\/fi\/erityyppisia-brittilaisia-viisumeja\/\">Yhdistyneen kuningaskunnan viisumi<\/a>.<\/p>\n\n<h3 class=\"wp-block-heading\">Mihin kohteisiin haetaan eniten viisumia?<\/h3>\n\n<p>Lontoo on edelleen maan t\u00e4rkein portti, mutta my\u00f6s muut kaupungit houkuttelevat paljon k\u00e4vij\u00f6it\u00e4. Matkustajat hakevat <a href=\"https:\/\/uk-gb.net\/fi\/viisumi-lontooseen\/\">viisumia Lontooseen<\/a> saapuakseen Englantiin. Ulkomaalaiset matkailijat vierailevat my\u00f6s Englannin muissa t\u00e4rkeimmiss\u00e4 kaupungeissa hakemalla <a href=\"https:\/\/uk-gb.net\/fi\/viisumi-liverpooliin\/\">viisumia Liverpooliin<\/a>. My\u00f6s <a href=\"https:\/\/uk-gb.net\/fi\/viisumit-manchesteriin\/\">Manchesteriin haetaan paljon viisumia<\/a>.   <\/p>\n\n<p>Englannin suurimmat yliopistokaupungit houkuttelevat my\u00f6s monia matkailijoita, jotka matkustavat akateemisia opintomatkoja varten ja tarvitsevat <a href=\"https:\/\/uk-gb.net\/fi\/viisumi-oxfordiin\/\">viisumin Oxfordiin<\/a> tai pohjoisempana Lontoossa sijaitsevaan Cambridgeen.<\/p>\n\n<p>Yhdistyneen kuningaskunnan pohjoisosissa matkustajat hakevat viisumia Birminghamiin. Jotkut matkustavat viel\u00e4 pohjoisemmaksi Skotlantiin ja hakevat viisumia Edinburghiin tai <a href=\"https:\/\/uk-gb.net\/fi\/viisumi-glasgowiin\/\">viisumia Glasgow<\/a>. <\/p>\n\n<p>Wales on my\u00f6s ulkomaisten matkailijoiden suosittu kohde. Matkailijat tarvitsevat viisumin Cardiffiin. <\/p>\n","protected":false},"excerpt":{"rendered":"<p>Yhdistyneen kuningaskunnan maahantulomuodollisuudet kansainv\u00e4lisille matkustajille Yhdistynyt kuningaskunta on ottanut k\u00e4ytt\u00f6\u00f6n s\u00e4hk\u00f6isen matkustuslupaj\u00e4rjestelm\u00e4n (ETA) tiettyjen viisumivapaiden maiden kansalaisille. T\u00e4m\u00e4n yksinkertaistetun menettelyn ansiosta ihmiset voivat tulla Yhdistyneeseen kuningaskuntaan lyhytaikaista oleskelua varten ilman perinteist\u00e4 viisumia. ETA tarvitaan seuraavissa tapauksissa: Matkailijat, sukulaisvierailut, ty\u00f6matkat, lyhytaikaiset opinnot tai v\u00e4lilasku Yhdistyneess\u00e4 kuningaskunnassa. Voit hakea hakemusta muutamassa minuutissa t\u00e4ytt\u00e4m\u00e4ll\u00e4 ETA-lomakkeen verkossa. Ket\u00e4 Yhdistyneen [&hellip;]<\/p>\n","protected":false},"author":1,"featured_media":0,"parent":0,"menu_order":0,"comment_status":"closed","ping_status":"closed","template":"","meta":{"footnotes":""},"class_list":["post-3438","page","type-page","status-publish","hentry"],"yoast_head":"<!-- This site is optimized with the Yoast SEO plugin v27.4 - https:\/\/yoast.com\/product\/yoast-seo-wordpress\/ -->\n<title>Matkustusmuodollisuudet Yhdistyneeseen kuningaskuntaan<\/title>\n<meta name=\"description\" content=\"Yhdistyneeseen kuningaskuntaan saapuvia ulkomaalaisia matkustajia koskevat s\u00e4\u00e4nn\u00f6t ovat muuttuneet, kun Yhdistyneess\u00e4 kuningaskunnassa otettiin k\u00e4ytt\u00f6\u00f6n s\u00e4hk\u00f6inen matkustuslupa (eTA).\" \/>\n<meta name=\"robots\" content=\"index, follow, max-snippet:-1, max-image-preview:large, max-video-preview:-1\" \/>\n<link rel=\"canonical\" href=\"https:\/\/uk-gb.net\/fi\/viisumi-uk\/\" \/>\n<meta property=\"og:locale\" content=\"fi_FI\" \/>\n<meta property=\"og:type\" content=\"article\" \/>\n<meta property=\"og:title\" content=\"Matkustusmuodollisuudet Yhdistyneeseen kuningaskuntaan\" \/>\n<meta property=\"og:description\" content=\"Yhdistyneeseen kuningaskuntaan saapuvia ulkomaalaisia matkustajia koskevat s\u00e4\u00e4nn\u00f6t ovat muuttuneet, kun Yhdistyneess\u00e4 kuningaskunnassa otettiin k\u00e4ytt\u00f6\u00f6n s\u00e4hk\u00f6inen matkustuslupa (eTA).\" \/>\n<meta property=\"og:url\" content=\"https:\/\/uk-gb.net\/fi\/viisumi-uk\/\" \/>\n<meta property=\"og:site_name\" content=\"UK GB\" \/>\n<meta property=\"article:modified_time\" content=\"2026-03-03T09:45:30+00:00\" \/>\n<meta name=\"twitter:card\" content=\"summary_large_image\" \/>\n<meta name=\"twitter:label1\" content=\"Arvioitu lukuaika\" \/>\n\t<meta name=\"twitter:data1\" content=\"3 minuuttia\" \/>\n<script type=\"application\/ld+json\" class=\"yoast-schema-graph\">{\"@context\":\"https:\\\/\\\/schema.org\",\"@graph\":[{\"@type\":\"WebPage\",\"@id\":\"https:\\\/\\\/uk-gb.net\\\/fi\\\/viisumi-uk\\\/\",\"url\":\"https:\\\/\\\/uk-gb.net\\\/fi\\\/viisumi-uk\\\/\",\"name\":\"Matkustusmuodollisuudet Yhdistyneeseen kuningaskuntaan\",\"isPartOf\":{\"@id\":\"https:\\\/\\\/uk-gb.net\\\/fi\\\/#website\"},\"datePublished\":\"2023-11-13T16:38:13+00:00\",\"dateModified\":\"2026-03-03T09:45:30+00:00\",\"description\":\"Yhdistyneeseen kuningaskuntaan saapuvia ulkomaalaisia matkustajia koskevat s\u00e4\u00e4nn\u00f6t ovat muuttuneet, kun Yhdistyneess\u00e4 kuningaskunnassa otettiin k\u00e4ytt\u00f6\u00f6n s\u00e4hk\u00f6inen matkustuslupa (eTA).\",\"inLanguage\":\"fi\",\"potentialAction\":[{\"@type\":\"ReadAction\",\"target\":[\"https:\\\/\\\/uk-gb.net\\\/fi\\\/viisumi-uk\\\/\"]}]},{\"@type\":\"WebSite\",\"@id\":\"https:\\\/\\\/uk-gb.net\\\/fi\\\/#website\",\"url\":\"https:\\\/\\\/uk-gb.net\\\/fi\\\/\",\"name\":\"UK GB\",\"description\":\"Travel to the UK\",\"potentialAction\":[{\"@type\":\"SearchAction\",\"target\":{\"@type\":\"EntryPoint\",\"urlTemplate\":\"https:\\\/\\\/uk-gb.net\\\/fi\\\/?s={search_term_string}\"},\"query-input\":{\"@type\":\"PropertyValueSpecification\",\"valueRequired\":true,\"valueName\":\"search_term_string\"}}],\"inLanguage\":\"fi\"}]}<\/script>\n<!-- \/ Yoast SEO plugin. -->","yoast_head_json":{"title":"Matkustusmuodollisuudet Yhdistyneeseen kuningaskuntaan","description":"Yhdistyneeseen kuningaskuntaan saapuvia ulkomaalaisia matkustajia koskevat s\u00e4\u00e4nn\u00f6t ovat muuttuneet, kun Yhdistyneess\u00e4 kuningaskunnassa otettiin k\u00e4ytt\u00f6\u00f6n s\u00e4hk\u00f6inen matkustuslupa (eTA).","robots":{"index":"index","follow":"follow","max-snippet":"max-snippet:-1","max-image-preview":"max-image-preview:large","max-video-preview":"max-video-preview:-1"},"canonical":"https:\/\/uk-gb.net\/fi\/viisumi-uk\/","og_locale":"fi_FI","og_type":"article","og_title":"Matkustusmuodollisuudet Yhdistyneeseen kuningaskuntaan","og_description":"Yhdistyneeseen kuningaskuntaan saapuvia ulkomaalaisia matkustajia koskevat s\u00e4\u00e4nn\u00f6t ovat muuttuneet, kun Yhdistyneess\u00e4 kuningaskunnassa otettiin k\u00e4ytt\u00f6\u00f6n s\u00e4hk\u00f6inen matkustuslupa (eTA).","og_url":"https:\/\/uk-gb.net\/fi\/viisumi-uk\/","og_site_name":"UK GB","article_modified_time":"2026-03-03T09:45:30+00:00","twitter_card":"summary_large_image","twitter_misc":{"Arvioitu lukuaika":"3 minuuttia"},"schema":{"@context":"https:\/\/schema.org","@graph":[{"@type":"WebPage","@id":"https:\/\/uk-gb.net\/fi\/viisumi-uk\/","url":"https:\/\/uk-gb.net\/fi\/viisumi-uk\/","name":"Matkustusmuodollisuudet Yhdistyneeseen kuningaskuntaan","isPartOf":{"@id":"https:\/\/uk-gb.net\/fi\/#website"},"datePublished":"2023-11-13T16:38:13+00:00","dateModified":"2026-03-03T09:45:30+00:00","description":"Yhdistyneeseen kuningaskuntaan saapuvia ulkomaalaisia matkustajia koskevat s\u00e4\u00e4nn\u00f6t ovat muuttuneet, kun Yhdistyneess\u00e4 kuningaskunnassa otettiin k\u00e4ytt\u00f6\u00f6n s\u00e4hk\u00f6inen matkustuslupa (eTA).","inLanguage":"fi","potentialAction":[{"@type":"ReadAction","target":["https:\/\/uk-gb.net\/fi\/viisumi-uk\/"]}]},{"@type":"WebSite","@id":"https:\/\/uk-gb.net\/fi\/#website","url":"https:\/\/uk-gb.net\/fi\/","name":"UK GB","description":"Travel to the UK","potentialAction":[{"@type":"SearchAction","target":{"@type":"EntryPoint","urlTemplate":"https:\/\/uk-gb.net\/fi\/?s={search_term_string}"},"query-input":{"@type":"PropertyValueSpecification","valueRequired":true,"valueName":"search_term_string"}}],"inLanguage":"fi"}]}},"_links":{"self":[{"href":"https:\/\/uk-gb.net\/fi\/wp-json\/wp\/v2\/pages\/3438","targetHints":{"allow":["GET"]}}],"collection":[{"href":"https:\/\/uk-gb.net\/fi\/wp-json\/wp\/v2\/pages"}],"about":[{"href":"https:\/\/uk-gb.net\/fi\/wp-json\/wp\/v2\/types\/page"}],"author":[{"embeddable":true,"href":"https:\/\/uk-gb.net\/fi\/wp-json\/wp\/v2\/users\/1"}],"replies":[{"embeddable":true,"href":"https:\/\/uk-gb.net\/fi\/wp-json\/wp\/v2\/comments?post=3438"}],"version-history":[{"count":0,"href":"https:\/\/uk-gb.net\/fi\/wp-json\/wp\/v2\/pages\/3438\/revisions"}],"wp:attachment":[{"href":"https:\/\/uk-gb.net\/fi\/wp-json\/wp\/v2\/media?parent=3438"}],"curies":[{"name":"wp","href":"https:\/\/api.w.org\/{rel}","templated":true}]}}