{"id":3436,"date":"2023-12-07T16:45:33","date_gmt":"2023-12-07T16:45:33","guid":{"rendered":"https:\/\/uk-gb.net\/englanti-iso-britannian-suurlahetysto-suomessa\/"},"modified":"2025-07-17T15:03:51","modified_gmt":"2025-07-17T14:03:51","slug":"englanti-iso-britannian-suurlahetysto-suomessa","status":"publish","type":"page","link":"https:\/\/uk-gb.net\/fi\/englanti-iso-britannian-suurlahetysto-suomessa\/","title":{"rendered":"Britannian suurl\u00e4hetyst\u00f6 Suomessa"},"content":{"rendered":"\n<h1 class=\"wp-block-heading\">Mik\u00e4 on Yhdistyneen kuningaskunnan suurl\u00e4hetyst\u00f6?<\/h1>\n\n<p>Yhdistyneen kuningaskunnan suurl\u00e4hetyst\u00f6t, joita on useimmissa maissa, edustavat virallisesti Yhdistyneen kuningaskunnan etuja ulkomailla. Niiden p\u00e4\u00e4teht\u00e4v\u00e4n\u00e4 on suojella Yhdistyneen kuningaskunnan kansalaisia ulkomailla ja edist\u00e4\u00e4 samalla Yhdistyneen kuningaskunnan diplomaattisia, taloudellisia ja kulttuurisia painopisteit\u00e4. Ne tarjoavat my\u00f6s konsuliapua ulkomailla matkustaville tai asuville kansalaisille.  <\/p>\n\n<p>Liikkuvuuden kannalta n\u00e4ill\u00e4 edustustoilla on keskeinen rooli Yhdistyneeseen kuningaskuntaan matkustavien henkil\u00f6iden <a href=\"https:\/\/uk-gb.net\/fi\/yhdistyneen-kuningaskunnan-viisumihakemusmenettely\/\">viisumihakemusten<\/a> k\u00e4sittelyss\u00e4. Vuodesta 2024 alkaen tiettyjen <a href=\"https:\/\/uk-gb.net\/fi\/maat-jotka-voivat-hakea-eta-uk-ta\/\">viisumivapausohjelmaan kuuluvien maiden<\/a> kansalaisten ei kuitenkaan en\u00e4\u00e4 tarvitse hakea <a href=\"https:\/\/uk-gb.net\/fi\/turistiviisumi-englantiin\/\">turistiviisumia<\/a> lyhytaikaista oleskelua varten. <\/p>\n\n<p><strong>Voit hankkia<\/strong> <a href=\"https:\/\/uk-gb.net\/fi\/eta-englanti-iso-britannia\/\">eTA-luvan Yhdistyneeseen kuningaskuntaan<\/a> verkossa alle 6 kuukauden turistilomaa varten.<\/p>\n\n<div style=\"height:10px\" aria-hidden=\"true\" class=\"wp-block-spacer\"><\/div>\n\n<h2 class=\"wp-block-heading\">Miss\u00e4 on Yhdistyneen kuningaskunnan suurl\u00e4hetyst\u00f6?<\/h2>\n\n<p>Voit etsi\u00e4 l\u00e4himm\u00e4n Yhdistyneen kuningaskunnan suurl\u00e4hetyst\u00f6n tai konsulaatin <a href=\"https:\/\/www.gov.uk\/world\/embassies\">t\u00e4ll\u00e4 sivulla<\/a>, jossa luetellaan kaikki Yhdistyneen kuningaskunnan diplomaattiset edustustot eri puolilla maailmaa.<\/p>\n\n<p><strong>Britannian Suomen-suurl\u00e4hetyst\u00f6 sijaitsee osoitteessa It\u00e4inen Puistotie 17, 00140 Helsinki. <\/strong><\/p>\n\n<h2 class=\"wp-block-heading\">Miten varaan ajan Britannian suurl\u00e4hetyst\u00f6\u00f6n?<\/h2>\n\n<p>Kun hakija hakee viisumia Yhdistyneeseen kuningaskuntaan, h\u00e4nen on yleens\u00e4 osallistuttava konsulihaastatteluun. Varatakseen ajan hakijan on k\u00e4yt\u00e4v\u00e4 Yhdistyneen kuningaskunnan hallituksen virallisella verkkosivustolla (gov.uk) ja valittava <a href=\"https:\/\/uk-gb.net\/fi\/viisumiajanvaraus-englannin-suurlahetysto\/\">haastattelup\u00e4iv\u00e4 asianomaisessa suurl\u00e4hetyst\u00f6ss\u00e4<\/a> tai viisumikeskuksessa. <\/p>\n\n<p>Kun tapaaminen on vahvistettu, voit ladata virallisen kutsun. T\u00e4m\u00e4 asiakirja on tulostettava ja esitett\u00e4v\u00e4 yhdess\u00e4 kaikkien haastatteluun vaadittavien liiteasiakirjojen kanssa. <\/p>\n","protected":false},"excerpt":{"rendered":"<p>Mik\u00e4 on Yhdistyneen kuningaskunnan suurl\u00e4hetyst\u00f6? Yhdistyneen kuningaskunnan suurl\u00e4hetyst\u00f6t, joita on useimmissa maissa, edustavat virallisesti Yhdistyneen kuningaskunnan etuja ulkomailla. Niiden p\u00e4\u00e4teht\u00e4v\u00e4n\u00e4 on suojella Yhdistyneen kuningaskunnan kansalaisia ulkomailla ja edist\u00e4\u00e4 samalla Yhdistyneen kuningaskunnan diplomaattisia, taloudellisia ja kulttuurisia painopisteit\u00e4. Ne tarjoavat my\u00f6s konsuliapua ulkomailla matkustaville tai asuville kansalaisille. Liikkuvuuden kannalta n\u00e4ill\u00e4 edustustoilla on keskeinen rooli Yhdistyneeseen kuningaskuntaan matkustavien [&hellip;]<\/p>\n","protected":false},"author":1,"featured_media":0,"parent":0,"menu_order":0,"comment_status":"closed","ping_status":"closed","template":"","meta":{"footnotes":""},"class_list":["post-3436","page","type-page","status-publish","hentry"],"yoast_head":"<!-- This site is optimized with the Yoast SEO plugin v27.4 - https:\/\/yoast.com\/product\/yoast-seo-wordpress\/ -->\n<title>Britannian suurl\u00e4hetyst\u00f6 Suomessa - UK GB<\/title>\n<meta name=\"description\" content=\"Ota yhteytt\u00e4 Yhdistyneen kuningaskunnan suurl\u00e4hetyst\u00f6\u00f6n tai edustavaan Yhdistyneen kuningaskunnan konsulaattiin asuinmaassasi.\" \/>\n<meta name=\"robots\" content=\"index, follow, max-snippet:-1, max-image-preview:large, max-video-preview:-1\" \/>\n<link rel=\"canonical\" href=\"https:\/\/uk-gb.net\/fi\/englanti-iso-britannian-suurlahetysto-suomessa\/\" \/>\n<meta property=\"og:locale\" content=\"fi_FI\" \/>\n<meta property=\"og:type\" content=\"article\" \/>\n<meta property=\"og:title\" content=\"Britannian suurl\u00e4hetyst\u00f6 Suomessa - UK GB\" \/>\n<meta property=\"og:description\" content=\"Ota yhteytt\u00e4 Yhdistyneen kuningaskunnan suurl\u00e4hetyst\u00f6\u00f6n tai edustavaan Yhdistyneen kuningaskunnan konsulaattiin asuinmaassasi.\" \/>\n<meta property=\"og:url\" content=\"https:\/\/uk-gb.net\/fi\/englanti-iso-britannian-suurlahetysto-suomessa\/\" \/>\n<meta property=\"og:site_name\" content=\"UK GB\" \/>\n<meta property=\"article:modified_time\" content=\"2025-07-17T14:03:51+00:00\" \/>\n<meta name=\"twitter:card\" content=\"summary_large_image\" \/>\n<meta name=\"twitter:label1\" content=\"Arvioitu lukuaika\" \/>\n\t<meta name=\"twitter:data1\" content=\"1 minuutti\" \/>\n<script type=\"application\/ld+json\" class=\"yoast-schema-graph\">{\"@context\":\"https:\\\/\\\/schema.org\",\"@graph\":[{\"@type\":\"WebPage\",\"@id\":\"https:\\\/\\\/uk-gb.net\\\/fi\\\/englanti-iso-britannian-suurlahetysto-suomessa\\\/\",\"url\":\"https:\\\/\\\/uk-gb.net\\\/fi\\\/englanti-iso-britannian-suurlahetysto-suomessa\\\/\",\"name\":\"Britannian suurl\u00e4hetyst\u00f6 Suomessa - UK GB\",\"isPartOf\":{\"@id\":\"https:\\\/\\\/uk-gb.net\\\/fi\\\/#website\"},\"datePublished\":\"2023-12-07T16:45:33+00:00\",\"dateModified\":\"2025-07-17T14:03:51+00:00\",\"description\":\"Ota yhteytt\u00e4 Yhdistyneen kuningaskunnan suurl\u00e4hetyst\u00f6\u00f6n tai edustavaan Yhdistyneen kuningaskunnan konsulaattiin asuinmaassasi.\",\"inLanguage\":\"fi\",\"potentialAction\":[{\"@type\":\"ReadAction\",\"target\":[\"https:\\\/\\\/uk-gb.net\\\/fi\\\/englanti-iso-britannian-suurlahetysto-suomessa\\\/\"]}]},{\"@type\":\"WebSite\",\"@id\":\"https:\\\/\\\/uk-gb.net\\\/fi\\\/#website\",\"url\":\"https:\\\/\\\/uk-gb.net\\\/fi\\\/\",\"name\":\"UK GB\",\"description\":\"Travel to the UK\",\"potentialAction\":[{\"@type\":\"SearchAction\",\"target\":{\"@type\":\"EntryPoint\",\"urlTemplate\":\"https:\\\/\\\/uk-gb.net\\\/fi\\\/?s={search_term_string}\"},\"query-input\":{\"@type\":\"PropertyValueSpecification\",\"valueRequired\":true,\"valueName\":\"search_term_string\"}}],\"inLanguage\":\"fi\"}]}<\/script>\n<!-- \/ Yoast SEO plugin. -->","yoast_head_json":{"title":"Britannian suurl\u00e4hetyst\u00f6 Suomessa - UK GB","description":"Ota yhteytt\u00e4 Yhdistyneen kuningaskunnan suurl\u00e4hetyst\u00f6\u00f6n tai edustavaan Yhdistyneen kuningaskunnan konsulaattiin asuinmaassasi.","robots":{"index":"index","follow":"follow","max-snippet":"max-snippet:-1","max-image-preview":"max-image-preview:large","max-video-preview":"max-video-preview:-1"},"canonical":"https:\/\/uk-gb.net\/fi\/englanti-iso-britannian-suurlahetysto-suomessa\/","og_locale":"fi_FI","og_type":"article","og_title":"Britannian suurl\u00e4hetyst\u00f6 Suomessa - UK GB","og_description":"Ota yhteytt\u00e4 Yhdistyneen kuningaskunnan suurl\u00e4hetyst\u00f6\u00f6n tai edustavaan Yhdistyneen kuningaskunnan konsulaattiin asuinmaassasi.","og_url":"https:\/\/uk-gb.net\/fi\/englanti-iso-britannian-suurlahetysto-suomessa\/","og_site_name":"UK GB","article_modified_time":"2025-07-17T14:03:51+00:00","twitter_card":"summary_large_image","twitter_misc":{"Arvioitu lukuaika":"1 minuutti"},"schema":{"@context":"https:\/\/schema.org","@graph":[{"@type":"WebPage","@id":"https:\/\/uk-gb.net\/fi\/englanti-iso-britannian-suurlahetysto-suomessa\/","url":"https:\/\/uk-gb.net\/fi\/englanti-iso-britannian-suurlahetysto-suomessa\/","name":"Britannian suurl\u00e4hetyst\u00f6 Suomessa - UK GB","isPartOf":{"@id":"https:\/\/uk-gb.net\/fi\/#website"},"datePublished":"2023-12-07T16:45:33+00:00","dateModified":"2025-07-17T14:03:51+00:00","description":"Ota yhteytt\u00e4 Yhdistyneen kuningaskunnan suurl\u00e4hetyst\u00f6\u00f6n tai edustavaan Yhdistyneen kuningaskunnan konsulaattiin asuinmaassasi.","inLanguage":"fi","potentialAction":[{"@type":"ReadAction","target":["https:\/\/uk-gb.net\/fi\/englanti-iso-britannian-suurlahetysto-suomessa\/"]}]},{"@type":"WebSite","@id":"https:\/\/uk-gb.net\/fi\/#website","url":"https:\/\/uk-gb.net\/fi\/","name":"UK GB","description":"Travel to the UK","potentialAction":[{"@type":"SearchAction","target":{"@type":"EntryPoint","urlTemplate":"https:\/\/uk-gb.net\/fi\/?s={search_term_string}"},"query-input":{"@type":"PropertyValueSpecification","valueRequired":true,"valueName":"search_term_string"}}],"inLanguage":"fi"}]}},"_links":{"self":[{"href":"https:\/\/uk-gb.net\/fi\/wp-json\/wp\/v2\/pages\/3436","targetHints":{"allow":["GET"]}}],"collection":[{"href":"https:\/\/uk-gb.net\/fi\/wp-json\/wp\/v2\/pages"}],"about":[{"href":"https:\/\/uk-gb.net\/fi\/wp-json\/wp\/v2\/types\/page"}],"author":[{"embeddable":true,"href":"https:\/\/uk-gb.net\/fi\/wp-json\/wp\/v2\/users\/1"}],"replies":[{"embeddable":true,"href":"https:\/\/uk-gb.net\/fi\/wp-json\/wp\/v2\/comments?post=3436"}],"version-history":[{"count":0,"href":"https:\/\/uk-gb.net\/fi\/wp-json\/wp\/v2\/pages\/3436\/revisions"}],"wp:attachment":[{"href":"https:\/\/uk-gb.net\/fi\/wp-json\/wp\/v2\/media?parent=3436"}],"curies":[{"name":"wp","href":"https:\/\/api.w.org\/{rel}","templated":true}]}}