{"id":3433,"date":"2023-11-21T12:31:09","date_gmt":"2023-11-21T12:31:09","guid":{"rendered":"https:\/\/uk-gb.net\/turistiviisumi-englantiin\/"},"modified":"2025-07-17T16:38:36","modified_gmt":"2025-07-17T15:38:36","slug":"turistiviisumi-englantiin","status":"publish","type":"page","link":"https:\/\/uk-gb.net\/fi\/turistiviisumi-englantiin\/","title":{"rendered":"Turistiviisumi Yhdistyneeseen kuningaskuntaan"},"content":{"rendered":"\n<h1 class=\"wp-block-heading\">Turistiviisumi Englantiin matkustamista varten<\/h1>\n\n<p>Jos haluat k\u00e4yd\u00e4 <a href=\"https:\/\/uk-gb.net\/fi\/lontoo\/\">Lontoossa<\/a>, <a href=\"https:\/\/uk-gb.net\/fi\/manchester\/\">Manchesterissa<\/a>, <a href=\"https:\/\/uk-gb.net\/fi\/glasgow\/\">Glasgow&#8217;ssa<\/a> tai tutustua Walesin maaseutuun, saatat tarvita <strong>turistiviisumin Yhdistyneeseen kuningaskuntaan<\/strong>. T\u00e4m\u00e4n viisumin avulla matkustajat voivat oleskella tilap\u00e4isesti Yhdistyneess\u00e4 kuningaskunnassa lomamatkoja, sukulaisvierailuja, kulttuuri- tai sairausvierailuja varten. <\/p>\n\n<p><strong>Alle kuuden kuukauden turistiloma<\/strong>: Britannian turistiviisumia ei tarvitse hankkia, vaan sinun tarvitsee vain hakea s\u00e4hk\u00f6ist\u00e4 matkustuslupaa (ETA) t\u00e4ytt\u00e4m\u00e4ll\u00e4 <a href=\"https:\/\/uk-gb.net\/fi\/online-eta-viisumi-englannista\/\">ETA-lomake verkossa<\/a>.<\/p>\n\n<div style=\"height:10px\" aria-hidden=\"true\" class=\"wp-block-spacer\"><\/div>\n\n<h2 class=\"wp-block-heading\">Mik\u00e4 on Yhdistyneen kuningaskunnan turistiviisumi?<\/h2>\n\n<p>Turistiviisumi, viralliselta nimelt\u00e4\u00e4n <strong>Standard Visitor Visa<\/strong>, on tarkoitettu henkil\u00f6ille, jotka haluavat saapua Yhdistyneeseen kuningaskuntaan :<\/p>\n\n<ul class=\"wp-block-list\">\n<li><strong>loma<\/strong> tai <strong>matkailu<\/strong><\/li>\n\n\n\n<li><strong>vierailla sukulaisten tai yst\u00e4vien luona<\/strong><\/li>\n\n\n\n<li>osallistua <strong>kulttuuri-, musiikki- tai urheilutapahtumaan<\/strong><\/li>\n\n\n\n<li>saada muuta kuin kiireellist\u00e4 <strong>sairaanhoitoa<\/strong> <\/li>\n\n\n\n<li>seurata <strong>lyhytt\u00e4 kurssia<\/strong> (enint\u00e4\u00e4n 30 p\u00e4iv\u00e4\u00e4)<\/li>\n<\/ul>\n\n<div style=\"height:10px\" aria-hidden=\"true\" class=\"wp-block-spacer\"><\/div>\n\n<p>T\u00e4m\u00e4 viisumi ei oikeuta <strong>ty\u00f6skentelyyn<\/strong>, pitk\u00e4aikaiseen opiskeluun tai pysyv\u00e4\u00e4n oleskeluun Yhdistyneess\u00e4 kuningaskunnassa.<\/p>\n\n<h2 class=\"wp-block-heading\">Tarvitsetko turistiviisumin?<\/h2>\n\n<p>Tarvitsetko turistiviisumia Yhdistyneeseen kuningaskuntaan vai et, riippuu <strong>kansalaisuudestasi<\/strong>:<\/p>\n\n<p><strong>Et tarvitse turistiviisumia<\/strong>: Jos olet sellaisen maan kansalainen, <a href=\"https:\/\/uk-gb.net\/fi\/maat-jotka-voivat-hakea-eta-uk-ta\/\">joka on oikeutettu s\u00e4hk\u00f6iseen matkustuslupaan<\/a> (ETA), esimerkiksi Kanada, Yhdysvallat, Japani, Australia ja EU-maat.<\/p>\n\n<p><strong>Tarvitset turistiviisumin<\/strong>, jos :<\/p>\n\n<ul class=\"wp-block-list\">\n<li>Olet sellaisen maan kansalainen, joka vaatii viisumin (esim. Intia, Marokko, Algeria, Tunisia, Kiina, Pakistan jne.).<\/li>\n\n\n\n<li>Et t\u00e4yt\u00e4 vapautuksen edellytyksi\u00e4<\/li>\n\n\n\n<li>Et voi hakea ETA-hakemusta tai hakemus on jo hyl\u00e4tty.<\/li>\n<\/ul>\n\n<blockquote class=\"wp-block-quote is-layout-flow wp-block-quote-is-layout-flow\">\n<p>Voit tarkistaa, tarvitsetko viisumin vai ETA-viisumin, viralliselta verkkosivustolta <a href=\"https:\/\/www.gov.uk\/check-uk-visa\">gov.uk\/check-uk-visa.<\/a><\/p>\n<\/blockquote>\n\n<h2 class=\"wp-block-heading\">Miten haen Yhdistyneen kuningaskunnan viisumia?<\/h2>\n\n<p><a href=\"https:\/\/uk-gb.net\/fi\/yhdistyneen-kuningaskunnan-viisumihakemusmenettely\/\">Viisumihakemus<\/a> tehd\u00e4\u00e4n verkossa UK Border Agencyn verkkosivustolla. Seuraavassa on lueteltu Yhdistyneen kuningaskunnan viisumin hakemiseen verkossa liittyv\u00e4t vaiheet: <\/p>\n\n<ol class=\"wp-block-list\">\n<li>K\u00e4y virallisella verkkosivustolla <a href=\"http:\/\/www.gov.uk\">www.gov.uk<\/a><\/li>\n\n\n\n<li>Valitse viisumityyppi<\/li>\n\n\n\n<li>Luo tili ja t\u00e4yt\u00e4 online-lomake<\/li>\n\n\n\n<li>Maksa <a href=\"https:\/\/uk-gb.net\/fi\/kuinka-paljon-englannin-viisumi-maksaa\/\">viisumimaksu<\/a><\/li>\n\n\n\n<li>Varaa aika hyv\u00e4ksyttyyn keskukseen biometristen tietojesi antamista varten.<\/li>\n\n\n\n<li>Toimita tositteet ja odota p\u00e4\u00e4t\u00f6st\u00e4<\/li>\n<\/ol>\n\n<div style=\"height:10px\" aria-hidden=\"true\" class=\"wp-block-spacer\"><\/div>\n\n<h2 class=\"wp-block-heading\">Kuinka paljon turistiviisumi Yhdistyneeseen kuningaskuntaan maksaa?<\/h2>\n\n<p>Yhdistyneen kuningaskunnan viisumin hankkimisesta peritt\u00e4v\u00e4 hallinnollinen maksu on :<\/p>\n\n<figure class=\"wp-block-table\"><table><tbody><tr><td><strong>Yhdistyneen kuningaskunnan viisumin tyyppi<\/strong><\/td><td class=\"has-text-align-center\" data-align=\"center\"><strong>Maksettavat maksut<\/strong><\/td><\/tr><tr><td>Tavallinen viisumi enint\u00e4\u00e4n 6 kuukautta<\/td><td class=\"has-text-align-center\" data-align=\"center\">\u00a3 115<\/td><\/tr><tr><td>Monikertaviisumi (2 vuotta), mutta enint\u00e4\u00e4n 6 kuukautta oleskelua kohden.<\/td><td class=\"has-text-align-center\" data-align=\"center\">\u00a3 400<\/td><\/tr><tr><td>Monikertaviisumi (5 vuotta), mutta enint\u00e4\u00e4n 6 kuukautta oleskelua kohden.<\/td><td class=\"has-text-align-center\" data-align=\"center\">\u00a3 771<\/td><\/tr><tr><td>Monikertaviisumi (10 vuotta), mutta enint\u00e4\u00e4n 6 kuukautta oleskelua kohden.<\/td><td class=\"has-text-align-center\" data-align=\"center\">\u00a3 963<\/td><\/tr><\/tbody><\/table><figcaption class=\"wp-element-caption\">Matkailijoiden viisumimaksut<\/figcaption><\/figure>\n\n<h2 class=\"wp-block-heading\">ETA- tai turistiviisumi: mit\u00e4 eroa sill\u00e4 on?<\/h2>\n\n<figure class=\"wp-block-table\"><table class=\"has-fixed-layout\"><thead><tr><th class=\"has-text-align-center\" data-align=\"center\">Kriteerit<\/th><th class=\"has-text-align-center\" data-align=\"center\">ETA<\/th><th class=\"has-text-align-center\" data-align=\"center\">Turistiviisumi<\/th><\/tr><\/thead><tbody><tr><td class=\"has-text-align-center\" data-align=\"center\">Kustannukset<\/td><td class=\"has-text-align-center\" data-align=\"center\">16 \u00a3<\/td><td class=\"has-text-align-center\" data-align=\"center\">Alkaen \u00a3115<\/td><\/tr><tr><td class=\"has-text-align-center\" data-align=\"center\">M\u00e4\u00e4r\u00e4aika<\/td><td class=\"has-text-align-center\" data-align=\"center\">Vastaus 72 tunnin kuluessa<\/td><td class=\"has-text-align-center\" data-align=\"center\">Noin 3 viikkoa<\/td><\/tr><tr><td class=\"has-text-align-center\" data-align=\"center\">Voimassaoloaika<\/td><td class=\"has-text-align-center\" data-align=\"center\">2 vuotta<\/td><td class=\"has-text-align-center\" data-align=\"center\">Jopa 10 vuotta (moninkertainen p\u00e4\u00e4sy)<\/td><\/tr><tr><td class=\"has-text-align-center\" data-align=\"center\">Menettely<\/td><td class=\"has-text-align-center\" data-align=\"center\">100% verkossa<\/td><td class=\"has-text-align-center\" data-align=\"center\">Online + konsulaatin tapaaminen<\/td><\/tr><tr><td class=\"has-text-align-center\" data-align=\"center\">Asianomaiset kansallisuudet<\/td><td class=\"has-text-align-center\" data-align=\"center\">Viisumivapaat maat<\/td><td class=\"has-text-align-center\" data-align=\"center\">Viisumivelvolliset maat<\/td><\/tr><\/tbody><\/table><\/figure>\n\n<h2 class=\"wp-block-heading\">Kuinka kauan kest\u00e4\u00e4 hakea Yhdistyneen kuningaskunnan viisumia?<\/h2>\n\n<ul class=\"wp-block-list\">\n<li>Keskim\u00e4\u00e4r\u00e4inen k\u00e4sittelyaika on <strong>3 viikkoa<\/strong> biometrisest\u00e4 tapaamisesta.<\/li>\n\n\n\n<li>Tietyiss\u00e4 maissa on saatavilla <strong>nopeutettu palvelu<\/strong> (Priority Visa), jonka avulla saat vastauksen enint\u00e4\u00e4n viidess\u00e4 p\u00e4iv\u00e4ss\u00e4 (lis\u00e4maksusta).<\/li>\n<\/ul>\n\n<div style=\"height:10px\" aria-hidden=\"true\" class=\"wp-block-spacer\"><\/div>\n\n<h2 class=\"wp-block-heading\">Kuva Yhdistyneeseen kuningaskuntaan my\u00f6nnett\u00e4v\u00e4st\u00e4 turistiviisumista<\/h2>\n\n<p>Yhdistyneeseen kuningaskuntaan my\u00f6nnett\u00e4v\u00e4 turistiviisumi muodostuu passisivusta, jossa on haltijan valokuva, joka t\u00e4ytt\u00e4\u00e4 tietyt mitat. Passikuvan on oltava alle 6 kuukautta vanha, kun se toimitetaan viisumia varten. <\/p>\n\n<figure class=\"wp-block-image size-full is-resized\" id=\"image-visa-uk-c\"><img fetchpriority=\"high\" decoding=\"async\" width=\"564\" height=\"338\" src=\"https:\/\/uk-gb.net\/wp-content\/uploads\/2024\/03\/UK-visa-C.jpg\" alt=\"Valokuvaviisumi Yhdistynyt kuningaskunta\" class=\"wp-image-1890\" style=\"width:800px;height:auto\" title=\"Yhdistyneen kuningaskunnan viisumin kuva\" srcset=\"https:\/\/uk-gb.net\/wp-content\/uploads\/2024\/03\/UK-visa-C.jpg 564w, https:\/\/uk-gb.net\/wp-content\/uploads\/2024\/03\/UK-visa-C-300x180.jpg 300w\" sizes=\"(max-width: 564px) 100vw, 564px\" \/><\/figure>\n","protected":false},"excerpt":{"rendered":"<p>Turistiviisumi Englantiin matkustamista varten Jos haluat k\u00e4yd\u00e4 Lontoossa, Manchesterissa, Glasgow&#8217;ssa tai tutustua Walesin maaseutuun, saatat tarvita turistiviisumin Yhdistyneeseen kuningaskuntaan. T\u00e4m\u00e4n viisumin avulla matkustajat voivat oleskella tilap\u00e4isesti Yhdistyneess\u00e4 kuningaskunnassa lomamatkoja, sukulaisvierailuja, kulttuuri- tai sairausvierailuja varten. Alle kuuden kuukauden turistiloma: Britannian turistiviisumia ei tarvitse hankkia, vaan sinun tarvitsee vain hakea s\u00e4hk\u00f6ist\u00e4 matkustuslupaa (ETA) t\u00e4ytt\u00e4m\u00e4ll\u00e4 ETA-lomake verkossa. Mik\u00e4 [&hellip;]<\/p>\n","protected":false},"author":1,"featured_media":0,"parent":0,"menu_order":0,"comment_status":"closed","ping_status":"closed","template":"","meta":{"footnotes":""},"class_list":["post-3433","page","type-page","status-publish","hentry"],"yoast_head":"<!-- This site is optimized with the Yoast SEO plugin v27.4 - https:\/\/yoast.com\/product\/yoast-seo-wordpress\/ -->\n<title>Turistiviisumi Yhdistyneeseen kuningaskuntaan<\/title>\n<meta name=\"description\" content=\"Tutustu kaikkiin s\u00e4\u00e4nt\u00f6ihin, jotka koskevat turistiviisumin hankkimista Yhdistyneeseen kuningaskuntaan.\" \/>\n<meta name=\"robots\" content=\"index, follow, max-snippet:-1, max-image-preview:large, max-video-preview:-1\" \/>\n<link rel=\"canonical\" href=\"https:\/\/uk-gb.net\/fi\/turistiviisumi-englantiin\/\" \/>\n<meta property=\"og:locale\" content=\"fi_FI\" \/>\n<meta property=\"og:type\" content=\"article\" \/>\n<meta property=\"og:title\" content=\"Turistiviisumi Yhdistyneeseen kuningaskuntaan\" \/>\n<meta property=\"og:description\" content=\"Tutustu kaikkiin s\u00e4\u00e4nt\u00f6ihin, jotka koskevat turistiviisumin hankkimista Yhdistyneeseen kuningaskuntaan.\" \/>\n<meta property=\"og:url\" content=\"https:\/\/uk-gb.net\/fi\/turistiviisumi-englantiin\/\" \/>\n<meta property=\"og:site_name\" content=\"UK GB\" \/>\n<meta property=\"article:modified_time\" content=\"2025-07-17T15:38:36+00:00\" \/>\n<meta property=\"og:image\" content=\"https:\/\/uk-gb.net\/wp-content\/uploads\/2024\/03\/UK-visa-C.jpg\" \/>\n\t<meta property=\"og:image:width\" content=\"564\" \/>\n\t<meta property=\"og:image:height\" content=\"338\" \/>\n\t<meta property=\"og:image:type\" content=\"image\/jpeg\" \/>\n<meta name=\"twitter:card\" content=\"summary_large_image\" \/>\n<meta name=\"twitter:label1\" content=\"Arvioitu lukuaika\" \/>\n\t<meta name=\"twitter:data1\" content=\"2 minuuttia\" \/>\n<script type=\"application\/ld+json\" class=\"yoast-schema-graph\">{\"@context\":\"https:\\\/\\\/schema.org\",\"@graph\":[{\"@type\":\"WebPage\",\"@id\":\"https:\\\/\\\/uk-gb.net\\\/fi\\\/turistiviisumi-englantiin\\\/\",\"url\":\"https:\\\/\\\/uk-gb.net\\\/fi\\\/turistiviisumi-englantiin\\\/\",\"name\":\"Turistiviisumi Yhdistyneeseen kuningaskuntaan\",\"isPartOf\":{\"@id\":\"https:\\\/\\\/uk-gb.net\\\/fi\\\/#website\"},\"primaryImageOfPage\":{\"@id\":\"https:\\\/\\\/uk-gb.net\\\/fi\\\/turistiviisumi-englantiin\\\/#primaryimage\"},\"image\":{\"@id\":\"https:\\\/\\\/uk-gb.net\\\/fi\\\/turistiviisumi-englantiin\\\/#primaryimage\"},\"thumbnailUrl\":\"https:\\\/\\\/uk-gb.net\\\/wp-content\\\/uploads\\\/2024\\\/03\\\/UK-visa-C.jpg\",\"datePublished\":\"2023-11-21T12:31:09+00:00\",\"dateModified\":\"2025-07-17T15:38:36+00:00\",\"description\":\"Tutustu kaikkiin s\u00e4\u00e4nt\u00f6ihin, jotka koskevat turistiviisumin hankkimista Yhdistyneeseen kuningaskuntaan.\",\"inLanguage\":\"fi\",\"potentialAction\":[{\"@type\":\"ReadAction\",\"target\":[\"https:\\\/\\\/uk-gb.net\\\/fi\\\/turistiviisumi-englantiin\\\/\"]}]},{\"@type\":\"ImageObject\",\"inLanguage\":\"fi\",\"@id\":\"https:\\\/\\\/uk-gb.net\\\/fi\\\/turistiviisumi-englantiin\\\/#primaryimage\",\"url\":\"https:\\\/\\\/uk-gb.net\\\/wp-content\\\/uploads\\\/2024\\\/03\\\/UK-visa-C.jpg\",\"contentUrl\":\"https:\\\/\\\/uk-gb.net\\\/wp-content\\\/uploads\\\/2024\\\/03\\\/UK-visa-C.jpg\"},{\"@type\":\"WebSite\",\"@id\":\"https:\\\/\\\/uk-gb.net\\\/fi\\\/#website\",\"url\":\"https:\\\/\\\/uk-gb.net\\\/fi\\\/\",\"name\":\"UK GB\",\"description\":\"Travel to the UK\",\"potentialAction\":[{\"@type\":\"SearchAction\",\"target\":{\"@type\":\"EntryPoint\",\"urlTemplate\":\"https:\\\/\\\/uk-gb.net\\\/fi\\\/?s={search_term_string}\"},\"query-input\":{\"@type\":\"PropertyValueSpecification\",\"valueRequired\":true,\"valueName\":\"search_term_string\"}}],\"inLanguage\":\"fi\"}]}<\/script>\n<!-- \/ Yoast SEO plugin. -->","yoast_head_json":{"title":"Turistiviisumi Yhdistyneeseen kuningaskuntaan","description":"Tutustu kaikkiin s\u00e4\u00e4nt\u00f6ihin, jotka koskevat turistiviisumin hankkimista Yhdistyneeseen kuningaskuntaan.","robots":{"index":"index","follow":"follow","max-snippet":"max-snippet:-1","max-image-preview":"max-image-preview:large","max-video-preview":"max-video-preview:-1"},"canonical":"https:\/\/uk-gb.net\/fi\/turistiviisumi-englantiin\/","og_locale":"fi_FI","og_type":"article","og_title":"Turistiviisumi Yhdistyneeseen kuningaskuntaan","og_description":"Tutustu kaikkiin s\u00e4\u00e4nt\u00f6ihin, jotka koskevat turistiviisumin hankkimista Yhdistyneeseen kuningaskuntaan.","og_url":"https:\/\/uk-gb.net\/fi\/turistiviisumi-englantiin\/","og_site_name":"UK GB","article_modified_time":"2025-07-17T15:38:36+00:00","og_image":[{"width":564,"height":338,"url":"https:\/\/uk-gb.net\/wp-content\/uploads\/2024\/03\/UK-visa-C.jpg","type":"image\/jpeg"}],"twitter_card":"summary_large_image","twitter_misc":{"Arvioitu lukuaika":"2 minuuttia"},"schema":{"@context":"https:\/\/schema.org","@graph":[{"@type":"WebPage","@id":"https:\/\/uk-gb.net\/fi\/turistiviisumi-englantiin\/","url":"https:\/\/uk-gb.net\/fi\/turistiviisumi-englantiin\/","name":"Turistiviisumi Yhdistyneeseen kuningaskuntaan","isPartOf":{"@id":"https:\/\/uk-gb.net\/fi\/#website"},"primaryImageOfPage":{"@id":"https:\/\/uk-gb.net\/fi\/turistiviisumi-englantiin\/#primaryimage"},"image":{"@id":"https:\/\/uk-gb.net\/fi\/turistiviisumi-englantiin\/#primaryimage"},"thumbnailUrl":"https:\/\/uk-gb.net\/wp-content\/uploads\/2024\/03\/UK-visa-C.jpg","datePublished":"2023-11-21T12:31:09+00:00","dateModified":"2025-07-17T15:38:36+00:00","description":"Tutustu kaikkiin s\u00e4\u00e4nt\u00f6ihin, jotka koskevat turistiviisumin hankkimista Yhdistyneeseen kuningaskuntaan.","inLanguage":"fi","potentialAction":[{"@type":"ReadAction","target":["https:\/\/uk-gb.net\/fi\/turistiviisumi-englantiin\/"]}]},{"@type":"ImageObject","inLanguage":"fi","@id":"https:\/\/uk-gb.net\/fi\/turistiviisumi-englantiin\/#primaryimage","url":"https:\/\/uk-gb.net\/wp-content\/uploads\/2024\/03\/UK-visa-C.jpg","contentUrl":"https:\/\/uk-gb.net\/wp-content\/uploads\/2024\/03\/UK-visa-C.jpg"},{"@type":"WebSite","@id":"https:\/\/uk-gb.net\/fi\/#website","url":"https:\/\/uk-gb.net\/fi\/","name":"UK GB","description":"Travel to the UK","potentialAction":[{"@type":"SearchAction","target":{"@type":"EntryPoint","urlTemplate":"https:\/\/uk-gb.net\/fi\/?s={search_term_string}"},"query-input":{"@type":"PropertyValueSpecification","valueRequired":true,"valueName":"search_term_string"}}],"inLanguage":"fi"}]}},"_links":{"self":[{"href":"https:\/\/uk-gb.net\/fi\/wp-json\/wp\/v2\/pages\/3433","targetHints":{"allow":["GET"]}}],"collection":[{"href":"https:\/\/uk-gb.net\/fi\/wp-json\/wp\/v2\/pages"}],"about":[{"href":"https:\/\/uk-gb.net\/fi\/wp-json\/wp\/v2\/types\/page"}],"author":[{"embeddable":true,"href":"https:\/\/uk-gb.net\/fi\/wp-json\/wp\/v2\/users\/1"}],"replies":[{"embeddable":true,"href":"https:\/\/uk-gb.net\/fi\/wp-json\/wp\/v2\/comments?post=3433"}],"version-history":[{"count":0,"href":"https:\/\/uk-gb.net\/fi\/wp-json\/wp\/v2\/pages\/3433\/revisions"}],"wp:attachment":[{"href":"https:\/\/uk-gb.net\/fi\/wp-json\/wp\/v2\/media?parent=3433"}],"curies":[{"name":"wp","href":"https:\/\/api.w.org\/{rel}","templated":true}]}}