{"id":3429,"date":"2023-12-19T15:51:50","date_gmt":"2023-12-19T15:51:50","guid":{"rendered":"https:\/\/uk-gb.net\/viisumi-oxfordiin\/"},"modified":"2025-08-28T13:41:09","modified_gmt":"2025-08-28T12:41:09","slug":"viisumi-oxfordiin","status":"publish","type":"page","link":"https:\/\/uk-gb.net\/fi\/viisumi-oxfordiin\/","title":{"rendered":"Viisumi Oxfordiin matkustamiseen Yhdistyneess\u00e4 kuningaskunnassa"},"content":{"rendered":"\n<h1 class=\"wp-block-heading\">Tarvitsenko viisumin matkustaakseni Oxfordiin tai pys\u00e4hty\u00e4kseni siell\u00e4?<\/h1>\n\n<p>Oxford on kaupunki Kaakkois-Englannissa Cherwell- ja Thames-jokien rannoilla. Ulkomaalaisilla, jotka haluavat matkustaa Oxfordiin, on oltava Yhdistyneen kuningaskunnan my\u00f6nt\u00e4m\u00e4 voimassa oleva matkustuslupa.  Oxfordiin matkustamiseen on saatavilla useita erilaisia matkustuslupia.<\/p>\n\n<h2 class=\"wp-block-heading\">Tarvitsenko viisumin Oxfordiin?<\/h2>\n\n<p><a href=\"https:\/\/www.visitbritain.com\/en\/destinations\/england\/oxford\">Oxford<\/a> on suuri kaupunki Englannissa, joten kaikilla ulkomaalaisilla, jotka haluavat tulla Yhdistyneeseen kuningaskuntaan Oxfordin kautta, on oltava oleskelulupa. Oxfordissa oleskelun tarkoituksesta riippuen vierailijat voivat hakea <a href=\"https:\/\/uk-gb.net\/fi\/turistiviisumi-englantiin\/\">Englannin turistiviisumia<\/a>. <\/p>\n\n<p><strong>Alle 6 kuukauden oleskelu<\/strong>: Oxfordiin ei tarvitse hankkia viisumia, sill\u00e4 useimmat Euroopan maat ovat vapauttaneet kansalaisensa viisumipakosta. Huhtikuusta 2025 l\u00e4htien on kuitenkin ollut tarpeen hankkia s\u00e4hk\u00f6inen matkustuslupa t\u00e4ytt\u00e4m\u00e4ll\u00e4 <a href=\"https:\/\/uk-gb.net\/fi\/online-eta-viisumi-englannista\/\">ETA-lomake verkossa<\/a>. <\/p>\n\n<div style=\"height:10px\" aria-hidden=\"true\" class=\"wp-block-spacer\"><\/div>\n\n<h2 class=\"wp-block-heading\">Tarvitsenko viisumin Oxfordiin?<\/h2>\n\n<p>Oxfordiin p\u00e4\u00e4see kahdella tavalla:<\/p>\n\n<ul class=\"wp-block-list\">\n<li>Matkustajat voivat hakea <a href=\"https:\/\/uk-gb.net\/fi\/viisumi-kauttakulku-valilasku-englanti-iso-britannia\/\">Yhdistyneen kuningaskunnan kauttakulkuviisumia<\/a> Oxfordissa oleskelua varten;<\/li>\n\n\n\n<li>Jos matkustaja on sellaisen <a href=\"https:\/\/uk-gb.net\/fi\/maat-jotka-voivat-hakea-eta-uk-ta\/\">maan kansalainen, joka on oikeutettu Yhdistyneen kuningaskunnan ETA-ohjelmaan<\/a>, h\u00e4n voi hakea <a href=\"https:\/\/uk-gb.net\/fi\/online-eta-viisumi-englannista\/\">ETA-lupaa<\/a> Oxfordiin ilman viisumia.<\/li>\n<\/ul>\n\n<div style=\"height:10px\" aria-hidden=\"true\" class=\"wp-block-spacer\"><\/div>\n\n<h2 class=\"wp-block-heading\">Kuinka paljon viisumi Oxfordiin maksaa?<\/h2>\n\n<p>Oxford-viisumin hinta riippuu siit\u00e4, mink\u00e4 tyyppist\u00e4 viisumia Yhdistyneeseen kuningaskuntaan matkustamiseen tarvitaan. Enint\u00e4\u00e4n 6 kuukauden turistiviisumin hallintomaksu on 115 puntaa. Pidempiaikaisesta oleskelusta <a href=\"https:\/\/uk-gb.net\/fi\/kuinka-paljon-englannin-viisumi-maksaa\/\">viisumin hallinnointimaksu<\/a> on korkeampi. Jos matkustaja on oikeutettu saamaan <a href=\"https:\/\/uk-gb.net\/fi\/eta-englanti-iso-britannia\/\">ETA-viisumin Yhdistyneeseen kuningaskuntaan<\/a>, h\u00e4n maksaa v\u00e4hemm\u00e4n, sill\u00e4 <a href=\"https:\/\/uk-gb.net\/fi\/hinta-eta-uk\/\">ETA-viisumin hinta<\/a> on vain 16 puntaa.   <\/p>\n\n<h2 class=\"wp-block-heading\">Miten saan viisumin Oxfordiin?<\/h2>\n\n<p>Saadakseen viisumin Oxfordiin ulkomaan kansalaisten on noudatettava <a href=\"https:\/\/uk-gb.net\/fi\/yhdistyneen-kuningaskunnan-viisumihakemusmenettely\/\">verkossa teht\u00e4v\u00e4\u00e4 viisumihakemusmenettely\u00e4<\/a>. T\u00e4ss\u00e4 prosessissa on useita vaiheita: <\/p>\n\n<ul class=\"wp-block-list\">\n<li>Valitse viisumityyppi matkan tarkoituksen mukaan;<\/li>\n\n\n\n<li>Ker\u00e4\u00e4 tarvittavat tositteet;<\/li>\n\n\n\n<li>T\u00e4yt\u00e4 s\u00e4hk\u00f6inen viisumihakemuslomake ;<\/li>\n\n\n\n<li>Maksa <a href=\"https:\/\/uk-gb.net\/fi\/kuinka-paljon-englannin-viisumi-maksaa\/\">viisumimaksu<\/a>;<\/li>\n\n\n\n<li>Varaa aika <a href=\"https:\/\/uk-gb.net\/fi\/englanti-iso-britannian-suurlahetysto-suomessa\/\">Britannian suurl\u00e4hetyst\u00f6st\u00e4<\/a>;<\/li>\n\n\n\n<li>Asiakirjojen toimittaminen viisumihakemuksen viimeistely\u00e4 varten;<\/li>\n\n\n\n<li>Osallistu <a href=\"https:\/\/uk-gb.net\/fi\/viisumiajanvaraus-englannin-suurlahetysto\/\">viisumihaastatteluun<\/a>, jos hakemuksesi edellytt\u00e4\u00e4 sit\u00e4.<\/li>\n<\/ul>\n\n<div style=\"height:10px\" aria-hidden=\"true\" class=\"wp-block-spacer\"><\/div>\n\n<h2 class=\"wp-block-heading\">Tarvitsenko ETA-luvan Oxfordiin?<\/h2>\n\n<p>Tukikelpoiset ulkomaalaiset voivat hakea ETA-lupaa Oxfordiin. Hakemusprosessi on hyvin nopea. ETA Oxfordiin on voimassa 2 vuotta enint\u00e4\u00e4n 6 per\u00e4kk\u00e4isen kuukauden oleskelua varten Yhdistyneess\u00e4 kuningaskunnassa.  <\/p>\n\n<h2 class=\"wp-block-heading\">Kuva Oxfordin viisumista Yhdistyneess\u00e4 kuningaskunnassa<\/h2>\n\n<p>T\u00e4ss\u00e4 on kuva Englannin viisumista. T\u00e4ll\u00e4 viisumilla p\u00e4\u00e4set Yhdistyneeseen kuningaskuntaan Oxfordin kautta. <\/p>\n\n<figure class=\"wp-block-image size-full\"><img fetchpriority=\"high\" decoding=\"async\" width=\"564\" height=\"338\" src=\"https:\/\/uk-gb.net\/wp-content\/uploads\/2024\/03\/UK-visa-C.jpg\" alt=\"turistiviisumi Yhdistynyt kuningaskunta\" class=\"wp-image-1890\" srcset=\"https:\/\/uk-gb.net\/wp-content\/uploads\/2024\/03\/UK-visa-C.jpg 564w, https:\/\/uk-gb.net\/wp-content\/uploads\/2024\/03\/UK-visa-C-300x180.jpg 300w\" sizes=\"(max-width: 564px) 100vw, 564px\" \/><figcaption class=\"wp-element-caption\">Valokuva <a href=\"https:\/\/uk-gb.net\/fi\/turistiviisumi-englantiin\/\">turistiviisumi Englanti<\/a><\/figcaption><\/figure>\n\n<p><\/p>\n","protected":false},"excerpt":{"rendered":"<p>Tarvitsenko viisumin matkustaakseni Oxfordiin tai pys\u00e4hty\u00e4kseni siell\u00e4? Oxford on kaupunki Kaakkois-Englannissa Cherwell- ja Thames-jokien rannoilla. Ulkomaalaisilla, jotka haluavat matkustaa Oxfordiin, on oltava Yhdistyneen kuningaskunnan my\u00f6nt\u00e4m\u00e4 voimassa oleva matkustuslupa. Oxfordiin matkustamiseen on saatavilla useita erilaisia matkustuslupia. Tarvitsenko viisumin Oxfordiin? Oxford on suuri kaupunki Englannissa, joten kaikilla ulkomaalaisilla, jotka haluavat tulla Yhdistyneeseen kuningaskuntaan Oxfordin kautta, on oltava [&hellip;]<\/p>\n","protected":false},"author":1,"featured_media":0,"parent":0,"menu_order":0,"comment_status":"closed","ping_status":"closed","template":"","meta":{"footnotes":""},"class_list":["post-3429","page","type-page","status-publish","hentry"],"yoast_head":"<!-- This site is optimized with the Yoast SEO plugin v27.3 - https:\/\/yoast.com\/product\/yoast-seo-wordpress\/ -->\n<title>Viisumi Oxfordiin matkustamiseen Yhdistyneess\u00e4 kuningaskunnassa - UK GB<\/title>\n<meta name=\"description\" content=\"Matkaviisumin hankkiminen Oxfordiin. Yhdistyneess\u00e4 kuningaskunnassa tarvitaan lupa matkustaa Oxfordiin tai pys\u00e4hty\u00e4 siell\u00e4.\" \/>\n<meta name=\"robots\" content=\"index, follow, max-snippet:-1, max-image-preview:large, max-video-preview:-1\" \/>\n<link rel=\"canonical\" href=\"https:\/\/uk-gb.net\/fi\/viisumi-oxfordiin\/\" \/>\n<meta property=\"og:locale\" content=\"fi_FI\" \/>\n<meta property=\"og:type\" content=\"article\" \/>\n<meta property=\"og:title\" content=\"Viisumi Oxfordiin matkustamiseen Yhdistyneess\u00e4 kuningaskunnassa - UK GB\" \/>\n<meta property=\"og:description\" content=\"Matkaviisumin hankkiminen Oxfordiin. Yhdistyneess\u00e4 kuningaskunnassa tarvitaan lupa matkustaa Oxfordiin tai pys\u00e4hty\u00e4 siell\u00e4.\" \/>\n<meta property=\"og:url\" content=\"https:\/\/uk-gb.net\/fi\/viisumi-oxfordiin\/\" \/>\n<meta property=\"og:site_name\" content=\"UK GB\" \/>\n<meta property=\"article:modified_time\" content=\"2025-08-28T12:41:09+00:00\" \/>\n<meta property=\"og:image\" content=\"https:\/\/uk-gb.net\/wp-content\/uploads\/2024\/03\/UK-visa-C.jpg\" \/>\n<meta name=\"twitter:card\" content=\"summary_large_image\" \/>\n<meta name=\"twitter:label1\" content=\"Arvioitu lukuaika\" \/>\n\t<meta name=\"twitter:data1\" content=\"1 minuutti\" \/>\n<script type=\"application\/ld+json\" class=\"yoast-schema-graph\">{\"@context\":\"https:\\\/\\\/schema.org\",\"@graph\":[{\"@type\":\"WebPage\",\"@id\":\"https:\\\/\\\/uk-gb.net\\\/fi\\\/viisumi-oxfordiin\\\/\",\"url\":\"https:\\\/\\\/uk-gb.net\\\/fi\\\/viisumi-oxfordiin\\\/\",\"name\":\"Viisumi Oxfordiin matkustamiseen Yhdistyneess\u00e4 kuningaskunnassa - UK GB\",\"isPartOf\":{\"@id\":\"https:\\\/\\\/uk-gb.net\\\/fi\\\/#website\"},\"primaryImageOfPage\":{\"@id\":\"https:\\\/\\\/uk-gb.net\\\/fi\\\/viisumi-oxfordiin\\\/#primaryimage\"},\"image\":{\"@id\":\"https:\\\/\\\/uk-gb.net\\\/fi\\\/viisumi-oxfordiin\\\/#primaryimage\"},\"thumbnailUrl\":\"https:\\\/\\\/uk-gb.net\\\/wp-content\\\/uploads\\\/2024\\\/03\\\/UK-visa-C.jpg\",\"datePublished\":\"2023-12-19T15:51:50+00:00\",\"dateModified\":\"2025-08-28T12:41:09+00:00\",\"description\":\"Matkaviisumin hankkiminen Oxfordiin. Yhdistyneess\u00e4 kuningaskunnassa tarvitaan lupa matkustaa Oxfordiin tai pys\u00e4hty\u00e4 siell\u00e4.\",\"inLanguage\":\"fi\",\"potentialAction\":[{\"@type\":\"ReadAction\",\"target\":[\"https:\\\/\\\/uk-gb.net\\\/fi\\\/viisumi-oxfordiin\\\/\"]}]},{\"@type\":\"ImageObject\",\"inLanguage\":\"fi\",\"@id\":\"https:\\\/\\\/uk-gb.net\\\/fi\\\/viisumi-oxfordiin\\\/#primaryimage\",\"url\":\"https:\\\/\\\/uk-gb.net\\\/wp-content\\\/uploads\\\/2024\\\/03\\\/UK-visa-C.jpg\",\"contentUrl\":\"https:\\\/\\\/uk-gb.net\\\/wp-content\\\/uploads\\\/2024\\\/03\\\/UK-visa-C.jpg\"},{\"@type\":\"WebSite\",\"@id\":\"https:\\\/\\\/uk-gb.net\\\/fi\\\/#website\",\"url\":\"https:\\\/\\\/uk-gb.net\\\/fi\\\/\",\"name\":\"UK GB\",\"description\":\"Travel to the UK\",\"potentialAction\":[{\"@type\":\"SearchAction\",\"target\":{\"@type\":\"EntryPoint\",\"urlTemplate\":\"https:\\\/\\\/uk-gb.net\\\/fi\\\/?s={search_term_string}\"},\"query-input\":{\"@type\":\"PropertyValueSpecification\",\"valueRequired\":true,\"valueName\":\"search_term_string\"}}],\"inLanguage\":\"fi\"}]}<\/script>\n<!-- \/ Yoast SEO plugin. -->","yoast_head_json":{"title":"Viisumi Oxfordiin matkustamiseen Yhdistyneess\u00e4 kuningaskunnassa - UK GB","description":"Matkaviisumin hankkiminen Oxfordiin. Yhdistyneess\u00e4 kuningaskunnassa tarvitaan lupa matkustaa Oxfordiin tai pys\u00e4hty\u00e4 siell\u00e4.","robots":{"index":"index","follow":"follow","max-snippet":"max-snippet:-1","max-image-preview":"max-image-preview:large","max-video-preview":"max-video-preview:-1"},"canonical":"https:\/\/uk-gb.net\/fi\/viisumi-oxfordiin\/","og_locale":"fi_FI","og_type":"article","og_title":"Viisumi Oxfordiin matkustamiseen Yhdistyneess\u00e4 kuningaskunnassa - UK GB","og_description":"Matkaviisumin hankkiminen Oxfordiin. Yhdistyneess\u00e4 kuningaskunnassa tarvitaan lupa matkustaa Oxfordiin tai pys\u00e4hty\u00e4 siell\u00e4.","og_url":"https:\/\/uk-gb.net\/fi\/viisumi-oxfordiin\/","og_site_name":"UK GB","article_modified_time":"2025-08-28T12:41:09+00:00","og_image":[{"url":"https:\/\/uk-gb.net\/wp-content\/uploads\/2024\/03\/UK-visa-C.jpg","type":"","width":"","height":""}],"twitter_card":"summary_large_image","twitter_misc":{"Arvioitu lukuaika":"1 minuutti"},"schema":{"@context":"https:\/\/schema.org","@graph":[{"@type":"WebPage","@id":"https:\/\/uk-gb.net\/fi\/viisumi-oxfordiin\/","url":"https:\/\/uk-gb.net\/fi\/viisumi-oxfordiin\/","name":"Viisumi Oxfordiin matkustamiseen Yhdistyneess\u00e4 kuningaskunnassa - UK GB","isPartOf":{"@id":"https:\/\/uk-gb.net\/fi\/#website"},"primaryImageOfPage":{"@id":"https:\/\/uk-gb.net\/fi\/viisumi-oxfordiin\/#primaryimage"},"image":{"@id":"https:\/\/uk-gb.net\/fi\/viisumi-oxfordiin\/#primaryimage"},"thumbnailUrl":"https:\/\/uk-gb.net\/wp-content\/uploads\/2024\/03\/UK-visa-C.jpg","datePublished":"2023-12-19T15:51:50+00:00","dateModified":"2025-08-28T12:41:09+00:00","description":"Matkaviisumin hankkiminen Oxfordiin. Yhdistyneess\u00e4 kuningaskunnassa tarvitaan lupa matkustaa Oxfordiin tai pys\u00e4hty\u00e4 siell\u00e4.","inLanguage":"fi","potentialAction":[{"@type":"ReadAction","target":["https:\/\/uk-gb.net\/fi\/viisumi-oxfordiin\/"]}]},{"@type":"ImageObject","inLanguage":"fi","@id":"https:\/\/uk-gb.net\/fi\/viisumi-oxfordiin\/#primaryimage","url":"https:\/\/uk-gb.net\/wp-content\/uploads\/2024\/03\/UK-visa-C.jpg","contentUrl":"https:\/\/uk-gb.net\/wp-content\/uploads\/2024\/03\/UK-visa-C.jpg"},{"@type":"WebSite","@id":"https:\/\/uk-gb.net\/fi\/#website","url":"https:\/\/uk-gb.net\/fi\/","name":"UK GB","description":"Travel to the UK","potentialAction":[{"@type":"SearchAction","target":{"@type":"EntryPoint","urlTemplate":"https:\/\/uk-gb.net\/fi\/?s={search_term_string}"},"query-input":{"@type":"PropertyValueSpecification","valueRequired":true,"valueName":"search_term_string"}}],"inLanguage":"fi"}]}},"_links":{"self":[{"href":"https:\/\/uk-gb.net\/fi\/wp-json\/wp\/v2\/pages\/3429","targetHints":{"allow":["GET"]}}],"collection":[{"href":"https:\/\/uk-gb.net\/fi\/wp-json\/wp\/v2\/pages"}],"about":[{"href":"https:\/\/uk-gb.net\/fi\/wp-json\/wp\/v2\/types\/page"}],"author":[{"embeddable":true,"href":"https:\/\/uk-gb.net\/fi\/wp-json\/wp\/v2\/users\/1"}],"replies":[{"embeddable":true,"href":"https:\/\/uk-gb.net\/fi\/wp-json\/wp\/v2\/comments?post=3429"}],"version-history":[{"count":0,"href":"https:\/\/uk-gb.net\/fi\/wp-json\/wp\/v2\/pages\/3429\/revisions"}],"wp:attachment":[{"href":"https:\/\/uk-gb.net\/fi\/wp-json\/wp\/v2\/media?parent=3429"}],"curies":[{"name":"wp","href":"https:\/\/api.w.org\/{rel}","templated":true}]}}