{"id":3427,"date":"2023-12-07T16:57:58","date_gmt":"2023-12-07T16:57:58","guid":{"rendered":"https:\/\/uk-gb.net\/viisumit-manchesteriin\/"},"modified":"2025-11-04T09:24:52","modified_gmt":"2025-11-04T09:24:52","slug":"viisumit-manchesteriin","status":"publish","type":"page","link":"https:\/\/uk-gb.net\/fi\/viisumit-manchesteriin\/","title":{"rendered":"Viisumit Manchesteriin matkustamista tai v\u00e4lilaskuja varten"},"content":{"rendered":"\n<p><a href=\"https:\/\/uk-gb.net\/fi\/manchester\/\">Manchester<\/a> on kaupunki Luoteis-Englannissa Irwell-joen rannalla. Kaupunki tunnetaan t\u00e4rke\u00e4st\u00e4 roolistaan teollisen vallankumouksen aikana, ja nyky\u00e4\u00e4n se on tunnettu teollisesta perinn\u00f6st\u00e4\u00e4n, vaikutusvaltaisesta musiikkiel\u00e4m\u00e4st\u00e4\u00e4n ja merkityksest\u00e4\u00e4n urheilussa, erityisesti tunnettujen jalkapalloseurojensa kautta.<\/p>\n\n<h1 class=\"wp-block-heading\">Viisumit Manchesteriin suuntautuville matkoille tai Manchesterissa teht\u00e4viin v\u00e4lilaskuihin<\/h1>\n\n<p><br\/>Ulkomaalaisilla, jotka haluavat matkustaa <a href=\"https:\/\/uk-gb.net\/fi\/manchester\/\">Manchesteriin<\/a>, on oltava Yhdistyneen kuningaskunnan matkustuslupa. Manchesteriin matkustamiseen on saatavilla useita erilaisia matkustuslupia.<\/p>\n\n<h2 class=\"wp-block-heading\">Tarvitsenko viisumin Manchesteriin?<\/h2>\n\n<p>Manchester on yksi Englannin suurimmista kaupungeista, joten kaikilla ulkomaalaisilla, jotka haluavat tulla Yhdistyneeseen kuningaskuntaan Manchesterin kautta, on oltava oleskelulupa. Manchesterissa oleskelun tarkoituksesta riippuen vierailijat voivat hakea <a href=\"https:\/\/uk-gb.net\/fi\/turistiviisumi-englantiin\/\">Englannin turistiviisumia<\/a>. <\/p>\n\n<p><strong>Alle kuuden kuukauden oleskelu<\/strong>: Manchesteriin ei tarvitse hankkia viisumia, vaan kelpoisuusehdot t\u00e4ytt\u00e4v\u00e4t kansalaiset voivat yksinkertaisesti hankkia <a href=\"https:\/\/uk-gb.net\/fi\/online-eta-viisumi-englannista\/\">ETA-matkustusluvan verkossa<\/a>.<\/p>\n\n<div style=\"height:10px\" aria-hidden=\"true\" class=\"wp-block-spacer\"><\/div>\n\n<h2 class=\"wp-block-heading\">Tarvitsenko viisumin pys\u00e4hty\u00e4kseni Manchesterissa?<\/h2>\n\n<p>Voit pys\u00e4hty\u00e4 Manchesterissa kahdella tavalla:<\/p>\n\n<ul class=\"wp-block-list\">\n<li>Matkustajat voivat hakea <a href=\"https:\/\/uk-gb.net\/fi\/viisumi-kauttakulku-valilasku-englanti-iso-britannia\/\">kauttakulkuviisumia<\/a> v\u00e4lilaskuja varten Manchesterissa ;<\/li>\n\n\n\n<li>Jos matkustaja on sellaisen maan kansalainen, <a href=\"https:\/\/uk-gb.net\/fi\/maat-jotka-voivat-hakea-eta-uk-ta\/\">joka kuuluu Yhdistyneen kuningaskunnan viisumivapausohjelmaan<\/a>, h\u00e4n voi <a href=\"https:\/\/uk-gb.net\/fi\/online-eta-viisumi-englannista\/\">hakea Yhdistyneen kuningaskunnan ETA-lupaa<\/a> pys\u00e4hty\u00e4kseen Manchesterissa ilman viisumia.<\/li>\n<\/ul>\n\n<div style=\"height:10px\" aria-hidden=\"true\" class=\"wp-block-spacer\"><\/div>\n\n<h2 class=\"wp-block-heading\">Kuinka paljon viisumi Manchesteriin maksaa?<\/h2>\n\n<p>Manchesteriin my\u00f6nnett\u00e4v\u00e4n viisumin hinta riippuu siit\u00e4, mink\u00e4 tyyppist\u00e4 viisumia Yhdistyneeseen kuningaskuntaan matkustaminen edellytt\u00e4\u00e4. Enint\u00e4\u00e4n 6 kuukauden turistiviisumin hallintomaksu on 115 puntaa. Pidempiaikaisesta oleskelusta <a href=\"https:\/\/uk-gb.net\/fi\/kuinka-paljon-englannin-viisumi-maksaa\/\">viisumin hallinnointimaksu<\/a> on korkeampi. Jos matkustajalla on oikeus saada <a href=\"https:\/\/uk-gb.net\/fi\/eta-englanti-iso-britannia\/\">ETA-viisumi Yhdistyneeseen kuningaskuntaan<\/a>, <a href=\"https:\/\/uk-gb.net\/fi\/hinta-eta-uk\/\">ETA-viisumin hinta<\/a> on 16 puntaa.   <\/p>\n\n<h2 class=\"wp-block-heading\">Miten saan viisumin Manchesteriin?<\/h2>\n\n<p>Saadakseen viisumin Manchesteriin ulkomaan kansalaisten on noudatettava <a href=\"https:\/\/uk-gb.net\/fi\/yhdistyneen-kuningaskunnan-viisumihakemusmenettely\/\">verkossa teht\u00e4v\u00e4\u00e4 viisumihakemusmenettely\u00e4<\/a>. Ce processus comprend plusieurs \u00e9tapes que sont :<\/p>\n\n<ul class=\"wp-block-list\">\n<li>Valitse viisumityyppi matkan tarkoituksen mukaan;<\/li>\n\n\n\n<li>Ker\u00e4\u00e4 tarvittavat tositteet;<\/li>\n\n\n\n<li>T\u00e4yt\u00e4 s\u00e4hk\u00f6inen viisumihakemuslomake ;<\/li>\n\n\n\n<li>Maksa <a href=\"https:\/\/uk-gb.net\/fi\/kuinka-paljon-englannin-viisumi-maksaa\/\">viisumimaksu<\/a>;<\/li>\n\n\n\n<li>Varaa aika <a href=\"https:\/\/uk-gb.net\/fi\/englanti-iso-britannian-suurlahetysto-suomessa\/\">Britannian suurl\u00e4hetyst\u00f6st\u00e4<\/a>;<\/li>\n\n\n\n<li>Asiakirjojen toimittaminen viisumihakemuksen viimeistely\u00e4 varten;<\/li>\n\n\n\n<li>Osallistu <a href=\"https:\/\/uk-gb.net\/fi\/viisumiajanvaraus-englannin-suurlahetysto\/\">viisumihaastatteluun<\/a>, jos hakemuksesi edellytt\u00e4\u00e4 sit\u00e4.<\/li>\n<\/ul>\n\n<div style=\"height:10px\" aria-hidden=\"true\" class=\"wp-block-spacer\"><\/div>\n\n<h2 class=\"wp-block-heading\">Tarvitsenko ETA-luvan Manchesteriin?<\/h2>\n\n<p>Kelpoisuusehdot t\u00e4ytt\u00e4v\u00e4 ulkomaan kansalainen voi hakea ETA-lupaa Manchesteriin. Sen saaminen vie hyvin v\u00e4h\u00e4n aikaa. ETA Manchesteriin on voimassa 2 vuotta, kun oleskelu Yhdistyneess\u00e4 kuningaskunnassa kest\u00e4\u00e4 enint\u00e4\u00e4n 6 per\u00e4kk\u00e4ist\u00e4 kuukautta.<\/p>\n\n<h2 class=\"wp-block-heading\">Kuva Yhdistyneess\u00e4 kuningaskunnassa sijaitsevaan Manchesteriin my\u00f6nnett\u00e4v\u00e4st\u00e4 viisumista<\/h2>\n\n<p>T\u00e4ss\u00e4 on kuva Englannin viisumista. T\u00e4m\u00e4n viisumin avulla voit tulla Yhdistyneeseen kuningaskuntaan Manchesterin kaupungin kautta.<\/p>\n\n<figure class=\"wp-block-image size-full\"><img fetchpriority=\"high\" decoding=\"async\" width=\"564\" height=\"338\" src=\"https:\/\/uk-gb.net\/wp-content\/uploads\/2024\/03\/UK-visa-C.jpg\" alt=\"turistiviisumi Yhdistynyt kuningaskunta\" class=\"wp-image-1890\" srcset=\"https:\/\/uk-gb.net\/wp-content\/uploads\/2024\/03\/UK-visa-C.jpg 564w, https:\/\/uk-gb.net\/wp-content\/uploads\/2024\/03\/UK-visa-C-300x180.jpg 300w\" sizes=\"(max-width: 564px) 100vw, 564px\" \/><figcaption class=\"wp-element-caption\">Valokuva turistiviisumi Englanti<\/figcaption><\/figure>\n\n<p><\/p>\n","protected":false},"excerpt":{"rendered":"<p>Manchester on kaupunki Luoteis-Englannissa Irwell-joen rannalla. Kaupunki tunnetaan t\u00e4rke\u00e4st\u00e4 roolistaan teollisen vallankumouksen aikana, ja nyky\u00e4\u00e4n se on tunnettu teollisesta perinn\u00f6st\u00e4\u00e4n, vaikutusvaltaisesta musiikkiel\u00e4m\u00e4st\u00e4\u00e4n ja merkityksest\u00e4\u00e4n urheilussa, erityisesti tunnettujen jalkapalloseurojensa kautta. Viisumit Manchesteriin suuntautuville matkoille tai Manchesterissa teht\u00e4viin v\u00e4lilaskuihin Ulkomaalaisilla, jotka haluavat matkustaa Manchesteriin, on oltava Yhdistyneen kuningaskunnan matkustuslupa. Manchesteriin matkustamiseen on saatavilla useita erilaisia matkustuslupia. Tarvitsenko [&hellip;]<\/p>\n","protected":false},"author":1,"featured_media":0,"parent":0,"menu_order":0,"comment_status":"closed","ping_status":"closed","template":"","meta":{"footnotes":""},"class_list":["post-3427","page","type-page","status-publish","hentry"],"yoast_head":"<!-- This site is optimized with the Yoast SEO plugin v27.3 - https:\/\/yoast.com\/product\/yoast-seo-wordpress\/ -->\n<title>Viisumit Manchesteriin matkustamista tai v\u00e4lilaskuja varten - UK GB<\/title>\n<meta name=\"description\" content=\"Tarvitsenko viisumin tai matkustusasiakirjan Manchesteriin tai Yhdistyneen kuningaskunnan Manchesterin v\u00e4lilaskua varten?\" \/>\n<meta name=\"robots\" content=\"index, follow, max-snippet:-1, max-image-preview:large, max-video-preview:-1\" \/>\n<link rel=\"canonical\" href=\"https:\/\/uk-gb.net\/fi\/viisumit-manchesteriin\/\" \/>\n<meta property=\"og:locale\" content=\"fi_FI\" \/>\n<meta property=\"og:type\" content=\"article\" \/>\n<meta property=\"og:title\" content=\"Viisumit Manchesteriin matkustamista tai v\u00e4lilaskuja varten - UK GB\" \/>\n<meta property=\"og:description\" content=\"Tarvitsenko viisumin tai matkustusasiakirjan Manchesteriin tai Yhdistyneen kuningaskunnan Manchesterin v\u00e4lilaskua varten?\" \/>\n<meta property=\"og:url\" content=\"https:\/\/uk-gb.net\/fi\/viisumit-manchesteriin\/\" \/>\n<meta property=\"og:site_name\" content=\"UK GB\" \/>\n<meta property=\"article:modified_time\" content=\"2025-11-04T09:24:52+00:00\" \/>\n<meta property=\"og:image\" content=\"https:\/\/uk-gb.net\/wp-content\/uploads\/2024\/03\/UK-visa-C.jpg\" \/>\n\t<meta property=\"og:image:width\" content=\"564\" \/>\n\t<meta property=\"og:image:height\" content=\"338\" \/>\n\t<meta property=\"og:image:type\" content=\"image\/jpeg\" \/>\n<meta name=\"twitter:card\" content=\"summary_large_image\" \/>\n<meta name=\"twitter:label1\" content=\"Arvioitu lukuaika\" \/>\n\t<meta name=\"twitter:data1\" content=\"2 minuuttia\" \/>\n<script type=\"application\/ld+json\" class=\"yoast-schema-graph\">{\"@context\":\"https:\\\/\\\/schema.org\",\"@graph\":[{\"@type\":\"WebPage\",\"@id\":\"https:\\\/\\\/uk-gb.net\\\/fi\\\/viisumit-manchesteriin\\\/\",\"url\":\"https:\\\/\\\/uk-gb.net\\\/fi\\\/viisumit-manchesteriin\\\/\",\"name\":\"Viisumit Manchesteriin matkustamista tai v\u00e4lilaskuja varten - UK GB\",\"isPartOf\":{\"@id\":\"https:\\\/\\\/uk-gb.net\\\/fi\\\/#website\"},\"primaryImageOfPage\":{\"@id\":\"https:\\\/\\\/uk-gb.net\\\/fi\\\/viisumit-manchesteriin\\\/#primaryimage\"},\"image\":{\"@id\":\"https:\\\/\\\/uk-gb.net\\\/fi\\\/viisumit-manchesteriin\\\/#primaryimage\"},\"thumbnailUrl\":\"https:\\\/\\\/uk-gb.net\\\/wp-content\\\/uploads\\\/2024\\\/03\\\/UK-visa-C.jpg\",\"datePublished\":\"2023-12-07T16:57:58+00:00\",\"dateModified\":\"2025-11-04T09:24:52+00:00\",\"description\":\"Tarvitsenko viisumin tai matkustusasiakirjan Manchesteriin tai Yhdistyneen kuningaskunnan Manchesterin v\u00e4lilaskua varten?\",\"inLanguage\":\"fi\",\"potentialAction\":[{\"@type\":\"ReadAction\",\"target\":[\"https:\\\/\\\/uk-gb.net\\\/fi\\\/viisumit-manchesteriin\\\/\"]}]},{\"@type\":\"ImageObject\",\"inLanguage\":\"fi\",\"@id\":\"https:\\\/\\\/uk-gb.net\\\/fi\\\/viisumit-manchesteriin\\\/#primaryimage\",\"url\":\"https:\\\/\\\/uk-gb.net\\\/wp-content\\\/uploads\\\/2024\\\/03\\\/UK-visa-C.jpg\",\"contentUrl\":\"https:\\\/\\\/uk-gb.net\\\/wp-content\\\/uploads\\\/2024\\\/03\\\/UK-visa-C.jpg\"},{\"@type\":\"WebSite\",\"@id\":\"https:\\\/\\\/uk-gb.net\\\/fi\\\/#website\",\"url\":\"https:\\\/\\\/uk-gb.net\\\/fi\\\/\",\"name\":\"UK GB\",\"description\":\"Travel to the UK\",\"potentialAction\":[{\"@type\":\"SearchAction\",\"target\":{\"@type\":\"EntryPoint\",\"urlTemplate\":\"https:\\\/\\\/uk-gb.net\\\/fi\\\/?s={search_term_string}\"},\"query-input\":{\"@type\":\"PropertyValueSpecification\",\"valueRequired\":true,\"valueName\":\"search_term_string\"}}],\"inLanguage\":\"fi\"}]}<\/script>\n<!-- \/ Yoast SEO plugin. -->","yoast_head_json":{"title":"Viisumit Manchesteriin matkustamista tai v\u00e4lilaskuja varten - UK GB","description":"Tarvitsenko viisumin tai matkustusasiakirjan Manchesteriin tai Yhdistyneen kuningaskunnan Manchesterin v\u00e4lilaskua varten?","robots":{"index":"index","follow":"follow","max-snippet":"max-snippet:-1","max-image-preview":"max-image-preview:large","max-video-preview":"max-video-preview:-1"},"canonical":"https:\/\/uk-gb.net\/fi\/viisumit-manchesteriin\/","og_locale":"fi_FI","og_type":"article","og_title":"Viisumit Manchesteriin matkustamista tai v\u00e4lilaskuja varten - UK GB","og_description":"Tarvitsenko viisumin tai matkustusasiakirjan Manchesteriin tai Yhdistyneen kuningaskunnan Manchesterin v\u00e4lilaskua varten?","og_url":"https:\/\/uk-gb.net\/fi\/viisumit-manchesteriin\/","og_site_name":"UK GB","article_modified_time":"2025-11-04T09:24:52+00:00","og_image":[{"width":564,"height":338,"url":"https:\/\/uk-gb.net\/wp-content\/uploads\/2024\/03\/UK-visa-C.jpg","type":"image\/jpeg"}],"twitter_card":"summary_large_image","twitter_misc":{"Arvioitu lukuaika":"2 minuuttia"},"schema":{"@context":"https:\/\/schema.org","@graph":[{"@type":"WebPage","@id":"https:\/\/uk-gb.net\/fi\/viisumit-manchesteriin\/","url":"https:\/\/uk-gb.net\/fi\/viisumit-manchesteriin\/","name":"Viisumit Manchesteriin matkustamista tai v\u00e4lilaskuja varten - UK GB","isPartOf":{"@id":"https:\/\/uk-gb.net\/fi\/#website"},"primaryImageOfPage":{"@id":"https:\/\/uk-gb.net\/fi\/viisumit-manchesteriin\/#primaryimage"},"image":{"@id":"https:\/\/uk-gb.net\/fi\/viisumit-manchesteriin\/#primaryimage"},"thumbnailUrl":"https:\/\/uk-gb.net\/wp-content\/uploads\/2024\/03\/UK-visa-C.jpg","datePublished":"2023-12-07T16:57:58+00:00","dateModified":"2025-11-04T09:24:52+00:00","description":"Tarvitsenko viisumin tai matkustusasiakirjan Manchesteriin tai Yhdistyneen kuningaskunnan Manchesterin v\u00e4lilaskua varten?","inLanguage":"fi","potentialAction":[{"@type":"ReadAction","target":["https:\/\/uk-gb.net\/fi\/viisumit-manchesteriin\/"]}]},{"@type":"ImageObject","inLanguage":"fi","@id":"https:\/\/uk-gb.net\/fi\/viisumit-manchesteriin\/#primaryimage","url":"https:\/\/uk-gb.net\/wp-content\/uploads\/2024\/03\/UK-visa-C.jpg","contentUrl":"https:\/\/uk-gb.net\/wp-content\/uploads\/2024\/03\/UK-visa-C.jpg"},{"@type":"WebSite","@id":"https:\/\/uk-gb.net\/fi\/#website","url":"https:\/\/uk-gb.net\/fi\/","name":"UK GB","description":"Travel to the UK","potentialAction":[{"@type":"SearchAction","target":{"@type":"EntryPoint","urlTemplate":"https:\/\/uk-gb.net\/fi\/?s={search_term_string}"},"query-input":{"@type":"PropertyValueSpecification","valueRequired":true,"valueName":"search_term_string"}}],"inLanguage":"fi"}]}},"_links":{"self":[{"href":"https:\/\/uk-gb.net\/fi\/wp-json\/wp\/v2\/pages\/3427","targetHints":{"allow":["GET"]}}],"collection":[{"href":"https:\/\/uk-gb.net\/fi\/wp-json\/wp\/v2\/pages"}],"about":[{"href":"https:\/\/uk-gb.net\/fi\/wp-json\/wp\/v2\/types\/page"}],"author":[{"embeddable":true,"href":"https:\/\/uk-gb.net\/fi\/wp-json\/wp\/v2\/users\/1"}],"replies":[{"embeddable":true,"href":"https:\/\/uk-gb.net\/fi\/wp-json\/wp\/v2\/comments?post=3427"}],"version-history":[{"count":0,"href":"https:\/\/uk-gb.net\/fi\/wp-json\/wp\/v2\/pages\/3427\/revisions"}],"wp:attachment":[{"href":"https:\/\/uk-gb.net\/fi\/wp-json\/wp\/v2\/media?parent=3427"}],"curies":[{"name":"wp","href":"https:\/\/api.w.org\/{rel}","templated":true}]}}