{"id":3425,"date":"2023-12-07T16:52:56","date_gmt":"2023-12-07T16:52:56","guid":{"rendered":"https:\/\/uk-gb.net\/viisumi-lontooseen\/"},"modified":"2025-07-17T16:29:41","modified_gmt":"2025-07-17T15:29:41","slug":"viisumi-lontooseen","status":"publish","type":"page","link":"https:\/\/uk-gb.net\/fi\/viisumi-lontooseen\/","title":{"rendered":"Viisumi Lontooseen matkustamista tai v\u00e4lilaskua varten"},"content":{"rendered":"\n<h1 class=\"wp-block-heading\">Viisumi Lontooseen matkustamista tai siell\u00e4 oleskelua varten<\/h1>\n\n<p><a href=\"https:\/\/uk-gb.net\/fi\/lontoo\/\">Lontoo<\/a> on t\u00e4rkein portti Yhdistyneeseen kuningaskuntaan matkailijoille, opiskelijoille, ammattilaisille ja kauttakulkumatkustajille. Yhdistyneen kuningaskunnan l\u00e4hdetty\u00e4 Euroopan unionista <a href=\"https:\/\/uk-gb.net\/fi\/viisumi-uk\/\">maahantulomuodollisuudet<\/a> ovat muuttuneet. Kansalaisuudestasi, oleskelusi pituudesta tai matkasi syyst\u00e4 riippuen saatat tarvita viisumin tai ETA-viisumin. T\u00e4ss\u00e4 on kaikki, mit\u00e4 sinun on tiedett\u00e4v\u00e4, jotta voit matkustaa tai pys\u00e4hty\u00e4 Lontoossa laillisesti.   <\/p>\n\n<h2 class=\"wp-block-heading\">Tarvitsenko viisumin Lontooseen?<\/h2>\n\n<p>Tarvitsetko viisumia Lontoossa k\u00e4ynti\u00e4 varten, riippuu kansalaisuudestasi ja vierailusi syyst\u00e4.<\/p>\n\n<p><strong>Et tarvitse viisumia, jos<\/strong>:<\/p>\n\n<ul class=\"wp-block-list\">\n<li>Olet Irlannin kansalainen.<\/li>\n\n\n\n<li>Olet viisumivapaan maan kansalainen, ja oleskelusi on lyhyt (alle 6 kuukautta) matkailun, perheretken, lyhyen ty\u00f6matkan tai lyhytaikaisen opiskelun vuoksi.  <\/li>\n<\/ul>\n\n<p>Vuodesta 2025 l\u00e4htien n\u00e4iden matkustajien on t\u00e4ytynyt hankkia s\u00e4hk\u00f6inen matkustuslupa t\u00e4ytt\u00e4m\u00e4ll\u00e4 <a href=\"https:\/\/uk-gb.net\/fi\/online-eta-viisumi-englannista\/\">ETA-lomake verkossa<\/a>.<\/p>\n\n<p><strong>Tarvitset viisumin, jos<\/strong>:<\/p>\n\n<ul class=\"wp-block-list\">\n<li>Olet sellaisen maan kansalainen, joka ei vaadi viisumia edes lyhytaikaista oleskelua varten.<\/li>\n\n\n\n<li>Haluat ty\u00f6skennell\u00e4, opiskella pitk\u00e4aikaisesti, asettua aloillesi tai menn\u00e4 naimisiin Yhdistyneess\u00e4 kuningaskunnassa.<\/li>\n\n\n\n<li>Haluat l\u00e4hte\u00e4 perheenj\u00e4senesi kanssa Lontooseen pidemm\u00e4ksi aikaa.<\/li>\n<\/ul>\n\n<p>Matkailijoiden, jotka haluavat oleskella Yhdistyneess\u00e4 kuningaskunnassa yli 6 kuukautta, on hankittava <a href=\"https:\/\/uk-gb.net\/fi\/turistiviisumi-englantiin\/\">Englannin turistiviisumi<\/a>.<\/p>\n\n<div style=\"height:10px\" aria-hidden=\"true\" class=\"wp-block-spacer\"><\/div>\n\n<h2 class=\"wp-block-heading\">ETA: vaihtoehto viisumille Lontooseen matkustettaessa<\/h2>\n\n<p><a href=\"https:\/\/uk-gb.net\/fi\/eta-englanti-iso-britannia\/\">S\u00e4hk\u00f6inen matkustuslupa<\/a> (ETA) on pakollinen matkustuslupa tiettyjen viisumivapaiden maiden kansalaisille, kun he vierailevat Yhdistyneess\u00e4 kuningaskunnassa.<\/p>\n\n<ul class=\"wp-block-list\">\n<li><a href=\"https:\/\/uk-gb.net\/fi\/hinta-eta-uk\/\">ETA-hinta<\/a>: 16 puntaa (noin 19 euroa).<\/li>\n\n\n\n<li>Voimassaoloaika: 2 vuotta tai passin voimassaolon p\u00e4\u00e4ttymiseen saakka.<\/li>\n\n\n\n<li>Enimm\u00e4isaika: 6 kuukautta<\/li>\n\n\n\n<li>K\u00e4ytt\u00f6: matkailu, liike-el\u00e4m\u00e4, lyhyet opinnot tai kauttakulku.<\/li>\n<\/ul>\n\n<p>Huhtikuusta 2025 l\u00e4htien Euroopan kansalaisten on ollut pakko hankkia <strong>ETA-lupa Lontooseen ennen l\u00e4ht\u00f6\u00e4<\/strong>.<\/p>\n\n<h2 class=\"wp-block-heading\">Tarvitsenko viisumin pys\u00e4hty\u00e4kseni Lontoossa?<\/h2>\n\n<p>Jos teet v\u00e4lilaskun Lontoon lentoasemalla (Heathrow, Gatwick, Stansted, Luton), muodollisuudet vaihtelevat sen mukaan, l\u00e4p\u00e4isitk\u00f6 Britannian rajatarkastuksen vai et.<\/p>\n\n<h3 class=\"wp-block-heading\">Tapaus 1: passitus ilman lentoasemalta poistumista<\/h3>\n\n<p>Jos oleskelet kansainv\u00e4lisell\u00e4 alueella etk\u00e4 vaihda lentokentt\u00e4\u00e4: Jos olet <a href=\"https:\/\/uk-gb.net\/fi\/maat-jotka-voivat-hakea-eta-uk-ta\/\">sellaisen maan kansalainen, joka kuuluu Yhdistyneen kuningaskunnan viisumivapausohjelmaan<\/a>, voit hakea Yhdistyneen kuningaskunnan ETA-lupaa pys\u00e4hty\u00e4ksesi Lontoossa ilman viisumia.<\/p>\n\n<h3 class=\"wp-block-heading\">Tapaus 2: kauttakulku, johon liittyy rajanylitys<\/h3>\n\n<p>Jos joudut vaihtamaan lentokentt\u00e4\u00e4 tai kulkemaan tullin l\u00e4pi (esim. pitk\u00e4n v\u00e4lilaskun vuoksi): tarvitset <a href=\"https:\/\/uk-gb.net\/fi\/viisumi-kauttakulku-valilasku-englanti-iso-britannia\/\">kauttakulkuviisumin<\/a> tai ETA-viisumin kansalaisuudestasi riippuen.<\/p>\n\n<p>Hyv\u00e4 tiet\u00e4\u00e4: joidenkin kansalaisten on hankittava Britannian kauttakulkuviisumi (Visitor in Transit Visa) jopa yksinkertaista kauttakulkua varten.<\/p>\n\n<div style=\"height:10px\" aria-hidden=\"true\" class=\"wp-block-spacer\"><\/div>\n\n<h2 class=\"wp-block-heading\">Miten saan viisumin tai ETA-viisumin Lontooseen?<\/h2>\n\n<p>Seuraavassa on yksinkertaistettu yhteenveto menettelyst\u00e4, joka riippuu tilanteestasi matkustajana.<\/p>\n\n<figure class=\"wp-block-table\"><table class=\"has-fixed-layout\"><thead><tr><th>Tilanne<\/th><th class=\"has-text-align-center\" data-align=\"center\">Tarvittavan asiakirjan tyyppi<\/th><th class=\"has-text-align-left\" data-align=\"left\">Menettely<\/th><\/tr><\/thead><tbody><tr><td>Lyhyet lomamatkat matkailua, liiketoimintaa tai opiskelua varten<\/td><td class=\"has-text-align-center\" data-align=\"center\">ETA<\/td><td class=\"has-text-align-left\" data-align=\"left\">S\u00e4hk\u00f6inen hakemus <a href=\"https:\/\/www.gov.uk\/eta\">gov.uk-sivustolla<\/a>, maksu luottokortilla.<\/td><\/tr><tr><td>Yli 6 kuukauden oleskelu, ty\u00f6skentely, perheenyhdist\u00e4minen<\/td><td class=\"has-text-align-center\" data-align=\"center\">Yhdistyneen kuningaskunnan viisumi<\/td><td class=\"has-text-align-left\" data-align=\"left\">S\u00e4hk\u00f6inen hakemus + tapaaminen suurl\u00e4hetyst\u00f6ss\u00e4<\/td><\/tr><tr><td>Kauttakulku ja poistuminen kansainv\u00e4liselt\u00e4 vy\u00f6hykkeelt\u00e4<\/td><td class=\"has-text-align-center\" data-align=\"center\">ETA- tai kauttakulkuviisumi<\/td><td class=\"has-text-align-left\" data-align=\"left\">Kansalaisuudesta ja lentoasemasta riippuen<\/td><\/tr><\/tbody><\/table><\/figure>\n\n<p>Saadakseen viisumin Lontooseen ulkomaan kansalaisten on noudatettava verkossa teht\u00e4v\u00e4\u00e4 <a href=\"https:\/\/uk-gb.net\/fi\/yhdistyneen-kuningaskunnan-viisumihakemusmenettely\/\">viisumihakemusmenettely\u00e4<\/a>. Prosessissa on useita vaiheita: <\/p>\n\n<ul class=\"wp-block-list\">\n<li>Valitse viisumityyppi matkan tarkoituksen mukaan;<\/li>\n\n\n\n<li>Ker\u00e4\u00e4 tarvittavat tositteet;<\/li>\n\n\n\n<li>T\u00e4yt\u00e4 s\u00e4hk\u00f6inen viisumihakemuslomake ;<\/li>\n\n\n\n<li>Maksa <a href=\"https:\/\/uk-gb.net\/fi\/kuinka-paljon-englannin-viisumi-maksaa\/\">viisumimaksu<\/a>;<\/li>\n\n\n\n<li>Varaa aika <a href=\"https:\/\/uk-gb.net\/fi\/englanti-iso-britannian-suurlahetysto-suomessa\/\">Britannian suurl\u00e4hetyst\u00f6st\u00e4<\/a>;<\/li>\n\n\n\n<li>Asiakirjojen toimittaminen viisumihakemuksen viimeistely\u00e4 varten;<\/li>\n\n\n\n<li>Osallistu <a href=\"https:\/\/uk-gb.net\/fi\/viisumiajanvaraus-englannin-suurlahetysto\/\">viisumihaastatteluun<\/a>, jos hakemuksesi edellytt\u00e4\u00e4 sit\u00e4.<\/li>\n<\/ul>\n\n<div style=\"height:10px\" aria-hidden=\"true\" class=\"wp-block-spacer\"><\/div>\n\n<h2 class=\"wp-block-heading\">Mit\u00e4 asiakirjoja tarvitsen matkustaessani Lontooseen?<\/h2>\n\n<p>Seuraavassa luetellaan yleisimm\u00e4t asiakirjat, joita tarvitaan Yhdistyneeseen kuningaskuntaan saapuessa:<\/p>\n\n<ul class=\"wp-block-list\">\n<li><strong>Voimassa oleva passi<\/strong> on tullut j\u00e4lleen pakolliseksi Brexitin j\u00e4lkeen;<\/li>\n\n\n\n<li>Voimassa oleva <strong>ETA tai viisumi<\/strong>;<\/li>\n\n\n\n<li><strong>Todiste siit\u00e4, ett\u00e4 sinulla on riitt\u00e4v\u00e4sti varoja<\/strong> oleskeluasi varten ;<\/li>\n\n\n\n<li><strong>Todiste majoituksesta<\/strong>, kuten hotellivaraus tai kutsu;<\/li>\n\n\n\n<li><strong>Paluu- tai jatkolippu<\/strong> kauttakulkutilanteessa.<\/li>\n<\/ul>\n\n<div style=\"height:10px\" aria-hidden=\"true\" class=\"wp-block-spacer\"><\/div>\n\n<h2 class=\"wp-block-heading\">P\u00e4\u00e4telm\u00e4<\/h2>\n\n<p>Jos matkustat Lontooseen tai Lontoon kautta, sinun on tarkistettava henkil\u00f6kohtainen tilanteesi huolellisesti. <strong>ETA-viisumi on nyky\u00e4\u00e4n pakollinen<\/strong> monille matkustajille, jopa eurooppalaisille, kun taas toiset joutuvat k\u00e4ytt\u00e4m\u00e4\u00e4n perinteist\u00e4 <a href=\"https:\/\/uk-gb.net\/fi\/erityyppisia-brittilaisia-viisumeja\/\">brittil\u00e4ist\u00e4 viisumireitti\u00e4<\/a>. Jos olet ep\u00e4varma, kannattaa tehd\u00e4 simulaatio <a href=\"https:\/\/www.gov.uk\/check-uk-visa\">Yhdistyneen kuningaskunnan hallituksen virallisilla<\/a> verkkosivuilla.  <\/p>\n","protected":false},"excerpt":{"rendered":"<p>Viisumi Lontooseen matkustamista tai siell\u00e4 oleskelua varten Lontoo on t\u00e4rkein portti Yhdistyneeseen kuningaskuntaan matkailijoille, opiskelijoille, ammattilaisille ja kauttakulkumatkustajille. Yhdistyneen kuningaskunnan l\u00e4hdetty\u00e4 Euroopan unionista maahantulomuodollisuudet ovat muuttuneet. Kansalaisuudestasi, oleskelusi pituudesta tai matkasi syyst\u00e4 riippuen saatat tarvita viisumin tai ETA-viisumin. T\u00e4ss\u00e4 on kaikki, mit\u00e4 sinun on tiedett\u00e4v\u00e4, jotta voit matkustaa tai pys\u00e4hty\u00e4 Lontoossa laillisesti. Tarvitsenko viisumin Lontooseen? [&hellip;]<\/p>\n","protected":false},"author":1,"featured_media":0,"parent":0,"menu_order":0,"comment_status":"closed","ping_status":"closed","template":"","meta":{"footnotes":""},"class_list":["post-3425","page","type-page","status-publish","hentry"],"yoast_head":"<!-- This site is optimized with the Yoast SEO plugin v27.4 - https:\/\/yoast.com\/product\/yoast-seo-wordpress\/ -->\n<title>Viisumi Lontooseen matkustamista tai v\u00e4lilaskua varten - UK GB<\/title>\n<meta name=\"description\" content=\"Jos haluat matkustaa Yhdistyneeseen kuningaskuntaan laskeuduttuasi Lontooseen, sinun on hankittava viisumi tai matkustusasiakirja Lontooseen.\" \/>\n<meta name=\"robots\" content=\"index, follow, max-snippet:-1, max-image-preview:large, max-video-preview:-1\" \/>\n<link rel=\"canonical\" href=\"https:\/\/uk-gb.net\/fi\/viisumi-lontooseen\/\" \/>\n<meta property=\"og:locale\" content=\"fi_FI\" \/>\n<meta property=\"og:type\" content=\"article\" \/>\n<meta property=\"og:title\" content=\"Viisumi Lontooseen matkustamista tai v\u00e4lilaskua varten - UK GB\" \/>\n<meta property=\"og:description\" content=\"Jos haluat matkustaa Yhdistyneeseen kuningaskuntaan laskeuduttuasi Lontooseen, sinun on hankittava viisumi tai matkustusasiakirja Lontooseen.\" \/>\n<meta property=\"og:url\" content=\"https:\/\/uk-gb.net\/fi\/viisumi-lontooseen\/\" \/>\n<meta property=\"og:site_name\" content=\"UK GB\" \/>\n<meta property=\"article:modified_time\" content=\"2025-07-17T15:29:41+00:00\" \/>\n<meta name=\"twitter:card\" content=\"summary_large_image\" \/>\n<meta name=\"twitter:label1\" content=\"Arvioitu lukuaika\" \/>\n\t<meta name=\"twitter:data1\" content=\"3 minuuttia\" \/>\n<script type=\"application\/ld+json\" class=\"yoast-schema-graph\">{\"@context\":\"https:\\\/\\\/schema.org\",\"@graph\":[{\"@type\":\"WebPage\",\"@id\":\"https:\\\/\\\/uk-gb.net\\\/fi\\\/viisumi-lontooseen\\\/\",\"url\":\"https:\\\/\\\/uk-gb.net\\\/fi\\\/viisumi-lontooseen\\\/\",\"name\":\"Viisumi Lontooseen matkustamista tai v\u00e4lilaskua varten - UK GB\",\"isPartOf\":{\"@id\":\"https:\\\/\\\/uk-gb.net\\\/fi\\\/#website\"},\"datePublished\":\"2023-12-07T16:52:56+00:00\",\"dateModified\":\"2025-07-17T15:29:41+00:00\",\"description\":\"Jos haluat matkustaa Yhdistyneeseen kuningaskuntaan laskeuduttuasi Lontooseen, sinun on hankittava viisumi tai matkustusasiakirja Lontooseen.\",\"inLanguage\":\"fi\",\"potentialAction\":[{\"@type\":\"ReadAction\",\"target\":[\"https:\\\/\\\/uk-gb.net\\\/fi\\\/viisumi-lontooseen\\\/\"]}]},{\"@type\":\"WebSite\",\"@id\":\"https:\\\/\\\/uk-gb.net\\\/fi\\\/#website\",\"url\":\"https:\\\/\\\/uk-gb.net\\\/fi\\\/\",\"name\":\"UK GB\",\"description\":\"Travel to the UK\",\"potentialAction\":[{\"@type\":\"SearchAction\",\"target\":{\"@type\":\"EntryPoint\",\"urlTemplate\":\"https:\\\/\\\/uk-gb.net\\\/fi\\\/?s={search_term_string}\"},\"query-input\":{\"@type\":\"PropertyValueSpecification\",\"valueRequired\":true,\"valueName\":\"search_term_string\"}}],\"inLanguage\":\"fi\"}]}<\/script>\n<!-- \/ Yoast SEO plugin. -->","yoast_head_json":{"title":"Viisumi Lontooseen matkustamista tai v\u00e4lilaskua varten - UK GB","description":"Jos haluat matkustaa Yhdistyneeseen kuningaskuntaan laskeuduttuasi Lontooseen, sinun on hankittava viisumi tai matkustusasiakirja Lontooseen.","robots":{"index":"index","follow":"follow","max-snippet":"max-snippet:-1","max-image-preview":"max-image-preview:large","max-video-preview":"max-video-preview:-1"},"canonical":"https:\/\/uk-gb.net\/fi\/viisumi-lontooseen\/","og_locale":"fi_FI","og_type":"article","og_title":"Viisumi Lontooseen matkustamista tai v\u00e4lilaskua varten - UK GB","og_description":"Jos haluat matkustaa Yhdistyneeseen kuningaskuntaan laskeuduttuasi Lontooseen, sinun on hankittava viisumi tai matkustusasiakirja Lontooseen.","og_url":"https:\/\/uk-gb.net\/fi\/viisumi-lontooseen\/","og_site_name":"UK GB","article_modified_time":"2025-07-17T15:29:41+00:00","twitter_card":"summary_large_image","twitter_misc":{"Arvioitu lukuaika":"3 minuuttia"},"schema":{"@context":"https:\/\/schema.org","@graph":[{"@type":"WebPage","@id":"https:\/\/uk-gb.net\/fi\/viisumi-lontooseen\/","url":"https:\/\/uk-gb.net\/fi\/viisumi-lontooseen\/","name":"Viisumi Lontooseen matkustamista tai v\u00e4lilaskua varten - UK GB","isPartOf":{"@id":"https:\/\/uk-gb.net\/fi\/#website"},"datePublished":"2023-12-07T16:52:56+00:00","dateModified":"2025-07-17T15:29:41+00:00","description":"Jos haluat matkustaa Yhdistyneeseen kuningaskuntaan laskeuduttuasi Lontooseen, sinun on hankittava viisumi tai matkustusasiakirja Lontooseen.","inLanguage":"fi","potentialAction":[{"@type":"ReadAction","target":["https:\/\/uk-gb.net\/fi\/viisumi-lontooseen\/"]}]},{"@type":"WebSite","@id":"https:\/\/uk-gb.net\/fi\/#website","url":"https:\/\/uk-gb.net\/fi\/","name":"UK GB","description":"Travel to the UK","potentialAction":[{"@type":"SearchAction","target":{"@type":"EntryPoint","urlTemplate":"https:\/\/uk-gb.net\/fi\/?s={search_term_string}"},"query-input":{"@type":"PropertyValueSpecification","valueRequired":true,"valueName":"search_term_string"}}],"inLanguage":"fi"}]}},"_links":{"self":[{"href":"https:\/\/uk-gb.net\/fi\/wp-json\/wp\/v2\/pages\/3425","targetHints":{"allow":["GET"]}}],"collection":[{"href":"https:\/\/uk-gb.net\/fi\/wp-json\/wp\/v2\/pages"}],"about":[{"href":"https:\/\/uk-gb.net\/fi\/wp-json\/wp\/v2\/types\/page"}],"author":[{"embeddable":true,"href":"https:\/\/uk-gb.net\/fi\/wp-json\/wp\/v2\/users\/1"}],"replies":[{"embeddable":true,"href":"https:\/\/uk-gb.net\/fi\/wp-json\/wp\/v2\/comments?post=3425"}],"version-history":[{"count":0,"href":"https:\/\/uk-gb.net\/fi\/wp-json\/wp\/v2\/pages\/3425\/revisions"}],"wp:attachment":[{"href":"https:\/\/uk-gb.net\/fi\/wp-json\/wp\/v2\/media?parent=3425"}],"curies":[{"name":"wp","href":"https:\/\/api.w.org\/{rel}","templated":true}]}}