{"id":3423,"date":"2023-12-07T17:06:53","date_gmt":"2023-12-07T17:06:53","guid":{"rendered":"https:\/\/uk-gb.net\/viisumi-liverpooliin\/"},"modified":"2025-07-17T16:30:35","modified_gmt":"2025-07-17T15:30:35","slug":"viisumi-liverpooliin","status":"publish","type":"page","link":"https:\/\/uk-gb.net\/fi\/viisumi-liverpooliin\/","title":{"rendered":"Viisumi Liverpooliin matkustamista varten"},"content":{"rendered":"\n<h1 class=\"wp-block-heading\">Viisumit Liverpooliin matkustettaessa tai siell\u00e4 pys\u00e4hdytt\u00e4ess\u00e4<\/h1>\n\n<p>Merenkulun historiastaan, kulttuurimuistomerkeist\u00e4\u00e4n ja musiikkiperinn\u00f6st\u00e4\u00e4n tunnettu <a href=\"https:\/\/uk-gb.net\/fi\/liverpool\/\">Liverpool<\/a> houkuttelee vuosittain monia kansainv\u00e4lisi\u00e4 vierailijoita. Olipa kyse Beatlesin kaupunkiin tutustumisesta, urheilutapahtumaan osallistumisesta tai pelk\u00e4st\u00e4 v\u00e4lilaskusta Liverpoolin lentoasemalla, on t\u00e4rke\u00e4\u00e4 tuntea maahantulomuodollisuudet. Kansalaisuudestasi ja vierailusi tarkoituksesta riippuen tarvitset joko <a href=\"https:\/\/uk-gb.net\/fi\/turistiviisumi-englantiin\/\">Yhdistyneen kuningaskunnan viisumin<\/a> tai <a href=\"https:\/\/uk-gb.net\/fi\/eta-englanti-iso-britannia\/\">s\u00e4hk\u00f6isen matkustusluvan ETA<\/a>.  <\/p>\n\n<p><strong>Alle 6 kuukauden oleskelu<\/strong>: Liverpooliin ei tarvitse hankkia turistiviisumia. Viisumivapaiden Euroopan maiden kansalaisten on yksinkertaisesti hankittava matkustuslupa t\u00e4ytt\u00e4m\u00e4ll\u00e4 <a href=\"https:\/\/uk-gb.net\/fi\/online-eta-viisumi-englannista\/\">ETA-lomake verkossa<\/a>. <\/p>\n\n<h2 class=\"wp-block-heading\">Tarvitsenko viisumin matkustaakseni Liverpooliin?<\/h2>\n\n<h3 class=\"wp-block-heading\">Et tarvitse viisumia, jos :<\/h3>\n\n<ul class=\"wp-block-list\">\n<li>Olet <strong>Irlannin kansalainen<\/strong>;<\/li>\n\n\n\n<li>Olet <strong>viisumivapaan maan<\/strong> kansalainen lyhytaikaista oleskelua varten (matkailu-, liike-, perhevierailu- tai lyhytaikaista, alle 6 kuukautta kest\u00e4v\u00e4\u00e4 opiskelua varten).<br\/>Vuodesta 2025 l\u00e4htien n\u00e4iden matkustajien on t\u00e4ytynyt hankkia <a href=\"https:\/\/uk-gb.net\/fi\/eta-englanti-iso-britannia\/\">ETA-lupa<\/a> ennen l\u00e4ht\u00f6\u00e4.<\/li>\n<\/ul>\n\n<h3 class=\"wp-block-heading\">Tarvitset viisumin, jos :<\/h3>\n\n<ul class=\"wp-block-list\">\n<li>Olet jonkin viisumipakon alaisen maan, kuten Intian, Kiinan, Algerian, Nigerian, Pakistanin tai muun sellaisen maan kansalainen&#8230; ;<\/li>\n\n\n\n<li>Jos haluat <strong>ty\u00f6skennell\u00e4<\/strong>, <strong>opiskella pitk\u00e4\u00e4n<\/strong> tai <strong>asettua asumaan Liver<\/strong> pooliin ;<\/li>\n\n\n\n<li>Olet tulossa perheenj\u00e4senesi luokse Yhdistyneeseen kuningaskuntaan pitk\u00e4aikaista muuttoa varten.<\/li>\n<\/ul>\n\n<div style=\"height:10px\" aria-hidden=\"true\" class=\"wp-block-spacer\"><\/div>\n\n<h2 class=\"wp-block-heading\">ETA: yksinkertaistettu lupa matkustaa Liverpooliin<\/h2>\n\n<p><a href=\"https:\/\/uk-gb.net\/fi\/eta-englanti-iso-britannia\/\">ETA<\/a> on tiettyjen <a href=\"https:\/\/uk-gb.net\/fi\/maat-jotka-voivat-hakea-eta-uk-ta\/\">viisumivapaiden maiden kansalaisille tarkoitettu pakollinen matkustuslupa Yhdistyneeseen kuningaskuntaan<\/a>.<\/p>\n\n<ul class=\"wp-block-list\">\n<li><a href=\"https:\/\/uk-gb.net\/fi\/hinta-eta-uk\/\">ETA-hinta<\/a>: 16 puntaa (noin 19 euroa).<\/li>\n\n\n\n<li>Voimassaoloaika: 2 vuotta tai passin voimassaolon p\u00e4\u00e4ttymiseen saakka.<\/li>\n\n\n\n<li>Enimm\u00e4isaika: 6 kuukautta<\/li>\n\n\n\n<li>K\u00e4ytt\u00f6: matkailu, liike-el\u00e4m\u00e4, lyhyet opinnot tai kauttakulku.<\/li>\n<\/ul>\n\n<p>Huhtikuusta 2025 l\u00e4htien EU:n kansalaisten on t\u00e4ytynyt hankkia <strong>ETA-lupa Liverpooliin ennen lentokoneeseen nousemista<\/strong>.<\/p>\n\n<h2 class=\"wp-block-heading\">Tarvitsenko viisumin pys\u00e4hty\u00e4kseni Liverpoolissa?<\/h2>\n\n<p><a href=\"https:\/\/uk-gb.net\/fi\/liverpool\/\">Liverpoolissa<\/a> on kansainv\u00e4linen lentoasema (Liverpool John Lennonin lentoasema), mutta osa matkustajista k\u00e4ytt\u00e4\u00e4 my\u00f6s l\u00e4heist\u00e4 Manchesterin lentoasemaa.<\/p>\n\n<h3 class=\"wp-block-heading\">Kauttakulku ilman Britannian rajan ylitt\u00e4mist\u00e4:<\/h3>\n\n<ul class=\"wp-block-list\">\n<li>Jos oleskelet kansainv\u00e4lisell\u00e4 kauttakulkualueella etk\u00e4 mene rajatarkastuksen l\u00e4pi, voit tietyiss\u00e4 tapauksissa vapautua viisumipakosta.<\/li>\n\n\n\n<li>Useimmissa tapauksissa <strong>vaaditaan kuitenkin ETA-arvio,<\/strong> jopa yksinkertaisessa passituksessa.<\/li>\n<\/ul>\n\n<h3 class=\"wp-block-heading\">Kauttakulku, johon liittyy rajanylitys (lentoaseman vaihto tai pidennetty v\u00e4lilasku) :<\/h3>\n\n<ul class=\"wp-block-list\">\n<li><a href=\"https:\/\/uk-gb.net\/fi\/viisumi-kauttakulku-valilasku-englanti-iso-britannia\/\">Yhdistyneen kuningaskunnan kauttakulkuviisumi<\/a> tai <strong>ETA-viisumi<\/strong> vaaditaan kansalaisuudestasi ja matkasuunnitelmastasi riippuen. S\u00e4\u00e4nn\u00f6t ovat tiukat, jopa lyhyiden kauttakulkumatkojen osalta. Tarkista aina tilanteesi ennen l\u00e4ht\u00f6\u00e4.  <\/li>\n<\/ul>\n\n<div style=\"height:10px\" aria-hidden=\"true\" class=\"wp-block-spacer\"><\/div>\n\n<h2 class=\"wp-block-heading\">Eri viisumien hinnat Liverpooliin?<\/h2>\n\n<p>Liverpoolin viisumin hinta riippuu siit\u00e4, mink\u00e4laisen viisumin tarvitset matkustaaksesi Yhdistyneeseen kuningaskuntaan. Pidempiaikaista oleskelua varten <a href=\"https:\/\/uk-gb.net\/fi\/kuinka-paljon-englannin-viisumi-maksaa\/\">viisumin hallinnolliset kustannukset<\/a> ovat korkeammat. Jos matkustaja voi saada <a href=\"https:\/\/uk-gb.net\/fi\/eta-englanti-iso-britannia\/\">ETA-viisumin Yhdistyneeseen kuningaskuntaan<\/a>, hinta on alhaisempi: <a href=\"https:\/\/uk-gb.net\/fi\/hinta-eta-uk\/\">ETA-viisumin hinta<\/a> on 16 puntaa.  <\/p>\n\n<figure class=\"wp-block-table\"><table><thead><tr><th class=\"has-text-align-center\" data-align=\"center\">Asiakirjan tyyppi<\/th><th class=\"has-text-align-center\" data-align=\"center\">Arvioi<\/th><\/tr><\/thead><tbody><tr><td class=\"has-text-align-center\" data-align=\"center\">ETA<\/td><td class=\"has-text-align-center\" data-align=\"center\">16 \u00a3<\/td><\/tr><tr><td class=\"has-text-align-center\" data-align=\"center\">Turistiviisumi (6 kuukautta)<\/td><td class=\"has-text-align-center\" data-align=\"center\">115 \u00a3<\/td><\/tr><tr><td class=\"has-text-align-center\" data-align=\"center\">Transit-viisumi<\/td><td class=\"has-text-align-center\" data-align=\"center\">64 \u00a3<\/td><\/tr><tr><td class=\"has-text-align-center\" data-align=\"center\">Opiskelijaviisumi<\/td><td class=\"has-text-align-center\" data-align=\"center\">alkaen \u00a3490<\/td><\/tr><tr><td class=\"has-text-align-center\" data-align=\"center\">Ty\u00f6- tai perheviisumi<\/td><td class=\"has-text-align-center\" data-align=\"center\">alkaen \u00a31,846<\/td><\/tr><\/tbody><\/table><\/figure>\n\n<h2 class=\"wp-block-heading\">Miten haen viisumia Liverpooliin?<\/h2>\n\n<p>Saadakseen viisumin <a href=\"https:\/\/uk-gb.net\/fi\/liverpool\/\">Liverpooliin<\/a> ulkomaan kansalaisten on noudatettava <a href=\"https:\/\/uk-gb.net\/fi\/yhdistyneen-kuningaskunnan-viisumihakemusmenettely\/\">verkossa teht\u00e4v\u00e4\u00e4 viisumihakemusmenettely\u00e4<\/a>. T\u00e4ss\u00e4 prosessissa on useita vaiheita: <\/p>\n\n<ul class=\"wp-block-list\">\n<li>Valitse viisumityyppi matkan tarkoituksen mukaan;<\/li>\n\n\n\n<li>Ker\u00e4\u00e4 tarvittavat tositteet;<\/li>\n\n\n\n<li>T\u00e4yt\u00e4 viisumihakemuslomake verkossa osoitteessa <a href=\"https:\/\/www.gov.uk\/standard-visitor\/apply-standard-visitor-visa\">gov.uk<\/a>;<\/li>\n\n\n\n<li>Maksa <a href=\"https:\/\/uk-gb.net\/fi\/kuinka-paljon-englannin-viisumi-maksaa\/\">viisumimaksu<\/a>;<\/li>\n\n\n\n<li>Varaa aika <a href=\"https:\/\/uk-gb.net\/fi\/englanti-iso-britannian-suurlahetysto-suomessa\/\">Britannian suurl\u00e4hetyst\u00f6st\u00e4<\/a>;<\/li>\n\n\n\n<li>Asiakirjojen toimittaminen viisumihakemuksen viimeistely\u00e4 varten;<\/li>\n\n\n\n<li>Osallistu <a href=\"https:\/\/uk-gb.net\/fi\/viisumiajanvaraus-englannin-suurlahetysto\/\">viisumihaastatteluun<\/a>, jos hakemuksesi edellytt\u00e4\u00e4 sit\u00e4.<\/li>\n<\/ul>\n\n<div style=\"height:10px\" aria-hidden=\"true\" class=\"wp-block-spacer\"><\/div>\n\n<h2 class=\"wp-block-heading\">Yhteenveto<\/h2>\n\n<p>Maahantulomuodollisuuksien uudistamisen j\u00e4lkeen on ollut t\u00e4rke\u00e4\u00e4 valmistella hakemus huolellisesti ennen Liverpooliin matkustamista. <strong>ETA on nyt pakollinen<\/strong> useimmille viisumivapaille kansalaisille. Jos et t\u00e4yt\u00e4 ETA-viisumin my\u00f6nt\u00e4misen edellytyksi\u00e4, tarvitset tavallisen viisumin.  <\/p>\n\n<p>Ennen kuin l\u00e4hdet Liverpooliin, tarkista virallinen asemasi Yhdistyneen kuningaskunnan hallituksen verkkosivuilta: <a href=\"https:\/\/www.gov.uk\/check-uk-visa\">gov.uk\/check-uk-visa<\/a>.<\/p>\n\n<p><\/p>\n","protected":false},"excerpt":{"rendered":"<p>Viisumit Liverpooliin matkustettaessa tai siell\u00e4 pys\u00e4hdytt\u00e4ess\u00e4 Merenkulun historiastaan, kulttuurimuistomerkeist\u00e4\u00e4n ja musiikkiperinn\u00f6st\u00e4\u00e4n tunnettu Liverpool houkuttelee vuosittain monia kansainv\u00e4lisi\u00e4 vierailijoita. Olipa kyse Beatlesin kaupunkiin tutustumisesta, urheilutapahtumaan osallistumisesta tai pelk\u00e4st\u00e4 v\u00e4lilaskusta Liverpoolin lentoasemalla, on t\u00e4rke\u00e4\u00e4 tuntea maahantulomuodollisuudet. Kansalaisuudestasi ja vierailusi tarkoituksesta riippuen tarvitset joko Yhdistyneen kuningaskunnan viisumin tai s\u00e4hk\u00f6isen matkustusluvan ETA. Alle 6 kuukauden oleskelu: Liverpooliin ei tarvitse [&hellip;]<\/p>\n","protected":false},"author":1,"featured_media":0,"parent":0,"menu_order":0,"comment_status":"closed","ping_status":"closed","template":"","meta":{"footnotes":""},"class_list":["post-3423","page","type-page","status-publish","hentry"],"yoast_head":"<!-- This site is optimized with the Yoast SEO plugin v27.3 - https:\/\/yoast.com\/product\/yoast-seo-wordpress\/ -->\n<title>Viisumi Liverpooliin matkustamista varten - UK GB<\/title>\n<meta name=\"description\" content=\"Tarvitsetko viisumia tai matkustusasiakirjaa matkustaaksesi Liverpooliin? Tutustumme asiaan liittyviin muodollisuuksiin\" \/>\n<meta name=\"robots\" content=\"index, follow, max-snippet:-1, max-image-preview:large, max-video-preview:-1\" \/>\n<link rel=\"canonical\" href=\"https:\/\/uk-gb.net\/fi\/viisumi-liverpooliin\/\" \/>\n<meta property=\"og:locale\" content=\"fi_FI\" \/>\n<meta property=\"og:type\" content=\"article\" \/>\n<meta property=\"og:title\" content=\"Viisumi Liverpooliin matkustamista varten - UK GB\" \/>\n<meta property=\"og:description\" content=\"Tarvitsetko viisumia tai matkustusasiakirjaa matkustaaksesi Liverpooliin? Tutustumme asiaan liittyviin muodollisuuksiin\" \/>\n<meta property=\"og:url\" content=\"https:\/\/uk-gb.net\/fi\/viisumi-liverpooliin\/\" \/>\n<meta property=\"og:site_name\" content=\"UK GB\" \/>\n<meta property=\"article:modified_time\" content=\"2025-07-17T15:30:35+00:00\" \/>\n<meta name=\"twitter:card\" content=\"summary_large_image\" \/>\n<meta name=\"twitter:label1\" content=\"Arvioitu lukuaika\" \/>\n\t<meta name=\"twitter:data1\" content=\"2 minuuttia\" \/>\n<script type=\"application\/ld+json\" class=\"yoast-schema-graph\">{\"@context\":\"https:\\\/\\\/schema.org\",\"@graph\":[{\"@type\":\"WebPage\",\"@id\":\"https:\\\/\\\/uk-gb.net\\\/fi\\\/viisumi-liverpooliin\\\/\",\"url\":\"https:\\\/\\\/uk-gb.net\\\/fi\\\/viisumi-liverpooliin\\\/\",\"name\":\"Viisumi Liverpooliin matkustamista varten - UK GB\",\"isPartOf\":{\"@id\":\"https:\\\/\\\/uk-gb.net\\\/fi\\\/#website\"},\"datePublished\":\"2023-12-07T17:06:53+00:00\",\"dateModified\":\"2025-07-17T15:30:35+00:00\",\"description\":\"Tarvitsetko viisumia tai matkustusasiakirjaa matkustaaksesi Liverpooliin? Tutustumme asiaan liittyviin muodollisuuksiin\",\"inLanguage\":\"fi\",\"potentialAction\":[{\"@type\":\"ReadAction\",\"target\":[\"https:\\\/\\\/uk-gb.net\\\/fi\\\/viisumi-liverpooliin\\\/\"]}]},{\"@type\":\"WebSite\",\"@id\":\"https:\\\/\\\/uk-gb.net\\\/fi\\\/#website\",\"url\":\"https:\\\/\\\/uk-gb.net\\\/fi\\\/\",\"name\":\"UK GB\",\"description\":\"Travel to the UK\",\"potentialAction\":[{\"@type\":\"SearchAction\",\"target\":{\"@type\":\"EntryPoint\",\"urlTemplate\":\"https:\\\/\\\/uk-gb.net\\\/fi\\\/?s={search_term_string}\"},\"query-input\":{\"@type\":\"PropertyValueSpecification\",\"valueRequired\":true,\"valueName\":\"search_term_string\"}}],\"inLanguage\":\"fi\"}]}<\/script>\n<!-- \/ Yoast SEO plugin. -->","yoast_head_json":{"title":"Viisumi Liverpooliin matkustamista varten - UK GB","description":"Tarvitsetko viisumia tai matkustusasiakirjaa matkustaaksesi Liverpooliin? Tutustumme asiaan liittyviin muodollisuuksiin","robots":{"index":"index","follow":"follow","max-snippet":"max-snippet:-1","max-image-preview":"max-image-preview:large","max-video-preview":"max-video-preview:-1"},"canonical":"https:\/\/uk-gb.net\/fi\/viisumi-liverpooliin\/","og_locale":"fi_FI","og_type":"article","og_title":"Viisumi Liverpooliin matkustamista varten - UK GB","og_description":"Tarvitsetko viisumia tai matkustusasiakirjaa matkustaaksesi Liverpooliin? Tutustumme asiaan liittyviin muodollisuuksiin","og_url":"https:\/\/uk-gb.net\/fi\/viisumi-liverpooliin\/","og_site_name":"UK GB","article_modified_time":"2025-07-17T15:30:35+00:00","twitter_card":"summary_large_image","twitter_misc":{"Arvioitu lukuaika":"2 minuuttia"},"schema":{"@context":"https:\/\/schema.org","@graph":[{"@type":"WebPage","@id":"https:\/\/uk-gb.net\/fi\/viisumi-liverpooliin\/","url":"https:\/\/uk-gb.net\/fi\/viisumi-liverpooliin\/","name":"Viisumi Liverpooliin matkustamista varten - UK GB","isPartOf":{"@id":"https:\/\/uk-gb.net\/fi\/#website"},"datePublished":"2023-12-07T17:06:53+00:00","dateModified":"2025-07-17T15:30:35+00:00","description":"Tarvitsetko viisumia tai matkustusasiakirjaa matkustaaksesi Liverpooliin? Tutustumme asiaan liittyviin muodollisuuksiin","inLanguage":"fi","potentialAction":[{"@type":"ReadAction","target":["https:\/\/uk-gb.net\/fi\/viisumi-liverpooliin\/"]}]},{"@type":"WebSite","@id":"https:\/\/uk-gb.net\/fi\/#website","url":"https:\/\/uk-gb.net\/fi\/","name":"UK GB","description":"Travel to the UK","potentialAction":[{"@type":"SearchAction","target":{"@type":"EntryPoint","urlTemplate":"https:\/\/uk-gb.net\/fi\/?s={search_term_string}"},"query-input":{"@type":"PropertyValueSpecification","valueRequired":true,"valueName":"search_term_string"}}],"inLanguage":"fi"}]}},"_links":{"self":[{"href":"https:\/\/uk-gb.net\/fi\/wp-json\/wp\/v2\/pages\/3423","targetHints":{"allow":["GET"]}}],"collection":[{"href":"https:\/\/uk-gb.net\/fi\/wp-json\/wp\/v2\/pages"}],"about":[{"href":"https:\/\/uk-gb.net\/fi\/wp-json\/wp\/v2\/types\/page"}],"author":[{"embeddable":true,"href":"https:\/\/uk-gb.net\/fi\/wp-json\/wp\/v2\/users\/1"}],"replies":[{"embeddable":true,"href":"https:\/\/uk-gb.net\/fi\/wp-json\/wp\/v2\/comments?post=3423"}],"version-history":[{"count":0,"href":"https:\/\/uk-gb.net\/fi\/wp-json\/wp\/v2\/pages\/3423\/revisions"}],"wp:attachment":[{"href":"https:\/\/uk-gb.net\/fi\/wp-json\/wp\/v2\/media?parent=3423"}],"curies":[{"name":"wp","href":"https:\/\/api.w.org\/{rel}","templated":true}]}}