{"id":3419,"date":"2023-12-07T17:29:32","date_gmt":"2023-12-07T17:29:32","guid":{"rendered":"https:\/\/uk-gb.net\/viisumi-glasgowiin\/"},"modified":"2025-08-27T17:13:15","modified_gmt":"2025-08-27T16:13:15","slug":"viisumi-glasgowiin","status":"publish","type":"page","link":"https:\/\/uk-gb.net\/fi\/viisumi-glasgowiin\/","title":{"rendered":"Viisumi Glasgow&#8217;hun matkustamista varten"},"content":{"rendered":"\n<h1 class=\"wp-block-heading\">Tarvitsetko viisumin matkustaaksesi Glasgow&#8217;hun?<\/h1>\n\n<p>Glasgow on kaupunki Skotlannin l\u00e4nsiosassa Clyde-joen rannalla. Ulkomaalaisilla, jotka haluavat matkustaa Glasgow&#8217;hun, on oltava Yhdistyneen kuningaskunnan my\u00f6nt\u00e4m\u00e4 matkustuslupa. Glasgow&#8217;hun matkustamiseen on saatavilla useita erilaisia matkustuslupia. K\u00e4ymme l\u00e4pi eri vaihtoehtoja.   <\/p>\n\n<h2 class=\"wp-block-heading\">Millaisen matkustusluvan tarvitsen Glasgow&#8217;hun?<\/h2>\n\n<p><a href=\"https:\/\/www.visitscotland.com\/places-to-go\/glasgow\">Glasgow<\/a> on Skotlannin p\u00e4\u00e4kaupunki, joten kaikilla ulkomaalaisilla, jotka haluavat saapua Yhdistyneeseen kuningaskuntaan Glasgow&#8217;n kautta, on oltava voimassa oleva matkustuslupa. Glasgow&#8217;ssa oleskelun tarkoituksesta riippuen vierailijat voivat hakea <a href=\"https:\/\/uk-gb.net\/fi\/turistiviisumi-englantiin\/\">turistiviisumia<\/a>. <\/p>\n\n<p><strong>Alle 6 kuukauden oleskelu<\/strong>: Glasgow&#8217;hun ei tarvitse hankkia viisumia, sill\u00e4 useimmat Euroopan maat ovat vapauttaneet kansalaisensa viisumipakosta. Maaliskuusta 2025 l\u00e4htien n\u00e4iden viisumivapaiden kansalaisten on kuitenkin hankittava <a href=\"https:\/\/uk-gb.net\/fi\/online-eta-viisumi-englannista\/\">ETA-lupa verkossa<\/a> ennen Yhdistyneeseen kuningaskuntaan matkustamista. <\/p>\n\n<div style=\"height:10px\" aria-hidden=\"true\" class=\"wp-block-spacer\"><\/div>\n\n<h2 class=\"wp-block-heading\">Tarvitsenko viisumin pys\u00e4hty\u00e4kseni Glasgow&#8217;ssa?<\/h2>\n\n<p>Glasgow&#8217;ssa voi pys\u00e4hty\u00e4 kahdella tavalla:<\/p>\n\n<ul class=\"wp-block-list\">\n<li>Matkustajat voivat hakea <a href=\"https:\/\/uk-gb.net\/fi\/viisumi-kauttakulku-valilasku-englanti-iso-britannia\/\">kauttakulkuviisumia<\/a> Glasgow&#8217;ssa oleskelua varten;<\/li>\n\n\n\n<li>Jos matkustaja on jonkin <a href=\"https:\/\/uk-gb.net\/fi\/maat-jotka-voivat-hakea-eta-uk-ta\/\">Yhdistyneen kuningaskunnan viisumivapausohjelmaan kuuluvan maan<\/a> kansalainen, h\u00e4n voi <a href=\"https:\/\/uk-gb.net\/fi\/online-eta-viisumi-englannista\/\">hakea Yhdistyneen kuningaskunnan ETA-lupaa<\/a> pys\u00e4hty\u00e4 Glasgow&#8217;ssa ilman viisumia.<\/li>\n<\/ul>\n\n<div style=\"height:10px\" aria-hidden=\"true\" class=\"wp-block-spacer\"><\/div>\n\n<h2 class=\"wp-block-heading\">Kuinka paljon viisumi Glasgow&#8217;hun maksaa?<\/h2>\n\n<p>Glasgow&#8217;n viisumin hinta riippuu siit\u00e4, millaisen viisumin tarvitset matkustaaksesi Yhdistyneeseen kuningaskuntaan. Enint\u00e4\u00e4n 6 kuukauden turistiviisumin k\u00e4sittelymaksu on 115 puntaa. Pidempiaikaisesta oleskelusta <a href=\"https:\/\/uk-gb.net\/fi\/kuinka-paljon-englannin-viisumi-maksaa\/\">viisumin hallinnointimaksu<\/a> on korkeampi. Jos matkustaja on oikeutettu saamaan <a href=\"https:\/\/uk-gb.net\/fi\/eta-englanti-iso-britannia\/\">ETA-viisumin Yhdistyneeseen kuningaskuntaan<\/a>, hinta on alhaisempi: <a href=\"https:\/\/uk-gb.net\/fi\/hinta-eta-uk\/\">ETA-viisumin hinta<\/a> on 16 puntaa (noin 19 euroa) henkil\u00f6\u00e4 kohti.   <\/p>\n\n<h2 class=\"wp-block-heading\">Miten saan viisumin Glasgow&#8217;hun?<\/h2>\n\n<p>Saadakseen viisumin Glasgow&#8217;hun ulkomaan kansalaisten on noudatettava verkossa teht\u00e4v\u00e4\u00e4 <a href=\"https:\/\/uk-gb.net\/fi\/yhdistyneen-kuningaskunnan-viisumihakemusmenettely\/\">viisumihakemusmenettely\u00e4<\/a>. T\u00e4ss\u00e4 prosessissa on useita vaiheita: <\/p>\n\n<ul class=\"wp-block-list\">\n<li>Valitse viisumityyppi matkan tarkoituksen mukaan;<\/li>\n\n\n\n<li>Ker\u00e4\u00e4 tarvittavat tositteet;<\/li>\n\n\n\n<li>T\u00e4yt\u00e4 s\u00e4hk\u00f6inen viisumihakemuslomake ;<\/li>\n\n\n\n<li>Maksa <a href=\"https:\/\/uk-gb.net\/fi\/kuinka-paljon-englannin-viisumi-maksaa\/\">viisumimaksu<\/a>;<\/li>\n\n\n\n<li>Varaa aika <a href=\"https:\/\/uk-gb.net\/fi\/englanti-iso-britannian-suurlahetysto-suomessa\/\">Britannian suurl\u00e4hetyst\u00f6st\u00e4<\/a>;<\/li>\n\n\n\n<li>Asiakirjojen toimittaminen viisumihakemuksen viimeistely\u00e4 varten;<\/li>\n\n\n\n<li>Osallistu <a href=\"https:\/\/uk-gb.net\/fi\/viisumiajanvaraus-englannin-suurlahetysto\/\">viisumihaastatteluun<\/a>, jos hakemuksesi edellytt\u00e4\u00e4 sit\u00e4.<\/li>\n<\/ul>\n\n<div style=\"height:10px\" aria-hidden=\"true\" class=\"wp-block-spacer\"><\/div>\n\n<h2 class=\"wp-block-heading\">K\u00e4yt\u00e4 ETA-lupaa Glasgow&#8217;hun matkustamiseen<\/h2>\n\n<p>Kelpoisuusehdot t\u00e4ytt\u00e4v\u00e4 ulkomaan kansalainen voi hakea ETA-lupaa Glasgow&#8217;hun matkustamista varten. Hakemusprosessi on hyvin nopea. ETA Glasgow&#8217;hun on voimassa 2 vuotta enint\u00e4\u00e4n 6 per\u00e4kk\u00e4isen kuukauden oleskelua varten Yhdistyneess\u00e4 kuningaskunnassa.  <\/p>\n\n<p><\/p>\n","protected":false},"excerpt":{"rendered":"<p>Tarvitsetko viisumin matkustaaksesi Glasgow&#8217;hun? Glasgow on kaupunki Skotlannin l\u00e4nsiosassa Clyde-joen rannalla. Ulkomaalaisilla, jotka haluavat matkustaa Glasgow&#8217;hun, on oltava Yhdistyneen kuningaskunnan my\u00f6nt\u00e4m\u00e4 matkustuslupa. Glasgow&#8217;hun matkustamiseen on saatavilla useita erilaisia matkustuslupia. K\u00e4ymme l\u00e4pi eri vaihtoehtoja. Millaisen matkustusluvan tarvitsen Glasgow&#8217;hun? Glasgow on Skotlannin p\u00e4\u00e4kaupunki, joten kaikilla ulkomaalaisilla, jotka haluavat saapua Yhdistyneeseen kuningaskuntaan Glasgow&#8217;n kautta, on oltava voimassa oleva [&hellip;]<\/p>\n","protected":false},"author":1,"featured_media":0,"parent":0,"menu_order":0,"comment_status":"closed","ping_status":"closed","template":"","meta":{"footnotes":""},"class_list":["post-3419","page","type-page","status-publish","hentry"],"yoast_head":"<!-- This site is optimized with the Yoast SEO plugin v27.3 - https:\/\/yoast.com\/product\/yoast-seo-wordpress\/ -->\n<title>Viisumi Glasgow&#039;hun matkustamista varten - UK GB<\/title>\n<meta name=\"description\" content=\"Matkustusviisumin hankkiminen Glasgow&#039;hun. Matkustuslupa tarvitaan Glasgow&#039;hun matkustamiseen tai siell\u00e4 pys\u00e4htymiseen.\" \/>\n<meta name=\"robots\" content=\"index, follow, max-snippet:-1, max-image-preview:large, max-video-preview:-1\" \/>\n<link rel=\"canonical\" href=\"https:\/\/uk-gb.net\/fi\/viisumi-glasgowiin\/\" \/>\n<meta property=\"og:locale\" content=\"fi_FI\" \/>\n<meta property=\"og:type\" content=\"article\" \/>\n<meta property=\"og:title\" content=\"Viisumi Glasgow&#039;hun matkustamista varten - UK GB\" \/>\n<meta property=\"og:description\" content=\"Matkustusviisumin hankkiminen Glasgow&#039;hun. Matkustuslupa tarvitaan Glasgow&#039;hun matkustamiseen tai siell\u00e4 pys\u00e4htymiseen.\" \/>\n<meta property=\"og:url\" content=\"https:\/\/uk-gb.net\/fi\/viisumi-glasgowiin\/\" \/>\n<meta property=\"og:site_name\" content=\"UK GB\" \/>\n<meta property=\"article:modified_time\" content=\"2025-08-27T16:13:15+00:00\" \/>\n<meta name=\"twitter:card\" content=\"summary_large_image\" \/>\n<meta name=\"twitter:label1\" content=\"Arvioitu lukuaika\" \/>\n\t<meta name=\"twitter:data1\" content=\"1 minuutti\" \/>\n<script type=\"application\/ld+json\" class=\"yoast-schema-graph\">{\"@context\":\"https:\\\/\\\/schema.org\",\"@graph\":[{\"@type\":\"WebPage\",\"@id\":\"https:\\\/\\\/uk-gb.net\\\/fi\\\/viisumi-glasgowiin\\\/\",\"url\":\"https:\\\/\\\/uk-gb.net\\\/fi\\\/viisumi-glasgowiin\\\/\",\"name\":\"Viisumi Glasgow'hun matkustamista varten - UK GB\",\"isPartOf\":{\"@id\":\"https:\\\/\\\/uk-gb.net\\\/fi\\\/#website\"},\"datePublished\":\"2023-12-07T17:29:32+00:00\",\"dateModified\":\"2025-08-27T16:13:15+00:00\",\"description\":\"Matkustusviisumin hankkiminen Glasgow'hun. Matkustuslupa tarvitaan Glasgow'hun matkustamiseen tai siell\u00e4 pys\u00e4htymiseen.\",\"inLanguage\":\"fi\",\"potentialAction\":[{\"@type\":\"ReadAction\",\"target\":[\"https:\\\/\\\/uk-gb.net\\\/fi\\\/viisumi-glasgowiin\\\/\"]}]},{\"@type\":\"WebSite\",\"@id\":\"https:\\\/\\\/uk-gb.net\\\/fi\\\/#website\",\"url\":\"https:\\\/\\\/uk-gb.net\\\/fi\\\/\",\"name\":\"UK GB\",\"description\":\"Travel to the UK\",\"potentialAction\":[{\"@type\":\"SearchAction\",\"target\":{\"@type\":\"EntryPoint\",\"urlTemplate\":\"https:\\\/\\\/uk-gb.net\\\/fi\\\/?s={search_term_string}\"},\"query-input\":{\"@type\":\"PropertyValueSpecification\",\"valueRequired\":true,\"valueName\":\"search_term_string\"}}],\"inLanguage\":\"fi\"}]}<\/script>\n<!-- \/ Yoast SEO plugin. -->","yoast_head_json":{"title":"Viisumi Glasgow'hun matkustamista varten - UK GB","description":"Matkustusviisumin hankkiminen Glasgow'hun. Matkustuslupa tarvitaan Glasgow'hun matkustamiseen tai siell\u00e4 pys\u00e4htymiseen.","robots":{"index":"index","follow":"follow","max-snippet":"max-snippet:-1","max-image-preview":"max-image-preview:large","max-video-preview":"max-video-preview:-1"},"canonical":"https:\/\/uk-gb.net\/fi\/viisumi-glasgowiin\/","og_locale":"fi_FI","og_type":"article","og_title":"Viisumi Glasgow'hun matkustamista varten - UK GB","og_description":"Matkustusviisumin hankkiminen Glasgow'hun. Matkustuslupa tarvitaan Glasgow'hun matkustamiseen tai siell\u00e4 pys\u00e4htymiseen.","og_url":"https:\/\/uk-gb.net\/fi\/viisumi-glasgowiin\/","og_site_name":"UK GB","article_modified_time":"2025-08-27T16:13:15+00:00","twitter_card":"summary_large_image","twitter_misc":{"Arvioitu lukuaika":"1 minuutti"},"schema":{"@context":"https:\/\/schema.org","@graph":[{"@type":"WebPage","@id":"https:\/\/uk-gb.net\/fi\/viisumi-glasgowiin\/","url":"https:\/\/uk-gb.net\/fi\/viisumi-glasgowiin\/","name":"Viisumi Glasgow'hun matkustamista varten - UK GB","isPartOf":{"@id":"https:\/\/uk-gb.net\/fi\/#website"},"datePublished":"2023-12-07T17:29:32+00:00","dateModified":"2025-08-27T16:13:15+00:00","description":"Matkustusviisumin hankkiminen Glasgow'hun. Matkustuslupa tarvitaan Glasgow'hun matkustamiseen tai siell\u00e4 pys\u00e4htymiseen.","inLanguage":"fi","potentialAction":[{"@type":"ReadAction","target":["https:\/\/uk-gb.net\/fi\/viisumi-glasgowiin\/"]}]},{"@type":"WebSite","@id":"https:\/\/uk-gb.net\/fi\/#website","url":"https:\/\/uk-gb.net\/fi\/","name":"UK GB","description":"Travel to the UK","potentialAction":[{"@type":"SearchAction","target":{"@type":"EntryPoint","urlTemplate":"https:\/\/uk-gb.net\/fi\/?s={search_term_string}"},"query-input":{"@type":"PropertyValueSpecification","valueRequired":true,"valueName":"search_term_string"}}],"inLanguage":"fi"}]}},"_links":{"self":[{"href":"https:\/\/uk-gb.net\/fi\/wp-json\/wp\/v2\/pages\/3419","targetHints":{"allow":["GET"]}}],"collection":[{"href":"https:\/\/uk-gb.net\/fi\/wp-json\/wp\/v2\/pages"}],"about":[{"href":"https:\/\/uk-gb.net\/fi\/wp-json\/wp\/v2\/types\/page"}],"author":[{"embeddable":true,"href":"https:\/\/uk-gb.net\/fi\/wp-json\/wp\/v2\/users\/1"}],"replies":[{"embeddable":true,"href":"https:\/\/uk-gb.net\/fi\/wp-json\/wp\/v2\/comments?post=3419"}],"version-history":[{"count":0,"href":"https:\/\/uk-gb.net\/fi\/wp-json\/wp\/v2\/pages\/3419\/revisions"}],"wp:attachment":[{"href":"https:\/\/uk-gb.net\/fi\/wp-json\/wp\/v2\/media?parent=3419"}],"curies":[{"name":"wp","href":"https:\/\/api.w.org\/{rel}","templated":true}]}}