{"id":3417,"date":"2023-12-07T16:56:29","date_gmt":"2023-12-07T16:56:29","guid":{"rendered":"https:\/\/uk-gb.net\/viisumi-edinburghiin\/"},"modified":"2026-04-02T11:16:11","modified_gmt":"2026-04-02T10:16:11","slug":"viisumi-edinburghiin","status":"publish","type":"page","link":"https:\/\/uk-gb.net\/fi\/viisumi-edinburghiin\/","title":{"rendered":"Viisumi Edinburghiin matkustamista varten"},"content":{"rendered":"\n<p><a href=\"https:\/\/uk-gb.net\/fi\/edinburgh\/\" type=\"page\" id=\"4933\">Edinburgh on<\/a> kaupunki Skotlannin kaakkoisosassa Firth of Forthin rannalla. Se on ollut Skotlannin p\u00e4\u00e4kaupunki 1400-luvulta l\u00e4htien, ja se on tunnettu historiallisesta perinn\u00f6st\u00e4\u00e4n, merkitt\u00e4v\u00e4st\u00e4 arkkitehtuuristaan ja kulttuurin roolistaan, erityisesti tunnettujen festivaalien, kuten Edinburghin kansainv\u00e4listen festivaalien ja Fringe-tapahtuman, ansiosta. <\/p>\n\n<h1 class=\"wp-block-heading\">Viisumi Edinburghiin matkustamista varten<\/h1>\n\n<p><br\/>Ulkomaalaisilla, jotka haluavat matkustaa Edinburghiin, on oltava Yhdistyneen kuningaskunnan my\u00f6nt\u00e4m\u00e4 matkustuslupa. Edinburghiin matkustamiseen on saatavilla useita erilaisia matkustuslupia. <\/p>\n\n<h2 class=\"wp-block-heading\">Tarvitsenko viisumin Edinburghiin?<\/h2>\n\n<p><a href=\"https:\/\/uk-gb.net\/fi\/edinburgh\/\" type=\"page\" id=\"4933\">Edinburgh<\/a> on Skotlannin p\u00e4\u00e4kaupunki, joten kaikilla ulkomaalaisilla, jotka haluavat tulla Yhdistyneeseen kuningaskuntaan Edinburghin kautta, on oltava voimassa oleva matkustuslupa. Edinburghissa oleskelun tarkoituksesta riippuen vierailijat voivat hakea <a href=\"https:\/\/uk-gb.net\/fi\/turistiviisumi-englantiin\/\">turistiviisumia<\/a>. <\/p>\n\n<p><strong>Alle 6 kuukauden oleskelu<\/strong>: Edinburghiin ei tarvitse hankkia viisumia, sill\u00e4 useimmat Euroopan maat ovat luopuneet viisumipakosta omien kansalaistensa osalta. Viime aikoina my\u00f6s jotkin L\u00e4hi-id\u00e4n maat ovat voineet yksinkertaisesti hankkia <a href=\"https:\/\/uk-gb.net\/fi\/online-eta-viisumi-englannista\/\">ETA-matkustusluvan verkossa<\/a>. <\/p>\n\n<div style=\"height:10px\" aria-hidden=\"true\" class=\"wp-block-spacer\"><\/div>\n\n<h2 class=\"wp-block-heading\">Tarvitsenko viisumin pys\u00e4hty\u00e4kseni Edinburghissa?<\/h2>\n\n<p>Edinburghissa voi pys\u00e4hty\u00e4 kahdella tavalla:<\/p>\n\n<ul class=\"wp-block-list\">\n<li>Matkustajat voivat hakea <a href=\"https:\/\/uk-gb.net\/fi\/viisumi-kauttakulku-valilasku-englanti-iso-britannia\/\">kauttakulkuviisumia<\/a> pys\u00e4htymist\u00e4 varten Edinburghissa ;<\/li>\n\n\n\n<li>Jos matkustaja on <a href=\"https:\/\/uk-gb.net\/fi\/maat-jotka-voivat-hakea-eta-uk-ta\/\">Yhdistyneen kuningaskunnan viisumivapausohjelmaan kuuluvan maan<\/a> kansalainen, h\u00e4n voi <a href=\"https:\/\/uk-gb.net\/fi\/online-eta-viisumi-englannista\/\">hakea Yhdistyneen kuningaskunnan ETA-lupaa<\/a> pys\u00e4hty\u00e4 Edinburghissa ilman viisumia.<\/li>\n<\/ul>\n\n<div style=\"height:10px\" aria-hidden=\"true\" class=\"wp-block-spacer\"><\/div>\n\n<h2 class=\"wp-block-heading\">Kuinka paljon viisumi Edinburghiin maksaa?<\/h2>\n\n<p>Edinburghin viisumin hinta riippuu siit\u00e4, mink\u00e4 tyyppist\u00e4 viisumia tarvitaan Yhdistyneeseen kuningaskuntaan matkustamiseen. Enint\u00e4\u00e4n 6 kuukauden turistiviisumin hallinnollinen maksu on 115 puntaa. Pidempiaikaisesta oleskelusta viisumin <a href=\"https:\/\/uk-gb.net\/fi\/kuinka-paljon-englannin-viisumi-maksaa\/\">hallintomaksu on korkeampi<\/a>. Jos matkustaja on oikeutettu saamaan <a href=\"https:\/\/uk-gb.net\/fi\/eta-englanti-iso-britannia\/\">ETA-viisumin Yhdistyneeseen kuningaskuntaan,<\/a> hinta on alhaisempi: <a href=\"https:\/\/uk-gb.net\/fi\/hinta-eta-uk\/\">ETA-viisumin hinta on<\/a> nyt 20 puntaa.   <\/p>\n\n<h2 class=\"wp-block-heading\">Miten saan viisumin Edinburghiin?<\/h2>\n\n<p>Saadakseen viisumin Edinburghiin ulkomaan kansalaisten on noudatettava <a href=\"https:\/\/uk-gb.net\/fi\/yhdistyneen-kuningaskunnan-viisumihakemusmenettely\/\">verkossa teht\u00e4v\u00e4\u00e4 viisumihakemusmenettely\u00e4.<\/a> Ce processus comprend plusieurs \u00e9tapes que sont :<\/p>\n\n<ul class=\"wp-block-list\">\n<li>Valitse viisumityyppi matkan tarkoituksen mukaan;<\/li>\n\n\n\n<li>Ker\u00e4\u00e4 tarvittavat tositteet;<\/li>\n\n\n\n<li>T\u00e4yt\u00e4 s\u00e4hk\u00f6inen viisumihakemuslomake ;<\/li>\n\n\n\n<li>Maksa <a href=\"https:\/\/uk-gb.net\/fi\/kuinka-paljon-englannin-viisumi-maksaa\/\">viisumimaksu<\/a>;<\/li>\n\n\n\n<li>Varaa aika <a href=\"https:\/\/uk-gb.net\/fi\/englanti-iso-britannian-suurlahetysto-suomessa\/\">Britannian suurl\u00e4hetyst\u00f6st\u00e4<\/a>;<\/li>\n\n\n\n<li>Asiakirjojen toimittaminen viisumihakemuksen viimeistely\u00e4 varten;<\/li>\n\n\n\n<li>Osallistu <a href=\"https:\/\/uk-gb.net\/fi\/viisumiajanvaraus-englannin-suurlahetysto\/\">viisumihaastatteluun<\/a>, jos hakemuksesi edellytt\u00e4\u00e4 sit\u00e4.<\/li>\n<\/ul>\n\n<div style=\"height:10px\" aria-hidden=\"true\" class=\"wp-block-spacer\"><\/div>\n\n<h2 class=\"wp-block-heading\">Tarvitsenko ETA-luvan Edinburghiin?<\/h2>\n\n<p>Tukikelpoiset ulkomaan kansalaiset voivat hakea ETA-lupaa matkustaakseen Edinburghiin. Hakemusprosessi on hyvin nopea. ETA-lupa Edinburghiin on voimassa 2 vuotta enint\u00e4\u00e4n 6 per\u00e4kk\u00e4isen kuukauden oleskelua varten Yhdistyneess\u00e4 kuningaskunnassa.  <\/p>\n","protected":false},"excerpt":{"rendered":"<p>Edinburgh on kaupunki Skotlannin kaakkoisosassa Firth of Forthin rannalla. Se on ollut Skotlannin p\u00e4\u00e4kaupunki 1400-luvulta l\u00e4htien, ja se on tunnettu historiallisesta perinn\u00f6st\u00e4\u00e4n, merkitt\u00e4v\u00e4st\u00e4 arkkitehtuuristaan ja kulttuurin roolistaan, erityisesti tunnettujen festivaalien, kuten Edinburghin kansainv\u00e4listen festivaalien ja Fringe-tapahtuman, ansiosta. Viisumi Edinburghiin matkustamista varten Ulkomaalaisilla, jotka haluavat matkustaa Edinburghiin, on oltava Yhdistyneen kuningaskunnan my\u00f6nt\u00e4m\u00e4 matkustuslupa. Edinburghiin matkustamiseen on [&hellip;]<\/p>\n","protected":false},"author":1,"featured_media":0,"parent":0,"menu_order":0,"comment_status":"closed","ping_status":"closed","template":"","meta":{"footnotes":""},"class_list":["post-3417","page","type-page","status-publish","hentry"],"yoast_head":"<!-- This site is optimized with the Yoast SEO plugin v27.3 - https:\/\/yoast.com\/product\/yoast-seo-wordpress\/ -->\n<title>Viisumi Edinburghiin matkustamista varten - UK GB<\/title>\n<meta name=\"description\" content=\"Viisumin tai matkustusluvan hankkiminen Edinburghiin. Edinburghiin matkustaminen tai siell\u00e4 pys\u00e4htyminen edellytt\u00e4\u00e4 lupaa.\" \/>\n<meta name=\"robots\" content=\"index, follow, max-snippet:-1, max-image-preview:large, max-video-preview:-1\" \/>\n<link rel=\"canonical\" href=\"https:\/\/uk-gb.net\/fi\/viisumi-edinburghiin\/\" \/>\n<meta property=\"og:locale\" content=\"fi_FI\" \/>\n<meta property=\"og:type\" content=\"article\" \/>\n<meta property=\"og:title\" content=\"Viisumi Edinburghiin matkustamista varten - UK GB\" \/>\n<meta property=\"og:description\" content=\"Viisumin tai matkustusluvan hankkiminen Edinburghiin. Edinburghiin matkustaminen tai siell\u00e4 pys\u00e4htyminen edellytt\u00e4\u00e4 lupaa.\" \/>\n<meta property=\"og:url\" content=\"https:\/\/uk-gb.net\/fi\/viisumi-edinburghiin\/\" \/>\n<meta property=\"og:site_name\" content=\"UK GB\" \/>\n<meta property=\"article:modified_time\" content=\"2026-04-02T10:16:11+00:00\" \/>\n<meta name=\"twitter:card\" content=\"summary_large_image\" \/>\n<meta name=\"twitter:label1\" content=\"Arvioitu lukuaika\" \/>\n\t<meta name=\"twitter:data1\" content=\"2 minuuttia\" \/>\n<script type=\"application\/ld+json\" class=\"yoast-schema-graph\">{\"@context\":\"https:\\\/\\\/schema.org\",\"@graph\":[{\"@type\":\"WebPage\",\"@id\":\"https:\\\/\\\/uk-gb.net\\\/fi\\\/viisumi-edinburghiin\\\/\",\"url\":\"https:\\\/\\\/uk-gb.net\\\/fi\\\/viisumi-edinburghiin\\\/\",\"name\":\"Viisumi Edinburghiin matkustamista varten - UK GB\",\"isPartOf\":{\"@id\":\"https:\\\/\\\/uk-gb.net\\\/fi\\\/#website\"},\"datePublished\":\"2023-12-07T16:56:29+00:00\",\"dateModified\":\"2026-04-02T10:16:11+00:00\",\"description\":\"Viisumin tai matkustusluvan hankkiminen Edinburghiin. Edinburghiin matkustaminen tai siell\u00e4 pys\u00e4htyminen edellytt\u00e4\u00e4 lupaa.\",\"inLanguage\":\"fi\",\"potentialAction\":[{\"@type\":\"ReadAction\",\"target\":[\"https:\\\/\\\/uk-gb.net\\\/fi\\\/viisumi-edinburghiin\\\/\"]}]},{\"@type\":\"WebSite\",\"@id\":\"https:\\\/\\\/uk-gb.net\\\/fi\\\/#website\",\"url\":\"https:\\\/\\\/uk-gb.net\\\/fi\\\/\",\"name\":\"UK GB\",\"description\":\"Travel to the UK\",\"potentialAction\":[{\"@type\":\"SearchAction\",\"target\":{\"@type\":\"EntryPoint\",\"urlTemplate\":\"https:\\\/\\\/uk-gb.net\\\/fi\\\/?s={search_term_string}\"},\"query-input\":{\"@type\":\"PropertyValueSpecification\",\"valueRequired\":true,\"valueName\":\"search_term_string\"}}],\"inLanguage\":\"fi\"}]}<\/script>\n<!-- \/ Yoast SEO plugin. -->","yoast_head_json":{"title":"Viisumi Edinburghiin matkustamista varten - UK GB","description":"Viisumin tai matkustusluvan hankkiminen Edinburghiin. Edinburghiin matkustaminen tai siell\u00e4 pys\u00e4htyminen edellytt\u00e4\u00e4 lupaa.","robots":{"index":"index","follow":"follow","max-snippet":"max-snippet:-1","max-image-preview":"max-image-preview:large","max-video-preview":"max-video-preview:-1"},"canonical":"https:\/\/uk-gb.net\/fi\/viisumi-edinburghiin\/","og_locale":"fi_FI","og_type":"article","og_title":"Viisumi Edinburghiin matkustamista varten - UK GB","og_description":"Viisumin tai matkustusluvan hankkiminen Edinburghiin. Edinburghiin matkustaminen tai siell\u00e4 pys\u00e4htyminen edellytt\u00e4\u00e4 lupaa.","og_url":"https:\/\/uk-gb.net\/fi\/viisumi-edinburghiin\/","og_site_name":"UK GB","article_modified_time":"2026-04-02T10:16:11+00:00","twitter_card":"summary_large_image","twitter_misc":{"Arvioitu lukuaika":"2 minuuttia"},"schema":{"@context":"https:\/\/schema.org","@graph":[{"@type":"WebPage","@id":"https:\/\/uk-gb.net\/fi\/viisumi-edinburghiin\/","url":"https:\/\/uk-gb.net\/fi\/viisumi-edinburghiin\/","name":"Viisumi Edinburghiin matkustamista varten - UK GB","isPartOf":{"@id":"https:\/\/uk-gb.net\/fi\/#website"},"datePublished":"2023-12-07T16:56:29+00:00","dateModified":"2026-04-02T10:16:11+00:00","description":"Viisumin tai matkustusluvan hankkiminen Edinburghiin. Edinburghiin matkustaminen tai siell\u00e4 pys\u00e4htyminen edellytt\u00e4\u00e4 lupaa.","inLanguage":"fi","potentialAction":[{"@type":"ReadAction","target":["https:\/\/uk-gb.net\/fi\/viisumi-edinburghiin\/"]}]},{"@type":"WebSite","@id":"https:\/\/uk-gb.net\/fi\/#website","url":"https:\/\/uk-gb.net\/fi\/","name":"UK GB","description":"Travel to the UK","potentialAction":[{"@type":"SearchAction","target":{"@type":"EntryPoint","urlTemplate":"https:\/\/uk-gb.net\/fi\/?s={search_term_string}"},"query-input":{"@type":"PropertyValueSpecification","valueRequired":true,"valueName":"search_term_string"}}],"inLanguage":"fi"}]}},"_links":{"self":[{"href":"https:\/\/uk-gb.net\/fi\/wp-json\/wp\/v2\/pages\/3417","targetHints":{"allow":["GET"]}}],"collection":[{"href":"https:\/\/uk-gb.net\/fi\/wp-json\/wp\/v2\/pages"}],"about":[{"href":"https:\/\/uk-gb.net\/fi\/wp-json\/wp\/v2\/types\/page"}],"author":[{"embeddable":true,"href":"https:\/\/uk-gb.net\/fi\/wp-json\/wp\/v2\/users\/1"}],"replies":[{"embeddable":true,"href":"https:\/\/uk-gb.net\/fi\/wp-json\/wp\/v2\/comments?post=3417"}],"version-history":[{"count":0,"href":"https:\/\/uk-gb.net\/fi\/wp-json\/wp\/v2\/pages\/3417\/revisions"}],"wp:attachment":[{"href":"https:\/\/uk-gb.net\/fi\/wp-json\/wp\/v2\/media?parent=3417"}],"curies":[{"name":"wp","href":"https:\/\/api.w.org\/{rel}","templated":true}]}}