{"id":3415,"date":"2023-12-19T15:47:45","date_gmt":"2023-12-19T15:47:45","guid":{"rendered":"https:\/\/uk-gb.net\/viisumi-cardiffiin\/"},"modified":"2025-12-28T13:32:50","modified_gmt":"2025-12-28T13:32:50","slug":"viisumi-cardiffiin","status":"publish","type":"page","link":"https:\/\/uk-gb.net\/fi\/viisumi-cardiffiin\/","title":{"rendered":"Viisumi Cardiffiin Walesissa"},"content":{"rendered":"\n<p><a href=\"https:\/\/uk-gb.net\/fi\/cardiff\/\">Cardiff<\/a> on kaupunki Etel\u00e4-Walesissa Severn-joen suiston rannalla. Se on ollut Walesin p\u00e4\u00e4kaupunki vuodesta 1955, ja se on tunnettu kulttuuriperinn\u00f6st\u00e4\u00e4n, rikkaasta merellisest\u00e4 menneisyydest\u00e4\u00e4n ja keskeisest\u00e4 roolistaan Walesin poliittisessa ja taloudellisessa historiassa. <\/p>\n\n<h1 class=\"wp-block-heading\">Viisumi Cardiffiin matkustamista varten<\/h1>\n\n<p><br\/>Ulkomaalaisilla, jotka haluavat matkustaa Cardiffiin, on oltava Yhdistyneen kuningaskunnan my\u00f6nt\u00e4m\u00e4 matkustuslupa. Cardiffiin matkustamista varten on saatavissa erityyppisi\u00e4 matkustuslupia. <\/p>\n\n<h2 class=\"wp-block-heading\">Tarvitsenko viisumin Cardiffiin?<\/h2>\n\n<p><a href=\"https:\/\/uk-gb.net\/fi\/cardiff\/\">Cardiff<\/a> on Walesin p\u00e4\u00e4kaupunki, joten kaikilla ulkomaalaisilla, jotka haluavat tulla Yhdistyneeseen kuningaskuntaan Cardiffin kautta, on oltava voimassa oleva matkustuslupa. Cardiffissa oleskelun tarkoituksesta riippuen vierailijat voivat hakea <a href=\"https:\/\/uk-gb.net\/fi\/turistiviisumi-englantiin\/\">turistiviisumia<\/a>. <\/p>\n\n<p><strong>Alle 6 kuukauden oleskelu<\/strong>: Cardiffiin ei tarvitse hankkia viisumia, sill\u00e4 useimmat Euroopan maat ovat vapauttaneet kansalaisensa viisumipakosta. Viime aikoina my\u00f6s tietyt L\u00e4hi-id\u00e4n maat ovat voineet yksinkertaisesti hankkia <a href=\"https:\/\/uk-gb.net\/fi\/online-eta-viisumi-englannista\/\">ETA-matkustusluvan verkossa<\/a>. <\/p>\n\n<div style=\"height:10px\" aria-hidden=\"true\" class=\"wp-block-spacer\"><\/div>\n\n<h2 class=\"wp-block-heading\">Tarvitsenko viisumin pys\u00e4hty\u00e4kseni Cardiffissa?<\/h2>\n\n<p>Cardiffiin voi soittaa kahdella tavalla:<\/p>\n\n<ul class=\"wp-block-list\">\n<li>Matkustajat voivat hakea <a href=\"https:\/\/uk-gb.net\/fi\/viisumi-kauttakulku-valilasku-englanti-iso-britannia\/\">kauttakulkuviisumia<\/a> Cardiffissa oleskelua varten;<\/li>\n\n\n\n<li>Jos matkustaja on sellaisen maan kansalainen, <a href=\"https:\/\/uk-gb.net\/fi\/maat-jotka-voivat-hakea-eta-uk-ta\/\">joka kuuluu Yhdistyneen kuningaskunnan viisumivapausohjelmaan<\/a>, h\u00e4n voi <a href=\"https:\/\/uk-gb.net\/fi\/online-eta-viisumi-englannista\/\">hakea Yhdistyneen kuningaskunnan ETA-lupaa<\/a> pys\u00e4hty\u00e4kseen Cardiffissa ilman viisumia.<\/li>\n<\/ul>\n\n<div style=\"height:10px\" aria-hidden=\"true\" class=\"wp-block-spacer\"><\/div>\n\n<h2 class=\"wp-block-heading\">Kuinka paljon viisumi Cardiffiin maksaa?<\/h2>\n\n<p>Cardiffiin my\u00f6nnett\u00e4v\u00e4n viisumin hinta riippuu siit\u00e4, mink\u00e4 tyyppist\u00e4 viisumia Yhdistyneeseen kuningaskuntaan matkustaminen edellytt\u00e4\u00e4. Enint\u00e4\u00e4n 6 kuukauden turistiviisumin k\u00e4sittelymaksu on 115 puntaa. Pidempiaikaisesta oleskelusta <a href=\"https:\/\/uk-gb.net\/fi\/kuinka-paljon-englannin-viisumi-maksaa\/\">viisumin hallinnointimaksu<\/a> on korkeampi. Jos matkustajalla on oikeus saada <a href=\"https:\/\/uk-gb.net\/fi\/eta-englanti-iso-britannia\/\">ETA-viisumi Yhdistyneeseen kuningaskuntaan<\/a>, hinta on alhaisempi: <a href=\"https:\/\/uk-gb.net\/fi\/hinta-eta-uk\/\">ETA maksaa<\/a> v\u00e4hint\u00e4\u00e4n 10 puntaa.   <\/p>\n\n<h2 class=\"wp-block-heading\">Miten saan viisumin Cardiffiin?<\/h2>\n\n<p>Saadakseen viisumin Cardiffiin ulkomaan kansalaisten on noudatettava <a href=\"https:\/\/uk-gb.net\/fi\/yhdistyneen-kuningaskunnan-viisumihakemusmenettely\/\">verkossa teht\u00e4v\u00e4\u00e4 viisumihakemusmenettely\u00e4<\/a>. Ce processus comprend plusieurs \u00e9tapes que sont :<\/p>\n\n<ul class=\"wp-block-list\">\n<li>Valitse viisumityyppi matkan tarkoituksen mukaan;<\/li>\n\n\n\n<li>Ker\u00e4\u00e4 tarvittavat tositteet;<\/li>\n\n\n\n<li>T\u00e4yt\u00e4 s\u00e4hk\u00f6inen viisumihakemuslomake ;<\/li>\n\n\n\n<li>Maksa <a href=\"https:\/\/uk-gb.net\/fi\/kuinka-paljon-englannin-viisumi-maksaa\/\">viisumimaksu<\/a>;<\/li>\n\n\n\n<li>Varaa aika <a href=\"https:\/\/uk-gb.net\/fi\/englanti-iso-britannian-suurlahetysto-suomessa\/\">Britannian suurl\u00e4hetyst\u00f6st\u00e4<\/a>;<\/li>\n\n\n\n<li>Asiakirjojen toimittaminen viisumihakemuksen viimeistely\u00e4 varten;<\/li>\n\n\n\n<li>Osallistu <a href=\"https:\/\/uk-gb.net\/fi\/viisumiajanvaraus-englannin-suurlahetysto\/\">viisumihaastatteluun<\/a>, jos hakemuksesi edellytt\u00e4\u00e4 sit\u00e4.<\/li>\n<\/ul>\n\n<div style=\"height:10px\" aria-hidden=\"true\" class=\"wp-block-spacer\"><\/div>\n\n<h2 class=\"wp-block-heading\">Tarvitsenko ETA-luvan Cardiffiin?<\/h2>\n\n<p>Tukikelpoiset ulkomaan kansalaiset voivat hakea ETA-lupaa Cardiffiin matkustamista varten. Hakemusprosessi on hyvin nopea. ETA Cardiffiin on voimassa 2 vuotta enint\u00e4\u00e4n 6 per\u00e4kk\u00e4isen kuukauden oleskelua varten Yhdistyneess\u00e4 kuningaskunnassa.  <\/p>\n\n<h2 class=\"wp-block-heading\">Kuva Cardiffin viisumista Walesissa<\/h2>\n\n<p>T\u00e4m\u00e4 on kuva Walesin viisumista. T\u00e4m\u00e4n viisumin avulla voit tulla Yhdistyneeseen kuningaskuntaan <a href=\"https:\/\/uk-gb.net\/fi\/cardiff\/\">Cardiffin<\/a> kaupungin kautta. <\/p>\n","protected":false},"excerpt":{"rendered":"<p>Cardiff on kaupunki Etel\u00e4-Walesissa Severn-joen suiston rannalla. Se on ollut Walesin p\u00e4\u00e4kaupunki vuodesta 1955, ja se on tunnettu kulttuuriperinn\u00f6st\u00e4\u00e4n, rikkaasta merellisest\u00e4 menneisyydest\u00e4\u00e4n ja keskeisest\u00e4 roolistaan Walesin poliittisessa ja taloudellisessa historiassa. Viisumi Cardiffiin matkustamista varten Ulkomaalaisilla, jotka haluavat matkustaa Cardiffiin, on oltava Yhdistyneen kuningaskunnan my\u00f6nt\u00e4m\u00e4 matkustuslupa. Cardiffiin matkustamista varten on saatavissa erityyppisi\u00e4 matkustuslupia. Tarvitsenko viisumin Cardiffiin? [&hellip;]<\/p>\n","protected":false},"author":1,"featured_media":0,"parent":0,"menu_order":0,"comment_status":"closed","ping_status":"closed","template":"","meta":{"footnotes":""},"class_list":["post-3415","page","type-page","status-publish","hentry"],"yoast_head":"<!-- This site is optimized with the Yoast SEO plugin v27.3 - https:\/\/yoast.com\/product\/yoast-seo-wordpress\/ -->\n<title>Viisumi Cardiffiin Walesissa - UK GB<\/title>\n<meta name=\"description\" content=\"Viisumin tai matkustusasiakirjan hankkiminen Cardiffiin. Cardiffiin, Walesiin laskeutumiseen tarvitaan lupa.\" \/>\n<meta name=\"robots\" content=\"index, follow, max-snippet:-1, max-image-preview:large, max-video-preview:-1\" \/>\n<link rel=\"canonical\" href=\"https:\/\/uk-gb.net\/fi\/viisumi-cardiffiin\/\" \/>\n<meta property=\"og:locale\" content=\"fi_FI\" \/>\n<meta property=\"og:type\" content=\"article\" \/>\n<meta property=\"og:title\" content=\"Viisumi Cardiffiin Walesissa - UK GB\" \/>\n<meta property=\"og:description\" content=\"Viisumin tai matkustusasiakirjan hankkiminen Cardiffiin. Cardiffiin, Walesiin laskeutumiseen tarvitaan lupa.\" \/>\n<meta property=\"og:url\" content=\"https:\/\/uk-gb.net\/fi\/viisumi-cardiffiin\/\" \/>\n<meta property=\"og:site_name\" content=\"UK GB\" \/>\n<meta property=\"article:modified_time\" content=\"2025-12-28T13:32:50+00:00\" \/>\n<meta name=\"twitter:card\" content=\"summary_large_image\" \/>\n<meta name=\"twitter:label1\" content=\"Arvioitu lukuaika\" \/>\n\t<meta name=\"twitter:data1\" content=\"2 minuuttia\" \/>\n<script type=\"application\/ld+json\" class=\"yoast-schema-graph\">{\"@context\":\"https:\\\/\\\/schema.org\",\"@graph\":[{\"@type\":\"WebPage\",\"@id\":\"https:\\\/\\\/uk-gb.net\\\/fi\\\/viisumi-cardiffiin\\\/\",\"url\":\"https:\\\/\\\/uk-gb.net\\\/fi\\\/viisumi-cardiffiin\\\/\",\"name\":\"Viisumi Cardiffiin Walesissa - UK GB\",\"isPartOf\":{\"@id\":\"https:\\\/\\\/uk-gb.net\\\/fi\\\/#website\"},\"datePublished\":\"2023-12-19T15:47:45+00:00\",\"dateModified\":\"2025-12-28T13:32:50+00:00\",\"description\":\"Viisumin tai matkustusasiakirjan hankkiminen Cardiffiin. Cardiffiin, Walesiin laskeutumiseen tarvitaan lupa.\",\"inLanguage\":\"fi\",\"potentialAction\":[{\"@type\":\"ReadAction\",\"target\":[\"https:\\\/\\\/uk-gb.net\\\/fi\\\/viisumi-cardiffiin\\\/\"]}]},{\"@type\":\"WebSite\",\"@id\":\"https:\\\/\\\/uk-gb.net\\\/fi\\\/#website\",\"url\":\"https:\\\/\\\/uk-gb.net\\\/fi\\\/\",\"name\":\"UK GB\",\"description\":\"Travel to the UK\",\"potentialAction\":[{\"@type\":\"SearchAction\",\"target\":{\"@type\":\"EntryPoint\",\"urlTemplate\":\"https:\\\/\\\/uk-gb.net\\\/fi\\\/?s={search_term_string}\"},\"query-input\":{\"@type\":\"PropertyValueSpecification\",\"valueRequired\":true,\"valueName\":\"search_term_string\"}}],\"inLanguage\":\"fi\"}]}<\/script>\n<!-- \/ Yoast SEO plugin. -->","yoast_head_json":{"title":"Viisumi Cardiffiin Walesissa - UK GB","description":"Viisumin tai matkustusasiakirjan hankkiminen Cardiffiin. Cardiffiin, Walesiin laskeutumiseen tarvitaan lupa.","robots":{"index":"index","follow":"follow","max-snippet":"max-snippet:-1","max-image-preview":"max-image-preview:large","max-video-preview":"max-video-preview:-1"},"canonical":"https:\/\/uk-gb.net\/fi\/viisumi-cardiffiin\/","og_locale":"fi_FI","og_type":"article","og_title":"Viisumi Cardiffiin Walesissa - UK GB","og_description":"Viisumin tai matkustusasiakirjan hankkiminen Cardiffiin. Cardiffiin, Walesiin laskeutumiseen tarvitaan lupa.","og_url":"https:\/\/uk-gb.net\/fi\/viisumi-cardiffiin\/","og_site_name":"UK GB","article_modified_time":"2025-12-28T13:32:50+00:00","twitter_card":"summary_large_image","twitter_misc":{"Arvioitu lukuaika":"2 minuuttia"},"schema":{"@context":"https:\/\/schema.org","@graph":[{"@type":"WebPage","@id":"https:\/\/uk-gb.net\/fi\/viisumi-cardiffiin\/","url":"https:\/\/uk-gb.net\/fi\/viisumi-cardiffiin\/","name":"Viisumi Cardiffiin Walesissa - UK GB","isPartOf":{"@id":"https:\/\/uk-gb.net\/fi\/#website"},"datePublished":"2023-12-19T15:47:45+00:00","dateModified":"2025-12-28T13:32:50+00:00","description":"Viisumin tai matkustusasiakirjan hankkiminen Cardiffiin. Cardiffiin, Walesiin laskeutumiseen tarvitaan lupa.","inLanguage":"fi","potentialAction":[{"@type":"ReadAction","target":["https:\/\/uk-gb.net\/fi\/viisumi-cardiffiin\/"]}]},{"@type":"WebSite","@id":"https:\/\/uk-gb.net\/fi\/#website","url":"https:\/\/uk-gb.net\/fi\/","name":"UK GB","description":"Travel to the UK","potentialAction":[{"@type":"SearchAction","target":{"@type":"EntryPoint","urlTemplate":"https:\/\/uk-gb.net\/fi\/?s={search_term_string}"},"query-input":{"@type":"PropertyValueSpecification","valueRequired":true,"valueName":"search_term_string"}}],"inLanguage":"fi"}]}},"_links":{"self":[{"href":"https:\/\/uk-gb.net\/fi\/wp-json\/wp\/v2\/pages\/3415","targetHints":{"allow":["GET"]}}],"collection":[{"href":"https:\/\/uk-gb.net\/fi\/wp-json\/wp\/v2\/pages"}],"about":[{"href":"https:\/\/uk-gb.net\/fi\/wp-json\/wp\/v2\/types\/page"}],"author":[{"embeddable":true,"href":"https:\/\/uk-gb.net\/fi\/wp-json\/wp\/v2\/users\/1"}],"replies":[{"embeddable":true,"href":"https:\/\/uk-gb.net\/fi\/wp-json\/wp\/v2\/comments?post=3415"}],"version-history":[{"count":0,"href":"https:\/\/uk-gb.net\/fi\/wp-json\/wp\/v2\/pages\/3415\/revisions"}],"wp:attachment":[{"href":"https:\/\/uk-gb.net\/fi\/wp-json\/wp\/v2\/media?parent=3415"}],"curies":[{"name":"wp","href":"https:\/\/api.w.org\/{rel}","templated":true}]}}