{"id":3413,"date":"2023-12-19T15:52:54","date_gmt":"2023-12-19T15:52:54","guid":{"rendered":"https:\/\/uk-gb.net\/viisumi-cambridgeen\/"},"modified":"2026-02-05T13:44:02","modified_gmt":"2026-02-05T13:44:02","slug":"viisumi-cambridgeen","status":"publish","type":"page","link":"https:\/\/uk-gb.net\/fi\/viisumi-cambridgeen\/","title":{"rendered":"Viisumi Cambridgeen matkustamiseen Yhdistyneess\u00e4 kuningaskunnassa"},"content":{"rendered":"\n<h1 class=\"wp-block-heading\">Viisumit Cambridgeen matkustamista tai siell\u00e4 oleskelua varten  <\/h1>\n\n<p><a href=\"https:\/\/uk-gb.net\/fi\/cambridge\/\" type=\"page\" id=\"4530\">Cambridge on <\/a>kaupunki It\u00e4-Englannissa Cam-joen rannalla. Se tunnetaan arvostetusta yliopistostaan, joka perustettiin vuonna 1209, ja sill\u00e4 on ollut keskeinen asema Yhdistyneen kuningaskunnan koulutuksen, tutkimuksen ja innovoinnin historiassa. <\/p>\n\n<p>Ulkomaalaisilla, jotka haluavat matkustaa Cambridgeen, on oltava Yhdistyneen kuningaskunnan my\u00f6nt\u00e4m\u00e4 matkustuslupa. Cambridgeen matkustamista varten on saatavissa erityyppisi\u00e4 matkustuslupia. <\/p>\n\n<h2 class=\"wp-block-heading\">Tarvitsenko viisumin Cambridgeen?<\/h2>\n\n<p>Cambridge on suuri kaupunki Englannissa, joten kaikilla ulkomaalaisilla, jotka haluavat tulla Yhdistyneeseen kuningaskuntaan Cambridgen kautta, on oltava oleskelulupa. Cambridgessa oleskelun tarkoituksesta riippuen vierailijat voivat hakea <a href=\"https:\/\/uk-gb.net\/fi\/turistiviisumi-englantiin\/\">Englannin turistiviisumia<\/a>. <\/p>\n\n<p><strong>Alle kuuden kuukauden oleskelu<\/strong>: Cambridge ei vaadi viisumia, ja useimmat Euroopan maat luopuvat viisumipakosta kansalaistensa osalta. Viime aikoina my\u00f6s tietyt L\u00e4hi-id\u00e4n maat ovat voineet yksinkertaisesti hankkia <a href=\"https:\/\/uk-gb.net\/fi\/online-eta-viisumi-englannista\/\">ETA-matkustusluvan verkossa<\/a>. <\/p>\n\n<div style=\"height:10px\" aria-hidden=\"true\" class=\"wp-block-spacer\"><\/div>\n\n<h2 class=\"wp-block-heading\">Tarvitsenko viisumin Cambridgessa pys\u00e4htymiseen?<\/h2>\n\n<p>Cambridgessa voi pys\u00e4hty\u00e4 kahdella tavalla:<\/p>\n\n<ul class=\"wp-block-list\">\n<li>Matkustajat voivat hakea <a href=\"https:\/\/uk-gb.net\/fi\/viisumi-kauttakulku-valilasku-englanti-iso-britannia\/\">kauttakulkuviisumia<\/a> v\u00e4lilaskua varten <a href=\"https:\/\/uk-gb.net\/fi\/cambridge\/\" type=\"page\" id=\"4530\">Cambridgessa<\/a>;<\/li>\n\n\n\n<li>Jos matkustaja on sellaisen maan kansalainen, <a href=\"https:\/\/uk-gb.net\/fi\/maat-jotka-voivat-hakea-eta-uk-ta\/\">joka kuuluu Yhdistyneen kuningaskunnan viisumivapausohjelmaan<\/a>, h\u00e4n voi <a href=\"https:\/\/uk-gb.net\/fi\/online-eta-viisumi-englannista\/\">hakea Yhdistyneen kuningaskunnan ETA-viisumia<\/a> Cambridgeen ilman viisumia.<\/li>\n<\/ul>\n\n<div style=\"height:10px\" aria-hidden=\"true\" class=\"wp-block-spacer\"><\/div>\n\n<h2 class=\"wp-block-heading\">Kuinka paljon viisumi Cambridgeen maksaa?<\/h2>\n\n<p><a href=\"https:\/\/uk-gb.net\/fi\/cambridge\/\" type=\"page\" id=\"4530\">Cambridgeen<\/a> my\u00f6nnett\u00e4v\u00e4n viisumin hinta riippuu siit\u00e4, mink\u00e4 tyyppist\u00e4 viisumia Yhdistyneeseen kuningaskuntaan matkustaminen edellytt\u00e4\u00e4. Enint\u00e4\u00e4n 6 kuukauden turistiviisumin hallintomaksu on 115 puntaa. Pidempiaikaisesta oleskelusta <a href=\"https:\/\/uk-gb.net\/fi\/kuinka-paljon-englannin-viisumi-maksaa\/\">viisumin hallinnointimaksu<\/a> on korkeampi. Jos matkustaja on oikeutettu saamaan <a href=\"https:\/\/uk-gb.net\/fi\/eta-englanti-iso-britannia\/\">ETA-viisumin Yhdistyneeseen kuningaskuntaan<\/a>, hinta on alhaisempi: <a href=\"https:\/\/uk-gb.net\/fi\/hinta-eta-uk\/\">ETA maksaa<\/a> v\u00e4hint\u00e4\u00e4n 10 puntaa.   <\/p>\n\n<h2 class=\"wp-block-heading\">Miten saan viisumin Cambridgeen?<\/h2>\n\n<p>Saadakseen viisumin Cambridgeen ulkomaan kansalaisten on noudatettava <a href=\"https:\/\/uk-gb.net\/fi\/yhdistyneen-kuningaskunnan-viisumihakemusmenettely\/\">verkossa teht\u00e4v\u00e4\u00e4 viisumihakemusmenettely\u00e4.<\/a> Ce processus comprend plusieurs \u00e9tapes que sont :<\/p>\n\n<ul class=\"wp-block-list\">\n<li>Valitse viisumityyppi matkan tarkoituksen mukaan;<\/li>\n\n\n\n<li>Ker\u00e4\u00e4 tarvittavat tositteet;<\/li>\n\n\n\n<li>T\u00e4yt\u00e4 s\u00e4hk\u00f6inen viisumihakemuslomake ;<\/li>\n\n\n\n<li>Maksa <a href=\"https:\/\/uk-gb.net\/fi\/kuinka-paljon-englannin-viisumi-maksaa\/\">viisumimaksu<\/a>;<\/li>\n\n\n\n<li>Varaa aika <a href=\"https:\/\/uk-gb.net\/fi\/englanti-iso-britannian-suurlahetysto-suomessa\/\">Britannian suurl\u00e4hetyst\u00f6st\u00e4<\/a>;<\/li>\n\n\n\n<li>Asiakirjojen toimittaminen viisumihakemuksen viimeistely\u00e4 varten;<\/li>\n\n\n\n<li>Osallistu <a href=\"https:\/\/uk-gb.net\/fi\/viisumiajanvaraus-englannin-suurlahetysto\/\">viisumihaastatteluun<\/a>, jos hakemuksesi edellytt\u00e4\u00e4 sit\u00e4.<\/li>\n<\/ul>\n\n<div style=\"height:10px\" aria-hidden=\"true\" class=\"wp-block-spacer\"><\/div>\n\n<h2 class=\"wp-block-heading\">Tarvitsenko ETA-luvan Cambridgeen?<\/h2>\n\n<p>Tukikelpoiset ulkomaalaiset voivat hakea ETA-lupaa Cambridgeen. Hakemusprosessi on hyvin nopea. Oxfordin ETA-hakemus on voimassa kaksi vuotta, ja sen voimassaoloaika Yhdistyneess\u00e4 kuningaskunnassa on enint\u00e4\u00e4n kuusi kuukautta per\u00e4kk\u00e4in.  <\/p>\n\n<h2 class=\"wp-block-heading\">Kuva Cambridgen viisumista Yhdistyneess\u00e4 kuningaskunnassa<\/h2>\n\n<p>T\u00e4ss\u00e4 on kuva Englannin viisumista. Se on viisumi, jolla p\u00e4\u00e4see Yhdistyneeseen kuningaskuntaan Cambridgen kaupungin kautta. <\/p>\n\n<figure class=\"wp-block-image size-full\"><img fetchpriority=\"high\" decoding=\"async\" width=\"564\" height=\"338\" src=\"https:\/\/uk-gb.net\/wp-content\/uploads\/2024\/03\/UK-visa-C.jpg\" alt=\"turistiviisumi Yhdistynyt kuningaskunta\" class=\"wp-image-1890\" srcset=\"https:\/\/uk-gb.net\/wp-content\/uploads\/2024\/03\/UK-visa-C.jpg 564w, https:\/\/uk-gb.net\/wp-content\/uploads\/2024\/03\/UK-visa-C-300x180.jpg 300w\" sizes=\"(max-width: 564px) 100vw, 564px\" \/><figcaption class=\"wp-element-caption\">Valokuva <a href=\"https:\/\/uk-gb.net\/fi\/turistiviisumi-englantiin\/\">turistiviisumi Englanti<\/a><\/figcaption><\/figure>\n\n<p><\/p>\n","protected":false},"excerpt":{"rendered":"<p>Viisumit Cambridgeen matkustamista tai siell\u00e4 oleskelua varten Cambridge on kaupunki It\u00e4-Englannissa Cam-joen rannalla. Se tunnetaan arvostetusta yliopistostaan, joka perustettiin vuonna 1209, ja sill\u00e4 on ollut keskeinen asema Yhdistyneen kuningaskunnan koulutuksen, tutkimuksen ja innovoinnin historiassa. Ulkomaalaisilla, jotka haluavat matkustaa Cambridgeen, on oltava Yhdistyneen kuningaskunnan my\u00f6nt\u00e4m\u00e4 matkustuslupa. Cambridgeen matkustamista varten on saatavissa erityyppisi\u00e4 matkustuslupia. Tarvitsenko viisumin Cambridgeen? [&hellip;]<\/p>\n","protected":false},"author":1,"featured_media":0,"parent":0,"menu_order":0,"comment_status":"closed","ping_status":"closed","template":"","meta":{"footnotes":""},"class_list":["post-3413","page","type-page","status-publish","hentry"],"yoast_head":"<!-- This site is optimized with the Yoast SEO plugin v27.3 - https:\/\/yoast.com\/product\/yoast-seo-wordpress\/ -->\n<title>Viisumi Cambridgeen matkustamiseen Yhdistyneess\u00e4 kuningaskunnassa - UK GB<\/title>\n<meta name=\"description\" content=\"Viisumin tai matkustusluvan hankkiminen Cambridgeen. Cambridgeen matkustaminen tai siell\u00e4 pys\u00e4htyminen edellytt\u00e4\u00e4 lupaa.\" \/>\n<meta name=\"robots\" content=\"index, follow, max-snippet:-1, max-image-preview:large, max-video-preview:-1\" \/>\n<link rel=\"canonical\" href=\"https:\/\/uk-gb.net\/fi\/viisumi-cambridgeen\/\" \/>\n<meta property=\"og:locale\" content=\"fi_FI\" \/>\n<meta property=\"og:type\" content=\"article\" \/>\n<meta property=\"og:title\" content=\"Viisumi Cambridgeen matkustamiseen Yhdistyneess\u00e4 kuningaskunnassa - UK GB\" \/>\n<meta property=\"og:description\" content=\"Viisumin tai matkustusluvan hankkiminen Cambridgeen. Cambridgeen matkustaminen tai siell\u00e4 pys\u00e4htyminen edellytt\u00e4\u00e4 lupaa.\" \/>\n<meta property=\"og:url\" content=\"https:\/\/uk-gb.net\/fi\/viisumi-cambridgeen\/\" \/>\n<meta property=\"og:site_name\" content=\"UK GB\" \/>\n<meta property=\"article:modified_time\" content=\"2026-02-05T13:44:02+00:00\" \/>\n<meta property=\"og:image\" content=\"https:\/\/uk-gb.net\/wp-content\/uploads\/2024\/03\/UK-visa-C.jpg\" \/>\n\t<meta property=\"og:image:width\" content=\"564\" \/>\n\t<meta property=\"og:image:height\" content=\"338\" \/>\n\t<meta property=\"og:image:type\" content=\"image\/jpeg\" \/>\n<meta name=\"twitter:card\" content=\"summary_large_image\" \/>\n<meta name=\"twitter:label1\" content=\"Arvioitu lukuaika\" \/>\n\t<meta name=\"twitter:data1\" content=\"2 minuuttia\" \/>\n<script type=\"application\/ld+json\" class=\"yoast-schema-graph\">{\"@context\":\"https:\\\/\\\/schema.org\",\"@graph\":[{\"@type\":\"WebPage\",\"@id\":\"https:\\\/\\\/uk-gb.net\\\/fi\\\/viisumi-cambridgeen\\\/\",\"url\":\"https:\\\/\\\/uk-gb.net\\\/fi\\\/viisumi-cambridgeen\\\/\",\"name\":\"Viisumi Cambridgeen matkustamiseen Yhdistyneess\u00e4 kuningaskunnassa - UK GB\",\"isPartOf\":{\"@id\":\"https:\\\/\\\/uk-gb.net\\\/fi\\\/#website\"},\"primaryImageOfPage\":{\"@id\":\"https:\\\/\\\/uk-gb.net\\\/fi\\\/viisumi-cambridgeen\\\/#primaryimage\"},\"image\":{\"@id\":\"https:\\\/\\\/uk-gb.net\\\/fi\\\/viisumi-cambridgeen\\\/#primaryimage\"},\"thumbnailUrl\":\"https:\\\/\\\/uk-gb.net\\\/wp-content\\\/uploads\\\/2024\\\/03\\\/UK-visa-C.jpg\",\"datePublished\":\"2023-12-19T15:52:54+00:00\",\"dateModified\":\"2026-02-05T13:44:02+00:00\",\"description\":\"Viisumin tai matkustusluvan hankkiminen Cambridgeen. Cambridgeen matkustaminen tai siell\u00e4 pys\u00e4htyminen edellytt\u00e4\u00e4 lupaa.\",\"inLanguage\":\"fi\",\"potentialAction\":[{\"@type\":\"ReadAction\",\"target\":[\"https:\\\/\\\/uk-gb.net\\\/fi\\\/viisumi-cambridgeen\\\/\"]}]},{\"@type\":\"ImageObject\",\"inLanguage\":\"fi\",\"@id\":\"https:\\\/\\\/uk-gb.net\\\/fi\\\/viisumi-cambridgeen\\\/#primaryimage\",\"url\":\"https:\\\/\\\/uk-gb.net\\\/wp-content\\\/uploads\\\/2024\\\/03\\\/UK-visa-C.jpg\",\"contentUrl\":\"https:\\\/\\\/uk-gb.net\\\/wp-content\\\/uploads\\\/2024\\\/03\\\/UK-visa-C.jpg\"},{\"@type\":\"WebSite\",\"@id\":\"https:\\\/\\\/uk-gb.net\\\/fi\\\/#website\",\"url\":\"https:\\\/\\\/uk-gb.net\\\/fi\\\/\",\"name\":\"UK GB\",\"description\":\"Travel to the UK\",\"potentialAction\":[{\"@type\":\"SearchAction\",\"target\":{\"@type\":\"EntryPoint\",\"urlTemplate\":\"https:\\\/\\\/uk-gb.net\\\/fi\\\/?s={search_term_string}\"},\"query-input\":{\"@type\":\"PropertyValueSpecification\",\"valueRequired\":true,\"valueName\":\"search_term_string\"}}],\"inLanguage\":\"fi\"}]}<\/script>\n<!-- \/ Yoast SEO plugin. -->","yoast_head_json":{"title":"Viisumi Cambridgeen matkustamiseen Yhdistyneess\u00e4 kuningaskunnassa - UK GB","description":"Viisumin tai matkustusluvan hankkiminen Cambridgeen. Cambridgeen matkustaminen tai siell\u00e4 pys\u00e4htyminen edellytt\u00e4\u00e4 lupaa.","robots":{"index":"index","follow":"follow","max-snippet":"max-snippet:-1","max-image-preview":"max-image-preview:large","max-video-preview":"max-video-preview:-1"},"canonical":"https:\/\/uk-gb.net\/fi\/viisumi-cambridgeen\/","og_locale":"fi_FI","og_type":"article","og_title":"Viisumi Cambridgeen matkustamiseen Yhdistyneess\u00e4 kuningaskunnassa - UK GB","og_description":"Viisumin tai matkustusluvan hankkiminen Cambridgeen. Cambridgeen matkustaminen tai siell\u00e4 pys\u00e4htyminen edellytt\u00e4\u00e4 lupaa.","og_url":"https:\/\/uk-gb.net\/fi\/viisumi-cambridgeen\/","og_site_name":"UK GB","article_modified_time":"2026-02-05T13:44:02+00:00","og_image":[{"width":564,"height":338,"url":"https:\/\/uk-gb.net\/wp-content\/uploads\/2024\/03\/UK-visa-C.jpg","type":"image\/jpeg"}],"twitter_card":"summary_large_image","twitter_misc":{"Arvioitu lukuaika":"2 minuuttia"},"schema":{"@context":"https:\/\/schema.org","@graph":[{"@type":"WebPage","@id":"https:\/\/uk-gb.net\/fi\/viisumi-cambridgeen\/","url":"https:\/\/uk-gb.net\/fi\/viisumi-cambridgeen\/","name":"Viisumi Cambridgeen matkustamiseen Yhdistyneess\u00e4 kuningaskunnassa - UK GB","isPartOf":{"@id":"https:\/\/uk-gb.net\/fi\/#website"},"primaryImageOfPage":{"@id":"https:\/\/uk-gb.net\/fi\/viisumi-cambridgeen\/#primaryimage"},"image":{"@id":"https:\/\/uk-gb.net\/fi\/viisumi-cambridgeen\/#primaryimage"},"thumbnailUrl":"https:\/\/uk-gb.net\/wp-content\/uploads\/2024\/03\/UK-visa-C.jpg","datePublished":"2023-12-19T15:52:54+00:00","dateModified":"2026-02-05T13:44:02+00:00","description":"Viisumin tai matkustusluvan hankkiminen Cambridgeen. Cambridgeen matkustaminen tai siell\u00e4 pys\u00e4htyminen edellytt\u00e4\u00e4 lupaa.","inLanguage":"fi","potentialAction":[{"@type":"ReadAction","target":["https:\/\/uk-gb.net\/fi\/viisumi-cambridgeen\/"]}]},{"@type":"ImageObject","inLanguage":"fi","@id":"https:\/\/uk-gb.net\/fi\/viisumi-cambridgeen\/#primaryimage","url":"https:\/\/uk-gb.net\/wp-content\/uploads\/2024\/03\/UK-visa-C.jpg","contentUrl":"https:\/\/uk-gb.net\/wp-content\/uploads\/2024\/03\/UK-visa-C.jpg"},{"@type":"WebSite","@id":"https:\/\/uk-gb.net\/fi\/#website","url":"https:\/\/uk-gb.net\/fi\/","name":"UK GB","description":"Travel to the UK","potentialAction":[{"@type":"SearchAction","target":{"@type":"EntryPoint","urlTemplate":"https:\/\/uk-gb.net\/fi\/?s={search_term_string}"},"query-input":{"@type":"PropertyValueSpecification","valueRequired":true,"valueName":"search_term_string"}}],"inLanguage":"fi"}]}},"_links":{"self":[{"href":"https:\/\/uk-gb.net\/fi\/wp-json\/wp\/v2\/pages\/3413","targetHints":{"allow":["GET"]}}],"collection":[{"href":"https:\/\/uk-gb.net\/fi\/wp-json\/wp\/v2\/pages"}],"about":[{"href":"https:\/\/uk-gb.net\/fi\/wp-json\/wp\/v2\/types\/page"}],"author":[{"embeddable":true,"href":"https:\/\/uk-gb.net\/fi\/wp-json\/wp\/v2\/users\/1"}],"replies":[{"embeddable":true,"href":"https:\/\/uk-gb.net\/fi\/wp-json\/wp\/v2\/comments?post=3413"}],"version-history":[{"count":0,"href":"https:\/\/uk-gb.net\/fi\/wp-json\/wp\/v2\/pages\/3413\/revisions"}],"wp:attachment":[{"href":"https:\/\/uk-gb.net\/fi\/wp-json\/wp\/v2\/media?parent=3413"}],"curies":[{"name":"wp","href":"https:\/\/api.w.org\/{rel}","templated":true}]}}