{"id":3409,"date":"2023-12-31T15:10:49","date_gmt":"2023-12-31T15:10:49","guid":{"rendered":"https:\/\/uk-gb.net\/englannin-viisumi-ranskasta\/"},"modified":"2026-03-02T14:38:08","modified_gmt":"2026-03-02T14:38:08","slug":"englannin-viisumi-ranskasta","status":"publish","type":"page","link":"https:\/\/uk-gb.net\/fi\/englannin-viisumi-ranskasta\/","title":{"rendered":"Viisumi Ranskasta Englantiin"},"content":{"rendered":"\n<h1 class=\"wp-block-heading\">Muodollisuudet Ranskasta Englantiin matkustettaessa<\/h1>\n\n<h2 class=\"wp-block-heading\">Tarvitsevatko Ranskan kansalaiset viisumin matkustaakseen Englantiin?<\/h2>\n\n<p><strong>Ranskan kansalaiset eiv\u00e4t tarvitse viisumia Yhdistyneeseen kuningaskuntaan alle kuuden kuukauden oleskeluun<\/strong> Yhdistyneen kuningaskunnan viisumivapausohjelman <strong>ansiosta<\/strong>. Heid\u00e4n tarvitsee vain hakea s\u00e4hk\u00f6ist\u00e4 matkustuslupaa t\u00e4ytt\u00e4m\u00e4ll\u00e4 <a href=\"https:\/\/uk-gb.net\/fi\/online-eta-viisumi-englannista\/\">eTA UK -lomake verkossa.<\/a> <\/p>\n\n<div style=\"height:20px\" aria-hidden=\"true\" class=\"wp-block-spacer\"><\/div>\n\n<h2 class=\"wp-block-heading\">Tarvitsevatko Ranskassa asuvat ulkomaalaiset viisumin Yhdistyneeseen kuningaskuntaan?<\/h2>\n\n<p>Yhdistyneeseen kuningaskuntaan saapumiseen vaadittavat muodollisuudet riippuvat matkustajan kansalaisuudesta:<\/p>\n\n<ul class=\"wp-block-list\">\n<li>Jos Ranskassa oleskeleva ulkomaalainen on sellaisen maan kansalainen, <a href=\"https:\/\/uk-gb.net\/fi\/maat-jotka-voivat-hakea-eta-uk-ta\/\">johon sovelletaan viisumivapausohjelmaa<\/a>, h\u00e4n voi hakea <a href=\"https:\/\/uk-gb.net\/fi\/eta-englanti-iso-britannia\/\">Yhdistyneen kuningaskunnan ETA-lupaa<\/a> alle 6 kuukauden oleskelua varten.<\/li>\n\n\n\n<li>Muussa tapauksessa heid\u00e4n on hankittava <a href=\"https:\/\/uk-gb.net\/fi\/erityyppisia-brittilaisia-viisumeja\/\">viisumi matkustaakseen Englantiin<\/a>.<\/li>\n<\/ul>\n\n<p>Ranskassa asuva ulkomaan kansalainen voi siis saada ETA-viisumin, jos h\u00e4nen kotimaassaan sovelletaan Yhdistyneen kuningaskunnan viisumivapautta.<\/p>\n\n<h2 class=\"wp-block-heading\">Miten haen viisumia Ranskasta Englantiin?<\/h2>\n\n<p>Jos haluat saada viisumin Yhdistyneeseen kuningaskuntaan, sinun on t\u00e4ytett\u00e4v\u00e4 s\u00e4hk\u00f6inen lomake UK Border Agencyn verkkosivustolla. Prosessi sis\u00e4lt\u00e4\u00e4 useita vaiheita, ja se tapahtuu kokonaan verkossa. <\/p>\n\n<p>Viisumin hankkimisprosessi ja <a href=\"https:\/\/uk-gb.net\/fi\/kuinka-paljon-englannin-viisumi-maksaa\/\">maksettavat maksut<\/a> riippuvat siit\u00e4, miksi oleskelet Yhdistyneess\u00e4 kuningaskunnassa.<\/p>\n\n<h3 class=\"wp-block-heading\">Miten voin hakea turistiviisumia Ranskaan Englantiin?<\/h3>\n\n<p>Jos oleskelusi Yhdistyneess\u00e4 kuningaskunnassa kest\u00e4\u00e4 yli 6 kuukautta, sinun on haettava <a href=\"https:\/\/uk-gb.net\/fi\/turistiviisumi-englantiin\/\">Yhdistyneen kuningaskunnan turistiviisumia<\/a>. Hakemuksesi k\u00e4sittelee<a href=\"https:\/\/uk-gb.net\/fi\/englanti-iso-britannian-suurlahetysto-suomessa\/\">Ison-Britannian suurl\u00e4hetyst\u00f6<\/a>. <\/p>\n\n<h3 class=\"wp-block-heading\">Miten Ranskan kansalainen voi saada ty\u00f6viisumin Englantiin?<\/h3>\n\n<p>Saadaksesi ty\u00f6viisumin Yhdistyneeseen kuningaskuntaan sinun on ensin saatava ty\u00f6tarjous brittil\u00e4iselt\u00e4 yritykselt\u00e4. T\u00e4m\u00e4n yrityksen on sitten vahvistettava ty\u00f6teht\u00e4v\u00e4si ja sponsoroitava viisumisi Yhdistyneeseen kuningaskuntaan. <\/p>\n\n<h3 class=\"wp-block-heading\">Miten saan ajan Yhdistyneen kuningaskunnan viisumia varten?<\/h3>\n\n<p>Jos hakemuksesi edellytt\u00e4\u00e4 erilaista k\u00e4sittely\u00e4, voit ehk\u00e4 saada <a href=\"https:\/\/uk-gb.net\/fi\/viisumiajanvaraus-englannin-suurlahetysto\/\">ajan Britannian suurl\u00e4hetyst\u00f6st\u00e4<\/a>.<\/p>\n\n<p><\/p>\n","protected":false},"excerpt":{"rendered":"<p>Muodollisuudet Ranskasta Englantiin matkustettaessa Tarvitsevatko Ranskan kansalaiset viisumin matkustaakseen Englantiin? Ranskan kansalaiset eiv\u00e4t tarvitse viisumia Yhdistyneeseen kuningaskuntaan alle kuuden kuukauden oleskeluun Yhdistyneen kuningaskunnan viisumivapausohjelman ansiosta. Heid\u00e4n tarvitsee vain hakea s\u00e4hk\u00f6ist\u00e4 matkustuslupaa t\u00e4ytt\u00e4m\u00e4ll\u00e4 eTA UK -lomake verkossa. Tarvitsevatko Ranskassa asuvat ulkomaalaiset viisumin Yhdistyneeseen kuningaskuntaan? Yhdistyneeseen kuningaskuntaan saapumiseen vaadittavat muodollisuudet riippuvat matkustajan kansalaisuudesta: Ranskassa asuva ulkomaan kansalainen [&hellip;]<\/p>\n","protected":false},"author":1,"featured_media":0,"parent":0,"menu_order":0,"comment_status":"closed","ping_status":"closed","template":"","meta":{"footnotes":""},"class_list":["post-3409","page","type-page","status-publish","hentry"],"yoast_head":"<!-- This site is optimized with the Yoast SEO plugin v27.4 - https:\/\/yoast.com\/product\/yoast-seo-wordpress\/ -->\n<title>Viisumi Ranskasta Englantiin - UK GB<\/title>\n<meta name=\"description\" content=\"Miten saat viisumin verkossa, jotta voit matkustaa Ranskasta Yhdistyneeseen kuningaskuntaan vain muutamassa minuutissa passisi avulla?\" \/>\n<meta name=\"robots\" content=\"index, follow, max-snippet:-1, max-image-preview:large, max-video-preview:-1\" \/>\n<link rel=\"canonical\" href=\"https:\/\/uk-gb.net\/fi\/englannin-viisumi-ranskasta\/\" \/>\n<meta property=\"og:locale\" content=\"fi_FI\" \/>\n<meta property=\"og:type\" content=\"article\" \/>\n<meta property=\"og:title\" content=\"Viisumi Ranskasta Englantiin - UK GB\" \/>\n<meta property=\"og:description\" content=\"Miten saat viisumin verkossa, jotta voit matkustaa Ranskasta Yhdistyneeseen kuningaskuntaan vain muutamassa minuutissa passisi avulla?\" \/>\n<meta property=\"og:url\" content=\"https:\/\/uk-gb.net\/fi\/englannin-viisumi-ranskasta\/\" \/>\n<meta property=\"og:site_name\" content=\"UK GB\" \/>\n<meta property=\"article:modified_time\" content=\"2026-03-02T14:38:08+00:00\" \/>\n<meta name=\"twitter:card\" content=\"summary_large_image\" \/>\n<meta name=\"twitter:label1\" content=\"Arvioitu lukuaika\" \/>\n\t<meta name=\"twitter:data1\" content=\"1 minuutti\" \/>\n<script type=\"application\/ld+json\" class=\"yoast-schema-graph\">{\"@context\":\"https:\\\/\\\/schema.org\",\"@graph\":[{\"@type\":\"WebPage\",\"@id\":\"https:\\\/\\\/uk-gb.net\\\/fi\\\/englannin-viisumi-ranskasta\\\/\",\"url\":\"https:\\\/\\\/uk-gb.net\\\/fi\\\/englannin-viisumi-ranskasta\\\/\",\"name\":\"Viisumi Ranskasta Englantiin - UK GB\",\"isPartOf\":{\"@id\":\"https:\\\/\\\/uk-gb.net\\\/fi\\\/#website\"},\"datePublished\":\"2023-12-31T15:10:49+00:00\",\"dateModified\":\"2026-03-02T14:38:08+00:00\",\"description\":\"Miten saat viisumin verkossa, jotta voit matkustaa Ranskasta Yhdistyneeseen kuningaskuntaan vain muutamassa minuutissa passisi avulla?\",\"inLanguage\":\"fi\",\"potentialAction\":[{\"@type\":\"ReadAction\",\"target\":[\"https:\\\/\\\/uk-gb.net\\\/fi\\\/englannin-viisumi-ranskasta\\\/\"]}]},{\"@type\":\"WebSite\",\"@id\":\"https:\\\/\\\/uk-gb.net\\\/fi\\\/#website\",\"url\":\"https:\\\/\\\/uk-gb.net\\\/fi\\\/\",\"name\":\"UK GB\",\"description\":\"Travel to the UK\",\"potentialAction\":[{\"@type\":\"SearchAction\",\"target\":{\"@type\":\"EntryPoint\",\"urlTemplate\":\"https:\\\/\\\/uk-gb.net\\\/fi\\\/?s={search_term_string}\"},\"query-input\":{\"@type\":\"PropertyValueSpecification\",\"valueRequired\":true,\"valueName\":\"search_term_string\"}}],\"inLanguage\":\"fi\"}]}<\/script>\n<!-- \/ Yoast SEO plugin. -->","yoast_head_json":{"title":"Viisumi Ranskasta Englantiin - UK GB","description":"Miten saat viisumin verkossa, jotta voit matkustaa Ranskasta Yhdistyneeseen kuningaskuntaan vain muutamassa minuutissa passisi avulla?","robots":{"index":"index","follow":"follow","max-snippet":"max-snippet:-1","max-image-preview":"max-image-preview:large","max-video-preview":"max-video-preview:-1"},"canonical":"https:\/\/uk-gb.net\/fi\/englannin-viisumi-ranskasta\/","og_locale":"fi_FI","og_type":"article","og_title":"Viisumi Ranskasta Englantiin - UK GB","og_description":"Miten saat viisumin verkossa, jotta voit matkustaa Ranskasta Yhdistyneeseen kuningaskuntaan vain muutamassa minuutissa passisi avulla?","og_url":"https:\/\/uk-gb.net\/fi\/englannin-viisumi-ranskasta\/","og_site_name":"UK GB","article_modified_time":"2026-03-02T14:38:08+00:00","twitter_card":"summary_large_image","twitter_misc":{"Arvioitu lukuaika":"1 minuutti"},"schema":{"@context":"https:\/\/schema.org","@graph":[{"@type":"WebPage","@id":"https:\/\/uk-gb.net\/fi\/englannin-viisumi-ranskasta\/","url":"https:\/\/uk-gb.net\/fi\/englannin-viisumi-ranskasta\/","name":"Viisumi Ranskasta Englantiin - UK GB","isPartOf":{"@id":"https:\/\/uk-gb.net\/fi\/#website"},"datePublished":"2023-12-31T15:10:49+00:00","dateModified":"2026-03-02T14:38:08+00:00","description":"Miten saat viisumin verkossa, jotta voit matkustaa Ranskasta Yhdistyneeseen kuningaskuntaan vain muutamassa minuutissa passisi avulla?","inLanguage":"fi","potentialAction":[{"@type":"ReadAction","target":["https:\/\/uk-gb.net\/fi\/englannin-viisumi-ranskasta\/"]}]},{"@type":"WebSite","@id":"https:\/\/uk-gb.net\/fi\/#website","url":"https:\/\/uk-gb.net\/fi\/","name":"UK GB","description":"Travel to the UK","potentialAction":[{"@type":"SearchAction","target":{"@type":"EntryPoint","urlTemplate":"https:\/\/uk-gb.net\/fi\/?s={search_term_string}"},"query-input":{"@type":"PropertyValueSpecification","valueRequired":true,"valueName":"search_term_string"}}],"inLanguage":"fi"}]}},"_links":{"self":[{"href":"https:\/\/uk-gb.net\/fi\/wp-json\/wp\/v2\/pages\/3409","targetHints":{"allow":["GET"]}}],"collection":[{"href":"https:\/\/uk-gb.net\/fi\/wp-json\/wp\/v2\/pages"}],"about":[{"href":"https:\/\/uk-gb.net\/fi\/wp-json\/wp\/v2\/types\/page"}],"author":[{"embeddable":true,"href":"https:\/\/uk-gb.net\/fi\/wp-json\/wp\/v2\/users\/1"}],"replies":[{"embeddable":true,"href":"https:\/\/uk-gb.net\/fi\/wp-json\/wp\/v2\/comments?post=3409"}],"version-history":[{"count":0,"href":"https:\/\/uk-gb.net\/fi\/wp-json\/wp\/v2\/pages\/3409\/revisions"}],"wp:attachment":[{"href":"https:\/\/uk-gb.net\/fi\/wp-json\/wp\/v2\/media?parent=3409"}],"curies":[{"name":"wp","href":"https:\/\/api.w.org\/{rel}","templated":true}]}}