{"id":3407,"date":"2023-12-19T16:05:55","date_gmt":"2023-12-19T16:05:55","guid":{"rendered":"https:\/\/uk-gb.net\/viisumi-englannista-lahto-saudi-arabiaan\/"},"modified":"2025-11-17T17:01:17","modified_gmt":"2025-11-17T17:01:17","slug":"viisumi-englannista-lahto-saudi-arabiaan","status":"publish","type":"page","link":"https:\/\/uk-gb.net\/fi\/viisumi-englannista-lahto-saudi-arabiaan\/","title":{"rendered":"Viisumi Yhdistyneeseen kuningaskuntaan Saudi-Arabiasta"},"content":{"rendered":"\n<h1 class=\"wp-block-heading\">Yhdistyneen kuningaskunnan viisumi Saudi-Arabian kansalaisille<\/h1>\n\n<p>Oletko Saudi-Arabian kansalainen tai asukas ja haluat matkustaa Yhdistyneeseen kuningaskuntaan? Tutustu vaadittaviin muodollisuuksiin, ETA-j\u00e4rjestelm\u00e4\u00e4n, saatavilla oleviin viisumityyppeihin ja hakemuksen j\u00e4tt\u00e4miseen liittyviin vaiheisiin. <\/p>\n\n<h2 class=\"wp-block-heading\">Tarvitsenko viisumin matkustaakseni Saudi-Arabiasta Yhdistyneeseen kuningaskuntaan?<\/h2>\n\n<p><strong>Helmikuun 22. p\u00e4iv\u00e4st\u00e4 2024<\/strong> l\u00e4htien Saudi-Arabian kansalaiset eiv\u00e4t en\u00e4\u00e4 tarvitse <a href=\"https:\/\/uk-gb.net\/fi\/turistiviisumi-englantiin\/\">Yhdistyneen kuningaskunnan turistiviisumia<\/a> matkustaakseen Yhdistyneeseen kuningaskuntaan. Saudi-Arabian kansalaiset voivat saada s\u00e4hk\u00f6isen matkustusluvan, jonka avulla he voivat oleskella Yhdistyneess\u00e4 kuningaskunnassa enint\u00e4\u00e4n <strong>6 kuukautta<\/strong>.<\/p>\n\n<p><strong>Saat t\u00e4m\u00e4n matkustusluvan muutamassa minuutissa<\/strong> t\u00e4ytt\u00e4m\u00e4ll\u00e4 <a href=\"https:\/\/uk-gb.net\/fi\/online-eta-viisumi-englannista\/\">ETA-lomakkeen verkossa<\/a>.<\/p>\n\n<div style=\"height:10px\" aria-hidden=\"true\" class=\"wp-block-spacer\"><\/div>\n\n<p>T\u00e4m\u00e4n s\u00e4hk\u00f6isen matkustusluvan avulla voit oleskella Yhdistyneess\u00e4 kuningaskunnassa :<\/p>\n\n<ul class=\"wp-block-list\">\n<li>turistimatka,<\/li>\n\n\n\n<li>ty\u00f6matka,<\/li>\n\n\n\n<li>perhevierailu,<\/li>\n\n\n\n<li>lyhyt opiskeluaika,<\/li>\n\n\n\n<li>tai lentokentt\u00e4kuljetus.<\/li>\n<\/ul>\n\n<div style=\"height:10px\" aria-hidden=\"true\" class=\"wp-block-spacer\"><\/div>\n\n<h2 class=\"wp-block-heading\">Miten haen ETA-lupaa Yhdistyneeseen kuningaskuntaan Saudi-Arabiasta?<\/h2>\n\n<p><a href=\"https:\/\/uk-gb.net\/fi\/eta-englanti-iso-britannia\/\">Yhdistyneen kuningaskunnan ETA-luvan<\/a> hakeminen on yksinkertaista ja tapahtuu 100-prosenttisesti verkossa:<\/p>\n\n<ol class=\"wp-block-list\">\n<li><strong>K\u00e4y virallisella portaalilla<\/strong>: <a>gov.uk\/eta<\/a>.<\/li>\n\n\n\n<li><strong>T\u00e4yt\u00e4 lomakkeeseen<\/strong> matkustajan henkil\u00f6tiedot.<\/li>\n\n\n\n<li><strong>Lataa valokuva<\/strong> (esimerkiksi selfie) suoraan lomakkeella tai mobiilisovelluksen kautta.<\/li>\n\n\n\n<li><strong>Maksa<\/strong> noin <strong>16 punnan (19 euron)<\/strong> <strong>maksu<\/strong> luottokortilla.<\/li>\n\n\n\n<li><strong>Saat arvioidun saapumisaikasi s\u00e4hk\u00f6postitse<\/strong> muutamassa minuutissa ja enint\u00e4\u00e4n 3 p\u00e4iv\u00e4n kuluessa.<\/li>\n<\/ol>\n\n<p>ETA on <strong>voimassa 2 vuotta<\/strong> tai kunnes passi vanhenee. Se mahdollistaa <strong>useamman maahantulon<\/strong> Yhdistyneeseen kuningaskuntaan t\u00e4n\u00e4 aikana. <\/p>\n\n<h2 class=\"wp-block-heading\">Kuka voi pyyt\u00e4\u00e4 ETA-lupaa Saudi-Arabiasta?<\/h2>\n\n<p>ETA on saatavilla vain <strong>Saudi-Arabian kansalaisille<\/strong>, joilla on <strong>biometrinen passi<\/strong>. Saudi-Arabiassa oleskelevien ulkomaalaisten, jotka eiv\u00e4t ole ETA-kelpoisen maan kansalaisia, on <a href=\"https:\/\/uk-gb.net\/fi\/yhdistyneen-kuningaskunnan-viisumihakemusmenettely\/\">haettava Britannian viisumia<\/a> Britannian <a href=\"https:\/\/uk-gb.net\/fi\/englanti-iso-britannian-suurlahetysto-suomessa\/\">konsulaatista<\/a>. <\/p>\n\n<h2 class=\"wp-block-heading\">Tarvitsenko viisumin, jos en t\u00e4yt\u00e4 ETA-ehtoja?<\/h2>\n\n<p>Kyll\u00e4. Jos olet : <\/p>\n\n<ul class=\"wp-block-list\">\n<li>H\u00e4n ei ole <a href=\"https:\/\/uk-gb.net\/fi\/maat-jotka-voivat-hakea-eta-uk-ta\/\">ETA-kelpoisen maan<\/a> kansalainen,<\/li>\n\n\n\n<li>Tai jos haluat oleskella Yhdistyneess\u00e4 kuningaskunnassa <strong>yli 6 kuukautta<\/strong>,<\/li>\n\n\n\n<li>Tai jos olet tulossa <strong>t\u00f6ihin, menossa naimisiin tai opiskelemaan pitk\u00e4ksi aikaa<\/strong>,<\/li>\n<\/ul>\n\n<p>sinun on <strong>haettava tavanomaista Yhdistyneen kuningaskunnan viisumia<\/strong>.<\/p>\n\n<h2 class=\"wp-block-heading\">Mist\u00e4 voin hakea Yhdistyneen kuningaskunnan viisumia Saudi-Arabiasta?<\/h2>\n\n<p>Viisumihakemuksia voi tehd\u00e4 virallisella verkkosivustolla <a class=\"\" href=\"https:\/\/www.gov.uk\">www.gov.uk.<\/a> Kun olet l\u00e4hett\u00e4nyt lomakkeen ja maksanut, sinun on <strong>varattava aika TLScontactin<\/strong> tai <strong>VFS Globalin<\/strong> <strong>keskukseen<\/strong> osoitteessa :<\/p>\n\n<ul class=\"wp-block-list\">\n<li>Riad<\/li>\n\n\n\n<li>Jeddah<\/li>\n\n\n\n<li>tai Al Khobar<\/li>\n<\/ul>\n\n<p>Sinun on ment\u00e4v\u00e4 sinne alkuper\u00e4isten asiakirjojen kanssa ja otettava <strong>biometriset sormenj\u00e4lkesi<\/strong>.<\/p>\n\n<h2 class=\"wp-block-heading\">Mink\u00e4laisia viisumityyppej\u00e4 on saatavilla?<\/h2>\n\n<p>Jos et saa ETA-viisumia, voit hakea jotakin seuraavista viisumeista:<\/p>\n\n<ul class=\"wp-block-list\">\n<li><a href=\"https:\/\/uk-gb.net\/fi\/turistiviisumi-englantiin\/\">Turistiviisumi<\/a><\/li>\n\n\n\n<li><a href=\"https:\/\/uk-gb.net\/fi\/opiskelijaviisumi-englanti-iso-britannia\/\">Opiskelijaviisumi<\/a><\/li>\n\n\n\n<li><a href=\"https:\/\/uk-gb.net\/fi\/liikeviisumi-englantiin-yhdistynyt-kuningaskunta\/\">Liikeviisumi<\/a><\/li>\n\n\n\n<li><strong>Perheviisumi<\/strong><\/li>\n\n\n\n<li><strong>Ty\u00f6viisumi<\/strong><\/li>\n\n\n\n<li><a href=\"https:\/\/uk-gb.net\/fi\/viisumi-kauttakulku-valilasku-englanti-iso-britannia\/\">Transit-viisumi<\/a><\/li>\n<\/ul>\n\n<div style=\"height:10px\" aria-hidden=\"true\" class=\"wp-block-spacer\"><\/div>\n\n<h2 class=\"wp-block-heading\">Voinko matkustaa Yhdistyneeseen kuningaskuntaan Saudi-Arabiasta ilman viisumia?<\/h2>\n\n<p>Ei, Saudi-Arabian kansalaisten on saatava <strong>ETA-lupa<\/strong> jopa pelkk\u00e4\u00e4 <strong>lentokentt\u00e4kuljetusta<\/strong> varten <strong>ilman maastapoistumista<\/strong> ennen kuin he l\u00e4htev\u00e4t m\u00e4\u00e4r\u00e4np\u00e4\u00e4h\u00e4ns\u00e4 Yhdistyneen kuningaskunnan kautta.<\/p>\n\n<p>Saudi-Arabian kansalaiset voivat pys\u00e4hty\u00e4 Yhdistyneess\u00e4 kuningaskunnassa kahdella tavalla:<\/p>\n\n<ul class=\"wp-block-list\">\n<li>Saudimatkustajat voivat hakea <a href=\"https:\/\/uk-gb.net\/fi\/viisumi-kauttakulku-valilasku-englanti-iso-britannia\/\">kauttakulkuviisumia<\/a> pys\u00e4htymist\u00e4 varten;<\/li>\n\n\n\n<li>Saudiarabialaiset matkustajat voivat nyt matkustaa <a href=\"https:\/\/uk-gb.net\/fi\/eta-englanti-iso-britannia\/\">ETA UK:n<\/a> luvalla ja pys\u00e4hty\u00e4 Englannissa ilman viisumia.<\/li>\n<\/ul>\n","protected":false},"excerpt":{"rendered":"<p>Yhdistyneen kuningaskunnan viisumi Saudi-Arabian kansalaisille Oletko Saudi-Arabian kansalainen tai asukas ja haluat matkustaa Yhdistyneeseen kuningaskuntaan? Tutustu vaadittaviin muodollisuuksiin, ETA-j\u00e4rjestelm\u00e4\u00e4n, saatavilla oleviin viisumityyppeihin ja hakemuksen j\u00e4tt\u00e4miseen liittyviin vaiheisiin. Tarvitsenko viisumin matkustaakseni Saudi-Arabiasta Yhdistyneeseen kuningaskuntaan? Helmikuun 22. p\u00e4iv\u00e4st\u00e4 2024 l\u00e4htien Saudi-Arabian kansalaiset eiv\u00e4t en\u00e4\u00e4 tarvitse Yhdistyneen kuningaskunnan turistiviisumia matkustaakseen Yhdistyneeseen kuningaskuntaan. Saudi-Arabian kansalaiset voivat saada s\u00e4hk\u00f6isen matkustusluvan, [&hellip;]<\/p>\n","protected":false},"author":1,"featured_media":0,"parent":0,"menu_order":0,"comment_status":"closed","ping_status":"closed","template":"","meta":{"footnotes":""},"class_list":["post-3407","page","type-page","status-publish","hentry"],"yoast_head":"<!-- This site is optimized with the Yoast SEO plugin v27.4 - https:\/\/yoast.com\/product\/yoast-seo-wordpress\/ -->\n<title>Viisumi Yhdistyneeseen kuningaskuntaan Saudi-Arabiasta - UK GB<\/title>\n<meta name=\"description\" content=\"Mitk\u00e4 ovat hallinnolliset muodollisuudet Saudi-Arabian kansalaiselle, joka haluaa matkustaa Yhdistyneeseen kuningaskuntaan?\" \/>\n<meta name=\"robots\" content=\"index, follow, max-snippet:-1, max-image-preview:large, max-video-preview:-1\" \/>\n<link rel=\"canonical\" href=\"https:\/\/uk-gb.net\/fi\/viisumi-englannista-lahto-saudi-arabiaan\/\" \/>\n<meta property=\"og:locale\" content=\"fi_FI\" \/>\n<meta property=\"og:type\" content=\"article\" \/>\n<meta property=\"og:title\" content=\"Viisumi Yhdistyneeseen kuningaskuntaan Saudi-Arabiasta - UK GB\" \/>\n<meta property=\"og:description\" content=\"Mitk\u00e4 ovat hallinnolliset muodollisuudet Saudi-Arabian kansalaiselle, joka haluaa matkustaa Yhdistyneeseen kuningaskuntaan?\" \/>\n<meta property=\"og:url\" content=\"https:\/\/uk-gb.net\/fi\/viisumi-englannista-lahto-saudi-arabiaan\/\" \/>\n<meta property=\"og:site_name\" content=\"UK GB\" \/>\n<meta property=\"article:modified_time\" content=\"2025-11-17T17:01:17+00:00\" \/>\n<meta name=\"twitter:card\" content=\"summary_large_image\" \/>\n<meta name=\"twitter:label1\" content=\"Arvioitu lukuaika\" \/>\n\t<meta name=\"twitter:data1\" content=\"2 minuuttia\" \/>\n<script type=\"application\/ld+json\" class=\"yoast-schema-graph\">{\"@context\":\"https:\\\/\\\/schema.org\",\"@graph\":[{\"@type\":\"WebPage\",\"@id\":\"https:\\\/\\\/uk-gb.net\\\/fi\\\/viisumi-englannista-lahto-saudi-arabiaan\\\/\",\"url\":\"https:\\\/\\\/uk-gb.net\\\/fi\\\/viisumi-englannista-lahto-saudi-arabiaan\\\/\",\"name\":\"Viisumi Yhdistyneeseen kuningaskuntaan Saudi-Arabiasta - UK GB\",\"isPartOf\":{\"@id\":\"https:\\\/\\\/uk-gb.net\\\/fi\\\/#website\"},\"datePublished\":\"2023-12-19T16:05:55+00:00\",\"dateModified\":\"2025-11-17T17:01:17+00:00\",\"description\":\"Mitk\u00e4 ovat hallinnolliset muodollisuudet Saudi-Arabian kansalaiselle, joka haluaa matkustaa Yhdistyneeseen kuningaskuntaan?\",\"inLanguage\":\"fi\",\"potentialAction\":[{\"@type\":\"ReadAction\",\"target\":[\"https:\\\/\\\/uk-gb.net\\\/fi\\\/viisumi-englannista-lahto-saudi-arabiaan\\\/\"]}]},{\"@type\":\"WebSite\",\"@id\":\"https:\\\/\\\/uk-gb.net\\\/fi\\\/#website\",\"url\":\"https:\\\/\\\/uk-gb.net\\\/fi\\\/\",\"name\":\"UK GB\",\"description\":\"Travel to the UK\",\"potentialAction\":[{\"@type\":\"SearchAction\",\"target\":{\"@type\":\"EntryPoint\",\"urlTemplate\":\"https:\\\/\\\/uk-gb.net\\\/fi\\\/?s={search_term_string}\"},\"query-input\":{\"@type\":\"PropertyValueSpecification\",\"valueRequired\":true,\"valueName\":\"search_term_string\"}}],\"inLanguage\":\"fi\"}]}<\/script>\n<!-- \/ Yoast SEO plugin. -->","yoast_head_json":{"title":"Viisumi Yhdistyneeseen kuningaskuntaan Saudi-Arabiasta - UK GB","description":"Mitk\u00e4 ovat hallinnolliset muodollisuudet Saudi-Arabian kansalaiselle, joka haluaa matkustaa Yhdistyneeseen kuningaskuntaan?","robots":{"index":"index","follow":"follow","max-snippet":"max-snippet:-1","max-image-preview":"max-image-preview:large","max-video-preview":"max-video-preview:-1"},"canonical":"https:\/\/uk-gb.net\/fi\/viisumi-englannista-lahto-saudi-arabiaan\/","og_locale":"fi_FI","og_type":"article","og_title":"Viisumi Yhdistyneeseen kuningaskuntaan Saudi-Arabiasta - UK GB","og_description":"Mitk\u00e4 ovat hallinnolliset muodollisuudet Saudi-Arabian kansalaiselle, joka haluaa matkustaa Yhdistyneeseen kuningaskuntaan?","og_url":"https:\/\/uk-gb.net\/fi\/viisumi-englannista-lahto-saudi-arabiaan\/","og_site_name":"UK GB","article_modified_time":"2025-11-17T17:01:17+00:00","twitter_card":"summary_large_image","twitter_misc":{"Arvioitu lukuaika":"2 minuuttia"},"schema":{"@context":"https:\/\/schema.org","@graph":[{"@type":"WebPage","@id":"https:\/\/uk-gb.net\/fi\/viisumi-englannista-lahto-saudi-arabiaan\/","url":"https:\/\/uk-gb.net\/fi\/viisumi-englannista-lahto-saudi-arabiaan\/","name":"Viisumi Yhdistyneeseen kuningaskuntaan Saudi-Arabiasta - UK GB","isPartOf":{"@id":"https:\/\/uk-gb.net\/fi\/#website"},"datePublished":"2023-12-19T16:05:55+00:00","dateModified":"2025-11-17T17:01:17+00:00","description":"Mitk\u00e4 ovat hallinnolliset muodollisuudet Saudi-Arabian kansalaiselle, joka haluaa matkustaa Yhdistyneeseen kuningaskuntaan?","inLanguage":"fi","potentialAction":[{"@type":"ReadAction","target":["https:\/\/uk-gb.net\/fi\/viisumi-englannista-lahto-saudi-arabiaan\/"]}]},{"@type":"WebSite","@id":"https:\/\/uk-gb.net\/fi\/#website","url":"https:\/\/uk-gb.net\/fi\/","name":"UK GB","description":"Travel to the UK","potentialAction":[{"@type":"SearchAction","target":{"@type":"EntryPoint","urlTemplate":"https:\/\/uk-gb.net\/fi\/?s={search_term_string}"},"query-input":{"@type":"PropertyValueSpecification","valueRequired":true,"valueName":"search_term_string"}}],"inLanguage":"fi"}]}},"_links":{"self":[{"href":"https:\/\/uk-gb.net\/fi\/wp-json\/wp\/v2\/pages\/3407","targetHints":{"allow":["GET"]}}],"collection":[{"href":"https:\/\/uk-gb.net\/fi\/wp-json\/wp\/v2\/pages"}],"about":[{"href":"https:\/\/uk-gb.net\/fi\/wp-json\/wp\/v2\/types\/page"}],"author":[{"embeddable":true,"href":"https:\/\/uk-gb.net\/fi\/wp-json\/wp\/v2\/users\/1"}],"replies":[{"embeddable":true,"href":"https:\/\/uk-gb.net\/fi\/wp-json\/wp\/v2\/comments?post=3407"}],"version-history":[{"count":0,"href":"https:\/\/uk-gb.net\/fi\/wp-json\/wp\/v2\/pages\/3407\/revisions"}],"wp:attachment":[{"href":"https:\/\/uk-gb.net\/fi\/wp-json\/wp\/v2\/media?parent=3407"}],"curies":[{"name":"wp","href":"https:\/\/api.w.org\/{rel}","templated":true}]}}