{"id":3405,"date":"2023-12-07T16:36:32","date_gmt":"2023-12-07T16:36:32","guid":{"rendered":"https:\/\/uk-gb.net\/lapsiviisumi-englanti-iso-britannia\/"},"modified":"2026-01-05T15:03:42","modified_gmt":"2026-01-05T15:03:42","slug":"lapsiviisumi-englanti-iso-britannia","status":"publish","type":"page","link":"https:\/\/uk-gb.net\/fi\/lapsiviisumi-englanti-iso-britannia\/","title":{"rendered":"Lapsen viisumi Englantiin ja Yhdistyneeseen kuningaskuntaan matkustamista varten"},"content":{"rendered":"\n<p>Lapset tarvitsevat aikuisten tavoin viisumin saapuakseen Englantiin, jos he eiv\u00e4t ole viisumivapaan maan kansalaisia. Vaatimukset voivat vaihdella lapsen kansalaisuuden ja suunnitellun oleskelun pituuden mukaan. <\/p>\n\n<p><strong>Lyhytaikaista oleskelua varten Yhdistyneess\u00e4 kuningaskunnassa<\/strong>: sinun ei tarvitse hankkia lapselle viisumia, jos olet sellaisen <a href=\"https:\/\/uk-gb.net\/fi\/maat-jotka-voivat-hakea-eta-uk-ta\/\">maan kansalainen, joka on oikeutettu ETA-viisumiin Yhdistyneess\u00e4 kuningaskunnassa<\/a>. T\u00e4yt\u00e4 vain <a href=\"https:\/\/uk-gb.net\/fi\/online-eta-viisumi-englannista\/\">s\u00e4hk\u00f6inen eTA-lomake<\/a> lapsesi puolesta.<\/p>\n\n<div style=\"height:10px\" aria-hidden=\"true\" class=\"wp-block-spacer\"><\/div>\n\n<h2 class=\"wp-block-heading\">Millaisia Yhdistyneen kuningaskunnan viisumeja on saatavilla lapsille?<\/h2>\n\n<h3 class=\"wp-block-heading\">Turistiviisumi lapsille<\/h3>\n\n<p><a href=\"https:\/\/uk-gb.net\/fi\/turistiviisumi-englantiin\/\">Yhdistyneen kuningaskunnan turistiviisumi<\/a> on yleisin viisumityyppi lapsille, jotka matkustavat Englantiin lomalle tai tapaamaan yst\u00e4vi\u00e4 ja perheenj\u00e4seni\u00e4. T\u00e4m\u00e4 viisumi mahdollistaa kuuden kuukauden oleskelun. <\/p>\n\n<h3 class=\"wp-block-heading\">Opiskelijaviisumi lapselle<\/h3>\n\n<p>Jos lapsesi aikoo opiskella Englannissa, h\u00e4n tarvitsee <a href=\"https:\/\/uk-gb.net\/fi\/opiskelijaviisumi-englanti-iso-britannia\/\">Yhdistyneen kuningaskunnan opiskelijaviisumin<\/a>. Opiskelijaviisumeita on erityyppisi\u00e4 riippuen lapsen i\u00e4st\u00e4 ja opintojen pituudesta. <\/p>\n\n<h3 class=\"wp-block-heading\">Perheviisumi, jonka avulla lapsi voi matkustaa Yhdistyneeseen kuningaskuntaan.<\/h3>\n\n<p>Englannissa asuvien vanhempiensa tai huoltajiensa luokse tulevilta lapsilta saatetaan vaatia <a href=\"https:\/\/uk-gb.net\/fi\/perheviisumi-englanti-iso-britannia\/\">Englannin perheviisumi<\/a>. T\u00e4llaista viisumia k\u00e4ytet\u00e4\u00e4n yleens\u00e4 pitk\u00e4aikaiseen oleskeluun. <\/p>\n\n<h2 class=\"wp-block-heading\">Alaik\u00e4isen lapsen viisumihakemusmenettely<\/h2>\n\n<h3 class=\"wp-block-heading\">Lapsille my\u00f6nnett\u00e4v\u00e4n viisumin hakemiseen tarvittavat asiakirjat<\/h3>\n\n<p>Seuraavassa on luettelo asiakirjoista, joita tarvitaan, kun haet viisumia alaik\u00e4iselle lapselle:<\/p>\n\n<ul class=\"wp-block-list\">\n<li>Lapsen voimassa oleva passi.<\/li>\n\n\n\n<li>Tuore passikuva.<\/li>\n\n\n\n<li>T\u00e4ytetty viisumihakemuslomake.<\/li>\n\n\n\n<li>Todisteet riitt\u00e4vist\u00e4 taloudellisista resursseista.<\/li>\n\n\n\n<li>Kutsukirje (tarvittaessa).<\/li>\n\n\n\n<li>Todistus koulunk\u00e4ynnist\u00e4 (opiskelijaviisumia varten).<\/li>\n<\/ul>\n\n<div style=\"height:10px\" aria-hidden=\"true\" class=\"wp-block-spacer\"><\/div>\n\n<h3 class=\"wp-block-heading\">Lapsen viisumin hakemisen vaiheet<\/h3>\n\n<ul class=\"wp-block-list\">\n<li>T\u00e4yt\u00e4 s\u00e4hk\u00f6inen viisumihakemuslomake Yhdistyneen kuningaskunnan hallituksen verkkosivustolla.<\/li>\n\n\n\n<li>Varaa <a href=\"https:\/\/uk-gb.net\/fi\/viisumiajanvaraus-englannin-suurlahetysto\/\">aika viisumin hakemista varten<\/a> viisumikeskuksesta, jossa toimitat tarvittavat asiakirjat ja annat lapsen biometriset tiedot.<\/li>\n\n\n\n<li>Maksa <a href=\"https:\/\/uk-gb.net\/fi\/kuinka-paljon-englannin-viisumi-maksaa\/\">viisumimaksut<\/a> viisumityypin ja oleskelun keston mukaan.<\/li>\n\n\n\n<li>Odota muutama viikko viisumihakemusten k\u00e4sittely\u00e4 ennen lopullisen p\u00e4\u00e4t\u00f6ksen saamista.<\/li>\n<\/ul>\n\n<div style=\"height:10px\" aria-hidden=\"true\" class=\"wp-block-spacer\"><\/div>\n\n<div style=\"height:10px\" aria-hidden=\"true\" class=\"wp-block-spacer\"><\/div>\n","protected":false},"excerpt":{"rendered":"<p>Lapset tarvitsevat aikuisten tavoin viisumin saapuakseen Englantiin, jos he eiv\u00e4t ole viisumivapaan maan kansalaisia. Vaatimukset voivat vaihdella lapsen kansalaisuuden ja suunnitellun oleskelun pituuden mukaan. Lyhytaikaista oleskelua varten Yhdistyneess\u00e4 kuningaskunnassa: sinun ei tarvitse hankkia lapselle viisumia, jos olet sellaisen maan kansalainen, joka on oikeutettu ETA-viisumiin Yhdistyneess\u00e4 kuningaskunnassa. T\u00e4yt\u00e4 vain s\u00e4hk\u00f6inen eTA-lomake lapsesi puolesta. Millaisia Yhdistyneen kuningaskunnan [&hellip;]<\/p>\n","protected":false},"author":1,"featured_media":0,"parent":0,"menu_order":0,"comment_status":"closed","ping_status":"closed","template":"","meta":{"footnotes":""},"class_list":["post-3405","page","type-page","status-publish","hentry"],"yoast_head":"<!-- This site is optimized with the Yoast SEO plugin v27.3 - https:\/\/yoast.com\/product\/yoast-seo-wordpress\/ -->\n<title>Lapsen viisumi Englantiin ja Yhdistyneeseen kuningaskuntaan matkustamista varten - UK GB<\/title>\n<meta name=\"description\" content=\"Lapsen matkaviisumin hankkiminen Englantiin antaa sinulle mahdollisuuden matkustaa Yhdistyneeseen kuningaskuntaan tietyksi ajaksi.\" \/>\n<meta name=\"robots\" content=\"index, follow, max-snippet:-1, max-image-preview:large, max-video-preview:-1\" \/>\n<link rel=\"canonical\" href=\"https:\/\/uk-gb.net\/fi\/lapsiviisumi-englanti-iso-britannia\/\" \/>\n<meta property=\"og:locale\" content=\"fi_FI\" \/>\n<meta property=\"og:type\" content=\"article\" \/>\n<meta property=\"og:title\" content=\"Lapsen viisumi Englantiin ja Yhdistyneeseen kuningaskuntaan matkustamista varten - UK GB\" \/>\n<meta property=\"og:description\" content=\"Lapsen matkaviisumin hankkiminen Englantiin antaa sinulle mahdollisuuden matkustaa Yhdistyneeseen kuningaskuntaan tietyksi ajaksi.\" \/>\n<meta property=\"og:url\" content=\"https:\/\/uk-gb.net\/fi\/lapsiviisumi-englanti-iso-britannia\/\" \/>\n<meta property=\"og:site_name\" content=\"UK GB\" \/>\n<meta property=\"article:modified_time\" content=\"2026-01-05T15:03:42+00:00\" \/>\n<meta name=\"twitter:card\" content=\"summary_large_image\" \/>\n<meta name=\"twitter:label1\" content=\"Arvioitu lukuaika\" \/>\n\t<meta name=\"twitter:data1\" content=\"1 minuutti\" \/>\n<script type=\"application\/ld+json\" class=\"yoast-schema-graph\">{\"@context\":\"https:\\\/\\\/schema.org\",\"@graph\":[{\"@type\":\"WebPage\",\"@id\":\"https:\\\/\\\/uk-gb.net\\\/fi\\\/lapsiviisumi-englanti-iso-britannia\\\/\",\"url\":\"https:\\\/\\\/uk-gb.net\\\/fi\\\/lapsiviisumi-englanti-iso-britannia\\\/\",\"name\":\"Lapsen viisumi Englantiin ja Yhdistyneeseen kuningaskuntaan matkustamista varten - UK GB\",\"isPartOf\":{\"@id\":\"https:\\\/\\\/uk-gb.net\\\/fi\\\/#website\"},\"datePublished\":\"2023-12-07T16:36:32+00:00\",\"dateModified\":\"2026-01-05T15:03:42+00:00\",\"description\":\"Lapsen matkaviisumin hankkiminen Englantiin antaa sinulle mahdollisuuden matkustaa Yhdistyneeseen kuningaskuntaan tietyksi ajaksi.\",\"inLanguage\":\"fi\",\"potentialAction\":[{\"@type\":\"ReadAction\",\"target\":[\"https:\\\/\\\/uk-gb.net\\\/fi\\\/lapsiviisumi-englanti-iso-britannia\\\/\"]}]},{\"@type\":\"WebSite\",\"@id\":\"https:\\\/\\\/uk-gb.net\\\/fi\\\/#website\",\"url\":\"https:\\\/\\\/uk-gb.net\\\/fi\\\/\",\"name\":\"UK GB\",\"description\":\"Travel to the UK\",\"potentialAction\":[{\"@type\":\"SearchAction\",\"target\":{\"@type\":\"EntryPoint\",\"urlTemplate\":\"https:\\\/\\\/uk-gb.net\\\/fi\\\/?s={search_term_string}\"},\"query-input\":{\"@type\":\"PropertyValueSpecification\",\"valueRequired\":true,\"valueName\":\"search_term_string\"}}],\"inLanguage\":\"fi\"}]}<\/script>\n<!-- \/ Yoast SEO plugin. -->","yoast_head_json":{"title":"Lapsen viisumi Englantiin ja Yhdistyneeseen kuningaskuntaan matkustamista varten - UK GB","description":"Lapsen matkaviisumin hankkiminen Englantiin antaa sinulle mahdollisuuden matkustaa Yhdistyneeseen kuningaskuntaan tietyksi ajaksi.","robots":{"index":"index","follow":"follow","max-snippet":"max-snippet:-1","max-image-preview":"max-image-preview:large","max-video-preview":"max-video-preview:-1"},"canonical":"https:\/\/uk-gb.net\/fi\/lapsiviisumi-englanti-iso-britannia\/","og_locale":"fi_FI","og_type":"article","og_title":"Lapsen viisumi Englantiin ja Yhdistyneeseen kuningaskuntaan matkustamista varten - UK GB","og_description":"Lapsen matkaviisumin hankkiminen Englantiin antaa sinulle mahdollisuuden matkustaa Yhdistyneeseen kuningaskuntaan tietyksi ajaksi.","og_url":"https:\/\/uk-gb.net\/fi\/lapsiviisumi-englanti-iso-britannia\/","og_site_name":"UK GB","article_modified_time":"2026-01-05T15:03:42+00:00","twitter_card":"summary_large_image","twitter_misc":{"Arvioitu lukuaika":"1 minuutti"},"schema":{"@context":"https:\/\/schema.org","@graph":[{"@type":"WebPage","@id":"https:\/\/uk-gb.net\/fi\/lapsiviisumi-englanti-iso-britannia\/","url":"https:\/\/uk-gb.net\/fi\/lapsiviisumi-englanti-iso-britannia\/","name":"Lapsen viisumi Englantiin ja Yhdistyneeseen kuningaskuntaan matkustamista varten - UK GB","isPartOf":{"@id":"https:\/\/uk-gb.net\/fi\/#website"},"datePublished":"2023-12-07T16:36:32+00:00","dateModified":"2026-01-05T15:03:42+00:00","description":"Lapsen matkaviisumin hankkiminen Englantiin antaa sinulle mahdollisuuden matkustaa Yhdistyneeseen kuningaskuntaan tietyksi ajaksi.","inLanguage":"fi","potentialAction":[{"@type":"ReadAction","target":["https:\/\/uk-gb.net\/fi\/lapsiviisumi-englanti-iso-britannia\/"]}]},{"@type":"WebSite","@id":"https:\/\/uk-gb.net\/fi\/#website","url":"https:\/\/uk-gb.net\/fi\/","name":"UK GB","description":"Travel to the UK","potentialAction":[{"@type":"SearchAction","target":{"@type":"EntryPoint","urlTemplate":"https:\/\/uk-gb.net\/fi\/?s={search_term_string}"},"query-input":{"@type":"PropertyValueSpecification","valueRequired":true,"valueName":"search_term_string"}}],"inLanguage":"fi"}]}},"_links":{"self":[{"href":"https:\/\/uk-gb.net\/fi\/wp-json\/wp\/v2\/pages\/3405","targetHints":{"allow":["GET"]}}],"collection":[{"href":"https:\/\/uk-gb.net\/fi\/wp-json\/wp\/v2\/pages"}],"about":[{"href":"https:\/\/uk-gb.net\/fi\/wp-json\/wp\/v2\/types\/page"}],"author":[{"embeddable":true,"href":"https:\/\/uk-gb.net\/fi\/wp-json\/wp\/v2\/users\/1"}],"replies":[{"embeddable":true,"href":"https:\/\/uk-gb.net\/fi\/wp-json\/wp\/v2\/comments?post=3405"}],"version-history":[{"count":0,"href":"https:\/\/uk-gb.net\/fi\/wp-json\/wp\/v2\/pages\/3405\/revisions"}],"wp:attachment":[{"href":"https:\/\/uk-gb.net\/fi\/wp-json\/wp\/v2\/media?parent=3405"}],"curies":[{"name":"wp","href":"https:\/\/api.w.org\/{rel}","templated":true}]}}