{"id":3403,"date":"2023-12-07T15:10:50","date_gmt":"2023-12-07T15:10:50","guid":{"rendered":"https:\/\/uk-gb.net\/perheviisumi-englanti-iso-britannia\/"},"modified":"2026-01-06T14:23:38","modified_gmt":"2026-01-06T14:23:38","slug":"perheviisumi-englanti-iso-britannia","status":"publish","type":"page","link":"https:\/\/uk-gb.net\/fi\/perheviisumi-englanti-iso-britannia\/","title":{"rendered":"Perheviisumi Yhdistyneeseen kuningaskuntaan"},"content":{"rendered":"\n<h1 class=\"wp-block-heading\">Perheviisumit Yhdistyneeseen kuningaskuntaan matkustamista varten<\/h1>\n\n<p>Yhdistyneen kuningaskunnan perheviisumi antaa ulkomaalaiselle mahdollisuuden liitty\u00e4 Yhdistyneess\u00e4 kuningaskunnassa laillisesti asuvan perheenj\u00e4senen luokse. T\u00e4t\u00e4 viisumia sovelletaan puolisoihin, lapsiin, vanhempiin ja muihin l\u00e4heisiin perheenj\u00e4seniin. T\u00e4ss\u00e4 on kattava opas Yhdistyneeseen kuningaskuntaan saapumisen edellytyksist\u00e4, menettelyist\u00e4 ja perheviisumityypeist\u00e4.  <\/p>\n\n<p><strong>Lyhytaikaista oleskelua varten <\/strong>: Viisumia ei tarvitse hankkia; t\u00e4yt\u00e4 vain <a href=\"https:\/\/uk-gb.net\/fi\/online-eta-viisumi-englannista\/\">ETA-lomake verkossa<\/a>.<\/p>\n\n<div style=\"height:10px\" aria-hidden=\"true\" class=\"wp-block-spacer\"><\/div>\n\n<h2 class=\"wp-block-heading\">Kuka voi hakea perheviisumia Yhdistyneeseen kuningaskuntaan?<\/h2>\n\n<p>Perheviisumia sovelletaan useissa tilanteissa. Voit hakea sit\u00e4, jos haluat : <\/p>\n\n<ul class=\"wp-block-list\">\n<li>Liittyminen Yhdistyneess\u00e4 kuningaskunnassa asuvan puolison tai avopuolison luokse ;<\/li>\n\n\n\n<li>Asuu brittil\u00e4isen vanhemman tai lapsen kanssa tai asuu laillisesti Yhdistyneess\u00e4 kuningaskunnassa;<\/li>\n\n\n\n<li>Liity naimattomaan kumppaniin, jos olet ollut vakituisessa parisuhteessa v\u00e4hint\u00e4\u00e4n 2 vuotta;<\/li>\n\n\n\n<li>saattaaksesi perheenj\u00e4senesi, jolla on pakolaisasema tai humanitaarinen suojelu Yhdistyneess\u00e4 kuningaskunnassa.<\/li>\n<\/ul>\n\n<p>Perheenj\u00e4senen, jonka luokse aiot liitty\u00e4, on yleens\u00e4 oltava Ison-Britannian kansalainen, h\u00e4nell\u00e4 on oltava pysyv\u00e4 oleskelulupa (ILR) tai pakolaisasema.<\/p>\n\n<div style=\"height:10px\" aria-hidden=\"true\" class=\"wp-block-spacer\"><\/div>\n\n<p>Vuodesta 2024 l\u00e4htien Yhdistynyt kuningaskunta on ottanut k\u00e4ytt\u00f6\u00f6n <a href=\"https:\/\/uk-gb.net\/fi\/eta-englanti-iso-britannia\/\">UK ETA<\/a>-j\u00e4rjestelm\u00e4n. Tukeen oikeutetut ulkomaalaiset matkustajat voivat nyt matkustaa <a href=\"https:\/\/uk-gb.net\/fi\/erityyppisia-brittilaisia-viisumeja\/\">Yhdistyneeseen kuningaskuntaan ilman viisumia<\/a>.<\/p>\n\n<p><strong>Voit tehd\u00e4 ETA-pyynn\u00f6n verkossa<\/strong> t\u00e4ytt\u00e4m\u00e4ll\u00e4 <a href=\"https:\/\/uk-gb.net\/fi\/online-eta-viisumi-englannista\/\">ETA-lomakkeen<\/a>.<\/p>\n\n<div style=\"height:10px\" aria-hidden=\"true\" class=\"wp-block-spacer\"><\/div>\n\n<h2 class=\"wp-block-heading\">Perheviisumin my\u00f6nt\u00e4misperusteet<\/h2>\n\n<p>Voidaksesi saada <a href=\"https:\/\/www.gov.uk\/uk-family-visa\">Yhdistyneen kuningaskunnan perheviisumin<\/a> sinun on t\u00e4ytett\u00e4v\u00e4 v\u00e4hint\u00e4\u00e4n seuraavat edellytykset:<\/p>\n\n<ul class=\"wp-block-list\">\n<li>Sinulla on oltava aito ja tunnustettu parisuhde Yhdistyneen kuningaskunnan kansalaisen tai pysyv\u00e4sti maassa asuvan henkil\u00f6n kanssa.<\/li>\n\n\n\n<li>Osoita, ett\u00e4 sinulla on riitt\u00e4v\u00e4t taloudelliset resurssit t\u00e4ytt\u00e4\u00e4 tarpeesi ilman julkisia varoja.<\/li>\n\n\n\n<li>Riitt\u00e4v\u00e4 englannin kielen taito.<\/li>\n\n\n\n<li>Esit\u00e4 todiste majoituksesta Englannissa.<\/li>\n<\/ul>\n\n<div style=\"height:10px\" aria-hidden=\"true\" class=\"wp-block-spacer\"><\/div>\n\n<h2 class=\"wp-block-heading\">Perheviisumin hakemisen vaiheet<\/h2>\n\n<ol class=\"wp-block-list\">\n<li>T\u00e4yt\u00e4 <a href=\"https:\/\/uk-gb.net\/fi\/yhdistyneen-kuningaskunnan-viisumihakemusmenettely\/\">s\u00e4hk\u00f6inen viisumihakemuslomake<\/a> Yhdistyneen kuningaskunnan hallituksen verkkosivustolla.<\/li>\n\n\n\n<li>Valmistele kaikki tarvittavat asiakirjat, mukaan lukien todisteet sukulaisuussuhteesta, taloudelliset todisteet ja kielitestitulokset.<\/li>\n\n\n\n<li>L\u00e4het\u00e4 hakemus verkossa ja maksa <a href=\"https:\/\/uk-gb.net\/fi\/kuinka-paljon-englannin-viisumi-maksaa\/\">viisumimaksu<\/a>.<\/li>\n\n\n\n<li>Varaa aika viisuminhakukeskukseen sormenj\u00e4lkien ja valokuvan antamista varten.<\/li>\n<\/ol>\n\n<div style=\"height:10px\" aria-hidden=\"true\" class=\"wp-block-spacer\"><\/div>\n\n<p>Viisumihakemuksen k\u00e4sittely ja p\u00e4\u00e4t\u00f6ksen tekeminen voi kest\u00e4\u00e4 useita viikkoja.<\/p>\n\n<h2 class=\"wp-block-heading\">Viisumia haettaessa toimitettavat asiakirjat<\/h2>\n\n<p>Perheviisumihakemukseen vaadittavat v\u00e4himm\u00e4isasiakirjat ovat :<\/p>\n\n<ul class=\"wp-block-list\">\n<li>Voimassa oleva passi.<\/li>\n\n\n\n<li>Todiste sukulaisuussuhteesta (avioliittotodistus, syntym\u00e4todistus jne.).<\/li>\n\n\n\n<li>Todisteet taloudellisista resursseista (tiliotteet, ty\u00f6nantajan kirje).<\/li>\n\n\n\n<li>Englannin kielen koe (tarvittaessa).<\/li>\n\n\n\n<li>Todiste majoituksesta Englannissa.<\/li>\n<\/ul>\n","protected":false},"excerpt":{"rendered":"<p>Perheviisumit Yhdistyneeseen kuningaskuntaan matkustamista varten Yhdistyneen kuningaskunnan perheviisumi antaa ulkomaalaiselle mahdollisuuden liitty\u00e4 Yhdistyneess\u00e4 kuningaskunnassa laillisesti asuvan perheenj\u00e4senen luokse. T\u00e4t\u00e4 viisumia sovelletaan puolisoihin, lapsiin, vanhempiin ja muihin l\u00e4heisiin perheenj\u00e4seniin. T\u00e4ss\u00e4 on kattava opas Yhdistyneeseen kuningaskuntaan saapumisen edellytyksist\u00e4, menettelyist\u00e4 ja perheviisumityypeist\u00e4. Lyhytaikaista oleskelua varten : Viisumia ei tarvitse hankkia; t\u00e4yt\u00e4 vain ETA-lomake verkossa. Kuka voi hakea perheviisumia [&hellip;]<\/p>\n","protected":false},"author":1,"featured_media":0,"parent":0,"menu_order":0,"comment_status":"closed","ping_status":"closed","template":"","meta":{"footnotes":""},"class_list":["post-3403","page","type-page","status-publish","hentry"],"yoast_head":"<!-- This site is optimized with the Yoast SEO plugin v27.3 - https:\/\/yoast.com\/product\/yoast-seo-wordpress\/ -->\n<title>Perheviisumi Yhdistyneeseen kuningaskuntaan - UK GB<\/title>\n<meta name=\"description\" content=\"Hanki perheviisumi, jonka avulla voit oleskella Englannissa ja Yhdistyneess\u00e4 kuningaskunnassa viisumin voimassaolon ajan.\" \/>\n<meta name=\"robots\" content=\"index, follow, max-snippet:-1, max-image-preview:large, max-video-preview:-1\" \/>\n<link rel=\"canonical\" href=\"https:\/\/uk-gb.net\/fi\/perheviisumi-englanti-iso-britannia\/\" \/>\n<meta property=\"og:locale\" content=\"fi_FI\" \/>\n<meta property=\"og:type\" content=\"article\" \/>\n<meta property=\"og:title\" content=\"Perheviisumi Yhdistyneeseen kuningaskuntaan - UK GB\" \/>\n<meta property=\"og:description\" content=\"Hanki perheviisumi, jonka avulla voit oleskella Englannissa ja Yhdistyneess\u00e4 kuningaskunnassa viisumin voimassaolon ajan.\" \/>\n<meta property=\"og:url\" content=\"https:\/\/uk-gb.net\/fi\/perheviisumi-englanti-iso-britannia\/\" \/>\n<meta property=\"og:site_name\" content=\"UK GB\" \/>\n<meta property=\"article:modified_time\" content=\"2026-01-06T14:23:38+00:00\" \/>\n<meta name=\"twitter:card\" content=\"summary_large_image\" \/>\n<meta name=\"twitter:label1\" content=\"Arvioitu lukuaika\" \/>\n\t<meta name=\"twitter:data1\" content=\"2 minuuttia\" \/>\n<script type=\"application\/ld+json\" class=\"yoast-schema-graph\">{\"@context\":\"https:\\\/\\\/schema.org\",\"@graph\":[{\"@type\":\"WebPage\",\"@id\":\"https:\\\/\\\/uk-gb.net\\\/fi\\\/perheviisumi-englanti-iso-britannia\\\/\",\"url\":\"https:\\\/\\\/uk-gb.net\\\/fi\\\/perheviisumi-englanti-iso-britannia\\\/\",\"name\":\"Perheviisumi Yhdistyneeseen kuningaskuntaan - UK GB\",\"isPartOf\":{\"@id\":\"https:\\\/\\\/uk-gb.net\\\/fi\\\/#website\"},\"datePublished\":\"2023-12-07T15:10:50+00:00\",\"dateModified\":\"2026-01-06T14:23:38+00:00\",\"description\":\"Hanki perheviisumi, jonka avulla voit oleskella Englannissa ja Yhdistyneess\u00e4 kuningaskunnassa viisumin voimassaolon ajan.\",\"inLanguage\":\"fi\",\"potentialAction\":[{\"@type\":\"ReadAction\",\"target\":[\"https:\\\/\\\/uk-gb.net\\\/fi\\\/perheviisumi-englanti-iso-britannia\\\/\"]}]},{\"@type\":\"WebSite\",\"@id\":\"https:\\\/\\\/uk-gb.net\\\/fi\\\/#website\",\"url\":\"https:\\\/\\\/uk-gb.net\\\/fi\\\/\",\"name\":\"UK GB\",\"description\":\"Travel to the UK\",\"potentialAction\":[{\"@type\":\"SearchAction\",\"target\":{\"@type\":\"EntryPoint\",\"urlTemplate\":\"https:\\\/\\\/uk-gb.net\\\/fi\\\/?s={search_term_string}\"},\"query-input\":{\"@type\":\"PropertyValueSpecification\",\"valueRequired\":true,\"valueName\":\"search_term_string\"}}],\"inLanguage\":\"fi\"}]}<\/script>\n<!-- \/ Yoast SEO plugin. -->","yoast_head_json":{"title":"Perheviisumi Yhdistyneeseen kuningaskuntaan - UK GB","description":"Hanki perheviisumi, jonka avulla voit oleskella Englannissa ja Yhdistyneess\u00e4 kuningaskunnassa viisumin voimassaolon ajan.","robots":{"index":"index","follow":"follow","max-snippet":"max-snippet:-1","max-image-preview":"max-image-preview:large","max-video-preview":"max-video-preview:-1"},"canonical":"https:\/\/uk-gb.net\/fi\/perheviisumi-englanti-iso-britannia\/","og_locale":"fi_FI","og_type":"article","og_title":"Perheviisumi Yhdistyneeseen kuningaskuntaan - UK GB","og_description":"Hanki perheviisumi, jonka avulla voit oleskella Englannissa ja Yhdistyneess\u00e4 kuningaskunnassa viisumin voimassaolon ajan.","og_url":"https:\/\/uk-gb.net\/fi\/perheviisumi-englanti-iso-britannia\/","og_site_name":"UK GB","article_modified_time":"2026-01-06T14:23:38+00:00","twitter_card":"summary_large_image","twitter_misc":{"Arvioitu lukuaika":"2 minuuttia"},"schema":{"@context":"https:\/\/schema.org","@graph":[{"@type":"WebPage","@id":"https:\/\/uk-gb.net\/fi\/perheviisumi-englanti-iso-britannia\/","url":"https:\/\/uk-gb.net\/fi\/perheviisumi-englanti-iso-britannia\/","name":"Perheviisumi Yhdistyneeseen kuningaskuntaan - UK GB","isPartOf":{"@id":"https:\/\/uk-gb.net\/fi\/#website"},"datePublished":"2023-12-07T15:10:50+00:00","dateModified":"2026-01-06T14:23:38+00:00","description":"Hanki perheviisumi, jonka avulla voit oleskella Englannissa ja Yhdistyneess\u00e4 kuningaskunnassa viisumin voimassaolon ajan.","inLanguage":"fi","potentialAction":[{"@type":"ReadAction","target":["https:\/\/uk-gb.net\/fi\/perheviisumi-englanti-iso-britannia\/"]}]},{"@type":"WebSite","@id":"https:\/\/uk-gb.net\/fi\/#website","url":"https:\/\/uk-gb.net\/fi\/","name":"UK GB","description":"Travel to the UK","potentialAction":[{"@type":"SearchAction","target":{"@type":"EntryPoint","urlTemplate":"https:\/\/uk-gb.net\/fi\/?s={search_term_string}"},"query-input":{"@type":"PropertyValueSpecification","valueRequired":true,"valueName":"search_term_string"}}],"inLanguage":"fi"}]}},"_links":{"self":[{"href":"https:\/\/uk-gb.net\/fi\/wp-json\/wp\/v2\/pages\/3403","targetHints":{"allow":["GET"]}}],"collection":[{"href":"https:\/\/uk-gb.net\/fi\/wp-json\/wp\/v2\/pages"}],"about":[{"href":"https:\/\/uk-gb.net\/fi\/wp-json\/wp\/v2\/types\/page"}],"author":[{"embeddable":true,"href":"https:\/\/uk-gb.net\/fi\/wp-json\/wp\/v2\/users\/1"}],"replies":[{"embeddable":true,"href":"https:\/\/uk-gb.net\/fi\/wp-json\/wp\/v2\/comments?post=3403"}],"version-history":[{"count":0,"href":"https:\/\/uk-gb.net\/fi\/wp-json\/wp\/v2\/pages\/3403\/revisions"}],"wp:attachment":[{"href":"https:\/\/uk-gb.net\/fi\/wp-json\/wp\/v2\/media?parent=3403"}],"curies":[{"name":"wp","href":"https:\/\/api.w.org\/{rel}","templated":true}]}}