{"id":3401,"date":"2023-12-07T15:07:43","date_gmt":"2023-12-07T15:07:43","guid":{"rendered":"https:\/\/uk-gb.net\/opiskelijaviisumi-englanti-iso-britannia\/"},"modified":"2025-07-17T16:19:14","modified_gmt":"2025-07-17T15:19:14","slug":"opiskelijaviisumi-englanti-iso-britannia","status":"publish","type":"page","link":"https:\/\/uk-gb.net\/fi\/opiskelijaviisumi-englanti-iso-britannia\/","title":{"rendered":"Opiskelijaviisumi Yhdistyneeseen kuningaskuntaan"},"content":{"rendered":"\n<h1 class=\"wp-block-heading\">Viisumi opiskelua varten Yhdistyneess\u00e4 kuningaskunnassa<\/h1>\n\n<p><strong>Yhdistyneen kuningaskunnan opiskelijaviisumi<\/strong>, joka tunnetaan virallisesti nimell\u00e4 <strong>Student visa<\/strong>, on pakollinen kaikille kansainv\u00e4lisille opiskelijoille, jotka haluavat opiskella Yhdistyneess\u00e4 kuningaskunnassa yli 6 kuukautta. Opiskelu Englannissa, Skotlannissa, Walesissa tai Pohjois-Irlannissa antaa sinulle mahdollisuuden opiskella maailmankuuluissa yliopistoissa, kuten Oxfordissa, Cambridgessa, Edinburghissa tai UCL:ss\u00e4. <\/p>\n\n<p><strong>Alle kuuden kuukauden oleskelua varten<\/strong>: Sinun ei tarvitse hankkia brittil\u00e4ist\u00e4 opiskelijaviisumia, vaan sinun on vain haettava matkustuslupaa t\u00e4ytt\u00e4m\u00e4ll\u00e4 <a href=\"https:\/\/uk-gb.net\/fi\/online-eta-viisumi-englannista\/\">ETA-lomake verkossa<\/a>.<\/p>\n\n<div style=\"height:10px\" aria-hidden=\"true\" class=\"wp-block-spacer\"><\/div>\n\n<h2 class=\"wp-block-heading\">Kuka tarvitsee opiskelijaviisumin Yhdistyneeseen kuningaskuntaan?<\/h2>\n\n<p>Sinun on haettava opiskelijaviisumia, jos :<\/p>\n\n<ul class=\"wp-block-list\">\n<li>ovat v\u00e4hint\u00e4\u00e4n 16-vuotiaita<\/li>\n\n\n\n<li>sinut on hyv\u00e4ksytty Yhdistyneess\u00e4 kuningaskunnassa sijaitsevaan akkreditoituun oppilaitokseen.<\/li>\n\n\n\n<li>Haluavat osallistua <strong>yli 6 kuukautta kest\u00e4v\u00e4\u00e4n opinto-ohjelmaan<\/strong>.<\/li>\n\n\n\n<li><strong>eiv\u00e4t ole Britannian tai Irlannin kansalaisia<\/strong><\/li>\n\n\n\n<li>eiv\u00e4t ole oikeutettuja <a href=\"https:\/\/uk-gb.net\/fi\/eta-englanti-iso-britannia\/\">ETA-lupaan Yhdistyneess\u00e4 kuningaskunnassa<\/a><\/li>\n<\/ul>\n\n<blockquote class=\"wp-block-quote is-layout-flow wp-block-quote-is-layout-flow\">\n<p>My\u00f6s EU-kansalaisten on haettava opiskelijaviisumia Yhdistyneen kuningaskunnan EU-eron j\u00e4lkeen.<\/p>\n<\/blockquote>\n\n<h2 class=\"wp-block-heading\">Yhdistyneen kuningaskunnan opiskelijaviisumin saamisen edellytykset<\/h2>\n\n<p>Jotta hakemuksesi voidaan hyv\u00e4ksy\u00e4, sinun on :<\/p>\n\n<p>\u2705 Saat yliopistosi tai oppilaitoksesi my\u00f6nt\u00e4m\u00e4n <strong>opiskeluvahvistuksen (Confirmation of Acceptance for Studies, CAS)<\/strong><br\/>\u2705 Osoitat, ett\u00e4 sinulla on <strong>riitt\u00e4v\u00e4 englannin kielen taito<\/strong> (yleens\u00e4 taso B2 korkea-asteen koulutuksessa)<br\/>\u2705 Osoitat, ett\u00e4 sinulla on riitt\u00e4v\u00e4t <strong>taloudelliset resurssit<\/strong> kattamaan lukukausimaksut, majoituskustannukset ja elinkustannukset m\u00e4\u00e4r\u00e4np\u00e4\u00e4ss\u00e4si<br\/>\u2705 Maksat <strong>maahanmuuttajien terveydenhuoltomaksun (Immigration Health Surcharge<\/strong> ), jotta voit saada NHS:n palveluja opintojesi aikana.<\/p>\n\n<div style=\"height:10px\" aria-hidden=\"true\" class=\"wp-block-spacer\"><\/div>\n\n<h2 class=\"wp-block-heading\">Opiskelijaviisumin voimassaoloaika<\/h2>\n\n<p>Viisumin kesto riippuu kouluohjelman pituudesta:<\/p>\n\n<ul class=\"wp-block-list\">\n<li><strong>6-11 kuukautta kest\u00e4v\u00e4t kurssit<\/strong>: vastaavan pituinen viisumi.<\/li>\n\n\n\n<li><strong>Kandidaatin, maisterin tai tohtorin tutkinto<\/strong>: ohjelman kesto + 1-2 lis\u00e4kuukautta.<\/li>\n\n\n\n<li>Mahdollisuus pident\u00e4\u00e4 tai uusia viisumi jatko-opiskelun tai sijoittautumispaikan vaihdon yhteydess\u00e4.<\/li>\n<\/ul>\n\n<p>T\u00e4m\u00e4n j\u00e4lkeen tutkinnon suorittaneet voivat hakea <strong>Graduate Visa -viisumia<\/strong>, jonka avulla he voivat oleskella maassa enint\u00e4\u00e4n kaksi vuotta opintojensa p\u00e4\u00e4ttymisen j\u00e4lkeen (tohtorintutkinnon suorittaneet kolme vuotta).<\/p>\n\n<h2 class=\"wp-block-heading\">Kuinka paljon opiskelijaviisumi Yhdistyneeseen kuningaskuntaan maksaa?<\/h2>\n\n<figure class=\"wp-block-table\"><table><tbody><tr><td>Opiskelijaviisumi (tavallinen)<\/td><td>490 \u00a3<\/td><\/tr><tr><td>Maahanmuuttajien terveydenhuoltolis\u00e4 (IHS)<\/td><td>776 vuodessa (tai 388 puntaa 6 kuukaudeksi).<\/td><\/tr><\/tbody><\/table><\/figure>\n\n<p><a href=\"https:\/\/uk-gb.net\/fi\/kuinka-paljon-englannin-viisumi-maksaa\/\">Viisumimaksu<\/a> maksetaan verkossa hakemuksen j\u00e4tt\u00e4misen yhteydess\u00e4. Maksua <strong>ei palauteta<\/strong>, ei my\u00f6sk\u00e4\u00e4n siin\u00e4 tapauksessa, ett\u00e4 hakemus hyl\u00e4t\u00e4\u00e4n. <\/p>\n\n<h2 class=\"wp-block-heading\">Opiskelijaviisumin hakeminen<\/h2>\n\n<ol class=\"wp-block-list\">\n<li><strong>Saat CAS:n<\/strong> valitulta laitokselta<\/li>\n\n\n\n<li><strong>Luo tili gov.uk-sivustolla<\/strong> ja t\u00e4yt\u00e4 hakemuslomake.<\/li>\n\n\n\n<li><strong>Maksa viisumimaksut + IHS<\/strong><\/li>\n\n\n\n<li><strong>Varaa aika viisuminhakukeskukseen<\/strong> biometrisi\u00e4 tietoja varten.<\/li>\n\n\n\n<li>Tositteiden <strong>toimittaminen<\/strong> <\/li>\n\n\n\n<li>P\u00e4\u00e4t\u00f6st\u00e4 odotellessa<\/li>\n<\/ol>\n\n<blockquote class=\"wp-block-quote is-layout-flow wp-block-quote-is-layout-flow\">\n<p>Kun viisumisi on hyv\u00e4ksytty, voit <strong>ty\u00f6skennell\u00e4 enint\u00e4\u00e4n 20 tuntia viikossa<\/strong> kurssien aikana ja kokop\u00e4iv\u00e4isesti lomien aikana.<\/p>\n<\/blockquote>\n\n<h2 class=\"wp-block-heading\">Voinko opiskella Yhdistyneess\u00e4 kuningaskunnassa ETA:lla ilman viisumia?<\/h2>\n\n<p>Kyll\u00e4, <strong>joissakin<\/strong> tapauksissa kouluvierailu Yhdistyneeseen kuningaskuntaan muutamaksi kuukaudeksi voidaan toteuttaa <a href=\"https:\/\/uk-gb.net\/fi\/eta-englanti-iso-britannia\/\">ETA-viisumilla<\/a>, mutta t\u00e4m\u00e4 riippuu vierailun tarkasta luonteesta. T\u00e4ss\u00e4 ovat yksityiskohdat: <\/p>\n\n<ul class=\"wp-block-list\">\n<li>oleskelu on <strong>alle 6 kuukautta<\/strong><\/li>\n\n\n\n<li>Kyseess\u00e4 on <strong>kouluvaihto<\/strong> tai <strong>palkaton<\/strong> ohjelma.<\/li>\n\n\n\n<li>Is\u00e4nt\u00e4laitos on <strong>akkreditoitu<\/strong> Yhdistyneess\u00e4 kuningaskunnassa.<\/li>\n\n\n\n<li>Opiskelija on <a href=\"https:\/\/uk-gb.net\/fi\/maat-jotka-voivat-hakea-eta-uk-ta\/\">ETA-kelpoisen maan<\/a> (EU, Kanada, Japani jne.) kansalainen.<\/li>\n\n\n\n<li>Ohjelmaan ei kuulu <strong>ty\u00f6skentely\u00e4, palkattua harjoittelua tai pitk\u00e4kestoista virallista koulutusta.<\/strong><\/li>\n<\/ul>\n\n<blockquote class=\"wp-block-quote is-layout-flow wp-block-quote-is-layout-flow\">\n<p>Esimerkki: eurooppalainen opiskelija menee brittil\u00e4iseen kouluun yhdeksi lukukaudeksi osana vaihto-ohjelmaa \u2192 tarvitaan vain ETA.<\/p>\n<\/blockquote>\n","protected":false},"excerpt":{"rendered":"<p>Viisumi opiskelua varten Yhdistyneess\u00e4 kuningaskunnassa Yhdistyneen kuningaskunnan opiskelijaviisumi, joka tunnetaan virallisesti nimell\u00e4 Student visa, on pakollinen kaikille kansainv\u00e4lisille opiskelijoille, jotka haluavat opiskella Yhdistyneess\u00e4 kuningaskunnassa yli 6 kuukautta. Opiskelu Englannissa, Skotlannissa, Walesissa tai Pohjois-Irlannissa antaa sinulle mahdollisuuden opiskella maailmankuuluissa yliopistoissa, kuten Oxfordissa, Cambridgessa, Edinburghissa tai UCL:ss\u00e4. Alle kuuden kuukauden oleskelua varten: Sinun ei tarvitse hankkia brittil\u00e4ist\u00e4 [&hellip;]<\/p>\n","protected":false},"author":1,"featured_media":0,"parent":0,"menu_order":0,"comment_status":"closed","ping_status":"closed","template":"","meta":{"footnotes":""},"class_list":["post-3401","page","type-page","status-publish","hentry"],"yoast_head":"<!-- This site is optimized with the Yoast SEO plugin v27.4 - https:\/\/yoast.com\/product\/yoast-seo-wordpress\/ -->\n<title>Opiskelijaviisumi Yhdistyneeseen kuningaskuntaan - UK GB<\/title>\n<meta name=\"description\" content=\"Seuraavassa on t\u00e4rkeimm\u00e4t tiedot opiskelijaviisumeista, jotka koskevat opiskelua ja oleskelua Yhdistyneess\u00e4 kuningaskunnassa osana opintojaksoa.\" \/>\n<meta name=\"robots\" content=\"index, follow, max-snippet:-1, max-image-preview:large, max-video-preview:-1\" \/>\n<link rel=\"canonical\" href=\"https:\/\/uk-gb.net\/fi\/opiskelijaviisumi-englanti-iso-britannia\/\" \/>\n<meta property=\"og:locale\" content=\"fi_FI\" \/>\n<meta property=\"og:type\" content=\"article\" \/>\n<meta property=\"og:title\" content=\"Opiskelijaviisumi Yhdistyneeseen kuningaskuntaan - UK GB\" \/>\n<meta property=\"og:description\" content=\"Seuraavassa on t\u00e4rkeimm\u00e4t tiedot opiskelijaviisumeista, jotka koskevat opiskelua ja oleskelua Yhdistyneess\u00e4 kuningaskunnassa osana opintojaksoa.\" \/>\n<meta property=\"og:url\" content=\"https:\/\/uk-gb.net\/fi\/opiskelijaviisumi-englanti-iso-britannia\/\" \/>\n<meta property=\"og:site_name\" content=\"UK GB\" \/>\n<meta property=\"article:modified_time\" content=\"2025-07-17T15:19:14+00:00\" \/>\n<meta name=\"twitter:card\" content=\"summary_large_image\" \/>\n<meta name=\"twitter:label1\" content=\"Arvioitu lukuaika\" \/>\n\t<meta name=\"twitter:data1\" content=\"2 minuuttia\" \/>\n<script type=\"application\/ld+json\" class=\"yoast-schema-graph\">{\"@context\":\"https:\\\/\\\/schema.org\",\"@graph\":[{\"@type\":\"WebPage\",\"@id\":\"https:\\\/\\\/uk-gb.net\\\/fi\\\/opiskelijaviisumi-englanti-iso-britannia\\\/\",\"url\":\"https:\\\/\\\/uk-gb.net\\\/fi\\\/opiskelijaviisumi-englanti-iso-britannia\\\/\",\"name\":\"Opiskelijaviisumi Yhdistyneeseen kuningaskuntaan - UK GB\",\"isPartOf\":{\"@id\":\"https:\\\/\\\/uk-gb.net\\\/fi\\\/#website\"},\"datePublished\":\"2023-12-07T15:07:43+00:00\",\"dateModified\":\"2025-07-17T15:19:14+00:00\",\"description\":\"Seuraavassa on t\u00e4rkeimm\u00e4t tiedot opiskelijaviisumeista, jotka koskevat opiskelua ja oleskelua Yhdistyneess\u00e4 kuningaskunnassa osana opintojaksoa.\",\"inLanguage\":\"fi\",\"potentialAction\":[{\"@type\":\"ReadAction\",\"target\":[\"https:\\\/\\\/uk-gb.net\\\/fi\\\/opiskelijaviisumi-englanti-iso-britannia\\\/\"]}]},{\"@type\":\"WebSite\",\"@id\":\"https:\\\/\\\/uk-gb.net\\\/fi\\\/#website\",\"url\":\"https:\\\/\\\/uk-gb.net\\\/fi\\\/\",\"name\":\"UK GB\",\"description\":\"Travel to the UK\",\"potentialAction\":[{\"@type\":\"SearchAction\",\"target\":{\"@type\":\"EntryPoint\",\"urlTemplate\":\"https:\\\/\\\/uk-gb.net\\\/fi\\\/?s={search_term_string}\"},\"query-input\":{\"@type\":\"PropertyValueSpecification\",\"valueRequired\":true,\"valueName\":\"search_term_string\"}}],\"inLanguage\":\"fi\"}]}<\/script>\n<!-- \/ Yoast SEO plugin. -->","yoast_head_json":{"title":"Opiskelijaviisumi Yhdistyneeseen kuningaskuntaan - UK GB","description":"Seuraavassa on t\u00e4rkeimm\u00e4t tiedot opiskelijaviisumeista, jotka koskevat opiskelua ja oleskelua Yhdistyneess\u00e4 kuningaskunnassa osana opintojaksoa.","robots":{"index":"index","follow":"follow","max-snippet":"max-snippet:-1","max-image-preview":"max-image-preview:large","max-video-preview":"max-video-preview:-1"},"canonical":"https:\/\/uk-gb.net\/fi\/opiskelijaviisumi-englanti-iso-britannia\/","og_locale":"fi_FI","og_type":"article","og_title":"Opiskelijaviisumi Yhdistyneeseen kuningaskuntaan - UK GB","og_description":"Seuraavassa on t\u00e4rkeimm\u00e4t tiedot opiskelijaviisumeista, jotka koskevat opiskelua ja oleskelua Yhdistyneess\u00e4 kuningaskunnassa osana opintojaksoa.","og_url":"https:\/\/uk-gb.net\/fi\/opiskelijaviisumi-englanti-iso-britannia\/","og_site_name":"UK GB","article_modified_time":"2025-07-17T15:19:14+00:00","twitter_card":"summary_large_image","twitter_misc":{"Arvioitu lukuaika":"2 minuuttia"},"schema":{"@context":"https:\/\/schema.org","@graph":[{"@type":"WebPage","@id":"https:\/\/uk-gb.net\/fi\/opiskelijaviisumi-englanti-iso-britannia\/","url":"https:\/\/uk-gb.net\/fi\/opiskelijaviisumi-englanti-iso-britannia\/","name":"Opiskelijaviisumi Yhdistyneeseen kuningaskuntaan - UK GB","isPartOf":{"@id":"https:\/\/uk-gb.net\/fi\/#website"},"datePublished":"2023-12-07T15:07:43+00:00","dateModified":"2025-07-17T15:19:14+00:00","description":"Seuraavassa on t\u00e4rkeimm\u00e4t tiedot opiskelijaviisumeista, jotka koskevat opiskelua ja oleskelua Yhdistyneess\u00e4 kuningaskunnassa osana opintojaksoa.","inLanguage":"fi","potentialAction":[{"@type":"ReadAction","target":["https:\/\/uk-gb.net\/fi\/opiskelijaviisumi-englanti-iso-britannia\/"]}]},{"@type":"WebSite","@id":"https:\/\/uk-gb.net\/fi\/#website","url":"https:\/\/uk-gb.net\/fi\/","name":"UK GB","description":"Travel to the UK","potentialAction":[{"@type":"SearchAction","target":{"@type":"EntryPoint","urlTemplate":"https:\/\/uk-gb.net\/fi\/?s={search_term_string}"},"query-input":{"@type":"PropertyValueSpecification","valueRequired":true,"valueName":"search_term_string"}}],"inLanguage":"fi"}]}},"_links":{"self":[{"href":"https:\/\/uk-gb.net\/fi\/wp-json\/wp\/v2\/pages\/3401","targetHints":{"allow":["GET"]}}],"collection":[{"href":"https:\/\/uk-gb.net\/fi\/wp-json\/wp\/v2\/pages"}],"about":[{"href":"https:\/\/uk-gb.net\/fi\/wp-json\/wp\/v2\/types\/page"}],"author":[{"embeddable":true,"href":"https:\/\/uk-gb.net\/fi\/wp-json\/wp\/v2\/users\/1"}],"replies":[{"embeddable":true,"href":"https:\/\/uk-gb.net\/fi\/wp-json\/wp\/v2\/comments?post=3401"}],"version-history":[{"count":0,"href":"https:\/\/uk-gb.net\/fi\/wp-json\/wp\/v2\/pages\/3401\/revisions"}],"wp:attachment":[{"href":"https:\/\/uk-gb.net\/fi\/wp-json\/wp\/v2\/media?parent=3401"}],"curies":[{"name":"wp","href":"https:\/\/api.w.org\/{rel}","templated":true}]}}