{"id":3399,"date":"2023-12-07T16:39:43","date_gmt":"2023-12-07T16:39:43","guid":{"rendered":"https:\/\/uk-gb.net\/viisumi-kauttakulku-valilasku-englanti-iso-britannia\/"},"modified":"2025-07-17T16:18:35","modified_gmt":"2025-07-17T15:18:35","slug":"viisumi-kauttakulku-valilasku-englanti-iso-britannia","status":"publish","type":"page","link":"https:\/\/uk-gb.net\/fi\/viisumi-kauttakulku-valilasku-englanti-iso-britannia\/","title":{"rendered":"Kauttakulkuviisumi Yhdistyneeseen kuningaskuntaan"},"content":{"rendered":"\n<h1 class=\"wp-block-heading\">Yhdistyneen kuningaskunnan passitusmuodollisuudet<\/h1>\n\n<p>Jos matkustat kolmanteen maahan ja pys\u00e4hdyt Yhdistyneess\u00e4 kuningaskunnassa, saatat tarvita <strong>kauttakulkuviisumin<\/strong>. T\u00e4m\u00e4ntyyppinen viisumi antaa jatkoyhteytt\u00e4 k\u00e4ytt\u00e4ville matkustajille mahdollisuuden kulkea lentoaseman l\u00e4pi tai vaihtaa terminaalia j\u00e4\u00e4m\u00e4tt\u00e4 Yhdistyneeseen kuningaskuntaan. <\/p>\n\n<p><strong>Yksinkertaista Yhdistyneen kuningaskunnan kautta tapahtuvaa kauttakulkua varten<\/strong> ei useimmissa tapauksissa tarvita kauttakulkuviisumia. Voit hakea s\u00e4hk\u00f6ist\u00e4 matkustuslupaa t\u00e4ytt\u00e4m\u00e4ll\u00e4 <a href=\"https:\/\/uk-gb.net\/fi\/online-eta-viisumi-englannista\/\">ETA-lomakkeen verkossa<\/a>. <\/p>\n\n<div style=\"height:10px\" aria-hidden=\"true\" class=\"wp-block-spacer\"><\/div>\n\n<h2 class=\"wp-block-heading\">Mik\u00e4 on kauttakulkuviisumi Yhdistyneess\u00e4 kuningaskunnassa teht\u00e4vi\u00e4 v\u00e4lilaskuja varten?<\/h2>\n\n<p>Yhdistyneen kuningaskunnan kauttakulkuviisumi on virallinen asiakirja, jonka avulla ulkomaan kansalaiset voivat kulkea Yhdistyneen kuningaskunnan l\u00e4pi oleskelematta siell\u00e4 pysyv\u00e4sti. Se on <strong>pakollinen tietyille matkustajille<\/strong> heid\u00e4n kansalaisuudestaan, matkasuunnitelmastaan ja kauttakulkutyypist\u00e4\u00e4n riippuen. <\/p>\n\n<h2 class=\"wp-block-heading\">Kaksi erilaista Yhdistyneen kuningaskunnan kauttakulkuviisumia<\/h2>\n\n<h3 class=\"wp-block-heading\">Suora lentoteitse tapahtuva kauttakulkuviisumi (DATV)<\/h3>\n\n<p>T\u00e4m\u00e4 viisumi tarvitaan, jos :<\/p>\n\n<ul class=\"wp-block-list\">\n<li>Majoittuminen Yhdistyneen kuningaskunnan lentoaseman kansainv\u00e4lisell\u00e4 vy\u00f6hykkeell\u00e4<\/li>\n\n\n\n<li>\u00c4l\u00e4 mene maahantulotarkastuksen l\u00e4pi<\/li>\n\n\n\n<li>Jatkolento 24 tunnin sis\u00e4ll\u00e4<\/li>\n\n\n\n<li>Sinun ei tarvitse noutaa matkatavaroitasi tai vaihtaa lentokentt\u00e4\u00e4.<\/li>\n<\/ul>\n\n<div style=\"height:10px\" aria-hidden=\"true\" class=\"wp-block-spacer\"><\/div>\n\n<h3 class=\"wp-block-heading\">Visitor in Transit -viisumi<\/h3>\n\n<p>T\u00e4m\u00e4 viisumi tarvitaan, jos :<\/p>\n\n<ul class=\"wp-block-list\">\n<li>Tarve poistua kansainv\u00e4liselt\u00e4 vy\u00f6hykkeelt\u00e4 (terminaalin vaihto, lentoaseman vaihto, matkatavaroiden luovutus jne.)<\/li>\n\n\n\n<li>Kauttakulku Yhdistyneen kuningaskunnan kautta alle 48 tuntia.<\/li>\n\n\n\n<li>Haluat tehd\u00e4 lyhyen v\u00e4lilaskun (nopea vierailu kaupungissa kahden lennon v\u00e4lill\u00e4).<\/li>\n<\/ul>\n\n<div style=\"height:10px\" aria-hidden=\"true\" class=\"wp-block-spacer\"><\/div>\n\n<h2 class=\"wp-block-heading\">Kuinka paljon eri kauttakulkuviisumit maksavat?<\/h2>\n\n<p>Yhdistyneen kuningaskunnan kauttakulkuviisumimaksut vaihtelevat useiden tekij\u00f6iden mukaan, kuten asuinpaikkasi ja haettavan viisumin tyypin mukaan. <a href=\"https:\/\/uk-gb.net\/fi\/kuinka-paljon-englannin-viisumi-maksaa\/\">Viisumimaksut<\/a> ja sallitut oleskelun pituudet ovat : <\/p>\n\n<figure class=\"wp-block-table\"><table><tbody><tr><td class=\"has-text-align-center\" data-align=\"center\"><strong>Yhdistyneen kuningaskunnan kauttakulkuviisumin tyyppi<\/strong><\/td><td class=\"has-text-align-center\" data-align=\"center\"><strong>Vuonna 2025 maksettavat maksut<\/strong><\/td><td class=\"has-text-align-center\" data-align=\"center\"><strong>Oleskelun enimm\u00e4ispituus<\/strong><\/td><\/tr><tr><td class=\"has-text-align-center\" data-align=\"center\">Suora lentoteitse tapahtuva kauttakulkuviisumi (DATV)<\/td><td class=\"has-text-align-center\" data-align=\"center\">\u00a3 39<\/td><td class=\"has-text-align-center\" data-align=\"center\">24 tuntia<\/td><\/tr><tr><td class=\"has-text-align-center\" data-align=\"center\">Visitor in Transit -viisumi<\/td><td class=\"has-text-align-center\" data-align=\"center\">\u00a3 64<\/td><td class=\"has-text-align-center\" data-align=\"center\">48 tuntia<\/td><\/tr><\/tbody><\/table><figcaption class=\"wp-element-caption\">Kauttakulkuviisumista peritt\u00e4v\u00e4t maksut<\/figcaption><\/figure>\n\n<h2 class=\"wp-block-heading\">Kuka tarvitsee Yhdistyneen kuningaskunnan kauttakulkuviisumin?<\/h2>\n\n<p>Viisumin tarve riippuu useista kriteereist\u00e4:<\/p>\n\n<p>\u2705 <strong>Et tarvitse kauttakulkuviisumia<\/strong>, jos :<\/p>\n\n<ul class=\"wp-block-list\">\n<li>Olet viisumivapaan maan (esim. EU, Yhdysvallat, Kanada, Australia jne.) kansalainen.<\/li>\n\n\n\n<li>Sinulla on voimassa oleva <a href=\"https:\/\/uk-gb.net\/fi\/erityyppisia-brittilaisia-viisumeja\/\">Yhdistyneen kuningaskunnan viisumi<\/a> tai <strong>oleskelulupa<\/strong> Yhdysvaltoihin, Kanadaan, Uuteen-Seelantiin, Australiaan tai EU\/ETA-maahan, <strong>ja matkustat kyseiseen maahan tai kyseisest\u00e4 maasta<\/strong>.<\/li>\n\n\n\n<li>Sinulla on <a href=\"https:\/\/uk-gb.net\/fi\/eta-englanti-iso-britannia\/\">s\u00e4hk\u00f6inen ETA-matkustuslupa<\/a> tietyiss\u00e4 tapauksissa.<\/li>\n<\/ul>\n\n<p>\u274c <strong>Tarvitset kauttakulkuviisumin<\/strong>, jos :<\/p>\n\n<ul class=\"wp-block-list\">\n<li>Olet sellaisen maan kansalainen, joka vaatii viisumin (esim. Intia, Pakistan, Nigeria, Ghana, Egypti jne.).<\/li>\n\n\n\n<li>Et t\u00e4yt\u00e4 edell\u00e4 mainittuja vapautusehtoja<\/li>\n\n\n\n<li>Kauttakulku edellytt\u00e4\u00e4 lentokent\u00e4n vaihtamista tai kansainv\u00e4liselt\u00e4 vy\u00f6hykkeelt\u00e4 poistumista.<\/li>\n<\/ul>\n\n<div style=\"height:10px\" aria-hidden=\"true\" class=\"wp-block-spacer\"><\/div>\n\n<p>Tarkista tilanteesi viralliselta <a>gov.uk\/check-uk-visa-sivustolta<\/a>.<\/p>\n\n<h2 class=\"wp-block-heading\">Kuinka kauan kest\u00e4\u00e4 saada kauttakulkuviisumi Yhdistyneeseen kuningaskuntaan?<\/h2>\n\n<p>Kauttakulkuviisumihakemuksen k\u00e4sittely kest\u00e4\u00e4 yleens\u00e4 <strong>noin 3<\/strong> viikkoa biometrisen tapaamisen j\u00e4lkeen. Viisumia on suositeltavaa<strong>hakea v\u00e4hint\u00e4\u00e4n kuukautta ennen matkaa<\/strong>.   <\/p>\n","protected":false},"excerpt":{"rendered":"<p>Yhdistyneen kuningaskunnan passitusmuodollisuudet Jos matkustat kolmanteen maahan ja pys\u00e4hdyt Yhdistyneess\u00e4 kuningaskunnassa, saatat tarvita kauttakulkuviisumin. T\u00e4m\u00e4ntyyppinen viisumi antaa jatkoyhteytt\u00e4 k\u00e4ytt\u00e4ville matkustajille mahdollisuuden kulkea lentoaseman l\u00e4pi tai vaihtaa terminaalia j\u00e4\u00e4m\u00e4tt\u00e4 Yhdistyneeseen kuningaskuntaan. Yksinkertaista Yhdistyneen kuningaskunnan kautta tapahtuvaa kauttakulkua varten ei useimmissa tapauksissa tarvita kauttakulkuviisumia. Voit hakea s\u00e4hk\u00f6ist\u00e4 matkustuslupaa t\u00e4ytt\u00e4m\u00e4ll\u00e4 ETA-lomakkeen verkossa. Mik\u00e4 on kauttakulkuviisumi Yhdistyneess\u00e4 kuningaskunnassa teht\u00e4vi\u00e4 [&hellip;]<\/p>\n","protected":false},"author":1,"featured_media":0,"parent":0,"menu_order":0,"comment_status":"closed","ping_status":"closed","template":"","meta":{"footnotes":""},"class_list":["post-3399","page","type-page","status-publish","hentry"],"yoast_head":"<!-- This site is optimized with the Yoast SEO plugin v27.4 - https:\/\/yoast.com\/product\/yoast-seo-wordpress\/ -->\n<title>Kauttakulkuviisumi Yhdistyneeseen kuningaskuntaan - UK GB<\/title>\n<meta name=\"description\" content=\"Kuvaamme voimassa olevat s\u00e4\u00e4nn\u00f6t, jotka koskevat kauttakulkuviisumin tarvetta Yhdistyneess\u00e4 kuningaskunnassa.\" \/>\n<meta name=\"robots\" content=\"index, follow, max-snippet:-1, max-image-preview:large, max-video-preview:-1\" \/>\n<link rel=\"canonical\" href=\"https:\/\/uk-gb.net\/fi\/viisumi-kauttakulku-valilasku-englanti-iso-britannia\/\" \/>\n<meta property=\"og:locale\" content=\"fi_FI\" \/>\n<meta property=\"og:type\" content=\"article\" \/>\n<meta property=\"og:title\" content=\"Kauttakulkuviisumi Yhdistyneeseen kuningaskuntaan - UK GB\" \/>\n<meta property=\"og:description\" content=\"Kuvaamme voimassa olevat s\u00e4\u00e4nn\u00f6t, jotka koskevat kauttakulkuviisumin tarvetta Yhdistyneess\u00e4 kuningaskunnassa.\" \/>\n<meta property=\"og:url\" content=\"https:\/\/uk-gb.net\/fi\/viisumi-kauttakulku-valilasku-englanti-iso-britannia\/\" \/>\n<meta property=\"og:site_name\" content=\"UK GB\" \/>\n<meta property=\"article:modified_time\" content=\"2025-07-17T15:18:35+00:00\" \/>\n<meta name=\"twitter:card\" content=\"summary_large_image\" \/>\n<meta name=\"twitter:label1\" content=\"Arvioitu lukuaika\" \/>\n\t<meta name=\"twitter:data1\" content=\"2 minuuttia\" \/>\n<script type=\"application\/ld+json\" class=\"yoast-schema-graph\">{\"@context\":\"https:\\\/\\\/schema.org\",\"@graph\":[{\"@type\":\"WebPage\",\"@id\":\"https:\\\/\\\/uk-gb.net\\\/fi\\\/viisumi-kauttakulku-valilasku-englanti-iso-britannia\\\/\",\"url\":\"https:\\\/\\\/uk-gb.net\\\/fi\\\/viisumi-kauttakulku-valilasku-englanti-iso-britannia\\\/\",\"name\":\"Kauttakulkuviisumi Yhdistyneeseen kuningaskuntaan - UK GB\",\"isPartOf\":{\"@id\":\"https:\\\/\\\/uk-gb.net\\\/fi\\\/#website\"},\"datePublished\":\"2023-12-07T16:39:43+00:00\",\"dateModified\":\"2025-07-17T15:18:35+00:00\",\"description\":\"Kuvaamme voimassa olevat s\u00e4\u00e4nn\u00f6t, jotka koskevat kauttakulkuviisumin tarvetta Yhdistyneess\u00e4 kuningaskunnassa.\",\"inLanguage\":\"fi\",\"potentialAction\":[{\"@type\":\"ReadAction\",\"target\":[\"https:\\\/\\\/uk-gb.net\\\/fi\\\/viisumi-kauttakulku-valilasku-englanti-iso-britannia\\\/\"]}]},{\"@type\":\"WebSite\",\"@id\":\"https:\\\/\\\/uk-gb.net\\\/fi\\\/#website\",\"url\":\"https:\\\/\\\/uk-gb.net\\\/fi\\\/\",\"name\":\"UK GB\",\"description\":\"Travel to the UK\",\"potentialAction\":[{\"@type\":\"SearchAction\",\"target\":{\"@type\":\"EntryPoint\",\"urlTemplate\":\"https:\\\/\\\/uk-gb.net\\\/fi\\\/?s={search_term_string}\"},\"query-input\":{\"@type\":\"PropertyValueSpecification\",\"valueRequired\":true,\"valueName\":\"search_term_string\"}}],\"inLanguage\":\"fi\"}]}<\/script>\n<!-- \/ Yoast SEO plugin. -->","yoast_head_json":{"title":"Kauttakulkuviisumi Yhdistyneeseen kuningaskuntaan - UK GB","description":"Kuvaamme voimassa olevat s\u00e4\u00e4nn\u00f6t, jotka koskevat kauttakulkuviisumin tarvetta Yhdistyneess\u00e4 kuningaskunnassa.","robots":{"index":"index","follow":"follow","max-snippet":"max-snippet:-1","max-image-preview":"max-image-preview:large","max-video-preview":"max-video-preview:-1"},"canonical":"https:\/\/uk-gb.net\/fi\/viisumi-kauttakulku-valilasku-englanti-iso-britannia\/","og_locale":"fi_FI","og_type":"article","og_title":"Kauttakulkuviisumi Yhdistyneeseen kuningaskuntaan - UK GB","og_description":"Kuvaamme voimassa olevat s\u00e4\u00e4nn\u00f6t, jotka koskevat kauttakulkuviisumin tarvetta Yhdistyneess\u00e4 kuningaskunnassa.","og_url":"https:\/\/uk-gb.net\/fi\/viisumi-kauttakulku-valilasku-englanti-iso-britannia\/","og_site_name":"UK GB","article_modified_time":"2025-07-17T15:18:35+00:00","twitter_card":"summary_large_image","twitter_misc":{"Arvioitu lukuaika":"2 minuuttia"},"schema":{"@context":"https:\/\/schema.org","@graph":[{"@type":"WebPage","@id":"https:\/\/uk-gb.net\/fi\/viisumi-kauttakulku-valilasku-englanti-iso-britannia\/","url":"https:\/\/uk-gb.net\/fi\/viisumi-kauttakulku-valilasku-englanti-iso-britannia\/","name":"Kauttakulkuviisumi Yhdistyneeseen kuningaskuntaan - UK GB","isPartOf":{"@id":"https:\/\/uk-gb.net\/fi\/#website"},"datePublished":"2023-12-07T16:39:43+00:00","dateModified":"2025-07-17T15:18:35+00:00","description":"Kuvaamme voimassa olevat s\u00e4\u00e4nn\u00f6t, jotka koskevat kauttakulkuviisumin tarvetta Yhdistyneess\u00e4 kuningaskunnassa.","inLanguage":"fi","potentialAction":[{"@type":"ReadAction","target":["https:\/\/uk-gb.net\/fi\/viisumi-kauttakulku-valilasku-englanti-iso-britannia\/"]}]},{"@type":"WebSite","@id":"https:\/\/uk-gb.net\/fi\/#website","url":"https:\/\/uk-gb.net\/fi\/","name":"UK GB","description":"Travel to the UK","potentialAction":[{"@type":"SearchAction","target":{"@type":"EntryPoint","urlTemplate":"https:\/\/uk-gb.net\/fi\/?s={search_term_string}"},"query-input":{"@type":"PropertyValueSpecification","valueRequired":true,"valueName":"search_term_string"}}],"inLanguage":"fi"}]}},"_links":{"self":[{"href":"https:\/\/uk-gb.net\/fi\/wp-json\/wp\/v2\/pages\/3399","targetHints":{"allow":["GET"]}}],"collection":[{"href":"https:\/\/uk-gb.net\/fi\/wp-json\/wp\/v2\/pages"}],"about":[{"href":"https:\/\/uk-gb.net\/fi\/wp-json\/wp\/v2\/types\/page"}],"author":[{"embeddable":true,"href":"https:\/\/uk-gb.net\/fi\/wp-json\/wp\/v2\/users\/1"}],"replies":[{"embeddable":true,"href":"https:\/\/uk-gb.net\/fi\/wp-json\/wp\/v2\/comments?post=3399"}],"version-history":[{"count":0,"href":"https:\/\/uk-gb.net\/fi\/wp-json\/wp\/v2\/pages\/3399\/revisions"}],"wp:attachment":[{"href":"https:\/\/uk-gb.net\/fi\/wp-json\/wp\/v2\/media?parent=3399"}],"curies":[{"name":"wp","href":"https:\/\/api.w.org\/{rel}","templated":true}]}}